{"id":252,"date":"2020-11-24T12:30:31","date_gmt":"2020-11-24T11:30:31","guid":{"rendered":"http:\/\/nowastrona.up.lublin.pl\/ogrodnictwo\/?page_id=252"},"modified":"2022-04-25T16:33:05","modified_gmt":"2022-04-25T14:33:05","slug":"strategia-rozwoju","status":"publish","type":"page","link":"https:\/\/up.lublin.pl\/ogrodnictwo\/wydzial\/strategia-rozwoju\/","title":{"rendered":"Strategia rozwoju"},"content":{"rendered":"\t\t<div data-elementor-type=\"wp-page\" data-elementor-id=\"252\" class=\"elementor elementor-252\" data-elementor-settings=\"[]\">\n\t\t\t\t\t\t<div class=\"elementor-inner\">\n\t\t\t\t\t\t\t<div class=\"elementor-section-wrap\">\n\t\t\t\t\t\t\t<section class=\"elementor-section elementor-top-section elementor-element elementor-element-397103d elementor-section-boxed elementor-section-height-default elementor-section-height-default\" data-id=\"397103d\" data-element_type=\"section\">\n\t\t\t\t\t\t<div class=\"elementor-container elementor-column-gap-default\">\n\t\t\t\t\t\t\t<div class=\"elementor-row\">\n\t\t\t\t\t<div class=\"elementor-column elementor-col-100 elementor-top-column elementor-element elementor-element-66ddc26\" data-id=\"66ddc26\" data-element_type=\"column\">\n\t\t\t<div class=\"elementor-column-wrap elementor-element-populated\">\n\t\t\t\t\t\t\t<div class=\"elementor-widget-wrap\">\n\t\t\t\t\t\t<div class=\"elementor-element elementor-element-40dd5dd elementor-widget elementor-widget-m2e\" data-id=\"40dd5dd\" data-element_type=\"widget\" data-widget_type=\"m2e.default\">\n\t\t\t\t<div class=\"elementor-widget-container\">\n\t\t\t<section class=\"mn-m2-e mn-bg-green\">\n\t<div class=\"mn-grid\">\n\t\t<div class=\"mn-grid-3 mn-introtext\">\n\t\t\t\t\t\t\t<p class=\"mn-header\">Wydzia\u0142 Ogrodnictwa i&nbsp;Architektury Krajobrazu<\/p>\n\t\t\t\t\t\t\t\t\t\t\t<h3>\n\t\t\t\t\tStrategia rozwoju\t\t\t\t<\/h3>\n\t\t\t\t\t\t\t\t\t\t\t\t<\/div>\n\t\t<div class=\"mn-grid-9 mn-image-container\">\n\t\t\t\t\t<\/div>\n\t<\/div>\n\t<\/section>\n\t\t<\/div>\n\t\t\t\t<\/div>\n\t\t\t\t\t\t<\/div>\n\t\t\t\t\t<\/div>\n\t\t<\/div>\n\t\t\t\t\t\t\t\t<\/div>\n\t\t\t\t\t<\/div>\n\t\t<\/section>\n\t\t\t\t<section class=\"elementor-section elementor-top-section elementor-element elementor-element-fb66b9e elementor-section-boxed elementor-section-height-default elementor-section-height-default\" data-id=\"fb66b9e\" data-element_type=\"section\">\n\t\t\t\t\t\t<div class=\"elementor-container elementor-column-gap-default\">\n\t\t\t\t\t\t\t<div class=\"elementor-row\">\n\t\t\t\t\t<div class=\"elementor-column elementor-col-100 elementor-top-column elementor-element elementor-element-e7c7182\" data-id=\"e7c7182\" data-element_type=\"column\">\n\t\t\t<div class=\"elementor-column-wrap elementor-element-populated\">\n\t\t\t\t\t\t\t<div class=\"elementor-widget-wrap\">\n\t\t\t\t\t\t<div class=\"elementor-element elementor-element-070eea6 elementor-widget elementor-widget-m5c\" data-id=\"070eea6\" data-element_type=\"widget\" data-widget_type=\"m5c.default\">\n\t\t\t\t<div class=\"elementor-widget-container\">\n\t\t\t<section class=\"mn-m5-c mn-m5-d2 mn-bg-white\">\n\t<div class=\"mn-grid\">\n\t\t\t\t<div class=\"mn-content mn-grid-9\">\n\t\t\t                <div class=\"mn-content-block active\">\n\t                                                        <div class=\"block-text\">\n\t                                        <p><img loading=\"lazy\" class=\"aligncenter size-full wp-image-272\" src=\"http:\/\/nowastrona.up.lublin.pl\/ogrodnictwo\/wp-content\/uploads\/sites\/6\/2020\/11\/ogrod-podst-pl-smal.jpg\" alt=\"\" width=\"300\" height=\"50\" \/><\/p>\n                                        <\/div>\n\t\t\t\t\t\t                                                        <div class=\"mn-cards-list\">\n                                            <div class=\"mn-card-container\">\n                                                <div>\n                                                    <img src=\"https:\/\/up.lublin.pl\/ogrodnictwo\/wp-content\/themes\/up-lublin\/assets\/images\/doc-ico.svg\" alt=\"\" \/>\n                                                    <h5>STRATEGIA ROZWOJU WYDZIA\u0141U OGRODNICTWA I&nbsp;ARCHITEKTURY KRAJOBRAZU<\/h5>\n                                                <\/div>\n                                                <a href=\"https:\/\/up.lublin.pl\/ogrodnictwo\/wp-content\/uploads\/sites\/6\/2022\/04\/strategia.pdf\" class=\"mn-more\" target=\"_blank\">Zobacz<\/a>\n                                            <\/div>\n                                        <\/div>\n\t\t\t\t\t\t                                                        <div class=\"block-text\">\n\t                                        <p><strong>Misja i&nbsp;cele strategiczne Wydzia\u0142u Ogrodnictwa i&nbsp;Architektury Krajobrazu wynikaj\u0105 z&nbsp;za\u0142o\u017ce\u0144 sformu\u0142owanych w&nbsp;Strategii Rozwoju Uniwersytetu Przyrodniczego w&nbsp;Lublinie na lata 2019-2030.<\/strong><\/p>\n<p>W swojej dzia\u0142alno\u015bci w\u0142adze i&nbsp;spo\u0142eczno\u015b\u0107 Uniwersytetu d\u0105\u017c\u0105 do wzmocnienia pozycji naukowej i&nbsp;badawczej Uczelni, zapewnienia najwy\u017cszej jako\u015bci kszta\u0142cenia, rozwijania wsp\u00f3\u0142pracy ze \u015brodowiskiem naukowym i&nbsp;otoczeniem spo\u0142eczno-gospodarczym oraz do efektywnego zarz\u0105dzania Uniwersytetem. St\u0105d te\u017c najwa\u017cniejszym celem Wydzia\u0142u Ogrodnictwa i&nbsp;Architektury Krajobrazu jest dynamiczny rozw\u00f3j pozwalaj\u0105cy na wzrost znaczenia jednostki i&nbsp;mo\u017cliwo\u015b\u0107 wykorzystania jej potencja\u0142u w&nbsp;przestrzeni naukowej, dydaktycznej i&nbsp;gospodarczej regionu i&nbsp;kraju. Dba\u0142o\u015b\u0107 o&nbsp;jak najwy\u017csz\u0105 jako\u015b\u0107 dzia\u0142alno\u015bci dydaktycznej i&nbsp;powi\u0105zanej z&nbsp;ni\u0105 dzia\u0142alno\u015bci badawczej jest priorytetem ca\u0142ej spo\u0142eczno\u015bci Wydzia\u0142u.<\/p>\n<p>G\u0142\u00f3wne cele strategiczne Wydzia\u0142u Ogrodnictwa i&nbsp;Architektury Krajobrazu obejmuj\u0105:<\/p>\n<ul>\n<li>prowadzenie wieloaspektowych bada\u0144 naukowych i&nbsp;rozwijanie wsp\u00f3\u0142pracy z&nbsp;jednostkami naukowymi w&nbsp;kraju i&nbsp;za granic\u0105 w&nbsp;obszarze prowadzonych bada\u0144 oraz z&nbsp;podmiotami gospodarczymi w&nbsp;zakresie wdra\u017cania efekt\u00f3w prac badawczych;<\/li>\n<li>sta\u0142e doskonalenie jako\u015bci kszta\u0142cenia oraz wzbogacanie oferty dydaktycznej w&nbsp;celu kszta\u0142cenia wysoko kwalifikowanej kadry dla otoczenia spo\u0142eczno-gospodarczego i&nbsp;wzmocnienia konkurencyjno\u015bci absolwent\u00f3w na rynku pracy;<\/li>\n<li>sta\u0142y ukierunkowany rozw\u00f3j pracownik\u00f3w naukowo-dydaktycznych i&nbsp;dydaktycznych, zwi\u0119kszenie mobilno\u015bci pracownik\u00f3w i&nbsp;student\u00f3w Wydzia\u0142u oraz wspieranie wszechstronnego rozwoju student\u00f3w;<\/li>\n<li>wzmacnianie potencja\u0142u naukowego i&nbsp;podniesienie jako\u015bci bada\u0144 naukowych poprzez unowocze\u015bnianie infrastruktury badawczej zapewniaj\u0105cej sprawn\u0105 realizacj\u0119 procesu dydaktycznego i&nbsp;prac naukowo-badawczych.<\/li>\n<\/ul>\n<p>Cele strategiczne Wydzia\u0142u b\u0119d\u0105 realizowane poprzez wdra\u017canie szczeg\u00f3\u0142owych za\u0142o\u017ce\u0144 operacyjnych, kt\u00f3re zawarte s\u0105 w&nbsp;Strategii rozwoju Wydzia\u0142u Ogrodnictwa i&nbsp;Architektury Krajobrazu.<\/p>\n                                        <\/div>\n\t\t\t\t\t\t                                <\/div>\n\t\t\t\t                <div class=\"mn-content-block\">\n\t                                <\/div>\n\t\t\t\t                <div class=\"mn-content-block\">\n\t                                <\/div>\n\t\t\t\t                <div class=\"mn-content-block\">\n\t                                <\/div>\n\t\t\t\t                <div class=\"mn-content-block\">\n\t                                <\/div>\n\t\t\t\t                <div class=\"mn-content-block\">\n\t                                <\/div>\n\t\t\t\t                <div class=\"mn-content-block\">\n\t                                <\/div>\n\t\t\t\t                <div class=\"mn-content-block\">\n\t                                <\/div>\n\t\t\t\t                <div class=\"mn-content-block\">\n\t                                <\/div>\n\t\t\t\t                <div class=\"mn-content-block\">\n\t                                <\/div>\n\t\t\t\t                <div class=\"mn-content-block\">\n\t                                <\/div>\n\t\t\t\t                <div class=\"mn-content-block\">\n\t                                <\/div>\n\t\t\t\t                <div class=\"mn-content-block\">\n\t                                <\/div>\n\t\t\t\t                <div class=\"mn-content-block\">\n\t                                <\/div>\n\t\t\t\t                <div class=\"mn-content-block\">\n\t                                <\/div>\n\t\t\t\t                <div class=\"mn-content-block\">\n\t                                <\/div>\n\t\t\t\t                <div class=\"mn-content-block\">\n\t                                <\/div>\n\t\t\t\t                <div class=\"mn-content-block\">\n\t                                <\/div>\n\t\t\t\t                <div class=\"mn-content-block\">\n\t                                <\/div>\n\t\t\t\t                <div class=\"mn-content-block\">\n\t                                <\/div>\n\t\t\t\t\t\t<\/div>\n\t<\/div>\n<\/section>\n\t\t<\/div>\n\t\t\t\t<\/div>\n\t\t\t\t\t\t<\/div>\n\t\t\t\t\t<\/div>\n\t\t<\/div>\n\t\t\t\t\t\t\t\t<\/div>\n\t\t\t\t\t<\/div>\n\t\t<\/section>\n\t\t\t\t\t\t<\/div>\n\t\t\t\t\t\t<\/div>\n\t\t\t\t\t<\/div>\n\t\t","protected":false},"excerpt":{"rendered":"<p>Wydzia\u0142 Ogrodnictwa i&nbsp;Architektury Krajobrazu Strategia rozwoju UP Wydzia\u0142 Ogrodnictwa i&nbsp;Architektury Krajobrazu STRATEGIA ROZWOJU WYDZIA\u0141U OGRODNICTWA I&nbsp;ARCHITEKTURY KRAJOBRAZU Zobacz Misja i&nbsp;cele strategiczne Wydzia\u0142u Ogrodnictwa i&nbsp;Architektury Krajobrazu wynikaj\u0105 z&nbsp;za\u0142o\u017ce\u0144 sformu\u0142owanych w&nbsp;Strategii Rozwoju Uniwersytetu Przyrodniczego w&nbsp;Lublinie na lata 2019-2030. W swojej dzia\u0142alno\u015bci w\u0142adze i&nbsp;spo\u0142eczno\u015b\u0107 Uniwersytetu d\u0105\u017c\u0105 do wzmocnienia pozycji naukowej i&nbsp;badawczej Uczelni, zapewnienia najwy\u017cszej jako\u015bci kszta\u0142cenia, rozwijania wsp\u00f3\u0142pracy [&hellip;]<\/p>\n","protected":false},"author":2,"featured_media":0,"parent":221,"menu_order":0,"comment_status":"closed","ping_status":"closed","template":"elementor_header_footer","meta":{"_monsterinsights_skip_tracking":false,"_monsterinsights_sitenote_active":false,"_monsterinsights_sitenote_note":"","_monsterinsights_sitenote_category":0},"_links":{"self":[{"href":"https:\/\/up.lublin.pl\/ogrodnictwo\/wp-json\/wp\/v2\/pages\/252"}],"collection":[{"href":"https:\/\/up.lublin.pl\/ogrodnictwo\/wp-json\/wp\/v2\/pages"}],"about":[{"href":"https:\/\/up.lublin.pl\/ogrodnictwo\/wp-json\/wp\/v2\/types\/page"}],"author":[{"embeddable":true,"href":"https:\/\/up.lublin.pl\/ogrodnictwo\/wp-json\/wp\/v2\/users\/2"}],"replies":[{"embeddable":true,"href":"https:\/\/up.lublin.pl\/ogrodnictwo\/wp-json\/wp\/v2\/comments?post=252"}],"version-history":[{"count":46,"href":"https:\/\/up.lublin.pl\/ogrodnictwo\/wp-json\/wp\/v2\/pages\/252\/revisions"}],"predecessor-version":[{"id":144932,"href":"https:\/\/up.lublin.pl\/ogrodnictwo\/wp-json\/wp\/v2\/pages\/252\/revisions\/144932"}],"up":[{"embeddable":true,"href":"https:\/\/up.lublin.pl\/ogrodnictwo\/wp-json\/wp\/v2\/pages\/221"}],"wp:attachment":[{"href":"https:\/\/up.lublin.pl\/ogrodnictwo\/wp-json\/wp\/v2\/media?parent=252"}],"curies":[{"name":"wp","href":"https:\/\/api.w.org\/{rel}","templated":true}]}}