{"id":250,"date":"2020-11-24T12:30:07","date_gmt":"2020-11-24T11:30:07","guid":{"rendered":"http:\/\/nowastrona.up.lublin.pl\/ogrodnictwo\/?page_id=250"},"modified":"2025-11-14T13:36:18","modified_gmt":"2025-11-14T12:36:18","slug":"komisje-wydzialowe","status":"publish","type":"page","link":"https:\/\/up.lublin.pl\/ogrodnictwo\/wydzial\/komisje-wydzialowe\/","title":{"rendered":"Komisje wydzia\u0142owe"},"content":{"rendered":"\t\t<div data-elementor-type=\"wp-page\" data-elementor-id=\"250\" class=\"elementor elementor-250\" data-elementor-settings=\"[]\">\n\t\t\t\t\t\t<div class=\"elementor-inner\">\n\t\t\t\t\t\t\t<div class=\"elementor-section-wrap\">\n\t\t\t\t\t\t\t<section class=\"elementor-section elementor-top-section elementor-element elementor-element-630d2dc elementor-section-boxed elementor-section-height-default elementor-section-height-default\" data-id=\"630d2dc\" data-element_type=\"section\">\n\t\t\t\t\t\t<div class=\"elementor-container elementor-column-gap-default\">\n\t\t\t\t\t\t\t<div class=\"elementor-row\">\n\t\t\t\t\t<div class=\"elementor-column elementor-col-100 elementor-top-column elementor-element elementor-element-5835a02\" data-id=\"5835a02\" data-element_type=\"column\">\n\t\t\t<div class=\"elementor-column-wrap elementor-element-populated\">\n\t\t\t\t\t\t\t<div class=\"elementor-widget-wrap\">\n\t\t\t\t\t\t<div class=\"elementor-element elementor-element-d628bec elementor-widget elementor-widget-m2e\" data-id=\"d628bec\" data-element_type=\"widget\" data-widget_type=\"m2e.default\">\n\t\t\t\t<div class=\"elementor-widget-container\">\n\t\t\t<section class=\"mn-m2-e mn-bg-green\">\n\t<div class=\"mn-grid\">\n\t\t<div class=\"mn-grid-3 mn-introtext\">\n\t\t\t\t\t\t\t<p class=\"mn-header\">Wydzia\u0142 Ogrodnictwa i&nbsp;Architektury Krajobrazu<\/p>\n\t\t\t\t\t\t\t\t\t\t\t<h3>\n\t\t\t\t\tKomisje wydzia\u0142owe\t\t\t\t<\/h3>\n\t\t\t\t\t\t\t\t\t\t\t\t<\/div>\n\t\t<div class=\"mn-grid-9 mn-image-container\">\n\t\t\t\t\t<\/div>\n\t<\/div>\n\t<\/section>\n\t\t<\/div>\n\t\t\t\t<\/div>\n\t\t\t\t\t\t<\/div>\n\t\t\t\t\t<\/div>\n\t\t<\/div>\n\t\t\t\t\t\t\t\t<\/div>\n\t\t\t\t\t<\/div>\n\t\t<\/section>\n\t\t\t\t<section class=\"elementor-section elementor-top-section elementor-element elementor-element-48feebd elementor-section-boxed elementor-section-height-default elementor-section-height-default\" data-id=\"48feebd\" data-element_type=\"section\">\n\t\t\t\t\t\t<div class=\"elementor-container elementor-column-gap-default\">\n\t\t\t\t\t\t\t<div class=\"elementor-row\">\n\t\t\t\t\t<div class=\"elementor-column elementor-col-100 elementor-top-column elementor-element elementor-element-7c82e1d\" data-id=\"7c82e1d\" data-element_type=\"column\">\n\t\t\t<div class=\"elementor-column-wrap elementor-element-populated\">\n\t\t\t\t\t\t\t<div class=\"elementor-widget-wrap\">\n\t\t\t\t\t\t<div class=\"elementor-element elementor-element-3e7741b elementor-widget elementor-widget-m5c\" data-id=\"3e7741b\" data-element_type=\"widget\" data-widget_type=\"m5c.default\">\n\t\t\t\t<div class=\"elementor-widget-container\">\n\t\t\t<section class=\"mn-m5-c mn-m5-d2 mn-bg-white\">\n\t<div class=\"mn-grid\">\n\t\t\t\t<div class=\"mn-content mn-grid-9\">\n\t\t\t                <div class=\"mn-content-block active\">\n\t                                                        <div class=\"block-text\">\n\t                                        <h3>Komisje Wydzia\u0142owe powo\u0142ane na kadencj\u0119 2024-2028<\/h3>\n<p><strong><u>Komisja ds. Kadr<\/u><\/strong><\/p>\n<p>prof. dr hab. Barbara Skwary\u0142o-Bednarz \u2013 przewodnicz\u0105ca<br \/>dr hab. Edyta G\u00f3rska Drabik, prof. uczelni<br \/>dr hab. Robert Gruszecki, prof. uczelni<br \/>dr hab. Pawe\u0142 Szot<br \/>dr Ewa Mi\u0142kowska<\/p>\n<p><strong><u>Komisja ds. Oceny Nauczycieli Akademickich<\/u><\/strong><\/p>\n<p>prof. dr hab. Marzena B\u0142a\u017cewicz-Wo\u017aniak &#8211; przewodnicz\u0105ca<br \/>prof. dr hab. Ma\u0142gorzata Milecka<br \/>prof. dr hab. Renata Nurzy\u0144ska-Wierdak<br \/>dr hab. Iwona Szot, prof. uczelni<br \/>dr hab. Beata Zimowska, prof. uczelni<br \/>dr hab. Barbara Marcinek<br \/>dr hab. Mariusz Szmagara<\/p>\n<p><strong><u>Komisja ds. Jako\u015bci Kszta\u0142cenia<\/u><\/strong><\/p>\n<p>dr hab. Katarzyna Golan, prof. uczelni \u2013 przewodnicz\u0105ca<br \/>dr hab. El\u017cbieta Patkowska, prof. uczelni<br \/>dr hab. Ewa Zalewska, prof. uczelni<br \/>dr hab. Wojciech Durlak<br \/>dr Piotr Bary\u0142a<br \/>dr Sylwia Mucha<\/p>\n<p><strong><u>Komisja ds. Organizacji i&nbsp;Rozwoju Wydzia\u0142u<\/u><\/strong><\/p>\n<p>dr hab. Magdalena Kap\u0142an, prof. uczelni \u2013 przewodnicz\u0105ca<br \/>dr hab. Zbigniew Jarosz, prof. uczelni<br \/>dr hab. El\u017cbieta Mielniczuk, prof. uczelni<br \/>dr hab. Gra\u017cyna Zawi\u015blak<br \/>dr Seweryn Malawski<br \/>dr Karolina Pitura<\/p>\n<p><strong><u>Komisja ds. Wizerunku i&nbsp;Promocji Wydzia\u0142u<\/u><\/strong><\/p>\n<p>prof. dr hab. Agnieszka Jamio\u0142kowska &#8211; przewodnicz\u0105ca<br \/>dr hab. Marzena Parzymies<br \/>dr hab. Marek Kopacki<br \/>dr Tomasz Lipa<br \/>dr nauk farm. Magdalena Walasek-Janusz<br \/>mgr in\u017c. arch. kraj. Piotr Barwicki<\/p>\n                                        <\/div>\n\t\t\t\t\t\t                                <\/div>\n\t\t\t\t                <div class=\"mn-content-block\">\n\t                                <\/div>\n\t\t\t\t                <div class=\"mn-content-block\">\n\t                                <\/div>\n\t\t\t\t                <div class=\"mn-content-block\">\n\t                                <\/div>\n\t\t\t\t                <div class=\"mn-content-block\">\n\t                                <\/div>\n\t\t\t\t                <div class=\"mn-content-block\">\n\t                                <\/div>\n\t\t\t\t                <div class=\"mn-content-block\">\n\t                                <\/div>\n\t\t\t\t                <div class=\"mn-content-block\">\n\t                                <\/div>\n\t\t\t\t                <div class=\"mn-content-block\">\n\t                                <\/div>\n\t\t\t\t                <div class=\"mn-content-block\">\n\t                                <\/div>\n\t\t\t\t                <div class=\"mn-content-block\">\n\t                                <\/div>\n\t\t\t\t                <div class=\"mn-content-block\">\n\t                                <\/div>\n\t\t\t\t                <div class=\"mn-content-block\">\n\t                                <\/div>\n\t\t\t\t                <div class=\"mn-content-block\">\n\t                                <\/div>\n\t\t\t\t                <div class=\"mn-content-block\">\n\t                                <\/div>\n\t\t\t\t                <div class=\"mn-content-block\">\n\t                                <\/div>\n\t\t\t\t                <div class=\"mn-content-block\">\n\t                                <\/div>\n\t\t\t\t                <div class=\"mn-content-block\">\n\t                                <\/div>\n\t\t\t\t                <div class=\"mn-content-block\">\n\t                                <\/div>\n\t\t\t\t                <div class=\"mn-content-block\">\n\t                                <\/div>\n\t\t\t\t\t\t<\/div>\n\t<\/div>\n<\/section>\n\t\t<\/div>\n\t\t\t\t<\/div>\n\t\t\t\t\t\t<\/div>\n\t\t\t\t\t<\/div>\n\t\t<\/div>\n\t\t\t\t\t\t\t\t<\/div>\n\t\t\t\t\t<\/div>\n\t\t<\/section>\n\t\t\t\t\t\t<\/div>\n\t\t\t\t\t\t<\/div>\n\t\t\t\t\t<\/div>\n\t\t","protected":false},"excerpt":{"rendered":"<p>Wydzia\u0142 Ogrodnictwa i&nbsp;Architektury Krajobrazu Komisje wydzia\u0142owe UP Wydzia\u0142 Ogrodnictwa i&nbsp;Architektury Krajobrazu Komisje Wydzia\u0142owe powo\u0142ane na kadencj\u0119 2024-2028 Komisja ds. Kadr prof. dr hab. Barbara Skwary\u0142o-Bednarz \u2013 przewodnicz\u0105cadr hab. Edyta G\u00f3rska Drabik, prof. uczelnidr hab. Robert Gruszecki, prof. uczelnidr hab. Pawe\u0142 Szotdr Ewa Mi\u0142kowska Komisja ds. Oceny Nauczycieli Akademickich prof. dr hab. Marzena B\u0142a\u017cewicz-Wo\u017aniak &#8211; przewodnicz\u0105caprof. [&hellip;]<\/p>\n","protected":false},"author":2,"featured_media":0,"parent":221,"menu_order":0,"comment_status":"closed","ping_status":"closed","template":"elementor_header_footer","meta":{"_monsterinsights_skip_tracking":false,"_monsterinsights_sitenote_active":false,"_monsterinsights_sitenote_note":"","_monsterinsights_sitenote_category":0},"_links":{"self":[{"href":"https:\/\/up.lublin.pl\/ogrodnictwo\/wp-json\/wp\/v2\/pages\/250"}],"collection":[{"href":"https:\/\/up.lublin.pl\/ogrodnictwo\/wp-json\/wp\/v2\/pages"}],"about":[{"href":"https:\/\/up.lublin.pl\/ogrodnictwo\/wp-json\/wp\/v2\/types\/page"}],"author":[{"embeddable":true,"href":"https:\/\/up.lublin.pl\/ogrodnictwo\/wp-json\/wp\/v2\/users\/2"}],"replies":[{"embeddable":true,"href":"https:\/\/up.lublin.pl\/ogrodnictwo\/wp-json\/wp\/v2\/comments?post=250"}],"version-history":[{"count":42,"href":"https:\/\/up.lublin.pl\/ogrodnictwo\/wp-json\/wp\/v2\/pages\/250\/revisions"}],"predecessor-version":[{"id":179385,"href":"https:\/\/up.lublin.pl\/ogrodnictwo\/wp-json\/wp\/v2\/pages\/250\/revisions\/179385"}],"up":[{"embeddable":true,"href":"https:\/\/up.lublin.pl\/ogrodnictwo\/wp-json\/wp\/v2\/pages\/221"}],"wp:attachment":[{"href":"https:\/\/up.lublin.pl\/ogrodnictwo\/wp-json\/wp\/v2\/media?parent=250"}],"curies":[{"name":"wp","href":"https:\/\/api.w.org\/{rel}","templated":true}]}}