{"id":246,"date":"2020-11-24T12:28:43","date_gmt":"2020-11-24T11:28:43","guid":{"rendered":"http:\/\/nowastrona.up.lublin.pl\/ogrodnictwo\/?page_id=246"},"modified":"2025-11-27T14:16:32","modified_gmt":"2025-11-27T13:16:32","slug":"wladze","status":"publish","type":"page","link":"https:\/\/up.lublin.pl\/ogrodnictwo\/wydzial\/wladze\/","title":{"rendered":"W\u0142adze"},"content":{"rendered":"\t\t<div data-elementor-type=\"wp-page\" data-elementor-id=\"246\" class=\"elementor elementor-246\" data-elementor-settings=\"[]\">\n\t\t\t\t\t\t<div class=\"elementor-inner\">\n\t\t\t\t\t\t\t<div class=\"elementor-section-wrap\">\n\t\t\t\t\t\t\t<section class=\"elementor-section elementor-top-section elementor-element elementor-element-aad45df elementor-section-boxed elementor-section-height-default elementor-section-height-default\" data-id=\"aad45df\" data-element_type=\"section\">\n\t\t\t\t\t\t<div class=\"elementor-container elementor-column-gap-default\">\n\t\t\t\t\t\t\t<div class=\"elementor-row\">\n\t\t\t\t\t<div class=\"elementor-column elementor-col-100 elementor-top-column elementor-element elementor-element-4e057bf\" data-id=\"4e057bf\" data-element_type=\"column\">\n\t\t\t<div class=\"elementor-column-wrap elementor-element-populated\">\n\t\t\t\t\t\t\t<div class=\"elementor-widget-wrap\">\n\t\t\t\t\t\t<div class=\"elementor-element elementor-element-a3c9d7f elementor-widget elementor-widget-m2e\" data-id=\"a3c9d7f\" data-element_type=\"widget\" data-widget_type=\"m2e.default\">\n\t\t\t\t<div class=\"elementor-widget-container\">\n\t\t\t<section class=\"mn-m2-e mn-bg-green\">\n\t<div class=\"mn-grid\">\n\t\t<div class=\"mn-grid-3 mn-introtext\">\n\t\t\t\t\t\t\t<p class=\"mn-header\">Wydzia\u0142 Ogrodnictwa i&nbsp;Architektury Krajobrazu<\/p>\n\t\t\t\t\t\t\t\t\t\t\t<h3>\n\t\t\t\t\tW\u0142adze\t\t\t\t<\/h3>\n\t\t\t\t\t\t\t\t\t\t\t\t<\/div>\n\t\t<div class=\"mn-grid-9 mn-image-container\">\n\t\t\t\t\t<\/div>\n\t<\/div>\n\t<\/section>\n\t\t<\/div>\n\t\t\t\t<\/div>\n\t\t\t\t\t\t<\/div>\n\t\t\t\t\t<\/div>\n\t\t<\/div>\n\t\t\t\t\t\t\t\t<\/div>\n\t\t\t\t\t<\/div>\n\t\t<\/section>\n\t\t\t\t<section class=\"elementor-section elementor-top-section elementor-element elementor-element-2ecd572 elementor-section-boxed elementor-section-height-default elementor-section-height-default\" data-id=\"2ecd572\" data-element_type=\"section\">\n\t\t\t\t\t\t<div class=\"elementor-container elementor-column-gap-default\">\n\t\t\t\t\t\t\t<div class=\"elementor-row\">\n\t\t\t\t\t<div class=\"elementor-column elementor-col-100 elementor-top-column elementor-element elementor-element-0cf8aa8\" data-id=\"0cf8aa8\" data-element_type=\"column\">\n\t\t\t<div class=\"elementor-column-wrap elementor-element-populated\">\n\t\t\t\t\t\t\t<div class=\"elementor-widget-wrap\">\n\t\t\t\t\t\t<div class=\"elementor-element elementor-element-49ef961 elementor-widget elementor-widget-m5e\" data-id=\"49ef961\" data-element_type=\"widget\" data-widget_type=\"m5e.default\">\n\t\t\t\t<div class=\"elementor-widget-container\">\n\t\t\t<section class=\"mn-m5-e mn-bg-white\">\r\n\t<div class=\"mn-grid\">\r\n\t\t\t\t\t<div class=\"mn-img mn-grid-6\">\r\n\t\t\t\t\t\t\t\t\t<img src=\"https:\/\/up.lublin.pl\/ogrodnictwo\/wp-content\/uploads\/sites\/6\/2025\/02\/prof_dzida.png\" alt=\"\">\r\n\t\t\t\t\t\t\t\t<\/div>\r\n\t\t\t\t\t<div class=\"mn-content mn-grid-6\">\r\n\t\t\t<h1>\u00a0<\/h1>\n<h1>Dziekan<\/h1>\n<h1 style=\"margin-bottom: 20px;\">dr hab. in\u017c. Katarzyna Dzida, prof. uczelni<\/h1>\n<p>e-mail: <a href=\"mailto:katarzyna.dzida@up.edu.pl\">katarzyna.dzida@up.edu.pl<\/a><br \/>tel. +48 81 445 65 75<br \/>tel. +48 81 531 97 06<\/p>\n<p>Rektorat pok\u00f3j 453<\/p>\n<p><strong>Godziny przyj\u0119\u0107:<\/strong><br \/>wtorek w&nbsp;godz.: 10:00 do 12:00<br \/>czwartek w&nbsp;godz.: 12:00 do 14:00<\/p>\n\t\t<\/div>\r\n\t\t\t<\/div>\r\n<\/section>\r\n\t\t<\/div>\n\t\t\t\t<\/div>\n\t\t\t\t\t\t<\/div>\n\t\t\t\t\t<\/div>\n\t\t<\/div>\n\t\t\t\t\t\t\t\t<\/div>\n\t\t\t\t\t<\/div>\n\t\t<\/section>\n\t\t\t\t<section class=\"elementor-section elementor-top-section elementor-element elementor-element-21a1ab9 elementor-section-boxed elementor-section-height-default elementor-section-height-default\" data-id=\"21a1ab9\" data-element_type=\"section\">\n\t\t\t\t\t\t<div class=\"elementor-container elementor-column-gap-default\">\n\t\t\t\t\t\t\t<div class=\"elementor-row\">\n\t\t\t\t\t<div class=\"elementor-column elementor-col-100 elementor-top-column elementor-element elementor-element-b278b0b\" data-id=\"b278b0b\" data-element_type=\"column\">\n\t\t\t<div class=\"elementor-column-wrap elementor-element-populated\">\n\t\t\t\t\t\t\t<div class=\"elementor-widget-wrap\">\n\t\t\t\t\t\t<div class=\"elementor-element elementor-element-bfb5270 elementor-widget elementor-widget-m5e\" data-id=\"bfb5270\" data-element_type=\"widget\" data-widget_type=\"m5e.default\">\n\t\t\t\t<div class=\"elementor-widget-container\">\n\t\t\t<section class=\"mn-m5-e mn-bg-white\">\r\n\t<div class=\"mn-grid\">\r\n\t\t\t\t<div class=\"mn-content mn-grid-6\">\r\n\t\t\t<h1>\u00a0<\/h1>\n<h1>Prodziekan<\/h1>\n<h1 style=\"margin-bottom: 20px;\">dr hab. in\u017c. Katarzyna Golan, prof. uczelni<\/h1>\n<p>e-mail: <a href=\"mailto:katarzyna.golan@up.edu.pl\">katarzyna.golan@up.edu.pl<\/a><br \/>tel. +48 81 445 65 00<br \/>tel. +48 81 524 81 40<\/p>\n<p>Rektorat pok\u00f3j 452<\/p>\n<p><strong>Godziny przyj\u0119\u0107:<\/strong><br \/>poniedzia\u0142ek: godz. 9.00-10.00<br \/>\u015broda: godz. 13.00-14.00<\/p>\n\t\t<\/div>\r\n\t\t\t\t\t<div class=\"mn-img mn-grid-6\">\r\n\t\t\t\t\t\t\t\t\t<img src=\"https:\/\/up.lublin.pl\/ogrodnictwo\/wp-content\/uploads\/sites\/6\/2025\/02\/prof_golan.png\" alt=\"\">\r\n\t\t\t\t\t\t\t\t<\/div>\r\n\t\t\t\t<\/div>\r\n<\/section>\r\n\t\t<\/div>\n\t\t\t\t<\/div>\n\t\t\t\t\t\t<\/div>\n\t\t\t\t\t<\/div>\n\t\t<\/div>\n\t\t\t\t\t\t\t\t<\/div>\n\t\t\t\t\t<\/div>\n\t\t<\/section>\n\t\t\t\t\t\t<\/div>\n\t\t\t\t\t\t<\/div>\n\t\t\t\t\t<\/div>\n\t\t","protected":false},"excerpt":{"rendered":"<p>Wydzia\u0142 Ogrodnictwa i&nbsp;Architektury Krajobrazu W\u0142adze UP Wydzia\u0142 Ogrodnictwa i&nbsp;Architektury Krajobrazu \u00a0 Dziekan dr hab. in\u017c. Katarzyna Dzida, prof. uczelni e-mail: katarzyna.dzida@up.edu.pltel. +48 81 445 65 75tel. +48 81 531 97 06 Rektorat pok\u00f3j 453 Godziny przyj\u0119\u0107:wtorek w&nbsp;godz.: 10:00 do 12:00czwartek w&nbsp;godz.: 12:00 do 14:00 \u00a0 Prodziekan dr hab. in\u017c. Katarzyna Golan, prof. uczelni e-mail: katarzyna.golan@up.edu.pltel. [&hellip;]<\/p>\n","protected":false},"author":2,"featured_media":0,"parent":221,"menu_order":0,"comment_status":"closed","ping_status":"closed","template":"elementor_header_footer","meta":{"_monsterinsights_skip_tracking":false,"_monsterinsights_sitenote_active":false,"_monsterinsights_sitenote_note":"","_monsterinsights_sitenote_category":0},"_links":{"self":[{"href":"https:\/\/up.lublin.pl\/ogrodnictwo\/wp-json\/wp\/v2\/pages\/246"}],"collection":[{"href":"https:\/\/up.lublin.pl\/ogrodnictwo\/wp-json\/wp\/v2\/pages"}],"about":[{"href":"https:\/\/up.lublin.pl\/ogrodnictwo\/wp-json\/wp\/v2\/types\/page"}],"author":[{"embeddable":true,"href":"https:\/\/up.lublin.pl\/ogrodnictwo\/wp-json\/wp\/v2\/users\/2"}],"replies":[{"embeddable":true,"href":"https:\/\/up.lublin.pl\/ogrodnictwo\/wp-json\/wp\/v2\/comments?post=246"}],"version-history":[{"count":59,"href":"https:\/\/up.lublin.pl\/ogrodnictwo\/wp-json\/wp\/v2\/pages\/246\/revisions"}],"predecessor-version":[{"id":179490,"href":"https:\/\/up.lublin.pl\/ogrodnictwo\/wp-json\/wp\/v2\/pages\/246\/revisions\/179490"}],"up":[{"embeddable":true,"href":"https:\/\/up.lublin.pl\/ogrodnictwo\/wp-json\/wp\/v2\/pages\/221"}],"wp:attachment":[{"href":"https:\/\/up.lublin.pl\/ogrodnictwo\/wp-json\/wp\/v2\/media?parent=246"}],"curies":[{"name":"wp","href":"https:\/\/api.w.org\/{rel}","templated":true}]}}