{"id":225,"date":"2020-11-24T10:59:11","date_gmt":"2020-11-24T09:59:11","guid":{"rendered":"http:\/\/nowastrona.up.lublin.pl\/ogrodnictwo\/?page_id=225"},"modified":"2026-03-02T13:21:30","modified_gmt":"2026-03-02T12:21:30","slug":"dziekanat","status":"publish","type":"page","link":"https:\/\/up.lublin.pl\/ogrodnictwo\/dziekanat\/","title":{"rendered":"Dziekanat Wydzia\u0142u Ogrodnictwa i Architektury Krajobrazu"},"content":{"rendered":"\t\t<div data-elementor-type=\"wp-page\" data-elementor-id=\"225\" class=\"elementor elementor-225\" data-elementor-settings=\"[]\">\n\t\t\t\t\t\t<div class=\"elementor-inner\">\n\t\t\t\t\t\t\t<div class=\"elementor-section-wrap\">\n\t\t\t\t\t\t\t<section class=\"elementor-section elementor-top-section elementor-element elementor-element-8545191 elementor-section-boxed elementor-section-height-default elementor-section-height-default\" data-id=\"8545191\" data-element_type=\"section\">\n\t\t\t\t\t\t<div class=\"elementor-container elementor-column-gap-default\">\n\t\t\t\t\t\t\t<div class=\"elementor-row\">\n\t\t\t\t\t<div class=\"elementor-column elementor-col-100 elementor-top-column elementor-element elementor-element-85b428a\" data-id=\"85b428a\" data-element_type=\"column\">\n\t\t\t<div class=\"elementor-column-wrap elementor-element-populated\">\n\t\t\t\t\t\t\t<div class=\"elementor-widget-wrap\">\n\t\t\t\t\t\t<div class=\"elementor-element elementor-element-d8f6c6a elementor-widget elementor-widget-m2d\" data-id=\"d8f6c6a\" data-element_type=\"widget\" data-widget_type=\"m2d.default\">\n\t\t\t\t<div class=\"elementor-widget-container\">\n\t\t\t<section class=\"mn-m2-d mn-bg-green\">\r\n\t<div class=\"mn-grid\">\r\n\t\t<div class=\"mn-grid-12 mn-introtext\">\r\n\t\t\t\t\t\t\t<h3>\r\n\t\t\t\t\tDziekanat Wydzia\u0142u Ogrodnictwa i&nbsp;Architektury Krajobrazu\t\t\t\t<\/h3>\r\n\t\t\t\t\t\t<\/div>\r\n\t\t\t                            <div class=\"mn-grid-3 mn-m2d-baner-btn\">\r\n                        <a href=\"https:\/\/wd.up.lublin.pl\/\" class=\"mn-slider-btn\" style=\"margin-left: 5px;\">\r\n                            Wirtualny dziekanat                        <\/a>\r\n                    <\/div>\r\n                \r\n\r\n\t<\/div>\r\n\t<\/section>\r\n\t\t<\/div>\n\t\t\t\t<\/div>\n\t\t\t\t\t\t<\/div>\n\t\t\t\t\t<\/div>\n\t\t<\/div>\n\t\t\t\t\t\t\t\t<\/div>\n\t\t\t\t\t<\/div>\n\t\t<\/section>\n\t\t\t\t<section class=\"elementor-section elementor-top-section elementor-element elementor-element-378cc36 elementor-section-boxed elementor-section-height-default elementor-section-height-default\" data-id=\"378cc36\" data-element_type=\"section\">\n\t\t\t\t\t\t<div class=\"elementor-container elementor-column-gap-default\">\n\t\t\t\t\t\t\t<div class=\"elementor-row\">\n\t\t\t\t\t<div class=\"elementor-column elementor-col-100 elementor-top-column elementor-element elementor-element-79dd9b6\" data-id=\"79dd9b6\" data-element_type=\"column\">\n\t\t\t<div class=\"elementor-column-wrap elementor-element-populated\">\n\t\t\t\t\t\t\t<div class=\"elementor-widget-wrap\">\n\t\t\t\t\t\t<div class=\"elementor-element elementor-element-93c3a9a elementor-widget elementor-widget-m5c\" data-id=\"93c3a9a\" data-element_type=\"widget\" data-widget_type=\"m5c.default\">\n\t\t\t\t<div class=\"elementor-widget-container\">\n\t\t\t<section class=\"mn-m5-c mn-bg-white\">\n\t<div class=\"mn-grid\">\n\t\t            <div class=\"mn-menu-container mn-grid-3\">\n                <ul class=\"mn-bg-yellow\">\n\t                                        <li>\n                            <a href=\"#\" class=\"active\" data-hash=\"#informacje\">\n                                Informacje o&nbsp;dziekanacie                            <\/a>\n                        <\/li>\n                                                <li>\n                            <a href=\"#\" class=\"\" data-hash=\"#obsluga\">\n                                Obs\u0142uga toku kierunk\u00f3w studi\u00f3w                            <\/a>\n                        <\/li>\n                                        <\/ul>\n            <\/div>\n\t        \t\t<div class=\"mn-content mn-grid-8\">\n\t\t\t                <div class=\"mn-content-block active\">\n\t                                                        <div class=\"block-text\">\n\t                                        <table style=\"border-collapse: collapse;width: 100%;height: 217px\">\n<tbody>\n<tr style=\"height: 23px\">\n<td style=\"width: 50%;height: 23px\">Adres<\/td>\n<td style=\"width: 50%;height: 23px\"><strong>Na skr\u00f3ty<\/strong><\/td>\n<\/tr>\n<tr style=\"height: 194px\">\n<td style=\"width: 50%;height: 194px;vertical-align: middle\">\n<p><strong>Adres: ul. Akademicka 13<\/strong><br \/><strong>20-950 Lublin<\/strong><br \/><strong>tel. 081 4456505<\/strong><br \/><strong>e- mail: dziekanat.ogrodniczy@up.lublin.pl<\/strong><\/p>\n<\/td>\n<td style=\"width: 50%;height: 194px\" width=\"43%\">\n<p><span style=\"text-decoration: underline\"><a href=\"https:\/\/up.lublin.pl\/edukacja\/student\/tok-studiow\/organizacja-roku-akademickiego\/\">Kalendarz akademicki<\/a><\/span><\/p>\n<p><span style=\"text-decoration: underline\"><a href=\"https:\/\/up.lublin.pl\/edukacja\/student\/tok-studiow\/terminy-zjazdow\/\">Terminarz zjazd\u00f3w<\/a><\/span><\/p>\n<p><a href=\"https:\/\/up.lublin.pl\/edukacja\/student\/dydaktyka\/\"><span style=\"text-decoration: underline\">Dzia\u0142 Organizacji i&nbsp;Tok Studi\u00f3w<\/span><\/a><\/p>\n<p><span style=\"text-decoration: underline\"><a href=\"https:\/\/up.lublin.pl\/edukacja\/student\/stypendia\/\">Biuro Stypendi\u00f3w Studenckich<\/a><\/span><\/p>\n<p><a href=\"https:\/\/up.lublin.pl\/edukacja\/student\/\"><span style=\"text-decoration: underline\">Informacje dla Studenta<\/span><\/a><\/p>\n<p><span style=\"text-decoration: underline\"><a href=\"https:\/\/wd.up.lublin.pl\/cas\/login?&amp;locale=pl\">Wirtualny Dziekanat<\/a><\/span><\/p>\n<p><a href=\"https:\/\/up.lublin.pl\/ogrodnictwo\/ksztalcenie\/#do_pobrania\"><span style=\"text-decoration: underline\">Druki do pobrania<\/span><\/a><\/p>\n<\/td>\n<\/tr>\n<\/tbody>\n<\/table>\n                                        <\/div>\n\t\t\t\t\t\t                                                        <div class=\"block-text\">\n\t                                        <p>\u00a0<\/p>\n<p><strong>W przypadku zachorowania na COVID-19 student powinien przekaza\u0107 informacj\u0119 o\u00a0tym fakcie do w\u0142a\u015bciwego dla swojego kierunku studi\u00f3w dziekanatu, drog\u0105 e-mailow\u0105 lub telefoniczn\u0105, podaj\u0105c informacje na temat:<\/strong><\/p>\n<ul>\n<li>kwarantanny lub izolacji \u00a0<\/li>\n<li>dat jej obowi\u0105zywania<\/li>\n<li>miejsca pobytu (dom lub stancja \/ akademik)<\/li>\n<\/ul>\n<p>Uzyskane informacje pracownik dziekanatu zobowi\u0105zany jest niezw\u0142ocznie przekaza\u0107 dziekanowi.<\/p>\n                                        <\/div>\n\t\t\t\t\t\t                                                        <ul class=\"mn-accordion\">\n                                            <li>\n                                                <h4 class=\"mn-accordion-title\">Godziny obs\u0142ugi student\u00f3w<\/h4>\n                                                <div>\n\t\t\t\t\t\t\t\t\t                <h3 style=\"text-align: left\">\u015aroda \u2013 Dziekanat nieczynny dla student\u00f3w<\/h3>\n<p>Poniedzia\u0142ek &#8211; Wtorek <br \/><strong>od 11.00 do 14.00<\/strong><\/p>\n<p>Czwartek &#8211; Pi\u0105tek <br \/><strong>od 11.00 do 14.00<\/strong><\/p>\n                                                <\/div>\n                                            <\/li>\n                                        <\/ul>\n\t\t\t\t\t\t                                                        <ul class=\"mn-accordion\">\n                                            <li>\n                                                <h4 class=\"mn-accordion-title\">Godziny obs\u0142ugi student\u00f3w niestacjonarnych<\/h4>\n                                                <div>\n\t\t\t\t\t\t\t\t\t                <p><span style=\"font-size: 20px\"><strong>Dy\u017cury w&nbsp;sobot\u0119 w&nbsp;semestrze letnim 2025\/2026 <br \/><\/strong><\/span><span style=\"font-size: 20px\"><strong>odbywaj\u0105 si\u0119 w&nbsp;godzinach od 9<sup>00 <\/sup>do 13<sup>00 <br \/><\/sup><\/strong><\/span><span style=\"font-size: 20px\"><strong>w wyznaczonych terminach:<\/strong><\/span><\/p>\n<p><strong>7 marzec 2026 roku<\/strong><\/p>\n<p><strong>21 marzec 2026 roku<\/strong><\/p>\n<p><strong>11 kwiecie\u0144 2026 roku<\/strong><\/p>\n<p><strong>16 maj 2026 roku<\/strong><\/p>\n<p><strong>13 czerwiec 2026 roku<\/strong><\/p>\n                                                <\/div>\n                                            <\/li>\n                                        <\/ul>\n\t\t\t\t\t\t                                <\/div>\n\t\t\t\t                <div class=\"mn-content-block\">\n\t                                                        <div class=\"block-text\">\n\t                                        <table style=\"border-collapse: collapse;width: 100%;height: 483px\">\n<tbody>\n<tr style=\"height: 315px\">\n<td style=\"width: 58.483%;text-align: left;border-style: hidden;height: 315px\"><img loading=\"lazy\" class=\" wp-image-1167 alignleft\" src=\"http:\/\/nowastrona.up.lublin.pl\/ogrodnictwo\/wp-content\/uploads\/sites\/6\/2021\/03\/Ma\u0142gorzata_Sanocka.png\" alt=\"\" width=\"300\" height=\"300\" \/><\/td>\n<td style=\"width: 41.517%;text-align: left;vertical-align: middle;border-style: hidden;height: 315px\">\n<p>mgr in\u017c. <strong>Ma\u0142gorzata Sanocka<br \/><\/strong>pok. 451<br \/>tel. 081 445-65-05<\/p>\n<\/td>\n<\/tr>\n<tr style=\"height: 168px\">\n<td style=\"width: 58.483%;text-align: left;border-style: hidden;height: 168px\" colspan=\"2\">\n<p>studia stacjonarne i\u00a0niestacjonarne I\u00a0i II\u00b0 kierunek Ogrodnictwo<br \/>\u2013 studia stacjonarne I\u00b0 II\u00b0 kierunek Architektura Krajobrazu<br \/>\u2013 studia stacjonarne I\u00b0 kierunek Sztuka Ogrodowa i\u00a0Aran\u017cacje Ro\u015blinne<br \/>\u2013\u00a0studia stacjonarne II\u00b0 kierunek Zielona Urbanistyka<br \/>\u2013\u00a0studia doktoranckie<\/p>\n<\/td>\n<\/tr>\n<\/tbody>\n<\/table>\n<table style=\"border-collapse: collapse;width: 100%\">\n<tbody>\n<tr>\n<td style=\"width: 42%;text-align: left;vertical-align: middle;border-style: hidden\">mgr in\u017c. Joanna Samociuk <br \/>pok. 451<br \/>tel. 081 445-65-05<\/td>\n<td style=\"width: 58%;text-align: right;vertical-align: middle;border-style: hidden\">\u00a0<\/td>\n<\/tr>\n<tr>\n<td style=\"width: 58.483%;text-align: left;border-style: hidden\" colspan=\"2\">\n<p>\u2013 studia stacjonarne i&nbsp;niestacjonarne I\u00b0 i&nbsp;II\u00b0 kierunek Zielarstwo i&nbsp;Fitoprodukty<br \/>\u2013 studia stacjonarne i\u00a0niestacjonarne II\u00b0 kierunek Ochrona Ro\u015blin i\u00a0Kontrola Fitosanitarna<br \/>\u2013\u00a0studia stacjonarne i&nbsp;niestacjonarne II\u00b0 Doradztwo Ogrodnicze<\/p>\n<\/td>\n<\/tr>\n<\/tbody>\n<\/table>\n                                        <\/div>\n\t\t\t\t\t\t                                <\/div>\n\t\t\t\t\t\t<\/div>\n\t<\/div>\n<\/section>\n\t\t<\/div>\n\t\t\t\t<\/div>\n\t\t\t\t\t\t<\/div>\n\t\t\t\t\t<\/div>\n\t\t<\/div>\n\t\t\t\t\t\t\t\t<\/div>\n\t\t\t\t\t<\/div>\n\t\t<\/section>\n\t\t\t\t\t\t<\/div>\n\t\t\t\t\t\t<\/div>\n\t\t\t\t\t<\/div>\n\t\t","protected":false},"excerpt":{"rendered":"<p>Dziekanat Wydzia\u0142u Ogrodnictwa i&nbsp;Architektury Krajobrazu Wirtualny dziekanat UP Wydzia\u0142 Ogrodnictwa i&nbsp;Architektury Krajobrazu Informacje o&nbsp;dziekanacie Obs\u0142uga toku kierunk\u00f3w studi\u00f3w Adres Na skr\u00f3ty Adres: ul. Akademicka 1320-950 Lublintel. 081 4456505e- mail: dziekanat.ogrodniczy@up.lublin.pl Kalendarz akademicki Terminarz zjazd\u00f3w Dzia\u0142 Organizacji i&nbsp;Tok Studi\u00f3w Biuro Stypendi\u00f3w Studenckich Informacje dla Studenta Wirtualny Dziekanat Druki do pobrania \u00a0 W przypadku zachorowania na COVID-19 [&hellip;]<\/p>\n","protected":false},"author":2,"featured_media":0,"parent":0,"menu_order":0,"comment_status":"closed","ping_status":"closed","template":"elementor_header_footer","meta":{"_monsterinsights_skip_tracking":false,"_monsterinsights_sitenote_active":false,"_monsterinsights_sitenote_note":"","_monsterinsights_sitenote_category":0},"_links":{"self":[{"href":"https:\/\/up.lublin.pl\/ogrodnictwo\/wp-json\/wp\/v2\/pages\/225"}],"collection":[{"href":"https:\/\/up.lublin.pl\/ogrodnictwo\/wp-json\/wp\/v2\/pages"}],"about":[{"href":"https:\/\/up.lublin.pl\/ogrodnictwo\/wp-json\/wp\/v2\/types\/page"}],"author":[{"embeddable":true,"href":"https:\/\/up.lublin.pl\/ogrodnictwo\/wp-json\/wp\/v2\/users\/2"}],"replies":[{"embeddable":true,"href":"https:\/\/up.lublin.pl\/ogrodnictwo\/wp-json\/wp\/v2\/comments?post=225"}],"version-history":[{"count":109,"href":"https:\/\/up.lublin.pl\/ogrodnictwo\/wp-json\/wp\/v2\/pages\/225\/revisions"}],"predecessor-version":[{"id":181647,"href":"https:\/\/up.lublin.pl\/ogrodnictwo\/wp-json\/wp\/v2\/pages\/225\/revisions\/181647"}],"wp:attachment":[{"href":"https:\/\/up.lublin.pl\/ogrodnictwo\/wp-json\/wp\/v2\/media?parent=225"}],"curies":[{"name":"wp","href":"https:\/\/api.w.org\/{rel}","templated":true}]}}