{"id":224,"date":"2020-11-24T10:59:04","date_gmt":"2020-11-24T09:59:04","guid":{"rendered":"http:\/\/nowastrona.up.lublin.pl\/ogrodnictwo\/?page_id=224"},"modified":"2026-03-31T14:13:21","modified_gmt":"2026-03-31T12:13:21","slug":"kierunki-studiow","status":"publish","type":"page","link":"https:\/\/up.lublin.pl\/ogrodnictwo\/kierunki-studiow\/","title":{"rendered":"Kierunki studi\u00f3w"},"content":{"rendered":"\t\t<div data-elementor-type=\"wp-page\" data-elementor-id=\"224\" class=\"elementor elementor-224\" data-elementor-settings=\"[]\">\n\t\t\t\t\t\t<div class=\"elementor-inner\">\n\t\t\t\t\t\t\t<div class=\"elementor-section-wrap\">\n\t\t\t\t\t\t\t<section class=\"elementor-section elementor-top-section elementor-element elementor-element-54710cb elementor-section-boxed elementor-section-height-default elementor-section-height-default\" data-id=\"54710cb\" data-element_type=\"section\">\n\t\t\t\t\t\t<div class=\"elementor-container elementor-column-gap-default\">\n\t\t\t\t\t\t\t<div class=\"elementor-row\">\n\t\t\t\t\t<div class=\"elementor-column elementor-col-100 elementor-top-column elementor-element elementor-element-a12c25b\" data-id=\"a12c25b\" data-element_type=\"column\">\n\t\t\t<div class=\"elementor-column-wrap elementor-element-populated\">\n\t\t\t\t\t\t\t<div class=\"elementor-widget-wrap\">\n\t\t\t\t\t\t<div class=\"elementor-element elementor-element-eacc702 elementor-widget elementor-widget-m2e\" data-id=\"eacc702\" data-element_type=\"widget\" data-widget_type=\"m2e.default\">\n\t\t\t\t<div class=\"elementor-widget-container\">\n\t\t\t<section class=\"mn-m2-e mn-bg-green\">\n\t<div class=\"mn-grid\">\n\t\t<div class=\"mn-grid-3 mn-introtext\">\n\t\t\t\t\t\t\t<p class=\"mn-header\">Wydzia\u0142 Ogrodnictwa i&nbsp;Architektury Krajobrazu<\/p>\n\t\t\t\t\t\t\t\t\t\t\t<h3>\n\t\t\t\t\tKierunki studi\u00f3w\t\t\t\t<\/h3>\n\t\t\t\t\t\t\t\t\t\t\t\t<\/div>\n\t\t<div class=\"mn-grid-9 mn-image-container\">\n\t\t\t\t\t<\/div>\n\t<\/div>\n\t<\/section>\n\t\t<\/div>\n\t\t\t\t<\/div>\n\t\t\t\t\t\t<\/div>\n\t\t\t\t\t<\/div>\n\t\t<\/div>\n\t\t\t\t\t\t\t\t<\/div>\n\t\t\t\t\t<\/div>\n\t\t<\/section>\n\t\t\t\t<section class=\"elementor-section elementor-top-section elementor-element elementor-element-c4d3d72 elementor-section-boxed elementor-section-height-default elementor-section-height-default\" data-id=\"c4d3d72\" data-element_type=\"section\">\n\t\t\t\t\t\t<div class=\"elementor-container elementor-column-gap-default\">\n\t\t\t\t\t\t\t<div class=\"elementor-row\">\n\t\t\t\t\t<div class=\"elementor-column elementor-col-100 elementor-top-column elementor-element elementor-element-7ffaa02\" data-id=\"7ffaa02\" data-element_type=\"column\">\n\t\t\t<div class=\"elementor-column-wrap elementor-element-populated\">\n\t\t\t\t\t\t\t<div class=\"elementor-widget-wrap\">\n\t\t\t\t\t\t<div class=\"elementor-element elementor-element-269e5e6 elementor-widget elementor-widget-m4a\" data-id=\"269e5e6\" data-element_type=\"widget\" data-widget_type=\"m4a.default\">\n\t\t\t\t<div class=\"elementor-widget-container\">\n\t\t\t\t<section class=\"mn-m4_b mn-bg-green\">\n\t\t        <div class=\"mn-grid\">\n            <h2 class=\"mn-grid-12\">Studia I&nbsp;stopnia:<\/h2>\n        <\/div>\n\t\t\t\t\t<div class=\"mn-grid\">\n\t\t\t\t\t\t\t<div class=\"mn-grid-3 mn-kat-m4-container\">\n\t\t\t\t\t\t\t\t\t\t\t\t\t\t\t\t<h3>Architektura krajobrazu<\/h3>\n\t\t\t\t\t\t\t\t\t\t\t\t\t\t\t\t\t\t\t\t\t\t<a href=\"https:\/\/up.lublin.pl\/rekrutacja\/architektura-krajobrazu\/\" class=\"mn-more\">Zobacz wi\u0119cej<\/a>\n\t\t\t\t\t\t\t\t\t\t<\/div>\n\t\t\t\t\t\t\t\t<div class=\"mn-grid-3 mn-kat-m4-container\">\n\t\t\t\t\t\t\t\t\t\t\t\t\t\t\t\t<h3>Ogrodnictwo<\/h3>\n\t\t\t\t\t\t\t\t\t\t\t\t\t\t\t\t\t\t\t\t\t\t<a href=\"https:\/\/up.lublin.pl\/rekrutacja\/kierunek-ogrodnictwo\/\" class=\"mn-more\">Zobacz wi\u0119cej<\/a>\n\t\t\t\t\t\t\t\t\t\t<\/div>\n\t\t\t\t\t\t\t\t<div class=\"mn-grid-3 mn-kat-m4-container\">\n\t\t\t\t\t\t\t\t\t\t\t\t\t\t\t\t<h3>Sztuka ogrodowa i&nbsp;aran\u017cacje ro\u015blinne<\/h3>\n\t\t\t\t\t\t\t\t\t\t\t\t\t\t\t\t\t\t\t\t\t\t<a href=\"https:\/\/up.lublin.pl\/rekrutacja\/sztuka-ogrodowa-i-aranzacje-roslinne\/\" class=\"mn-more\">Zobacz wi\u0119cej<\/a>\n\t\t\t\t\t\t\t\t\t\t<\/div>\n\t\t\t\t\t\t\t\t<div class=\"mn-grid-3 mn-kat-m4-container\">\n\t\t\t\t\t\t\t\t\t\t\t\t\t\t\t\t<h3>Zielarstwo i&nbsp;fitoprodukty<\/h3>\n\t\t\t\t\t\t\t\t\t\t\t\t\t\t\t\t\t\t\t\t\t\t<a href=\"https:\/\/up.lublin.pl\/rekrutacja\/zielarstwo-i-fitoprodukty\/\" class=\"mn-more\">Zobacz wi\u0119cej<\/a>\n\t\t\t\t\t\t\t\t\t\t<\/div>\n\t\t\t\t\t\t<\/div>\n\t<\/section>\n\t\t\t<\/div>\n\t\t\t\t<\/div>\n\t\t\t\t<div class=\"elementor-element elementor-element-31dc3cb elementor-widget elementor-widget-m4a\" data-id=\"31dc3cb\" data-element_type=\"widget\" data-widget_type=\"m4a.default\">\n\t\t\t\t<div class=\"elementor-widget-container\">\n\t\t\t\t<section class=\"mn-m4_b mn-bg-green\">\n\t\t        <div class=\"mn-grid\">\n            <h2 class=\"mn-grid-12\">Studia II stopnia:<\/h2>\n        <\/div>\n\t\t\t\t\t<div class=\"mn-grid\">\n\t\t\t\t\t\t\t<div class=\"mn-grid-3 mn-kat-m4-container\">\n\t\t\t\t\t\t\t\t\t\t\t\t\t\t\t\t<h3>Architektura krajobrazu<\/h3>\n\t\t\t\t\t\t\t\t\t\t\t\t\t\t\t\t\t\t\t\t\t\t<a href=\"https:\/\/up.lublin.pl\/rekrutacja\/architektura-krajobrazu-ii-stopnia\/\" class=\"mn-more\">Zobacz wi\u0119cej<\/a>\n\t\t\t\t\t\t\t\t\t\t<\/div>\n\t\t\t\t\t\t\t\t<div class=\"mn-grid-3 mn-kat-m4-container\">\n\t\t\t\t\t\t\t\t\t\t\t\t\t\t\t\t<h3>Ochrona ro\u015blin i&nbsp;kontrola fitosanitarna<\/h3>\n\t\t\t\t\t\t\t\t\t\t\t\t\t\t\t\t\t\t\t\t\t\t<a href=\"https:\/\/up.lublin.pl\/rekrutacja\/ochrona-roslin-i-kontrola-fitosanitarna-ii-stopnia\/\" class=\"mn-more\">Zobacz wi\u0119cej<\/a>\n\t\t\t\t\t\t\t\t\t\t<\/div>\n\t\t\t\t\t\t\t\t<div class=\"mn-grid-3 mn-kat-m4-container\">\n\t\t\t\t\t\t\t\t\t\t\t\t\t\t\t\t<h3>Ogrodnictwo<\/h3>\n\t\t\t\t\t\t\t\t\t\t\t\t\t\t\t\t\t\t\t\t\t\t<a href=\"https:\/\/up.lublin.pl\/rekrutacja\/ogrodnictwo-ii-stopnia\" class=\"mn-more\">Zobacz wi\u0119cej<\/a>\n\t\t\t\t\t\t\t\t\t\t<\/div>\n\t\t\t\t\t\t\t\t<div class=\"mn-grid-3 mn-kat-m4-container\">\n\t\t\t\t\t\t\t\t\t\t\t\t\t\t\t\t<h3>Zielarstwo i&nbsp;fitoprodukty<\/h3>\n\t\t\t\t\t\t\t\t\t\t\t\t\t\t\t\t\t\t\t\t\t\t<a href=\"https:\/\/up.lublin.pl\/rekrutacja\/zielarstwo-i-fitoprodukty-ii-stopnia\/\" class=\"mn-more\">Zobacz wi\u0119cej<\/a>\n\t\t\t\t\t\t\t\t\t\t<\/div>\n\t\t\t\t\t\t\t\t<div class=\"mn-grid-3 mn-kat-m4-container\">\n\t\t\t\t\t\t\t\t\t\t\t\t\t\t\t\t<h3>Zielona urbanistyka<\/h3>\n\t\t\t\t\t\t\t\t\t\t\t\t\t\t\t\t\t\t\t\t\t\t<a href=\"https:\/\/up.lublin.pl\/rekrutacja\/zielona-urbanistyka-ii-stopnia\" class=\"mn-more\">Zobacz wi\u0119cej<\/a>\n\t\t\t\t\t\t\t\t\t\t<\/div>\n\t\t\t\t\t\t\t\t<div class=\"mn-grid-3 mn-kat-m4-container\">\n\t\t\t\t\t\t\t\t\t\t\t\t\t\t\t\t<h3>Green Urban Planning<\/h3>\n\t\t\t\t\t\t\t\t\t\t\t\t\t\t\t\t\t\t\t\t\t\t<a href=\"https:\/\/up.lublin.pl\/en\/admission\/green-urban-planning\/\" class=\"mn-more\">Zobacz wi\u0119cej<\/a>\n\t\t\t\t\t\t\t\t\t\t<\/div>\n\t\t\t\t\t\t\t\t<div class=\"mn-grid-3 mn-kat-m4-container\">\n\t\t\t\t\t\t\t\t\t\t\t\t\t\t\t\t<h3>Plant Protection and Phytosanitary Control<\/h3>\n\t\t\t\t\t\t\t\t\t\t\t\t\t\t\t\t\t\t\t\t\t\t<a href=\"https:\/\/up.lublin.pl\/en\/admission\/plant-protection-and-phytosanitary-control\/\" class=\"mn-more\">Zobacz wi\u0119cej<\/a>\n\t\t\t\t\t\t\t\t\t\t<\/div>\n\t\t\t\t\t\t<\/div>\n\t<\/section>\n\t\t\t<\/div>\n\t\t\t\t<\/div>\n\t\t\t\t\t\t<\/div>\n\t\t\t\t\t<\/div>\n\t\t<\/div>\n\t\t\t\t\t\t\t\t<\/div>\n\t\t\t\t\t<\/div>\n\t\t<\/section>\n\t\t\t\t\t\t<\/div>\n\t\t\t\t\t\t<\/div>\n\t\t\t\t\t<\/div>\n\t\t","protected":false},"excerpt":{"rendered":"<p>Wydzia\u0142 Ogrodnictwa i&nbsp;Architektury Krajobrazu Kierunki studi\u00f3w UP Wydzia\u0142 Ogrodnictwa i&nbsp;Architektury Krajobrazu Studia I&nbsp;stopnia: Architektura krajobrazu Zobacz wi\u0119cej Ogrodnictwo Zobacz wi\u0119cej Sztuka ogrodowa i&nbsp;aran\u017cacje ro\u015blinne Zobacz wi\u0119cej Zielarstwo i&nbsp;fitoprodukty Zobacz wi\u0119cej Studia II stopnia: Architektura krajobrazu Zobacz wi\u0119cej Ochrona ro\u015blin i&nbsp;kontrola fitosanitarna Zobacz wi\u0119cej Ogrodnictwo Zobacz wi\u0119cej Zielarstwo i&nbsp;fitoprodukty Zobacz wi\u0119cej Zielona urbanistyka Zobacz wi\u0119cej Green [&hellip;]<\/p>\n","protected":false},"author":2,"featured_media":0,"parent":0,"menu_order":0,"comment_status":"closed","ping_status":"closed","template":"elementor_header_footer","meta":{"_monsterinsights_skip_tracking":false,"_monsterinsights_sitenote_active":false,"_monsterinsights_sitenote_note":"","_monsterinsights_sitenote_category":0},"_links":{"self":[{"href":"https:\/\/up.lublin.pl\/ogrodnictwo\/wp-json\/wp\/v2\/pages\/224"}],"collection":[{"href":"https:\/\/up.lublin.pl\/ogrodnictwo\/wp-json\/wp\/v2\/pages"}],"about":[{"href":"https:\/\/up.lublin.pl\/ogrodnictwo\/wp-json\/wp\/v2\/types\/page"}],"author":[{"embeddable":true,"href":"https:\/\/up.lublin.pl\/ogrodnictwo\/wp-json\/wp\/v2\/users\/2"}],"replies":[{"embeddable":true,"href":"https:\/\/up.lublin.pl\/ogrodnictwo\/wp-json\/wp\/v2\/comments?post=224"}],"version-history":[{"count":70,"href":"https:\/\/up.lublin.pl\/ogrodnictwo\/wp-json\/wp\/v2\/pages\/224\/revisions"}],"predecessor-version":[{"id":182836,"href":"https:\/\/up.lublin.pl\/ogrodnictwo\/wp-json\/wp\/v2\/pages\/224\/revisions\/182836"}],"wp:attachment":[{"href":"https:\/\/up.lublin.pl\/ogrodnictwo\/wp-json\/wp\/v2\/media?parent=224"}],"curies":[{"name":"wp","href":"https:\/\/api.w.org\/{rel}","templated":true}]}}