{"id":177608,"date":"2025-07-02T11:10:58","date_gmt":"2025-07-02T09:10:58","guid":{"rendered":"https:\/\/up.lublin.pl\/ogrodnictwo\/?page_id=177608"},"modified":"2025-07-02T11:30:30","modified_gmt":"2025-07-02T09:30:30","slug":"zielona-urbanistyka-studia-stacjonarne-ii-st-2025-2026","status":"publish","type":"page","link":"https:\/\/up.lublin.pl\/ogrodnictwo\/zielona-urbanistyka-studia-stacjonarne-ii-st-2025-2026\/","title":{"rendered":"Zielona urbanistyka-Studia Stacjonarne II st. 2025-2026"},"content":{"rendered":"\t\t<div data-elementor-type=\"wp-page\" data-elementor-id=\"177608\" class=\"elementor elementor-177608\" data-elementor-settings=\"[]\">\n\t\t\t\t\t\t<div class=\"elementor-inner\">\n\t\t\t\t\t\t\t<div class=\"elementor-section-wrap\">\n\t\t\t\t\t\t\t<section class=\"elementor-section elementor-top-section elementor-element elementor-element-86d8519 elementor-section-boxed elementor-section-height-default elementor-section-height-default\" data-id=\"86d8519\" data-element_type=\"section\">\n\t\t\t\t\t\t<div class=\"elementor-container elementor-column-gap-default\">\n\t\t\t\t\t\t\t<div class=\"elementor-row\">\n\t\t\t\t\t<div class=\"elementor-column elementor-col-100 elementor-top-column elementor-element elementor-element-7a1b54d\" data-id=\"7a1b54d\" data-element_type=\"column\">\n\t\t\t<div class=\"elementor-column-wrap elementor-element-populated\">\n\t\t\t\t\t\t\t<div class=\"elementor-widget-wrap\">\n\t\t\t\t\t\t<div class=\"elementor-element elementor-element-e7e79a6 elementor-widget elementor-widget-m5c\" data-id=\"e7e79a6\" data-element_type=\"widget\" data-widget_type=\"m5c.default\">\n\t\t\t\t<div class=\"elementor-widget-container\">\n\t\t\t<section class=\"mn-m5-c mn-m5-d2 mn-bg-white\">\n\t<div class=\"mn-grid\">\n\t\t\t\t<div class=\"mn-content mn-grid-9\">\n\t\t\t                <div class=\"mn-content-block active\">\n\t                                                        <div class=\"block-text\">\n\t                                        <h5><a href=\"https:\/\/up.lublin.pl\/ogrodnictwo\/ksztalcenie\/#opisy_sylabus%C3%B3w\">\u2190 powr\u00f3t<\/a><\/h5>\n<h2 style=\"text-align: center\"><span style=\"font-size: 28px\">Zielona urbanistyka &#8211; <br \/>Studia Stacjonarne II st. 2025-2026<\/span><\/h2>\n                                        <\/div>\n\t\t\t\t\t\t                                                        <ul class=\"mn-accordion\">\n                                            <li>\n                                                <h4 class=\"mn-accordion-title\">SEMESTR I<\/h4>\n                                                <div>\n\t\t\t\t\t\t\t\t\t                <p><a href=\"https:\/\/up.lublin.pl\/ogrodnictwo\/wp-content\/uploads\/sites\/6\/2025\/07\/M_ZU_S1_01-Analizy-w-projektowaniu-urbanistycznym-1.pdf\">M_ZU_S1_01 &#8211; Analizy w&nbsp;projektowaniu urbanistycznym<\/a><\/p>\n<p><a href=\"https:\/\/up.lublin.pl\/ogrodnictwo\/wp-content\/uploads\/sites\/6\/2025\/07\/M_ZU_S1_02-Funkcjonowanie-srodowiska-przyrodniczego-miasta-1.pdf\">M_ZU_S1_02 &#8211; Funkcjonowanie \u015brodowiska przyrodniczego miasta<\/a><\/p>\n<p><a href=\"https:\/\/up.lublin.pl\/ogrodnictwo\/wp-content\/uploads\/sites\/6\/2025\/07\/M_ZU_S1_03-Projektowanie-architektoniczno-urbanistyczne-1.pdf\">M_ZU_S1_03 &#8211; Projektowanie architektoniczno-urbanistyczne 1<\/a><\/p>\n<p><a href=\"https:\/\/up.lublin.pl\/ogrodnictwo\/wp-content\/uploads\/sites\/6\/2025\/07\/M_ZU_S1_04-Planowanie-przestrzenne-1.pdf\">M_ZU_S1_04 &#8211; Planowanie przestrzenne 1<\/a><\/p>\n<p><a href=\"https:\/\/up.lublin.pl\/ogrodnictwo\/wp-content\/uploads\/sites\/6\/2025\/07\/M_ZU_S1_05-Historia-urbanistyki-1.pdf\">M_ZU_S1_05 &#8211; Historia urbanistyki<\/a><\/p>\n<p><a href=\"https:\/\/up.lublin.pl\/ogrodnictwo\/wp-content\/uploads\/sites\/6\/2025\/07\/M_ZU_S1_06-GIS-Systemy-Informacji-Przestrzennej-1.pdf\">M_ZU_S1_06 &#8211; GIS Systemy Informacji Przestrzennej<\/a><\/p>\n<p><a href=\"https:\/\/up.lublin.pl\/ogrodnictwo\/wp-content\/uploads\/sites\/6\/2025\/07\/M_ZU_S1_07a-Specjalistyczny-jezyk-obcy-angielski-1.pdf\">M_ZU_S1_07a &#8211; Specjalistyczny j\u0119zyk obcy &#8211; angielski<\/a><\/p>\n<p><a href=\"https:\/\/up.lublin.pl\/ogrodnictwo\/wp-content\/uploads\/sites\/6\/2025\/07\/M_ZU_S1_07b-Specjalistyczny-jezyk-obcy-niemiecki-1.pdf\">M_ZU_S1_07b &#8211; Specjalistyczny j\u0119zyk obcy &#8211; niemiecki<\/a><\/p>\n<p><a href=\"https:\/\/up.lublin.pl\/ogrodnictwo\/wp-content\/uploads\/sites\/6\/2025\/07\/M_ZU_S1_07c-Specjalistyczny-jezyk-obcy-rosyjski-1.pdf\">M_ZU_S1_07c &#8211; Specjalistyczny j\u0119zyk obcy &#8211; rosyjski<\/a><\/p>\n<p><strong>M_ZU_S1_08 &#8211; Przedmiot do wyboru 1<\/strong><\/p>\n<ul>\n<li><a href=\"https:\/\/up.lublin.pl\/ogrodnictwo\/wp-content\/uploads\/sites\/6\/2025\/07\/M_ZU_S1_08a-Gospodarowanie-woda-w-miescie-1.pdf\">M_ZU_S1_08a &#8211; Gospodarowanie wod\u0105 w&nbsp;mie\u015bcie<\/a><\/li>\n<li><a href=\"https:\/\/up.lublin.pl\/ogrodnictwo\/wp-content\/uploads\/sites\/6\/2025\/07\/M_ZU_S1_08b-Rewitalizacja-krajobrazu-i-obszarow-zdegradowanych-1.pdf\">M_ZU_S1_08b &#8211; Rewitalizacja krajobrazu i&nbsp;obszar\u00f3w zdegradowanych<\/a><\/li>\n<li><a href=\"https:\/\/up.lublin.pl\/ogrodnictwo\/wp-content\/uploads\/sites\/6\/2025\/07\/M_ZU_S1_08c-Adaptacja-miast-do-zmian-klimatycznych.pdf\">M_ZU_S1_08c &#8211; Adaptacja miast do zmian klimatycznych<\/a><\/li>\n<\/ul>\n<p><strong>M_ZU_S1_09 &#8211; Przedmiot do wyboru 2<\/strong><\/p>\n<ul>\n<li><a href=\"https:\/\/up.lublin.pl\/ogrodnictwo\/wp-content\/uploads\/sites\/6\/2025\/07\/M_ZU_S1_09a-Ochrona-i-waloryzacja-szaty-roslinnej-w-zalozeniach-historycznych.pdf\">M_ZU_S1_09a &#8211; Ochrona i&nbsp;waloryzacja szaty ro\u015blinnej w&nbsp;za\u0142o\u017ceniach historycznych<\/a><\/li>\n<li><a href=\"https:\/\/up.lublin.pl\/ogrodnictwo\/wp-content\/uploads\/sites\/6\/2025\/07\/M_ZU_S1_09b-Ogro\u0301d-zabytkowy-we-wspo\u0301lczesnych-strukturach-urbanistycznych.pdf\">M_ZU_S1_09b &#8211; Ogro\u0301d zabytkowy we wspo\u0301\u0142czesnych strukturach urbanistycznych<\/a><\/li>\n<\/ul>\n<p><strong>M_ZU_S1_10 &#8211; Przedmiot do wyboru 3<\/strong><\/p>\n<ul>\n<li><a href=\"https:\/\/up.lublin.pl\/ogrodnictwo\/wp-content\/uploads\/sites\/6\/2025\/07\/M_ZU_S1_10a-Ogrody-tymczasowe.pdf\">M_ZU_S1_10a &#8211; Ogrody tymczasowe<\/a><\/li>\n<li><a href=\"https:\/\/up.lublin.pl\/ogrodnictwo\/wp-content\/uploads\/sites\/6\/2025\/07\/M_ZU_S1_10b-Ogrodnictwo-miejskie.pdf\">M_ZU_S1_10b &#8211; Ogrodnictwo miejskie<\/a><\/li>\n<\/ul>\n                                                <\/div>\n                                            <\/li>\n                                        <\/ul>\n\t\t\t\t\t\t                                                        <ul class=\"mn-accordion\">\n                                            <li>\n                                                <h4 class=\"mn-accordion-title\">SEMESTR II<\/h4>\n                                                <div>\n\t\t\t\t\t\t\t\t\t                <p><a href=\"https:\/\/up.lublin.pl\/ogrodnictwo\/wp-content\/uploads\/sites\/6\/2025\/07\/M_ZU_S2_01-Opracowanie-dokumentacji-projektowej.pdf\">M_ZU_S2_01 &#8211; Opracowanie dokumentacji projektowej<\/a><\/p>\n<p><a href=\"https:\/\/up.lublin.pl\/ogrodnictwo\/wp-content\/uploads\/sites\/6\/2025\/07\/M_ZU_S2_02-Roslinnosc-dla-terenow-zurbanizowanych.pdf\">M_ZU_S2_02 &#8211; Ro\u015blinno\u015b\u0107 dla teren\u00f3w zurbanizowanych<\/a><\/p>\n<p><a href=\"https:\/\/up.lublin.pl\/ogrodnictwo\/wp-content\/uploads\/sites\/6\/2025\/07\/M_ZU_S2_03-Projekrowanie-architektoniczno-urbanistyczne-2.pdf\">M_ZU_S2_03 &#8211; Projektowanie architektoniczno-urbanistyczne 2<\/a><\/p>\n<p><a href=\"https:\/\/up.lublin.pl\/ogrodnictwo\/wp-content\/uploads\/sites\/6\/2025\/07\/M_ZU_S2_04-Planowanie-przestrzenne-2.pdf\">M_ZU_S2_04 &#8211; Planowanie przestrzenne 2<\/a><\/p>\n<p><a href=\"https:\/\/up.lublin.pl\/ogrodnictwo\/wp-content\/uploads\/sites\/6\/2025\/07\/M_ZU_S2_05-Teoria-urbanistyki-miasta-przyszlos\u0301ci.pdf\">M_ZU_S2_05 &#8211; Teoria urbanistyki &#8211; miasta przysz\u0142os\u0301ci<\/a><\/p>\n<p><a href=\"https:\/\/up.lublin.pl\/ogrodnictwo\/wp-content\/uploads\/sites\/6\/2025\/07\/M_ZU_S2_06-Drzewa-w-miescie.pdf\">M_ZU_S2_06 &#8211; Drzewa w&nbsp;mie\u015bcie<\/a><\/p>\n<p><a href=\"https:\/\/up.lublin.pl\/ogrodnictwo\/wp-content\/uploads\/sites\/6\/2025\/07\/M_ZU_S2_07-Instrumenty-finasowe-na-potrzeby-zielonej-urbanistyki.pdf\">M_ZU_S2_07 &#8211; Instrumenty finansowe na potrzeby zielonej urbanistyki<\/a><\/p>\n<p><a href=\"https:\/\/up.lublin.pl\/ogrodnictwo\/wp-content\/uploads\/sites\/6\/2025\/07\/M_ZU_S2_08-Seminarium-dyplomowe-1.pdf\">M_ZU_S2_08 &#8211; Seminarium dyplomowe 1<\/a><\/p>\n<p><strong>M_ZU_S2_09 &#8211; Przedmiot do wyboru 4<\/strong><\/p>\n<ul>\n<li><a href=\"https:\/\/up.lublin.pl\/ogrodnictwo\/wp-content\/uploads\/sites\/6\/2025\/07\/M_ZU_S2_09a-Wzornictwo-w-przestrzeni-publicznej.pdf\">M_ZU_S2_09a &#8211; Wzornictwo w&nbsp;przestrzeni publicznej<\/a><\/li>\n<li><a href=\"https:\/\/up.lublin.pl\/ogrodnictwo\/wp-content\/uploads\/sites\/6\/2025\/07\/M_ZU_S2_09b-Modelowanie-i-makietowanie.pdf\">M_ZU_S2_09b &#8211; Modelowanie i&nbsp;makietowanie<\/a><\/li>\n<\/ul>\n<p><strong>M_ZU_S2_10 &#8211; Przedmiot do wyboru 5<\/strong><\/p>\n<ul>\n<li><a href=\"https:\/\/up.lublin.pl\/ogrodnictwo\/wp-content\/uploads\/sites\/6\/2025\/07\/M_ZU_S2_10a-Ksztaltowanie-terenow-rekreacyjnych.pdf\">M_ZU_S2_10a &#8211; Kszta\u0142towanie teren\u00f3w rekreacyjnych<\/a><\/li>\n<li><a href=\"https:\/\/up.lublin.pl\/ogrodnictwo\/wp-content\/uploads\/sites\/6\/2025\/07\/M_ZU_S2_10b-Park-miejski-funkcja-forma-relacja-z-krajobrazem.pdf\">M_ZU_S2_10b &#8211; Park miejski &#8211; funkcja, forma, relacja z&nbsp;krajobrazem<\/a><\/li>\n<li><a href=\"https:\/\/up.lublin.pl\/ogrodnictwo\/wp-content\/uploads\/sites\/6\/2025\/07\/M_ZU_S2_10c-Parki-i-lasy-kieszonkowe.pdf\">M_ZU_S2_10c &#8211; Parki i&nbsp;lasy kieszonkowe<\/a><\/li>\n<\/ul>\n<p><strong>M_ZU_S2_11 &#8211; Przedmiot do wyboru 6<\/strong><\/p>\n<ul>\n<li><a href=\"https:\/\/up.lublin.pl\/ogrodnictwo\/wp-content\/uploads\/sites\/6\/2025\/07\/M_ZU_S2_11a-Rola-i-funkcje-zieleni-miejskiej.pdf\">M_ZU_S2_11a &#8211; Rola i&nbsp;funkcje zieleni miejskiej<\/a><\/li>\n<li><a href=\"https:\/\/up.lublin.pl\/ogrodnictwo\/wp-content\/uploads\/sites\/6\/2025\/07\/M_ZU_S2_11b-Rodzima-roslinnosc-w-krajobrazie-parku-ogrodzie.pdf\">M_ZU_S2_11b &#8211; Rodzima ro\u015blinno\u015b\u0107 w&nbsp;krajobrazie, parku, ogrodzie<\/a><\/li>\n<\/ul>\n                                                <\/div>\n                                            <\/li>\n                                        <\/ul>\n\t\t\t\t\t\t                                                        <ul class=\"mn-accordion\">\n                                            <li>\n                                                <h4 class=\"mn-accordion-title\">SEMESTR III<\/h4>\n                                                <div>\n\t\t\t\t\t\t\t\t\t                <p><a href=\"https:\/\/up.lublin.pl\/ogrodnictwo\/wp-content\/uploads\/sites\/6\/2025\/07\/M_ZU_S3_01-Ekologia-miasta.pdf\">M_ZU_S3_01 &#8211; Ekologia miasta<\/a><\/p>\n<p><a href=\"https:\/\/up.lublin.pl\/ogrodnictwo\/wp-content\/uploads\/sites\/6\/2025\/07\/M_ZU_S3_02-Prawo-w-projektowaniu-urbanistycznym.pdf\">M_ZU_S3_02 &#8211; Prawo w&nbsp;projektowaniu urbanistycznym<\/a><\/p>\n<p><a href=\"https:\/\/up.lublin.pl\/ogrodnictwo\/wp-content\/uploads\/sites\/6\/2025\/07\/M_ZU_S3_03-Cyfryzacja-i-technologiczne-rozwiazania-projektowe.pdf\">M_ZU_S3_03 &#8211; Cyfryzacja i&nbsp;technologiczne rozwi\u0105zania projektowe<\/a><\/p>\n<p><a href=\"https:\/\/up.lublin.pl\/ogrodnictwo\/wp-content\/uploads\/sites\/6\/2025\/07\/M_ZU_S3_04-Blekitno-zielona-urbanistyka.pdf\">M_ZU_S3_04 &#8211; B\u0142\u0119kitno-zielona urbanistyka<\/a><\/p>\n<p><a href=\"https:\/\/up.lublin.pl\/ogrodnictwo\/wp-content\/uploads\/sites\/6\/2025\/07\/M_ZU_S3_05-Seminarium-dyplomowe-2.pdf\">M_ZU_S3_05 &#8211; Seminarium dyplomowe 2<\/a><\/p>\n<p><a href=\"https:\/\/up.lublin.pl\/ogrodnictwo\/wp-content\/uploads\/sites\/6\/2025\/07\/M_ZU_S3_06-Studio-projektowe.pdf\">M_ZU_S3_06 &#8211; Studio projektowe<\/a><\/p>\n<p><strong>M_ZU_S3_07 &#8211; Przedmiot do wyboru 7<\/strong><\/p>\n<ul>\n<li><a href=\"https:\/\/up.lublin.pl\/ogrodnictwo\/wp-content\/uploads\/sites\/6\/2025\/07\/M_ZU_S3_07a-Przestrzen-publiczna-i-partycypacja-spoleczna.pdf\">M_ZU_S3_07a &#8211; Przestrze\u0144 publiczna i&nbsp;partycypacja spo\u0142eczna<\/a><\/li>\n<li><a href=\"https:\/\/up.lublin.pl\/ogrodnictwo\/wp-content\/uploads\/sites\/6\/2025\/07\/M_ZU_S3_07b-Negocjacje-i-komunikacja-interpersonalna.pdf\">M_ZU_S3_07b &#8211; Negocjacje i&nbsp;komunikacja interpersonalna<\/a><\/li>\n<\/ul>\n<p><strong>M_ZU_S3_08 &#8211; Przedmiot do wyboru 8<\/strong><\/p>\n<ul>\n<li><a href=\"https:\/\/up.lublin.pl\/ogrodnictwo\/wp-content\/uploads\/sites\/6\/2025\/07\/M_ZU_S3_08a-Elementy-zielonej-infrastruktury.pdf\">M_ZU_S3_08a &#8211; Elementy zielonej infrastruktury<\/a><\/li>\n<li><a href=\"https:\/\/up.lublin.pl\/ogrodnictwo\/wp-content\/uploads\/sites\/6\/2025\/07\/M_ZU_S3_08b-Innowacyjne-rozwiaznia-proekologiczne-w-zielonej-urbanistyce.pdf\">M_ZU_S3_08b &#8211; Innowacyjne rozwi\u0105zania proekologiczne w&nbsp;zielonej urbanistyce<\/a><\/li>\n<\/ul>\n<p><a href=\"https:\/\/up.lublin.pl\/ogrodnictwo\/wp-content\/uploads\/sites\/6\/2025\/07\/M_ZU_S3_09-Praca-magisterska-i-egzamin-dyplomowy.pdf\">M_ZU_S3_09 &#8211; Praca magisterska i&nbsp;egzamin dyplomowy<\/a><\/p>\n                                                <\/div>\n                                            <\/li>\n                                        <\/ul>\n\t\t\t\t\t\t                                <\/div>\n\t\t\t\t                <div class=\"mn-content-block\">\n\t                                <\/div>\n\t\t\t\t                <div class=\"mn-content-block\">\n\t                                <\/div>\n\t\t\t\t                <div class=\"mn-content-block\">\n\t                                <\/div>\n\t\t\t\t                <div class=\"mn-content-block\">\n\t                                <\/div>\n\t\t\t\t                <div class=\"mn-content-block\">\n\t                                <\/div>\n\t\t\t\t                <div class=\"mn-content-block\">\n\t                                <\/div>\n\t\t\t\t                <div class=\"mn-content-block\">\n\t                                <\/div>\n\t\t\t\t                <div class=\"mn-content-block\">\n\t                                <\/div>\n\t\t\t\t                <div class=\"mn-content-block\">\n\t                                <\/div>\n\t\t\t\t                <div class=\"mn-content-block\">\n\t                                <\/div>\n\t\t\t\t                <div class=\"mn-content-block\">\n\t                                <\/div>\n\t\t\t\t                <div class=\"mn-content-block\">\n\t                                <\/div>\n\t\t\t\t                <div class=\"mn-content-block\">\n\t                                <\/div>\n\t\t\t\t                <div class=\"mn-content-block\">\n\t                                <\/div>\n\t\t\t\t                <div class=\"mn-content-block\">\n\t                                <\/div>\n\t\t\t\t                <div class=\"mn-content-block\">\n\t                                <\/div>\n\t\t\t\t                <div class=\"mn-content-block\">\n\t                                <\/div>\n\t\t\t\t                <div class=\"mn-content-block\">\n\t                                <\/div>\n\t\t\t\t                <div class=\"mn-content-block\">\n\t                                <\/div>\n\t\t\t\t\t\t<\/div>\n\t<\/div>\n<\/section>\n\t\t<\/div>\n\t\t\t\t<\/div>\n\t\t\t\t\t\t<\/div>\n\t\t\t\t\t<\/div>\n\t\t<\/div>\n\t\t\t\t\t\t\t\t<\/div>\n\t\t\t\t\t<\/div>\n\t\t<\/section>\n\t\t\t\t\t\t<\/div>\n\t\t\t\t\t\t<\/div>\n\t\t\t\t\t<\/div>\n\t\t","protected":false},"excerpt":{"rendered":"<p>\u2190 powr\u00f3t Zielona urbanistyka &#8211; Studia Stacjonarne II st. 2025-2026 SEMESTR I M_ZU_S1_01 &#8211; Analizy w&nbsp;projektowaniu urbanistycznym M_ZU_S1_02 &#8211; Funkcjonowanie \u015brodowiska przyrodniczego miasta M_ZU_S1_03 &#8211; Projektowanie architektoniczno-urbanistyczne 1 M_ZU_S1_04 &#8211; Planowanie przestrzenne 1 M_ZU_S1_05 &#8211; Historia urbanistyki M_ZU_S1_06 &#8211; GIS Systemy Informacji Przestrzennej M_ZU_S1_07a &#8211; Specjalistyczny j\u0119zyk obcy &#8211; angielski M_ZU_S1_07b &#8211; Specjalistyczny j\u0119zyk obcy [&hellip;]<\/p>\n","protected":false},"author":279,"featured_media":0,"parent":0,"menu_order":0,"comment_status":"closed","ping_status":"closed","template":"","meta":{"_monsterinsights_skip_tracking":false,"_monsterinsights_sitenote_active":false,"_monsterinsights_sitenote_note":"","_monsterinsights_sitenote_category":0},"_links":{"self":[{"href":"https:\/\/up.lublin.pl\/ogrodnictwo\/wp-json\/wp\/v2\/pages\/177608"}],"collection":[{"href":"https:\/\/up.lublin.pl\/ogrodnictwo\/wp-json\/wp\/v2\/pages"}],"about":[{"href":"https:\/\/up.lublin.pl\/ogrodnictwo\/wp-json\/wp\/v2\/types\/page"}],"author":[{"embeddable":true,"href":"https:\/\/up.lublin.pl\/ogrodnictwo\/wp-json\/wp\/v2\/users\/279"}],"replies":[{"embeddable":true,"href":"https:\/\/up.lublin.pl\/ogrodnictwo\/wp-json\/wp\/v2\/comments?post=177608"}],"version-history":[{"count":16,"href":"https:\/\/up.lublin.pl\/ogrodnictwo\/wp-json\/wp\/v2\/pages\/177608\/revisions"}],"predecessor-version":[{"id":177833,"href":"https:\/\/up.lublin.pl\/ogrodnictwo\/wp-json\/wp\/v2\/pages\/177608\/revisions\/177833"}],"wp:attachment":[{"href":"https:\/\/up.lublin.pl\/ogrodnictwo\/wp-json\/wp\/v2\/media?parent=177608"}],"curies":[{"name":"wp","href":"https:\/\/api.w.org\/{rel}","templated":true}]}}