{"id":175341,"date":"2024-11-19T11:13:19","date_gmt":"2024-11-19T10:13:19","guid":{"rendered":"https:\/\/up.lublin.pl\/ogrodnictwo\/?page_id=175341"},"modified":"2024-11-19T11:28:19","modified_gmt":"2024-11-19T10:28:19","slug":"skno","status":"publish","type":"page","link":"https:\/\/up.lublin.pl\/ogrodnictwo\/skno\/","title":{"rendered":"SKNO"},"content":{"rendered":"\t\t<div data-elementor-type=\"wp-page\" data-elementor-id=\"175341\" class=\"elementor elementor-175341\" data-elementor-settings=\"[]\">\n\t\t\t\t\t\t<div class=\"elementor-inner\">\n\t\t\t\t\t\t\t<div class=\"elementor-section-wrap\">\n\t\t\t\t\t\t\t<section class=\"elementor-section elementor-top-section elementor-element elementor-element-a8be4d5 elementor-section-boxed elementor-section-height-default elementor-section-height-default\" data-id=\"a8be4d5\" data-element_type=\"section\">\n\t\t\t\t\t\t<div class=\"elementor-container elementor-column-gap-default\">\n\t\t\t\t\t\t\t<div class=\"elementor-row\">\n\t\t\t\t\t<div class=\"elementor-column elementor-col-100 elementor-top-column elementor-element elementor-element-cd44a95\" data-id=\"cd44a95\" data-element_type=\"column\">\n\t\t\t<div class=\"elementor-column-wrap elementor-element-populated\">\n\t\t\t\t\t\t\t<div class=\"elementor-widget-wrap\">\n\t\t\t\t\t\t<div class=\"elementor-element elementor-element-1106113 elementor-widget elementor-widget-m5c\" data-id=\"1106113\" data-element_type=\"widget\" data-widget_type=\"m5c.default\">\n\t\t\t\t<div class=\"elementor-widget-container\">\n\t\t\t<section class=\"mn-m5-c mn-bg-white\">\n\t<div class=\"mn-grid\">\n\t\t            <div class=\"mn-menu-container mn-grid-3\">\n                <ul class=\"mn-bg-yellow\">\n\t                                        <li>\n                            <a href=\"#\" class=\"active\" data-hash=\"#\">\n                                Infomacje o&nbsp;kole                            <\/a>\n                        <\/li>\n                                                <li>\n                            <a href=\"#\" class=\"\" data-hash=\"#\">\n                                Dzia\u0142alno\u015b\u0107                            <\/a>\n                        <\/li>\n                                                <li>\n                            <a href=\"#\" class=\"\" data-hash=\"#\">\n                                Kontakt                            <\/a>\n                        <\/li>\n                                        <\/ul>\n            <\/div>\n\t        \t\t<div class=\"mn-content mn-grid-8\">\n\t\t\t                <div class=\"mn-content-block active\">\n\t                                                        <div class=\"block-text\">\n\t                                        <h2 style=\"text-align: center\">Studenckie Ko\u0142o Naukowe Ogrodnik\u00f3w<\/h2>\n<p><img loading=\"lazy\" class=\"wp-image-175350 aligncenter\" src=\"https:\/\/up.lublin.pl\/ogrodnictwo\/wp-content\/uploads\/sites\/6\/2024\/11\/305656744_458740679603948_3934717236165471525_n.jpg\" alt=\"\" width=\"288\" height=\"288\" \/><\/p>\n                                        <\/div>\n\t\t\t\t\t\t                                                        <div class=\"block-text\">\n\t                                        <p class=\"Teksttreci0\" style=\"text-align: justify\"><span class=\"Teksttreci\">Studenckie Ko\u0142o Naukowe Ogrodnik\u00f3w Uniwersytetu Przyrodniczego w&nbsp;Lublinie<br \/>powsta\u0142o w&nbsp;1964 roku z&nbsp;inicjatywy student\u00f3w \u00f3wczesnej specjalizacji ogrodniczej na Wydziale Rolniczym Wy\u017cszej Szko\u0142y Rolniczej w&nbsp;Lublinie oraz prof. dr hab. Stanis\u0142awa Zaliwskiego.<\/span><\/p>\n<p class=\"Teksttreci0\" style=\"text-align: justify\"><span class=\"Teksttreci\">Pierwszym opiekunem by\u0142 doc. dr hab. Tadeusz Zderkiewicz, kt\u00f3ry pe\u0142ni\u0142 t\u0105 funkcj\u0119 w&nbsp;latach 1964-1971. Nast\u0119pnymi opiekunami byli: prof. dr hab. Janusz Lipecki (1972-1975), prof. dr hab. Jan Dyduch (1975-1990), dr hab. Zenia Micha\u0142oj\u0107, prof. nadzw. AR (1990-1998), dr Pawe\u0142 Szot (1998-2008), dr Mariusz Szmagara (2008-2014) ), dr hab. Katarzyna Dzida (2014-2021), a&nbsp;obecnie od 2021r. stanowisko opiekuna ko\u0142a pe\u0142ni dr Karolina Pitura<\/span><\/p>\n<p class=\"Teksttreci0\" style=\"text-align: justify\"><span class=\"Teksttreci\">Ogrodnictwo jest szerok\u0105 dziedzin\u0105 pocz\u0105wszy od element\u00f3w artystycznych ko\u0144cz\u0105c na dzia\u0142alno\u015bci naukowej, dlatego ka\u017cdy student maj\u0105cy ch\u0119ci uczestnictwa w&nbsp;Kole ma mo\u017cliwo\u015b\u0107 odnalezienia i&nbsp;poszerzania swoich zainteresowa\u0144.<\/span><\/p>\n<p class=\"Teksttreci0\" style=\"text-align: justify\"><span class=\"Teksttreci\">Cz\u0142onkowie SKNO maj\u0105 do swojej dyspozycji pracowanie artystyczn\u0105 znajduj\u0105c\u0105 si\u0119 przy ul. Langiewicza 8, w&nbsp;Domu Studenckim \u201eDODEK\u201d, a&nbsp;tak\u017ce poletko do\u015bwidczalne mieszcz\u0105ce si\u0119 przy ul. Do\u015bwiadczalnej 44 (Felin).<\/span><\/p>\n<p class=\"Teksttreci0\"><span class=\"Teksttreci\">Spotkania cz\u0142onk\u00f3w Ko\u0142o odbywaj\u0105 si\u0119 w&nbsp;budynku CIW ul. G\u0142\u0119boka 28, s. 110.<\/span><\/p>\n<p>\u00a0<\/p>\n<p class=\"Teksttreci0\" style=\"text-align: center\"><span class=\"Teksttreci\"><strong>Zach\u0119camy r\u00f3wnie\u017c do \u015bledzenia naszego profilu, gdzie na bie\u017c\u0105co zamieszczane s\u0105 informacje o&nbsp;aktywno\u015bciach Ko\u0142a<\/strong><br \/><\/span><\/p>\n<p><a href=\"https:\/\/www.facebook.com\/p\/Studenckie-Ko%C5%82o-Naukowe-Ogrodnik%C3%B3w-100064040585365\/?_rdr\"><img loading=\"lazy\" class=\"aligncenter wp-image-149114\" src=\"https:\/\/up.lublin.pl\/ogrodnictwo\/wp-content\/uploads\/sites\/6\/2022\/12\/toppng.com-facebook-logo-png-1255x362-2.png\" alt=\"\" width=\"266\" height=\"67\" \/><\/a><\/p>\n                                        <\/div>\n\t\t\t\t\t\t                                <\/div>\n\t\t\t\t                <div class=\"mn-content-block\">\n\t                                                        <div class=\"block-text\">\n\t                                        <p style=\"text-align: justify\">Dzia\u0142alno\u015b\u0107 naukowa polega na w\u0142\u0105czaniu si\u0119 w&nbsp;badania prowadzone przez zak\u0142ady i&nbsp;katedry Wydzia\u0142u Ogrodniczego. Studenci maj\u0105 mo\u017cliwo\u015b\u0107 uczestnictwa w&nbsp;warsztatach i&nbsp;wyk\u0142adach g\u0142oszonych przez autorytety naukowe oraz producent\u00f3w z&nbsp;bran\u017cy. Uczestnictwo w&nbsp;Kole daje mo\u017cliwo\u015b\u0107 prezentowania swoich osi\u0105gni\u0119\u0107 na konferencjach, zjazdach oraz sympozjach naukowych, w&nbsp;formie referat\u00f3w lub poster\u00f3w. Ponadto cz\u0142onkowie mog\u0105 dzieli\u0107 si\u0119 swoimi pasjami oraz zainteresowaniami. Od lat Studenckie Ko\u0142o Naukowe Ogrodnik\u00f3w niemal co roku uczestniczy w&nbsp;Mi\u0119dzynarodowej Konferencji Studenckich K\u00f3\u0142 Naukowych we Wroc\u0142awiu oraz w&nbsp;Lublinie. Prezentowane prace zawsze zajmuj\u0105 punktowane miejsca lub s\u0105 wyr\u00f3\u017cniane.<\/p>\n<p style=\"text-align: justify\">Studenci zawsze wykazuj\u0105 si\u0119 du\u017cym zaanga\u017cowaniem i&nbsp;ogromnymi zdolno\u015bciami artystycznymi. Dzi\u0119ki udzia\u0142owi w&nbsp;warsztatach i&nbsp;pokazach florystycznych zdobywaj\u0105 wiedz\u0119 jak nale\u017cy uk\u0142ada\u0107 i&nbsp;prezentowa\u0107 kwiaty jak r\u00f3wnie\u017c znajomo\u015b\u0107 najnowszych trend\u00f3w we florystyce.<\/p>\n<p style=\"text-align: justify\">Cz\u0142onkowie SKNO du\u017co pracy i&nbsp;czasu po\u015bwi\u0119caj\u0105 organizacji wystaw kompozycji z&nbsp;\u017cywych oraz suszonych ro\u015blin, a&nbsp;tak\u017ce dekoracjom okoliczno\u015bciowym i&nbsp;stroikom \u015bwi\u0105tecznym, kt\u00f3re zawsze s\u0105 okazj\u0105 do rozszerzania i&nbsp;utrwalania wiedzy z&nbsp;r\u00f3\u017cnych dziedzin ogrodnictwa. Ju\u017c od kilkunastu lat tradycj\u0105 sta\u0142y si\u0119 organizowane wystawy kompozycji i&nbsp;stroik\u00f3w \u015bwi\u0105tecznych organizowane przed \u015awi\u0119tami Bo\u017cego Narodzenia oraz \u015awi\u0119tami Wielkanocnymi.<\/p>\n<p style=\"text-align: justify\">Du\u017cym zainteresowaniem cz\u0142onk\u00f3w Ko\u0142a ciesz\u0105 si\u0119 te\u017c wyjazdy do przoduj\u0105cych zak\u0142ad\u00f3w ogrodniczych, na wystawy i&nbsp;pokazy florystyczne mi\u0119dzy innymi w&nbsp;Poznaniu, \u0141odzi, Warszawie, Aalsmeer i&nbsp;Amsterdamie.<\/p>\n<p>\u00a0<\/p>\n                                        <\/div>\n\t\t\t\t\t\t                                <\/div>\n\t\t\t\t                <div class=\"mn-content-block\">\n\t                                                        <div class=\"block-text\">\n\t                                        <div class=\"block-text\">\n<p>Opiekunem ko\u0142a naukowego jest:<\/p>\n<p><strong>dr Karolina Pitura<br \/><a class=\"mail-link\" href=\"mailto:karolina.pitura@up.lublin.pl\" data-enc-email=\"frjrela.znynjfxv[at]hc.yhoyva.cy\" data-wpel-link=\"ignore\"><span id=\"eeb-526397-721308\">karolina.pitura@up.lublin.pl<\/span><\/a><\/strong><\/p>\n<p>Instytut Produkcji Ogrodniczej<br \/>Wydzia\u0142 Ogrodnictwa i\u00a0Architektury Krajobrazu<\/p>\n<\/div>\n                                        <\/div>\n\t\t\t\t\t\t                                <\/div>\n\t\t\t\t\t\t<\/div>\n\t<\/div>\n<\/section>\n\t\t<\/div>\n\t\t\t\t<\/div>\n\t\t\t\t\t\t<\/div>\n\t\t\t\t\t<\/div>\n\t\t<\/div>\n\t\t\t\t\t\t\t\t<\/div>\n\t\t\t\t\t<\/div>\n\t\t<\/section>\n\t\t\t\t\t\t<\/div>\n\t\t\t\t\t\t<\/div>\n\t\t\t\t\t<\/div>\n\t\t","protected":false},"excerpt":{"rendered":"<p>Infomacje o&nbsp;kole Dzia\u0142alno\u015b\u0107 Kontakt Studenckie Ko\u0142o Naukowe Ogrodnik\u00f3w Studenckie Ko\u0142o Naukowe Ogrodnik\u00f3w Uniwersytetu Przyrodniczego w&nbsp;Lubliniepowsta\u0142o w&nbsp;1964 roku z&nbsp;inicjatywy student\u00f3w \u00f3wczesnej specjalizacji ogrodniczej na Wydziale Rolniczym Wy\u017cszej Szko\u0142y Rolniczej w&nbsp;Lublinie oraz prof. dr hab. Stanis\u0142awa Zaliwskiego. Pierwszym opiekunem by\u0142 doc. dr hab. Tadeusz Zderkiewicz, kt\u00f3ry pe\u0142ni\u0142 t\u0105 funkcj\u0119 w&nbsp;latach 1964-1971. Nast\u0119pnymi opiekunami byli: prof. dr hab. [&hellip;]<\/p>\n","protected":false},"author":279,"featured_media":0,"parent":0,"menu_order":0,"comment_status":"closed","ping_status":"closed","template":"","meta":{"_monsterinsights_skip_tracking":false,"_monsterinsights_sitenote_active":false,"_monsterinsights_sitenote_note":"","_monsterinsights_sitenote_category":0},"_links":{"self":[{"href":"https:\/\/up.lublin.pl\/ogrodnictwo\/wp-json\/wp\/v2\/pages\/175341"}],"collection":[{"href":"https:\/\/up.lublin.pl\/ogrodnictwo\/wp-json\/wp\/v2\/pages"}],"about":[{"href":"https:\/\/up.lublin.pl\/ogrodnictwo\/wp-json\/wp\/v2\/types\/page"}],"author":[{"embeddable":true,"href":"https:\/\/up.lublin.pl\/ogrodnictwo\/wp-json\/wp\/v2\/users\/279"}],"replies":[{"embeddable":true,"href":"https:\/\/up.lublin.pl\/ogrodnictwo\/wp-json\/wp\/v2\/comments?post=175341"}],"version-history":[{"count":13,"href":"https:\/\/up.lublin.pl\/ogrodnictwo\/wp-json\/wp\/v2\/pages\/175341\/revisions"}],"predecessor-version":[{"id":175359,"href":"https:\/\/up.lublin.pl\/ogrodnictwo\/wp-json\/wp\/v2\/pages\/175341\/revisions\/175359"}],"wp:attachment":[{"href":"https:\/\/up.lublin.pl\/ogrodnictwo\/wp-json\/wp\/v2\/media?parent=175341"}],"curies":[{"name":"wp","href":"https:\/\/api.w.org\/{rel}","templated":true}]}}