{"id":173174,"date":"2024-05-06T21:07:41","date_gmt":"2024-05-06T19:07:41","guid":{"rendered":"https:\/\/up.lublin.pl\/ogrodnictwo\/?page_id=173174"},"modified":"2025-04-11T08:27:01","modified_gmt":"2025-04-11T06:27:01","slug":"studenckie-kolo-naukowe-entomologow-dorcus","status":"publish","type":"page","link":"https:\/\/up.lublin.pl\/ogrodnictwo\/studenckie-kolo-naukowe-entomologow-dorcus\/","title":{"rendered":"Studenckie Ko\u0142o Naukowe Entomolog\u00f3w \u201eDorcus&#8221;"},"content":{"rendered":"\t\t<div data-elementor-type=\"wp-page\" data-elementor-id=\"173174\" class=\"elementor elementor-173174\" data-elementor-settings=\"[]\">\n\t\t\t\t\t\t<div class=\"elementor-inner\">\n\t\t\t\t\t\t\t<div class=\"elementor-section-wrap\">\n\t\t\t\t\t\t\t<section class=\"elementor-section elementor-top-section elementor-element elementor-element-0e552eb elementor-section-boxed elementor-section-height-default elementor-section-height-default\" data-id=\"0e552eb\" data-element_type=\"section\">\n\t\t\t\t\t\t<div class=\"elementor-container elementor-column-gap-default\">\n\t\t\t\t\t\t\t<div class=\"elementor-row\">\n\t\t\t\t\t<div class=\"elementor-column elementor-col-100 elementor-top-column elementor-element elementor-element-87b1ce3\" data-id=\"87b1ce3\" data-element_type=\"column\">\n\t\t\t<div class=\"elementor-column-wrap elementor-element-populated\">\n\t\t\t\t\t\t\t<div class=\"elementor-widget-wrap\">\n\t\t\t\t\t\t<div class=\"elementor-element elementor-element-e0d9926 elementor-widget elementor-widget-m5a\" data-id=\"e0d9926\" data-element_type=\"widget\" data-widget_type=\"m5a.default\">\n\t\t\t\t<div class=\"elementor-widget-container\">\n\t\t\t<section class=\"mn-m5-b mn-bg-yellow\">\n\t<div class=\"mn-grid\">\n\t\t<h3 class=\"mn-grid-6\">Studenckie Ko\u0142o Naukowe Entomolog\u00f3w \u201eDorcus\u201d<\/h3>\n\t\t<div class=\"mn-grid-6 mn-lead\">\n\t\t\t<p><\/p>\n\t\t<\/div>\n\t<\/div>\n<\/section>\n\t\t<\/div>\n\t\t\t\t<\/div>\n\t\t\t\t\t\t<\/div>\n\t\t\t\t\t<\/div>\n\t\t<\/div>\n\t\t\t\t\t\t\t\t<\/div>\n\t\t\t\t\t<\/div>\n\t\t<\/section>\n\t\t\t\t<section class=\"elementor-section elementor-top-section elementor-element elementor-element-6858888 elementor-section-boxed elementor-section-height-default elementor-section-height-default\" data-id=\"6858888\" data-element_type=\"section\">\n\t\t\t\t\t\t<div class=\"elementor-container elementor-column-gap-default\">\n\t\t\t\t\t\t\t<div class=\"elementor-row\">\n\t\t\t\t\t<div class=\"elementor-column elementor-col-100 elementor-top-column elementor-element elementor-element-4896500\" data-id=\"4896500\" data-element_type=\"column\">\n\t\t\t<div class=\"elementor-column-wrap elementor-element-populated\">\n\t\t\t\t\t\t\t<div class=\"elementor-widget-wrap\">\n\t\t\t\t\t\t<div class=\"elementor-element elementor-element-f761f9a elementor-widget elementor-widget-m5e\" data-id=\"f761f9a\" data-element_type=\"widget\" data-widget_type=\"m5e.default\">\n\t\t\t\t<div class=\"elementor-widget-container\">\n\t\t\t<section class=\"mn-m5-e mn-bg-white\">\r\n\t<div class=\"mn-grid\">\r\n\t\t\t\t\t<div class=\"mn-img mn-grid-6\">\r\n\t\t\t\t\t\t\t\t\t<img src=\"https:\/\/up.lublin.pl\/ogrodnictwo\/wp-content\/uploads\/sites\/6\/2024\/05\/1.png\" alt=\"\">\r\n\t\t\t\t\t\t\t\t<\/div>\r\n\t\t\t\t\t<div class=\"mn-content mn-grid-6\">\r\n\t\t\t<h2 style=\"text-align: center\"><strong><span style=\"font-size: 24px\">Siedzib\u0105 Studenckiego Ko\u0142a Naukowego jest<\/span><\/strong><\/h2>\n<h3 style=\"text-align: center\"><span style=\"font-size: 24px\"><strong>KATEDRA OCHRONY ROSLIN,<br \/><\/strong><strong>ZAK\u0141AD ENTOMOLOGII<\/strong><\/span><\/h3>\n<h2 style=\"text-align: center\"><span style=\"font-size: 24px\"><strong>Opiekun ko\u0142a:<br \/><\/strong><\/span><strong style=\"font-size: 24px\">dr hab. Edyta G\u00f3rska-Drabik,prof. uczelni<\/strong><\/h2>\n<h3 style=\"text-align: center\"><span style=\"font-size: 24px\">edyta.drabik@up.lublin.pl<\/span><\/h3>\n\t\t<\/div>\r\n\t\t\t<\/div>\r\n<\/section>\r\n\t\t<\/div>\n\t\t\t\t<\/div>\n\t\t\t\t\t\t<\/div>\n\t\t\t\t\t<\/div>\n\t\t<\/div>\n\t\t\t\t\t\t\t\t<\/div>\n\t\t\t\t\t<\/div>\n\t\t<\/section>\n\t\t\t\t<section class=\"elementor-section elementor-top-section elementor-element elementor-element-c59b3c1 elementor-section-boxed elementor-section-height-default elementor-section-height-default\" data-id=\"c59b3c1\" data-element_type=\"section\">\n\t\t\t\t\t\t<div class=\"elementor-container elementor-column-gap-default\">\n\t\t\t\t\t\t\t<div class=\"elementor-row\">\n\t\t\t\t\t<div class=\"elementor-column elementor-col-100 elementor-top-column elementor-element elementor-element-e13a208\" data-id=\"e13a208\" data-element_type=\"column\">\n\t\t\t<div class=\"elementor-column-wrap elementor-element-populated\">\n\t\t\t\t\t\t\t<div class=\"elementor-widget-wrap\">\n\t\t\t\t\t\t<div class=\"elementor-element elementor-element-1772e26 elementor-widget elementor-widget-m5h\" data-id=\"1772e26\" data-element_type=\"widget\" data-widget_type=\"m5h.default\">\n\t\t\t\t<div class=\"elementor-widget-container\">\n\t\t\t<section class=\"mn-m5-h mn-bg-green\">\r\n\t<div class=\"mn-grid\">\r\n\t\t<div class=\"mn-content mn-grid-12\">\r\n\t\t\t<div class=\"mn-lead\">\r\n\t\t\t\t<h5 style=\"text-align: left\"><span style=\"font-size: 20px\">G\u0142\u00f3wne cele SKN:<\/span><\/h5>\n<p style=\"text-align: left\"><span style=\"font-size: 16px\">a) pog\u0142\u0119bianie wiedzy z&nbsp;entomologii,<br \/>b) popularyzowanie wiedzy dotycz\u0105cej \u015bwiata owad\u00f3w,<br \/>c) promowanie owad\u00f3w w\u015br\u00f3d dzieci i&nbsp;m\u0142odzie\u017cy,<br \/>d) badanie bior\u00f3\u017cnorodno\u015bci r\u00f3\u017cnych ekosystem\u00f3w, g\u0142\u00f3wnie le\u015bnego.<\/span><\/p>\n<h5 style=\"text-align: left\"><span style=\"font-size: 20px\">Wydarzenia: <\/span><\/h5>\n<ul>\n<li style=\"text-align: left\"><span style=\"font-size: 16px\"><strong>\u201eStan poznania fauny pszcz\u00f3\u0142 w&nbsp;Polsce\u201d<\/strong> W\u00f3jcicki K., G\u00f3rska-Drabik E., V&nbsp;Mi\u0119dzynarodowe Sympozjum Studenckich K\u00f3\u0142 Naukowych \u2013 \u201e<strong><em>\u015a<\/em><\/strong><strong><em>rodowisko &#8211; Ro\u015blina &#8211; Zwierz\u0119 \u2013 Produkt<\/em><\/strong>\u201d, <strong>Uniwersytet Przyrodniczy w\u00a0Lublinie<\/strong><strong> (18 kwietnia 2024) <\/strong><\/span><\/li>\n<li style=\"text-align: left\"><span style=\"font-size: 16px\"><strong>\u201eOcena stanu populacji i&nbsp;siedliska jelonka rogacza (<\/strong><strong><em>Lucanus cervus <\/em><\/strong><strong>L.)\u00a0\u00a0\u00a0\u00a0\u00a0\u00a0\u00a0\u00a0\u00a0 w&nbsp;le\u015bnictwie Trzeszczany\u201d <\/strong>Grzesiak K., G\u00f3rska-Drabik E. (<strong>referat),<\/strong> IV Mi\u0119dzynarodowe Sympozjum Studenckich K\u00f3\u0142 Naukowych \u2013 \u201e<em>\u015a<\/em><em>rodowisko &#8211; Ro\u015blina &#8211; Zwierz\u0119 \u2013 Produkt<\/em>\u201d, <strong>Uniwersytet Przyrodniczy w&nbsp;Lublinie <\/strong><strong>(20 kwietnia 2023) ksi\u0105\u017cka streszcze\u0144 <\/strong>s.10; ISBN 978-83-7259-387-0 on-line<\/span><\/li>\n<li style=\"text-align: left\"><span style=\"font-size: 16px\">Projekt \u201e<strong><em>Chrz\u0105szczomania<\/em><\/strong>\u201d <em>Grzesiak<\/em> K., Sobowicz J., Wo\u0142osowicz P., Osipiuk K.- XVIII Lubelski Festiwal Nauki (<strong>wrzesie\u0144 2022).<\/strong><\/span><\/li>\n<li style=\"text-align: left\"><span style=\"font-size: 16px\">XIII edycja <strong>\u201c<em>\u015awi\u0119to Mazurskiej D\u0142ubanki<\/em>\u201d<\/strong>&#8211; Grzesiak K.- udzia\u0142 w&nbsp;warsztatach ekologiczno-kulturalne organizowane przez Nadle\u015bnictwo\u00a0 Spychowo (sierpie\u0144 2022).<\/span><\/li>\n<\/ul>\n\t\t\t<\/div>\r\n\t\t<\/div>\r\n\t<\/div>\r\n<\/section>\r\n\t\t<\/div>\n\t\t\t\t<\/div>\n\t\t\t\t\t\t<\/div>\n\t\t\t\t\t<\/div>\n\t\t<\/div>\n\t\t\t\t\t\t\t\t<\/div>\n\t\t\t\t\t<\/div>\n\t\t<\/section>\n\t\t\t\t<section class=\"elementor-section elementor-top-section elementor-element elementor-element-2677226 elementor-section-boxed elementor-section-height-default elementor-section-height-default\" data-id=\"2677226\" data-element_type=\"section\">\n\t\t\t\t\t\t<div class=\"elementor-container elementor-column-gap-default\">\n\t\t\t\t\t\t\t<div class=\"elementor-row\">\n\t\t\t\t\t<div class=\"elementor-column elementor-col-25 elementor-top-column elementor-element elementor-element-54a30bd\" data-id=\"54a30bd\" data-element_type=\"column\">\n\t\t\t<div class=\"elementor-column-wrap elementor-element-populated\">\n\t\t\t\t\t\t\t<div class=\"elementor-widget-wrap\">\n\t\t\t\t\t\t<div class=\"elementor-element elementor-element-7b8eb28 elementor-widget elementor-widget-m5h\" data-id=\"7b8eb28\" data-element_type=\"widget\" data-widget_type=\"m5h.default\">\n\t\t\t\t<div class=\"elementor-widget-container\">\n\t\t\t<section class=\"mn-m5-h mn-bg-green\">\r\n\t<div class=\"mn-grid\">\r\n\t\t<div class=\"mn-content mn-grid-12\">\r\n\t\t\t<div class=\"mn-lead\">\r\n\t\t\t\t<p><img loading=\"lazy\" class=\"alignnone size-full wp-image-173194\" src=\"https:\/\/up.lublin.pl\/ogrodnictwo\/wp-content\/uploads\/sites\/6\/2024\/05\/IMG_3529.jpg\" alt=\"\" width=\"640\" height=\"480\" \/><\/p>\n\t\t\t<\/div>\r\n\t\t<\/div>\r\n\t<\/div>\r\n<\/section>\r\n\t\t<\/div>\n\t\t\t\t<\/div>\n\t\t\t\t\t\t<\/div>\n\t\t\t\t\t<\/div>\n\t\t<\/div>\n\t\t\t\t<div class=\"elementor-column elementor-col-25 elementor-top-column elementor-element elementor-element-267d8ca\" data-id=\"267d8ca\" data-element_type=\"column\">\n\t\t\t<div class=\"elementor-column-wrap elementor-element-populated\">\n\t\t\t\t\t\t\t<div class=\"elementor-widget-wrap\">\n\t\t\t\t\t\t<div class=\"elementor-element elementor-element-f4a1eb2 elementor-widget elementor-widget-m5h\" data-id=\"f4a1eb2\" data-element_type=\"widget\" data-widget_type=\"m5h.default\">\n\t\t\t\t<div class=\"elementor-widget-container\">\n\t\t\t<section class=\"mn-m5-h mn-bg-green\">\r\n\t<div class=\"mn-grid\">\r\n\t\t<div class=\"mn-content mn-grid-12\">\r\n\t\t\t<div class=\"mn-lead\">\r\n\t\t\t\t<p><img loading=\"lazy\" class=\"alignnone size-full wp-image-173190\" src=\"https:\/\/up.lublin.pl\/ogrodnictwo\/wp-content\/uploads\/sites\/6\/2024\/05\/IMG_3525.jpg\" alt=\"\" width=\"640\" height=\"480\" \/><\/p>\n\t\t\t<\/div>\r\n\t\t<\/div>\r\n\t<\/div>\r\n<\/section>\r\n\t\t<\/div>\n\t\t\t\t<\/div>\n\t\t\t\t\t\t<\/div>\n\t\t\t\t\t<\/div>\n\t\t<\/div>\n\t\t\t\t<div class=\"elementor-column elementor-col-25 elementor-top-column elementor-element elementor-element-33abb88\" data-id=\"33abb88\" data-element_type=\"column\">\n\t\t\t<div class=\"elementor-column-wrap elementor-element-populated\">\n\t\t\t\t\t\t\t<div class=\"elementor-widget-wrap\">\n\t\t\t\t\t\t<div class=\"elementor-element elementor-element-966f387 elementor-widget elementor-widget-m5h\" data-id=\"966f387\" data-element_type=\"widget\" data-widget_type=\"m5h.default\">\n\t\t\t\t<div class=\"elementor-widget-container\">\n\t\t\t<section class=\"mn-m5-h mn-bg-green\">\r\n\t<div class=\"mn-grid\">\r\n\t\t<div class=\"mn-content mn-grid-12\">\r\n\t\t\t<div class=\"mn-lead\">\r\n\t\t\t\t<p><img loading=\"lazy\" class=\"alignnone size-full wp-image-173198\" src=\"https:\/\/up.lublin.pl\/ogrodnictwo\/wp-content\/uploads\/sites\/6\/2024\/05\/IMG_3539.jpg\" alt=\"\" width=\"640\" height=\"480\" \/><\/p>\n\t\t\t<\/div>\r\n\t\t<\/div>\r\n\t<\/div>\r\n<\/section>\r\n\t\t<\/div>\n\t\t\t\t<\/div>\n\t\t\t\t\t\t<\/div>\n\t\t\t\t\t<\/div>\n\t\t<\/div>\n\t\t\t\t<div class=\"elementor-column elementor-col-25 elementor-top-column elementor-element elementor-element-0881203\" data-id=\"0881203\" data-element_type=\"column\">\n\t\t\t<div class=\"elementor-column-wrap elementor-element-populated\">\n\t\t\t\t\t\t\t<div class=\"elementor-widget-wrap\">\n\t\t\t\t\t\t<div class=\"elementor-element elementor-element-38fc54e elementor-widget elementor-widget-m5h\" data-id=\"38fc54e\" data-element_type=\"widget\" data-widget_type=\"m5h.default\">\n\t\t\t\t<div class=\"elementor-widget-container\">\n\t\t\t<section class=\"mn-m5-h mn-bg-green\">\r\n\t<div class=\"mn-grid\">\r\n\t\t<div class=\"mn-content mn-grid-12\">\r\n\t\t\t<div class=\"mn-lead\">\r\n\t\t\t\t<p><img loading=\"lazy\" class=\"alignnone wp-image-177183 size-full\" src=\"https:\/\/up.lublin.pl\/ogrodnictwo\/wp-content\/uploads\/sites\/6\/2025\/04\/Wojcicki-Dyplom_scan-2_page-0001.jpg\" alt=\"\" width=\"2481\" height=\"3508\" \/><\/p>\n\t\t\t<\/div>\r\n\t\t<\/div>\r\n\t<\/div>\r\n<\/section>\r\n\t\t<\/div>\n\t\t\t\t<\/div>\n\t\t\t\t\t\t<\/div>\n\t\t\t\t\t<\/div>\n\t\t<\/div>\n\t\t\t\t\t\t\t\t<\/div>\n\t\t\t\t\t<\/div>\n\t\t<\/section>\n\t\t\t\t\t\t<\/div>\n\t\t\t\t\t\t<\/div>\n\t\t\t\t\t<\/div>\n\t\t","protected":false},"excerpt":{"rendered":"<p>Studenckie Ko\u0142o Naukowe Entomolog\u00f3w \u201eDorcus\u201d Siedzib\u0105 Studenckiego Ko\u0142a Naukowego jest KATEDRA OCHRONY ROSLIN,ZAK\u0141AD ENTOMOLOGII Opiekun ko\u0142a:dr hab. Edyta G\u00f3rska-Drabik,prof. uczelni edyta.drabik@up.lublin.pl G\u0142\u00f3wne cele SKN: a) pog\u0142\u0119bianie wiedzy z&nbsp;entomologii,b) popularyzowanie wiedzy dotycz\u0105cej \u015bwiata owad\u00f3w,c) promowanie owad\u00f3w w\u015br\u00f3d dzieci i&nbsp;m\u0142odzie\u017cy,d) badanie bior\u00f3\u017cnorodno\u015bci r\u00f3\u017cnych ekosystem\u00f3w, g\u0142\u00f3wnie le\u015bnego. Wydarzenia: \u201eStan poznania fauny pszcz\u00f3\u0142 w&nbsp;Polsce\u201d W\u00f3jcicki K., G\u00f3rska-Drabik E., V&nbsp;Mi\u0119dzynarodowe [&hellip;]<\/p>\n","protected":false},"author":279,"featured_media":0,"parent":0,"menu_order":0,"comment_status":"closed","ping_status":"closed","template":"","meta":{"_monsterinsights_skip_tracking":false,"_monsterinsights_sitenote_active":false,"_monsterinsights_sitenote_note":"","_monsterinsights_sitenote_category":0},"_links":{"self":[{"href":"https:\/\/up.lublin.pl\/ogrodnictwo\/wp-json\/wp\/v2\/pages\/173174"}],"collection":[{"href":"https:\/\/up.lublin.pl\/ogrodnictwo\/wp-json\/wp\/v2\/pages"}],"about":[{"href":"https:\/\/up.lublin.pl\/ogrodnictwo\/wp-json\/wp\/v2\/types\/page"}],"author":[{"embeddable":true,"href":"https:\/\/up.lublin.pl\/ogrodnictwo\/wp-json\/wp\/v2\/users\/279"}],"replies":[{"embeddable":true,"href":"https:\/\/up.lublin.pl\/ogrodnictwo\/wp-json\/wp\/v2\/comments?post=173174"}],"version-history":[{"count":19,"href":"https:\/\/up.lublin.pl\/ogrodnictwo\/wp-json\/wp\/v2\/pages\/173174\/revisions"}],"predecessor-version":[{"id":177189,"href":"https:\/\/up.lublin.pl\/ogrodnictwo\/wp-json\/wp\/v2\/pages\/173174\/revisions\/177189"}],"wp:attachment":[{"href":"https:\/\/up.lublin.pl\/ogrodnictwo\/wp-json\/wp\/v2\/media?parent=173174"}],"curies":[{"name":"wp","href":"https:\/\/api.w.org\/{rel}","templated":true}]}}