{"id":172228,"date":"2024-03-18T17:19:37","date_gmt":"2024-03-18T16:19:37","guid":{"rendered":"https:\/\/up.lublin.pl\/ogrodnictwo\/?page_id=172228"},"modified":"2024-04-03T21:16:39","modified_gmt":"2024-04-03T19:16:39","slug":"ochrona-roslin-i-kontrola-fitosanitarna-studia-stacjonarne-ii-st-2023-2024","status":"publish","type":"page","link":"https:\/\/up.lublin.pl\/ogrodnictwo\/ochrona-roslin-i-kontrola-fitosanitarna-studia-stacjonarne-ii-st-2023-2024\/","title":{"rendered":"Ochrona Ro\u015blin i Kontrola Fitosanitarna \u2013 Studia Stacjonarne II st. 2023-2024"},"content":{"rendered":"\t\t<div data-elementor-type=\"wp-page\" data-elementor-id=\"172228\" class=\"elementor elementor-172228\" data-elementor-settings=\"[]\">\n\t\t\t\t\t\t<div class=\"elementor-inner\">\n\t\t\t\t\t\t\t<div class=\"elementor-section-wrap\">\n\t\t\t\t\t\t\t<section class=\"elementor-section elementor-top-section elementor-element elementor-element-48c598b4 elementor-section-boxed elementor-section-height-default elementor-section-height-default\" data-id=\"48c598b4\" data-element_type=\"section\">\n\t\t\t\t\t\t<div class=\"elementor-container elementor-column-gap-default\">\n\t\t\t\t\t\t\t<div class=\"elementor-row\">\n\t\t\t\t\t<div class=\"elementor-column elementor-col-100 elementor-top-column elementor-element elementor-element-3a625851\" data-id=\"3a625851\" data-element_type=\"column\">\n\t\t\t<div class=\"elementor-column-wrap elementor-element-populated\">\n\t\t\t\t\t\t\t<div class=\"elementor-widget-wrap\">\n\t\t\t\t\t\t<div class=\"elementor-element elementor-element-1737ceb1 elementor-widget elementor-widget-m5c\" data-id=\"1737ceb1\" data-element_type=\"widget\" data-widget_type=\"m5c.default\">\n\t\t\t\t<div class=\"elementor-widget-container\">\n\t\t\t<section class=\"mn-m5-c mn-m5-d2 mn-bg-white\">\n\t<div class=\"mn-grid\">\n\t\t\t\t<div class=\"mn-content mn-grid-9\">\n\t\t\t                <div class=\"mn-content-block active\">\n\t                                                        <div class=\"block-text\">\n\t                                        <h5><a href=\"https:\/\/up.lublin.pl\/ogrodnictwo\/ksztalcenie\/#opisy_sylabus%C3%B3w\">\u2190 powr\u00f3t<\/a><\/h5>\n<h2 style=\"text-align: center\"><span style=\"font-size: 28px\">Ochrona Ro\u015blin i&nbsp;Kontrola Fitosanitarna &#8211; Studia Stacjonarne II st. 2023-2024<\/span><\/h2>\n                                        <\/div>\n\t\t\t\t\t\t                                                        <ul class=\"mn-accordion\">\n                                            <li>\n                                                <h4 class=\"mn-accordion-title\">SEMESTR I<\/h4>\n                                                <div>\n\t\t\t\t\t\t\t\t\t                <ul>\n<li><a href=\"https:\/\/up.lublin.pl\/ogrodnictwo\/wp-content\/uploads\/sites\/6\/2024\/03\/OR_S2_angielski.pdf\">MOR_S2_1-1 angielski<\/a><\/li>\n<li><a href=\"https:\/\/up.lublin.pl\/ogrodnictwo\/wp-content\/uploads\/sites\/6\/2024\/03\/OR_S2_francuski.pdf\">MOR_S2_1-2 francuski<\/a><\/li>\n<li><a href=\"https:\/\/up.lublin.pl\/ogrodnictwo\/wp-content\/uploads\/sites\/6\/2024\/03\/OR_S2_niemiecki.pdf\">MOR_S2_1-3 niemiecki<\/a><\/li>\n<li><a href=\"https:\/\/up.lublin.pl\/ogrodnictwo\/wp-content\/uploads\/sites\/6\/2024\/03\/OR_S2_rosyjski.pdf\">MOR_S2_1-4 rosyjski<\/a><\/li>\n<li><a href=\"https:\/\/up.lublin.pl\/ogrodnictwo\/wp-content\/uploads\/sites\/6\/2024\/04\/MOR-S2_2-Identyfikacja-czynnikow-infekcyjnych.pdf\">MOR S2_2 Identyfikacja czynnik\u00f3w infekcyjnych<\/a><\/li>\n<li><a href=\"https:\/\/up.lublin.pl\/ogrodnictwo\/wp-content\/uploads\/sites\/6\/2023\/03\/MOR-S2_03-Identyfikacja-szkodnikow-roslin.pdf\">MOR S2_03 Identyfikacja szkodnik\u00f3w ro\u015blin<\/a><\/li>\n<li><a href=\"https:\/\/up.lublin.pl\/ogrodnictwo\/wp-content\/uploads\/sites\/6\/2024\/04\/MOR-S2_04-Zywienie-roslin-a-ich-odpornosc.pdf\">MOR S2_04 \u017bywienie ro\u015blin a&nbsp;ich odporno\u015b\u0107<\/a><\/li>\n<li><a href=\"https:\/\/up.lublin.pl\/ogrodnictwo\/wp-content\/uploads\/sites\/6\/2023\/03\/MOR-S2_05-Ochrona-roslin-przed-niekorzystnymi-zjawiskami-pogodowymi.pdf\">MOR S2_05 Ochrona ro\u015blin przed niekorzystnymi zjawiskami pogodowymi<\/a><\/li>\n<li><a href=\"https:\/\/up.lublin.pl\/ogrodnictwo\/wp-content\/uploads\/sites\/6\/2024\/04\/MOR-S2_06-1-GMO_aspekt-spoleczny.pdf\">MOR S2_06-1 GMO_aspekt spo\u0142eczny<\/a><\/li>\n<li><a href=\"https:\/\/up.lublin.pl\/ogrodnictwo\/wp-content\/uploads\/sites\/6\/2023\/03\/MOR-S2_06-2-Bioetyka-w-ochronie-roslin.pdf\">MOR S2_06-2 Bioetyka w&nbsp;ochronie ro\u015blin<\/a><\/li>\n<li><a href=\"https:\/\/up.lublin.pl\/ogrodnictwo\/wp-content\/uploads\/sites\/6\/2024\/04\/MOR-S2_7-1-Entomologia-sanitarna-i-mykobiota-pomieszczen-1.pdf\">MOR S2_7-1 Entomologia sanitarna i&nbsp;mykobiota pomieszcze\u0144<\/a><\/li>\n<li><a href=\"https:\/\/up.lublin.pl\/ogrodnictwo\/wp-content\/uploads\/sites\/6\/2023\/03\/MOR-S2_7-2-Interakcje-owady-srodowiako.pdf\">MOR S2_7-2 Interakcje owady-\u015brodowiako<\/a><\/li>\n<li><a href=\"https:\/\/up.lublin.pl\/ogrodnictwo\/wp-content\/uploads\/sites\/6\/2023\/03\/MOR-S2_7-3-Sanitary-entomology.pdf\">MOR S2_7-3 Sanitary entomology<\/a><\/li>\n<li><a href=\"https:\/\/up.lublin.pl\/ogrodnictwo\/wp-content\/uploads\/sites\/6\/2024\/04\/MOR-S2_8-1-Rolnictwo-ekologiczne.pdf\">MOR S2_8-1 Rolnictwo ekologiczne<\/a><\/li>\n<li><a href=\"https:\/\/up.lublin.pl\/ogrodnictwo\/wp-content\/uploads\/sites\/6\/2023\/03\/MOR-S2_8-2-Rolnictwo-zrownowazone.pdf\">MOR S2_8-2 Rolnictwo zr\u00f3wnowa\u017cone<\/a><\/li>\n<li><a href=\"https:\/\/up.lublin.pl\/ogrodnictwo\/wp-content\/uploads\/sites\/6\/2024\/04\/MOR-S2_9-Organizacja-kontroli-fitosanitarnej.pdf\">MOR S2_9 Organizacja kontroli fitosanitarnej<\/a><\/li>\n<li><a href=\"https:\/\/up.lublin.pl\/ogrodnictwo\/wp-content\/uploads\/sites\/6\/2023\/03\/MOR-S2_10-Zrownowazona-ochrona-roslin.pdf\">MOR S2_10 Zr\u00f3wnowa\u017cona ochrona ro\u015blin<\/a><\/li>\n<li><a href=\"https:\/\/up.lublin.pl\/ogrodnictwo\/wp-content\/uploads\/sites\/6\/2024\/04\/MOR-S2_11-Ochrona-upraw-przed-chwastami.pdf\">MOR S2_11 Ochrona upraw przed chwastami<\/a><\/li>\n<\/ul>\n                                                <\/div>\n                                            <\/li>\n                                        <\/ul>\n\t\t\t\t\t\t                                                        <ul class=\"mn-accordion\">\n                                            <li>\n                                                <h4 class=\"mn-accordion-title\">SEMESTR II<\/h4>\n                                                <div>\n\t\t\t\t\t\t\t\t\t                <ul>\n<li><a href=\"https:\/\/up.lublin.pl\/ogrodnictwo\/wp-content\/uploads\/sites\/6\/2024\/04\/MOR-S2_12-Monitoring-i-systemy-wspomagania-decyzji.pdf\">MOR S2_12 Monitoring i&nbsp;systemy wspomagania decyzji<\/a><\/li>\n<li><a href=\"https:\/\/up.lublin.pl\/ogrodnictwo\/wp-content\/uploads\/sites\/6\/2024\/04\/MOR-S2_13-Ekologia-agrofagow.pdf\">MOR S2_13 Ekologia agrofag\u00f3w<\/a><\/li>\n<li><a href=\"https:\/\/up.lublin.pl\/ogrodnictwo\/wp-content\/uploads\/sites\/6\/2023\/03\/MOR-S2_14-Organizmy-pozyteczne-1.pdf\">MOR S2_14 Organizmy po\u017cyteczne 1<\/a><\/li>\n<li><a href=\"https:\/\/up.lublin.pl\/ogrodnictwo\/wp-content\/uploads\/sites\/6\/2024\/04\/MOR-S2_15-Prawo-i-ekonomika-w-ochronie-roslin.pdf\">MOR S2_15 Prawo i&nbsp;ekonomika w&nbsp;ochronie ro\u015blin<\/a><\/li>\n<li><a href=\"https:\/\/up.lublin.pl\/ogrodnictwo\/wp-content\/uploads\/sites\/6\/2024\/04\/MOR-S2_16-Statystyka-i-doswiadczalnictwo.pdf\">MOR S2_16 Statystyka i&nbsp;do\u015bwiadczalnictwo<\/a><\/li>\n<li><a href=\"https:\/\/up.lublin.pl\/ogrodnictwo\/wp-content\/uploads\/sites\/6\/2024\/04\/MOR-S2_17-1-Prowadzenie-dzialalnosci-gospodarczej.pdf\">MOR S2_17-1 Prowadzenie dzia\u0142alno\u015bci gospodarczej<\/a><\/li>\n<li><a href=\"https:\/\/up.lublin.pl\/ogrodnictwo\/wp-content\/uploads\/sites\/6\/2024\/04\/MOR-S2_17-2-Zasady-i-techniki-pracy-doradcy-1.pdf\">MOR S2_17-2 Zasady i&nbsp;techniki pracy doradcy<\/a><\/li>\n<li><a href=\"https:\/\/up.lublin.pl\/ogrodnictwo\/wp-content\/uploads\/sites\/6\/2024\/04\/MOR-S2_18-1-Ochrona-Upraw-maloobszarowych.pdf\">MOR S2_18-1 Ochrona Upraw ma\u0142oobszarowych<\/a><\/li>\n<li><a href=\"https:\/\/up.lublin.pl\/ogrodnictwo\/wp-content\/uploads\/sites\/6\/2024\/04\/MOR-S2_18-2.-Ochrona-roslin-specjalnych.pdf\">MOR S2_18-2 Ochrona ro\u015blin specjalnych<\/a><\/li>\n<li><a href=\"https:\/\/up.lublin.pl\/ogrodnictwo\/wp-content\/uploads\/sites\/6\/2023\/03\/MOR-S2_19.1-Ochrona-drzew-parkowych-i-lesnych.pdf\">MOR S2_19.1 Ochrona drzew parkowych i&nbsp;le\u015bnych<\/a><\/li>\n<li><a href=\"https:\/\/up.lublin.pl\/ogrodnictwo\/wp-content\/uploads\/sites\/6\/2024\/04\/MOR-S2_19-2-Ochrona-roslin-ozdobnych-1.pdf\">MOR S2_19-2 Ochrona ro\u015blin ozdobnych<\/a><\/li>\n<li><a href=\"https:\/\/up.lublin.pl\/ogrodnictwo\/wp-content\/uploads\/sites\/6\/2024\/04\/MOR-S2_20-Ekotoksykologia.pdf\">MOR S2_20 Ekotoksykologia<\/a><\/li>\n<li><a href=\"https:\/\/up.lublin.pl\/ogrodnictwo\/wp-content\/uploads\/sites\/6\/2023\/03\/MOR-S2_21-1-Seminarium-dyplomowe-1.pdf\">MOR S2_21-1 Seminarium dyplomowe 1<\/a><\/li>\n<li><a href=\"https:\/\/up.lublin.pl\/ogrodnictwo\/wp-content\/uploads\/sites\/6\/2023\/03\/MOR-S2_21-2-Seminarium-dyplomowe-1.pdf\">MOR S2_21-2 Seminarium dyplomowe 1<\/a><\/li>\n<\/ul>\n                                                <\/div>\n                                            <\/li>\n                                        <\/ul>\n\t\t\t\t\t\t                                                        <ul class=\"mn-accordion\">\n                                            <li>\n                                                <h4 class=\"mn-accordion-title\">SEMESTR III<\/h4>\n                                                <div>\n\t\t\t\t\t\t\t\t\t                <ul>\n<li><a href=\"https:\/\/up.lublin.pl\/ogrodnictwo\/wp-content\/uploads\/sites\/6\/2024\/04\/MOR-S2_22-Mechanizmy-odpornosci-roslin-na-agrofagi-1.pdf\">MOR S2_22 Mechanizmy odporno\u015bci ro\u015blin na agrofagi<\/a><\/li>\n<li><a href=\"https:\/\/up.lublin.pl\/ogrodnictwo\/wp-content\/uploads\/sites\/6\/2024\/04\/MOR-S2_23-Mikroorganizmy-toksynotworcze.pdf\">MOR S2_23 Mikroorganizmy toksynotw\u00f3rcze<\/a><\/li>\n<li><a href=\"https:\/\/up.lublin.pl\/ogrodnictwo\/wp-content\/uploads\/sites\/6\/2024\/04\/MOR-S2_24-1-Coaching.pdf\">MOR S2_24-1 Coaching<\/a><\/li>\n<li><a href=\"https:\/\/up.lublin.pl\/ogrodnictwo\/wp-content\/uploads\/sites\/6\/2023\/03\/MOR-S2_24-2-Pozyskiwanie-funduszy-UE-na-przedsiewziecia-w-rolnictwie.pdf\">MOR S2_24-2 Pozyskiwanie funduszy UE na przedsi\u0119wzi\u0119cia w&nbsp;rolnictwie<\/a><\/li>\n<li><a href=\"https:\/\/up.lublin.pl\/ogrodnictwo\/wp-content\/uploads\/sites\/6\/2023\/03\/MOR-S2_25.1-Ochrona-roslin-rolniczych.pdf\">MOR S2_25.1 Ochrona ro\u015blin rolniczych<\/a><\/li>\n<li><a href=\"https:\/\/up.lublin.pl\/ogrodnictwo\/wp-content\/uploads\/sites\/6\/2024\/04\/MOR-S2_25-2-Ochrona-roslin-przemyslowych-1.pdf\">MOR S2_25-2 Ochrona ro\u015blin przemys\u0142owych<\/a><\/li>\n<li><a href=\"https:\/\/up.lublin.pl\/ogrodnictwo\/wp-content\/uploads\/sites\/6\/2023\/03\/MOR-S2_26-1-Ochrona-plodow-rolnych.pdf\">MOR S2_26-1 Ochrona p\u0142od\u00f3w rolnych<\/a><\/li>\n<li><a href=\"https:\/\/up.lublin.pl\/ogrodnictwo\/wp-content\/uploads\/sites\/6\/2023\/03\/MOR-S2_26-2-Communities-of-insects.pdf\">MOR S2_26-2 Communities of insects<\/a><\/li>\n<li><a href=\"https:\/\/up.lublin.pl\/ogrodnictwo\/wp-content\/uploads\/sites\/6\/2024\/04\/MOR-S2_26-3-Consulting-in-plant-protection.pdf\">MOR S2_26-3 Consulting in plant protection<\/a><\/li>\n<li><a href=\"https:\/\/up.lublin.pl\/ogrodnictwo\/wp-content\/uploads\/sites\/6\/2023\/03\/MOR-S2_27-1-Seminarium-dyplomowe-2.pdf\">MOR S2_27-1 Seminarium dyplomowe 2<\/a><\/li>\n<li><a href=\"https:\/\/up.lublin.pl\/ogrodnictwo\/wp-content\/uploads\/sites\/6\/2023\/03\/MOR-S2_27-2-Seminarium-dyplomowe-2.pdf\">MOR S2_27-2 Seminarium dyplomowe 2<\/a><\/li>\n<li><a href=\"https:\/\/up.lublin.pl\/ogrodnictwo\/wp-content\/uploads\/sites\/6\/2024\/04\/MOR-S2_28-1-Praca-magisterska-i-egzamin-dyplomowy-1.pdf\">MOR S2_28-1 Praca magisterska i&nbsp;egzamin dyplomowy<\/a><\/li>\n<li><a href=\"https:\/\/up.lublin.pl\/ogrodnictwo\/wp-content\/uploads\/sites\/6\/2024\/04\/MOR-S2_28-2-Praca-magisterska-i-egzamin-dyplomowy.pdf\">MOR S2_28-2 Praca magisterska i&nbsp;egzamin dyplomowy<\/a><\/li>\n<\/ul>\n                                                <\/div>\n                                            <\/li>\n                                        <\/ul>\n\t\t\t\t\t\t                                <\/div>\n\t\t\t\t                <div class=\"mn-content-block\">\n\t                                <\/div>\n\t\t\t\t                <div class=\"mn-content-block\">\n\t                                <\/div>\n\t\t\t\t                <div class=\"mn-content-block\">\n\t                                <\/div>\n\t\t\t\t                <div class=\"mn-content-block\">\n\t                                <\/div>\n\t\t\t\t                <div class=\"mn-content-block\">\n\t                                <\/div>\n\t\t\t\t                <div class=\"mn-content-block\">\n\t                                <\/div>\n\t\t\t\t                <div class=\"mn-content-block\">\n\t                                <\/div>\n\t\t\t\t                <div class=\"mn-content-block\">\n\t                                <\/div>\n\t\t\t\t                <div class=\"mn-content-block\">\n\t                                <\/div>\n\t\t\t\t                <div class=\"mn-content-block\">\n\t                                <\/div>\n\t\t\t\t                <div class=\"mn-content-block\">\n\t                                <\/div>\n\t\t\t\t                <div class=\"mn-content-block\">\n\t                                <\/div>\n\t\t\t\t                <div class=\"mn-content-block\">\n\t                                <\/div>\n\t\t\t\t                <div class=\"mn-content-block\">\n\t                                <\/div>\n\t\t\t\t                <div class=\"mn-content-block\">\n\t                                <\/div>\n\t\t\t\t                <div class=\"mn-content-block\">\n\t                                <\/div>\n\t\t\t\t                <div class=\"mn-content-block\">\n\t                                <\/div>\n\t\t\t\t                <div class=\"mn-content-block\">\n\t                                <\/div>\n\t\t\t\t                <div class=\"mn-content-block\">\n\t                                <\/div>\n\t\t\t\t\t\t<\/div>\n\t<\/div>\n<\/section>\n\t\t<\/div>\n\t\t\t\t<\/div>\n\t\t\t\t\t\t<\/div>\n\t\t\t\t\t<\/div>\n\t\t<\/div>\n\t\t\t\t\t\t\t\t<\/div>\n\t\t\t\t\t<\/div>\n\t\t<\/section>\n\t\t\t\t\t\t<\/div>\n\t\t\t\t\t\t<\/div>\n\t\t\t\t\t<\/div>\n\t\t","protected":false},"excerpt":{"rendered":"<p>\u2190 powr\u00f3t Ochrona Ro\u015blin i&nbsp;Kontrola Fitosanitarna &#8211; Studia Stacjonarne II st. 2023-2024 SEMESTR I MOR_S2_1-1 angielski MOR_S2_1-2 francuski MOR_S2_1-3 niemiecki MOR_S2_1-4 rosyjski MOR S2_2 Identyfikacja czynnik\u00f3w infekcyjnych MOR S2_03 Identyfikacja szkodnik\u00f3w ro\u015blin MOR S2_04 \u017bywienie ro\u015blin a&nbsp;ich odporno\u015b\u0107 MOR S2_05 Ochrona ro\u015blin przed niekorzystnymi zjawiskami pogodowymi MOR S2_06-1 GMO_aspekt spo\u0142eczny MOR S2_06-2 Bioetyka w&nbsp;ochronie ro\u015blin [&hellip;]<\/p>\n","protected":false},"author":279,"featured_media":0,"parent":0,"menu_order":0,"comment_status":"closed","ping_status":"closed","template":"elementor_header_footer","meta":{"_monsterinsights_skip_tracking":false,"_monsterinsights_sitenote_active":false,"_monsterinsights_sitenote_note":"","_monsterinsights_sitenote_category":0},"_links":{"self":[{"href":"https:\/\/up.lublin.pl\/ogrodnictwo\/wp-json\/wp\/v2\/pages\/172228"}],"collection":[{"href":"https:\/\/up.lublin.pl\/ogrodnictwo\/wp-json\/wp\/v2\/pages"}],"about":[{"href":"https:\/\/up.lublin.pl\/ogrodnictwo\/wp-json\/wp\/v2\/types\/page"}],"author":[{"embeddable":true,"href":"https:\/\/up.lublin.pl\/ogrodnictwo\/wp-json\/wp\/v2\/users\/279"}],"replies":[{"embeddable":true,"href":"https:\/\/up.lublin.pl\/ogrodnictwo\/wp-json\/wp\/v2\/comments?post=172228"}],"version-history":[{"count":58,"href":"https:\/\/up.lublin.pl\/ogrodnictwo\/wp-json\/wp\/v2\/pages\/172228\/revisions"}],"predecessor-version":[{"id":172707,"href":"https:\/\/up.lublin.pl\/ogrodnictwo\/wp-json\/wp\/v2\/pages\/172228\/revisions\/172707"}],"wp:attachment":[{"href":"https:\/\/up.lublin.pl\/ogrodnictwo\/wp-json\/wp\/v2\/media?parent=172228"}],"curies":[{"name":"wp","href":"https:\/\/api.w.org\/{rel}","templated":true}]}}