{"id":171883,"date":"2024-03-07T19:24:56","date_gmt":"2024-03-07T18:24:56","guid":{"rendered":"https:\/\/up.lublin.pl\/ogrodnictwo\/?page_id=171883"},"modified":"2026-03-26T10:08:18","modified_gmt":"2026-03-26T09:08:18","slug":"terminy-konsultacji-katedra-ochrony-roslin","status":"publish","type":"page","link":"https:\/\/up.lublin.pl\/ogrodnictwo\/terminy-konsultacji-katedra-ochrony-roslin\/","title":{"rendered":"Terminy konsultacji &#8211; Katedra Ochrony Ro\u015blin"},"content":{"rendered":"\t\t<div data-elementor-type=\"wp-page\" data-elementor-id=\"171883\" class=\"elementor elementor-171883\" data-elementor-settings=\"[]\">\n\t\t\t\t\t\t<div class=\"elementor-inner\">\n\t\t\t\t\t\t\t<div class=\"elementor-section-wrap\">\n\t\t\t\t\t\t\t<section class=\"elementor-section elementor-top-section elementor-element elementor-element-c13d499 elementor-section-boxed elementor-section-height-default elementor-section-height-default\" data-id=\"c13d499\" data-element_type=\"section\">\n\t\t\t\t\t\t<div class=\"elementor-container elementor-column-gap-default\">\n\t\t\t\t\t\t\t<div class=\"elementor-row\">\n\t\t\t\t\t<div class=\"elementor-column elementor-col-100 elementor-top-column elementor-element elementor-element-b4b2b4d\" data-id=\"b4b2b4d\" data-element_type=\"column\">\n\t\t\t<div class=\"elementor-column-wrap\">\n\t\t\t\t\t\t\t<div class=\"elementor-widget-wrap\">\n\t\t\t\t\t\t\t\t<\/div>\n\t\t\t\t\t<\/div>\n\t\t<\/div>\n\t\t\t\t\t\t\t\t<\/div>\n\t\t\t\t\t<\/div>\n\t\t<\/section>\n\t\t\t\t<section class=\"elementor-section elementor-top-section elementor-element elementor-element-9f10783 elementor-section-boxed elementor-section-height-default elementor-section-height-default\" data-id=\"9f10783\" data-element_type=\"section\">\n\t\t\t\t\t\t<div class=\"elementor-container elementor-column-gap-default\">\n\t\t\t\t\t\t\t<div class=\"elementor-row\">\n\t\t\t\t\t<div class=\"elementor-column elementor-col-25 elementor-top-column elementor-element elementor-element-fe85478\" data-id=\"fe85478\" data-element_type=\"column\">\n\t\t\t<div class=\"elementor-column-wrap elementor-element-populated\">\n\t\t\t\t\t\t\t<div class=\"elementor-widget-wrap\">\n\t\t\t\t\t\t<div class=\"elementor-element elementor-element-74b2456 elementor-widget elementor-widget-m5h\" data-id=\"74b2456\" data-element_type=\"widget\" data-widget_type=\"m5h.default\">\n\t\t\t\t<div class=\"elementor-widget-container\">\n\t\t\t<section class=\"mn-m5-h mn-bg-green\">\r\n\t<div class=\"mn-grid\">\r\n\t\t<div class=\"mn-content mn-grid-12\">\r\n\t\t\t<div class=\"mn-lead\">\r\n\t\t\t\t<h2 style=\"text-align: left\"><strong><span style=\"font-size: 20px\">Prof. dr hab. Jamio\u0142kowska Agnieszka<\/span><\/strong><\/h2>\n<p class=\"mcntMsoNormal\" style=\"text-align: left\">Wtorek: 10:30-12:30<\/p>\n\t\t\t<\/div>\r\n\t\t<\/div>\r\n\t<\/div>\r\n<\/section>\r\n\t\t<\/div>\n\t\t\t\t<\/div>\n\t\t\t\t\t\t<\/div>\n\t\t\t\t\t<\/div>\n\t\t<\/div>\n\t\t\t\t<div class=\"elementor-column elementor-col-25 elementor-top-column elementor-element elementor-element-aec35f9\" data-id=\"aec35f9\" data-element_type=\"column\">\n\t\t\t<div class=\"elementor-column-wrap elementor-element-populated\">\n\t\t\t\t\t\t\t<div class=\"elementor-widget-wrap\">\n\t\t\t\t\t\t<div class=\"elementor-element elementor-element-da14e61 elementor-widget elementor-widget-m5h\" data-id=\"da14e61\" data-element_type=\"widget\" data-widget_type=\"m5h.default\">\n\t\t\t\t<div class=\"elementor-widget-container\">\n\t\t\t<section class=\"mn-m5-h mn-bg-green\">\r\n\t<div class=\"mn-grid\">\r\n\t\t<div class=\"mn-content mn-grid-12\">\r\n\t\t\t<div class=\"mn-lead\">\r\n\t\t\t\t<h2 style=\"text-align: left\"><span style=\"font-size: 20px\"><b>Prof. dr hab. El\u017cbieta Patkowska<\/b><\/span><\/h2>\n<p style=\"text-align: left\">Wtorek: 9:30-11:00<\/p>\n\t\t\t<\/div>\r\n\t\t<\/div>\r\n\t<\/div>\r\n<\/section>\r\n\t\t<\/div>\n\t\t\t\t<\/div>\n\t\t\t\t\t\t<\/div>\n\t\t\t\t\t<\/div>\n\t\t<\/div>\n\t\t\t\t<div class=\"elementor-column elementor-col-25 elementor-top-column elementor-element elementor-element-f00edf4\" data-id=\"f00edf4\" data-element_type=\"column\">\n\t\t\t<div class=\"elementor-column-wrap elementor-element-populated\">\n\t\t\t\t\t\t\t<div class=\"elementor-widget-wrap\">\n\t\t\t\t\t\t<div class=\"elementor-element elementor-element-2edb13a elementor-widget elementor-widget-m5h\" data-id=\"2edb13a\" data-element_type=\"widget\" data-widget_type=\"m5h.default\">\n\t\t\t\t<div class=\"elementor-widget-container\">\n\t\t\t<section class=\"mn-m5-h mn-bg-green\">\r\n\t<div class=\"mn-grid\">\r\n\t\t<div class=\"mn-content mn-grid-12\">\r\n\t\t\t<div class=\"mn-lead\">\r\n\t\t\t\t<h2 style=\"text-align: left\"><span style=\"font-size: 20px\"><b>Prof. dr hab. in\u017c. Beata Zimowska<\/b><\/span><\/h2>\n<div style=\"text-align: left\">\u015aroda: 8:00-10:00<\/p>\n<\/div>\n<div style=\"text-align: left\">Sobota: 11:00-12:00 (w terminach zjazd\u00f3w)<\/div>\n\t\t\t<\/div>\r\n\t\t<\/div>\r\n\t<\/div>\r\n<\/section>\r\n\t\t<\/div>\n\t\t\t\t<\/div>\n\t\t\t\t\t\t<\/div>\n\t\t\t\t\t<\/div>\n\t\t<\/div>\n\t\t\t\t<div class=\"elementor-column elementor-col-25 elementor-top-column elementor-element elementor-element-368caad\" data-id=\"368caad\" data-element_type=\"column\">\n\t\t\t<div class=\"elementor-column-wrap elementor-element-populated\">\n\t\t\t\t\t\t\t<div class=\"elementor-widget-wrap\">\n\t\t\t\t\t\t<div class=\"elementor-element elementor-element-7a0325d elementor-widget elementor-widget-m5h\" data-id=\"7a0325d\" data-element_type=\"widget\" data-widget_type=\"m5h.default\">\n\t\t\t\t<div class=\"elementor-widget-container\">\n\t\t\t<section class=\"mn-m5-h mn-bg-green\">\r\n\t<div class=\"mn-grid\">\r\n\t\t<div class=\"mn-content mn-grid-12\">\r\n\t\t\t<div class=\"mn-lead\">\r\n\t\t\t\t<h2 style=\"text-align: left\"><strong><span style=\"font-size: 20px\">Prof. dr hab. Skwary\u0142o-Bednarz Barbara<\/span><\/strong><\/h2>\n<p style=\"text-align: left\">\u015aroda: 8:00-9:00 i&nbsp;11:30-12:30<\/p>\n\t\t\t<\/div>\r\n\t\t<\/div>\r\n\t<\/div>\r\n<\/section>\r\n\t\t<\/div>\n\t\t\t\t<\/div>\n\t\t\t\t\t\t<\/div>\n\t\t\t\t\t<\/div>\n\t\t<\/div>\n\t\t\t\t\t\t\t\t<\/div>\n\t\t\t\t\t<\/div>\n\t\t<\/section>\n\t\t\t\t<section class=\"elementor-section elementor-top-section elementor-element elementor-element-95779ea elementor-section-boxed elementor-section-height-default elementor-section-height-default\" data-id=\"95779ea\" data-element_type=\"section\">\n\t\t\t\t\t\t<div class=\"elementor-container elementor-column-gap-default\">\n\t\t\t\t\t\t\t<div class=\"elementor-row\">\n\t\t\t\t\t<div class=\"elementor-column elementor-col-25 elementor-top-column elementor-element elementor-element-f91e70b\" data-id=\"f91e70b\" data-element_type=\"column\">\n\t\t\t<div class=\"elementor-column-wrap elementor-element-populated\">\n\t\t\t\t\t\t\t<div class=\"elementor-widget-wrap\">\n\t\t\t\t\t\t<div class=\"elementor-element elementor-element-29bfbc1 elementor-widget elementor-widget-m5h\" data-id=\"29bfbc1\" data-element_type=\"widget\" data-widget_type=\"m5h.default\">\n\t\t\t\t<div class=\"elementor-widget-container\">\n\t\t\t<section class=\"mn-m5-h mn-bg-green\">\r\n\t<div class=\"mn-grid\">\r\n\t\t<div class=\"mn-content mn-grid-12\">\r\n\t\t\t<div class=\"mn-lead\">\r\n\t\t\t\t<h2 style=\"text-align: left\"><strong><span style=\"font-size: 20px\">Dr hab. Katarzyna Golan prof. uczelni<\/span><\/strong><\/h2>\n<p class=\"mcntMsoNormal\" style=\"text-align: left\">\u015aroda 12:00-13:00<\/p>\n\t\t\t<\/div>\r\n\t\t<\/div>\r\n\t<\/div>\r\n<\/section>\r\n\t\t<\/div>\n\t\t\t\t<\/div>\n\t\t\t\t\t\t<\/div>\n\t\t\t\t\t<\/div>\n\t\t<\/div>\n\t\t\t\t<div class=\"elementor-column elementor-col-25 elementor-top-column elementor-element elementor-element-caab0d4\" data-id=\"caab0d4\" data-element_type=\"column\">\n\t\t\t<div class=\"elementor-column-wrap elementor-element-populated\">\n\t\t\t\t\t\t\t<div class=\"elementor-widget-wrap\">\n\t\t\t\t\t\t<div class=\"elementor-element elementor-element-957a42a elementor-widget elementor-widget-m5h\" data-id=\"957a42a\" data-element_type=\"widget\" data-widget_type=\"m5h.default\">\n\t\t\t\t<div class=\"elementor-widget-container\">\n\t\t\t<section class=\"mn-m5-h mn-bg-green\">\r\n\t<div class=\"mn-grid\">\r\n\t\t<div class=\"mn-content mn-grid-12\">\r\n\t\t\t<div class=\"mn-lead\">\r\n\t\t\t\t<h2 style=\"text-align: left\"><strong><span style=\"font-size: 20px\">Dr hab. Mielniczuk El\u017cbieta prof. uczelni<\/span><\/strong><\/h2>\n<div>\n<p style=\"text-align: left\">Wtorek: 11:30-13:00<\/p>\n<\/div>\n<div style=\"text-align: left\">Sobota: 13:45-14:30 (w terminach zjazd\u00f3w)<\/div>\n\t\t\t<\/div>\r\n\t\t<\/div>\r\n\t<\/div>\r\n<\/section>\r\n\t\t<\/div>\n\t\t\t\t<\/div>\n\t\t\t\t\t\t<\/div>\n\t\t\t\t\t<\/div>\n\t\t<\/div>\n\t\t\t\t<div class=\"elementor-column elementor-col-25 elementor-top-column elementor-element elementor-element-c20e41e\" data-id=\"c20e41e\" data-element_type=\"column\">\n\t\t\t<div class=\"elementor-column-wrap elementor-element-populated\">\n\t\t\t\t\t\t\t<div class=\"elementor-widget-wrap\">\n\t\t\t\t\t\t<div class=\"elementor-element elementor-element-80b5e2c elementor-widget elementor-widget-m5h\" data-id=\"80b5e2c\" data-element_type=\"widget\" data-widget_type=\"m5h.default\">\n\t\t\t\t<div class=\"elementor-widget-container\">\n\t\t\t<section class=\"mn-m5-h mn-bg-green\">\r\n\t<div class=\"mn-grid\">\r\n\t\t<div class=\"mn-content mn-grid-12\">\r\n\t\t\t<div class=\"mn-lead\">\r\n\t\t\t\t<h2 style=\"text-align: left\"><strong><span style=\"font-size: 20px\">Dr hab. Izabela Kot prof. uczelni<\/span><\/strong><\/h2>\n<div style=\"text-align: left\">Poniedzia\u0142ek 9:00-10:00<\/p>\n<\/div>\n<div style=\"text-align: left\">Sobota: 10:00-11:00\u00a0 (w terminach zjazd\u00f3w)<\/div>\n<p style=\"text-align: left\"><sup>\u00a0<\/sup><\/p>\n\t\t\t<\/div>\r\n\t\t<\/div>\r\n\t<\/div>\r\n<\/section>\r\n\t\t<\/div>\n\t\t\t\t<\/div>\n\t\t\t\t\t\t<\/div>\n\t\t\t\t\t<\/div>\n\t\t<\/div>\n\t\t\t\t<div class=\"elementor-column elementor-col-25 elementor-top-column elementor-element elementor-element-b96dc36\" data-id=\"b96dc36\" data-element_type=\"column\">\n\t\t\t<div class=\"elementor-column-wrap elementor-element-populated\">\n\t\t\t\t\t\t\t<div class=\"elementor-widget-wrap\">\n\t\t\t\t\t\t<div class=\"elementor-element elementor-element-73d8ee8 elementor-widget elementor-widget-m5h\" data-id=\"73d8ee8\" data-element_type=\"widget\" data-widget_type=\"m5h.default\">\n\t\t\t\t<div class=\"elementor-widget-container\">\n\t\t\t<section class=\"mn-m5-h mn-bg-green\">\r\n\t<div class=\"mn-grid\">\r\n\t\t<div class=\"mn-content mn-grid-12\">\r\n\t\t\t<div class=\"mn-lead\">\r\n\t\t\t\t<h2 style=\"text-align: left\"><strong><span style=\"font-size: 20px\">Dr hab. Katarzyna Kmie\u0107 prof. uczelni<\/span><\/strong><\/h2>\n<div style=\"text-align: left\">Wtorek: 11:30-12:30<\/p>\n<\/div>\n<div style=\"text-align: left\">Sobota\u00a0 14:30-15:30 (w terminach zjazd\u00f3w)<\/div>\n\t\t\t<\/div>\r\n\t\t<\/div>\r\n\t<\/div>\r\n<\/section>\r\n\t\t<\/div>\n\t\t\t\t<\/div>\n\t\t\t\t\t\t<\/div>\n\t\t\t\t\t<\/div>\n\t\t<\/div>\n\t\t\t\t\t\t\t\t<\/div>\n\t\t\t\t\t<\/div>\n\t\t<\/section>\n\t\t\t\t<section class=\"elementor-section elementor-top-section elementor-element elementor-element-77d10fe elementor-section-boxed elementor-section-height-default elementor-section-height-default\" data-id=\"77d10fe\" data-element_type=\"section\">\n\t\t\t\t\t\t<div class=\"elementor-container elementor-column-gap-default\">\n\t\t\t\t\t\t\t<div class=\"elementor-row\">\n\t\t\t\t\t<div class=\"elementor-column elementor-col-25 elementor-top-column elementor-element elementor-element-161a490\" data-id=\"161a490\" data-element_type=\"column\">\n\t\t\t<div class=\"elementor-column-wrap elementor-element-populated\">\n\t\t\t\t\t\t\t<div class=\"elementor-widget-wrap\">\n\t\t\t\t\t\t<div class=\"elementor-element elementor-element-c471050 elementor-widget elementor-widget-m5h\" data-id=\"c471050\" data-element_type=\"widget\" data-widget_type=\"m5h.default\">\n\t\t\t\t<div class=\"elementor-widget-container\">\n\t\t\t<section class=\"mn-m5-h mn-bg-green\">\r\n\t<div class=\"mn-grid\">\r\n\t\t<div class=\"mn-content mn-grid-12\">\r\n\t\t\t<div class=\"mn-lead\">\r\n\t\t\t\t<h2 style=\"text-align: left\"><strong><span style=\"font-size: 20px\">Dr hab. Edyta G\u00f3rska-Drabik prof. uczelni<\/span><\/strong><\/h2>\n<div style=\"text-align: left\">Wtorek 10:15-11:15<\/p>\n<\/div>\n<div style=\"text-align: left\">Niedziela 15:30-16:30 (w terminach zjazd\u00f3w)<\/div>\n\t\t\t<\/div>\r\n\t\t<\/div>\r\n\t<\/div>\r\n<\/section>\r\n\t\t<\/div>\n\t\t\t\t<\/div>\n\t\t\t\t\t\t<\/div>\n\t\t\t\t\t<\/div>\n\t\t<\/div>\n\t\t\t\t<div class=\"elementor-column elementor-col-25 elementor-top-column elementor-element elementor-element-a3d1e78\" data-id=\"a3d1e78\" data-element_type=\"column\">\n\t\t\t<div class=\"elementor-column-wrap elementor-element-populated\">\n\t\t\t\t\t\t\t<div class=\"elementor-widget-wrap\">\n\t\t\t\t\t\t<div class=\"elementor-element elementor-element-2e8ccc2 elementor-widget elementor-widget-m5h\" data-id=\"2e8ccc2\" data-element_type=\"widget\" data-widget_type=\"m5h.default\">\n\t\t\t\t<div class=\"elementor-widget-container\">\n\t\t\t<section class=\"mn-m5-h mn-bg-green\">\r\n\t<div class=\"mn-grid\">\r\n\t\t<div class=\"mn-content mn-grid-12\">\r\n\t\t\t<div class=\"mn-lead\">\r\n\t\t\t\t<h2 style=\"text-align: left\"><strong><span style=\"font-size: 20px\">Dr hab. in\u017c. Kopacki Marek<\/span><\/strong><\/h2>\n<p class=\"mcntMsoNormal\" style=\"text-align: left\">\u015aroda: 9.00 \u2013 11:00<\/p>\n<p class=\"mcntMsoNormal\" style=\"text-align: left\">Sobota: 14:00-15:30 (w terminach zjazd\u00f3w)<\/p>\n\t\t\t<\/div>\r\n\t\t<\/div>\r\n\t<\/div>\r\n<\/section>\r\n\t\t<\/div>\n\t\t\t\t<\/div>\n\t\t\t\t\t\t<\/div>\n\t\t\t\t\t<\/div>\n\t\t<\/div>\n\t\t\t\t<div class=\"elementor-column elementor-col-25 elementor-top-column elementor-element elementor-element-be2cec1\" data-id=\"be2cec1\" data-element_type=\"column\">\n\t\t\t<div class=\"elementor-column-wrap elementor-element-populated\">\n\t\t\t\t\t\t\t<div class=\"elementor-widget-wrap\">\n\t\t\t\t\t\t<div class=\"elementor-element elementor-element-f22c4d0 elementor-widget elementor-widget-m5h\" data-id=\"f22c4d0\" data-element_type=\"widget\" data-widget_type=\"m5h.default\">\n\t\t\t\t<div class=\"elementor-widget-container\">\n\t\t\t<section class=\"mn-m5-h mn-bg-green\">\r\n\t<div class=\"mn-grid\">\r\n\t\t<div class=\"mn-content mn-grid-12\">\r\n\t\t\t<div class=\"mn-lead\">\r\n\t\t\t\t<h2 style=\"text-align: left\"><span style=\"font-size: 20px\"><b>Dr in\u017c. Barbara Abramczyk\u00a0<\/b><\/span><\/h2>\n<div style=\"text-align: left\">Wtorek: 13:00-15:00<\/p>\n<\/div>\n<div style=\"text-align: left\">Niedziela 17:15-18:15 (w terminach zjazd\u00f3w)<\/div>\n\t\t\t<\/div>\r\n\t\t<\/div>\r\n\t<\/div>\r\n<\/section>\r\n\t\t<\/div>\n\t\t\t\t<\/div>\n\t\t\t\t\t\t<\/div>\n\t\t\t\t\t<\/div>\n\t\t<\/div>\n\t\t\t\t<div class=\"elementor-column elementor-col-25 elementor-top-column elementor-element elementor-element-c849c1a\" data-id=\"c849c1a\" data-element_type=\"column\">\n\t\t\t<div class=\"elementor-column-wrap elementor-element-populated\">\n\t\t\t\t\t\t\t<div class=\"elementor-widget-wrap\">\n\t\t\t\t\t\t<div class=\"elementor-element elementor-element-2821a87 elementor-widget elementor-widget-m5h\" data-id=\"2821a87\" data-element_type=\"widget\" data-widget_type=\"m5h.default\">\n\t\t\t\t<div class=\"elementor-widget-container\">\n\t\t\t<section class=\"mn-m5-h mn-bg-green\">\r\n\t<div class=\"mn-grid\">\r\n\t\t<div class=\"mn-content mn-grid-12\">\r\n\t\t\t<div class=\"mn-lead\">\r\n\t\t\t\t<h2 style=\"text-align: left\"><span style=\"font-size: 20px\"><b>Dr in\u017c. Weronika Kursa<\/b><\/span><\/h2>\n<p style=\"text-align: left\">Pi\u0105tek: 8:00-10:00<\/p>\n\t\t\t<\/div>\r\n\t\t<\/div>\r\n\t<\/div>\r\n<\/section>\r\n\t\t<\/div>\n\t\t\t\t<\/div>\n\t\t\t\t\t\t<\/div>\n\t\t\t\t\t<\/div>\n\t\t<\/div>\n\t\t\t\t\t\t\t\t<\/div>\n\t\t\t\t\t<\/div>\n\t\t<\/section>\n\t\t\t\t\t\t<\/div>\n\t\t\t\t\t\t<\/div>\n\t\t\t\t\t<\/div>\n\t\t","protected":false},"excerpt":{"rendered":"<p>Prof. dr hab. Jamio\u0142kowska Agnieszka Wtorek: 10:30-12:30 Prof. dr hab. El\u017cbieta Patkowska Wtorek: 9:30-11:00 Prof. dr hab. in\u017c. Beata Zimowska \u015aroda: 8:00-10:00 Sobota: 11:00-12:00 (w terminach zjazd\u00f3w) Prof. dr hab. Skwary\u0142o-Bednarz Barbara \u015aroda: 8:00-9:00 i&nbsp;11:30-12:30 Dr hab. Katarzyna Golan prof. uczelni \u015aroda 12:00-13:00 Dr hab. Mielniczuk El\u017cbieta prof. uczelni Wtorek: 11:30-13:00 Sobota: 13:45-14:30 (w terminach [&hellip;]<\/p>\n","protected":false},"author":279,"featured_media":0,"parent":0,"menu_order":0,"comment_status":"closed","ping_status":"closed","template":"","meta":{"_monsterinsights_skip_tracking":false,"_monsterinsights_sitenote_active":false,"_monsterinsights_sitenote_note":"","_monsterinsights_sitenote_category":0},"_links":{"self":[{"href":"https:\/\/up.lublin.pl\/ogrodnictwo\/wp-json\/wp\/v2\/pages\/171883"}],"collection":[{"href":"https:\/\/up.lublin.pl\/ogrodnictwo\/wp-json\/wp\/v2\/pages"}],"about":[{"href":"https:\/\/up.lublin.pl\/ogrodnictwo\/wp-json\/wp\/v2\/types\/page"}],"author":[{"embeddable":true,"href":"https:\/\/up.lublin.pl\/ogrodnictwo\/wp-json\/wp\/v2\/users\/279"}],"replies":[{"embeddable":true,"href":"https:\/\/up.lublin.pl\/ogrodnictwo\/wp-json\/wp\/v2\/comments?post=171883"}],"version-history":[{"count":19,"href":"https:\/\/up.lublin.pl\/ogrodnictwo\/wp-json\/wp\/v2\/pages\/171883\/revisions"}],"predecessor-version":[{"id":182826,"href":"https:\/\/up.lublin.pl\/ogrodnictwo\/wp-json\/wp\/v2\/pages\/171883\/revisions\/182826"}],"wp:attachment":[{"href":"https:\/\/up.lublin.pl\/ogrodnictwo\/wp-json\/wp\/v2\/media?parent=171883"}],"curies":[{"name":"wp","href":"https:\/\/api.w.org\/{rel}","templated":true}]}}