{"id":168619,"date":"2024-01-27T16:46:15","date_gmt":"2024-01-27T15:46:15","guid":{"rendered":"https:\/\/up.lublin.pl\/ogrodnictwo\/?page_id=168619"},"modified":"2024-11-27T13:26:47","modified_gmt":"2024-11-27T12:26:47","slug":"ogrodnictwo-studia-niestacjonarne-iist-2023-2024","status":"publish","type":"page","link":"https:\/\/up.lublin.pl\/ogrodnictwo\/ogrodnictwo-studia-niestacjonarne-iist-2023-2024\/","title":{"rendered":"Ogrodnictwo &#8211; Studia Niestacjonarne IIst. 2023-2024"},"content":{"rendered":"\t\t<div data-elementor-type=\"wp-page\" data-elementor-id=\"168619\" class=\"elementor elementor-168619\" data-elementor-settings=\"[]\">\n\t\t\t\t\t\t<div class=\"elementor-inner\">\n\t\t\t\t\t\t\t<div class=\"elementor-section-wrap\">\n\t\t\t\t\t\t\t<section class=\"elementor-section elementor-top-section elementor-element elementor-element-71866dea elementor-section-boxed elementor-section-height-default elementor-section-height-default\" data-id=\"71866dea\" data-element_type=\"section\">\n\t\t\t\t\t\t<div class=\"elementor-container elementor-column-gap-default\">\n\t\t\t\t\t\t\t<div class=\"elementor-row\">\n\t\t\t\t\t<div class=\"elementor-column elementor-col-100 elementor-top-column elementor-element elementor-element-73f3caaa\" data-id=\"73f3caaa\" data-element_type=\"column\">\n\t\t\t<div class=\"elementor-column-wrap elementor-element-populated\">\n\t\t\t\t\t\t\t<div class=\"elementor-widget-wrap\">\n\t\t\t\t\t\t<div class=\"elementor-element elementor-element-3b63d9e elementor-widget elementor-widget-m5c\" data-id=\"3b63d9e\" data-element_type=\"widget\" data-widget_type=\"m5c.default\">\n\t\t\t\t<div class=\"elementor-widget-container\">\n\t\t\t<section class=\"mn-m5-c mn-m5-d2 mn-bg-white\">\n\t<div class=\"mn-grid\">\n\t\t\t\t<div class=\"mn-content mn-grid-9\">\n\t\t\t                <div class=\"mn-content-block active\">\n\t                                                        <div class=\"block-text\">\n\t                                        <h5><a href=\"https:\/\/up.lublin.pl\/ogrodnictwo\/ksztalcenie\/#opisy_sylabus%C3%B3w\">\u2190 powr\u00f3t<\/a><\/p>\n<\/h5>\n<h2 style=\"text-align: center\"><span style=\"font-size: 28px\">Ogrodnictwo &#8211; Studia Niestacjonarne IIst. 2023-2024<\/span><\/h2>\n                                        <\/div>\n\t\t\t\t\t\t                                                        <div class=\"block-text\">\n\t                                        <h3><span style=\"font-size: 20px\">Semestr I<\/span><\/h3>\n<ul>\n<li><a href=\"https:\/\/up.lublin.pl\/ogrodnictwo\/wp-content\/uploads\/sites\/6\/2022\/12\/M_OGN2_1_Biologia_molekularna.pdf\">M_OGN2_1_Biologia_molekularna<\/a><\/li>\n<li><a href=\"https:\/\/up.lublin.pl\/ogrodnictwo\/wp-content\/uploads\/sites\/6\/2024\/11\/M_OGN2_2_Ogrodnictwo-zrownowazone.pdf\">M_OGN2_2_Ogrodnictwo zr\u00f3wnowa\u017cone<\/a><\/li>\n<li><a href=\"https:\/\/up.lublin.pl\/ogrodnictwo\/wp-content\/uploads\/sites\/6\/2022\/12\/M_OGN2_3_Statystyka-i-doswiadczalnictwo.pdf\">M_OGN2_3_Statystyka i&nbsp;do\u015bwiadczalnictwo<\/a><\/li>\n<li><a href=\"https:\/\/up.lublin.pl\/ogrodnictwo\/wp-content\/uploads\/sites\/6\/2022\/12\/M_OGN2_4.1_Zagrozenia-srodowiskowe-w-ogrodnictwie-.pdf\">M_OGN2_4.1_Zagro\u017cenia \u015brodowiskowe w&nbsp;ogrodnictwie<\/a><\/li>\n<li><a href=\"https:\/\/up.lublin.pl\/ogrodnictwo\/wp-content\/uploads\/sites\/6\/2022\/12\/M_OGN2_4.2_Techniki-pomiarowe-jakosci-owocow-.pdf\">M_OGN2_4.2_Techniki pomiarowe jako\u015bci owoc\u00f3w<\/a><\/li>\n<li><a href=\"https:\/\/up.lublin.pl\/ogrodnictwo\/wp-content\/uploads\/sites\/6\/2022\/12\/M_OGN2_5.1_Jakosc-i-obrot-materialu-szkolkarskiego-.pdf\">M_OGN2_5.1_Jako\u015b\u0107 i&nbsp;obr\u00f3t materia\u0142u szk\u00f3\u0142karskiego<\/a><\/li>\n<li><a href=\"https:\/\/up.lublin.pl\/ogrodnictwo\/wp-content\/uploads\/sites\/6\/2022\/12\/M_OGN2_4.3_Bioregulatory-w-ogrodnictwie-.pdf\">M_OGN2_4.3_Bioregulatory w&nbsp;ogrodnictwie<\/a><\/li>\n<li><a href=\"https:\/\/up.lublin.pl\/ogrodnictwo\/wp-content\/uploads\/sites\/6\/2022\/12\/M_OGN2_5.2_Projektowanie-terenow-zieleni-.pdf\">M_OGN2_5.2_Projektowanie teren\u00f3w zieleni<\/a><\/li>\n<li><a href=\"https:\/\/up.lublin.pl\/ogrodnictwo\/wp-content\/uploads\/sites\/6\/2022\/12\/M_OGN2_5.3_Analiza-instrumentalna-w-warzywnictwie-.pdf\">M_OGN2_5.3_Analiza instrumentalna w&nbsp;warzywnictwie<\/a><\/li>\n<li><a href=\"https:\/\/up.lublin.pl\/ogrodnictwo\/wp-content\/uploads\/sites\/6\/2022\/12\/M_OGN2_5.4_Zrodla-informacji-w-doradztwie-i-ich-przetwarzanie-.pdf\">M_OGN2_5.4_\u0179r\u00f3d\u0142a informacji w&nbsp;doradztwie i&nbsp;ich przetwarzanie<\/a><\/li>\n<li><a href=\"https:\/\/up.lublin.pl\/ogrodnictwo\/wp-content\/uploads\/sites\/6\/2022\/12\/M_OGN2_6.1_Marketing-miedzynarodowy-i-globalny.pdf\">M_OGN2_6.1_Marketing mi\u0119dzynarodowy i&nbsp;globalny<\/a><\/li>\n<li><a href=\"https:\/\/up.lublin.pl\/ogrodnictwo\/wp-content\/uploads\/sites\/6\/2022\/12\/M_OGN2_6.2_Ochrona-i-konserwacja-krajobrazu-kulturowego-.pdf\">M_OGN2_6.2_Ochrona i&nbsp;konserwacja krajobrazu kulturowego<\/a><\/li>\n<li><a href=\"https:\/\/up.lublin.pl\/ogrodnictwo\/wp-content\/uploads\/sites\/6\/2022\/12\/M_OGN2_6.3_Projektowanie-przedsiewziec-z-funduszy-unijnych-.pdf\">M_OGN2_6.3_Projektowanie przedsi\u0119wzi\u0119\u0107 z&nbsp;funduszy unijnych<\/a><\/li>\n<li><a href=\"https:\/\/up.lublin.pl\/ogrodnictwo\/wp-content\/uploads\/sites\/6\/2022\/12\/M_OGN2_8.1_Jezyk_-obcy_-specjalistyczny-Angielski_B2.pdf\">M_OGN2_8.1_J\u0119zyk_ obcy_ specjalistyczny &#8211; Angielski_B2+<\/a><\/li>\n<li><a href=\"https:\/\/up.lublin.pl\/ogrodnictwo\/wp-content\/uploads\/sites\/6\/2022\/12\/M_OGN2_7_Przedsiebiorczosc.pdf\">M_OGN2_7_Przedsi\u0119biorczo\u015b\u0107<\/a><\/li>\n<li><a href=\"https:\/\/up.lublin.pl\/ogrodnictwo\/wp-content\/uploads\/sites\/6\/2022\/12\/M_OGN2_8.2_Jezyk_obcy_specjalistyczny-Francuski_B2.pdf\">M_OGN2_8.2_J\u0119zyk_obcy_specjalistyczny &#8211; Francuski_B2+<\/a><\/li>\n<li><a href=\"https:\/\/up.lublin.pl\/ogrodnictwo\/wp-content\/uploads\/sites\/6\/2022\/12\/M_OGN2_8.3_Jezyk_obcy_specjalistyczny-Niemiecki_B2.pdf\">M_OGN2_8.3_J\u0119zyk_obcy_specjalistyczny &#8211; Niemiecki_B2+<\/a><\/li>\n<li><a href=\"https:\/\/up.lublin.pl\/ogrodnictwo\/wp-content\/uploads\/sites\/6\/2022\/12\/M_OGN2_8.4_Jezyk_obcy_specjalistyczny-Rosyjski_B2.pdf\">M_OGN2_8.4_J\u0119zyk_obcy_specjalistyczny &#8211; Rosyjski_B2+<\/a><\/li>\n<\/ul>\n<h3><span style=\"font-size: 20px\">Semestr II<\/span><\/h3>\n<ul>\n<li><a href=\"https:\/\/up.lublin.pl\/ogrodnictwo\/wp-content\/uploads\/sites\/6\/2022\/12\/M_OGN2_9_Wspolczesne-trendy-w-ochronie-roslin.pdf\">M_OGN2_9_Wsp\u00f3\u0142czesne trendy w&nbsp;ochronie ro\u015blin<\/a><\/li>\n<li><a href=\"https:\/\/up.lublin.pl\/ogrodnictwo\/wp-content\/uploads\/sites\/6\/2022\/12\/M_OGN2_10_Pozbiorcze-traktowanie-i-zagospodarowanie-plodow-ogrodniczych.pdf\">M_OGN2_10_Pozbiorcze traktowanie i&nbsp;zagospodarowanie p\u0142od\u00f3w ogrodniczych<\/a><\/li>\n<li><a href=\"https:\/\/up.lublin.pl\/ogrodnictwo\/wp-content\/uploads\/sites\/6\/2022\/12\/M_OGN2_11_Projektowanie-upraw-ogrodniczych.pdf\">M_OGN2_11_Projektowanie upraw ogrodniczych<\/a><\/li>\n<li><a href=\"https:\/\/up.lublin.pl\/ogrodnictwo\/wp-content\/uploads\/sites\/6\/2022\/12\/M_OGN2_12_Organizacja_dzialalnosci_doradczej_w_ogrodnictwie.pdf\">M_OGN2_12_Organizacja_dzia\u0142alno\u015bci_doradczej_w_ogrodnictwie<\/a><\/li>\n<li><a href=\"https:\/\/up.lublin.pl\/ogrodnictwo\/wp-content\/uploads\/sites\/6\/2022\/12\/M_OGN2_13.1_Uprawa-winorosli-i-organizacja-winnicy.pdf\">M_OGN2_13.1_Uprawa winoro\u015bli i&nbsp;organizacja winnicy<\/a><\/li>\n<li><a href=\"https:\/\/up.lublin.pl\/ogrodnictwo\/wp-content\/uploads\/sites\/6\/2022\/12\/M_OGN2_13.3_Odmianoznawstwo-warzyw-do-przetworstwa.pdf\">M_OGN2_13.3_Odmianoznawstwo warzyw do przetw\u00f3rstwa<\/a><\/li>\n<li><a href=\"https:\/\/up.lublin.pl\/ogrodnictwo\/wp-content\/uploads\/sites\/6\/2022\/12\/M_OGN2_13.2_Budowa-i-pielegnowanie-terenow-zieleni.pdf\">M_OGN2_13.2_Budowa i&nbsp;piel\u0119gnowanie teren\u00f3w zieleni<\/a><\/li>\n<li><a href=\"https:\/\/up.lublin.pl\/ogrodnictwo\/wp-content\/uploads\/sites\/6\/2022\/12\/M_OGN2_13.4_Nabywanie-stosowanie-i-obrot-srodkami-ochrony-roslin.pdf\">M_OGN2_13.4_Nabywanie, stosowanie i&nbsp;obr\u00f3t \u015brodkami ochrony ro\u015blin<\/a><\/li>\n<li><a href=\"https:\/\/up.lublin.pl\/ogrodnictwo\/wp-content\/uploads\/sites\/6\/2022\/12\/M_OGN2_14.1_Warzywnictwo-specjalistyczne.pdf\">M_OGN2_14.1_Warzywnictwo specjalistyczne<\/a><\/li>\n<li><a href=\"https:\/\/up.lublin.pl\/ogrodnictwo\/wp-content\/uploads\/sites\/6\/2022\/12\/M_OGN2_14.2_Aranzacje-zieleni-we-wnetrzach.pdf\">M_OGN2_14.2_Aran\u017cacje zieleni we wn\u0119trzach<\/a><\/li>\n<li><a href=\"https:\/\/up.lublin.pl\/ogrodnictwo\/wp-content\/uploads\/sites\/6\/2022\/12\/M_OGN2_14.3_Rosliny-przyprawowe-i-lecznicze.pdf\">M_OGN2_14.3_Ro\u015bliny przyprawowe i&nbsp;lecznicze<\/a><\/li>\n<li><a href=\"https:\/\/up.lublin.pl\/ogrodnictwo\/wp-content\/uploads\/sites\/6\/2022\/12\/M_OGN2_14.4_Szkolkarstwo-specjalistyczne.pdf\">M_OGN2_14.4_Szk\u00f3\u0142karstwo specjalistyczne<\/a><\/li>\n<li><a href=\"https:\/\/up.lublin.pl\/ogrodnictwo\/wp-content\/uploads\/sites\/6\/2022\/12\/M_OGN2_15_Metodologia-doswiadczalnictwa-ogrodniczego.pdf\">M_OGN2_15_Metodologia do\u015bwiadczalnictwa ogrodniczego<\/a><\/li>\n<\/ul>\n<h3><span style=\"font-size: 20px\">Semestr III<\/span><\/h3>\n<ul>\n<li><a href=\"https:\/\/up.lublin.pl\/ogrodnictwo\/wp-content\/uploads\/sites\/6\/2022\/12\/M_OGN2_16_Kultury-in-vitro-w-uprawie-roslin-ogrodniczych.pdf\">M_OGN2_16_Kultury in vitro w&nbsp;uprawie ro\u015blin ogrodniczych<\/a><\/li>\n<li><a href=\"https:\/\/up.lublin.pl\/ogrodnictwo\/wp-content\/uploads\/sites\/6\/2022\/12\/M_OGN2_17_Ksztaltowanie-krajobrazu-i-ochrona-przyrody.pdf\">M_OGN2_17_Kszta\u0142towanie krajobrazu i&nbsp;ochrona przyrody<\/a><\/li>\n<li><a href=\"https:\/\/up.lublin.pl\/ogrodnictwo\/wp-content\/uploads\/sites\/6\/2022\/12\/M_OGN2_18_Wspolczesne-trendy-w-uprawie-roli-i-zywieniu-roslin.pdf\">M_OGN2_18_Wsp\u00f3\u0142czesne trendy w&nbsp;uprawie roli i&nbsp;\u017cywieniu ro\u015blin<\/a><\/li>\n<li><a href=\"https:\/\/up.lublin.pl\/ogrodnictwo\/wp-content\/uploads\/sites\/6\/2022\/12\/M_OGN2_19_Sterowana_produkcja_ogrodnicza.pdf\">M_OGN2_19_Sterowana produkcja ogrodnicza<\/a><\/li>\n<li><a href=\"https:\/\/up.lublin.pl\/ogrodnictwo\/wp-content\/uploads\/sites\/6\/2022\/12\/M_OGN2_20.1_Bukieciarstwo-i-dekoracje-roslinne.pdf\">M_OGN2_20.1_Bukieciarstwo i&nbsp;dekoracje ro\u015blinne<\/a><\/li>\n<li><a href=\"https:\/\/up.lublin.pl\/ogrodnictwo\/wp-content\/uploads\/sites\/6\/2022\/12\/M_OGN2_20.2_Sterowanie-jakoscia-w-produkcji-grzybow.pdf\">M_OGN2_20.2_Sterowanie jako\u015bci\u0105 w&nbsp;produkcji grzyb\u00f3w<\/a><\/li>\n<li><a href=\"https:\/\/up.lublin.pl\/ogrodnictwo\/wp-content\/uploads\/sites\/6\/2022\/12\/M_OGN2_20.3_Komputerowe-metody-projektowania-terenow-zieleni.pdf\">M_OGN2_20.3_Komputerowe metody projektowania teren\u00f3w zieleni<\/a><\/li>\n<li><a href=\"https:\/\/up.lublin.pl\/ogrodnictwo\/wp-content\/uploads\/sites\/6\/2022\/12\/M_OGN2_21.1_Diagnostyka-w-ochronie-roslin-ogrodniczych.pdf\">M_OGN2_21.1_Diagnostyka w&nbsp;ochronie roslin ogrodniczych<\/a><\/li>\n<li><a href=\"https:\/\/up.lublin.pl\/ogrodnictwo\/wp-content\/uploads\/sites\/6\/2022\/12\/M_OGN2_21.2_Alternative-fruits-plants.pdf\">M_OGN2_21.2_Alternative fruits plants<\/a><\/li>\n<li><a href=\"https:\/\/up.lublin.pl\/ogrodnictwo\/wp-content\/uploads\/sites\/6\/2022\/12\/M_OGN2_21.3_Selected_topics_in_horticulture-2022.2023.pdf\">M_OGN2_21.3_Selected_topics_in_horticulture<\/a><\/li>\n<li><a href=\"https:\/\/up.lublin.pl\/ogrodnictwo\/wp-content\/uploads\/sites\/6\/2022\/12\/M_OGN2_22_Seminarium-dyplomowe-1.pdf\">M_OGN2_22_Seminarium dyplomowe 1<\/a><\/li>\n<\/ul>\n<h3><span style=\"font-size: 20px\">Semestr IV<\/span><\/h3>\n<ul>\n<li><a href=\"https:\/\/up.lublin.pl\/ogrodnictwo\/wp-content\/uploads\/sites\/6\/2022\/12\/M_OGN2_23_Techniki-w-produkcji-ogrodniczej.pdf\">M_OGN2_23_Techniki w&nbsp;produkcji ogrodniczej<\/a><\/li>\n<li><a href=\"https:\/\/up.lublin.pl\/ogrodnictwo\/wp-content\/uploads\/sites\/6\/2022\/12\/M_OGN2_24.1_Formowanie-i-ciecie-drzew-i-krzewow-owocowych.pdf\">M_OGN2_24.1_Formowanie i&nbsp;ciecie drzew i&nbsp;krzew\u00f3w owocowych<\/a><\/li>\n<li><a href=\"https:\/\/up.lublin.pl\/ogrodnictwo\/wp-content\/uploads\/sites\/6\/2022\/12\/M_OGN2_24.2_Produkcja-roslin-doniczkowych-i-na-kwiat-ciety.pdf\">M_OGN2_24.2_Produkcja ro\u015blin doniczkowych i&nbsp;na kwiat ci\u0119ty<\/a><\/li>\n<li><a href=\"https:\/\/up.lublin.pl\/ogrodnictwo\/wp-content\/uploads\/sites\/6\/2022\/12\/M_OGN2_24.3_Wielkotowarowe-uprawy-warzyw-i-roslin-przyprawowych.pdf\">M_OGN2_24.3_Wielkotowarowe uprawy warzyw i&nbsp;ro\u015blin przyprawowych<\/a><\/li>\n<li><a href=\"https:\/\/up.lublin.pl\/ogrodnictwo\/wp-content\/uploads\/sites\/6\/2022\/12\/M_OGN2_24.4_Uprawa-krzewow-owocowych.pdf\">M_OGN2_24.4_Uprawa krzew\u00f3w owocowych<\/a><\/li>\n<li><a href=\"https:\/\/up.lublin.pl\/ogrodnictwo\/wp-content\/uploads\/sites\/6\/2022\/12\/M_OGN2_25.2_Wspolczesne-style-ogrodowe.pdf\">M_OGN2_25.2_Wsp\u00f3\u0142czesne style ogrodowe<\/a><\/li>\n<li><a href=\"https:\/\/up.lublin.pl\/ogrodnictwo\/wp-content\/uploads\/sites\/6\/2022\/12\/M_OGN2_25.1_Filozofia-i-estetyka-ogrodu.pdf\">M_OGN2_25.1_Filozofia i&nbsp;estetyka ogrodu<\/a><\/li>\n<li><a href=\"https:\/\/up.lublin.pl\/ogrodnictwo\/wp-content\/uploads\/sites\/6\/2022\/12\/M_OGN2_25.3_Fairtrade-w-handlu-owocami-swiata.pdf\">M_OGN2_25.3_Fairtrade w&nbsp;handlu owocami \u015bwiata<\/a><\/li>\n<li><a href=\"https:\/\/up.lublin.pl\/ogrodnictwo\/wp-content\/uploads\/sites\/6\/2022\/12\/M_OGN2_25.4_Etyka-w-produkcji-zywnosci.pdf\">M_OGN2_25.4_Etyka w&nbsp;produkcji \u017cywno\u015bci<\/a><\/li>\n<li><a href=\"https:\/\/up.lublin.pl\/ogrodnictwo\/wp-content\/uploads\/sites\/6\/2022\/12\/M_OGN2_26_Seminarium-dyplomowe-2.pdf\">M_OGN2_26_Seminarium dyplomowe 2<\/a><\/li>\n<li><a href=\"https:\/\/up.lublin.pl\/ogrodnictwo\/wp-content\/uploads\/sites\/6\/2022\/12\/M_OGN2_27_Praca_magisterska_i_egzamin_dyplomowy.pdf\">M_OGN2_27_Praca_magisterska_i_egzamin_dyplomowy<\/a><\/li>\n<\/ul>\n                                        <\/div>\n\t\t\t\t\t\t                                <\/div>\n\t\t\t\t                <div class=\"mn-content-block\">\n\t                                <\/div>\n\t\t\t\t                <div class=\"mn-content-block\">\n\t                                <\/div>\n\t\t\t\t                <div class=\"mn-content-block\">\n\t                                <\/div>\n\t\t\t\t                <div class=\"mn-content-block\">\n\t                                <\/div>\n\t\t\t\t                <div class=\"mn-content-block\">\n\t                                <\/div>\n\t\t\t\t                <div class=\"mn-content-block\">\n\t                                <\/div>\n\t\t\t\t                <div class=\"mn-content-block\">\n\t                                <\/div>\n\t\t\t\t                <div class=\"mn-content-block\">\n\t                                <\/div>\n\t\t\t\t                <div class=\"mn-content-block\">\n\t                                <\/div>\n\t\t\t\t                <div class=\"mn-content-block\">\n\t                                <\/div>\n\t\t\t\t                <div class=\"mn-content-block\">\n\t                                <\/div>\n\t\t\t\t                <div class=\"mn-content-block\">\n\t                                <\/div>\n\t\t\t\t                <div class=\"mn-content-block\">\n\t                                <\/div>\n\t\t\t\t                <div class=\"mn-content-block\">\n\t                                <\/div>\n\t\t\t\t                <div class=\"mn-content-block\">\n\t                                <\/div>\n\t\t\t\t                <div class=\"mn-content-block\">\n\t                                <\/div>\n\t\t\t\t                <div class=\"mn-content-block\">\n\t                                <\/div>\n\t\t\t\t                <div class=\"mn-content-block\">\n\t                                <\/div>\n\t\t\t\t                <div class=\"mn-content-block\">\n\t                                <\/div>\n\t\t\t\t\t\t<\/div>\n\t<\/div>\n<\/section>\n\t\t<\/div>\n\t\t\t\t<\/div>\n\t\t\t\t\t\t<\/div>\n\t\t\t\t\t<\/div>\n\t\t<\/div>\n\t\t\t\t\t\t\t\t<\/div>\n\t\t\t\t\t<\/div>\n\t\t<\/section>\n\t\t\t\t\t\t<\/div>\n\t\t\t\t\t\t<\/div>\n\t\t\t\t\t<\/div>\n\t\t","protected":false},"excerpt":{"rendered":"<p>\u2190 powr\u00f3t Ogrodnictwo &#8211; Studia Niestacjonarne IIst. 2023-2024 Semestr I M_OGN2_1_Biologia_molekularna M_OGN2_2_Ogrodnictwo zr\u00f3wnowa\u017cone M_OGN2_3_Statystyka i&nbsp;do\u015bwiadczalnictwo M_OGN2_4.1_Zagro\u017cenia \u015brodowiskowe w&nbsp;ogrodnictwie M_OGN2_4.2_Techniki pomiarowe jako\u015bci owoc\u00f3w M_OGN2_5.1_Jako\u015b\u0107 i&nbsp;obr\u00f3t materia\u0142u szk\u00f3\u0142karskiego M_OGN2_4.3_Bioregulatory w&nbsp;ogrodnictwie M_OGN2_5.2_Projektowanie teren\u00f3w zieleni M_OGN2_5.3_Analiza instrumentalna w&nbsp;warzywnictwie M_OGN2_5.4_\u0179r\u00f3d\u0142a informacji w&nbsp;doradztwie i&nbsp;ich przetwarzanie M_OGN2_6.1_Marketing mi\u0119dzynarodowy i&nbsp;globalny M_OGN2_6.2_Ochrona i&nbsp;konserwacja krajobrazu kulturowego M_OGN2_6.3_Projektowanie przedsi\u0119wzi\u0119\u0107 z&nbsp;funduszy unijnych M_OGN2_8.1_J\u0119zyk_ obcy_ specjalistyczny &#8211; Angielski_B2+ [&hellip;]<\/p>\n","protected":false},"author":279,"featured_media":0,"parent":0,"menu_order":0,"comment_status":"closed","ping_status":"closed","template":"elementor_header_footer","meta":{"_monsterinsights_skip_tracking":false,"_monsterinsights_sitenote_active":false,"_monsterinsights_sitenote_note":"","_monsterinsights_sitenote_category":0},"_links":{"self":[{"href":"https:\/\/up.lublin.pl\/ogrodnictwo\/wp-json\/wp\/v2\/pages\/168619"}],"collection":[{"href":"https:\/\/up.lublin.pl\/ogrodnictwo\/wp-json\/wp\/v2\/pages"}],"about":[{"href":"https:\/\/up.lublin.pl\/ogrodnictwo\/wp-json\/wp\/v2\/types\/page"}],"author":[{"embeddable":true,"href":"https:\/\/up.lublin.pl\/ogrodnictwo\/wp-json\/wp\/v2\/users\/279"}],"replies":[{"embeddable":true,"href":"https:\/\/up.lublin.pl\/ogrodnictwo\/wp-json\/wp\/v2\/comments?post=168619"}],"version-history":[{"count":10,"href":"https:\/\/up.lublin.pl\/ogrodnictwo\/wp-json\/wp\/v2\/pages\/168619\/revisions"}],"predecessor-version":[{"id":175487,"href":"https:\/\/up.lublin.pl\/ogrodnictwo\/wp-json\/wp\/v2\/pages\/168619\/revisions\/175487"}],"wp:attachment":[{"href":"https:\/\/up.lublin.pl\/ogrodnictwo\/wp-json\/wp\/v2\/media?parent=168619"}],"curies":[{"name":"wp","href":"https:\/\/api.w.org\/{rel}","templated":true}]}}