{"id":168607,"date":"2024-01-27T16:42:20","date_gmt":"2024-01-27T15:42:20","guid":{"rendered":"https:\/\/up.lublin.pl\/ogrodnictwo\/?page_id=168607"},"modified":"2024-01-27T16:48:01","modified_gmt":"2024-01-27T15:48:01","slug":"ogrodnictwo-studia-stacjonarne-ist-2023-2024","status":"publish","type":"page","link":"https:\/\/up.lublin.pl\/ogrodnictwo\/ogrodnictwo-studia-stacjonarne-ist-2023-2024\/","title":{"rendered":"Ogrodnictwo \u2013 Studia Stacjonarne Ist. 2023-2024"},"content":{"rendered":"\t\t<div data-elementor-type=\"wp-page\" data-elementor-id=\"168607\" class=\"elementor elementor-168607\" data-elementor-settings=\"[]\">\n\t\t\t\t\t\t<div class=\"elementor-inner\">\n\t\t\t\t\t\t\t<div class=\"elementor-section-wrap\">\n\t\t\t\t\t\t\t<section class=\"elementor-section elementor-top-section elementor-element elementor-element-499906fa elementor-section-boxed elementor-section-height-default elementor-section-height-default\" data-id=\"499906fa\" data-element_type=\"section\">\n\t\t\t\t\t\t<div class=\"elementor-container elementor-column-gap-default\">\n\t\t\t\t\t\t\t<div class=\"elementor-row\">\n\t\t\t\t\t<div class=\"elementor-column elementor-col-100 elementor-top-column elementor-element elementor-element-103ac070\" data-id=\"103ac070\" data-element_type=\"column\">\n\t\t\t<div class=\"elementor-column-wrap elementor-element-populated\">\n\t\t\t\t\t\t\t<div class=\"elementor-widget-wrap\">\n\t\t\t\t\t\t<div class=\"elementor-element elementor-element-256822f8 elementor-widget elementor-widget-m5c\" data-id=\"256822f8\" data-element_type=\"widget\" data-widget_type=\"m5c.default\">\n\t\t\t\t<div class=\"elementor-widget-container\">\n\t\t\t<section class=\"mn-m5-c mn-m5-d2 mn-bg-white\">\n\t<div class=\"mn-grid\">\n\t\t\t\t<div class=\"mn-content mn-grid-9\">\n\t\t\t                <div class=\"mn-content-block active\">\n\t                                                        <div class=\"block-text\">\n\t                                        <h5><a href=\"https:\/\/up.lublin.pl\/ogrodnictwo\/ksztalcenie\/#opisy_sylabus%C3%B3w\">\u2190 powr\u00f3t<\/a><\/h5>\n<h2 style=\"text-align: center\"><span style=\"font-size: 28px\">Ogrodnictwo &#8211; Studia Stacjonarne Ist. 2023-2024<\/span><\/h2>\n                                        <\/div>\n\t\t\t\t\t\t                                                        <div class=\"block-text\">\n\t                                        <h3><span style=\"font-size: 20px\">Semestr I<\/span><\/h3>\n<ul>\n<li><a href=\"https:\/\/up.lublin.pl\/ogrodnictwo\/wp-content\/uploads\/sites\/6\/2022\/12\/M_OGS1_1_Botanika.pdf\">M_OGS1_1_Botanika<\/a><\/li>\n<li><a href=\"https:\/\/up.lublin.pl\/ogrodnictwo\/wp-content\/uploads\/sites\/6\/2022\/12\/M_OGS1_2_Chemia.pdf\">M_OGS1_2_Chemia<\/a><\/li>\n<li><a href=\"https:\/\/up.lublin.pl\/ogrodnictwo\/wp-content\/uploads\/sites\/6\/2022\/12\/M_OGS1_3_Gleboznawstwo.pdf\">M_OGS1_3_Gleboznawstwo<\/a><\/li>\n<li><a href=\"https:\/\/up.lublin.pl\/ogrodnictwo\/wp-content\/uploads\/sites\/6\/2022\/12\/M_OGS1_4_Mikrobiologia.pdf\">M_OGS1_4_Mikrobiologia<\/a><\/li>\n<li><a href=\"https:\/\/up.lublin.pl\/ogrodnictwo\/wp-content\/uploads\/sites\/6\/2022\/12\/M_OGS1_5_Technologie-informacyjne-1.pdf\">M_OGS1_5_Technologie informacyjne<\/a><\/li>\n<li><a href=\"https:\/\/up.lublin.pl\/ogrodnictwo\/wp-content\/uploads\/sites\/6\/2022\/12\/M_OGS1_6.1_Historia-ogrodnictwa.pdf\">M_OGS1_6.1_Historia ogrodnictwa<\/a><\/li>\n<li><a href=\"https:\/\/up.lublin.pl\/ogrodnictwo\/wp-content\/uploads\/sites\/6\/2022\/12\/M_OGS1_6.2_Ekonomia.pdf\">M_OGS1_6.2_Ekonomia<\/a><\/li>\n<li><a href=\"https:\/\/up.lublin.pl\/ogrodnictwo\/wp-content\/uploads\/sites\/6\/2022\/12\/M_OGS1_7.1_Socjologia-.pdf\">M_OGS1_7.1_Socjologia<\/a><\/li>\n<li><a href=\"https:\/\/up.lublin.pl\/ogrodnictwo\/wp-content\/uploads\/sites\/6\/2022\/12\/M_OGS1_7.2_Rosliny-w-kulturze-ludowej-.pdf\">M_OGS1_7.2_Ro\u015bliny w&nbsp;kulturze ludowej<\/a><\/li>\n<li><a href=\"https:\/\/up.lublin.pl\/ogrodnictwo\/wp-content\/uploads\/sites\/6\/2022\/12\/M_OGS1_8.1_Owoce-tropikalne-.pdf\">M_OGS1_8.1_Owoce tropikalne<\/a><\/li>\n<li><a href=\"https:\/\/up.lublin.pl\/ogrodnictwo\/wp-content\/uploads\/sites\/6\/2022\/12\/M_OGS1_8.2_Globalne-zagrozenia-srodowiska.pdf\">M_OGS1_8.2_Globalne zagro\u017cenia \u015brodowiska<\/a><\/li>\n<li><a href=\"https:\/\/up.lublin.pl\/ogrodnictwo\/wp-content\/uploads\/sites\/6\/2022\/12\/M_OGS1_8.3_Roznorodnosc-biologiczna-owadow-i-grzybow-Przedmiot-do-wyboru-3.pdf\">M_OGS1_8.3_R\u00f3\u017cnorodno\u015b\u0107 biologiczna owad\u00f3w i&nbsp;grzyb\u00f3w<\/a><\/li>\n<li><a href=\"https:\/\/up.lublin.pl\/ogrodnictwo\/wp-content\/uploads\/sites\/6\/2022\/12\/M_OGS1_8.4_Rosliny-kosmetyczne-i-barwierskie-.pdf\">M_OGS1_8.4_Ro\u015bliny kosmetyczne i&nbsp;barwierskie<\/a><\/li>\n<li><a href=\"https:\/\/up.lublin.pl\/ogrodnictwo\/wp-content\/uploads\/sites\/6\/2022\/12\/M_OGS1_9.1_.Agrometeorologia-.pdf\">M_OGS1_9.1_.Agrometeorologia<\/a><\/li>\n<li><a href=\"https:\/\/up.lublin.pl\/ogrodnictwo\/wp-content\/uploads\/sites\/6\/2022\/12\/M_OGS1_9.2_Klimatologia-.pdf\">M_OGS1_9.2_Klimatologia<\/a><\/li>\n<li><a href=\"https:\/\/up.lublin.pl\/ogrodnictwo\/wp-content\/uploads\/sites\/6\/2022\/12\/M_OGS1_10_Ochrona-wlasnosci-intelektualnej-BHP-i-ergonomia.pdf\">M_OGS1_10_Ochrona w\u0142asno\u015bci intelektualnej, BHP i&nbsp;ergonomia<\/a><\/li>\n<li><a href=\"https:\/\/up.lublin.pl\/ogrodnictwo\/wp-content\/uploads\/sites\/6\/2022\/12\/M_OGS1_11_Wychowanie-fizyczne-1.pdf\">M_OGS1_11_Wychowanie fizyczne 1<\/a><\/li>\n<\/ul>\n<h3><span style=\"font-size: 20px\">Semestr II<\/span><\/h3>\n<ul>\n<li><a href=\"https:\/\/up.lublin.pl\/ogrodnictwo\/wp-content\/uploads\/sites\/6\/2022\/12\/M_OGS1_12.1_Jezyk_obcy_1-Angielski_B2.pdf\">M_OGS1_12.1_J\u0119zyk_obcy_1-Angielski_B2<\/a><\/li>\n<li><a href=\"https:\/\/up.lublin.pl\/ogrodnictwo\/wp-content\/uploads\/sites\/6\/2022\/12\/M_OGS1_12.2_Jezyk_obcy_1-Francuski_B2.pdf\">M_OGS1_12.2_J\u0119zyk_obcy_1-Francuski_B2<\/a><\/li>\n<li><a href=\"https:\/\/up.lublin.pl\/ogrodnictwo\/wp-content\/uploads\/sites\/6\/2022\/12\/M_OGS1_12.3_Jezyk_obcy_1-Niemiecki_B2.pdf\">M_OGS1_12.3_J\u0119zyk_obcy_1-Niemiecki_B2<\/a><\/li>\n<li><a href=\"https:\/\/up.lublin.pl\/ogrodnictwo\/wp-content\/uploads\/sites\/6\/2022\/12\/M_OGS1_12.4_Jezyk_obcy_1-Rosyjski_B2.pdf\">M_OGS1_12.4_J\u0119zyk_obcy_1-Rosyjski_B2<\/a><\/li>\n<li><a href=\"https:\/\/up.lublin.pl\/ogrodnictwo\/wp-content\/uploads\/sites\/6\/2022\/12\/M_OGS1_13_Enologia.pdf\">M_OGS1_13_Enologia<\/a><\/li>\n<li><a href=\"https:\/\/up.lublin.pl\/ogrodnictwo\/wp-content\/uploads\/sites\/6\/2022\/12\/M_OGS1_14_Biochemia.pdf\">M_OGS1_14_Biochemia<\/a><\/li>\n<li><a href=\"https:\/\/up.lublin.pl\/ogrodnictwo\/wp-content\/uploads\/sites\/6\/2022\/12\/M_OGS1_15_Fizjologia-roslin.pdf\">M_OGS1_15_Fizjologia ro\u015blin<\/a> <a href=\"https:\/\/up.lublin.pl\/ogrodnictwo\/wp-content\/uploads\/sites\/6\/2022\/12\/M_OGS1_16-Zielarstwo.pdf\">M_OGS1_16-Zielarstwo<\/a><\/li>\n<li><a href=\"https:\/\/up.lublin.pl\/ogrodnictwo\/wp-content\/uploads\/sites\/6\/2022\/12\/M_OGS1_17_Nasiennictwo-ogrodnicze.pdf\">M_OGS1_17_Nasiennictwo ogrodnicze<\/a><\/li>\n<li><a href=\"https:\/\/up.lublin.pl\/ogrodnictwo\/wp-content\/uploads\/sites\/6\/2022\/12\/M_OGS1_18_Dendrologia-1.pdf\">M_OGS1_18_Dendrologia<\/a><\/li>\n<li><a href=\"https:\/\/up.lublin.pl\/ogrodnictwo\/wp-content\/uploads\/sites\/6\/2022\/12\/M_OGS1_19_Ekologia-i-ochrona-srodowiska.pdf\">M_OGS1_19_Ekologia i&nbsp;ochrona \u015brodowiska<\/a><\/li>\n<li><a href=\"https:\/\/up.lublin.pl\/ogrodnictwo\/wp-content\/uploads\/sites\/6\/2022\/12\/M_OGS1_20_Wychowanie-fizyczne-2.pdf\">M_OGS1_20_Wychowanie fizyczne 2<\/a><\/li>\n<\/ul>\n<h3><span style=\"font-size: 20px\">Semestr III<\/span><\/h3>\n<ul>\n<li><a href=\"https:\/\/up.lublin.pl\/ogrodnictwo\/wp-content\/uploads\/sites\/6\/2022\/12\/M_OGS1_21.1_Jezyk_obcy_2-Angielski_B2.pdf\">M_OGS1_21.1_J\u0119zyk_obcy_2-Angielski_B2<\/a><\/li>\n<li><a href=\"https:\/\/up.lublin.pl\/ogrodnictwo\/wp-content\/uploads\/sites\/6\/2022\/12\/M_OGS1_21.2_Jezyk_obcy_2-Francuski_B2.pdf\">M_OGS1_21.2_J\u0119zyk_obcy_2-Francuski_B2<\/a><\/li>\n<li><a href=\"https:\/\/up.lublin.pl\/ogrodnictwo\/wp-content\/uploads\/sites\/6\/2022\/12\/M_OGS1_21.3_Jezyk_obcy_2-Niemiecki_B2.pdf\">M_OGS1_21.3_J\u0119zyk_obcy_2-Niemiecki_B2<\/a><\/li>\n<li><a href=\"https:\/\/up.lublin.pl\/ogrodnictwo\/wp-content\/uploads\/sites\/6\/2022\/12\/M_OGS1_21.4_Jezyk_obcy_2-Rosyjski_B2.pdf\">M_OGS1_21.4_J\u0119zyk_obcy_2-Rosyjski_B2<\/a><\/li>\n<li><a href=\"https:\/\/up.lublin.pl\/ogrodnictwo\/wp-content\/uploads\/sites\/6\/2022\/12\/M_OGS1_22_Uprawa-roli-i-roslin.pdf\">M_OGS1_22_Uprawa roli i&nbsp;ro\u015blin<\/a><\/li>\n<li><a href=\"https:\/\/up.lublin.pl\/ogrodnictwo\/wp-content\/uploads\/sites\/6\/2022\/12\/M_OGS1_23_Zywienie-roslin.pdf\">M_OGS1_23_\u017bywienie ro\u015blin<\/a><\/li>\n<li><a href=\"https:\/\/up.lublin.pl\/ogrodnictwo\/wp-content\/uploads\/sites\/6\/2022\/12\/M_OGS1_24_Genetyka-i-hodowla-roslin.pdf\">M_OGS1_24_Genetyka i&nbsp;hodowla ro\u015blin<\/a><\/li>\n<li><a href=\"https:\/\/up.lublin.pl\/ogrodnictwo\/wp-content\/uploads\/sites\/6\/2022\/12\/M_OGS1_25_Szkolkarstwo-sadownicze.pdf\">M_OGS1_25_Szk\u00f3\u0142karstwo sadownicze<\/a><\/li>\n<li><a href=\"https:\/\/up.lublin.pl\/ogrodnictwo\/wp-content\/uploads\/sites\/6\/2022\/12\/M_OGS1_26_Warzywnictwo-1.pdf\">M_OGS1_26_Warzywnictwo 1<\/a><\/li>\n<li><a href=\"https:\/\/up.lublin.pl\/ogrodnictwo\/wp-content\/uploads\/sites\/6\/2022\/12\/M_OGS1_27_Sadownictwo-1.pdf\">M_OGS1_27_Sadownictwo 1<\/a><\/li>\n<li><a href=\"https:\/\/up.lublin.pl\/ogrodnictwo\/wp-content\/uploads\/sites\/6\/2022\/12\/M_OGS1_28_Rosliny-ozdobne-1.pdf\">M_OGS1_28_Ro\u015bliny ozdobne 1<\/a><\/li>\n<\/ul>\n<h3><span style=\"font-size: 20px\">Semestr IV<\/span><\/h3>\n<ul>\n<li><a href=\"https:\/\/up.lublin.pl\/ogrodnictwo\/wp-content\/uploads\/sites\/6\/2022\/12\/M_OGS1_29.1_Jezyk_obcy_3-Angielski_B2.pdf\">M_OGS1_29.1_J\u0119zyk_obcy_3-Angielski_B2<\/a><\/li>\n<li><a href=\"https:\/\/up.lublin.pl\/ogrodnictwo\/wp-content\/uploads\/sites\/6\/2022\/12\/M_OGS1_29.2_Jezyk_obcy_3-Francuski_B2.pdf\">M_OGS1_29.2_J\u0119zyk_obcy_3-Francuski_B2<\/a><\/li>\n<li><a href=\"https:\/\/up.lublin.pl\/ogrodnictwo\/wp-content\/uploads\/sites\/6\/2022\/12\/M_OGS1_29.3_Jezyk_obcy_3-Niemiecki_B2.pdf\">M_OGS1_29.3_J\u0119zyk_obcy_3-Niemiecki_B2<\/a><\/li>\n<li><a href=\"https:\/\/up.lublin.pl\/ogrodnictwo\/wp-content\/uploads\/sites\/6\/2022\/12\/M_OGS1_29.4_Jezyk_obcy_3-Rosyjski_B2.pdf\">M_OGS1_29.4_J\u0119zyk_obcy_3-Rosyjski_B2<\/a><\/li>\n<li><a href=\"https:\/\/up.lublin.pl\/ogrodnictwo\/wp-content\/uploads\/sites\/6\/2022\/12\/M_OGS1_30_Wrzywnictwo-2.pdf\">M_OGS1_30_Wrzywnictwo 2<\/a><\/li>\n<li><a href=\"https:\/\/up.lublin.pl\/ogrodnictwo\/wp-content\/uploads\/sites\/6\/2022\/12\/M_OGS1_32_Sadownictwo_2.pdf\">M_OGS1_32_Sadownictwo 2<\/a><\/li>\n<li><a href=\"https:\/\/up.lublin.pl\/ogrodnictwo\/wp-content\/uploads\/sites\/6\/2022\/12\/M_OGS1_31_Herbologia.pdf\">M_OGS1_31_Herbologia<\/a><\/li>\n<li><a href=\"https:\/\/up.lublin.pl\/ogrodnictwo\/wp-content\/uploads\/sites\/6\/2022\/12\/M_OGS1_33_Mechanizacja-ogrodnictwa.pdf\">M_OGS1_33_Mechanizacja ogrodnictwa<\/a><\/li>\n<li><a href=\"https:\/\/up.lublin.pl\/ogrodnictwo\/wp-content\/uploads\/sites\/6\/2022\/12\/M_OGS1_34_Rosliny-ozdobne-2.pdf\">M_OGS1_34_Ro\u015bliny ozdobne 2<\/a><\/li>\n<li><a href=\"https:\/\/up.lublin.pl\/ogrodnictwo\/wp-content\/uploads\/sites\/6\/2022\/12\/M_OGS1_35.1_Rosliny-energetyczne-.pdf\">M_OGS1_35.1_Ro\u015bliny energetyczne<\/a><\/li>\n<li><a href=\"https:\/\/up.lublin.pl\/ogrodnictwo\/wp-content\/uploads\/sites\/6\/2022\/12\/M_OGS1_35.2_Rosliny-synantropijne-w-terenach-zieleni.pdf\">M_OGS1_35.2_Ro\u015bliny synantropijne w&nbsp;terenach zieleni<\/a><\/li>\n<li><a href=\"https:\/\/up.lublin.pl\/ogrodnictwo\/wp-content\/uploads\/sites\/6\/2022\/12\/M_OGS1_35.3_Doradztwo-nawozowe-stacjonarne-.pdf\">M_OGS1_35.3_Doradztwo nawozowe stacjonarne<\/a><\/li>\n<li><a href=\"https:\/\/up.lublin.pl\/ogrodnictwo\/wp-content\/uploads\/sites\/6\/2022\/12\/M_OGS1_36.1_Urzadzanie-i-pielegnowanie-terenow-zieleni-.pdf\">M_OGS1_36.1_Urz\u0105dzanie i&nbsp;piel\u0119gnowanie teren\u00f3w zieleni<\/a><\/li>\n<li><a href=\"https:\/\/up.lublin.pl\/ogrodnictwo\/wp-content\/uploads\/sites\/6\/2022\/12\/M_OGS1_36.2_Projektowanie_ogrodow_przydomowych.pdf\">M_OGS1_36.2_Projektowanie ogrod\u00f3w przydomowych<\/a><\/li>\n<\/ul>\n<h3><span style=\"font-size: 20px\">Semestr V<\/span><\/h3>\n<ul>\n<li><a href=\"https:\/\/up.lublin.pl\/ogrodnictwo\/wp-content\/uploads\/sites\/6\/2022\/12\/M_OGS1_37_Fitopatologia.pdf\">M_OGS1_37_Fitopatologia<\/a><\/li>\n<li><a href=\"https:\/\/up.lublin.pl\/ogrodnictwo\/wp-content\/uploads\/sites\/6\/2022\/12\/M_OGS1_38_Szkodniki-roslin.pdf\">M_OGS1_38_Szkodniki ro\u015blin<\/a><\/li>\n<li><a href=\"https:\/\/up.lublin.pl\/ogrodnictwo\/wp-content\/uploads\/sites\/6\/2022\/12\/M_OGS1_39_Szkolkarstwo-ozdobne.pdf\">M_OGS1_39_Szk\u00f3\u0142karstwo ozdobne<\/a><\/li>\n<li><a href=\"https:\/\/up.lublin.pl\/ogrodnictwo\/wp-content\/uploads\/sites\/6\/2022\/12\/M_OGS1_40_Ekonomika-i-organizacja-produkcji-ogrodniczej.pdf\">M_OGS1_40_Ekonomika i&nbsp;organizacja produkcji ogrodniczej<\/a><\/li>\n<li><a href=\"https:\/\/up.lublin.pl\/ogrodnictwo\/wp-content\/uploads\/sites\/6\/2022\/12\/M_OGS1_41.1_Produkcja-roslin-ozdobnych-pod-oslonami-.pdf\">M_OGS1_41.1_Produkcja ro\u015blin ozdobnych pod os\u0142onami<\/a><\/li>\n<li><a href=\"https:\/\/up.lublin.pl\/ogrodnictwo\/wp-content\/uploads\/sites\/6\/2022\/12\/M_OGS1_41.3_Aranzacje-roslinne.pdf\">M_OGS1_41.3_Aran\u017cacje ro\u015blinne<\/a><\/li>\n<li><a href=\"https:\/\/up.lublin.pl\/ogrodnictwo\/wp-content\/uploads\/sites\/6\/2022\/12\/M_OGS1_41.2_Podstawy-florystyki-.pdf\">M_OGS1_41.2_Podstawy florystyki<\/a><\/li>\n<li><a href=\"https:\/\/up.lublin.pl\/ogrodnictwo\/wp-content\/uploads\/sites\/6\/2022\/12\/M_OGS1_41.4_Kosztorysowanie-prac-ogrodniczych-.pdf\">M_OGS1_41.4_Kosztorysowanie prac ogrodniczych<\/a><\/li>\n<li><a href=\"https:\/\/up.lublin.pl\/ogrodnictwo\/wp-content\/uploads\/sites\/6\/2022\/12\/M_OGS1_42.1_Nawozenie-w-uprawach-ekologicznych-i-biodynamicznych-.pdf\">M_OGS1_42.1_Nawo\u017cenie w&nbsp;uprawach ekologicznych i&nbsp;biodynamicznych<\/a><\/li>\n<li><a href=\"https:\/\/up.lublin.pl\/ogrodnictwo\/wp-content\/uploads\/sites\/6\/2022\/12\/M_OGS1_42.2_Metale-ciezkie-i-ich-szkodliwosc-.pdf\">M_OGS1_42.2_Metale ci\u0119\u017ckie i&nbsp;ich szkodliwo\u015b\u0107<\/a><\/li>\n<li><a href=\"https:\/\/up.lublin.pl\/ogrodnictwo\/wp-content\/uploads\/sites\/6\/2022\/12\/M_OGS1_42.3_Bezglebowe-uprawy-ogrodnicze-.pdf\">M_OGS1_42.3_Bezglebowe uprawy ogrodnicze<\/a><\/li>\n<li><a href=\"https:\/\/up.lublin.pl\/ogrodnictwo\/wp-content\/uploads\/sites\/6\/2022\/12\/M_OGS1_42.4_Normalizacja-i-standaryzacja-produktow-ogrodniczych-.pdf\">M_OGS1_42.4_Normalizacja i&nbsp;standaryzacja produkt\u00f3w ogrodniczych<\/a><\/li>\n<li><a href=\"https:\/\/up.lublin.pl\/ogrodnictwo\/wp-content\/uploads\/sites\/6\/2022\/12\/M_OGS1_43.1_Grzyby-uprawne-.pdf\">M_OGS1_43.1_Grzyby uprawne<\/a><\/li>\n<li><a href=\"https:\/\/up.lublin.pl\/ogrodnictwo\/wp-content\/uploads\/sites\/6\/2022\/12\/M_OGS1_43.2_Hortiterapia-.pdf\">M_OGS1_43.2_Hortiterapia<\/a><\/li>\n<li><a href=\"https:\/\/up.lublin.pl\/ogrodnictwo\/wp-content\/uploads\/sites\/6\/2022\/12\/M_OGS1_43.3_Warzywa-malo-znane-.pdf\">M_OGS1_43.3_Warzywa ma\u0142o znane<\/a><\/li>\n<li><a href=\"https:\/\/up.lublin.pl\/ogrodnictwo\/wp-content\/uploads\/sites\/6\/2022\/12\/M_OGS1_44.1_Ochrona-upraw-przed-niekorzystnymi-czynnikami-atmosferycznymi.pdf\">M_OGS1_44.1_Ochrona upraw przed niekorzystnymi czynnikami atmosferycznymi<\/a><\/li>\n<li><a href=\"https:\/\/up.lublin.pl\/ogrodnictwo\/wp-content\/uploads\/sites\/6\/2022\/12\/M_OGS1_44.2_Stare_odmiany_w_sadzie.pdf\">M_OGS1_44.2_Stare odmiany w&nbsp;sadzie<\/a><\/li>\n<li><a href=\"https:\/\/up.lublin.pl\/ogrodnictwo\/wp-content\/uploads\/sites\/6\/2022\/12\/M_OGS1_44.3_Ochrona_upraw_nasiennych_i_szkolkarskich_przed_chwastami.pdf\">M_OGS1_44.3_Ochrona upraw nasiennych i&nbsp;szk\u00f3\u0142karskich przed chwastami<\/a><\/li>\n<\/ul>\n<h3><span style=\"font-size: 20px\">Semestr VI<\/span><\/h3>\n<ul>\n<li><a href=\"https:\/\/up.lublin.pl\/ogrodnictwo\/wp-content\/uploads\/sites\/6\/2022\/12\/M_OGS1_45_Ekologiczna-produkcja-owocow-i-warzyw.pdf\">M_OGS1_45_Ekologiczna produkcja owoc\u00f3w i&nbsp;warzyw<\/a><\/li>\n<li><a href=\"https:\/\/up.lublin.pl\/ogrodnictwo\/wp-content\/uploads\/sites\/6\/2022\/12\/M_OGS1_46_Ochrona-roslin.-Metody-i-srodki.pdf\">M_OGS1_46_Ochrona ro\u015blin. Metody i&nbsp;\u015brodki<\/a><\/li>\n<li><a href=\"https:\/\/up.lublin.pl\/ogrodnictwo\/wp-content\/uploads\/sites\/6\/2022\/12\/M_OGS1_47_Biotechnologia-roslin.pdf\">M_OGS1_47_Biotechnologia ro\u015blin<\/a><\/li>\n<li><a href=\"https:\/\/up.lublin.pl\/ogrodnictwo\/wp-content\/uploads\/sites\/6\/2022\/12\/M_OGS1_48_Nawadnianie-i-fertygacja-w-ogrodnictwie-praktikum.pdf\">M_OGS1_48_Nawadnianie i&nbsp;fertygacja w&nbsp;ogrodnictwie praktikum<\/a><\/li>\n<li><a href=\"https:\/\/up.lublin.pl\/ogrodnictwo\/wp-content\/uploads\/sites\/6\/2022\/12\/M_OGS1_49.1_Protected-ornamental-plants-species-.pdf\">M_OGS1_49.1_Protected ornamental plants species<\/a><\/li>\n<li><a href=\"https:\/\/up.lublin.pl\/ogrodnictwo\/wp-content\/uploads\/sites\/6\/2022\/12\/M_OGS1_49.2_General-horticulture-.pdf\">M_OGS1_49.2_General horticulture<\/a><\/li>\n<li><a href=\"https:\/\/up.lublin.pl\/ogrodnictwo\/wp-content\/uploads\/sites\/6\/2022\/12\/M_OGS1_49.3_Uprawa_roslin_jagodowych.pdf\">M_OGS1_49.3_Uprawa ro\u015blin jagodowych<\/a><\/li>\n<li><a href=\"https:\/\/up.lublin.pl\/ogrodnictwo\/wp-content\/uploads\/sites\/6\/2022\/12\/M_OGS1_50.1_Bakteriozy-roslin-ogrodniczych-.pdf\">M_OGS1_50.1_Bakteriozy ro\u015blin ogrodniczych<\/a><\/li>\n<li><a href=\"https:\/\/up.lublin.pl\/ogrodnictwo\/wp-content\/uploads\/sites\/6\/2022\/12\/M_OGS1_50.2_Choroby-materiau-rozmnozeniowego-.pdf\">M_OGS1_50.2_Choroby materiau rozmno\u017ceniowego<\/a><\/li>\n<li><a href=\"https:\/\/up.lublin.pl\/ogrodnictwo\/wp-content\/uploads\/sites\/6\/2022\/12\/M_OGS1_50.3_Mykobiotechnologia.pdf\">M_OGS1_50.3_Mykobiotechnologia<\/a><\/li>\n<li><a href=\"https:\/\/up.lublin.pl\/ogrodnictwo\/wp-content\/uploads\/sites\/6\/2022\/12\/M_OGS1_50.4_Endofity-w-stymulowaniu-wzrostu-roslin-.pdf\">M_OGS1_50.4_Endofity w&nbsp;stymulowaniu wzrostu ro\u015blin<\/a><\/li>\n<li><a href=\"https:\/\/up.lublin.pl\/ogrodnictwo\/wp-content\/uploads\/sites\/6\/2022\/12\/M_OGS1_51.1_Przyspieszona-uprawa-warzyw-.pdf\">M_OGS1_51.1_Przy\u015bpieszona uprawa warzyw<\/a><\/li>\n<li><a href=\"https:\/\/up.lublin.pl\/ogrodnictwo\/wp-content\/uploads\/sites\/6\/2022\/12\/M_OGS1_51.2_Technologie-uprawy-roslin-przyprawowych-i-leczniczych.pdf\">M_OGS1_51.2_Technologie uprawy ro\u015blin przyprawowych i&nbsp;leczniczych<\/a><\/li>\n<li><a href=\"https:\/\/up.lublin.pl\/ogrodnictwo\/wp-content\/uploads\/sites\/6\/2022\/12\/M_OGS1_51.4_Walory-dietetyczne-roslin-ogrodniczych.pdf\">M_OGS1_51.4_Walory dietetyczne ro\u015blin ogrodniczych<\/a><\/li>\n<li><a href=\"https:\/\/up.lublin.pl\/ogrodnictwo\/wp-content\/uploads\/sites\/6\/2022\/12\/M_OGS1_51.3_Produkcja-warzyw-pod-oslonami-.pdf\">M_OGS1_51.3_Produkcja warzyw pod os\u0142onami<\/a><\/li>\n<li><a href=\"https:\/\/up.lublin.pl\/ogrodnictwo\/wp-content\/uploads\/sites\/6\/2022\/12\/M_OGS1_52_.Seminarium_dyplomowe_1.pdf\">M_OGS1_52_Seminarium_dyplomowe 1<\/a><\/li>\n<li><a href=\"https:\/\/up.lublin.pl\/ogrodnictwo\/wp-content\/uploads\/sites\/6\/2022\/12\/M_OGS1_53_Praktyka_zawodowa.pdf\">M_OGS1-53_Praktyka_zawodowa<\/a><\/li>\n<\/ul>\n<h3><span style=\"font-size: 20px\">Semestr VII<\/span><\/h3>\n<ul>\n<li><a href=\"https:\/\/up.lublin.pl\/ogrodnictwo\/wp-content\/uploads\/sites\/6\/2022\/12\/M_OGS1_54_Ocena-jakosci-produktow-ogrodniczych.pdf\">M_OGS1_54_Ocena jako\u015bci produkt\u00f3w ogrodniczych<\/a><\/li>\n<li><a href=\"https:\/\/up.lublin.pl\/ogrodnictwo\/wp-content\/uploads\/sites\/6\/2022\/12\/M_OGS1_55_Przechowalnictwo-plodow-ogrodniczych.pdf\">M_OGS1_55_Przechowalnictwo p\u0142od\u00f3w ogrodniczych<\/a><\/li>\n<li><a href=\"https:\/\/up.lublin.pl\/ogrodnictwo\/wp-content\/uploads\/sites\/6\/2022\/12\/M_OGS1_56_Podstawy-komunikacji-i-negocjacje-.pdf\">M_OGS1_56_Podstawy komunikacji i&nbsp;negocjacje<\/a><\/li>\n<li><a href=\"https:\/\/up.lublin.pl\/ogrodnictwo\/wp-content\/uploads\/sites\/6\/2022\/12\/M_OGS1_57.1_Integrowana-produkcja-owocow-i-warzyw-.pdf\">M_OGS1_57.1_Integrowana produkcja owoc\u00f3w i&nbsp;warzyw<\/a><\/li>\n<li><a href=\"https:\/\/up.lublin.pl\/ogrodnictwo\/wp-content\/uploads\/sites\/6\/2022\/12\/M_OGS1_57.2_Zrownowazona-produkcja-owocow-i-warzyw-.pdf\">M_OGS1_57.2_Zr\u00f3wnowa\u017cona produkcja owoc\u00f3w i&nbsp;warzyw<\/a><\/li>\n<li><a href=\"https:\/\/up.lublin.pl\/ogrodnictwo\/wp-content\/uploads\/sites\/6\/2022\/12\/M_OGS1_58.1_Szkodliwosc-agrochemikaliow-.pdf\">M_OGS1_58.1_Szkodliwo\u015b\u0107 agrochemikali\u00f3w<\/a><\/li>\n<li><a href=\"https:\/\/up.lublin.pl\/ogrodnictwo\/wp-content\/uploads\/sites\/6\/2022\/12\/M_OGS1_58.2_Ksenobiotyki_w_srodowisku.pdf\">M_OGS1_58.2_Ksenobiotyki w&nbsp;\u015brodowisku<\/a><\/li>\n<li><a href=\"https:\/\/up.lublin.pl\/ogrodnictwo\/wp-content\/uploads\/sites\/6\/2022\/12\/M_OGS1_58.3_Niechemiczna-ochrona-roslin-.pdf\">M_OGS1_58.3_Niechemiczna ochrona ro\u015blin<\/a><\/li>\n<li><a href=\"https:\/\/up.lublin.pl\/ogrodnictwo\/wp-content\/uploads\/sites\/6\/2022\/12\/M_OGS1_59.1_Rynek_ogrodniczy.pdf\">M_OGS1_59.1_Rynek ogrodniczy<\/a><\/li>\n<li><a href=\"https:\/\/up.lublin.pl\/ogrodnictwo\/wp-content\/uploads\/sites\/6\/2022\/12\/M_OGS1_59.2_Marketing-w-ogrodnictwie-.pdf\">M_OGS1_59.2_Marketing w&nbsp;ogrodnictwie<\/a><\/li>\n<li><a href=\"https:\/\/up.lublin.pl\/ogrodnictwo\/wp-content\/uploads\/sites\/6\/2022\/12\/M_OGS1_59.3_Organizacja-dzialanosci-grup-producenckich-.pdf\">M_OGS1_59.3_Organizacja dzialano\u015bci grup producenckich<\/a><\/li>\n<li><a href=\"https:\/\/up.lublin.pl\/ogrodnictwo\/wp-content\/uploads\/sites\/6\/2022\/12\/M_OGS1_60.1_Spoleczenstwa-owadow-.pdf\">M_OGS1_60.1_Spo\u0142ecze\u0144stwa owad\u00f3w<\/a><\/li>\n<li><a href=\"https:\/\/up.lublin.pl\/ogrodnictwo\/wp-content\/uploads\/sites\/6\/2022\/12\/M_OGS1_60.2_Ochrona-owadow-.pdf\">M_OGS1_60.2_Ochrona owad\u00f3w<\/a><\/li>\n<li><a href=\"https:\/\/up.lublin.pl\/ogrodnictwo\/wp-content\/uploads\/sites\/6\/2022\/12\/M_OGS1_60.3_Owady-zapylajace-w-produkcji-roslinnej-.pdf\">M_OGS1_60.3_Owady zapylaj\u0105ce w&nbsp;produkcji ro\u015blinnej<\/a><\/li>\n<li><a href=\"https:\/\/up.lublin.pl\/ogrodnictwo\/wp-content\/uploads\/sites\/6\/2022\/12\/M_OGS1_61_Seminarium_dyplomowe_2.pdf\">M_OGS1_61_Seminarium dyplomowe 2<\/a><\/li>\n<li><a href=\"https:\/\/up.lublin.pl\/ogrodnictwo\/wp-content\/uploads\/sites\/6\/2022\/12\/M_OGS1_62_Projekt_inzynierski_i_egzamin_dyplomowy.pdf\">M_OGS1_62_Projekt_inzynierski_i_egzamin_dyplomowy<\/a><\/li>\n<\/ul>\n                                        <\/div>\n\t\t\t\t\t\t                                <\/div>\n\t\t\t\t                <div class=\"mn-content-block\">\n\t                                <\/div>\n\t\t\t\t                <div class=\"mn-content-block\">\n\t                                <\/div>\n\t\t\t\t                <div class=\"mn-content-block\">\n\t                                <\/div>\n\t\t\t\t                <div class=\"mn-content-block\">\n\t                                <\/div>\n\t\t\t\t                <div class=\"mn-content-block\">\n\t                                <\/div>\n\t\t\t\t                <div class=\"mn-content-block\">\n\t                                <\/div>\n\t\t\t\t                <div class=\"mn-content-block\">\n\t                                <\/div>\n\t\t\t\t                <div class=\"mn-content-block\">\n\t                                <\/div>\n\t\t\t\t                <div class=\"mn-content-block\">\n\t                                <\/div>\n\t\t\t\t                <div class=\"mn-content-block\">\n\t                                <\/div>\n\t\t\t\t                <div class=\"mn-content-block\">\n\t                                <\/div>\n\t\t\t\t                <div class=\"mn-content-block\">\n\t                                <\/div>\n\t\t\t\t                <div class=\"mn-content-block\">\n\t                                <\/div>\n\t\t\t\t                <div class=\"mn-content-block\">\n\t                                <\/div>\n\t\t\t\t                <div class=\"mn-content-block\">\n\t                                <\/div>\n\t\t\t\t                <div class=\"mn-content-block\">\n\t                                <\/div>\n\t\t\t\t                <div class=\"mn-content-block\">\n\t                                <\/div>\n\t\t\t\t                <div class=\"mn-content-block\">\n\t                                <\/div>\n\t\t\t\t                <div class=\"mn-content-block\">\n\t                                <\/div>\n\t\t\t\t\t\t<\/div>\n\t<\/div>\n<\/section>\n\t\t<\/div>\n\t\t\t\t<\/div>\n\t\t\t\t\t\t<\/div>\n\t\t\t\t\t<\/div>\n\t\t<\/div>\n\t\t\t\t\t\t\t\t<\/div>\n\t\t\t\t\t<\/div>\n\t\t<\/section>\n\t\t\t\t\t\t<\/div>\n\t\t\t\t\t\t<\/div>\n\t\t\t\t\t<\/div>\n\t\t","protected":false},"excerpt":{"rendered":"<p>\u2190 powr\u00f3t Ogrodnictwo &#8211; Studia Stacjonarne Ist. 2023-2024 Semestr I M_OGS1_1_Botanika M_OGS1_2_Chemia M_OGS1_3_Gleboznawstwo M_OGS1_4_Mikrobiologia M_OGS1_5_Technologie informacyjne M_OGS1_6.1_Historia ogrodnictwa M_OGS1_6.2_Ekonomia M_OGS1_7.1_Socjologia M_OGS1_7.2_Ro\u015bliny w&nbsp;kulturze ludowej M_OGS1_8.1_Owoce tropikalne M_OGS1_8.2_Globalne zagro\u017cenia \u015brodowiska M_OGS1_8.3_R\u00f3\u017cnorodno\u015b\u0107 biologiczna owad\u00f3w i&nbsp;grzyb\u00f3w M_OGS1_8.4_Ro\u015bliny kosmetyczne i&nbsp;barwierskie M_OGS1_9.1_.Agrometeorologia M_OGS1_9.2_Klimatologia M_OGS1_10_Ochrona w\u0142asno\u015bci intelektualnej, BHP i&nbsp;ergonomia M_OGS1_11_Wychowanie fizyczne 1 Semestr II M_OGS1_12.1_J\u0119zyk_obcy_1-Angielski_B2 M_OGS1_12.2_J\u0119zyk_obcy_1-Francuski_B2 M_OGS1_12.3_J\u0119zyk_obcy_1-Niemiecki_B2 M_OGS1_12.4_J\u0119zyk_obcy_1-Rosyjski_B2 M_OGS1_13_Enologia M_OGS1_14_Biochemia M_OGS1_15_Fizjologia ro\u015blin [&hellip;]<\/p>\n","protected":false},"author":279,"featured_media":0,"parent":0,"menu_order":0,"comment_status":"closed","ping_status":"closed","template":"elementor_header_footer","meta":{"_monsterinsights_skip_tracking":false,"_monsterinsights_sitenote_active":false,"_monsterinsights_sitenote_note":"","_monsterinsights_sitenote_category":0},"_links":{"self":[{"href":"https:\/\/up.lublin.pl\/ogrodnictwo\/wp-json\/wp\/v2\/pages\/168607"}],"collection":[{"href":"https:\/\/up.lublin.pl\/ogrodnictwo\/wp-json\/wp\/v2\/pages"}],"about":[{"href":"https:\/\/up.lublin.pl\/ogrodnictwo\/wp-json\/wp\/v2\/types\/page"}],"author":[{"embeddable":true,"href":"https:\/\/up.lublin.pl\/ogrodnictwo\/wp-json\/wp\/v2\/users\/279"}],"replies":[{"embeddable":true,"href":"https:\/\/up.lublin.pl\/ogrodnictwo\/wp-json\/wp\/v2\/comments?post=168607"}],"version-history":[{"count":4,"href":"https:\/\/up.lublin.pl\/ogrodnictwo\/wp-json\/wp\/v2\/pages\/168607\/revisions"}],"predecessor-version":[{"id":168627,"href":"https:\/\/up.lublin.pl\/ogrodnictwo\/wp-json\/wp\/v2\/pages\/168607\/revisions\/168627"}],"wp:attachment":[{"href":"https:\/\/up.lublin.pl\/ogrodnictwo\/wp-json\/wp\/v2\/media?parent=168607"}],"curies":[{"name":"wp","href":"https:\/\/api.w.org\/{rel}","templated":true}]}}