{"id":168328,"date":"2024-01-17T12:33:54","date_gmt":"2024-01-17T11:33:54","guid":{"rendered":"https:\/\/up.lublin.pl\/ogrodnictwo\/?page_id=168328"},"modified":"2024-03-24T17:49:57","modified_gmt":"2024-03-24T16:49:57","slug":"architektura-krajobrazu-studia-stacjonarne-ii-st-2019-2020","status":"publish","type":"page","link":"https:\/\/up.lublin.pl\/ogrodnictwo\/architektura-krajobrazu-studia-stacjonarne-ii-st-2019-2020\/","title":{"rendered":"Architektura krajobrazu &#8211; Studia Stacjonarne II st. 2019-2020"},"content":{"rendered":"\t\t<div data-elementor-type=\"wp-page\" data-elementor-id=\"168328\" class=\"elementor elementor-168328\" data-elementor-settings=\"[]\">\n\t\t\t\t\t\t<div class=\"elementor-inner\">\n\t\t\t\t\t\t\t<div class=\"elementor-section-wrap\">\n\t\t\t\t\t\t\t<section class=\"elementor-section elementor-top-section elementor-element elementor-element-27440dac elementor-section-boxed elementor-section-height-default elementor-section-height-default\" data-id=\"27440dac\" data-element_type=\"section\">\n\t\t\t\t\t\t<div class=\"elementor-container elementor-column-gap-default\">\n\t\t\t\t\t\t\t<div class=\"elementor-row\">\n\t\t\t\t\t<div class=\"elementor-column elementor-col-100 elementor-top-column elementor-element elementor-element-7d1a6450\" data-id=\"7d1a6450\" data-element_type=\"column\">\n\t\t\t<div class=\"elementor-column-wrap elementor-element-populated\">\n\t\t\t\t\t\t\t<div class=\"elementor-widget-wrap\">\n\t\t\t\t\t\t<div class=\"elementor-element elementor-element-4b4d12be elementor-widget elementor-widget-m5c\" data-id=\"4b4d12be\" data-element_type=\"widget\" data-widget_type=\"m5c.default\">\n\t\t\t\t<div class=\"elementor-widget-container\">\n\t\t\t<section class=\"mn-m5-c mn-m5-d2 mn-bg-white\">\n\t<div class=\"mn-grid\">\n\t\t\t\t<div class=\"mn-content mn-grid-9\">\n\t\t\t                <div class=\"mn-content-block active\">\n\t                                                        <div class=\"block-text\">\n\t                                        <h5><a href=\"https:\/\/up.lublin.pl\/ogrodnictwo\/ksztalcenie\/#opisy_sylabus%C3%B3w\">\u2190 powr\u00f3t<\/a><\/h5>\n<h2 style=\"text-align: center\">Architektura krajobrazu &#8211; Studia Stacjonarne II st. 2020-2021<\/h2>\n<section><strong>SEMESTR I<\/strong><\/p>\n<p><a href=\"https:\/\/up.lublin.pl\/ogrodnictwo\/wp-content\/uploads\/sites\/6\/2022\/04\/AKs2_1-1-Historia-i-teoria-ksztaltowania-przestrzeni-sem.-1-S.pdf\"><span style=\"color: #808080\">AKs2_1-1 Historia i&nbsp;teoria kszta\u0142towania przestrzeni sem. 1 S<\/span><\/a><\/p>\n<p><span style=\"color: #808080\"><a style=\"color: #808080\" href=\"https:\/\/up.lublin.pl\/ogrodnictwo\/wp-content\/uploads\/sites\/6\/2022\/04\/AKs2_1-2-Socjologia-i-psychologia-srodowiskowa-sem.-1-S.pdf\">AKs2_1-2 Socjologia i&nbsp;psychologia \u015brodowiskowa sem. 1 S<\/a><\/span><\/p>\n<p><span style=\"color: #808080\"><a style=\"color: #808080\" href=\"https:\/\/up.lublin.pl\/ogrodnictwo\/wp-content\/uploads\/sites\/6\/2022\/04\/AKs2_1-3-Jezyk-angielski-sem.-1-S.pdf\">AKs2_1-3 J\u0119zyk angielski sem. 1 S<\/a><\/span><\/p>\n<p><span style=\"color: #808080\"><a style=\"color: #808080\" href=\"https:\/\/up.lublin.pl\/ogrodnictwo\/wp-content\/uploads\/sites\/6\/2022\/04\/AKs2_1-3-Jezyk-francuski-sem.-1-S.pdf\">AKs2_1-3 J\u0119zyk francuski sem. 1 S<\/a><\/span><\/p>\n<p><span style=\"color: #808080\"><a style=\"color: #808080\" href=\"https:\/\/up.lublin.pl\/ogrodnictwo\/wp-content\/uploads\/sites\/6\/2022\/04\/AKs2_1-3-Jezyk-niemiecki-sem.-1-S.pdf\">AKs2_1-3 J\u0119zyk niemiecki sem. 1 S<\/a><\/span><\/p>\n<p><span style=\"color: #808080\"><a style=\"color: #808080\" href=\"https:\/\/up.lublin.pl\/ogrodnictwo\/wp-content\/uploads\/sites\/6\/2022\/04\/AKs2_1-3-Jezyk-rosyjski-sem.-1-S.pdf\">AKs2_1-3 J\u0119zyk rosyjski sem. 1 S<\/a><\/span><\/p>\n<p><span style=\"color: #808080\"><a style=\"color: #808080\" href=\"https:\/\/up.lublin.pl\/ogrodnictwo\/wp-content\/uploads\/sites\/6\/2022\/04\/AKs2_1-4-Ochrona-krajobrazu-S.pdf\">AKs2_1-4 Ochrona krajobrazu S<\/a><\/span><\/p>\n<p><span style=\"color: #808080\"><a style=\"color: #808080\" href=\"https:\/\/up.lublin.pl\/ogrodnictwo\/wp-content\/uploads\/sites\/6\/2022\/04\/AKs2_1-5-Planowanie-przestrzenne-sem.-1-S.pdf\">AKs2_1-5 Planowanie przestrzenne sem. 1 S<\/a><\/span><\/p>\n<p><span style=\"color: #808080\"><a style=\"color: #808080\" href=\"https:\/\/up.lublin.pl\/ogrodnictwo\/wp-content\/uploads\/sites\/6\/2022\/04\/AKs2_1-6-Inzynieria-krajobrazu-sem.-1-S.pdf\">AKs2_1-6 In\u017cynieria krajobrazu sem. 1 S<\/a><\/span><\/p>\n<p><span style=\"color: #808080\"><a style=\"color: #808080\" href=\"https:\/\/up.lublin.pl\/ogrodnictwo\/wp-content\/uploads\/sites\/6\/2022\/04\/AKs2_1-7-Systemy-Informacji-Przestrzennej-sem-1-S.pdf\">AKs2_1-7 Systemy Informacji Przestrzennej sem 1 S<\/a><\/span><\/p>\n<p><span style=\"color: #808080\"><a style=\"color: #808080\" href=\"https:\/\/up.lublin.pl\/ogrodnictwo\/wp-content\/uploads\/sites\/6\/2022\/04\/AKs2_1-8-Ksztaltowanie-krajobrazu-miast-sem.-1-S.pdf\">AKs2_1-8 Kszta\u0142towanie krajobrazu miast sem. 1 S<\/a><\/span><\/p>\n<p><a href=\"https:\/\/up.lublin.pl\/ogrodnictwo\/wp-content\/uploads\/sites\/6\/2022\/04\/AKs2_1-A1_1-Rodzimosc-krajobrazu-doliny-Bugu-sem.-1-S.pdf\"><span style=\"color: #808080\">AKs2_1-A1_1 Rodzimo\u015b\u0107 krajobrazu doliny Bugu sem. 1 S<\/span><\/a><\/p>\n<p><span style=\"color: #808080\"><a style=\"color: #808080\" href=\"https:\/\/up.lublin.pl\/ogrodnictwo\/wp-content\/uploads\/sites\/6\/2022\/04\/AKs2_1-A1_2-Siedliska-priorytetowe-w-krajobrazie-kulturowym-Polski-sem.-1-S.pdf\">AKs2_1-A1_2 Siedliska priorytetowe w&nbsp;krajobrazie kulturowym Polski sem. 1 S<\/a><\/span><\/p>\n<p><span style=\"color: #808080\"><a style=\"color: #808080\" href=\"https:\/\/up.lublin.pl\/ogrodnictwo\/wp-content\/uploads\/sites\/6\/2022\/04\/AKS2_1-A1_3-Drobne-zbiorniki-wodne-w-krajobrazie-sem-1-S.pdf\">AKS2_1-A1_3 Drobne zbiorniki wodne w&nbsp;krajobrazie sem 1 S<\/a><\/span><\/p>\n<p><span style=\"color: #808080\"><a style=\"color: #808080\" href=\"https:\/\/up.lublin.pl\/ogrodnictwo\/wp-content\/uploads\/sites\/6\/2022\/04\/AKs2_1-A2_1-Renaturalizacja-ukladow-wodnych-sem.-1-S.pdf\">AKs2_1-A2_1 Renaturalizacja uk\u0142ad\u00f3w wodnych sem. 1 S<\/a><\/span><\/p>\n<p><span style=\"color: #808080\"><a style=\"color: #808080\" href=\"https:\/\/up.lublin.pl\/ogrodnictwo\/wp-content\/uploads\/sites\/6\/2022\/04\/AKs2_1-A2_2-Metody-ochrony-roslin-w-terenach-zurbanizowanych-sem.-1-S.pdf\">AKs2_1-A2_2 Metody ochrony ro\u015blin w&nbsp;terenach zurbanizowanych sem. 1 S<\/a><\/span><\/p>\n<p><span style=\"color: #808080\"><a style=\"color: #808080\" href=\"https:\/\/up.lublin.pl\/ogrodnictwo\/wp-content\/uploads\/sites\/6\/2022\/04\/AKs2_1-A2_3-Ekologia-miasta-jako-ukladu-antropogeniczno-przyrodniczego-sem.-1-S.pdf\">AKs2_1-A2_3 Ekologia miasta jako uk\u0142adu antropogeniczno przyrodniczego sem. 1 S<\/a><\/span><\/p>\n<p><span style=\"color: #808080\"><a style=\"color: #808080\" href=\"https:\/\/up.lublin.pl\/ogrodnictwo\/wp-content\/uploads\/sites\/6\/2022\/04\/AKs2_1-B1_1-Ochrona-i-waloryzacja-szaty-roslinnej-w-zalozeniach-historycznych-sem.-1-S.pdf\">AKs2_1-B1_1 Ochrona i&nbsp;waloryzacja szaty ro\u015blinnej w&nbsp;za\u0142o\u017ceniach historycznych sem. 1 S<\/a><\/span><\/p>\n<p><span style=\"color: #808080\"><a style=\"color: #808080\" href=\"https:\/\/up.lublin.pl\/ogrodnictwo\/wp-content\/uploads\/sites\/6\/2022\/04\/AKs2_1-B2_2-Rekultywacja-krajobrazu-i-terenow-zdegradowanych-S-sem.-1.pdf\">AKs2_1-B2_2 Rekultywacja krajobrazu i&nbsp;teren\u00f3w zdegradowanych S&nbsp;sem. 1<\/a><\/span><\/p>\n<p>\u00a0<\/p>\n<p><strong>SEMESTR I<\/strong>I<\/p>\n<p><a href=\"https:\/\/up.lublin.pl\/ogrodnictwo\/wp-content\/uploads\/sites\/6\/2022\/04\/AKs2_2-1-Wybrane-zaganienia-z-teorii-urbanistyki-sem.-2-S.pdf\"><span style=\"color: #808080\">AKs2_2-1 Wybrane zagadnienia z&nbsp;teorii urbanistyki sem. 2 S<\/span><\/a><\/p>\n<p><span style=\"color: #808080\"><a style=\"color: #808080\" href=\"https:\/\/up.lublin.pl\/ogrodnictwo\/wp-content\/uploads\/sites\/6\/2022\/04\/AKs2_2-2-Ksztaltowanie-krajobrazu-obszarow-wiejskich-sem.-2-S.pdf\">AKs2_2-2 Kszta\u0142towanie krajobrazu obszar\u00f3w wiejskich sem. 2 S<\/a><\/span><\/p>\n<p><span style=\"color: #808080\"><a style=\"color: #808080\" href=\"https:\/\/up.lublin.pl\/ogrodnictwo\/wp-content\/uploads\/sites\/6\/2022\/04\/AKs2_2-3-Projektowanie-konserwatorskie-sem.-2-S.pdf\">AKs2_2-3 Projektowanie konserwatorskie sem. 2 S<\/a><\/span><\/p>\n<p><span style=\"color: #808080\"><a style=\"color: #808080\" href=\"https:\/\/up.lublin.pl\/ogrodnictwo\/wp-content\/uploads\/sites\/6\/2022\/04\/AKs2_2-4-Rewitalizacja-krajobrazowa-terenow-zurbanizowanych-sem.-2-S.pdf\">AKs2_2-4 Rewitalizacja krajobrazowa teren\u00f3w zurbanizowanych sem. 2 S<\/a><\/span><\/p>\n<p><span style=\"color: #808080\"><a style=\"color: #808080\" href=\"https:\/\/up.lublin.pl\/ogrodnictwo\/wp-content\/uploads\/sites\/6\/2022\/04\/AKs2_2-5-Projektowanie-zintegrowane-sem.-2-S.pdf\">AKs2_2-5 Projektowanie zintegrowane sem. 2 S<\/a><\/span><\/p>\n<p><span style=\"color: #808080\"><a style=\"color: #808080\" href=\"https:\/\/up.lublin.pl\/ogrodnictwo\/wp-content\/uploads\/sites\/6\/2022\/04\/AKs2_2-9-Przygotowanie-dokumentacji-w-postepowaniu-konkursowym-sem.-2-S.pdf\">AKs2_2-9 Przygotowanie dokumentacji w&nbsp;post\u0119powaniu konkursowym sem. 2 S<\/a><\/span><\/p>\n<p><span style=\"color: #808080\"><a style=\"color: #808080\" href=\"https:\/\/up.lublin.pl\/ogrodnictwo\/wp-content\/uploads\/sites\/6\/2022\/04\/AKs2_2-10-Seminarium-dyplomowe-1sem.-2-S.pdf\">AKs2_2-10 Seminarium dyplomowe 1sem. 2 S<\/a><\/span><\/p>\n<p><span style=\"color: #808080\"><a style=\"color: #808080\" href=\"https:\/\/up.lublin.pl\/ogrodnictwo\/wp-content\/uploads\/sites\/6\/2022\/04\/AKs2_2-C1_1-Ocena-krajobrazu-kulturowego-sem.-2-S.pdf\">AKs2_2-C1_1 Ocena krajobrazu kulturowego sem. 2 S<\/a><\/span><\/p>\n<p><span style=\"color: #808080\"><a style=\"color: #808080\" href=\"https:\/\/up.lublin.pl\/ogrodnictwo\/wp-content\/uploads\/sites\/6\/2022\/04\/AKs2_2-C1_2-Formy-ochrony-ekspozycji-sem.-2-S.pdf\">AKs2_2-C1_2 Formy ochrony ekspozycji sem. 2 S<\/a><\/span><\/p>\n<p><span style=\"color: #808080\"><a style=\"color: #808080\" href=\"https:\/\/up.lublin.pl\/ogrodnictwo\/wp-content\/uploads\/sites\/6\/2022\/04\/AKs2_2-C1_3-Ogrody-tymczasowe-sem.-2-S.pdf\">AKs2_2-C1_3 Ogrody tymczasowe sem. 2 S<\/a><\/span><\/p>\n<p><a href=\"https:\/\/up.lublin.pl\/ogrodnictwo\/wp-content\/uploads\/sites\/6\/2022\/04\/AKs2_2-C1_4-Temporary-gardens-sem.-2-S.pdf\"><span style=\"color: #808080\">AKs2_2-C1_4 Temporary gardens sem. 2 S<\/span><\/a><\/p>\n<p><span style=\"color: #808080\"><a style=\"color: #808080\" href=\"https:\/\/up.lublin.pl\/ogrodnictwo\/wp-content\/uploads\/sites\/6\/2022\/04\/AKs2_2-C1_5-Kreacja-w-przestrzeni-publicznej-sem.-3-S.pdf\">AKs2_2-C1_5 Kreacja w&nbsp;przestrzeni publicznej sem. 3 S<\/a><\/span><\/p>\n<p><span style=\"color: #808080\"><a style=\"color: #808080\" href=\"https:\/\/up.lublin.pl\/ogrodnictwo\/wp-content\/uploads\/sites\/6\/2022\/04\/AKs2_2-C2_1-Sacrum-w-krajobrazie-regionu-Polski-i-Europy-sem.-2-S.pdf\">AKs2_2-C2_1 Sacrum w&nbsp;krajobrazie regionu, Polski i&nbsp;Europy sem. 2 S<\/a><\/span><\/p>\n<p><span style=\"color: #808080\"><a style=\"color: #808080\" href=\"https:\/\/up.lublin.pl\/ogrodnictwo\/wp-content\/uploads\/sites\/6\/2022\/04\/AKs2_2-C2_2-Ogrod-polski-w-tradycyjnym-i-wspolczesnym-krajobrazie-kulturowym-sem.-2-S.pdf\">AKs2_2-C2_2 Ogr\u00f3d polski w&nbsp;tradycyjnym i&nbsp;wsp\u00f3\u0142czesnym krajobrazie kulturowym sem. 2 S<\/a><\/span><\/p>\n<p><span style=\"color: #808080\"><a style=\"color: #808080\" href=\"https:\/\/up.lublin.pl\/ogrodnictwo\/wp-content\/uploads\/sites\/6\/2022\/04\/AKs2_2-C2_3-Ogrod-zabytkowy-we-wspolczesnych-strukturach-urbanistycznych-sem.-2-S.pdf\">AKs2_2-C2_3 Ogr\u00f3d zabytkowy we wsp\u00f3\u0142czesnych strukturach urbanistycznych sem. 2 S<\/a><\/span><\/p>\n<p><span style=\"color: #808080\"><a style=\"color: #808080\" href=\"https:\/\/up.lublin.pl\/ogrodnictwo\/wp-content\/uploads\/sites\/6\/2022\/04\/AKs2_2-C2_4-Historic-garden-in-modern-urban-structures-sem.-2-S.pdf\">AKs2_2-C2_4 Historic garden in modern urban structures sem. 2 S<\/a><\/span><\/p>\n<p><span style=\"color: #808080\"><a style=\"color: #808080\" href=\"https:\/\/up.lublin.pl\/ogrodnictwo\/wp-content\/uploads\/sites\/6\/2022\/04\/AKs2_2-C2_5-Park-miejski-funkcja-forma-relacja-z-krajobrazem-sem.-2-S.pdf\">AKs2_2-C2_5 Park miejski &#8211; funkcja, forma, relacja z&nbsp;krajobrazem sem. 2 S<\/a><\/span><\/p>\n<p><span style=\"color: #808080\"><a style=\"color: #808080\" href=\"https:\/\/up.lublin.pl\/ogrodnictwo\/wp-content\/uploads\/sites\/6\/2022\/04\/AKs2_2-C3_1-Zbiorowiska-synantropijne-w-krajobrazie-zurbanizowanym-sem.-2-S.pdf\">AKs2_2-C3_1 Zbiorowiska synantropijne w&nbsp;krajobrazie zurbanizowanym sem. 2 S<\/a><\/span><\/p>\n<p><span style=\"color: #808080\"><a style=\"color: #808080\" href=\"https:\/\/up.lublin.pl\/ogrodnictwo\/wp-content\/uploads\/sites\/6\/2022\/04\/AKs2_2-C3_2-Rosliny-przyprawowe-i-lecznicze-w-krajobrazie-i-w-ogrodzie-sem.-2-S.pdf\">AKs2_2-C3_2 Ro\u015bliny przyprawowe i&nbsp;lecznicze w&nbsp;krajobrazie i&nbsp;w ogrodzie sem. 2 S<\/a><\/span><\/p>\n<p><span style=\"color: #808080\"><a style=\"color: #808080\" href=\"https:\/\/up.lublin.pl\/ogrodnictwo\/wp-content\/uploads\/sites\/6\/2022\/04\/AKs2_2-C3_3-Rodzima-roslinnosc-w-krajobrazie-parku-ogrodzie-sem.-1-S.pdf\">AKs2_2-C3_3 Rodzima ro\u015blinno\u015b\u0107 w&nbsp;krajobrazie, parku, ogrodzie sem. 1 S<\/a><\/span><\/p>\n<p><span style=\"color: #808080\"><a style=\"color: #808080\" href=\"https:\/\/up.lublin.pl\/ogrodnictwo\/wp-content\/uploads\/sites\/6\/2022\/04\/AKs2_2-C3_4-Choroby-roslin-parkowych-i-lesnych.-Zdrowotnosc-roslin-ozdobnych-sem.-2-S.pdf\">AKs2_2-C3_4 Choroby ro\u015blin parkowych i&nbsp;le\u015bnych. Zdrowotno\u015b\u0107 ro\u015blin ozdobnych sem. 2 S<\/a><\/span><\/p>\n<p><a href=\"https:\/\/up.lublin.pl\/ogrodnictwo\/wp-content\/uploads\/sites\/6\/2022\/04\/AKs2_2-C3_5-Convencional-and-non-conventional-methods-sem.-2-S.pdf\"><span style=\"color: #808080\">AKs2_2-C3_5 Convencional and non conventional methods sem. 2 S<\/span><\/a><\/p>\n<p>\u00a0<\/p>\n<p><strong>SEMESTR III<\/strong><\/p>\n<p><a href=\"https:\/\/up.lublin.pl\/ogrodnictwo\/wp-content\/uploads\/sites\/6\/2022\/04\/AKs2_3-4-Studio-projektowe-sem.-3-S.pdf\"><span style=\"color: #808080\">AKs2_3-4 Studio projektowe sem. 3 S<\/span><\/a><\/p>\n<p><span style=\"color: #808080\"><a style=\"color: #808080\" href=\"https:\/\/up.lublin.pl\/ogrodnictwo\/wp-content\/uploads\/sites\/6\/2022\/04\/AKs2_3-5-Seminarium-dyplomowe-2-sem.-3-S.pdf\">AKs2_3-5 Seminarium dyplomowe 2 sem. 3 S<\/a><\/span><\/p>\n<p><span style=\"color: #808080\"><a style=\"color: #808080\" href=\"https:\/\/up.lublin.pl\/ogrodnictwo\/wp-content\/uploads\/sites\/6\/2022\/04\/AKs2_3-6-Przygotowanie-pracy-magisterskiej-sem.-3-S.pdf\">AKs2_3-6 Przygotowanie pracy magisterskiej sem. 3 S<\/a><\/span><\/p>\n<p><span style=\"color: #808080\"><a style=\"color: #808080\" href=\"https:\/\/up.lublin.pl\/ogrodnictwo\/wp-content\/uploads\/sites\/6\/2022\/04\/AKs2_3-D1_1-Problematyka-projektowania-stref-przenikania-krajobrazow-historycznych-i-wspolczesnych-sem.-3-S.pdf\">AKs2_3-D1_1 Problematyka projektowania stref przenikania krajobraz\u00f3w historycznych i&nbsp;wsp\u00f3\u0142czesnych sem. 3 S<\/a><\/span><\/p>\n<p><span style=\"color: #808080\"><a style=\"color: #808080\" href=\"https:\/\/up.lublin.pl\/ogrodnictwo\/wp-content\/uploads\/sites\/6\/2022\/04\/AKs2_3-D1_2-Polska-tradycja-w-ksztaltowaniu-struktur-osadniczych-i-jej-ochrona-sem.-3-S.pdf\">AKs2_3-D1_2 Polska tradycja w&nbsp;kszta\u0142towaniu struktur osadniczych i&nbsp;jej ochrona sem. 3 S<\/a><\/span><\/p>\n<p><span style=\"color: #808080\"><a style=\"color: #808080\" href=\"https:\/\/up.lublin.pl\/ogrodnictwo\/wp-content\/uploads\/sites\/6\/2022\/04\/AKs2_3-D1_3-Zabytki-architektury-i-archeologii-w-krajobrazie-historycznym-sem.-3-S.pdf\">AKs2_3-D1_3 Zabytki architektury i&nbsp;archeologii w&nbsp;krajobrazie historycznym sem. 3 S<\/a><\/span><\/p>\n<p><span style=\"color: #808080\"><a style=\"color: #808080\" href=\"https:\/\/up.lublin.pl\/ogrodnictwo\/wp-content\/uploads\/sites\/6\/2022\/04\/AKs2_3-D1_4-Symbolika-i-znaczeniowosc-krajobrazu-sem.-3-S.pdf\">AKs2_3-D1_4 Symbolika i&nbsp;znaczeniowo\u015b\u0107 krajobrazu sem. 3 S<\/a><\/span><\/p>\n<p><span style=\"color: #808080\"><a style=\"color: #808080\" href=\"https:\/\/up.lublin.pl\/ogrodnictwo\/wp-content\/uploads\/sites\/6\/2022\/04\/AKs2_3-D1_5-Ochrona-i-waloryzacja-szaty-roslinnej-na-terenach-zurbanizowanych-sem.-3-S.pdf\">AKs2_3-D1_5 Ochrona i&nbsp;waloryzacja szaty roslinnej na terenach zurbanizowanych sem. 3 S<\/a><\/span><\/p>\n<p><a href=\"https:\/\/up.lublin.pl\/ogrodnictwo\/wp-content\/uploads\/sites\/6\/2022\/04\/AKs2_3-D1_6-Sztuka-ogrodow-XX-i-XXI-wieku-sem.-3-S.pdf\"><span style=\"color: #808080\">AKs2_3-D1_6 Sztuka ogrod\u00f3w XX i&nbsp;XXI wieku sem. 3 S<\/span><\/a><\/p>\n<p><span style=\"color: #808080\"><a style=\"color: #808080\" href=\"https:\/\/up.lublin.pl\/ogrodnictwo\/wp-content\/uploads\/sites\/6\/2022\/04\/AKs2_3-D2_1-Genius-loci-podstawa-dzialan-rewitalizacyjnych-sem.-3-S.pdf\">AKs2_3-D2_1 Genius loci podstaw\u0105 dzia\u0142a\u0144 rewitalizacyjnych sem. 3 S<\/a><\/span><\/p>\n<p><span style=\"color: #808080\"><a style=\"color: #808080\" href=\"https:\/\/up.lublin.pl\/ogrodnictwo\/wp-content\/uploads\/sites\/6\/2022\/04\/AKs2_3-D2_2-Genius-loci-as-a-basis-in-regeneration-activities-sem.-1-S.pdf\">AKs2_3-D2_2 Genius loci as a&nbsp;basis in regeneration activities sem. 1 S<\/a><\/span><\/p>\n<p><span style=\"color: #808080\"><a style=\"color: #808080\" href=\"https:\/\/up.lublin.pl\/ogrodnictwo\/wp-content\/uploads\/sites\/6\/2022\/04\/AKs2_3-D2_5-Projektowanie-malej-architektury-w-przestrzeniach-publicznych-sem.-3-S.pdf\">AKs2_3-D2_5 Projektowanie ma\u0142ej architektury w&nbsp;przestrzeniach publicznych sem. 3 S<\/a><\/span><\/p>\n<p><span style=\"color: #808080\"><a style=\"color: #808080\" href=\"https:\/\/up.lublin.pl\/ogrodnictwo\/wp-content\/uploads\/sites\/6\/2022\/04\/AKs2_3-D2_6-Urban-Furniture-Design-3-S.pdf\">AKs2_3-D2_6 Urban Furniture Design 3 S<\/a><\/span><\/p>\n<p><span style=\"color: #808080\"><a style=\"color: #808080\" href=\"https:\/\/up.lublin.pl\/ogrodnictwo\/wp-content\/uploads\/sites\/6\/2022\/04\/AKs2_3-D2_7-Kompozycje-zieleni-w-przestrzeniach-publicznych-sem.-3-S.pdf\">AKs2_3-D2_7 Kompozycje zieleni w&nbsp;przestrzeniach publicznych sem. 3 S<\/a><\/span><\/p>\n<p><span style=\"color: #808080\"><a style=\"color: #808080\" href=\"https:\/\/up.lublin.pl\/ogrodnictwo\/wp-content\/uploads\/sites\/6\/2022\/04\/AKs2_3-E-_1-Filozofia-przyrody-sem.-3-S.pdf\">AKs2_3-E _1 Filozofia przyrody sem. 3 S<\/a><\/span><\/p>\n<p><span style=\"color: #808080\"><a style=\"color: #808080\" href=\"https:\/\/up.lublin.pl\/ogrodnictwo\/wp-content\/uploads\/sites\/6\/2022\/04\/AKs2_3-E-_2-Przedsiebiorczosc-sem.-3-S.pdf\">AKs2_3-E _2 Przedsi\u0119biorczo\u015b\u0107 sem. 3 S<\/a><\/span><\/p>\n<p><span style=\"color: #808080\"><a style=\"color: #808080\" href=\"https:\/\/up.lublin.pl\/ogrodnictwo\/wp-content\/uploads\/sites\/6\/2022\/04\/AKs2_3-E-_3-Podstawy-komunikacji-i-negocjacje-sem.-3-S.pdf\">AKs2_3-E _3 Podstawy komunikacji i&nbsp;negocjacje sem. 3 S<\/a><\/span><\/p>\n<\/section>\n                                        <\/div>\n\t\t\t\t\t\t                                <\/div>\n\t\t\t\t                <div class=\"mn-content-block\">\n\t                                <\/div>\n\t\t\t\t                <div class=\"mn-content-block\">\n\t                                <\/div>\n\t\t\t\t                <div class=\"mn-content-block\">\n\t                                <\/div>\n\t\t\t\t                <div class=\"mn-content-block\">\n\t                                <\/div>\n\t\t\t\t                <div class=\"mn-content-block\">\n\t                                <\/div>\n\t\t\t\t                <div class=\"mn-content-block\">\n\t                                <\/div>\n\t\t\t\t                <div class=\"mn-content-block\">\n\t                                <\/div>\n\t\t\t\t                <div class=\"mn-content-block\">\n\t                                <\/div>\n\t\t\t\t                <div class=\"mn-content-block\">\n\t                                <\/div>\n\t\t\t\t                <div class=\"mn-content-block\">\n\t                                <\/div>\n\t\t\t\t                <div class=\"mn-content-block\">\n\t                                <\/div>\n\t\t\t\t                <div class=\"mn-content-block\">\n\t                                <\/div>\n\t\t\t\t                <div class=\"mn-content-block\">\n\t                                <\/div>\n\t\t\t\t                <div class=\"mn-content-block\">\n\t                                <\/div>\n\t\t\t\t                <div class=\"mn-content-block\">\n\t                                <\/div>\n\t\t\t\t                <div class=\"mn-content-block\">\n\t                                <\/div>\n\t\t\t\t                <div class=\"mn-content-block\">\n\t                                <\/div>\n\t\t\t\t                <div class=\"mn-content-block\">\n\t                                <\/div>\n\t\t\t\t                <div class=\"mn-content-block\">\n\t                                <\/div>\n\t\t\t\t\t\t<\/div>\n\t<\/div>\n<\/section>\n\t\t<\/div>\n\t\t\t\t<\/div>\n\t\t\t\t\t\t<\/div>\n\t\t\t\t\t<\/div>\n\t\t<\/div>\n\t\t\t\t\t\t\t\t<\/div>\n\t\t\t\t\t<\/div>\n\t\t<\/section>\n\t\t\t\t\t\t<\/div>\n\t\t\t\t\t\t<\/div>\n\t\t\t\t\t<\/div>\n\t\t","protected":false},"excerpt":{"rendered":"<p>\u2190 powr\u00f3t Architektura krajobrazu &#8211; Studia Stacjonarne II st. 2020-2021 SEMESTR I AKs2_1-1 Historia i&nbsp;teoria kszta\u0142towania przestrzeni sem. 1 S AKs2_1-2 Socjologia i&nbsp;psychologia \u015brodowiskowa sem. 1 S AKs2_1-3 J\u0119zyk angielski sem. 1 S AKs2_1-3 J\u0119zyk francuski sem. 1 S AKs2_1-3 J\u0119zyk niemiecki sem. 1 S AKs2_1-3 J\u0119zyk rosyjski sem. 1 S AKs2_1-4 Ochrona krajobrazu S [&hellip;]<\/p>\n","protected":false},"author":279,"featured_media":0,"parent":0,"menu_order":0,"comment_status":"closed","ping_status":"closed","template":"elementor_header_footer","meta":{"_monsterinsights_skip_tracking":false,"_monsterinsights_sitenote_active":false,"_monsterinsights_sitenote_note":"","_monsterinsights_sitenote_category":0},"_links":{"self":[{"href":"https:\/\/up.lublin.pl\/ogrodnictwo\/wp-json\/wp\/v2\/pages\/168328"}],"collection":[{"href":"https:\/\/up.lublin.pl\/ogrodnictwo\/wp-json\/wp\/v2\/pages"}],"about":[{"href":"https:\/\/up.lublin.pl\/ogrodnictwo\/wp-json\/wp\/v2\/types\/page"}],"author":[{"embeddable":true,"href":"https:\/\/up.lublin.pl\/ogrodnictwo\/wp-json\/wp\/v2\/users\/279"}],"replies":[{"embeddable":true,"href":"https:\/\/up.lublin.pl\/ogrodnictwo\/wp-json\/wp\/v2\/comments?post=168328"}],"version-history":[{"count":7,"href":"https:\/\/up.lublin.pl\/ogrodnictwo\/wp-json\/wp\/v2\/pages\/168328\/revisions"}],"predecessor-version":[{"id":172396,"href":"https:\/\/up.lublin.pl\/ogrodnictwo\/wp-json\/wp\/v2\/pages\/168328\/revisions\/172396"}],"wp:attachment":[{"href":"https:\/\/up.lublin.pl\/ogrodnictwo\/wp-json\/wp\/v2\/media?parent=168328"}],"curies":[{"name":"wp","href":"https:\/\/api.w.org\/{rel}","templated":true}]}}