{"id":168315,"date":"2024-01-17T12:29:07","date_gmt":"2024-01-17T11:29:07","guid":{"rendered":"https:\/\/up.lublin.pl\/ogrodnictwo\/?page_id=168315"},"modified":"2025-04-02T09:28:16","modified_gmt":"2025-04-02T07:28:16","slug":"architektura-krajobrazu-studia-stacjonarne-ii-st-2022-2023","status":"publish","type":"page","link":"https:\/\/up.lublin.pl\/ogrodnictwo\/architektura-krajobrazu-studia-stacjonarne-ii-st-2022-2023\/","title":{"rendered":"Architektura krajobrazu &#8211; Studia Stacjonarne II st. 2022-2023"},"content":{"rendered":"\t\t<div data-elementor-type=\"wp-page\" data-elementor-id=\"168315\" class=\"elementor elementor-168315\" data-elementor-settings=\"[]\">\n\t\t\t\t\t\t<div class=\"elementor-inner\">\n\t\t\t\t\t\t\t<div class=\"elementor-section-wrap\">\n\t\t\t\t\t\t\t<section class=\"elementor-section elementor-top-section elementor-element elementor-element-603a68de elementor-section-boxed elementor-section-height-default elementor-section-height-default\" data-id=\"603a68de\" data-element_type=\"section\">\n\t\t\t\t\t\t<div class=\"elementor-container elementor-column-gap-default\">\n\t\t\t\t\t\t\t<div class=\"elementor-row\">\n\t\t\t\t\t<div class=\"elementor-column elementor-col-100 elementor-top-column elementor-element elementor-element-6a4f15ea\" data-id=\"6a4f15ea\" data-element_type=\"column\">\n\t\t\t<div class=\"elementor-column-wrap elementor-element-populated\">\n\t\t\t\t\t\t\t<div class=\"elementor-widget-wrap\">\n\t\t\t\t\t\t<div class=\"elementor-element elementor-element-1ee6eb37 elementor-widget elementor-widget-m5c\" data-id=\"1ee6eb37\" data-element_type=\"widget\" data-widget_type=\"m5c.default\">\n\t\t\t\t<div class=\"elementor-widget-container\">\n\t\t\t<section class=\"mn-m5-c mn-m5-d2 mn-bg-white\">\n\t<div class=\"mn-grid\">\n\t\t\t\t<div class=\"mn-content mn-grid-9\">\n\t\t\t                <div class=\"mn-content-block active\">\n\t                                                        <div class=\"block-text\">\n\t                                        <h5><a href=\"https:\/\/up.lublin.pl\/ogrodnictwo\/ksztalcenie\/#opisy_sylabus%C3%B3w\">\u2190 powr\u00f3t<\/a><\/h5>\n<h2 style=\"text-align: center\"><span style=\"font-size: 28px\">Architektura krajobrazu &#8211; <br \/>Studia Stacjonarne II st. 2022-2023<\/span><\/h2>\n                                        <\/div>\n\t\t\t\t\t\t                                                        <ul class=\"mn-accordion\">\n                                            <li>\n                                                <h4 class=\"mn-accordion-title\">SEMESTR I<\/h4>\n                                                <div>\n\t\t\t\t\t\t\t\t\t                <ul style=\"list-style-type: disc\">\n<li><a href=\"https:\/\/up.lublin.pl\/ogrodnictwo\/wp-content\/uploads\/sites\/6\/2024\/02\/M-AK2S_1_1-Historia-i-teoria-ksztaltowania-przestrzeni_.pdf\">M AK2S_1_1 &#8211; Historia i&nbsp;teoria kszta\u0142towania przestrzeni_<\/a><\/li>\n<li><a href=\"https:\/\/up.lublin.pl\/ogrodnictwo\/wp-content\/uploads\/sites\/6\/2024\/02\/M-AK2S_1_2-Socjologia-i-psychologia-srodowiskowa-hum.-spol..pdf\">M AK2S_1_2 &#8211; Socjologia i&nbsp;psychologia \u015brodowiskowa (hum.-spo\u0142.)<\/a><\/li>\n<li><a href=\"https:\/\/up.lublin.pl\/ogrodnictwo\/wp-content\/uploads\/sites\/6\/2024\/02\/M-AK2S_1_3-Jezyk-obcy-specjalistyczny-\u2013-Angielski-B2-1.pdf\">M AK2S_1_3 &#8211; J\u0119zyk obcy specjalistyczny \u2013 Angielski B2+<\/a><\/li>\n<li><a href=\"https:\/\/up.lublin.pl\/ogrodnictwo\/wp-content\/uploads\/sites\/6\/2024\/02\/M-AK2S_1_3-Jezyk-obcy-specjalistyczny-\u2013-Francuski-B2-1.pdf\">M AK2S_1_3 &#8211; J\u0119zyk obcy specjalistyczny \u2013 Francuski B2+<\/a><\/li>\n<li><a href=\"https:\/\/up.lublin.pl\/ogrodnictwo\/wp-content\/uploads\/sites\/6\/2024\/02\/M-AK2S_1_3-Jezyk-obcy-specjalistyczny-\u2013-Niemiecki-B2-1.pdf\">M AK2S_1_3 &#8211; J\u0119zyk obcy specjalistyczny \u2013 Niemiecki B2+<\/a><\/li>\n<li><a href=\"https:\/\/up.lublin.pl\/ogrodnictwo\/wp-content\/uploads\/sites\/6\/2024\/02\/M-AK2S_1_3-Jezyk-obcy-specjalistyczny-\u2013-Rosyjski-B2-1.pdf\">M AK2S_1_3 &#8211; J\u0119zyk obcy specjalistyczny \u2013 Rosyjski B2+<\/a><\/li>\n<li><a href=\"https:\/\/up.lublin.pl\/ogrodnictwo\/wp-content\/uploads\/sites\/6\/2024\/02\/M-AK2S_1_4-Ochrona-krajobrazu-1.pdf\">M AK2S_1_4 &#8211; Ochrona krajobrazu<\/a><\/li>\n<li><a href=\"https:\/\/up.lublin.pl\/ogrodnictwo\/wp-content\/uploads\/sites\/6\/2025\/04\/M-AK2S_1_5-Planowanie-przestrzenne.pdf\">M AK2S_1_5 &#8211; Planowanie przestrzenne<\/a><\/li>\n<li><a href=\"https:\/\/up.lublin.pl\/ogrodnictwo\/wp-content\/uploads\/sites\/6\/2024\/02\/M-AK2S_1_6-Inzynieria-krajobrazu-1.pdf\">M AK2S_1_6 &#8211; In\u017cynieria krajobrazu<\/a><\/li>\n<li><a href=\"https:\/\/up.lublin.pl\/ogrodnictwo\/wp-content\/uploads\/sites\/6\/2024\/02\/M-AK2S_1_7-Systemy-informacji-przestrzennej-1.pdf\">M AK2S_1_7 &#8211; Systemy informacji przestrzennej<\/a><\/li>\n<li><a href=\"https:\/\/up.lublin.pl\/ogrodnictwo\/wp-content\/uploads\/sites\/6\/2024\/02\/M-AK2S_1_8-Ksztaltowanie-krajobrazu-miasta.pdf\">M AK2S_1_8 &#8211; Kszta\u0142towanie krajobrazu miasta<\/a><\/li>\n<li>M AK2S_1_9 &#8211; <strong>Przedmiot o&nbsp;wyboru 1<\/strong><\/li>\n<li>\n<ul style=\"list-style-type: disc\">\n<li><a href=\"https:\/\/up.lublin.pl\/ogrodnictwo\/wp-content\/uploads\/sites\/6\/2024\/02\/M-AK2S_1_9.1-Rosliny-ozdobne-w-projektowaniu-przestrzeni-miejskiej-i-przydomowej-1.pdf\">M AK2S_1_9.1 &#8211; Ro\u015bliny ozdobne w&nbsp;projektowaniu przestrzeni miejskiej i&nbsp;przydomowej<\/a><\/li>\n<li><a href=\"https:\/\/up.lublin.pl\/ogrodnictwo\/wp-content\/uploads\/sites\/6\/2024\/03\/M-AK2S_1_9.2-Arrangements-of-fruit-plants-in-the-garden-and-landscape.pdf\"><span style=\"text-decoration: underline\">M AK2S_1_9.2 &#8211; Arrangements of fruit plants in the garden and landsape<\/span><\/a><\/li>\n<li><a href=\"https:\/\/up.lublin.pl\/ogrodnictwo\/wp-content\/uploads\/sites\/6\/2024\/02\/M-AK2S_1_9.3-Conventional-and-non-conventional-methods-of-plant-protection-in-urban-areas.pdf\">M AK2S_1_9.3 &#8211; Conventional and non-conventional methods of plant protection in urban areas<\/a><\/li>\n<\/ul>\n<\/li>\n<li>M AK2S_1_10 &#8211; <strong>Przedmiot o&nbsp;wyboru 2<br \/><\/strong><\/li>\n<li>\n<ul style=\"list-style-type: disc\">\n<li><a href=\"https:\/\/up.lublin.pl\/ogrodnictwo\/wp-content\/uploads\/sites\/6\/2024\/02\/M-AK2S_1_10.1-Rodzima-roslinnosc-w-krajobrazie-parku-ogrodzie.pdf\">M AK2S_1_10.1 &#8211; Rodzima ro\u015blinno\u015b\u0107 w&nbsp;krajobrazie, parku, ogrodzie<\/a><\/li>\n<li><a href=\"https:\/\/up.lublin.pl\/ogrodnictwo\/wp-content\/uploads\/sites\/6\/2024\/02\/M-AK2S_1_10.2-Rosliny-ozdobne-w-fitoremediacji-1.pdf\">M AK2S_1_10.2 &#8211; Ro\u015bliny ozdobne w&nbsp;fitoremediacji<\/a><\/li>\n<li><a href=\"https:\/\/up.lublin.pl\/ogrodnictwo\/wp-content\/uploads\/sites\/6\/2024\/02\/M-AK2S_1_10.3-Zbiorowiska-synantropijne-w-krajobrazie-zurbanizowanym-1.pdf\">M AK2S_1_10.3 &#8211; Zbiorowiska synantropijne w&nbsp;krajobrazie zurbanizowanym<\/a><\/li>\n<\/ul>\n<\/li>\n<li>M AK2S_1_11 &#8211; <strong>Przedmiot o&nbsp;wyboru 3<br \/><\/strong><\/li>\n<li>\n<ul style=\"list-style-type: disc\">\n<li><a href=\"https:\/\/up.lublin.pl\/ogrodnictwo\/wp-content\/uploads\/sites\/6\/2024\/03\/M-AK2S_1_11.1-Ksztaltowanie-zlozonych-struktur-w-krajobrazie-kulturowym.pdf\">M AK2S_1_11.1 &#8211; Kszta\u0142towanie z\u0142o\u017conych struktur w&nbsp;krajobrazie kulturowym<\/a><strong><br \/><\/strong><\/li>\n<li><a href=\"https:\/\/up.lublin.pl\/ogrodnictwo\/wp-content\/uploads\/sites\/6\/2024\/03\/M-AK2S_1_11.2-Developing-integrated-system-in-cultural-landscape.pdf\">M AK2S_1_11.2 &#8211; Developing integrated system in cultural landsape<\/a><\/li>\n<li><a href=\"https:\/\/up.lublin.pl\/ogrodnictwo\/wp-content\/uploads\/sites\/6\/2024\/02\/M-AK2S_1_11.3-Ochrona-i-waloryzacja-szaty-roslinnej-w-zalozeniach-historycznych-1.pdf\">M AK2S_1_11.3 &#8211; Ochrona i&nbsp;waloryzacja szaty ro\u015blinnej w&nbsp;za\u0142o\u017ceniach historycznych<\/a><\/li>\n<li><a href=\"https:\/\/up.lublin.pl\/ogrodnictwo\/wp-content\/uploads\/sites\/6\/2024\/02\/M-AK2S_1_11.4-Rekultywacja-krajobrazu-i-terenow-zdegradowanych-1.pdf\">M AK2S_1_11.4 &#8211; Rekultywacja krajobrazu i&nbsp;teren\u00f3w zdegradowanych<\/a><\/li>\n<\/ul>\n<\/li>\n<\/ul>\n                                                <\/div>\n                                            <\/li>\n                                        <\/ul>\n\t\t\t\t\t\t                                                        <ul class=\"mn-accordion\">\n                                            <li>\n                                                <h4 class=\"mn-accordion-title\">SEMESTR II<\/h4>\n                                                <div>\n\t\t\t\t\t\t\t\t\t                <ul>\n<li><a href=\"https:\/\/up.lublin.pl\/ogrodnictwo\/wp-content\/uploads\/sites\/6\/2024\/02\/M-AK2S_2_1-Wybrane-zagadnienia-z-teorii-urbanistyki-1.pdf\">M AK2S_2_1 &#8211; Wybrane zagadnienia z&nbsp;teorii urbanistyki<\/a><\/li>\n<li><a href=\"https:\/\/up.lublin.pl\/ogrodnictwo\/wp-content\/uploads\/sites\/6\/2024\/02\/M-AK2S_2_2-Ksztaltowanie-krajobrazu-obszarow-wiejskich-1.pdf\">M AK2S_2_2 &#8211; Kszta\u0142towanie krajobrazu obszar\u00f3w wiejskich<\/a><\/li>\n<li><a href=\"https:\/\/up.lublin.pl\/ogrodnictwo\/wp-content\/uploads\/sites\/6\/2024\/04\/M-AK2S_2_3-Projektowanie-konserwatorskie-.docx.docx.pdf\">M AK2S_2_3 &#8211; Projektowanie konserwatorskie<\/a><\/li>\n<li><a href=\"https:\/\/up.lublin.pl\/ogrodnictwo\/wp-content\/uploads\/sites\/6\/2024\/02\/M-AK2S_2_4-Rewitalizacja-krajobrazowa-terenow-zurbanizowanych-1.pdf\">M AK2S_2_4 &#8211; Rewitalizacja krajobrazowa teren\u00f3w zurbanizowanych<\/a><\/li>\n<li><a href=\"https:\/\/up.lublin.pl\/ogrodnictwo\/wp-content\/uploads\/sites\/6\/2024\/02\/M-AK2S_2_5-Projektowanie-zintegrowane-1.pdf\">M AK2S_2_5 &#8211; Projektowanie zintegrowane<\/a><\/li>\n<li>M AK2S_2_6 &#8211; <strong>Przedmiot do wyboru 4<\/strong><\/li>\n<li>\n<ul style=\"list-style-type: disc\">\n<li><a href=\"https:\/\/up.lublin.pl\/ogrodnictwo\/wp-content\/uploads\/sites\/6\/2024\/03\/M-AK2S_2_6.1-Formy-ochrony-ekspozycji-w-krajobrazie-kulturowym.pdf\">M AK2S_2_6.1\u00a0 Formy ochrony ekspozycji w&nbsp;krajobrazie kulturowym<\/a><\/li>\n<li><a href=\"https:\/\/up.lublin.pl\/ogrodnictwo\/wp-content\/uploads\/sites\/6\/2024\/02\/M-AK2S_2_6.2-Ocena-krajobrazu-kulturowego-1.pdf\">M AK2S_2_6.2 &#8211; Ocena krajobrazu kulturowego<\/a><\/li>\n<li><a href=\"https:\/\/up.lublin.pl\/ogrodnictwo\/wp-content\/uploads\/sites\/6\/2024\/02\/M-AK2S_2_6.3-Kompozycje-roslinne-w-przestrzeniach-publicznych-1.pdf\">M AK2S_2_6.3 &#8211; Kompozycje ro\u015blinne w&nbsp;przestrzeniach publicznych<\/a><\/li>\n<\/ul>\n<\/li>\n<li>M AK2S_2_7 &#8211; <strong>Przedmiot do wyboru 5<br \/><\/strong><\/li>\n<li>\n<ul style=\"list-style-type: disc\">\n<li><a href=\"https:\/\/up.lublin.pl\/ogrodnictwo\/wp-content\/uploads\/sites\/6\/2024\/03\/M-AK2S_2_7.1-Ogrod-polski-w-tradycyjnym-i-wspolczesnym-krajobrazie-kulturowym.pdf\">M AK2S_2_7.1 &#8211; Ogr\u00f3d polski w&nbsp;tradycji i&nbsp;wsp\u00f3\u0142czesnym krajobrazie kulturowym\/Unikatowo\u015b\u0107 krajobrazu Polski<\/a><\/li>\n<li><a href=\"https:\/\/up.lublin.pl\/ogrodnictwo\/wp-content\/uploads\/sites\/6\/2024\/03\/M-AK2S_2_7.2-Ogrod-zabytkowy-we-wspolczesnych-strukturach-urbanistycznych.pdf\">M AK2S_2_7.2 &#8211; Ogr\u00f3d zabytkowy we wsp\u00f3\u0142czesnych strukturach urbanistycznych<\/a><\/li>\n<li><a href=\"https:\/\/up.lublin.pl\/ogrodnictwo\/wp-content\/uploads\/sites\/6\/2024\/03\/M-AK2S_2_7.3-Historic-garden-in-modern-urban-structures.pdf\">M AK2S_2_7.3 &#8211; Historic garden in modern urban structures<\/a><\/li>\n<li><a href=\"https:\/\/up.lublin.pl\/ogrodnictwo\/wp-content\/uploads\/sites\/6\/2024\/02\/M-AK2S_2_7-Dobory-gatunkowe-do-ogrodow-historycznych.pdf\">M AK2S_2_7.4 &#8211; Dobory gatunkowe do ogrod\u00f3w historycznych<\/a><\/li>\n<li><a href=\"https:\/\/up.lublin.pl\/ogrodnictwo\/wp-content\/uploads\/sites\/6\/2024\/03\/M-AK2S_2_7.5-Park-miejski-funkcja-forma-relacja-z-krajobrazem.pdf\">M AK2S_2_7.5 &#8211; Park miejski &#8211; funkcja, forma, relacja z&nbsp;krajobrazem<\/a><\/li>\n<\/ul>\n<\/li>\n<li>M AK2S_2_8 &#8211; <strong>Przedmiot do wyboru 6<br \/><\/strong><\/li>\n<li>\n<ul style=\"list-style-type: disc\">\n<li><a href=\"https:\/\/up.lublin.pl\/ogrodnictwo\/wp-content\/uploads\/sites\/6\/2024\/02\/M-AK2S_2_8.1-Ekologia-miasta-jako-ukladu-przyrodniczo-antropogenicznego-1.pdf\">M AK2S_2_8.1 &#8211; Ekologia miasta jako uk\u0142adu przyrodniczo-antropogenicznego<\/a><\/li>\n<li><a href=\"https:\/\/up.lublin.pl\/ogrodnictwo\/wp-content\/uploads\/sites\/6\/2024\/02\/M-AK2S_2_8.2-Metody-ochrony-roslin-w-terenach-zurbanizowanych.pdf\">M AK2S_2_8.2 &#8211; Metody ochrony ro\u015blin w&nbsp;terenach zurbanizowanych<\/a><\/li>\n<li><a href=\"https:\/\/up.lublin.pl\/ogrodnictwo\/wp-content\/uploads\/sites\/6\/2024\/02\/M-AK2S_2_8.3-Rosliny-przyprawowe-i-lecznicze-w-krajobrazie-i-w-ogrodzie-1.pdf\">M AK2S_2_8.3 &#8211; Ro\u015bliny przyprawowe i&nbsp;lecznicze w&nbsp;krajobrazie i&nbsp;w ogrodzie<\/a><\/li>\n<\/ul>\n<\/li>\n<li><a href=\"https:\/\/up.lublin.pl\/ogrodnictwo\/wp-content\/uploads\/sites\/6\/2024\/04\/przygotowanie-dokumnetacji-konkursowej.doc.pdf\">M AK2S_2_9 &#8211; Przygotowanie dokumentacji w&nbsp;post\u0119powaniu konkursowym<\/a><\/li>\n<li><a href=\"https:\/\/up.lublin.pl\/ogrodnictwo\/wp-content\/uploads\/sites\/6\/2024\/04\/M-AK2S_2_10-Seminarium-dyplomowe-1-22_23.pdf\">M AK2S_2_10 &#8211; Seminarium dyplomowe 1<\/a><\/li>\n<\/ul>\n                                                <\/div>\n                                            <\/li>\n                                        <\/ul>\n\t\t\t\t\t\t                                                        <ul class=\"mn-accordion\">\n                                            <li>\n                                                <h4 class=\"mn-accordion-title\">SEMESTR III<\/h4>\n                                                <div>\n\t\t\t\t\t\t\t\t\t                <ul>\n<li>M AK2S_3_1 &#8211; <strong>Przedmiot do wyboru 7<\/strong><\/li>\n<li>\n<ul style=\"list-style-type: disc\">\n<li><a href=\"https:\/\/up.lublin.pl\/ogrodnictwo\/wp-content\/uploads\/sites\/6\/2024\/03\/problematyka-projektowania-stref.pdf\"><span style=\"text-decoration: underline\">M AK2S_3_1.1 &#8211; Problematyka projektowania stref przenikania krajobraz\u00f3w historycznych wsp\u00f3\u0142czesnych<\/span><\/a><\/li>\n<li><a href=\"https:\/\/up.lublin.pl\/ogrodnictwo\/wp-content\/uploads\/sites\/6\/2024\/02\/M-AK2S_3_1.2-Polska-tradycja-w-ksztaltowaniu-struktur-osadniczych-i-jej-ochrona.pdf\">M AK2S_3_1.2 &#8211; Polska tradycja w&nbsp;kszta\u0142towaniu struktur osadniczych i&nbsp;jej ochrona<\/a><\/li>\n<li><a href=\"https:\/\/up.lublin.pl\/ogrodnictwo\/wp-content\/uploads\/sites\/6\/2024\/03\/M-AK2S_3_1.3-Symbolika-i-znaczeniowosc-krajobrazu.docx.pdf\">M AK2S_3_1.3 &#8211; Symbolika i&nbsp;znaczeniowo\u015b\u0107 krajobrazu<\/a><\/li>\n<\/ul>\n<\/li>\n<li><a href=\"https:\/\/up.lublin.pl\/ogrodnictwo\/wp-content\/uploads\/sites\/6\/2024\/02\/M-AK2S_3_1.4-Sztuka-ogrodow-XX-i-XXI-wieku.pdf\">M AK2S_3_1.4 &#8211; Sztuka ogrod\u00f3w XX i&nbsp;XXI wieku<\/a><\/li>\n<li>M AK2S_3_2 &#8211; <strong>Przedmiot do wyboru 8<\/strong><strong><br \/><\/strong><\/li>\n<li>\n<ul style=\"list-style-type: disc\">\n<li><a href=\"https:\/\/up.lublin.pl\/ogrodnictwo\/wp-content\/uploads\/sites\/6\/2024\/03\/M-AK2S_3_2.1-Genius-loci-podstawa-dzialan-rewitalizacyjnych-.pdf\">M AK2S_3_2.1 &#8211; Genius loci podstaw\u0105 dzia\u0142a\u0144 rewitalizacyjnych<\/a><\/li>\n<li><a href=\"https:\/\/up.lublin.pl\/ogrodnictwo\/wp-content\/uploads\/sites\/6\/2024\/03\/M-AK2S_3_2.2-_Genius-loci-as-a-basis-in-regeneration-activitiestie.pdf\">M AK2S_3_2.2 &#8211; Genius loci as a&nbsp;basis in regeneration activities<\/a><\/li>\n<li><a href=\"https:\/\/up.lublin.pl\/ogrodnictwo\/wp-content\/uploads\/sites\/6\/2024\/03\/M-AK2S_3_2_3-Studia-i-analizy-na-potrzeby-opracowan-konserwatorskich.pdf\">M AK2S_3_2.3 &#8211; Studia i&nbsp;analizy dla potrzeb opracowa\u0144 konserwatorskich<\/a><\/li>\n<li><a href=\"https:\/\/up.lublin.pl\/ogrodnictwo\/wp-content\/uploads\/sites\/6\/2024\/03\/M-AK2S_3_2_5-Ochrona-historycznych-struktur.pdf\">M AK2S_3_2.4 &#8211; Ochrona historycznych struktur przestrzennych w&nbsp;krajobrazie kulturowym<\/a><\/li>\n<li><a href=\"https:\/\/up.lublin.pl\/ogrodnictwo\/wp-content\/uploads\/sites\/6\/2024\/02\/M-AKS2_3_2.5-Projektowanie-malej-architektury-w-przestrzeniach-publicznych.pdf\">M AKS2_3_2.5 &#8211; Projektowanie ma\u0142ej architektury w&nbsp;przestrzeniach publicznych<\/a><\/li>\n<li><a href=\"https:\/\/up.lublin.pl\/ogrodnictwo\/wp-content\/uploads\/sites\/6\/2024\/03\/M-AK2S_3_2.6-Urban-furniture-design.pdf\">M AK2S_3_2.6 &#8211; Urban furniture design<\/a><\/li>\n<\/ul>\n<\/li>\n<li>M AK2S_3_3 &#8211; <strong>Przedmiot do wyboru 9 (hum.-spo\u0142.)<br \/><\/strong><\/li>\n<li>\n<ul style=\"list-style-type: disc\">\n<li><a href=\"https:\/\/up.lublin.pl\/ogrodnictwo\/wp-content\/uploads\/sites\/6\/2024\/03\/M-AK2S_3_31-Filozofia-przyrody.pdf\">M AK2S_3_3.1 &#8211; Filozofia przyrody<\/a><\/li>\n<li><a href=\"https:\/\/up.lublin.pl\/ogrodnictwo\/wp-content\/uploads\/sites\/6\/2024\/03\/M-AK2S_3_3.2-Zabytki-architektury-i-archeologii-w-krajobrazie-historycznym.pdf\">M AK2S_3_3.2 &#8211; Zabytki architektury i&nbsp;archeologii w&nbsp;krajobrazie historycznym<\/a><\/li>\n<li><a href=\"https:\/\/up.lublin.pl\/ogrodnictwo\/wp-content\/uploads\/sites\/6\/2024\/02\/M-AK2S_3_3.3-Przedsiebiorczosc-1.pdf\">M AK2S_3_3.3 &#8211; Przedsi\u0119biorczo\u015b\u0107<\/a><\/li>\n<li><a href=\"https:\/\/up.lublin.pl\/ogrodnictwo\/wp-content\/uploads\/sites\/6\/2024\/02\/M-AK2S_3_3.4-Podstawy-komunikacji-i-negocjacje.pdf\">M AK2S_3_3.4 &#8211; Podstawy komunikacji i&nbsp;negocjacje<\/a><\/li>\n<\/ul>\n<\/li>\n<li><a href=\"https:\/\/up.lublin.pl\/ogrodnictwo\/wp-content\/uploads\/sites\/6\/2024\/03\/M-AK2S_3_4-Studio-projektowe.pdf\">M AK2S_3_4 &#8211; Studio projektowe<\/a><\/li>\n<li><a href=\"https:\/\/up.lublin.pl\/ogrodnictwo\/wp-content\/uploads\/sites\/6\/2024\/04\/M-AK2S_3_5-Seminarium-dyplomowe-2.docx.pdf\">M AK2S_3_5 &#8211; Seminarium dyplomowe 2<\/a><\/li>\n<li>M AK2S_3_6 &#8211; <strong>Praca magisterska i&nbsp;egzamin dyplomowy<\/strong><\/li>\n<\/ul>\n                                                <\/div>\n                                            <\/li>\n                                        <\/ul>\n\t\t\t\t\t\t                                <\/div>\n\t\t\t\t                <div class=\"mn-content-block\">\n\t                                <\/div>\n\t\t\t\t                <div class=\"mn-content-block\">\n\t                                <\/div>\n\t\t\t\t                <div class=\"mn-content-block\">\n\t                                <\/div>\n\t\t\t\t                <div class=\"mn-content-block\">\n\t                                <\/div>\n\t\t\t\t                <div class=\"mn-content-block\">\n\t                                <\/div>\n\t\t\t\t                <div class=\"mn-content-block\">\n\t                                <\/div>\n\t\t\t\t                <div class=\"mn-content-block\">\n\t                                <\/div>\n\t\t\t\t                <div class=\"mn-content-block\">\n\t                                <\/div>\n\t\t\t\t                <div class=\"mn-content-block\">\n\t                                <\/div>\n\t\t\t\t                <div class=\"mn-content-block\">\n\t                                <\/div>\n\t\t\t\t                <div class=\"mn-content-block\">\n\t                                <\/div>\n\t\t\t\t                <div class=\"mn-content-block\">\n\t                                <\/div>\n\t\t\t\t                <div class=\"mn-content-block\">\n\t                                <\/div>\n\t\t\t\t                <div class=\"mn-content-block\">\n\t                                <\/div>\n\t\t\t\t                <div class=\"mn-content-block\">\n\t                                <\/div>\n\t\t\t\t                <div class=\"mn-content-block\">\n\t                                <\/div>\n\t\t\t\t                <div class=\"mn-content-block\">\n\t                                <\/div>\n\t\t\t\t                <div class=\"mn-content-block\">\n\t                                <\/div>\n\t\t\t\t                <div class=\"mn-content-block\">\n\t                                <\/div>\n\t\t\t\t\t\t<\/div>\n\t<\/div>\n<\/section>\n\t\t<\/div>\n\t\t\t\t<\/div>\n\t\t\t\t\t\t<\/div>\n\t\t\t\t\t<\/div>\n\t\t<\/div>\n\t\t\t\t\t\t\t\t<\/div>\n\t\t\t\t\t<\/div>\n\t\t<\/section>\n\t\t\t\t\t\t<\/div>\n\t\t\t\t\t\t<\/div>\n\t\t\t\t\t<\/div>\n\t\t","protected":false},"excerpt":{"rendered":"<p>\u2190 powr\u00f3t Architektura krajobrazu &#8211; Studia Stacjonarne II st. 2022-2023 SEMESTR I M AK2S_1_1 &#8211; Historia i&nbsp;teoria kszta\u0142towania przestrzeni_ M AK2S_1_2 &#8211; Socjologia i&nbsp;psychologia \u015brodowiskowa (hum.-spo\u0142.) M AK2S_1_3 &#8211; J\u0119zyk obcy specjalistyczny \u2013 Angielski B2+ M AK2S_1_3 &#8211; J\u0119zyk obcy specjalistyczny \u2013 Francuski B2+ M AK2S_1_3 &#8211; J\u0119zyk obcy specjalistyczny \u2013 Niemiecki B2+ M AK2S_1_3 [&hellip;]<\/p>\n","protected":false},"author":279,"featured_media":0,"parent":0,"menu_order":0,"comment_status":"closed","ping_status":"closed","template":"elementor_header_footer","meta":{"_monsterinsights_skip_tracking":false,"_monsterinsights_sitenote_active":false,"_monsterinsights_sitenote_note":"","_monsterinsights_sitenote_category":0},"_links":{"self":[{"href":"https:\/\/up.lublin.pl\/ogrodnictwo\/wp-json\/wp\/v2\/pages\/168315"}],"collection":[{"href":"https:\/\/up.lublin.pl\/ogrodnictwo\/wp-json\/wp\/v2\/pages"}],"about":[{"href":"https:\/\/up.lublin.pl\/ogrodnictwo\/wp-json\/wp\/v2\/types\/page"}],"author":[{"embeddable":true,"href":"https:\/\/up.lublin.pl\/ogrodnictwo\/wp-json\/wp\/v2\/users\/279"}],"replies":[{"embeddable":true,"href":"https:\/\/up.lublin.pl\/ogrodnictwo\/wp-json\/wp\/v2\/comments?post=168315"}],"version-history":[{"count":52,"href":"https:\/\/up.lublin.pl\/ogrodnictwo\/wp-json\/wp\/v2\/pages\/168315\/revisions"}],"predecessor-version":[{"id":176847,"href":"https:\/\/up.lublin.pl\/ogrodnictwo\/wp-json\/wp\/v2\/pages\/168315\/revisions\/176847"}],"wp:attachment":[{"href":"https:\/\/up.lublin.pl\/ogrodnictwo\/wp-json\/wp\/v2\/media?parent=168315"}],"curies":[{"name":"wp","href":"https:\/\/api.w.org\/{rel}","templated":true}]}}