{"id":165254,"date":"2023-03-13T08:11:16","date_gmt":"2023-03-13T07:11:16","guid":{"rendered":"https:\/\/up.lublin.pl\/ogrodnictwo\/?page_id=165254"},"modified":"2023-03-13T08:18:50","modified_gmt":"2023-03-13T07:18:50","slug":"ochrona-roslin-i-kontrola-fitosanitarna-studia-stacjonarne-ii-st-2021-2022","status":"publish","type":"page","link":"https:\/\/up.lublin.pl\/ogrodnictwo\/ochrona-roslin-i-kontrola-fitosanitarna-studia-stacjonarne-ii-st-2021-2022\/","title":{"rendered":"Ochrona Ro\u015blin i Kontrola Fitosanitarna &#8211; Studia Stacjonarne II st. 2021-2022"},"content":{"rendered":"\t\t<div data-elementor-type=\"wp-page\" data-elementor-id=\"165254\" class=\"elementor elementor-165254\" data-elementor-settings=\"[]\">\n\t\t\t\t\t\t<div class=\"elementor-inner\">\n\t\t\t\t\t\t\t<div class=\"elementor-section-wrap\">\n\t\t\t\t\t\t\t<section class=\"elementor-section elementor-top-section elementor-element elementor-element-18489fab elementor-section-boxed elementor-section-height-default elementor-section-height-default\" data-id=\"18489fab\" data-element_type=\"section\">\n\t\t\t\t\t\t<div class=\"elementor-container elementor-column-gap-default\">\n\t\t\t\t\t\t\t<div class=\"elementor-row\">\n\t\t\t\t\t<div class=\"elementor-column elementor-col-100 elementor-top-column elementor-element elementor-element-10b14f0\" data-id=\"10b14f0\" data-element_type=\"column\">\n\t\t\t<div class=\"elementor-column-wrap elementor-element-populated\">\n\t\t\t\t\t\t\t<div class=\"elementor-widget-wrap\">\n\t\t\t\t\t\t<div class=\"elementor-element elementor-element-1bdf7666 elementor-widget elementor-widget-m5c\" data-id=\"1bdf7666\" data-element_type=\"widget\" data-widget_type=\"m5c.default\">\n\t\t\t\t<div class=\"elementor-widget-container\">\n\t\t\t<section class=\"mn-m5-c mn-m5-d2 mn-bg-white\">\n\t<div class=\"mn-grid\">\n\t\t\t\t<div class=\"mn-content mn-grid-9\">\n\t\t\t                <div class=\"mn-content-block active\">\n\t                                                        <div class=\"block-text\">\n\t                                        <h5><a href=\"https:\/\/up.lublin.pl\/ogrodnictwo\/ksztalcenie\/#opisy_sylabus%C3%B3w\">\u2190 powr\u00f3t<\/a><\/h5>\n<p>\u00a0<\/p>\n<h2 style=\"text-align: center\"><span style=\"font-size: 28px\">Ochrona Ro\u015blin i&nbsp;Kontrola Fitosanitarna &#8211; Studia Stacjonarne II st. 2021-2022<\/span><\/h2>\n                                        <\/div>\n\t\t\t\t\t\t                                                        <ul class=\"mn-accordion\">\n                                            <li>\n                                                <h4 class=\"mn-accordion-title\">SEMESTR I<\/h4>\n                                                <div>\n\t\t\t\t\t\t\t\t\t                <ul>\n<li><a href=\"https:\/\/up.lublin.pl\/ogrodnictwo\/wp-content\/uploads\/sites\/6\/2023\/03\/MOR-S2_1.1-Jezyk-angielski.pdf\">MOR S2_1.1 J\u0119zyk angielski<\/a><\/li>\n<li><a href=\"https:\/\/up.lublin.pl\/ogrodnictwo\/wp-content\/uploads\/sites\/6\/2023\/03\/MOR-S2_1.2-Jezyk-francuski.pdf\">MOR S2_1.2 J\u0119zyk francuski<\/a><\/li>\n<li><a href=\"https:\/\/up.lublin.pl\/ogrodnictwo\/wp-content\/uploads\/sites\/6\/2023\/03\/MOR-S2_1.3-Jezyk-niemiecki.pdf\">MOR S2_1.3 J\u0119zyk niemiecki<\/a><\/li>\n<li><a href=\"https:\/\/up.lublin.pl\/ogrodnictwo\/wp-content\/uploads\/sites\/6\/2023\/03\/MOR-S2_1.4-Jezyk-rosyjski.pdf\">MOR S2_1.4 J\u0119zyk rosyjski<\/a><\/li>\n<li><a href=\"https:\/\/up.lublin.pl\/ogrodnictwo\/wp-content\/uploads\/sites\/6\/2023\/03\/MOR-S2_2-Identyfikacja-czynnikow-infekcyjnych-1.pdf\">MOR S2_2 Identyfikacja czynnik\u00f3w infekcyjnych<\/a><\/li>\n<li><a href=\"https:\/\/up.lublin.pl\/ogrodnictwo\/wp-content\/uploads\/sites\/6\/2023\/03\/MOR-S2_3-Identyfikacja-szkodnikow-roslin.pdf\">MOR S2_3 Identyfikacja szkodnik\u00f3w ro\u015blin<\/a><\/li>\n<li><a href=\"https:\/\/up.lublin.pl\/ogrodnictwo\/wp-content\/uploads\/sites\/6\/2023\/03\/MOR-S2_4-Statystyka-i-doswiadczalnictwo.pdf\">MOR S2_4 Statystyka i&nbsp;do\u015bwiadczalnictwo<\/a><\/li>\n<li><a href=\"https:\/\/up.lublin.pl\/ogrodnictwo\/wp-content\/uploads\/sites\/6\/2023\/03\/MOR-S2_5.1-Bioetyka-w-ochronie-roslin.pdf\">MOR S2_5.1 Bioetyka w&nbsp;ochronie ro\u015blin<\/a><\/li>\n<li><a href=\"https:\/\/up.lublin.pl\/ogrodnictwo\/wp-content\/uploads\/sites\/6\/2023\/03\/MOR-S2_5.2-Owady-w-historii-i-kulturze-narodow.pdf\">MOR S2_5.2 Owady w&nbsp;historii i&nbsp;kulturze narod\u00f3w<\/a><\/li>\n<li><a href=\"https:\/\/up.lublin.pl\/ogrodnictwo\/wp-content\/uploads\/sites\/6\/2023\/03\/MOR-S2_6-Choroby-metaboliczno-fizjologiczne.pdf\">MOR S2_6 Choroby metaboliczno-fizjologiczne<\/a><\/li>\n<li><a href=\"https:\/\/up.lublin.pl\/ogrodnictwo\/wp-content\/uploads\/sites\/6\/2023\/03\/MOR-S2_7.1-Entomologia-sanitarna.pdf\">MOR S2_7.1 Entomologia sanitarna<\/a><\/li>\n<li><a href=\"https:\/\/up.lublin.pl\/ogrodnictwo\/wp-content\/uploads\/sites\/6\/2023\/03\/MOR-S2_7.2-Ochrona-owadow.pdf\">MOR S2_7.2 Ochrona owad\u00f3w<\/a><\/li>\n<li><a href=\"https:\/\/up.lublin.pl\/ogrodnictwo\/wp-content\/uploads\/sites\/6\/2023\/03\/MOR-S2_7.3-Sanitary-entomology.pdf\">MOR S2_7.3 Sanitary entomology<\/a><\/li>\n<li><a href=\"https:\/\/up.lublin.pl\/ogrodnictwo\/wp-content\/uploads\/sites\/6\/2023\/03\/MOR-S2_8.1-Zywienie-roslin-a-ich-odpornosc-dzienne.pdf\">MOR S2_8.1 \u017bywienie ro\u015blin a&nbsp;ich odporno\u015b\u0107 &#8211; dzienne<\/a><\/li>\n<li><a href=\"https:\/\/up.lublin.pl\/ogrodnictwo\/wp-content\/uploads\/sites\/6\/2023\/03\/MOR-S2_8.2-Rolnictwo-zrownowazone.pdf\">MOR S2_8.2 Rolnictwo zr\u00f3wnowa\u017cone<\/a><\/li>\n<li><a href=\"https:\/\/up.lublin.pl\/ogrodnictwo\/wp-content\/uploads\/sites\/6\/2023\/03\/MOR-S2_9-Metodologia-doswiadczalnictwa.pdf\">MOR S2_9 Metodologia do\u015bwiadczalnictwa<\/a><\/li>\n<li><a href=\"https:\/\/up.lublin.pl\/ogrodnictwo\/wp-content\/uploads\/sites\/6\/2023\/03\/MOR-S2_10-Genetyka-odpornosci-roslin.pdf\">MOR S2_10 Genetyka odporno\u015bci ro\u015blin<\/a><\/li>\n<li><a href=\"https:\/\/up.lublin.pl\/ogrodnictwo\/wp-content\/uploads\/sites\/6\/2023\/03\/MOR-S2_11-Organizacja-kontroli-fitosanitarnej.pdf\">MOR S2_11 Organizacja kontroli fitosanitarnej<\/a><\/li>\n<li><a href=\"https:\/\/up.lublin.pl\/ogrodnictwo\/wp-content\/uploads\/sites\/6\/2023\/03\/MOR-S2_12-Ochrona-upraw-przed-chwastami.pdf\">MOR S2_12 Ochrona upraw przed chwastami<\/a><\/li>\n<\/ul>\n                                                <\/div>\n                                            <\/li>\n                                        <\/ul>\n\t\t\t\t\t\t                                                        <ul class=\"mn-accordion\">\n                                            <li>\n                                                <h4 class=\"mn-accordion-title\">SEMESTR II<\/h4>\n                                                <div>\n\t\t\t\t\t\t\t\t\t                <ul>\n<li><a href=\"https:\/\/up.lublin.pl\/ogrodnictwo\/wp-content\/uploads\/sites\/6\/2023\/03\/MOR-S2_13-Mechanizmy-odpornosci-roslin-na-agrofagi.pdf\">MOR S2_13 Mechanizmy odporno\u015bci ro\u015blin na agrofagi<\/a><\/li>\n<li><a href=\"https:\/\/up.lublin.pl\/ogrodnictwo\/wp-content\/uploads\/sites\/6\/2023\/03\/MOR-S2_14-Mechanizmy-odpornosci-agrofagow-na-pestycydy.pdf\">MOR S2_14 Mechanizmy odporno\u015bci agrofag\u00f3w na pestycydy<\/a><\/li>\n<li><a href=\"https:\/\/up.lublin.pl\/ogrodnictwo\/wp-content\/uploads\/sites\/6\/2023\/03\/MOR-S2_15-Ekologia-szkodnikow.pdf\">MOR S2_15 Ekologia szkodnik\u00f3w<\/a><\/li>\n<li><a href=\"https:\/\/up.lublin.pl\/ogrodnictwo\/wp-content\/uploads\/sites\/6\/2023\/03\/MOR-S2_16-Ochrona-roslin-przed-nikorzystnymi-zjawiskam-pogodowymi.pdf\">MOR S2_16 Ochrona ro\u015blin przed niekorzystnymi zjawiskami pogodowymi<\/a><\/li>\n<li><a href=\"https:\/\/up.lublin.pl\/ogrodnictwo\/wp-content\/uploads\/sites\/6\/2023\/03\/MOR-S2_17-Ekologia-mikroorganizmow-2.pdf\">MOR S2_17 Ekologia mikroorganizm\u00f3w<\/a><\/li>\n<li><a href=\"https:\/\/up.lublin.pl\/ogrodnictwo\/wp-content\/uploads\/sites\/6\/2023\/03\/MOR-S2_18-Zrownowazona-ochrona-roslin.pdf\">MOR S2_18 Zr\u00f3wnowa\u017cona ochrona ro\u015blin<\/a><\/li>\n<li><a href=\"https:\/\/up.lublin.pl\/ogrodnictwo\/wp-content\/uploads\/sites\/6\/2023\/03\/MOR-S2_19.1-Prowadzenie-dzialalnosci-gospodarczej.pdf\">MOR S2_19.1 Prowadzenie dzia\u0142alno\u015bci gospodarczej<\/a><\/li>\n<li><a href=\"https:\/\/up.lublin.pl\/ogrodnictwo\/wp-content\/uploads\/sites\/6\/2023\/03\/MOR-S2_19.2-Zasady-i-techniki-pracy-doradcy.pdf\">MOR S2_19.2 Zasady i&nbsp;techniki pracy doradcy<\/a><\/li>\n<li><a href=\"https:\/\/up.lublin.pl\/ogrodnictwo\/wp-content\/uploads\/sites\/6\/2023\/03\/MOR-S2_20.1-Grzyby-nadrzewne-i-ich-znaczenia.pdf\">MOR S2_20.1 Grzyby nadrzewne i&nbsp;ich znaczenia<\/a><\/li>\n<li><a href=\"https:\/\/up.lublin.pl\/ogrodnictwo\/wp-content\/uploads\/sites\/6\/2023\/03\/MOR-S2_20.2-Mykobiotechnologia.pdf\">MOR S2_20.2 Mykobiotechnologia<\/a><\/li>\n<li><a href=\"https:\/\/up.lublin.pl\/ogrodnictwo\/wp-content\/uploads\/sites\/6\/2023\/03\/MOR-S2_21.1-Mycotoxins.pdf\">MOR S2_21.1 Mycotoxins<\/a><\/li>\n<li><a href=\"https:\/\/up.lublin.pl\/ogrodnictwo\/wp-content\/uploads\/sites\/6\/2023\/03\/MOR-S2_21.2.-Organizmy-pozyteczne.pdf\">MOR S2_21.2. Organizmy po\u017cyteczne<\/a><\/li>\n<li><a href=\"https:\/\/up.lublin.pl\/ogrodnictwo\/wp-content\/uploads\/sites\/6\/2023\/03\/MOR-S2_21.3-Consulting-in-plant-protection.pdf\">MOR S2_21.3 Consulting in plant protection<\/a><\/li>\n<li><a href=\"https:\/\/up.lublin.pl\/ogrodnictwo\/wp-content\/uploads\/sites\/6\/2023\/03\/MOR-S2_22-Prawo-w-ochronie-roslin.pdf\">MOR S2_22 Prawo w&nbsp;ochronie ro\u015blin<\/a><\/li>\n<li><a href=\"https:\/\/up.lublin.pl\/ogrodnictwo\/wp-content\/uploads\/sites\/6\/2023\/03\/MOR-S2_23-Ekotoksykologia-pestycydow.pdf\">MOR S2_23 Ekotoksykologia pestycyd\u00f3w<\/a><\/li>\n<li><a href=\"https:\/\/up.lublin.pl\/ogrodnictwo\/wp-content\/uploads\/sites\/6\/2023\/03\/MOR-S2_24-Seminarium-dyplomowe-1-skrot.pdf\">MOR S2_24 Seminarium dyplomowe 1<\/a><\/li>\n<\/ul>\n                                                <\/div>\n                                            <\/li>\n                                        <\/ul>\n\t\t\t\t\t\t                                                        <ul class=\"mn-accordion\">\n                                            <li>\n                                                <h4 class=\"mn-accordion-title\">SEMESTR III<\/h4>\n                                                <div>\n\t\t\t\t\t\t\t\t\t                <ul>\n<li><a href=\"https:\/\/up.lublin.pl\/ogrodnictwo\/wp-content\/uploads\/sites\/6\/2023\/03\/MOR-S2_25-Monitoring-patogenow-i-szkodnikow.pdf\">MOR S2_25 Monitoring patogen\u00f3w i&nbsp;szkodnik\u00f3w<\/a><\/li>\n<li><a href=\"https:\/\/up.lublin.pl\/ogrodnictwo\/wp-content\/uploads\/sites\/6\/2023\/03\/MOR-S2_26.1-Coaching.pdf\">MOR S2_26.1 Coaching<\/a><\/li>\n<li><a href=\"https:\/\/up.lublin.pl\/ogrodnictwo\/wp-content\/uploads\/sites\/6\/2023\/03\/MOR-S2_26.2-Pozyskiwanie-funduszy-UE-na-przedsiewziecia.pdf\">MOR S2_26.2 Pozyskiwanie funduszy UE na przedsi\u0119wzi\u0119cia<\/a><\/li>\n<li><a href=\"https:\/\/up.lublin.pl\/ogrodnictwo\/wp-content\/uploads\/sites\/6\/2023\/03\/MOR-S2_27.1-Szkodniki-przechowywanych-surowcow-roslinnych.pdf\">MOR S2_27.1 Szkodniki przechowywanych surowc\u00f3w ro\u015blinnych<\/a><\/li>\n<li><a href=\"https:\/\/up.lublin.pl\/ogrodnictwo\/wp-content\/uploads\/sites\/6\/2023\/03\/MOR-S2_27.2-Szkodniki-upraw-maloobszarowych.pdf\">MOR S2_27.2 Szkodniki upraw ma\u0142oobszarowych<\/a><\/li>\n<li><a href=\"https:\/\/up.lublin.pl\/ogrodnictwo\/wp-content\/uploads\/sites\/6\/2023\/03\/MOR-S2_27.3-GMO-w-ochronie-roslin.pdf\">MOR S2_27.3 GMO w&nbsp;ochronie ro\u015blin<\/a><\/li>\n<li><a href=\"https:\/\/up.lublin.pl\/ogrodnictwo\/wp-content\/uploads\/sites\/6\/2023\/03\/MOR-S2_28.1-Ochrona-roslin-przemyslowych.pdf\">MOR S2_28.1 Ochrona ro\u015blin przemys\u0142owych<\/a><\/li>\n<li><a href=\"https:\/\/up.lublin.pl\/ogrodnictwo\/wp-content\/uploads\/sites\/6\/2023\/03\/MOR-S2_28.2Ochrona-upraw-ekologicznych.pdf\">MOR S2_28.2Ochrona upraw ekologicznych<\/a><\/li>\n<li><a href=\"https:\/\/up.lublin.pl\/ogrodnictwo\/wp-content\/uploads\/sites\/6\/2023\/03\/MOR-S2_28.3-Communities-of-insects.pdf\">MOR S2_28.3 Communities of insects<\/a><\/li>\n<li><a href=\"https:\/\/up.lublin.pl\/ogrodnictwo\/wp-content\/uploads\/sites\/6\/2023\/03\/MOR-S2_29-Seminarium-dyplomowe-2.pdf\">MOR S2_29 Seminarium dyplomowe 2<\/a><\/li>\n<li><a href=\"https:\/\/up.lublin.pl\/ogrodnictwo\/wp-content\/uploads\/sites\/6\/2023\/03\/MOR-S2_30-Praca-dyplomowa-i-egzamin-dyplomowy.pdf\">MOR S2_30 Praca dyplomowa i&nbsp;egzamin dyplomowy<\/a><\/li>\n<\/ul>\n                                                <\/div>\n                                            <\/li>\n                                        <\/ul>\n\t\t\t\t\t\t                                <\/div>\n\t\t\t\t                <div class=\"mn-content-block\">\n\t                                <\/div>\n\t\t\t\t                <div class=\"mn-content-block\">\n\t                                <\/div>\n\t\t\t\t                <div class=\"mn-content-block\">\n\t                                <\/div>\n\t\t\t\t                <div class=\"mn-content-block\">\n\t                                <\/div>\n\t\t\t\t                <div class=\"mn-content-block\">\n\t                                <\/div>\n\t\t\t\t                <div class=\"mn-content-block\">\n\t                                <\/div>\n\t\t\t\t                <div class=\"mn-content-block\">\n\t                                <\/div>\n\t\t\t\t                <div class=\"mn-content-block\">\n\t                                <\/div>\n\t\t\t\t                <div class=\"mn-content-block\">\n\t                                <\/div>\n\t\t\t\t                <div class=\"mn-content-block\">\n\t                                <\/div>\n\t\t\t\t                <div class=\"mn-content-block\">\n\t                                <\/div>\n\t\t\t\t                <div class=\"mn-content-block\">\n\t                                <\/div>\n\t\t\t\t                <div class=\"mn-content-block\">\n\t                                <\/div>\n\t\t\t\t                <div class=\"mn-content-block\">\n\t                                <\/div>\n\t\t\t\t                <div class=\"mn-content-block\">\n\t                                <\/div>\n\t\t\t\t                <div class=\"mn-content-block\">\n\t                                <\/div>\n\t\t\t\t                <div class=\"mn-content-block\">\n\t                                <\/div>\n\t\t\t\t                <div class=\"mn-content-block\">\n\t                                <\/div>\n\t\t\t\t                <div class=\"mn-content-block\">\n\t                                <\/div>\n\t\t\t\t\t\t<\/div>\n\t<\/div>\n<\/section>\n\t\t<\/div>\n\t\t\t\t<\/div>\n\t\t\t\t\t\t<\/div>\n\t\t\t\t\t<\/div>\n\t\t<\/div>\n\t\t\t\t\t\t\t\t<\/div>\n\t\t\t\t\t<\/div>\n\t\t<\/section>\n\t\t\t\t\t\t<\/div>\n\t\t\t\t\t\t<\/div>\n\t\t\t\t\t<\/div>\n\t\t","protected":false},"excerpt":{"rendered":"<p>\u2190 powr\u00f3t \u00a0 Ochrona Ro\u015blin i&nbsp;Kontrola Fitosanitarna &#8211; Studia Stacjonarne II st. 2021-2022 SEMESTR I MOR S2_1.1 J\u0119zyk angielski MOR S2_1.2 J\u0119zyk francuski MOR S2_1.3 J\u0119zyk niemiecki MOR S2_1.4 J\u0119zyk rosyjski MOR S2_2 Identyfikacja czynnik\u00f3w infekcyjnych MOR S2_3 Identyfikacja szkodnik\u00f3w ro\u015blin MOR S2_4 Statystyka i&nbsp;do\u015bwiadczalnictwo MOR S2_5.1 Bioetyka w&nbsp;ochronie ro\u015blin MOR S2_5.2 Owady w&nbsp;historii i&nbsp;kulturze [&hellip;]<\/p>\n","protected":false},"author":279,"featured_media":0,"parent":0,"menu_order":0,"comment_status":"closed","ping_status":"closed","template":"elementor_header_footer","meta":{"_monsterinsights_skip_tracking":false,"_monsterinsights_sitenote_active":false,"_monsterinsights_sitenote_note":"","_monsterinsights_sitenote_category":0},"_links":{"self":[{"href":"https:\/\/up.lublin.pl\/ogrodnictwo\/wp-json\/wp\/v2\/pages\/165254"}],"collection":[{"href":"https:\/\/up.lublin.pl\/ogrodnictwo\/wp-json\/wp\/v2\/pages"}],"about":[{"href":"https:\/\/up.lublin.pl\/ogrodnictwo\/wp-json\/wp\/v2\/types\/page"}],"author":[{"embeddable":true,"href":"https:\/\/up.lublin.pl\/ogrodnictwo\/wp-json\/wp\/v2\/users\/279"}],"replies":[{"embeddable":true,"href":"https:\/\/up.lublin.pl\/ogrodnictwo\/wp-json\/wp\/v2\/comments?post=165254"}],"version-history":[{"count":13,"href":"https:\/\/up.lublin.pl\/ogrodnictwo\/wp-json\/wp\/v2\/pages\/165254\/revisions"}],"predecessor-version":[{"id":165461,"href":"https:\/\/up.lublin.pl\/ogrodnictwo\/wp-json\/wp\/v2\/pages\/165254\/revisions\/165461"}],"wp:attachment":[{"href":"https:\/\/up.lublin.pl\/ogrodnictwo\/wp-json\/wp\/v2\/media?parent=165254"}],"curies":[{"name":"wp","href":"https:\/\/api.w.org\/{rel}","templated":true}]}}