{"id":162847,"date":"2023-02-20T17:57:47","date_gmt":"2023-02-20T16:57:47","guid":{"rendered":"https:\/\/up.lublin.pl\/ogrodnictwo\/?page_id=162847"},"modified":"2023-03-14T09:20:47","modified_gmt":"2023-03-14T08:20:47","slug":"zielarstwo-i-fitoprodukty-studia-stacjonarne-i-st-2020-2021","status":"publish","type":"page","link":"https:\/\/up.lublin.pl\/ogrodnictwo\/zielarstwo-i-fitoprodukty-studia-stacjonarne-i-st-2020-2021\/","title":{"rendered":"Zielarstwo i fitoprodukty \u2013 Studia Stacjonarne I st. 2020-2021"},"content":{"rendered":"\t\t<div data-elementor-type=\"wp-page\" data-elementor-id=\"162847\" class=\"elementor elementor-162847\" data-elementor-settings=\"[]\">\n\t\t\t\t\t\t<div class=\"elementor-inner\">\n\t\t\t\t\t\t\t<div class=\"elementor-section-wrap\">\n\t\t\t\t\t\t\t<section class=\"elementor-section elementor-top-section elementor-element elementor-element-49a34bba elementor-section-boxed elementor-section-height-default elementor-section-height-default\" data-id=\"49a34bba\" data-element_type=\"section\">\n\t\t\t\t\t\t<div class=\"elementor-container elementor-column-gap-default\">\n\t\t\t\t\t\t\t<div class=\"elementor-row\">\n\t\t\t\t\t<div class=\"elementor-column elementor-col-100 elementor-top-column elementor-element elementor-element-1a38838c\" data-id=\"1a38838c\" data-element_type=\"column\">\n\t\t\t<div class=\"elementor-column-wrap elementor-element-populated\">\n\t\t\t\t\t\t\t<div class=\"elementor-widget-wrap\">\n\t\t\t\t\t\t<div class=\"elementor-element elementor-element-5d7fab7e elementor-widget elementor-widget-m5c\" data-id=\"5d7fab7e\" data-element_type=\"widget\" data-widget_type=\"m5c.default\">\n\t\t\t\t<div class=\"elementor-widget-container\">\n\t\t\t<section class=\"mn-m5-c mn-m5-d2 mn-bg-white\">\n\t<div class=\"mn-grid\">\n\t\t\t\t<div class=\"mn-content mn-grid-9\">\n\t\t\t                <div class=\"mn-content-block active\">\n\t                                                        <div class=\"block-text\">\n\t                                        <h5><a href=\"https:\/\/up.lublin.pl\/ogrodnictwo\/ksztalcenie\/#opisy_sylabus%C3%B3w\">\u2190 powr\u00f3t<\/a><\/p>\n<\/h5>\n<h2 style=\"text-align: center\"><span style=\"font-size: 28px\">Zielarstwo i&nbsp;fitoprodukty &#8211; Studia Stacjonarne I&nbsp;st. 2020-2021<\/span><\/h2>\n                                        <\/div>\n\t\t\t\t\t\t                                                        <ul class=\"mn-accordion\">\n                                            <li>\n                                                <h4 class=\"mn-accordion-title\">SEMESTR I<\/h4>\n                                                <div>\n\t\t\t\t\t\t\t\t\t                <ul>\n<li><a href=\"https:\/\/up.lublin.pl\/ogrodnictwo\/wp-content\/uploads\/sites\/6\/2023\/02\/ZF-S1_1-Wychowanie-fizyczne-1.-1.pdf\">ZF S1_1 Wychowanie fizyczne 1.<\/a><\/li>\n<li><a href=\"https:\/\/up.lublin.pl\/ogrodnictwo\/wp-content\/uploads\/sites\/6\/2023\/02\/ZF-S1_2-Botanika-z-z-elementami-fitosocjologii-1.pdf\">ZF S1_2 Botanika z&nbsp;z elementami fitosocjologii<\/a><\/li>\n<li><a href=\"https:\/\/up.lublin.pl\/ogrodnictwo\/wp-content\/uploads\/sites\/6\/2023\/02\/ZF-S1_3-Chemia-ogolna-i-organiczn-1.pdf\">ZF S1_3 Chemia og\u00f3lna i&nbsp;organiczna<\/a><\/li>\n<li><a href=\"https:\/\/up.lublin.pl\/ogrodnictwo\/wp-content\/uploads\/sites\/6\/2023\/02\/ZF-S1_4-Uprawa-roli-i-nawozenie-1.pdf\">ZF S1_4 Uprawa roli i&nbsp;nawo\u017cenie<\/a><\/li>\n<li><a href=\"https:\/\/up.lublin.pl\/ogrodnictwo\/wp-content\/uploads\/sites\/6\/2023\/03\/ZF-S1_5-Analityka-laboratoryjna-1.pdf\">ZF S1_5 Analityka laboratoryjna<\/a><\/li>\n<li><a href=\"https:\/\/up.lublin.pl\/ogrodnictwo\/wp-content\/uploads\/sites\/6\/2023\/02\/ZF-S1_6-Technologie-informacyjne-1.pdf\">ZF S1_6 Technologie informacyjne<\/a><\/li>\n<li><a href=\"https:\/\/up.lublin.pl\/ogrodnictwo\/wp-content\/uploads\/sites\/6\/2023\/02\/ZF-S1_7-BHP-z-ergonomia-1.pdf\">ZF S1_7 BHP z&nbsp;ergonomi\u0105<\/a><\/li>\n<li><a href=\"https:\/\/up.lublin.pl\/ogrodnictwo\/wp-content\/uploads\/sites\/6\/2023\/02\/ZF-S1_8A-Historia-zielarstwa-1.pdf\">ZF S1_8A Historia zielarstwa<\/a><\/li>\n<li><a href=\"https:\/\/up.lublin.pl\/ogrodnictwo\/wp-content\/uploads\/sites\/6\/2023\/02\/ZF-S1_8B-Etyka-1.pdf\">ZF S1_8B Etyka<\/a><\/li>\n<li><a href=\"https:\/\/up.lublin.pl\/ogrodnictwo\/wp-content\/uploads\/sites\/6\/2023\/02\/ZF-S1_9-Podstawy-prawa-i-ochrona-wlasnosci-intelektualnej-1.pdf\">ZF S1_9 Podstawy prawa i&nbsp;ochrona w\u0142asno\u015bci intelektualnej<\/a><\/li>\n<\/ul>\n                                                <\/div>\n                                            <\/li>\n                                        <\/ul>\n\t\t\t\t\t\t                                                        <ul class=\"mn-accordion\">\n                                            <li>\n                                                <h4 class=\"mn-accordion-title\">SEMESTR II<\/h4>\n                                                <div>\n\t\t\t\t\t\t\t\t\t                <ul>\n<li><a href=\"https:\/\/up.lublin.pl\/ogrodnictwo\/wp-content\/uploads\/sites\/6\/2023\/03\/ZF-S1_10A-Jezyk-obcy-1-Angielski-B2.pdf\">ZF S1_10A J\u0119zyk obcy 1-Angielski B2<\/a><\/li>\n<li><a href=\"https:\/\/up.lublin.pl\/ogrodnictwo\/wp-content\/uploads\/sites\/6\/2023\/03\/ZF-S1_10B-Jezyk-obcy-1-Francuski-B2.pdf\">ZF S1_10B J\u0119zyk obcy 1- Francuski B2<\/a><\/li>\n<li><a href=\"https:\/\/up.lublin.pl\/ogrodnictwo\/wp-content\/uploads\/sites\/6\/2023\/03\/ZF-S1_10C-Jezyk-obcy-1-Niemiecki-B2.pdf\">ZF S1_10C J\u0119zyk obcy 1- Niemiecki B2<\/a><\/li>\n<li><a href=\"https:\/\/up.lublin.pl\/ogrodnictwo\/wp-content\/uploads\/sites\/6\/2023\/03\/ZF-S1_10D-Jezyk-obcy-1-Rosyjski-B2.pdf\">ZF S1_10D J\u0119zyk obcy 1- Rosyjski B2<\/a><\/li>\n<li><a href=\"https:\/\/up.lublin.pl\/ogrodnictwo\/wp-content\/uploads\/sites\/6\/2023\/02\/ZF-S1_11-Wychowanie-fizyczne-2-1.pdf\">ZF S1_11 Wychowanie fizyczne 2<\/a><\/li>\n<li><a href=\"https:\/\/up.lublin.pl\/ogrodnictwo\/wp-content\/uploads\/sites\/6\/2023\/02\/ZF-S1_12-Zielarstwo-ogolne-1.pdf\">ZF S1_12 Zielarstwo og\u00f3lne<\/a><\/li>\n<li><a href=\"https:\/\/up.lublin.pl\/ogrodnictwo\/wp-content\/uploads\/sites\/6\/2023\/02\/ZF-S1_13-Biochemia.pdf\">ZF S1_13 Biochemia<\/a><\/li>\n<li><a href=\"https:\/\/up.lublin.pl\/ogrodnictwo\/wp-content\/uploads\/sites\/6\/2023\/02\/ZF-S1_14-Fizjologia-roslin-1.pdf\">ZF S1_14 Fizjologia ro\u015blin<\/a><\/li>\n<li><a href=\"https:\/\/up.lublin.pl\/ogrodnictwo\/wp-content\/uploads\/sites\/6\/2023\/02\/ZF-S1_15-Substancje-bioaktywne-1.pdf\">ZF S1_15 Substancje bioaktywne<\/a><\/li>\n<li><a href=\"https:\/\/up.lublin.pl\/ogrodnictwo\/wp-content\/uploads\/sites\/6\/2023\/02\/ZF-S1_16-Surowce-ze-stanu-naturalnego-1.pdf\">ZF S1_16 Surowce ze stanu naturalnego<\/a><\/li>\n<li><a href=\"https:\/\/up.lublin.pl\/ogrodnictwo\/wp-content\/uploads\/sites\/6\/2023\/02\/ZF-S1_17A-Filozofia-1.pdf\">ZF S1_17A Filozofia<\/a><\/li>\n<li><a href=\"https:\/\/up.lublin.pl\/ogrodnictwo\/wp-content\/uploads\/sites\/6\/2023\/02\/ZF-S1_17B-Ekonomia-1.pdf\">ZF S1_17B Ekonomia<\/a><\/li>\n<\/ul>\n                                                <\/div>\n                                            <\/li>\n                                        <\/ul>\n\t\t\t\t\t\t                                                        <ul class=\"mn-accordion\">\n                                            <li>\n                                                <h4 class=\"mn-accordion-title\">SEMESTR III<\/h4>\n                                                <div>\n\t\t\t\t\t\t\t\t\t                <ul>\n<li><a href=\"https:\/\/up.lublin.pl\/ogrodnictwo\/wp-content\/uploads\/sites\/6\/2023\/03\/ZF-S1_18A-Jezyk-obcy-2-Angielski-B2.pdf\">ZF S1_18A J\u0119zyk obcy 2- Angielski B2<\/a><\/li>\n<li><a href=\"https:\/\/up.lublin.pl\/ogrodnictwo\/wp-content\/uploads\/sites\/6\/2023\/03\/ZF-S1_18B-Jezyk-obcy-2-Francuski-B2-1.pdf\">ZF S1_18B J\u0119zyk obcy 2- Francuski B2<\/a><\/li>\n<li><a href=\"https:\/\/up.lublin.pl\/ogrodnictwo\/wp-content\/uploads\/sites\/6\/2023\/03\/ZF-S1_18C-Jezyk-obcy-2-Niemiecki-B2-1.pdf\">ZF S1_18C J\u0119zyk obcy 2- Niemiecki B2<\/a><\/li>\n<li><a href=\"https:\/\/up.lublin.pl\/ogrodnictwo\/wp-content\/uploads\/sites\/6\/2023\/03\/ZF-S1_18D-Jezyk-obcy-2-Rosyjski-B2-1.pdf\">ZF S1_18D J\u0119zyk obcy 2- Rosyjski B2<\/a><\/li>\n<li><a href=\"https:\/\/up.lublin.pl\/ogrodnictwo\/wp-content\/uploads\/sites\/6\/2023\/02\/ZF-S1_19-Anatomia-i-fizjologia-czlowieka-1.pdf\">ZF S1_19 Anatomia i&nbsp;fizjologia cz\u0142owieka<\/a><\/li>\n<li><a href=\"https:\/\/up.lublin.pl\/ogrodnictwo\/wp-content\/uploads\/sites\/6\/2023\/02\/ZF-S1_20-Genetyka-i-hodowla-roslin-zielarskich-1.pdf\">ZF S1_20 Genetyka i&nbsp;hodowla ro\u015blin zielarskich<\/a><\/li>\n<li><a href=\"https:\/\/up.lublin.pl\/ogrodnictwo\/wp-content\/uploads\/sites\/6\/2023\/02\/ZF-S1_21-Fitopatologia-zielarska-1.pdf\">ZF S1_21 Fitopatologia zielarska<\/a><\/li>\n<li><a href=\"https:\/\/up.lublin.pl\/ogrodnictwo\/wp-content\/uploads\/sites\/6\/2023\/02\/ZF-S1_22-Zielarstwo-szczegolowe-1-1.pdf\">ZF S1_22 Zielarstwo szczeg\u00f3\u0142owe 1<\/a><\/li>\n<li><a href=\"https:\/\/up.lublin.pl\/ogrodnictwo\/wp-content\/uploads\/sites\/6\/2023\/03\/ZF-S1_23-Herbologia-zielarska.pdf\">ZF S1_23 Herbologia zielarska<\/a><\/li>\n<li><a href=\"https:\/\/up.lublin.pl\/ogrodnictwo\/wp-content\/uploads\/sites\/6\/2023\/02\/ZF-S1_24A-Zywienie-roslin-zielarskich-1-1.pdf\">ZF S1_24A \u017bywienie ro\u015blin zielarskich<\/a><\/li>\n<li><a href=\"https:\/\/up.lublin.pl\/ogrodnictwo\/wp-content\/uploads\/sites\/6\/2023\/02\/ZF-S1_24B-Diagnostyka-potrzeb-nawozowych-1.pdf\">ZF S1_24B Diagnostyka potrzeb nawozowych<\/a><\/li>\n<\/ul>\n                                                <\/div>\n                                            <\/li>\n                                        <\/ul>\n\t\t\t\t\t\t                                                        <ul class=\"mn-accordion\">\n                                            <li>\n                                                <h4 class=\"mn-accordion-title\">SEMESTR IV<\/h4>\n                                                <div>\n\t\t\t\t\t\t\t\t\t                <ul>\n<li><a href=\"https:\/\/up.lublin.pl\/ogrodnictwo\/wp-content\/uploads\/sites\/6\/2023\/03\/ZF-S1_25A-Jezyk-obcy-3-Angielski-B2.pdf\">ZF S1_25A J\u0119zyk obcy 3- Angielski B2<\/a><\/li>\n<li><a href=\"https:\/\/up.lublin.pl\/ogrodnictwo\/wp-content\/uploads\/sites\/6\/2023\/03\/ZF-S1_25B-Jezyk-obcy-3-Francuski-B2.pdf\">ZF S1_25B J\u0119zyk obcy 3- Francuski B2<\/a><\/li>\n<li><a href=\"https:\/\/up.lublin.pl\/ogrodnictwo\/wp-content\/uploads\/sites\/6\/2023\/03\/ZF-S1_25C-Jezyk-obcy-3-Niemiecki-B2.pdf\">ZF S1_25C J\u0119zyk obcy 3- Niemiecki B2<\/a><\/li>\n<li><a href=\"https:\/\/up.lublin.pl\/ogrodnictwo\/wp-content\/uploads\/sites\/6\/2023\/03\/ZF-S1_25D-Jezyk-obcy-3-Rosyjski-B2-2.pdf\">ZF S1_25D J\u0119zyk obcy 3- Rosyjski B2<\/a><\/li>\n<li><a href=\"https:\/\/up.lublin.pl\/ogrodnictwo\/wp-content\/uploads\/sites\/6\/2023\/02\/ZF-S1_26-Ratownictwo-medyczne-1.pdf\">ZF S1_26 Ratownictwo medyczne<\/a><\/li>\n<li><a href=\"https:\/\/up.lublin.pl\/ogrodnictwo\/wp-content\/uploads\/sites\/6\/2023\/03\/ZF-S1_27-Zielarstwo-szczego\u0301lowe-2.pdf\">ZF S1_27 Zielarstwo szczego\u0301\u0142owe 2<\/a><\/li>\n<li><a href=\"https:\/\/up.lublin.pl\/ogrodnictwo\/wp-content\/uploads\/sites\/6\/2023\/02\/ZF-S1_28-Entomologia-zielarska.pdf\">ZF S1_28 Entomologia zielarska<\/a><\/li>\n<li><a href=\"https:\/\/up.lublin.pl\/ogrodnictwo\/wp-content\/uploads\/sites\/6\/2023\/02\/ZF-S1_29-Szkolkarstwo-i-nasiennictwo-zielarskich-1.pdf\">ZF S1_29 Szk\u00f3\u0142karstwo i&nbsp;nasiennictwo zielarskie<\/a><\/li>\n<li><a href=\"https:\/\/up.lublin.pl\/ogrodnictwo\/wp-content\/uploads\/sites\/6\/2023\/02\/ZF-S1_30-Farmakognozja-1.pdf\">ZF S1_30 Farmakognozja<\/a><\/li>\n<li><a href=\"https:\/\/up.lublin.pl\/ogrodnictwo\/wp-content\/uploads\/sites\/6\/2023\/02\/ZF-S1_31A-Prozdrowotne-wlasciwosci-warzyw-rozszerzony-i-skrocony-1.pdf\">ZF S1_31A Prozdrowotne w\u0142a\u015bciwo\u015bci warzyw<\/a><\/li>\n<li><a href=\"https:\/\/up.lublin.pl\/ogrodnictwo\/wp-content\/uploads\/sites\/6\/2023\/02\/ZF-S1_31B-Uprawa-krzewow-jagodowych-1.pdf\">ZF S1_31B Uprawa krzew\u00f3w jagodowych<\/a><\/li>\n<\/ul>\n                                                <\/div>\n                                            <\/li>\n                                        <\/ul>\n\t\t\t\t\t\t                                                        <ul class=\"mn-accordion\">\n                                            <li>\n                                                <h4 class=\"mn-accordion-title\">SEMESTR V<\/h4>\n                                                <div>\n\t\t\t\t\t\t\t\t\t                <ul>\n<li><a href=\"https:\/\/up.lublin.pl\/ogrodnictwo\/wp-content\/uploads\/sites\/6\/2023\/02\/ZF-S1_32-Ochrona-roslin-zielarskich-1.pdf\">ZF S1_32 Ochrona ro\u015blin zielarskich<\/a><\/li>\n<li><a href=\"https:\/\/up.lublin.pl\/ogrodnictwo\/wp-content\/uploads\/sites\/6\/2023\/02\/ZF-S1_33A-Konserwacja-surowcow-zielarskich-1.pdf\">ZF S1_33A Konserwacja surowc\u00f3w zielarskich<\/a><\/li>\n<li><a href=\"https:\/\/up.lublin.pl\/ogrodnictwo\/wp-content\/uploads\/sites\/6\/2023\/02\/ZF-S1_33B-Przechowalnictwo-zielarskie-1.pdf\">ZF S1_33B Przechowalnictwo zielarskie<\/a><\/li>\n<li><a href=\"https:\/\/up.lublin.pl\/ogrodnictwo\/wp-content\/uploads\/sites\/6\/2023\/02\/ZF-S1_34A-Standaryzacja-surowcow-zielarskich-1.pdf\">ZF S1_34A Standaryzacja surowc\u00f3w zielarskich<\/a><\/li>\n<li><a href=\"https:\/\/up.lublin.pl\/ogrodnictwo\/wp-content\/uploads\/sites\/6\/2023\/02\/ZF-S1_34B-Ocena-jakosci-fitoproduktow.pdf\">ZF S1_34B Ocena jako\u015bci fitoprodukt\u00f3w<\/a><\/li>\n<li><a href=\"https:\/\/up.lublin.pl\/ogrodnictwo\/wp-content\/uploads\/sites\/6\/2023\/02\/ZF-S1_35-Dietetyka-i-zywienie-czlowieka-.pdf\">ZF S1_35 Dietetyka i&nbsp;\u017cywienie czlowieka<\/a><\/li>\n<li><a href=\"https:\/\/up.lublin.pl\/ogrodnictwo\/wp-content\/uploads\/sites\/6\/2023\/02\/ZF-S1_36A-Przyprawy-krajowe-i-egzotyczne-1.pdf\">ZF S1_36A Przyprawy krajowe i&nbsp;egzotyczne<\/a><\/li>\n<li><a href=\"https:\/\/up.lublin.pl\/ogrodnictwo\/wp-content\/uploads\/sites\/6\/2023\/02\/ZF-S1_36B-Grzyby-jadalne-1.pdf\">ZF S1_36B Grzyby jadalne<\/a><\/li>\n<li><a href=\"https:\/\/up.lublin.pl\/ogrodnictwo\/wp-content\/uploads\/sites\/6\/2023\/03\/ZF-S1_37A-Analiza-chemiczna-surowcow-zielarskich.pdf\">ZF S1_37A Analiza chemiczna surowc\u00f3w zielarskich<\/a><\/li>\n<li><a href=\"https:\/\/up.lublin.pl\/ogrodnictwo\/wp-content\/uploads\/sites\/6\/2023\/02\/ZF-S1_37B-Diagnostyka-laboratoryjna-fitoproduktow.pdf\">ZF S1_37B Diagnostyka laboratoryjna fitoprodukt\u00f3w<\/a><\/li>\n<li><a href=\"https:\/\/up.lublin.pl\/ogrodnictwo\/wp-content\/uploads\/sites\/6\/2023\/02\/ZF-S1_38-Ekonomika-produkcji-zielarskiej.pdf\">ZF S1_38 Ekonomika produkcji zielarskiej<\/a><\/li>\n<\/ul>\n                                                <\/div>\n                                            <\/li>\n                                        <\/ul>\n\t\t\t\t\t\t                                                        <ul class=\"mn-accordion\">\n                                            <li>\n                                                <h4 class=\"mn-accordion-title\">SEMESTR VI<\/h4>\n                                                <div>\n\t\t\t\t\t\t\t\t\t                <ul>\n<li><a href=\"https:\/\/up.lublin.pl\/ogrodnictwo\/wp-content\/uploads\/sites\/6\/2023\/02\/ZF-S1_39-Towaroznawstwo-zielarskie-1.pdf\">ZF S1_39 Towaroznawstwo zielarskie<\/a><\/li>\n<li><a href=\"https:\/\/up.lublin.pl\/ogrodnictwo\/wp-content\/uploads\/sites\/6\/2023\/03\/ZF-S1_40A-Farmakologia.pdf\">ZF S1_40A Farmakologia<\/a><\/li>\n<li><a href=\"https:\/\/up.lublin.pl\/ogrodnictwo\/wp-content\/uploads\/sites\/6\/2023\/03\/ZF-S1_40B-Chemia-lekow.pdf\">ZF S1_40B Chemia lek\u00f3w<\/a><\/li>\n<li><a href=\"https:\/\/up.lublin.pl\/ogrodnictwo\/wp-content\/uploads\/sites\/6\/2023\/02\/ZF-S1_41A-Ekologiczne-uprawy-zielarskie-1.pdf\">ZF S1_41A Ekologiczne uprawy zielarskie<\/a><\/li>\n<li><a href=\"https:\/\/up.lublin.pl\/ogrodnictwo\/wp-content\/uploads\/sites\/6\/2023\/02\/ZF-S1_41B-Uprawy-integrowane-1.pdf\">ZF S1_41B Uprawy integrowane<\/a><\/li>\n<li><a href=\"https:\/\/up.lublin.pl\/ogrodnictwo\/wp-content\/uploads\/sites\/6\/2023\/03\/ZF-S1_42A-Ekologia-i-ochrona-srodowiska.pdf\">ZF S1_42A Ekologia i&nbsp;ochrona \u015brodowiska<\/a><\/li>\n<li><a href=\"https:\/\/up.lublin.pl\/ogrodnictwo\/wp-content\/uploads\/sites\/6\/2023\/03\/ZF-S1_42B-Siedliska-roslin-zielarskich.pdf\">ZF S1_42B Siedliska ro\u015blin zielarskich<\/a><\/li>\n<li><a href=\"https:\/\/up.lublin.pl\/ogrodnictwo\/wp-content\/uploads\/sites\/6\/2023\/03\/ZF-S1_43A-Projektowanie-plantacji-zielarskich.pdf\">ZF S1_43A Projektowanie plantacji zielarskich<\/a><\/li>\n<li><a href=\"https:\/\/up.lublin.pl\/ogrodnictwo\/wp-content\/uploads\/sites\/6\/2023\/03\/ZF-S1_43B-Inz\u0307ynieria-w-produkcji-zielarskiej-1.pdf\">ZF S1_43B Inz\u0307ynieria w&nbsp;produkcji zielarskiej<\/a><\/li>\n<li><a href=\"https:\/\/up.lublin.pl\/ogrodnictwo\/wp-content\/uploads\/sites\/6\/2023\/03\/ZF-S1_44A-Komputerowa-analiza-informacji.pdf\">ZF S1_44A Komputerowa analiza informacji<\/a><\/li>\n<li><a href=\"https:\/\/up.lublin.pl\/ogrodnictwo\/wp-content\/uploads\/sites\/6\/2023\/03\/ZF-S1_44B-Przetwarzanie-baz-danych.pdf\">ZF S1_44B Przetwarzanie baz danych<\/a><\/li>\n<li><a href=\"https:\/\/up.lublin.pl\/ogrodnictwo\/wp-content\/uploads\/sites\/6\/2023\/03\/ZF-S1_45-Grafika-inzynierska.pdf\">ZF S1_45 Grafika in\u017cynierska<\/a><\/li>\n<li><a href=\"https:\/\/up.lublin.pl\/ogrodnictwo\/wp-content\/uploads\/sites\/6\/2023\/02\/ZF-S1_46-Seminarium-dyplomowe-1-w-tym-metodyka-wyszukiwania-informacji-naukowych.pdf\">ZF S1_46 Seminarium dyplomowe 1 (w tym metodyka wyszukiwania informacji naukowych)<\/a><\/li>\n<li><a href=\"https:\/\/up.lublin.pl\/ogrodnictwo\/wp-content\/uploads\/sites\/6\/2023\/03\/ZF-S1_47-Praktyka-4-tyg..pdf\">ZF S1_47 Praktyka (4 tyg.)<\/a><\/li>\n<\/ul>\n                                                <\/div>\n                                            <\/li>\n                                        <\/ul>\n\t\t\t\t\t\t                                                        <ul class=\"mn-accordion\">\n                                            <li>\n                                                <h4 class=\"mn-accordion-title\">SEMESTR VII<\/h4>\n                                                <div>\n\t\t\t\t\t\t\t\t\t                <ul>\n<li><a href=\"https:\/\/up.lublin.pl\/ogrodnictwo\/wp-content\/uploads\/sites\/6\/2023\/03\/ZF-S1_48A-Fitoterapia.pdf\">ZF S1_48A Fitoterapia<\/a><\/li>\n<li><a href=\"https:\/\/up.lublin.pl\/ogrodnictwo\/wp-content\/uploads\/sites\/6\/2023\/02\/ZF-S1_48B-Leki-roslinne.pdf\">ZF S1_48B Leki ro\u015blinne<\/a><\/li>\n<li><a href=\"https:\/\/up.lublin.pl\/ogrodnictwo\/wp-content\/uploads\/sites\/6\/2023\/03\/ZF-S1_49-Obrot-produktami-leczniczymi.pdf\">ZF S1_49 Obr\u00f3t produktami leczniczymi<\/a><\/li>\n<li><a href=\"https:\/\/up.lublin.pl\/ogrodnictwo\/wp-content\/uploads\/sites\/6\/2023\/03\/ZF-S1_50A-Rosliny-lecznicze-swiata.pdf\">ZF S1_50A Ro\u015bliny lecznicze \u015bwiata<\/a><\/li>\n<li><a href=\"https:\/\/up.lublin.pl\/ogrodnictwo\/wp-content\/uploads\/sites\/6\/2023\/03\/ZF-S1_50B-Naturalne-produkty-lecznicze.pdf\">ZF S1_50B Naturalne produkty lecznicze<\/a><\/li>\n<li><a href=\"https:\/\/up.lublin.pl\/ogrodnictwo\/wp-content\/uploads\/sites\/6\/2023\/02\/ZF-S1_51A-Zanieczyszczenia-produktow-zielarskich-1.pdf\">ZF S1_51A Zanieczyszczenia produkt\u00f3w zielarskich<\/a><\/li>\n<li><a href=\"https:\/\/up.lublin.pl\/ogrodnictwo\/wp-content\/uploads\/sites\/6\/2023\/02\/ZF-S1_51B-Skazenia-produktow-roslinnych.pdf\">ZF S1_51B Ska\u017cenia produkt\u00f3w ro\u015blinnych<\/a><\/li>\n<li><a href=\"https:\/\/up.lublin.pl\/ogrodnictwo\/wp-content\/uploads\/sites\/6\/2023\/03\/ZF-S1_52A-Zarzadzanie-w-sektorze-zielarskim.pdf\">ZF S1_52A Zarz\u0105dzanie w&nbsp;sektorze zielarskim<\/a><\/li>\n<li><a href=\"https:\/\/up.lublin.pl\/ogrodnictwo\/wp-content\/uploads\/sites\/6\/2023\/03\/ZF-S1_52B-Finansowanie-projektow-z-funduszy-UE.pdf\">ZF S1_52B Finansowanie projekt\u00f3w z&nbsp;funduszy UE<\/a><\/li>\n<li><a href=\"https:\/\/up.lublin.pl\/ogrodnictwo\/wp-content\/uploads\/sites\/6\/2023\/02\/ZF-S1_53-Seminarium-dyplomowe-2.pdf\">ZF S1_53 Seminarium dyplomowe 2<\/a><\/li>\n<li><a href=\"https:\/\/up.lublin.pl\/ogrodnictwo\/wp-content\/uploads\/sites\/6\/2023\/03\/ZF-S1_54-Projekt-inzynierski-i-egzamin-dyplomowy.pdf\">ZF S1_54 Projekt in\u017cynierski i&nbsp;egzamin dyplomowy<\/a><\/li>\n<\/ul>\n                                                <\/div>\n                                            <\/li>\n                                        <\/ul>\n\t\t\t\t\t\t                                <\/div>\n\t\t\t\t                <div class=\"mn-content-block\">\n\t                                <\/div>\n\t\t\t\t                <div class=\"mn-content-block\">\n\t                                <\/div>\n\t\t\t\t                <div class=\"mn-content-block\">\n\t                                <\/div>\n\t\t\t\t                <div class=\"mn-content-block\">\n\t                                <\/div>\n\t\t\t\t                <div class=\"mn-content-block\">\n\t                                <\/div>\n\t\t\t\t                <div class=\"mn-content-block\">\n\t                                <\/div>\n\t\t\t\t                <div class=\"mn-content-block\">\n\t                                <\/div>\n\t\t\t\t                <div class=\"mn-content-block\">\n\t                                <\/div>\n\t\t\t\t                <div class=\"mn-content-block\">\n\t                                <\/div>\n\t\t\t\t                <div class=\"mn-content-block\">\n\t                                <\/div>\n\t\t\t\t                <div class=\"mn-content-block\">\n\t                                <\/div>\n\t\t\t\t                <div class=\"mn-content-block\">\n\t                                <\/div>\n\t\t\t\t                <div class=\"mn-content-block\">\n\t                                <\/div>\n\t\t\t\t                <div class=\"mn-content-block\">\n\t                                <\/div>\n\t\t\t\t                <div class=\"mn-content-block\">\n\t                                <\/div>\n\t\t\t\t                <div class=\"mn-content-block\">\n\t                                <\/div>\n\t\t\t\t                <div class=\"mn-content-block\">\n\t                                <\/div>\n\t\t\t\t                <div class=\"mn-content-block\">\n\t                                <\/div>\n\t\t\t\t                <div class=\"mn-content-block\">\n\t                                <\/div>\n\t\t\t\t\t\t<\/div>\n\t<\/div>\n<\/section>\n\t\t<\/div>\n\t\t\t\t<\/div>\n\t\t\t\t\t\t<\/div>\n\t\t\t\t\t<\/div>\n\t\t<\/div>\n\t\t\t\t\t\t\t\t<\/div>\n\t\t\t\t\t<\/div>\n\t\t<\/section>\n\t\t\t\t\t\t<\/div>\n\t\t\t\t\t\t<\/div>\n\t\t\t\t\t<\/div>\n\t\t","protected":false},"excerpt":{"rendered":"<p>\u2190 powr\u00f3t Zielarstwo i&nbsp;fitoprodukty &#8211; Studia Stacjonarne I&nbsp;st. 2020-2021 SEMESTR I ZF S1_1 Wychowanie fizyczne 1. ZF S1_2 Botanika z&nbsp;z elementami fitosocjologii ZF S1_3 Chemia og\u00f3lna i&nbsp;organiczna ZF S1_4 Uprawa roli i&nbsp;nawo\u017cenie ZF S1_5 Analityka laboratoryjna ZF S1_6 Technologie informacyjne ZF S1_7 BHP z&nbsp;ergonomi\u0105 ZF S1_8A Historia zielarstwa ZF S1_8B Etyka ZF S1_9 Podstawy prawa [&hellip;]<\/p>\n","protected":false},"author":279,"featured_media":0,"parent":0,"menu_order":0,"comment_status":"closed","ping_status":"closed","template":"elementor_header_footer","meta":{"_monsterinsights_skip_tracking":false,"_monsterinsights_sitenote_active":false,"_monsterinsights_sitenote_note":"","_monsterinsights_sitenote_category":0},"_links":{"self":[{"href":"https:\/\/up.lublin.pl\/ogrodnictwo\/wp-json\/wp\/v2\/pages\/162847"}],"collection":[{"href":"https:\/\/up.lublin.pl\/ogrodnictwo\/wp-json\/wp\/v2\/pages"}],"about":[{"href":"https:\/\/up.lublin.pl\/ogrodnictwo\/wp-json\/wp\/v2\/types\/page"}],"author":[{"embeddable":true,"href":"https:\/\/up.lublin.pl\/ogrodnictwo\/wp-json\/wp\/v2\/users\/279"}],"replies":[{"embeddable":true,"href":"https:\/\/up.lublin.pl\/ogrodnictwo\/wp-json\/wp\/v2\/comments?post=162847"}],"version-history":[{"count":88,"href":"https:\/\/up.lublin.pl\/ogrodnictwo\/wp-json\/wp\/v2\/pages\/162847\/revisions"}],"predecessor-version":[{"id":165489,"href":"https:\/\/up.lublin.pl\/ogrodnictwo\/wp-json\/wp\/v2\/pages\/162847\/revisions\/165489"}],"wp:attachment":[{"href":"https:\/\/up.lublin.pl\/ogrodnictwo\/wp-json\/wp\/v2\/media?parent=162847"}],"curies":[{"name":"wp","href":"https:\/\/api.w.org\/{rel}","templated":true}]}}