{"id":162340,"date":"2023-02-20T17:06:05","date_gmt":"2023-02-20T16:06:05","guid":{"rendered":"https:\/\/up.lublin.pl\/ogrodnictwo\/?page_id=162340"},"modified":"2023-02-20T17:51:27","modified_gmt":"2023-02-20T16:51:27","slug":"zielarstwo-i-fitoprodukty-studia-niestacjonarne-ii-st-2019-2020","status":"publish","type":"page","link":"https:\/\/up.lublin.pl\/ogrodnictwo\/zielarstwo-i-fitoprodukty-studia-niestacjonarne-ii-st-2019-2020\/","title":{"rendered":"Zielarstwo i fitoprodukty \u2013 Studia Niestacjonarne II st. 2019-2020"},"content":{"rendered":"\t\t<div data-elementor-type=\"wp-page\" data-elementor-id=\"162340\" class=\"elementor elementor-162340\" data-elementor-settings=\"[]\">\n\t\t\t\t\t\t<div class=\"elementor-inner\">\n\t\t\t\t\t\t\t<div class=\"elementor-section-wrap\">\n\t\t\t\t\t\t\t<section class=\"elementor-section elementor-top-section elementor-element elementor-element-30b10b73 elementor-section-boxed elementor-section-height-default elementor-section-height-default\" data-id=\"30b10b73\" data-element_type=\"section\">\n\t\t\t\t\t\t<div class=\"elementor-container elementor-column-gap-default\">\n\t\t\t\t\t\t\t<div class=\"elementor-row\">\n\t\t\t\t\t<div class=\"elementor-column elementor-col-100 elementor-top-column elementor-element elementor-element-2effe618\" data-id=\"2effe618\" data-element_type=\"column\">\n\t\t\t<div class=\"elementor-column-wrap elementor-element-populated\">\n\t\t\t\t\t\t\t<div class=\"elementor-widget-wrap\">\n\t\t\t\t\t\t<div class=\"elementor-element elementor-element-4c16c1b5 elementor-widget elementor-widget-m5c\" data-id=\"4c16c1b5\" data-element_type=\"widget\" data-widget_type=\"m5c.default\">\n\t\t\t\t<div class=\"elementor-widget-container\">\n\t\t\t<section class=\"mn-m5-c mn-m5-d2 mn-bg-white\">\n\t<div class=\"mn-grid\">\n\t\t\t\t<div class=\"mn-content mn-grid-9\">\n\t\t\t                <div class=\"mn-content-block active\">\n\t                                                        <div class=\"block-text\">\n\t                                        <h5><a href=\"https:\/\/up.lublin.pl\/ogrodnictwo\/ksztalcenie\/#opisy_sylabus%C3%B3w\">\u2190 powr\u00f3t<\/a><\/p>\n<\/h5>\n<h2 style=\"text-align: center\"><span style=\"font-size: 28px\">Zielarstwo i&nbsp;fitoprodukty &#8211; Studia Niestacjonarne II st. 2019-2020<\/span><\/h2>\n                                        <\/div>\n\t\t\t\t\t\t                                                        <ul class=\"mn-accordion\">\n                                            <li>\n                                                <h4 class=\"mn-accordion-title\">SEMESTR I<\/h4>\n                                                <div>\n\t\t\t\t\t\t\t\t\t                <ul>\n<li><a href=\"https:\/\/up.lublin.pl\/ogrodnictwo\/wp-content\/uploads\/sites\/6\/2023\/02\/ZF-N2_1A-Jezyk-obcy-specjalistyczny-Angielski-B2-3.pdf\">ZF N2_1A J\u0119zyk obcy specjalistyczny &#8211; Angielski B2+<\/a><\/li>\n<li><a href=\"https:\/\/up.lublin.pl\/ogrodnictwo\/wp-content\/uploads\/sites\/6\/2023\/02\/ZF-N2_1B-Jezyk-obcy-specjalistyczny-\u2013-Francuski-B2-.pdf\">ZF N2_1B J\u0119zyk obcy specjalistyczny \u2013 Francuski B2+<\/a><\/li>\n<li><a href=\"https:\/\/up.lublin.pl\/ogrodnictwo\/wp-content\/uploads\/sites\/6\/2023\/02\/ZF-N2_1C-Jezyk-obcy-specjalistyczny-\u2013-niemiecki-B2.pdf\">ZF N2_1C J\u0119zyk obcy specjalistyczny \u2013 niemiecki B2+<\/a><\/li>\n<li><a href=\"https:\/\/up.lublin.pl\/ogrodnictwo\/wp-content\/uploads\/sites\/6\/2023\/02\/ZF-N2_1D-Jezyk-obcy-specjalistyczny-\u2013-rosyjski-B2-.pdf\">ZF N2_1D J\u0119zyk obcy specjalistyczny \u2013 rosyjski B2+<\/a><\/li>\n<li><a href=\"https:\/\/up.lublin.pl\/ogrodnictwo\/wp-content\/uploads\/sites\/6\/2023\/02\/ZF-N2_2-Preparaty-galenowe.pdf\">ZF N2_2 Preparaty galenowe<\/a><\/li>\n<li><a href=\"https:\/\/up.lublin.pl\/ogrodnictwo\/wp-content\/uploads\/sites\/6\/2023\/02\/ZF-N2_3A-Uprawy-zielarskie-pod-oslonami.pdf\">ZF N2_3A Uprawy zielarskie pod os\u0142onami<\/a><\/li>\n<li><a href=\"https:\/\/up.lublin.pl\/ogrodnictwo\/wp-content\/uploads\/sites\/6\/2023\/02\/ZF-N2_3B-Amatorskie-uprawy-zielarskie.pdf\">ZF N2_3B Amatorskie uprawy zielarskie<\/a><\/li>\n<li><a href=\"https:\/\/up.lublin.pl\/ogrodnictwo\/wp-content\/uploads\/sites\/6\/2023\/02\/ZF-N2_4A-Sterowane-uprawy-zielarskie.pdf\">ZF N2_4A Sterowane uprawy zielarskie<\/a><\/li>\n<li><a href=\"https:\/\/up.lublin.pl\/ogrodnictwo\/wp-content\/uploads\/sites\/6\/2023\/02\/ZF-N2_4B-Rosliny-toksyczne-i-fitotoksyny.pdf\">ZF N2_4B Ro\u015bliny toksyczne i&nbsp;fitotoksyny<\/a><\/li>\n<li><a href=\"https:\/\/up.lublin.pl\/ogrodnictwo\/wp-content\/uploads\/sites\/6\/2023\/02\/ZF-N2_4C-Invasive-plants.pdf\">ZF N2_4C Invasive plants<\/a><\/li>\n<li><a href=\"https:\/\/up.lublin.pl\/ogrodnictwo\/wp-content\/uploads\/sites\/6\/2023\/02\/ZF-N2_5A-Ogrody-terapeutyczne.pdf\">ZF N2_5A Ogrody terapeutyczne<\/a><\/li>\n<li><a href=\"https:\/\/up.lublin.pl\/ogrodnictwo\/wp-content\/uploads\/sites\/6\/2023\/02\/ZF-N2_5B-Ziola-we-florystyce.pdf\">ZF N2_5B Zio\u0142a we florystyce<\/a><\/li>\n<li><a href=\"https:\/\/up.lublin.pl\/ogrodnictwo\/wp-content\/uploads\/sites\/6\/2023\/02\/ZF-N2_6A-Analiza-instrumentalna-w-zielarstwie.pdf\">ZF N2_6A Analiza instrumentalna w&nbsp;zielarstwie<\/a><\/li>\n<li><a href=\"https:\/\/up.lublin.pl\/ogrodnictwo\/wp-content\/uploads\/sites\/6\/2023\/02\/ZF-N2_6B-Diagnostyka-laboratoryjna-w-bromatologii.pdf\">ZF N2_6B Diagnostyka laboratoryjna w&nbsp;bromatologii<\/a><\/li>\n<\/ul>\n                                                <\/div>\n                                            <\/li>\n                                        <\/ul>\n\t\t\t\t\t\t                                                        <ul class=\"mn-accordion\">\n                                            <li>\n                                                <h4 class=\"mn-accordion-title\">SEMESTR II<\/h4>\n                                                <div>\n\t\t\t\t\t\t\t\t\t                <ul>\n<li><a href=\"https:\/\/up.lublin.pl\/ogrodnictwo\/wp-content\/uploads\/sites\/6\/2023\/02\/ZF-N2_7-Fitoterapia-stosowana.pdf\">ZF N2_7 Fitoterapia stosowana<\/a><\/li>\n<li><a href=\"https:\/\/up.lublin.pl\/ogrodnictwo\/wp-content\/uploads\/sites\/6\/2023\/02\/ZF-N2_8-Fitoaromaty.pdf\">ZF N2_8 Fitoaromaty<\/a><\/li>\n<li><a href=\"https:\/\/up.lublin.pl\/ogrodnictwo\/wp-content\/uploads\/sites\/6\/2023\/02\/ZF-N2_9A-Fitokosmetyki-3.pdf\">ZF N2_9A Fitokosmetyki<\/a><\/li>\n<li><a href=\"https:\/\/up.lublin.pl\/ogrodnictwo\/wp-content\/uploads\/sites\/6\/2023\/02\/ZF-N2_9B-Receptury-kosmetyczne.pdf\">ZF N2_9B Receptury kosmetyczne<\/a><\/li>\n<li><a href=\"https:\/\/up.lublin.pl\/ogrodnictwo\/wp-content\/uploads\/sites\/6\/2023\/02\/ZF-N2_10A-Dzieje-upraw-roslin-leczniczych.pdf\">ZF N2_10A Dzieje upraw ro\u015blin leczniczych<\/a><\/li>\n<li><a href=\"https:\/\/up.lublin.pl\/ogrodnictwo\/wp-content\/uploads\/sites\/6\/2023\/02\/ZF-N2_10B-Ziola-w-tradycji-ludowej.pdf\">ZF N2_10B Zio\u0142a w&nbsp;tradycji ludowej<\/a><\/li>\n<\/ul>\n                                                <\/div>\n                                            <\/li>\n                                        <\/ul>\n\t\t\t\t\t\t                                                        <ul class=\"mn-accordion\">\n                                            <li>\n                                                <h4 class=\"mn-accordion-title\">SEMESTR III<\/h4>\n                                                <div>\n\t\t\t\t\t\t\t\t\t                <ul>\n<li><a href=\"https:\/\/up.lublin.pl\/ogrodnictwo\/wp-content\/uploads\/sites\/6\/2023\/02\/ZF-N2_11A-Techniki-in-vitro-w-zielarstwie.pdf\">ZF N2_11A Techniki in vitro w&nbsp;zielarstwie<\/a><\/li>\n<li><a href=\"https:\/\/up.lublin.pl\/ogrodnictwo\/wp-content\/uploads\/sites\/6\/2023\/02\/ZF-N2_11B-Micropropagation-of-rare-domestic-medicinal-plants.pdf\">ZF N2_11B Micropropagation of rare domestic medicinal plants<\/a><\/li>\n<li><a href=\"https:\/\/up.lublin.pl\/ogrodnictwo\/wp-content\/uploads\/sites\/6\/2023\/02\/ZF-N2_12-Suplementy-diety-.pdf\">ZF N2_12 Suplementy diety<\/a><\/li>\n<li><a href=\"https:\/\/up.lublin.pl\/ogrodnictwo\/wp-content\/uploads\/sites\/6\/2023\/02\/ZF-N2_13A-Biooleje.pdf\">ZF N2_13A Biooleje<\/a><\/li>\n<li><a href=\"https:\/\/up.lublin.pl\/ogrodnictwo\/wp-content\/uploads\/sites\/6\/2023\/02\/ZF-N2_13B-Grzyby-toksynotworcze.pdf\">ZF N2_13B Grzyby toksynotw\u00f3rcze<\/a><\/li>\n<li><a href=\"https:\/\/up.lublin.pl\/ogrodnictwo\/wp-content\/uploads\/sites\/6\/2023\/02\/ZF-N2_14-Programy-komputerowe-w-zielarstwie.pdf\">ZF N2_14 Programy komputerowe w&nbsp;zielarstwie<\/a><\/li>\n<li><a href=\"https:\/\/up.lublin.pl\/ogrodnictwo\/wp-content\/uploads\/sites\/6\/2023\/02\/ZF-N2_15-Statystyka-i-doswiadczalnictwo.pdf\">ZF N2_15 Statystyka i&nbsp;do\u015bwiadczalnictwo<\/a><\/li>\n<li><a href=\"https:\/\/up.lublin.pl\/ogrodnictwo\/wp-content\/uploads\/sites\/6\/2023\/02\/ZF-N2_16-Eksperyment-w-doswiadczalnictwie-przyrodniczym.pdf\">ZF N2_16 Eksperyment w&nbsp;do\u015bwiadczalnictwie przyrodniczym<\/a><\/li>\n<li><a href=\"https:\/\/up.lublin.pl\/ogrodnictwo\/wp-content\/uploads\/sites\/6\/2023\/02\/ZF-N2_17-Seminarium-dyplomowe-1.pdf\">ZF N2_17 Seminarium dyplomowe 1<\/a><\/li>\n<\/ul>\n                                                <\/div>\n                                            <\/li>\n                                        <\/ul>\n\t\t\t\t\t\t                                                        <ul class=\"mn-accordion\">\n                                            <li>\n                                                <h4 class=\"mn-accordion-title\">SEMESTR IV<\/h4>\n                                                <div>\n\t\t\t\t\t\t\t\t\t                <ul>\n<li><a href=\"https:\/\/up.lublin.pl\/ogrodnictwo\/wp-content\/uploads\/sites\/6\/2023\/02\/ZF-N2_18-Konfekcjonowanie-surowcow-zielarskich.pdf\">ZF N2_18 Konfekcjonowanie surowc\u00f3w zielarskich<\/a><\/li>\n<li><a href=\"https:\/\/up.lublin.pl\/ogrodnictwo\/wp-content\/uploads\/sites\/6\/2023\/02\/ZF-N2_19-Fitoprodukty-w-profilaktyce-zdrowotnej.pdf\">ZF N2_19 Fitoprodukty w&nbsp;profilaktyce zdrowotnej<\/a><\/li>\n<li><a href=\"https:\/\/up.lublin.pl\/ogrodnictwo\/wp-content\/uploads\/sites\/6\/2023\/02\/ZF-N2_20A-Tworzenie-modeli-biznesowych.pdf\">ZF N2_20A Tworzenie modeli biznesowych<\/a><\/li>\n<li><a href=\"https:\/\/up.lublin.pl\/ogrodnictwo\/wp-content\/uploads\/sites\/6\/2023\/02\/ZF-N2_20B-Marketing-i-zarzadzanie-w-zielarstwie.pdf\">ZF N2_20B Marketing i&nbsp;zarz\u0105dzanie w&nbsp;zielarstwie<\/a><\/li>\n<li><a href=\"https:\/\/up.lublin.pl\/ogrodnictwo\/wp-content\/uploads\/sites\/6\/2023\/02\/ZF-N2_21-Seminarium-dyplomowe-2-3.pdf\">ZF N2_21 Seminarium dyplomowe 2<\/a><\/li>\n<li><a href=\"https:\/\/up.lublin.pl\/ogrodnictwo\/wp-content\/uploads\/sites\/6\/2023\/02\/ZF-N2_22-Praca-magisterska.pdf\">ZF N2_22 Praca magisterska<\/a><\/li>\n<\/ul>\n                                                <\/div>\n                                            <\/li>\n                                        <\/ul>\n\t\t\t\t\t\t                                <\/div>\n\t\t\t\t                <div class=\"mn-content-block\">\n\t                                <\/div>\n\t\t\t\t                <div class=\"mn-content-block\">\n\t                                <\/div>\n\t\t\t\t                <div class=\"mn-content-block\">\n\t                                <\/div>\n\t\t\t\t                <div class=\"mn-content-block\">\n\t                                <\/div>\n\t\t\t\t                <div class=\"mn-content-block\">\n\t                                <\/div>\n\t\t\t\t                <div class=\"mn-content-block\">\n\t                                <\/div>\n\t\t\t\t                <div class=\"mn-content-block\">\n\t                                <\/div>\n\t\t\t\t                <div class=\"mn-content-block\">\n\t                                <\/div>\n\t\t\t\t                <div class=\"mn-content-block\">\n\t                                <\/div>\n\t\t\t\t                <div class=\"mn-content-block\">\n\t                                <\/div>\n\t\t\t\t                <div class=\"mn-content-block\">\n\t                                <\/div>\n\t\t\t\t                <div class=\"mn-content-block\">\n\t                                <\/div>\n\t\t\t\t                <div class=\"mn-content-block\">\n\t                                <\/div>\n\t\t\t\t                <div class=\"mn-content-block\">\n\t                                <\/div>\n\t\t\t\t                <div class=\"mn-content-block\">\n\t                                <\/div>\n\t\t\t\t                <div class=\"mn-content-block\">\n\t                                <\/div>\n\t\t\t\t                <div class=\"mn-content-block\">\n\t                                <\/div>\n\t\t\t\t                <div class=\"mn-content-block\">\n\t                                <\/div>\n\t\t\t\t                <div class=\"mn-content-block\">\n\t                                <\/div>\n\t\t\t\t\t\t<\/div>\n\t<\/div>\n<\/section>\n\t\t<\/div>\n\t\t\t\t<\/div>\n\t\t\t\t\t\t<\/div>\n\t\t\t\t\t<\/div>\n\t\t<\/div>\n\t\t\t\t\t\t\t\t<\/div>\n\t\t\t\t\t<\/div>\n\t\t<\/section>\n\t\t\t\t\t\t<\/div>\n\t\t\t\t\t\t<\/div>\n\t\t\t\t\t<\/div>\n\t\t","protected":false},"excerpt":{"rendered":"<p>\u2190 powr\u00f3t Zielarstwo i&nbsp;fitoprodukty &#8211; Studia Niestacjonarne II st. 2019-2020 SEMESTR I ZF N2_1A J\u0119zyk obcy specjalistyczny &#8211; Angielski B2+ ZF N2_1B J\u0119zyk obcy specjalistyczny \u2013 Francuski B2+ ZF N2_1C J\u0119zyk obcy specjalistyczny \u2013 niemiecki B2+ ZF N2_1D J\u0119zyk obcy specjalistyczny \u2013 rosyjski B2+ ZF N2_2 Preparaty galenowe ZF N2_3A Uprawy zielarskie pod os\u0142onami ZF [&hellip;]<\/p>\n","protected":false},"author":279,"featured_media":0,"parent":0,"menu_order":0,"comment_status":"closed","ping_status":"closed","template":"elementor_header_footer","meta":{"_monsterinsights_skip_tracking":false,"_monsterinsights_sitenote_active":false,"_monsterinsights_sitenote_note":"","_monsterinsights_sitenote_category":0},"_links":{"self":[{"href":"https:\/\/up.lublin.pl\/ogrodnictwo\/wp-json\/wp\/v2\/pages\/162340"}],"collection":[{"href":"https:\/\/up.lublin.pl\/ogrodnictwo\/wp-json\/wp\/v2\/pages"}],"about":[{"href":"https:\/\/up.lublin.pl\/ogrodnictwo\/wp-json\/wp\/v2\/types\/page"}],"author":[{"embeddable":true,"href":"https:\/\/up.lublin.pl\/ogrodnictwo\/wp-json\/wp\/v2\/users\/279"}],"replies":[{"embeddable":true,"href":"https:\/\/up.lublin.pl\/ogrodnictwo\/wp-json\/wp\/v2\/comments?post=162340"}],"version-history":[{"count":22,"href":"https:\/\/up.lublin.pl\/ogrodnictwo\/wp-json\/wp\/v2\/pages\/162340\/revisions"}],"predecessor-version":[{"id":162837,"href":"https:\/\/up.lublin.pl\/ogrodnictwo\/wp-json\/wp\/v2\/pages\/162340\/revisions\/162837"}],"wp:attachment":[{"href":"https:\/\/up.lublin.pl\/ogrodnictwo\/wp-json\/wp\/v2\/media?parent=162340"}],"curies":[{"name":"wp","href":"https:\/\/api.w.org\/{rel}","templated":true}]}}