{"id":157177,"date":"2023-02-08T11:36:42","date_gmt":"2023-02-08T10:36:42","guid":{"rendered":"https:\/\/up.lublin.pl\/ogrodnictwo\/?page_id=157177"},"modified":"2025-09-30T16:15:15","modified_gmt":"2025-09-30T14:15:15","slug":"zielarstwo-i-fitoprodukty-studia-niestacjonarne-i-st-2021-2022","status":"publish","type":"page","link":"https:\/\/up.lublin.pl\/ogrodnictwo\/ksztalcenie-2\/zielarstwo-i-fitoprodukty-studia-niestacjonarne-i-st-2021-2022\/","title":{"rendered":"Zielarstwo i fitoprodukty-Studia Niestacjonarne I st. 2021-2022"},"content":{"rendered":"\t\t<div data-elementor-type=\"wp-page\" data-elementor-id=\"157177\" class=\"elementor elementor-157177\" data-elementor-settings=\"[]\">\n\t\t\t\t\t\t<div class=\"elementor-inner\">\n\t\t\t\t\t\t\t<div class=\"elementor-section-wrap\">\n\t\t\t\t\t\t\t<section class=\"elementor-section elementor-top-section elementor-element elementor-element-1574bb82 elementor-section-boxed elementor-section-height-default elementor-section-height-default\" data-id=\"1574bb82\" data-element_type=\"section\">\n\t\t\t\t\t\t<div class=\"elementor-container elementor-column-gap-default\">\n\t\t\t\t\t\t\t<div class=\"elementor-row\">\n\t\t\t\t\t<div class=\"elementor-column elementor-col-100 elementor-top-column elementor-element elementor-element-26034c61\" data-id=\"26034c61\" data-element_type=\"column\">\n\t\t\t<div class=\"elementor-column-wrap elementor-element-populated\">\n\t\t\t\t\t\t\t<div class=\"elementor-widget-wrap\">\n\t\t\t\t\t\t<div class=\"elementor-element elementor-element-21feb4ac elementor-widget elementor-widget-m5c\" data-id=\"21feb4ac\" data-element_type=\"widget\" data-widget_type=\"m5c.default\">\n\t\t\t\t<div class=\"elementor-widget-container\">\n\t\t\t<section class=\"mn-m5-c mn-m5-d2 mn-bg-white\">\n\t<div class=\"mn-grid\">\n\t\t\t\t<div class=\"mn-content mn-grid-9\">\n\t\t\t                <div class=\"mn-content-block active\">\n\t                                                        <div class=\"block-text\">\n\t                                        <h5><a href=\"https:\/\/up.lublin.pl\/ogrodnictwo\/ksztalcenie\/#opisy_sylabus%C3%B3w\">\u2190 powr\u00f3t<\/a><\/p>\n<\/h5>\n<h2 style=\"text-align: center\"><span style=\"font-size: 28px\">Zielarstwo i&nbsp;fitoprodukty &#8211; Studia Niestacjonarne I&nbsp;st. 2021-2022<\/span><\/h2>\n                                        <\/div>\n\t\t\t\t\t\t                                                        <ul class=\"mn-accordion\">\n                                            <li>\n                                                <h4 class=\"mn-accordion-title\">SEMESTR I<\/h4>\n                                                <div>\n\t\t\t\t\t\t\t\t\t                <ul>\n<li><a href=\"https:\/\/up.lublin.pl\/ogrodnictwo\/wp-content\/uploads\/sites\/6\/2023\/02\/ZF-N1_1A-Jezyk-obcy-1-Angielski-B2-5.pdf\">ZF N1_1A J\u0119zyk obcy 1- Angielski B2<\/a><\/li>\n<li><a href=\"https:\/\/up.lublin.pl\/ogrodnictwo\/wp-content\/uploads\/sites\/6\/2023\/02\/ZF-N1_1B-Jezyk-obcy-1-Francuski-B2-4.pdf\">ZF N1_1B J\u0119zyk obcy 1- Francuski B2<\/a><\/li>\n<li><a href=\"https:\/\/up.lublin.pl\/ogrodnictwo\/wp-content\/uploads\/sites\/6\/2023\/02\/ZF-N1_1C-Jezyk-obcy-1-Niemiecki-B2-4.pdf\">ZF N1_1C J\u0119zyk obcy 1- Niemiecki B2<\/a><\/li>\n<li><a href=\"https:\/\/up.lublin.pl\/ogrodnictwo\/wp-content\/uploads\/sites\/6\/2023\/02\/ZF-N1_1D-Jezyk-obcy-1-Rosyjski-B2-5.pdf\">ZF N1_1D J\u0119zyk obcy 1- Rosyjski B2<\/a><\/li>\n<li><a href=\"https:\/\/up.lublin.pl\/ogrodnictwo\/wp-content\/uploads\/sites\/6\/2023\/02\/ZF-N1_2_Botanika-1.pdf\">ZF N1_2_Botanika<\/a><\/li>\n<li><a href=\"https:\/\/up.lublin.pl\/ogrodnictwo\/wp-content\/uploads\/sites\/6\/2023\/02\/ZF-N1_3-Chemia.pdf\">ZF N1_3 Chemia<\/a><\/li>\n<li><a href=\"https:\/\/up.lublin.pl\/ogrodnictwo\/wp-content\/uploads\/sites\/6\/2023\/02\/ZF-N1_4-Analityka-laboratoryjna-5.pdf\">ZF N1_4 Analityka laboratoryjna<\/a><\/li>\n<li><a href=\"https:\/\/up.lublin.pl\/ogrodnictwo\/wp-content\/uploads\/sites\/6\/2023\/02\/ZF-N1_5-Technologie-informacyjne-6.pdf\">ZF N1_5 Technologie informacyjne<\/a><\/li>\n<li><a href=\"https:\/\/up.lublin.pl\/ogrodnictwo\/wp-content\/uploads\/sites\/6\/2023\/02\/ZF-N1_6-BHP-z-ergonomia-8.pdf\">ZF N1_6 BHP z&nbsp;ergonomi\u0105<\/a><\/li>\n<li><a href=\"https:\/\/up.lublin.pl\/ogrodnictwo\/wp-content\/uploads\/sites\/6\/2023\/02\/ZF-N1_7A-Historia-zielarstwa-5.pdf\">ZF N1_7A Historia zielarstwa<\/a><\/li>\n<li><a href=\"https:\/\/up.lublin.pl\/ogrodnictwo\/wp-content\/uploads\/sites\/6\/2023\/02\/ZF-N1_7B-Filozofia-2.pdf\">ZF N1_7B Filozofia<\/a><\/li>\n<li><a href=\"https:\/\/up.lublin.pl\/ogrodnictwo\/wp-content\/uploads\/sites\/6\/2023\/02\/ZF-N1_8-Ochrona-wlasnosci-intelektualnej-2.pdf\">ZF N1_8 Ochrona w\u0142asno\u015bci intelektualnej<\/a><\/li>\n<\/ul>\n                                                <\/div>\n                                            <\/li>\n                                        <\/ul>\n\t\t\t\t\t\t                                                        <ul class=\"mn-accordion\">\n                                            <li>\n                                                <h4 class=\"mn-accordion-title\">SEMESTR II<\/h4>\n                                                <div>\n\t\t\t\t\t\t\t\t\t                <ul>\n<li><a href=\"https:\/\/up.lublin.pl\/ogrodnictwo\/wp-content\/uploads\/sites\/6\/2023\/02\/ZF-N1_9A-Jezyk-obcy-2-Angielski-B2-7.pdf\">ZF N1_9A J\u0119zyk obcy 2- Angielski B2<\/a><\/li>\n<li><a href=\"https:\/\/up.lublin.pl\/ogrodnictwo\/wp-content\/uploads\/sites\/6\/2023\/02\/ZF-N1_9B-Jezyk-obcy-2-Francuski-B2-7.pdf\">ZF N1_9B J\u0119zyk obcy 2- Francuski B2<\/a><\/li>\n<li><a href=\"https:\/\/up.lublin.pl\/ogrodnictwo\/wp-content\/uploads\/sites\/6\/2023\/02\/ZF-N1_9C-Jezyk-obcy-2-Niemiecki-B2-7.pdf\">ZF N1_9C J\u0119zyk obcy 2- Niemiecki B2<\/a><\/li>\n<li><a href=\"https:\/\/up.lublin.pl\/ogrodnictwo\/wp-content\/uploads\/sites\/6\/2023\/02\/ZF-N1_9D-Jezyk-obcy-2-Rosyjski-B2-7.pdf\">ZF N1_9D J\u0119zyk obcy 2- Rosyjski B2<\/a><\/li>\n<li><a href=\"https:\/\/up.lublin.pl\/ogrodnictwo\/wp-content\/uploads\/sites\/6\/2023\/03\/ZF-N1_10-Biochemia.pdf\">ZF N1_10 Biochemia<\/a><\/li>\n<li><a href=\"https:\/\/up.lublin.pl\/ogrodnictwo\/wp-content\/uploads\/sites\/6\/2023\/02\/ZF-N1_11-Genetyka-i-hodowla-roslin-5.pdf\">ZF N1_11 Genetyka i&nbsp;hodowla ro\u015blin<\/a><\/li>\n<li><a href=\"https:\/\/up.lublin.pl\/ogrodnictwo\/wp-content\/uploads\/sites\/6\/2023\/02\/ZF-N1_12-Substancje-bioaktywne-3.pdf\">ZF N1_12 Substancje bioaktywne<\/a><\/li>\n<li><a href=\"https:\/\/up.lublin.pl\/ogrodnictwo\/wp-content\/uploads\/sites\/6\/2023\/02\/ZF-N1_13-Uprawa-roli-i-nawozenie-9.pdf\">ZF N1_13 Uprawa roli i&nbsp;nawo\u017cenie<\/a><\/li>\n<li><a href=\"https:\/\/up.lublin.pl\/ogrodnictwo\/wp-content\/uploads\/sites\/6\/2023\/02\/ZF-N1_14-Zielarstwo-ogolne-9.pdf\">ZF N1_14 Zielarstwo og\u00f3lne<\/a><\/li>\n<\/ul>\n                                                <\/div>\n                                            <\/li>\n                                        <\/ul>\n\t\t\t\t\t\t                                                        <ul class=\"mn-accordion\">\n                                            <li>\n                                                <h4 class=\"mn-accordion-title\">SEMESTR III<\/h4>\n                                                <div>\n\t\t\t\t\t\t\t\t\t                <ul>\n<li><a href=\"https:\/\/up.lublin.pl\/ogrodnictwo\/wp-content\/uploads\/sites\/6\/2023\/02\/ZF-N1_15a-Jezyk-obcy-3-Angielski-B2-4.pdf\">ZF N1_15a J\u0119zyk obcy 3- Angielski B2<\/a><\/li>\n<li><a href=\"https:\/\/up.lublin.pl\/ogrodnictwo\/wp-content\/uploads\/sites\/6\/2023\/02\/ZF-N1_15B-Jezyk-obcy-3-Francuski-B2-6.pdf\">ZF N1_15B J\u0119zyk obcy 3- Francuski B2<\/a><\/li>\n<li><a href=\"https:\/\/up.lublin.pl\/ogrodnictwo\/wp-content\/uploads\/sites\/6\/2023\/03\/ZF-N1_15C-Je\u0328zyk-obcy-3-Niemiecki-B2.pdf\">ZF N1_15C Je\u0328zyk obcy 3- Niemiecki B2<\/a><\/li>\n<li><a href=\"https:\/\/up.lublin.pl\/ogrodnictwo\/wp-content\/uploads\/sites\/6\/2023\/03\/ZF-N1_15D-Je\u0328zyk-obcy-3-Rosyjski-B2.pdf\">ZF N1_15D Je\u0328zyk obcy 3- Rosyjski B2<\/a><\/li>\n<li><a href=\"https:\/\/up.lublin.pl\/ogrodnictwo\/wp-content\/uploads\/sites\/6\/2023\/03\/ZF-N1_16-Anatomia-i-fizjologia-czlowieka.pdf\">ZF N1_16 Anatomia i&nbsp;fizjologia cz\u0142owieka<\/a><\/li>\n<li><a href=\"https:\/\/up.lublin.pl\/ogrodnictwo\/wp-content\/uploads\/sites\/6\/2023\/02\/ZF-N1_17-Fizjologia-roslin-5.pdf\">ZF N1_17 Fizjologia ro\u015blin<\/a><\/li>\n<li><a href=\"https:\/\/up.lublin.pl\/ogrodnictwo\/wp-content\/uploads\/sites\/6\/2023\/02\/ZF-N1_18-Fitopatologia-zielarska-12.pdf\">ZF N1_18 Fitopatologia zielarska<\/a><\/li>\n<li><a href=\"https:\/\/up.lublin.pl\/ogrodnictwo\/wp-content\/uploads\/sites\/6\/2023\/02\/ZF-N1_19-Zielarstwo-szczegolowe-1-9.pdf\">ZF N1_19 Zielarstwo szczeg\u00f3\u0142owe 1<\/a><\/li>\n<li><a href=\"https:\/\/up.lublin.pl\/ogrodnictwo\/wp-content\/uploads\/sites\/6\/2023\/02\/ZF-N1_20A-Zywienie-roslin-zielarskich-8.pdf\">ZF N1_20A \u017bywienie ro\u015blin zielarskich<\/a><\/li>\n<li><a href=\"https:\/\/up.lublin.pl\/ogrodnictwo\/wp-content\/uploads\/sites\/6\/2023\/02\/ZF-N1_20B-Diagnostyka-potrzeb-nawozowych-8.pdf\">ZF N1_20B Diagnostyka potrzeb nawozowych<\/a><\/li>\n<\/ul>\n                                                <\/div>\n                                            <\/li>\n                                        <\/ul>\n\t\t\t\t\t\t                                                        <ul class=\"mn-accordion\">\n                                            <li>\n                                                <h4 class=\"mn-accordion-title\">SEMESTR IV<\/h4>\n                                                <div>\n\t\t\t\t\t\t\t\t\t                <ul>\n<li><a href=\"https:\/\/up.lublin.pl\/ogrodnictwo\/wp-content\/uploads\/sites\/6\/2023\/02\/ZF-N1_21A-Jezyk-obcy-4-Angielski-B2-9.pdf\">ZF N1_21A J\u0119zyk obcy 4- Angielski B2<\/a><\/li>\n<li><a href=\"https:\/\/up.lublin.pl\/ogrodnictwo\/wp-content\/uploads\/sites\/6\/2023\/02\/ZF-N1_21B-Jezyk-obcy-4-Francuski-B2-8.pdf\">ZF N1_21B J\u0119zyk obcy 4- Francuski B2<\/a><\/li>\n<li><a href=\"https:\/\/up.lublin.pl\/ogrodnictwo\/wp-content\/uploads\/sites\/6\/2023\/02\/ZF-N1_21C-Jezyk-obcy-4-Niemiecki-B2-9.pdf\">ZF N1_21C J\u0119zyk obcy 4- Niemiecki B2<\/a><\/li>\n<li><a href=\"https:\/\/up.lublin.pl\/ogrodnictwo\/wp-content\/uploads\/sites\/6\/2023\/03\/ZF-N1_21D-Je\u0328zyk-obcy-4-Rosyjski-B2.docx.pdf\">ZF N1_21D Je\u0328zyk obcy 4- Rosyjski B2<\/a><\/li>\n<li><a href=\"https:\/\/up.lublin.pl\/ogrodnictwo\/wp-content\/uploads\/sites\/6\/2023\/02\/ZF-N1_22-Ratownictwo-medyczne-8.pdf\">ZF N1_22 Ratownictwo medyczne<\/a><\/li>\n<li><a href=\"https:\/\/up.lublin.pl\/ogrodnictwo\/wp-content\/uploads\/sites\/6\/2023\/02\/ZF-N1_23-Zielarstwo-szczegolowe-2-8.pdf\">ZF N1_23 Zielarstwo szczeg\u00f3\u0142owe 2<\/a><\/li>\n<li><a href=\"https:\/\/up.lublin.pl\/ogrodnictwo\/wp-content\/uploads\/sites\/6\/2023\/02\/ZF-N1_24-Entomologia-zielarska-1-8.pdf\">ZF N1_24 Entomologia zielarska<\/a><\/li>\n<li><a href=\"https:\/\/up.lublin.pl\/ogrodnictwo\/wp-content\/uploads\/sites\/6\/2023\/02\/ZF-N1_25-Szkolkarstwo-i-nasiennictwo-zielarskie-8.pdf\">ZF N1_25 Szk\u00f3\u0142karstwo i&nbsp;nasiennictwo zielarskie<\/a><\/li>\n<li><a href=\"https:\/\/up.lublin.pl\/ogrodnictwo\/wp-content\/uploads\/sites\/6\/2023\/02\/ZF-N1_26-Herbologia-zielarska-9.pdf\">ZF N1_26 Herbologia zielarska<\/a><\/li>\n<li><a href=\"https:\/\/up.lublin.pl\/ogrodnictwo\/wp-content\/uploads\/sites\/6\/2023\/02\/ZF-N1_27A-Bioetyka-2.pdf\">ZF N1_27A Bioetyka<\/a><\/li>\n<li><a href=\"https:\/\/up.lublin.pl\/ogrodnictwo\/wp-content\/uploads\/sites\/6\/2023\/02\/ZF-N1_27B-Ekonomia-7.pdf\">ZF N1_27B Ekonomia<\/a><\/li>\n<\/ul>\n                                                <\/div>\n                                            <\/li>\n                                        <\/ul>\n\t\t\t\t\t\t                                                        <ul class=\"mn-accordion\">\n                                            <li>\n                                                <h4 class=\"mn-accordion-title\">SEMESTR V<\/h4>\n                                                <div>\n\t\t\t\t\t\t\t\t\t                <ul>\n<li><a href=\"https:\/\/up.lublin.pl\/ogrodnictwo\/wp-content\/uploads\/sites\/6\/2023\/02\/ZF-N1_28-Farmakognozja-8.pdf\">ZF N1_28 Farmakognozja<\/a><\/li>\n<li><a href=\"https:\/\/up.lublin.pl\/ogrodnictwo\/wp-content\/uploads\/sites\/6\/2023\/02\/ZF-N1_29-Ochrona-roslin-zielarskich-8.pdf\">ZF N1_29 Ochrona ro\u015blin zielarskich<\/a><\/li>\n<li><a href=\"https:\/\/up.lublin.pl\/ogrodnictwo\/wp-content\/uploads\/sites\/6\/2023\/02\/ZF-N1_30-Surowce-ze-stanu-naturalnego-8.pdf\">ZF N1_30 Surowce ze stanu naturalnego<\/a><\/li>\n<li><a href=\"https:\/\/up.lublin.pl\/ogrodnictwo\/wp-content\/uploads\/sites\/6\/2023\/02\/ZF-N1_31A-Konserwacja-surowcow-zielarskich-6.pdf\">ZF N1_31A Konserwacja surowc\u00f3w zielarskich<\/a><\/li>\n<li><a href=\"https:\/\/up.lublin.pl\/ogrodnictwo\/wp-content\/uploads\/sites\/6\/2023\/02\/ZF-N1_31B-Przechowalnictwo-zielarskie-8.pdf\">ZF N1_31B Przechowalnictwo zielarskie<\/a><\/li>\n<li><a href=\"https:\/\/up.lublin.pl\/ogrodnictwo\/wp-content\/uploads\/sites\/6\/2023\/03\/ZF-N1_32A-Standaryzacja-surowco\u0301w-zielarskich.pdf\">ZF N1_32A Standaryzacja surowco\u0301w zielarskich<\/a><\/li>\n<li><a href=\"https:\/\/up.lublin.pl\/ogrodnictwo\/wp-content\/uploads\/sites\/6\/2023\/02\/ZF-N1_32B-Ocena-jakosci-fotoproduktow-2-4.pdf\">ZF N1_32B Ocena jako\u015bci fotoprodukt\u00f3w<\/a><\/li>\n<li><a href=\"https:\/\/up.lublin.pl\/ogrodnictwo\/wp-content\/uploads\/sites\/6\/2023\/02\/ZF-N1_33A-Prozdrowotne-wlasciwosci-warzyw-6.pdf\">ZF N1_33A Prozdrowotne w\u0142a\u015bciwo\u015bci warzyw<\/a><\/li>\n<li><a href=\"https:\/\/up.lublin.pl\/ogrodnictwo\/wp-content\/uploads\/sites\/6\/2023\/02\/ZF-N1_33B-Uprawa-krzewow-jagodowych-4.pdf\">ZF N1_33B Uprawa krzew\u00f3w jagodowych<\/a><\/li>\n<\/ul>\n                                                <\/div>\n                                            <\/li>\n                                        <\/ul>\n\t\t\t\t\t\t                                                        <ul class=\"mn-accordion\">\n                                            <li>\n                                                <h4 class=\"mn-accordion-title\">SEMESTR VI<\/h4>\n                                                <div>\n\t\t\t\t\t\t\t\t\t                <ul>\n<li><a href=\"https:\/\/up.lublin.pl\/ogrodnictwo\/wp-content\/uploads\/sites\/6\/2023\/02\/ZF-N1_34A-Ekologiczne-uprawy-zielarskie-5.pdf\">ZF N1_34A Ekologiczne uprawy zielarskie<\/a><\/li>\n<li><a href=\"https:\/\/up.lublin.pl\/ogrodnictwo\/wp-content\/uploads\/sites\/6\/2023\/02\/ZF-N1_34B-Uprawy-integrowane-6.pdf\">ZF N1_34B Uprawy integrowane<\/a><\/li>\n<li><a href=\"https:\/\/up.lublin.pl\/ogrodnictwo\/wp-content\/uploads\/sites\/6\/2023\/02\/ZF-N1_35A-Ekologia-i-ochrona-srodowiska-6.pdf\">ZF N1_35A Ekologia i&nbsp;ochrona \u015brodowiska<\/a><\/li>\n<li><a href=\"https:\/\/up.lublin.pl\/ogrodnictwo\/wp-content\/uploads\/sites\/6\/2023\/02\/ZF-N1_35B-Siedliska-roslin-zielarskich-6.pdf\">ZF N1_35B Siedliska ro\u015blin zielarskich<\/a><\/li>\n<li><a href=\"https:\/\/up.lublin.pl\/ogrodnictwo\/wp-content\/uploads\/sites\/6\/2023\/02\/ZF-N1_36-Ekonomika-produkcji-zielarskiej-5.pdf\">ZF N1_36 Ekonomika produkcji zielarskiej<\/a><\/li>\n<li><a href=\"https:\/\/up.lublin.pl\/ogrodnictwo\/wp-content\/uploads\/sites\/6\/2023\/02\/ZF-N1_37-Dietetyka-i-zywienie-czlowieka-2.pdf\">ZF N1_37 Dietetyka i&nbsp;\u017cywienie cz\u0142owieka<\/a><\/li>\n<li><a href=\"https:\/\/up.lublin.pl\/ogrodnictwo\/wp-content\/uploads\/sites\/6\/2023\/03\/ZF-N1_38A-Home-and-exotic-spices-1.pdf\">ZF N1_38A Home and exotic spices<\/a><\/li>\n<li><a href=\"https:\/\/up.lublin.pl\/ogrodnictwo\/wp-content\/uploads\/sites\/6\/2023\/03\/ZF-N1_38B-Grzyby-jadalne-2.pdf\">ZF N1_38B Grzyby jadalne<\/a><\/li>\n<li><a href=\"https:\/\/up.lublin.pl\/ogrodnictwo\/wp-content\/uploads\/sites\/6\/2023\/03\/ZF-N1_38C-Greenhouse-phytoproducts-1.pdf\">ZF N1_38C Greenhouse phytoproducts<\/a><\/li>\n<li><a href=\"https:\/\/up.lublin.pl\/ogrodnictwo\/wp-content\/uploads\/sites\/6\/2023\/03\/ZF-N1_39A-Analiza-chemiczna-surowcow-zielarskich-1.pdf\">ZF N1_39A Analiza chemiczna surowc\u00f3w zielarskich<\/a><\/li>\n<li><a href=\"https:\/\/up.lublin.pl\/ogrodnictwo\/wp-content\/uploads\/sites\/6\/2023\/02\/ZF-N1_39B-Diagnostyka-laboratoryjna-fitoproduktow-4.pdf\">ZF N1_39B Diagnostyka laboratoryjna fitoprodukt\u00f3w<\/a><\/li>\n<li><a href=\"https:\/\/up.lublin.pl\/ogrodnictwo\/wp-content\/uploads\/sites\/6\/2023\/03\/ZF-N1_40-Praktyka-4-tyg..pdf\">ZF N1_40 Praktyka (4 tyg.)<\/a><\/li>\n<\/ul>\n                                                <\/div>\n                                            <\/li>\n                                        <\/ul>\n\t\t\t\t\t\t                                                        <ul class=\"mn-accordion\">\n                                            <li>\n                                                <h4 class=\"mn-accordion-title\">SEMESTR VII<\/h4>\n                                                <div>\n\t\t\t\t\t\t\t\t\t                <ul>\n<li><a href=\"https:\/\/up.lublin.pl\/ogrodnictwo\/wp-content\/uploads\/sites\/6\/2023\/02\/ZF-N1_41-Towaroznawstwo-zielarskie-2.pdf\">ZF N1_41 Towaroznawstwo zielarskie<\/a><\/li>\n<li><a href=\"https:\/\/up.lublin.pl\/ogrodnictwo\/wp-content\/uploads\/sites\/6\/2023\/02\/ZF-N1_42A-Projektowanie-plantacji-zielarskich-2.pdf\">ZF N1_42A Projektowanie plantacji zielarskich<\/a><\/li>\n<li><a href=\"https:\/\/up.lublin.pl\/ogrodnictwo\/wp-content\/uploads\/sites\/6\/2023\/03\/ZF-N1_42B-Inz\u0307ynieria-w-produkcji-zielarskiej.pdf\">ZF N1_42B Inz\u0307ynieria w&nbsp;produkcji zielarskiej<\/a><\/li>\n<li><a href=\"https:\/\/up.lublin.pl\/ogrodnictwo\/wp-content\/uploads\/sites\/6\/2023\/02\/ZF-N1_43A-Zanieczyszczenia-produktow-zielarskich-6.pdf\">ZF N1_43A Zanieczyszczenia produkt\u00f3w zielarskich<\/a><\/li>\n<li><a href=\"https:\/\/up.lublin.pl\/ogrodnictwo\/wp-content\/uploads\/sites\/6\/2023\/02\/ZF-N1_43B-Skazenia-produktow-roslinnych-4.pdf\">ZF N1_43B Ska\u017cenia produkt\u00f3w ro\u015blinnych<\/a><\/li>\n<li><a href=\"https:\/\/up.lublin.pl\/ogrodnictwo\/wp-content\/uploads\/sites\/6\/2023\/03\/ZF-N1_44A-Komputerowa-analiza-informacji.pdf\">ZF N1_44A Komputerowa analiza informacji<\/a><\/li>\n<li><a href=\"https:\/\/up.lublin.pl\/ogrodnictwo\/wp-content\/uploads\/sites\/6\/2023\/02\/ZF-N1_44B-Przetwarzanie-baz-danych-3.pdf\">ZF N1_44B Przetwarzanie baz danych<\/a><\/li>\n<li><a href=\"https:\/\/up.lublin.pl\/ogrodnictwo\/wp-content\/uploads\/sites\/6\/2023\/02\/ZF-N1_45-Grafika-inzynierska-2.pdf\">ZF N1_45 Grafika in\u017cynierska<\/a><\/li>\n<li><a href=\"https:\/\/up.lublin.pl\/ogrodnictwo\/wp-content\/uploads\/sites\/6\/2023\/03\/ZF-N1_46A-Farmakologia.pdf\">ZF N1_46A Farmakologia<\/a><\/li>\n<li><a href=\"https:\/\/up.lublin.pl\/ogrodnictwo\/wp-content\/uploads\/sites\/6\/2023\/03\/ZF-N1_46B-Chemia-leko\u0301w.pdf\">ZF N1_46B Chemia leko\u0301w<\/a><\/li>\n<li><a href=\"https:\/\/up.lublin.pl\/ogrodnictwo\/wp-content\/uploads\/sites\/6\/2023\/02\/ZF-N1_47-Seminarium-dyplomowe-1-w-tym-metodyka-wyszukiwania-informacji-naukowych-2.pdf\">ZF N1_47 Seminarium dyplomowe 1 (w tym metodyka wyszukiwania informacji naukowych)<\/a><\/li>\n<\/ul>\n                                                <\/div>\n                                            <\/li>\n                                        <\/ul>\n\t\t\t\t\t\t                                                        <ul class=\"mn-accordion\">\n                                            <li>\n                                                <h4 class=\"mn-accordion-title\">SEMESTR VIII<\/h4>\n                                                <div>\n\t\t\t\t\t\t\t\t\t                <ul>\n<li><a href=\"https:\/\/up.lublin.pl\/ogrodnictwo\/wp-content\/uploads\/sites\/6\/2023\/02\/ZF-N1_48A-Fitoterapia-2.pdf\">ZF N1_48A Fitoterapia<\/a><\/li>\n<li><a href=\"https:\/\/up.lublin.pl\/ogrodnictwo\/wp-content\/uploads\/sites\/6\/2023\/02\/ZF-N1_48B-Leki-roslinne-2.pdf\">ZF N1_48B Leki ro\u015blinne<\/a><\/li>\n<li><a href=\"https:\/\/up.lublin.pl\/ogrodnictwo\/wp-content\/uploads\/sites\/6\/2023\/02\/ZF-N1_49-Obrot-produktami-leczniczymi-2.pdf\">ZF N1_49 Obr\u00f3t produktami leczniczymi<\/a><\/li>\n<li><a href=\"https:\/\/up.lublin.pl\/ogrodnictwo\/wp-content\/uploads\/sites\/6\/2023\/02\/ZF-N1_50A-Rosliny-lecznicze-swiata-2.pdf\">ZF N1_50A Ro\u015bliny lecznicze \u015bwiata<\/a><\/li>\n<li><a href=\"https:\/\/up.lublin.pl\/ogrodnictwo\/wp-content\/uploads\/sites\/6\/2023\/02\/ZF-N1_50B-Naturalne-produkty-lecznicze-2.pdf\">ZF N1_50B Naturalne produkty lecznicze<\/a><\/li>\n<li><a href=\"https:\/\/up.lublin.pl\/ogrodnictwo\/wp-content\/uploads\/sites\/6\/2023\/02\/ZF-N1_51A-Zarzadzanie-w-sektorze-zielarskim-3.pdf\">ZF N1_51A Zarz\u0105dzanie w&nbsp;sektorze zielarskim<\/a><\/li>\n<li><a href=\"https:\/\/up.lublin.pl\/ogrodnictwo\/wp-content\/uploads\/sites\/6\/2023\/02\/ZF-N1_51B-Finansowanie-projektow-z-funduszy-UE-3.pdf\">ZF N1_51B Finansowanie projekt\u00f3w z&nbsp;funduszy UE<\/a><\/li>\n<li><a href=\"https:\/\/up.lublin.pl\/ogrodnictwo\/wp-content\/uploads\/sites\/6\/2023\/02\/ZF-N1_52-Seminarium-dyplomowe-2-2.pdf\">ZF N1_52 Seminarium dyplomowe 2<\/a><\/li>\n<li><a href=\"https:\/\/up.lublin.pl\/ogrodnictwo\/wp-content\/uploads\/sites\/6\/2023\/02\/ZF-N1_53-Projekt-inzynierski-i-egzamin-dyplomowy-2.pdf\">ZF N1_53 Projekt in\u017cynierski i&nbsp;egzamin dyplomowy<\/a><\/li>\n<\/ul>\n                                                <\/div>\n                                            <\/li>\n                                        <\/ul>\n\t\t\t\t\t\t                                <\/div>\n\t\t\t\t                <div class=\"mn-content-block\">\n\t                                <\/div>\n\t\t\t\t                <div class=\"mn-content-block\">\n\t                                <\/div>\n\t\t\t\t                <div class=\"mn-content-block\">\n\t                                <\/div>\n\t\t\t\t                <div class=\"mn-content-block\">\n\t                                <\/div>\n\t\t\t\t                <div class=\"mn-content-block\">\n\t                                <\/div>\n\t\t\t\t                <div class=\"mn-content-block\">\n\t                                <\/div>\n\t\t\t\t                <div class=\"mn-content-block\">\n\t                                <\/div>\n\t\t\t\t                <div class=\"mn-content-block\">\n\t                                <\/div>\n\t\t\t\t                <div class=\"mn-content-block\">\n\t                                <\/div>\n\t\t\t\t                <div class=\"mn-content-block\">\n\t                                <\/div>\n\t\t\t\t                <div class=\"mn-content-block\">\n\t                                <\/div>\n\t\t\t\t                <div class=\"mn-content-block\">\n\t                                <\/div>\n\t\t\t\t                <div class=\"mn-content-block\">\n\t                                <\/div>\n\t\t\t\t                <div class=\"mn-content-block\">\n\t                                <\/div>\n\t\t\t\t                <div class=\"mn-content-block\">\n\t                                <\/div>\n\t\t\t\t                <div class=\"mn-content-block\">\n\t                                <\/div>\n\t\t\t\t                <div class=\"mn-content-block\">\n\t                                <\/div>\n\t\t\t\t                <div class=\"mn-content-block\">\n\t                                <\/div>\n\t\t\t\t                <div class=\"mn-content-block\">\n\t                                <\/div>\n\t\t\t\t\t\t<\/div>\n\t<\/div>\n<\/section>\n\t\t<\/div>\n\t\t\t\t<\/div>\n\t\t\t\t\t\t<\/div>\n\t\t\t\t\t<\/div>\n\t\t<\/div>\n\t\t\t\t\t\t\t\t<\/div>\n\t\t\t\t\t<\/div>\n\t\t<\/section>\n\t\t\t\t\t\t<\/div>\n\t\t\t\t\t\t<\/div>\n\t\t\t\t\t<\/div>\n\t\t","protected":false},"excerpt":{"rendered":"<p>\u2190 powr\u00f3t Zielarstwo i&nbsp;fitoprodukty &#8211; Studia Niestacjonarne I&nbsp;st. 2021-2022 SEMESTR I ZF N1_1A J\u0119zyk obcy 1- Angielski B2 ZF N1_1B J\u0119zyk obcy 1- Francuski B2 ZF N1_1C J\u0119zyk obcy 1- Niemiecki B2 ZF N1_1D J\u0119zyk obcy 1- Rosyjski B2 ZF N1_2_Botanika ZF N1_3 Chemia ZF N1_4 Analityka laboratoryjna ZF N1_5 Technologie informacyjne ZF N1_6 BHP [&hellip;]<\/p>\n","protected":false},"author":279,"featured_media":0,"parent":178669,"menu_order":0,"comment_status":"closed","ping_status":"closed","template":"elementor_header_footer","meta":{"_monsterinsights_skip_tracking":false,"_monsterinsights_sitenote_active":false,"_monsterinsights_sitenote_note":"","_monsterinsights_sitenote_category":0},"_links":{"self":[{"href":"https:\/\/up.lublin.pl\/ogrodnictwo\/wp-json\/wp\/v2\/pages\/157177"}],"collection":[{"href":"https:\/\/up.lublin.pl\/ogrodnictwo\/wp-json\/wp\/v2\/pages"}],"about":[{"href":"https:\/\/up.lublin.pl\/ogrodnictwo\/wp-json\/wp\/v2\/types\/page"}],"author":[{"embeddable":true,"href":"https:\/\/up.lublin.pl\/ogrodnictwo\/wp-json\/wp\/v2\/users\/279"}],"replies":[{"embeddable":true,"href":"https:\/\/up.lublin.pl\/ogrodnictwo\/wp-json\/wp\/v2\/comments?post=157177"}],"version-history":[{"count":124,"href":"https:\/\/up.lublin.pl\/ogrodnictwo\/wp-json\/wp\/v2\/pages\/157177\/revisions"}],"predecessor-version":[{"id":165501,"href":"https:\/\/up.lublin.pl\/ogrodnictwo\/wp-json\/wp\/v2\/pages\/157177\/revisions\/165501"}],"up":[{"embeddable":true,"href":"https:\/\/up.lublin.pl\/ogrodnictwo\/wp-json\/wp\/v2\/pages\/178669"}],"wp:attachment":[{"href":"https:\/\/up.lublin.pl\/ogrodnictwo\/wp-json\/wp\/v2\/media?parent=157177"}],"curies":[{"name":"wp","href":"https:\/\/api.w.org\/{rel}","templated":true}]}}