{"id":153898,"date":"2022-12-23T14:51:13","date_gmt":"2022-12-23T13:51:13","guid":{"rendered":"https:\/\/up.lublin.pl\/ogrodnictwo\/?page_id=153898"},"modified":"2025-09-30T16:14:51","modified_gmt":"2025-09-30T14:14:51","slug":"zielarstwo-i-fitoprodukty-studia-niestacjonarne-ii-st","status":"publish","type":"page","link":"https:\/\/up.lublin.pl\/ogrodnictwo\/ksztalcenie-2\/zielarstwo-i-fitoprodukty-studia-niestacjonarne-ii-st\/","title":{"rendered":"Zielarstwo i fitoprodukty Studia Niestacjonarne II st."},"content":{"rendered":"\t\t<div data-elementor-type=\"wp-page\" data-elementor-id=\"153898\" class=\"elementor elementor-153898\" data-elementor-settings=\"[]\">\n\t\t\t\t\t\t<div class=\"elementor-inner\">\n\t\t\t\t\t\t\t<div class=\"elementor-section-wrap\">\n\t\t\t\t\t\t\t<section class=\"elementor-section elementor-top-section elementor-element elementor-element-2f2bd63b elementor-section-boxed elementor-section-height-default elementor-section-height-default\" data-id=\"2f2bd63b\" data-element_type=\"section\">\n\t\t\t\t\t\t<div class=\"elementor-container elementor-column-gap-default\">\n\t\t\t\t\t\t\t<div class=\"elementor-row\">\n\t\t\t\t\t<div class=\"elementor-column elementor-col-100 elementor-top-column elementor-element elementor-element-3e20ae10\" data-id=\"3e20ae10\" data-element_type=\"column\">\n\t\t\t<div class=\"elementor-column-wrap elementor-element-populated\">\n\t\t\t\t\t\t\t<div class=\"elementor-widget-wrap\">\n\t\t\t\t\t\t<div class=\"elementor-element elementor-element-3ac3bf22 elementor-widget elementor-widget-m5c\" data-id=\"3ac3bf22\" data-element_type=\"widget\" data-widget_type=\"m5c.default\">\n\t\t\t\t<div class=\"elementor-widget-container\">\n\t\t\t<section class=\"mn-m5-c mn-m5-d2 mn-bg-white\">\n\t<div class=\"mn-grid\">\n\t\t\t\t<div class=\"mn-content mn-grid-9\">\n\t\t\t                <div class=\"mn-content-block active\">\n\t                                                        <div class=\"block-text\">\n\t                                        <h5><a href=\"https:\/\/up.lublin.pl\/ogrodnictwo\/ksztalcenie\/#opisy_sylabus%C3%B3w\">\u2190 powr\u00f3t<\/a><\/p>\n<\/h5>\n<h2 style=\"text-align: center\"><span style=\"font-size: 28px\">Zielarstwo i&nbsp;fitoprodukty &#8211; Studia Niestacjonarne II st. 2022-2023<\/span><\/h2>\n                                        <\/div>\n\t\t\t\t\t\t                                                        <ul class=\"mn-accordion\">\n                                            <li>\n                                                <h4 class=\"mn-accordion-title\">Semestr I<\/h4>\n                                                <div>\n\t\t\t\t\t\t\t\t\t                <ul>\n<li><a href=\"https:\/\/up.lublin.pl\/ogrodnictwo\/wp-content\/uploads\/sites\/6\/2023\/02\/ZF_N2_1_1-Angielski.pdf\">ZF_N2_1_1 J\u0119zyk obcy specjalistyczny 1\u2013 Angielski B2+<\/a><\/li>\n<li><a href=\"https:\/\/up.lublin.pl\/ogrodnictwo\/wp-content\/uploads\/sites\/6\/2023\/02\/ZF_N2_1_2-Francuski.pdf\">ZF_N2_1_2 J\u0119zyk obcy specjalistyczny 1\u2013 Francuski B2+<\/a><\/li>\n<li><a href=\"https:\/\/up.lublin.pl\/ogrodnictwo\/wp-content\/uploads\/sites\/6\/2023\/02\/ZF_N2_1_3-Niemiecki.pdf\">ZF_N2_1_3 J\u0119zyk obcy specjalistyczny 1\u2013 Niemiecki B2+<\/a><\/li>\n<li><a href=\"https:\/\/up.lublin.pl\/ogrodnictwo\/wp-content\/uploads\/sites\/6\/2023\/02\/ZF_N2_1_4-Rosyjski.pdf\">ZF_N2_1_4 J\u0119zyk obcy specjalistyczny 1\u2013 Rosyjski B2+<\/a><\/li>\n<li><a href=\"https:\/\/up.lublin.pl\/ogrodnictwo\/wp-content\/uploads\/sites\/6\/2023\/02\/ZF_N2_2-Preparaty-galenowe-1.pdf\">ZF_N2_2 Preparaty galenowe<\/a><\/li>\n<li><a href=\"https:\/\/up.lublin.pl\/ogrodnictwo\/wp-content\/uploads\/sites\/6\/2023\/02\/ZF_N2_3_1-Fitokosmetyki-ochronne-1.pdf\">ZF_N2_3_1 Fitokosmetyki ochronne<\/a><\/li>\n<li><a href=\"https:\/\/up.lublin.pl\/ogrodnictwo\/wp-content\/uploads\/sites\/6\/2023\/02\/ZF_N2_3_2-Ziola-w-weterynarii.pdf\">ZF_N2_3_2 Zio\u0142a w&nbsp;weterynarii<\/a><\/li>\n<li><a href=\"https:\/\/up.lublin.pl\/ogrodnictwo\/wp-content\/uploads\/sites\/6\/2023\/02\/ZF_N2_4_1-Innowacje-w-zielarstwie-i-ziololecznictwie.pdf\">ZF_N2_4_1 Innowacje w&nbsp;zielarstwie i&nbsp;zio\u0142olecznictwie<\/a><\/li>\n<li><a href=\"https:\/\/up.lublin.pl\/ogrodnictwo\/wp-content\/uploads\/sites\/6\/2023\/02\/ZF_N2_4_2-Rosliny-toksyczne-i-fitotoksyny.pdf\">ZF_N2_4_2 Ro\u015bliny toksyczne i&nbsp;fitotoksyny<\/a><\/li>\n<li><a href=\"https:\/\/up.lublin.pl\/ogrodnictwo\/wp-content\/uploads\/sites\/6\/2023\/02\/ZF_N2_4_3-Invasive-plants.pdf\">ZF_N2_4_3 Invasive plants<\/a><\/li>\n<li><a href=\"https:\/\/up.lublin.pl\/ogrodnictwo\/wp-content\/uploads\/sites\/6\/2023\/02\/ZF_N2_5_1-Dzieje-upraw-i-roslin-leczniczych..pdf\">ZF_N2_5_1 Dzieje upraw ro\u015blin leczniczych<\/a><\/li>\n<li><a href=\"https:\/\/up.lublin.pl\/ogrodnictwo\/wp-content\/uploads\/sites\/6\/2023\/02\/ZF_N2_5_2-Ziola-w-tradycji-ludowej.pdf\">ZF_N2_5_2 Zio\u0142a w&nbsp;tradycji ludowej<\/a><\/li>\n<li><a href=\"https:\/\/up.lublin.pl\/ogrodnictwo\/wp-content\/uploads\/sites\/6\/2023\/02\/ZF_N2_6_1-Analiza-instrumentalna-w-zielarstwie-1.pdf\">ZF_N2_6_1 Analiza instrumentalna w&nbsp;zielarstwie<\/a><\/li>\n<li><a href=\"https:\/\/up.lublin.pl\/ogrodnictwo\/wp-content\/uploads\/sites\/6\/2023\/02\/ZF_N2_6_2-Bioaktywnosc-nalewek-ziolowych.pdf\">ZF_N2_6_2 Bioaktywno\u015b\u0107 nalewek zio\u0142owych<\/a><\/li>\n<li><a href=\"https:\/\/up.lublin.pl\/ogrodnictwo\/wp-content\/uploads\/sites\/6\/2023\/02\/ZF_N2_6_3-Barwniki-i-wlokna-naturalne-1.pdf\">ZF_N2_6_3 Barwniki i&nbsp;w\u0142\u00f3kna naturalne<\/a><\/li>\n<\/ul>\n                                                <\/div>\n                                            <\/li>\n                                        <\/ul>\n\t\t\t\t\t\t                                                        <ul class=\"mn-accordion\">\n                                            <li>\n                                                <h4 class=\"mn-accordion-title\">Semestr II<\/h4>\n                                                <div>\n\t\t\t\t\t\t\t\t\t                <ul>\n<li><a href=\"https:\/\/up.lublin.pl\/ogrodnictwo\/wp-content\/uploads\/sites\/6\/2023\/02\/ZF_N2_7-Fitoterapia-stosowana.pdf\">ZF_N2_7 Fitoterapia stosowana<\/a><\/li>\n<li><a href=\"https:\/\/up.lublin.pl\/ogrodnictwo\/wp-content\/uploads\/sites\/6\/2023\/02\/ZF_N2_8-Fitoaromaty.pdf\">ZF_N2_8 Fitoaromaty<\/a><\/li>\n<li><a href=\"https:\/\/up.lublin.pl\/ogrodnictwo\/wp-content\/uploads\/sites\/6\/2023\/02\/ZF_N2_9-Bioaktywnosc-produktow-pszczelich.pdf\">ZF_N2_9 Bioaktywno\u015b\u0107 produkt\u00f3w pszczelich<\/a><\/li>\n<li><a href=\"https:\/\/up.lublin.pl\/ogrodnictwo\/wp-content\/uploads\/sites\/6\/2023\/02\/ZF_N2_10-Potencjal-terapeutyczny-uzywek-roslinnych.pdf\">ZF_N2_10 Potencja\u0142 terapeutyczny u\u017cywek ro\u015blinnych<\/a><\/li>\n<li><a href=\"https:\/\/up.lublin.pl\/ogrodnictwo\/wp-content\/uploads\/sites\/6\/2023\/02\/ZF_N2_11_1-Konserwacja-fitoproduktow.pdf\">ZF_N2_11_1 Konserwacja fitoprodukt\u00f3w<\/a><\/li>\n<li><a href=\"https:\/\/up.lublin.pl\/ogrodnictwo\/wp-content\/uploads\/sites\/6\/2023\/02\/ZF_N2_11_2-Timing-w-produkcji-zielarskiej.pdf\">ZF_N2_11_2 Timing w&nbsp;produkcji zielarskiej<\/a><\/li>\n<li><a href=\"https:\/\/up.lublin.pl\/ogrodnictwo\/wp-content\/uploads\/sites\/6\/2023\/02\/ZF_N2_12_1-Ogrody-terapeutyczne.pdf\">ZF_N2_12_1 Ogrody terapeutyczne<\/a><\/li>\n<li><a href=\"https:\/\/up.lublin.pl\/ogrodnictwo\/wp-content\/uploads\/sites\/6\/2023\/02\/ZF_N2_12_2-Ziola-we-florystyce.pdf\">ZF_N2_12_2 Zio\u0142a we florystyce<\/a><\/li>\n<\/ul>\n                                                <\/div>\n                                            <\/li>\n                                        <\/ul>\n\t\t\t\t\t\t                                                        <ul class=\"mn-accordion\">\n                                            <li>\n                                                <h4 class=\"mn-accordion-title\">Semestr III<\/h4>\n                                                <div>\n\t\t\t\t\t\t\t\t\t                <ul>\n<li><a href=\"https:\/\/up.lublin.pl\/ogrodnictwo\/wp-content\/uploads\/sites\/6\/2023\/02\/ZF_N2_13_1-Kultury-in-vitro-w-prodkcji-zielarskiej.pdf\">ZF_N2_13_1 Kultury in vitro w&nbsp;prodkcji zielarskiej<\/a><\/li>\n<li><a href=\"https:\/\/up.lublin.pl\/ogrodnictwo\/wp-content\/uploads\/sites\/6\/2023\/02\/ZF_N2_13_2-Micropropagation-medicinal-plants-1.pdf\">ZF_N2_13_2 Micropropagation of rare domestic medicinal plants<\/a><\/li>\n<li><a href=\"https:\/\/up.lublin.pl\/ogrodnictwo\/wp-content\/uploads\/sites\/6\/2023\/02\/ZF_N2_14-Suplementy-diety.pdf\">ZF_N2_14 Suplementy diety<\/a><\/li>\n<li><a href=\"https:\/\/up.lublin.pl\/ogrodnictwo\/wp-content\/uploads\/sites\/6\/2023\/02\/ZF_N2_15_1-Biooleje.pdf\">ZF_N2_15_1 Biooleje<\/a><\/li>\n<li><a href=\"https:\/\/up.lublin.pl\/ogrodnictwo\/wp-content\/uploads\/sites\/6\/2023\/02\/ZF_N2_15_2-Mykotoksyny-w-fitoproduktach-1.pdf\">ZF_N2_15_2 Mykotoksyny w&nbsp;fitoproduktach<\/a><\/li>\n<li><a href=\"https:\/\/up.lublin.pl\/ogrodnictwo\/wp-content\/uploads\/sites\/6\/2023\/02\/ZF_N2_16-Programy-komputerowe-w-zielarstwie.pdf\">ZF_N2_16 Programy komputerowe w&nbsp;zielarstwie<\/a><\/li>\n<li><a href=\"https:\/\/up.lublin.pl\/ogrodnictwo\/wp-content\/uploads\/sites\/6\/2023\/02\/ZF_N2_17-Statystyka-i-doswiadczalnictwo.pdf\">ZF_N2_17 Statystyka i&nbsp;do\u015bwiadczalnictwo<\/a><\/li>\n<li><a href=\"https:\/\/up.lublin.pl\/ogrodnictwo\/wp-content\/uploads\/sites\/6\/2023\/02\/ZF_N2_18-Eksperyment-w-doswiadczalnictwie-przyrodniczym-1.pdf\">ZF_N2_18 Eksperyment w&nbsp;do\u015bwiadczalnictwie przyrodniczym<\/a><\/li>\n<li><a href=\"https:\/\/up.lublin.pl\/ogrodnictwo\/wp-content\/uploads\/sites\/6\/2023\/02\/ZF_N2_19-Seminarium-dyplomowe-1-1.pdf\">ZF_N2_19 Seminarium dyplomowe 1<\/a><\/li>\n<\/ul>\n                                                <\/div>\n                                            <\/li>\n                                        <\/ul>\n\t\t\t\t\t\t                                                        <ul class=\"mn-accordion\">\n                                            <li>\n                                                <h4 class=\"mn-accordion-title\">Semestr IV<\/h4>\n                                                <div>\n\t\t\t\t\t\t\t\t\t                <ul>\n<li><a href=\"https:\/\/up.lublin.pl\/ogrodnictwo\/wp-content\/uploads\/sites\/6\/2023\/02\/ZF_N2_20-Konfekcjonowanie-surowcow-zielarskich-1.pdf\">ZF_N2_20 Konfekcjonowanie surowc\u00f3w zielarskich<\/a><\/li>\n<li><a href=\"https:\/\/up.lublin.pl\/ogrodnictwo\/wp-content\/uploads\/sites\/6\/2023\/02\/ZF_N2_21-Fitoprodukty-w-profilaktyce-zdrowotnej.pdf\">ZF_N2_21 Fitoprodukty w&nbsp;profilaktyce zdrowotnej<\/a><\/li>\n<li><a href=\"https:\/\/up.lublin.pl\/ogrodnictwo\/wp-content\/uploads\/sites\/6\/2023\/02\/ZF_N2_22_1-Tworzenie-modeli-biznesowych-1.pdf\">ZF_N2_22_1 Tworzenie modeli biznesowych<\/a><\/li>\n<li><a href=\"https:\/\/up.lublin.pl\/ogrodnictwo\/wp-content\/uploads\/sites\/6\/2023\/02\/ZF_N2_22_2-Marketing-w-sektorze-zielarskim-1.pdf\">ZF_N2_22_2 Marketing w&nbsp;sektorze zielarskim<\/a><\/li>\n<li><a href=\"https:\/\/up.lublin.pl\/ogrodnictwo\/wp-content\/uploads\/sites\/6\/2023\/02\/ZF_N2_23-Seminarium-dyplomowe-2-1.pdf\">ZF_N2_23 Seminarium dyplomowe 2<\/a><\/li>\n<li><a href=\"https:\/\/up.lublin.pl\/ogrodnictwo\/wp-content\/uploads\/sites\/6\/2023\/02\/ZF_N2_24-Praca-magisterska.pdf\">ZF_N2_24 Praca magisterska i&nbsp;egzamin dyplomowy<\/a><\/li>\n<\/ul>\n                                                <\/div>\n                                            <\/li>\n                                        <\/ul>\n\t\t\t\t\t\t                                <\/div>\n\t\t\t\t                <div class=\"mn-content-block\">\n\t                                <\/div>\n\t\t\t\t                <div class=\"mn-content-block\">\n\t                                <\/div>\n\t\t\t\t                <div class=\"mn-content-block\">\n\t                                <\/div>\n\t\t\t\t                <div class=\"mn-content-block\">\n\t                                <\/div>\n\t\t\t\t                <div class=\"mn-content-block\">\n\t                                <\/div>\n\t\t\t\t                <div class=\"mn-content-block\">\n\t                                <\/div>\n\t\t\t\t                <div class=\"mn-content-block\">\n\t                                <\/div>\n\t\t\t\t                <div class=\"mn-content-block\">\n\t                                <\/div>\n\t\t\t\t                <div class=\"mn-content-block\">\n\t                                <\/div>\n\t\t\t\t                <div class=\"mn-content-block\">\n\t                                <\/div>\n\t\t\t\t                <div class=\"mn-content-block\">\n\t                                <\/div>\n\t\t\t\t                <div class=\"mn-content-block\">\n\t                                <\/div>\n\t\t\t\t                <div class=\"mn-content-block\">\n\t                                <\/div>\n\t\t\t\t                <div class=\"mn-content-block\">\n\t                                <\/div>\n\t\t\t\t                <div class=\"mn-content-block\">\n\t                                <\/div>\n\t\t\t\t                <div class=\"mn-content-block\">\n\t                                <\/div>\n\t\t\t\t                <div class=\"mn-content-block\">\n\t                                <\/div>\n\t\t\t\t                <div class=\"mn-content-block\">\n\t                                <\/div>\n\t\t\t\t                <div class=\"mn-content-block\">\n\t                                <\/div>\n\t\t\t\t\t\t<\/div>\n\t<\/div>\n<\/section>\n\t\t<\/div>\n\t\t\t\t<\/div>\n\t\t\t\t\t\t<\/div>\n\t\t\t\t\t<\/div>\n\t\t<\/div>\n\t\t\t\t\t\t\t\t<\/div>\n\t\t\t\t\t<\/div>\n\t\t<\/section>\n\t\t\t\t\t\t<\/div>\n\t\t\t\t\t\t<\/div>\n\t\t\t\t\t<\/div>\n\t\t","protected":false},"excerpt":{"rendered":"<p>\u2190 powr\u00f3t Zielarstwo i&nbsp;fitoprodukty &#8211; Studia Niestacjonarne II st. 2022-2023 Semestr I ZF_N2_1_1 J\u0119zyk obcy specjalistyczny 1\u2013 Angielski B2+ ZF_N2_1_2 J\u0119zyk obcy specjalistyczny 1\u2013 Francuski B2+ ZF_N2_1_3 J\u0119zyk obcy specjalistyczny 1\u2013 Niemiecki B2+ ZF_N2_1_4 J\u0119zyk obcy specjalistyczny 1\u2013 Rosyjski B2+ ZF_N2_2 Preparaty galenowe ZF_N2_3_1 Fitokosmetyki ochronne ZF_N2_3_2 Zio\u0142a w&nbsp;weterynarii ZF_N2_4_1 Innowacje w&nbsp;zielarstwie i&nbsp;zio\u0142olecznictwie ZF_N2_4_2 Ro\u015bliny [&hellip;]<\/p>\n","protected":false},"author":279,"featured_media":0,"parent":178669,"menu_order":0,"comment_status":"closed","ping_status":"closed","template":"elementor_header_footer","meta":{"_monsterinsights_skip_tracking":false,"_monsterinsights_sitenote_active":false,"_monsterinsights_sitenote_note":"","_monsterinsights_sitenote_category":0},"_links":{"self":[{"href":"https:\/\/up.lublin.pl\/ogrodnictwo\/wp-json\/wp\/v2\/pages\/153898"}],"collection":[{"href":"https:\/\/up.lublin.pl\/ogrodnictwo\/wp-json\/wp\/v2\/pages"}],"about":[{"href":"https:\/\/up.lublin.pl\/ogrodnictwo\/wp-json\/wp\/v2\/types\/page"}],"author":[{"embeddable":true,"href":"https:\/\/up.lublin.pl\/ogrodnictwo\/wp-json\/wp\/v2\/users\/279"}],"replies":[{"embeddable":true,"href":"https:\/\/up.lublin.pl\/ogrodnictwo\/wp-json\/wp\/v2\/comments?post=153898"}],"version-history":[{"count":67,"href":"https:\/\/up.lublin.pl\/ogrodnictwo\/wp-json\/wp\/v2\/pages\/153898\/revisions"}],"predecessor-version":[{"id":163543,"href":"https:\/\/up.lublin.pl\/ogrodnictwo\/wp-json\/wp\/v2\/pages\/153898\/revisions\/163543"}],"up":[{"embeddable":true,"href":"https:\/\/up.lublin.pl\/ogrodnictwo\/wp-json\/wp\/v2\/pages\/178669"}],"wp:attachment":[{"href":"https:\/\/up.lublin.pl\/ogrodnictwo\/wp-json\/wp\/v2\/media?parent=153898"}],"curies":[{"name":"wp","href":"https:\/\/api.w.org\/{rel}","templated":true}]}}