{"id":153896,"date":"2022-12-23T14:50:02","date_gmt":"2022-12-23T13:50:02","guid":{"rendered":"https:\/\/up.lublin.pl\/ogrodnictwo\/?page_id=153896"},"modified":"2023-03-07T18:53:48","modified_gmt":"2023-03-07T17:53:48","slug":"zielarstwo-i-fitoprodukty-studia-stacjonarne-ii-st","status":"publish","type":"page","link":"https:\/\/up.lublin.pl\/ogrodnictwo\/zielarstwo-i-fitoprodukty-studia-stacjonarne-ii-st\/","title":{"rendered":"Zielarstwo i fitoprodukty Studia Stacjonarne II st."},"content":{"rendered":"\t\t<div data-elementor-type=\"wp-page\" data-elementor-id=\"153896\" class=\"elementor elementor-153896\" data-elementor-settings=\"[]\">\n\t\t\t\t\t\t<div class=\"elementor-inner\">\n\t\t\t\t\t\t\t<div class=\"elementor-section-wrap\">\n\t\t\t\t\t\t\t<section class=\"elementor-section elementor-top-section elementor-element elementor-element-7a78b082 elementor-section-boxed elementor-section-height-default elementor-section-height-default\" data-id=\"7a78b082\" data-element_type=\"section\">\n\t\t\t\t\t\t<div class=\"elementor-container elementor-column-gap-default\">\n\t\t\t\t\t\t\t<div class=\"elementor-row\">\n\t\t\t\t\t<div class=\"elementor-column elementor-col-100 elementor-top-column elementor-element elementor-element-4a2de0c8\" data-id=\"4a2de0c8\" data-element_type=\"column\">\n\t\t\t<div class=\"elementor-column-wrap elementor-element-populated\">\n\t\t\t\t\t\t\t<div class=\"elementor-widget-wrap\">\n\t\t\t\t\t\t<div class=\"elementor-element elementor-element-45b33bb5 elementor-widget elementor-widget-m5c\" data-id=\"45b33bb5\" data-element_type=\"widget\" data-widget_type=\"m5c.default\">\n\t\t\t\t<div class=\"elementor-widget-container\">\n\t\t\t<section class=\"mn-m5-c mn-m5-d2 mn-bg-white\">\n\t<div class=\"mn-grid\">\n\t\t\t\t<div class=\"mn-content mn-grid-9\">\n\t\t\t                <div class=\"mn-content-block active\">\n\t                                                        <div class=\"block-text\">\n\t                                        <h5><a href=\"https:\/\/up.lublin.pl\/ogrodnictwo\/ksztalcenie\/#opisy_sylabus%C3%B3w\">\u2190 powr\u00f3t<\/a><\/h5>\n<h2 style=\"text-align: center\"><span style=\"font-size: 28px\">Zielarstwo i&nbsp;fitoprodukty &#8211; Studia Stacjonarne II st. 2022-2023<\/span><\/h2>\n                                        <\/div>\n\t\t\t\t\t\t                                                        <ul class=\"mn-accordion\">\n                                            <li>\n                                                <h4 class=\"mn-accordion-title\">Semestr I<\/h4>\n                                                <div>\n\t\t\t\t\t\t\t\t\t                <ul>\n<li><a href=\"https:\/\/up.lublin.pl\/ogrodnictwo\/wp-content\/uploads\/sites\/6\/2023\/02\/ZF_S2_1_1-Angielski-1.pdf\">ZF_S2_1_1 J\u0119zyk obcy specjalistyczny 1\u2013 Angielski B2+<\/a><\/li>\n<li><a href=\"https:\/\/up.lublin.pl\/ogrodnictwo\/wp-content\/uploads\/sites\/6\/2023\/02\/ZF_S2_1_2-Francuski-1.pdf\">ZF_S2_1_2 J\u0119zyk obcy specjalistyczny 1\u2013 Francuski B2+<\/a><\/li>\n<li><a href=\"https:\/\/up.lublin.pl\/ogrodnictwo\/wp-content\/uploads\/sites\/6\/2023\/02\/ZF_S2_1_3-Niemiecki-1.pdf\">ZF_S2_1_3 J\u0119zyk obcy specjalistyczny 1\u2013 Niemiecki B2+<\/a><\/li>\n<li><a href=\"https:\/\/up.lublin.pl\/ogrodnictwo\/wp-content\/uploads\/sites\/6\/2023\/02\/ZF_S2_1_4-Rosyjski-1.pdf\">ZF_S2_1_4 J\u0119zyk obcy specjalistyczny 1\u2013 Rosyjski B2+<\/a><\/li>\n<li><a href=\"https:\/\/up.lublin.pl\/ogrodnictwo\/wp-content\/uploads\/sites\/6\/2023\/02\/ZF_S2_2-Preparaty-galenowe-1.pdf\">ZF_S2_2 Preparaty galenowe<\/a><\/li>\n<li><a href=\"https:\/\/up.lublin.pl\/ogrodnictwo\/wp-content\/uploads\/sites\/6\/2023\/02\/ZF_S2_3-Potencjal-fitoterapeutyczny-uzywek-roslinnych-1-1.pdf\">ZF_S2_3 Potencja\u0142 fitoterapeutyczny u\u017cywek ro\u015blinnych<\/a><\/li>\n<li><a href=\"https:\/\/up.lublin.pl\/ogrodnictwo\/wp-content\/uploads\/sites\/6\/2023\/02\/ZF_S2_4-Fitoterapia-stosowana-1.pdf\">ZF_S2_4 Fitoterapia stosowana<\/a><\/li>\n<li><a href=\"https:\/\/up.lublin.pl\/ogrodnictwo\/wp-content\/uploads\/sites\/6\/2023\/03\/ZF_S2_5_1-Fitokosmetyki-ochronne.pdf\">ZF_S2_5_1 Fitokosmetyki ochronne<\/a><\/li>\n<li><a href=\"https:\/\/up.lublin.pl\/ogrodnictwo\/wp-content\/uploads\/sites\/6\/2023\/02\/ZF_S2_5_2-Ziola-w-weterynarii-1.pdf\">ZF_S2_5_2 Zio\u0142a w&nbsp;weterynarii<\/a><\/li>\n<li><a href=\"https:\/\/up.lublin.pl\/ogrodnictwo\/wp-content\/uploads\/sites\/6\/2023\/02\/ZF_S2_6_1-Innowacje-w-zielarstwie-i-ziololecznictwie-1.pdf\">ZF_S2_6_1 Innowacje w&nbsp;zielarstwie i&nbsp;zio\u0142olecznictwie<\/a><\/li>\n<li><a href=\"https:\/\/up.lublin.pl\/ogrodnictwo\/wp-content\/uploads\/sites\/6\/2023\/02\/ZF_S2_6_2-Rosliny-toksyczne-i-fitotoksyny-stacj-1.pdf\">ZF_S2_6_2 Ro\u015bliny toksyczne i&nbsp;fitotoksyny<\/a><\/li>\n<li><a href=\"https:\/\/up.lublin.pl\/ogrodnictwo\/wp-content\/uploads\/sites\/6\/2023\/02\/ZF_S2_6_3-Invasive-plants-1.pdf\">ZF_S2_6_3 Invasive plants<\/a><\/li>\n<li><a href=\"https:\/\/up.lublin.pl\/ogrodnictwo\/wp-content\/uploads\/sites\/6\/2023\/02\/ZF_S2_7_1-Analiza-instrumentalna-w-zielarstwie-1.pdf\">ZF_S2_7_1 Analiza instrumentalna w&nbsp;zielarstwie<\/a><\/li>\n<li><a href=\"https:\/\/up.lublin.pl\/ogrodnictwo\/wp-content\/uploads\/sites\/6\/2023\/02\/ZF_S2_7_3-Barwniki-i-wlokna-naturalne-1.pdf\">ZF_S2_7_3 Barwniki i&nbsp;w\u0142\u00f3kna naturalne<\/a><\/li>\n<li><a href=\"https:\/\/up.lublin.pl\/ogrodnictwo\/wp-content\/uploads\/sites\/6\/2023\/02\/ZF_S2_8_1-Dzieje-upraw-i-roslin-leczniczych.-1.pdf\">ZF_S2_8_1 Dzieje upraw ro\u015blin leczniczych<\/a><\/li>\n<li><a href=\"https:\/\/up.lublin.pl\/ogrodnictwo\/wp-content\/uploads\/sites\/6\/2023\/02\/ZF_S2_8_2-Ziola-w-tradycji-ludowej-1.pdf\">ZF_S2_8_2 Zio\u0142a w&nbsp;tradycji ludowej<\/a><\/li>\n<li><a href=\"https:\/\/up.lublin.pl\/ogrodnictwo\/wp-content\/uploads\/sites\/6\/2023\/02\/ZF_S2_9-Eksperyment-w-doswiadczalnictwie-przyrodniczym-1.pdf\">ZF_S2_9 Eksperyment w&nbsp;do\u015bwiadczalnictwie przyrodniczym<\/a><\/li>\n<\/ul>\n                                                <\/div>\n                                            <\/li>\n                                        <\/ul>\n\t\t\t\t\t\t                                                        <ul class=\"mn-accordion\">\n                                            <li>\n                                                <h4 class=\"mn-accordion-title\">Semestr II<\/h4>\n                                                <div>\n\t\t\t\t\t\t\t\t\t                <ul>\n<li><a href=\"https:\/\/up.lublin.pl\/ogrodnictwo\/wp-content\/uploads\/sites\/6\/2023\/02\/ZF_S2_10-Fitoaromaty-1.pdf\">ZF_S2_10 Fitoaromaty<\/a><\/li>\n<li><a href=\"https:\/\/up.lublin.pl\/ogrodnictwo\/wp-content\/uploads\/sites\/6\/2023\/02\/ZF_S2_11-Bioaktywnosc-produktow-pszczelich-1.pdf\">ZF_S2_11 Bioaktywno\u015b\u0107 produkt\u00f3w pszczelich<\/a><\/li>\n<li><a href=\"https:\/\/up.lublin.pl\/ogrodnictwo\/wp-content\/uploads\/sites\/6\/2023\/02\/ZF_S2_12_1-Biooleje-1.pdf\">ZF_S2_12_1 Biooleje<\/a><\/li>\n<li><a href=\"https:\/\/up.lublin.pl\/ogrodnictwo\/wp-content\/uploads\/sites\/6\/2023\/02\/ZF_S2_12_2-Mykotoksyny-w-fitoproduktach-1.pdf\">ZF_S2_12_2 Mykotoksyny w&nbsp;fitoproduktach<\/a><\/li>\n<li><a href=\"https:\/\/up.lublin.pl\/ogrodnictwo\/wp-content\/uploads\/sites\/6\/2023\/02\/ZF_S2_13_1-Konserwacja-fitoproduktow-1.pdf\">ZF_S2_13_1 Konserwacja fitoprodukt\u00f3w<\/a><\/li>\n<li><a href=\"https:\/\/up.lublin.pl\/ogrodnictwo\/wp-content\/uploads\/sites\/6\/2023\/02\/ZF_S2_13_2-Timing-w-produkcji-zielarskiej-1.pdf\">ZF_S2_13_2 Timing w&nbsp;produkcji zielarskiej<\/a><\/li>\n<li><a href=\"https:\/\/up.lublin.pl\/ogrodnictwo\/wp-content\/uploads\/sites\/6\/2023\/02\/ZF_S2_14_1-Kultury-in-vitro-w-produkcji-zielarskiej-1.pdf\">ZF_S2_14_1 Kultury in vitro w&nbsp;produkcji zielarskiej<\/a><\/li>\n<li><a href=\"https:\/\/up.lublin.pl\/ogrodnictwo\/wp-content\/uploads\/sites\/6\/2023\/02\/ZF_S2_14_2-Micropropagation-medicinal-plants-1.pdf\">ZF_S2_14_2 Micropropagation of rare domestic medicinal plants<\/a><\/li>\n<li><a href=\"https:\/\/up.lublin.pl\/ogrodnictwo\/wp-content\/uploads\/sites\/6\/2023\/02\/ZF_S2_15-Statystyka-i-doswiadczalnictwo-1.pdf\">ZF_S2_15 Statystyka i&nbsp;do\u015bwiadczalnictwo<\/a><\/li>\n<li><a href=\"https:\/\/up.lublin.pl\/ogrodnictwo\/wp-content\/uploads\/sites\/6\/2023\/02\/ZF_S2_16-Programy-komputerowe-w-zielarstwie-1.pdf\">ZF_S2_16 Programy komputerowe w&nbsp;zielarstwie<\/a><\/li>\n<li><a href=\"https:\/\/up.lublin.pl\/ogrodnictwo\/wp-content\/uploads\/sites\/6\/2023\/02\/ZF_S2_17-Seminarium-dyplomowe-1-1.pdf\">ZF_S2_17 Seminarium dyplomowe 1<\/a><\/li>\n<\/ul>\n                                                <\/div>\n                                            <\/li>\n                                        <\/ul>\n\t\t\t\t\t\t                                                        <ul class=\"mn-accordion\">\n                                            <li>\n                                                <h4 class=\"mn-accordion-title\">Semestr III<\/h4>\n                                                <div>\n\t\t\t\t\t\t\t\t\t                <ul>\n<li><a href=\"https:\/\/up.lublin.pl\/ogrodnictwo\/wp-content\/uploads\/sites\/6\/2023\/02\/ZF_S2_18-Konfekcjonowanie-surowcow-zielarskich-1.pdf\">ZF_S2_18 Konfekcjonowanie surowc\u00f3w zielarskich<\/a><\/li>\n<li><a href=\"https:\/\/up.lublin.pl\/ogrodnictwo\/wp-content\/uploads\/sites\/6\/2023\/02\/ZF_S2_19-Fitoprodukty-w-profilaktyce-zdrowotnej-1.pdf\">ZF_S2_19 Fitoprodukty w&nbsp;profilaktyce zdrowotnej<\/a><\/li>\n<li><a href=\"https:\/\/up.lublin.pl\/ogrodnictwo\/wp-content\/uploads\/sites\/6\/2023\/02\/ZF_S2_20-Suplementy-diety-1.pdf\">ZF_S2_20 Suplementy diety<\/a><\/li>\n<li><a href=\"https:\/\/up.lublin.pl\/ogrodnictwo\/wp-content\/uploads\/sites\/6\/2023\/02\/ZF_S2_21_1-Tworzenie-modeli-biznesowych-1.pdf\">ZF_S2_21_1 Tworzenie modeli biznesowych<\/a><\/li>\n<li><a href=\"https:\/\/up.lublin.pl\/ogrodnictwo\/wp-content\/uploads\/sites\/6\/2023\/02\/ZF_S2_21_2-Marketing-w-sektorze-zielarskim-1.pdf\">ZF_S2_21_2 Marketing w&nbsp;sektorze zielarskim<\/a><\/li>\n<li><a href=\"https:\/\/up.lublin.pl\/ogrodnictwo\/wp-content\/uploads\/sites\/6\/2023\/02\/ZF_S2_22_1-Ogrody-terapeutyczne-1.pdf\">ZF_S2_22_1 Ogrody terapeutyczne<\/a><\/li>\n<li><a href=\"https:\/\/up.lublin.pl\/ogrodnictwo\/wp-content\/uploads\/sites\/6\/2023\/02\/ZF_S2_22_2-Ziola-we-florystyce-1.pdf\">ZF_S2_22_2 Zio\u0142a we florystyce<\/a><\/li>\n<li><a href=\"https:\/\/up.lublin.pl\/ogrodnictwo\/wp-content\/uploads\/sites\/6\/2023\/02\/ZF_S2_23-Seminarium-dyplomowe-2-1.pdf\">ZF_S2_23 Seminarium dyplomowe 2<\/a><\/li>\n<li><a href=\"https:\/\/up.lublin.pl\/ogrodnictwo\/wp-content\/uploads\/sites\/6\/2023\/02\/ZF_S2_24-Praca-magisterska-2.pdf\">ZF_S2_24 Praca magisterska i&nbsp;egzamin dyplomowy<\/a><\/li>\n<\/ul>\n                                                <\/div>\n                                            <\/li>\n                                        <\/ul>\n\t\t\t\t\t\t                                <\/div>\n\t\t\t\t                <div class=\"mn-content-block\">\n\t                                <\/div>\n\t\t\t\t                <div class=\"mn-content-block\">\n\t                                <\/div>\n\t\t\t\t                <div class=\"mn-content-block\">\n\t                                <\/div>\n\t\t\t\t                <div class=\"mn-content-block\">\n\t                                <\/div>\n\t\t\t\t                <div class=\"mn-content-block\">\n\t                                <\/div>\n\t\t\t\t                <div class=\"mn-content-block\">\n\t                                <\/div>\n\t\t\t\t                <div class=\"mn-content-block\">\n\t                                <\/div>\n\t\t\t\t                <div class=\"mn-content-block\">\n\t                                <\/div>\n\t\t\t\t                <div class=\"mn-content-block\">\n\t                                <\/div>\n\t\t\t\t                <div class=\"mn-content-block\">\n\t                                <\/div>\n\t\t\t\t                <div class=\"mn-content-block\">\n\t                                <\/div>\n\t\t\t\t                <div class=\"mn-content-block\">\n\t                                <\/div>\n\t\t\t\t                <div class=\"mn-content-block\">\n\t                                <\/div>\n\t\t\t\t                <div class=\"mn-content-block\">\n\t                                <\/div>\n\t\t\t\t                <div class=\"mn-content-block\">\n\t                                <\/div>\n\t\t\t\t                <div class=\"mn-content-block\">\n\t                                <\/div>\n\t\t\t\t                <div class=\"mn-content-block\">\n\t                                <\/div>\n\t\t\t\t                <div class=\"mn-content-block\">\n\t                                <\/div>\n\t\t\t\t                <div class=\"mn-content-block\">\n\t                                <\/div>\n\t\t\t\t\t\t<\/div>\n\t<\/div>\n<\/section>\n\t\t<\/div>\n\t\t\t\t<\/div>\n\t\t\t\t\t\t<\/div>\n\t\t\t\t\t<\/div>\n\t\t<\/div>\n\t\t\t\t\t\t\t\t<\/div>\n\t\t\t\t\t<\/div>\n\t\t<\/section>\n\t\t\t\t\t\t<\/div>\n\t\t\t\t\t\t<\/div>\n\t\t\t\t\t<\/div>\n\t\t","protected":false},"excerpt":{"rendered":"<p>\u2190 powr\u00f3t Zielarstwo i&nbsp;fitoprodukty &#8211; Studia Stacjonarne II st. 2022-2023 Semestr I ZF_S2_1_1 J\u0119zyk obcy specjalistyczny 1\u2013 Angielski B2+ ZF_S2_1_2 J\u0119zyk obcy specjalistyczny 1\u2013 Francuski B2+ ZF_S2_1_3 J\u0119zyk obcy specjalistyczny 1\u2013 Niemiecki B2+ ZF_S2_1_4 J\u0119zyk obcy specjalistyczny 1\u2013 Rosyjski B2+ ZF_S2_2 Preparaty galenowe ZF_S2_3 Potencja\u0142 fitoterapeutyczny u\u017cywek ro\u015blinnych ZF_S2_4 Fitoterapia stosowana ZF_S2_5_1 Fitokosmetyki ochronne ZF_S2_5_2 [&hellip;]<\/p>\n","protected":false},"author":279,"featured_media":0,"parent":0,"menu_order":0,"comment_status":"closed","ping_status":"closed","template":"elementor_header_footer","meta":{"_monsterinsights_skip_tracking":false,"_monsterinsights_sitenote_active":false,"_monsterinsights_sitenote_note":"","_monsterinsights_sitenote_category":0},"_links":{"self":[{"href":"https:\/\/up.lublin.pl\/ogrodnictwo\/wp-json\/wp\/v2\/pages\/153896"}],"collection":[{"href":"https:\/\/up.lublin.pl\/ogrodnictwo\/wp-json\/wp\/v2\/pages"}],"about":[{"href":"https:\/\/up.lublin.pl\/ogrodnictwo\/wp-json\/wp\/v2\/types\/page"}],"author":[{"embeddable":true,"href":"https:\/\/up.lublin.pl\/ogrodnictwo\/wp-json\/wp\/v2\/users\/279"}],"replies":[{"embeddable":true,"href":"https:\/\/up.lublin.pl\/ogrodnictwo\/wp-json\/wp\/v2\/comments?post=153896"}],"version-history":[{"count":76,"href":"https:\/\/up.lublin.pl\/ogrodnictwo\/wp-json\/wp\/v2\/pages\/153896\/revisions"}],"predecessor-version":[{"id":164668,"href":"https:\/\/up.lublin.pl\/ogrodnictwo\/wp-json\/wp\/v2\/pages\/153896\/revisions\/164668"}],"wp:attachment":[{"href":"https:\/\/up.lublin.pl\/ogrodnictwo\/wp-json\/wp\/v2\/media?parent=153896"}],"curies":[{"name":"wp","href":"https:\/\/api.w.org\/{rel}","templated":true}]}}