{"id":140554,"date":"2021-06-17T10:23:29","date_gmt":"2021-06-17T08:23:29","guid":{"rendered":"https:\/\/up.lublin.pl\/ogrodnictwo\/?page_id=140554"},"modified":"2021-11-05T14:28:48","modified_gmt":"2021-11-05T13:28:48","slug":"towarzystwa-naukowe","status":"publish","type":"page","link":"https:\/\/up.lublin.pl\/ogrodnictwo\/wydzial\/towarzystwa-naukowe\/","title":{"rendered":"Towarzystwa Naukowe"},"content":{"rendered":"\t\t<div data-elementor-type=\"wp-page\" data-elementor-id=\"140554\" class=\"elementor elementor-140554\" data-elementor-settings=\"[]\">\n\t\t\t\t\t\t<div class=\"elementor-inner\">\n\t\t\t\t\t\t\t<div class=\"elementor-section-wrap\">\n\t\t\t\t\t\t\t<section class=\"elementor-section elementor-top-section elementor-element elementor-element-52497f0 elementor-section-boxed elementor-section-height-default elementor-section-height-default\" data-id=\"52497f0\" data-element_type=\"section\">\n\t\t\t\t\t\t<div class=\"elementor-container elementor-column-gap-default\">\n\t\t\t\t\t\t\t<div class=\"elementor-row\">\n\t\t\t\t\t<div class=\"elementor-column elementor-col-100 elementor-top-column elementor-element elementor-element-9295cb0\" data-id=\"9295cb0\" data-element_type=\"column\">\n\t\t\t<div class=\"elementor-column-wrap elementor-element-populated\">\n\t\t\t\t\t\t\t<div class=\"elementor-widget-wrap\">\n\t\t\t\t\t\t<div class=\"elementor-element elementor-element-c322ac0 elementor-widget elementor-widget-m2d\" data-id=\"c322ac0\" data-element_type=\"widget\" data-widget_type=\"m2d.default\">\n\t\t\t\t<div class=\"elementor-widget-container\">\n\t\t\t<section class=\"mn-m2-d mn-bg-green\">\r\n\t<div class=\"mn-grid\">\r\n\t\t<div class=\"mn-grid-12 mn-introtext\">\r\n\t\t\t\t\t\t\t<h3>\r\n\t\t\t\t\tTowarzystwa Naukowe\t\t\t\t<\/h3>\r\n\t\t\t\t\t\t<\/div>\r\n\t\t\t        \r\n\r\n\t<\/div>\r\n\t<\/section>\r\n\t\t<\/div>\n\t\t\t\t<\/div>\n\t\t\t\t\t\t<\/div>\n\t\t\t\t\t<\/div>\n\t\t<\/div>\n\t\t\t\t\t\t\t\t<\/div>\n\t\t\t\t\t<\/div>\n\t\t<\/section>\n\t\t\t\t<section class=\"elementor-section elementor-top-section elementor-element elementor-element-6ecdf0a elementor-section-boxed elementor-section-height-default elementor-section-height-default\" data-id=\"6ecdf0a\" data-element_type=\"section\">\n\t\t\t\t\t\t<div class=\"elementor-container elementor-column-gap-default\">\n\t\t\t\t\t\t\t<div class=\"elementor-row\">\n\t\t\t\t\t<div class=\"elementor-column elementor-col-100 elementor-top-column elementor-element elementor-element-e9a49c4\" data-id=\"e9a49c4\" data-element_type=\"column\">\n\t\t\t<div class=\"elementor-column-wrap elementor-element-populated\">\n\t\t\t\t\t\t\t<div class=\"elementor-widget-wrap\">\n\t\t\t\t\t\t<div class=\"elementor-element elementor-element-abc0466 elementor-widget elementor-widget-m5c\" data-id=\"abc0466\" data-element_type=\"widget\" data-widget_type=\"m5c.default\">\n\t\t\t\t<div class=\"elementor-widget-container\">\n\t\t\t<section class=\"mn-m5-c mn-bg-white\">\n\t<div class=\"mn-grid\">\n\t\t            <div class=\"mn-menu-container mn-grid-3\">\n                <ul class=\"mn-bg-yellow\">\n\t                                        <li>\n                            <a href=\"#\" class=\"active\" data-hash=\"#\">\n                                Polskie Towarzystwo Entomologiczne                            <\/a>\n                        <\/li>\n                                                <li>\n                            <a href=\"#\" class=\"\" data-hash=\"#\">\n                                Polskie Towarzystwo Fitopatologiczne                            <\/a>\n                        <\/li>\n                                                <li>\n                            <a href=\"#\" class=\"\" data-hash=\"#\">\n                                Polskie Towarzystwo Nauk Ogrodniczych                            <\/a>\n                        <\/li>\n                                        <\/ul>\n            <\/div>\n\t        \t\t<div class=\"mn-content mn-grid-8\">\n\t\t\t                <div class=\"mn-content-block active\">\n\t                                                        <div class=\"block-text\">\n\t                                        <h4><a href=\"https:\/\/up.lublin.pl\/ogrodnictwo\/wp-content\/uploads\/sites\/6\/2021\/06\/pte-1.png\"><img loading=\"lazy\" class=\"aligncenter size-full wp-image-140566\" src=\"https:\/\/up.lublin.pl\/ogrodnictwo\/wp-content\/uploads\/sites\/6\/2021\/06\/pte-1.png\" alt=\"\" width=\"150\" height=\"149\" \/><\/a><\/h4>\n<h4 style=\"text-align: center\">Oddzia\u0142 w&nbsp;Lublinie<\/h4>\n<p><em>Adres: Zak\u0142ad Zoologii UMCS, Akademicka 19, 20-033 Lublin<\/em><\/p>\n<p><strong>Przewodnicz\u0105cy: <\/strong>dr Edyta G\u00f3rska-Drabik<br \/><strong>Wiceprzewodnicz\u0105cy: <\/strong>mgr Edyta Buczy\u0144ska<br \/><strong>Sekretarz: <\/strong>dr Katarzyna Golan<br \/><strong>Skarbnik: <\/strong>mgr Wies\u0142aw Piotrowski<br \/><strong>Cz\u0142onek zarz\u0105du: <\/strong>dr Krzysztof Pawl\u0119ga<\/p>\n<p><strong>Komisja rewizyjna:<\/strong><\/p>\n<p>Przewodnicz\u0105cy: dr hab. Bernard Staniec <br \/>Cz\u0142onkowie: mgr Wojciech Seku\u0142a, mgr Ma\u0142gorzata Janiuk<\/p>\n                                        <\/div>\n\t\t\t\t\t\t                                                        <div class=\"mn-cards-list\">\n                                            <div class=\"mn-card-container\">\n                                                <div>\n                                                    <img src=\"https:\/\/up.lublin.pl\/ogrodnictwo\/wp-content\/themes\/up-lublin\/assets\/images\/doc-ico.svg\" alt=\"\" \/>\n                                                    <h5>Zarz\u0105d G\u0142\u00f3wny<\/h5>\n                                                <\/div>\n                                                <a href=\"http:\/\/pte.au.poznan.pl\/\" class=\"mn-more\" target=\"_blank\">Zobacz<\/a>\n                                            <\/div>\n                                        <\/div>\n\t\t\t\t\t\t                                <\/div>\n\t\t\t\t                <div class=\"mn-content-block\">\n\t                                                        <div class=\"block-text\">\n\t                                        <p>Siedzib\u0105 Oddzia\u0142u Lubelskiego Polskiego Towarzystwa Fitopatologicznego jest Katedra Fitopatologii Uniwersytetu Przyrodniczego w&nbsp;Lublinie.<\/p>\n<p>Oddzia\u0142 Lubelski PTFit zosta\u0142 powo\u0142any 26.V.1978 r.<\/p>\n<p><strong>Przewodnicz\u0105c\u0105 Oddzia\u0142u<\/strong> w&nbsp;latach 1978-1984 by\u0142a prof. dr hab. <b>Barbara \u0141acicowa<\/b>, a&nbsp;od 1984 r. prof. dr hab. <b>Zofia Machowicz-Stefaniak<\/b>.<\/p>\n<p><strong>Sekretarzem<\/strong> Oddzia\u0142u w&nbsp;latach 1978-1984 by\u0142a prof. dr hab. Zofia Machowicz-Stefaniak, od 1984 do 2005 r. prof. dr hab. Ewa Solarska, a&nbsp;od 2005 r. dr El\u017cbieta Mielniczuk.<\/p>\n<p><strong>Skarbnikiem<\/strong> Oddzia\u0142u jest od 1978 r. do chwili obecnej prof. dr hab. Irena Kiecana.<\/p>\n                                        <\/div>\n\t\t\t\t\t\t                                                        <div class=\"mn-cards-list\">\n                                            <div class=\"mn-card-container\">\n                                                <div>\n                                                    <img src=\"https:\/\/up.lublin.pl\/ogrodnictwo\/wp-content\/themes\/up-lublin\/assets\/images\/doc-ico.svg\" alt=\"\" \/>\n                                                    <h5>Zarz\u0105d G\u0142\u00f3wny<\/h5>\n                                                <\/div>\n                                                <a href=\"http:\/\/www.up.poznan.pl\/ptfit\/\" class=\"mn-more\" target=\"_blank\">Zobacz<\/a>\n                                            <\/div>\n                                        <\/div>\n\t\t\t\t\t\t                                <\/div>\n\t\t\t\t                <div class=\"mn-content-block\">\n\t                                                        <div class=\"block-text\">\n\t                                        <p><strong>Zarz\u0105d Lubelskiego Oddzia\u0142u Polskiego Towarzystwa Nauk Ogrodniczych: <\/strong><\/p>\n<ul>\n<li>Przewodnicz\u0105cy Zarz\u0105du \u2013 dr hab. Robert Gruszecki,<\/li>\n<li>Wiceprzewodnicz\u0105cy: prof. dr hab. Marzena B\u0142a\u017cewicz-Wo\u017aniak,<\/li>\n<li>Sekretarz \u2013 dr hab. Miros\u0142awa Chwil, prof. UP,<\/li>\n<li>Skarbnik dr Pawe\u0142 Michalski,<\/li>\n<li>Cz\u0142onkowie: dr hab. Iwona Szot<\/li>\n<\/ul>\n<p>Kontakt: <a href=\"mailto:robert.gruszecki@up.lublin.pl\">robert.gruszecki@up.lublin.pl<\/a>; <a href=\"mailto:marzena.wozniak@up.lublin.pl\">marzena.wozniak@up.lublin.pl<\/a><\/p>\n<p>tel. 81\u00a0883 67 08; 81 531 96 75<br \/>Adres: ul. Do\u015bwiadczalna 50a, 20-280 Lublin<\/p>\n                                        <\/div>\n\t\t\t\t\t\t                                                        <div class=\"mn-cards-list\">\n                                            <div class=\"mn-card-container\">\n                                                <div>\n                                                    <img src=\"https:\/\/up.lublin.pl\/ogrodnictwo\/wp-content\/themes\/up-lublin\/assets\/images\/doc-ico.svg\" alt=\"\" \/>\n                                                    <h5>Zarz\u0105d G\u0142\u00f3wny   <\/h5>\n                                                <\/div>\n                                                <a href=\"http:\/\/www.ptno.ogr.ar.krakow.pl\/\" class=\"mn-more\" target=\"_blank\">Zobacz<\/a>\n                                            <\/div>\n                                        <\/div>\n\t\t\t\t\t\t                                <\/div>\n\t\t\t\t\t\t<\/div>\n\t<\/div>\n<\/section>\n\t\t<\/div>\n\t\t\t\t<\/div>\n\t\t\t\t\t\t<\/div>\n\t\t\t\t\t<\/div>\n\t\t<\/div>\n\t\t\t\t\t\t\t\t<\/div>\n\t\t\t\t\t<\/div>\n\t\t<\/section>\n\t\t\t\t\t\t<\/div>\n\t\t\t\t\t\t<\/div>\n\t\t\t\t\t<\/div>\n\t\t","protected":false},"excerpt":{"rendered":"<p>Towarzystwa Naukowe Polskie Towarzystwo Entomologiczne Polskie Towarzystwo Fitopatologiczne Polskie Towarzystwo Nauk Ogrodniczych Oddzia\u0142 w&nbsp;Lublinie Adres: Zak\u0142ad Zoologii UMCS, Akademicka 19, 20-033 Lublin Przewodnicz\u0105cy: dr Edyta G\u00f3rska-DrabikWiceprzewodnicz\u0105cy: mgr Edyta Buczy\u0144skaSekretarz: dr Katarzyna GolanSkarbnik: mgr Wies\u0142aw PiotrowskiCz\u0142onek zarz\u0105du: dr Krzysztof Pawl\u0119ga Komisja rewizyjna: Przewodnicz\u0105cy: dr hab. Bernard Staniec Cz\u0142onkowie: mgr Wojciech Seku\u0142a, mgr Ma\u0142gorzata Janiuk Zarz\u0105d G\u0142\u00f3wny [&hellip;]<\/p>\n","protected":false},"author":2,"featured_media":0,"parent":221,"menu_order":0,"comment_status":"closed","ping_status":"closed","template":"elementor_header_footer","meta":{"_monsterinsights_skip_tracking":false,"_monsterinsights_sitenote_active":false,"_monsterinsights_sitenote_note":"","_monsterinsights_sitenote_category":0},"_links":{"self":[{"href":"https:\/\/up.lublin.pl\/ogrodnictwo\/wp-json\/wp\/v2\/pages\/140554"}],"collection":[{"href":"https:\/\/up.lublin.pl\/ogrodnictwo\/wp-json\/wp\/v2\/pages"}],"about":[{"href":"https:\/\/up.lublin.pl\/ogrodnictwo\/wp-json\/wp\/v2\/types\/page"}],"author":[{"embeddable":true,"href":"https:\/\/up.lublin.pl\/ogrodnictwo\/wp-json\/wp\/v2\/users\/2"}],"replies":[{"embeddable":true,"href":"https:\/\/up.lublin.pl\/ogrodnictwo\/wp-json\/wp\/v2\/comments?post=140554"}],"version-history":[{"count":22,"href":"https:\/\/up.lublin.pl\/ogrodnictwo\/wp-json\/wp\/v2\/pages\/140554\/revisions"}],"predecessor-version":[{"id":142323,"href":"https:\/\/up.lublin.pl\/ogrodnictwo\/wp-json\/wp\/v2\/pages\/140554\/revisions\/142323"}],"up":[{"embeddable":true,"href":"https:\/\/up.lublin.pl\/ogrodnictwo\/wp-json\/wp\/v2\/pages\/221"}],"wp:attachment":[{"href":"https:\/\/up.lublin.pl\/ogrodnictwo\/wp-json\/wp\/v2\/media?parent=140554"}],"curies":[{"name":"wp","href":"https:\/\/api.w.org\/{rel}","templated":true}]}}