{"id":141209,"date":"2021-07-05T07:29:28","date_gmt":"2021-07-05T05:29:28","guid":{"rendered":"https:\/\/up.lublin.pl\/ogrodnictwo\/?page_id=141209"},"modified":"2023-09-19T14:08:51","modified_gmt":"2023-09-19T12:08:51","slug":"home","status":"publish","type":"page","link":"https:\/\/up.lublin.pl\/ogrodnictwo\/en\/","title":{"rendered":"Home"},"content":{"rendered":"\t\t<div data-elementor-type=\"wp-page\" data-elementor-id=\"141209\" class=\"elementor elementor-141209 elementor-4\" data-elementor-settings=\"[]\">\n\t\t\t\t\t\t<div class=\"elementor-inner\">\n\t\t\t\t\t\t\t<div class=\"elementor-section-wrap\">\n\t\t\t\t\t\t\t<section class=\"elementor-section elementor-top-section elementor-element elementor-element-eae9382 elementor-section-boxed elementor-section-height-default elementor-section-height-default\" data-id=\"eae9382\" data-element_type=\"section\">\n\t\t\t\t\t\t<div class=\"elementor-container elementor-column-gap-default\">\n\t\t\t\t\t\t\t<div class=\"elementor-row\">\n\t\t\t\t\t<div class=\"elementor-column elementor-col-100 elementor-top-column elementor-element elementor-element-1db3075\" data-id=\"1db3075\" data-element_type=\"column\">\n\t\t\t<div class=\"elementor-column-wrap elementor-element-populated\">\n\t\t\t\t\t\t\t<div class=\"elementor-widget-wrap\">\n\t\t\t\t\t\t<div class=\"elementor-element elementor-element-b1367d0 elementor-widget elementor-widget-m2c\" data-id=\"b1367d0\" data-element_type=\"widget\" data-widget_type=\"m2c.default\">\n\t\t\t\t<div class=\"elementor-widget-container\">\n\t\t\t\t<section class=\"mn-m2-a mn-m2-c mn-bg-green\">\n\t\t<div class=\"mn-grid\">\n\t\t\t<div class=\"mn-grid-3 mn-introtext\">\n\t\t\t\t\t\t\t\t\t<p>Faculty of<\/p>\n\t\t\t\t\t\t\t\t\t\t\t\t\t\t<h3>Horticulture and Landscape Architecture<\/h3>\n\t\t\t\t\t                                    <div style=\"margin-top: 50px;\">\n                        <img src=\"https:\/\/up.lublin.pl\/ogrodnictwo\/wp-content\/uploads\/sites\/6\/2021\/03\/Group-1658.png\" alt=\"\" \/>\n                    <\/div>\n                    \t\t\t<\/div>\n\t\t\t<div class=\"slider slider-for-m2c mn-grid-9\">\n\t\t\t\t\t\t\t\t\t<div class=\"element\">\n\t\t\t\t\t\t\t\t\t\t\t\t\t<img src=\"https:\/\/up.lublin.pl\/ogrodnictwo\/wp-content\/uploads\/sites\/6\/2021\/12\/banner_woiak_5.jpg\" alt=\"\">\n\t\t\t\t\t\t\t\t\t\t\t\t<\/div>\n\t\t\t\t\t\t\t\t\t\t<div class=\"element\">\n\t\t\t\t\t\t\t\t\t\t\t\t\t<img src=\"https:\/\/up.lublin.pl\/ogrodnictwo\/wp-content\/uploads\/sites\/6\/2021\/02\/woiak.jpg\" alt=\"\">\n\t\t\t\t\t\t\t\t\t\t\t\t<\/div>\n\t\t\t\t\t\t\t\t\t\t<div class=\"element\">\n\t\t\t\t\t\t\t\t\t\t\t\t\t<img src=\"https:\/\/up.lublin.pl\/ogrodnictwo\/wp-content\/uploads\/sites\/6\/2021\/03\/woiak2.jpg\" alt=\"\">\n\t\t\t\t\t\t\t\t\t\t\t\t<\/div>\n\t\t\t\t\t\t\t\t\t\t<div class=\"element\">\n\t\t\t\t\t\t\t\t\t\t\t\t\t<img src=\"https:\/\/up.lublin.pl\/ogrodnictwo\/wp-content\/uploads\/sites\/6\/2021\/12\/banner_ogrodnictwo_6.jpg\" alt=\"\">\n\t\t\t\t\t\t\t\t\t\t\t\t<\/div>\n\t\t\t\t\t\t\t\t<\/div>\n\t\t<\/div>\n\t\t\t\t<div class=\"mn-grid\">\n\t\t\t<div class=\"mn-content mn-grid-12\">\n\t\t\t\t<div class=\"slider slider-nav-m2c\">\n\t\t\t\t\t\t\t\t\t\t\t<div class=\"element\">\n\t\t\t\t\t\t\t<p class=\"mn-slide-nmb\">01<\/p>\n\t\t\t\t\t\t\t<div class=\"mn-slide-progress\"><\/div>\n\t\t\t\t\t\t\t\t\t\t\t\t\t<\/div>\n\t\t\t\t\t\t\t\t\t\t\t\t<div class=\"element\">\n\t\t\t\t\t\t\t<p class=\"mn-slide-nmb\">02<\/p>\n\t\t\t\t\t\t\t<div class=\"mn-slide-progress\"><\/div>\n\t\t\t\t\t\t\t\t\t\t\t\t\t<\/div>\n\t\t\t\t\t\t\t\t\t\t\t\t<div class=\"element\">\n\t\t\t\t\t\t\t<p class=\"mn-slide-nmb\">03<\/p>\n\t\t\t\t\t\t\t<div class=\"mn-slide-progress\"><\/div>\n\t\t\t\t\t\t\t\t\t\t\t\t\t<\/div>\n\t\t\t\t\t\t\t\t\t\t\t\t<div class=\"element\">\n\t\t\t\t\t\t\t<p class=\"mn-slide-nmb\">04<\/p>\n\t\t\t\t\t\t\t<div class=\"mn-slide-progress\"><\/div>\n\t\t\t\t\t\t\t\t\t\t\t\t\t<\/div>\n\t\t\t\t\t\t\t\t\t\t<\/div>\n\t\t\t<\/div>\n\t\t<\/div>\n\t<\/section>\n\t\t\t\t<\/div>\n\t\t\t\t<\/div>\n\t\t\t\t\t\t<\/div>\n\t\t\t\t\t<\/div>\n\t\t<\/div>\n\t\t\t\t\t\t\t\t<\/div>\n\t\t\t\t\t<\/div>\n\t\t<\/section>\n\t\t\t\t<section class=\"elementor-section elementor-top-section elementor-element elementor-element-f8b8cdc elementor-section-boxed elementor-section-height-default elementor-section-height-default\" data-id=\"f8b8cdc\" data-element_type=\"section\">\n\t\t\t\t\t\t<div class=\"elementor-container elementor-column-gap-default\">\n\t\t\t\t\t\t\t<div class=\"elementor-row\">\n\t\t\t\t\t<div class=\"elementor-column elementor-col-100 elementor-top-column elementor-element elementor-element-219241f\" data-id=\"219241f\" data-element_type=\"column\">\n\t\t\t<div class=\"elementor-column-wrap elementor-element-populated\">\n\t\t\t\t\t\t\t<div class=\"elementor-widget-wrap\">\n\t\t\t\t\t\t<div class=\"elementor-element elementor-element-88eefea elementor-widget elementor-widget-m4a\" data-id=\"88eefea\" data-element_type=\"widget\" data-widget_type=\"m4a.default\">\n\t\t\t\t<div class=\"elementor-widget-container\">\n\t\t\t\t<section class=\"mn-m4_b mn-bg-green\">\n\t\t\t\t<div class=\"mn-grid\">\n\t\t\t\t\t\t\t<div class=\"mn-grid-3 mn-kat-m4-container\">\n\t\t\t\t\t\t\t\t\t\t\t\t\t\t\t\t<h3>About Faculty<\/h3>\n\t\t\t\t\t\t\t\t\t\t\t\t\t\t\t\t\t\t\t\t\t\t<a href=\"https:\/\/up.lublin.pl\/ogrodnictwo\/en\/about-faculty\/\" class=\"mn-more\">Read more<\/a>\n\t\t\t\t\t\t\t\t\t\t<\/div>\n\t\t\t\t\t\t\t\t<div class=\"mn-grid-3 mn-kat-m4-container\">\n\t\t\t\t\t\t\t\t\t\t\t\t\t\t\t\t<h3>Didactic units<\/h3>\n\t\t\t\t\t\t\t\t\t\t\t\t\t\t\t\t\t\t\t\t\t\t<a href=\"https:\/\/up.lublin.pl\/ogrodnictwo\/en\/about-faculty\/didactic-units\/\" class=\"mn-more\">Read more<\/a>\n\t\t\t\t\t\t\t\t\t\t<\/div>\n\t\t\t\t\t\t\t\t<div class=\"mn-grid-3 mn-kat-m4-container\">\n\t\t\t\t\t\t\t\t\t\t\t\t\t\t\t\t<h3>Didactic activity<\/h3>\n\t\t\t\t\t\t\t\t\t\t\t\t\t\t\t\t\t\t\t\t\t\t<a href=\"https:\/\/up.lublin.pl\/ogrodnictwo\/en\/didactic-activity\/\" class=\"mn-more\">Read more<\/a>\n\t\t\t\t\t\t\t\t\t\t<\/div>\n\t\t\t\t\t\t\t\t<div class=\"mn-grid-3 mn-kat-m4-container\">\n\t\t\t\t\t\t\t\t\t\t\t\t\t\t\t\t<h3>Direction of research<\/h3>\n\t\t\t\t\t\t\t\t\t\t\t\t\t\t\t\t\t\t\t\t\t\t<a href=\"https:\/\/up.lublin.pl\/ogrodnictwo\/en\/direction-of-research\/\" class=\"mn-more\">Read more<\/a>\n\t\t\t\t\t\t\t\t\t\t<\/div>\n\t\t\t\t\t\t<\/div>\n\t<\/section>\n\t\t\t<\/div>\n\t\t\t\t<\/div>\n\t\t\t\t\t\t<\/div>\n\t\t\t\t\t<\/div>\n\t\t<\/div>\n\t\t\t\t\t\t\t\t<\/div>\n\t\t\t\t\t<\/div>\n\t\t<\/section>\n\t\t\t\t\t\t<\/div>\n\t\t\t\t\t\t<\/div>\n\t\t\t\t\t<\/div>\n\t\t","protected":false},"excerpt":{"rendered":"<p>Faculty of Horticulture and Landscape Architecture UP Wydzia\u0142 Ogrodnictwa i&nbsp;Architektury Krajobrazu 01 02 03 04 About Faculty Zobacz wi\u0119cej Didactic units Zobacz wi\u0119cej Didactic activity Zobacz wi\u0119cej Direction of research Zobacz wi\u0119cej<\/p>\n","protected":false},"author":2,"featured_media":0,"parent":0,"menu_order":0,"comment_status":"closed","ping_status":"closed","template":"","meta":{"_monsterinsights_skip_tracking":false,"_monsterinsights_sitenote_active":false,"_monsterinsights_sitenote_note":"","_monsterinsights_sitenote_category":0},"_links":{"self":[{"href":"https:\/\/up.lublin.pl\/ogrodnictwo\/en\/wp-json\/wp\/v2\/pages\/141209"}],"collection":[{"href":"https:\/\/up.lublin.pl\/ogrodnictwo\/en\/wp-json\/wp\/v2\/pages"}],"about":[{"href":"https:\/\/up.lublin.pl\/ogrodnictwo\/en\/wp-json\/wp\/v2\/types\/page"}],"author":[{"embeddable":true,"href":"https:\/\/up.lublin.pl\/ogrodnictwo\/en\/wp-json\/wp\/v2\/users\/2"}],"replies":[{"embeddable":true,"href":"https:\/\/up.lublin.pl\/ogrodnictwo\/en\/wp-json\/wp\/v2\/comments?post=141209"}],"version-history":[{"count":22,"href":"https:\/\/up.lublin.pl\/ogrodnictwo\/en\/wp-json\/wp\/v2\/pages\/141209\/revisions"}],"predecessor-version":[{"id":167010,"href":"https:\/\/up.lublin.pl\/ogrodnictwo\/en\/wp-json\/wp\/v2\/pages\/141209\/revisions\/167010"}],"wp:attachment":[{"href":"https:\/\/up.lublin.pl\/ogrodnictwo\/en\/wp-json\/wp\/v2\/media?parent=141209"}],"curies":[{"name":"wp","href":"https:\/\/api.w.org\/{rel}","templated":true}]}}