{"id":2388,"date":"2021-03-17T12:31:30","date_gmt":"2021-03-17T11:31:30","guid":{"rendered":"http:\/\/nowastrona.up.lublin.pl\/foodscience\/?page_id=2388"},"modified":"2024-12-16T14:44:31","modified_gmt":"2024-12-16T13:44:31","slug":"klub-absolwenta","status":"publish","type":"page","link":"https:\/\/up.lublin.pl\/foodscience\/klub-absolwenta\/","title":{"rendered":"Klub absolwenta"},"content":{"rendered":"\t\t<div data-elementor-type=\"wp-page\" data-elementor-id=\"2388\" class=\"elementor elementor-2388\" data-elementor-settings=\"[]\">\n\t\t\t\t\t\t<div class=\"elementor-inner\">\n\t\t\t\t\t\t\t<div class=\"elementor-section-wrap\">\n\t\t\t\t\t\t\t<section class=\"elementor-section elementor-top-section elementor-element elementor-element-9d96642 elementor-section-boxed elementor-section-height-default elementor-section-height-default\" data-id=\"9d96642\" data-element_type=\"section\">\n\t\t\t\t\t\t<div class=\"elementor-container elementor-column-gap-default\">\n\t\t\t\t\t\t\t<div class=\"elementor-row\">\n\t\t\t\t\t<div class=\"elementor-column elementor-col-100 elementor-top-column elementor-element elementor-element-f9136b6\" data-id=\"f9136b6\" data-element_type=\"column\">\n\t\t\t<div class=\"elementor-column-wrap elementor-element-populated\">\n\t\t\t\t\t\t\t<div class=\"elementor-widget-wrap\">\n\t\t\t\t\t\t<div class=\"elementor-element elementor-element-67fa6e5 elementor-widget elementor-widget-m2d\" data-id=\"67fa6e5\" data-element_type=\"widget\" data-widget_type=\"m2d.default\">\n\t\t\t\t<div class=\"elementor-widget-container\">\n\t\t\t<section class=\"mn-m2-d mn-bg-green\">\r\n\t<div class=\"mn-grid\">\r\n\t\t<div class=\"mn-grid-3 mn-introtext\">\r\n\t\t\t\t\t\t\t<h3>\r\n\t\t\t\t\tKlub Absolwenta\t\t\t\t<\/h3>\r\n\t\t\t\t\t\t<\/div>\r\n\t\t\t            <div class=\"mn-grid-9 mn-image-container\">\r\n\t\t\t\t<img src=\"https:\/\/up.lublin.pl\/foodscience\/wp-content\/uploads\/sites\/8\/2021\/03\/klub_banner.jpg\" alt=\"\">\r\n            <\/div>\r\n\t\t\t\t        \r\n\r\n\t<\/div>\r\n\t<\/section>\r\n\t\t<\/div>\n\t\t\t\t<\/div>\n\t\t\t\t\t\t<\/div>\n\t\t\t\t\t<\/div>\n\t\t<\/div>\n\t\t\t\t\t\t\t\t<\/div>\n\t\t\t\t\t<\/div>\n\t\t<\/section>\n\t\t\t\t<section class=\"elementor-section elementor-top-section elementor-element elementor-element-085da48 elementor-section-boxed elementor-section-height-default elementor-section-height-default\" data-id=\"085da48\" data-element_type=\"section\">\n\t\t\t\t\t\t<div class=\"elementor-container elementor-column-gap-default\">\n\t\t\t\t\t\t\t<div class=\"elementor-row\">\n\t\t\t\t\t<div class=\"elementor-column elementor-col-100 elementor-top-column elementor-element elementor-element-7638c3f\" data-id=\"7638c3f\" data-element_type=\"column\">\n\t\t\t<div class=\"elementor-column-wrap elementor-element-populated\">\n\t\t\t\t\t\t\t<div class=\"elementor-widget-wrap\">\n\t\t\t\t\t\t<div class=\"elementor-element elementor-element-7635cc8 elementor-widget elementor-widget-m5e\" data-id=\"7635cc8\" data-element_type=\"widget\" data-widget_type=\"m5e.default\">\n\t\t\t\t<div class=\"elementor-widget-container\">\n\t\t\t<section class=\"mn-m5-e mn-bg-white\">\r\n\t<div class=\"mn-grid\">\r\n\t\t\t\t<div class=\"mn-content mn-grid-6\">\r\n\t\t\t<p>Absolwent\u00f3w Wydzia\u0142u Nauk o&nbsp;\u017bywno\u015bci i&nbsp;Biotechnologii UP w&nbsp;Lublinie zapraszamy do tworzonego Klubu Absolwenta. Klub skupia Absolwent\u00f3w wszystkich kierunk\u00f3w i&nbsp;poziom\u00f3w studi\u00f3w naszego wydzia\u0142u: licencjackich, magisterskich, doktoranckich oraz podyplomowych, kt\u00f3rzy uko\u0144czyli studia, pocz\u0105wszy od 1996 roku.<\/p>\n<p id=\"ext-gen3810\">Chcieliby\u015bmy razem z&nbsp;naszymi Absolwentami zapisywa\u0107 nie tylko karty przesz\u0142o\u015bci, ale zaproponowa\u0107 r\u00f3wnie\u017c wp\u0142yw na przysz\u0142o\u015b\u0107 naszego wydzia\u0142u (<em>ankieta<\/em>).<\/p>\n<p>Uczestnictwo w&nbsp;klubie jest bezp\u0142atne.<\/p>\n<p><span class=\"HwtZe\" lang=\"pl\"><span class=\"jCAhz ChMk0b\"><span class=\"ryNqvb\">\u00a0<\/span><\/span><\/span><\/p>\n\t\t<\/div>\r\n\t\t\t\t\t<div class=\"mn-img mn-grid-6\">\r\n\t\t\t\t\t\t\t\t\t<img src=\"https:\/\/up.lublin.pl\/foodscience\/wp-content\/uploads\/sites\/8\/2023\/02\/wnozib_ka2.png\" alt=\"\">\r\n\t\t\t\t\t\t\t\t<\/div>\r\n\t\t\t\t<\/div>\r\n<\/section>\r\n\t\t<\/div>\n\t\t\t\t<\/div>\n\t\t\t\t<div class=\"elementor-element elementor-element-a436fe1 elementor-widget elementor-widget-m5e\" data-id=\"a436fe1\" data-element_type=\"widget\" data-widget_type=\"m5e.default\">\n\t\t\t\t<div class=\"elementor-widget-container\">\n\t\t\t<section class=\"mn-m5-e mn-bg-white\">\r\n\t<div class=\"mn-grid\">\r\n\t\t\t\t\t<div class=\"mn-img mn-grid-6\">\r\n\t\t\t\t\t\t\t\t\t<img src=\"https:\/\/up.lublin.pl\/foodscience\/wp-content\/uploads\/sites\/8\/2023\/02\/wnozib_ka1.jpg\" alt=\"\">\r\n\t\t\t\t\t\t\t\t<\/div>\r\n\t\t\t\t\t<div class=\"mn-content mn-grid-6\">\r\n\t\t\t<h3>Zadania Klubu Absolwenta dzia\u0142aj\u0105cego przy Wydziale Nauk o&nbsp;\u017bywno\u015bci i&nbsp;Biotechnologii<\/h3>\n<ol>\n<li>\u00a0Kszta\u0142towanie kreatywno\u015bci absolwent\u00f3w poprzez umo\u017cliwienie wsp\u00f3\u0142pracy z&nbsp;pracownikami Wydzia\u0142u;<\/li>\n<li>Przekazywanie absolwentom najnowszych osi\u0105gni\u0119\u0107 naukowych pracownik\u00f3w Wydzia\u0142u podczas seminari\u00f3w tematycznych;<\/li>\n<li>U\u0142atwianie szybkiej wymiany oczekiwa\u0144 pracodawc\u00f3w od absolwent\u00f3w;<\/li>\n<li>Tworzenie przysz\u0142ym absolwentom jak najlepszych warunk\u00f3w do zdobywania odpowiednich kwalifikacji zawodowych, a&nbsp;absolwentom \u2013 do ich podnoszenia, dzi\u0119ki ocenie prowadzonych kierunk\u00f3w kszta\u0142cenia przez absolwent\u00f3w;<\/li>\n<li>Integracja zawodowa specjalist\u00f3w w&nbsp;regionie.<\/li>\n<\/ol>\n\t\t<\/div>\r\n\t\t\t<\/div>\r\n<\/section>\r\n\t\t<\/div>\n\t\t\t\t<\/div>\n\t\t\t\t\t\t<\/div>\n\t\t\t\t\t<\/div>\n\t\t<\/div>\n\t\t\t\t\t\t\t\t<\/div>\n\t\t\t\t\t<\/div>\n\t\t<\/section>\n\t\t\t\t<section class=\"elementor-section elementor-top-section elementor-element elementor-element-241f102 elementor-section-boxed elementor-section-height-default elementor-section-height-default\" data-id=\"241f102\" data-element_type=\"section\">\n\t\t\t\t\t\t<div class=\"elementor-container elementor-column-gap-default\">\n\t\t\t\t\t\t\t<div class=\"elementor-row\">\n\t\t\t\t\t<div class=\"elementor-column elementor-col-100 elementor-top-column elementor-element elementor-element-b499766\" data-id=\"b499766\" data-element_type=\"column\">\n\t\t\t<div class=\"elementor-column-wrap elementor-element-populated\">\n\t\t\t\t\t\t\t<div class=\"elementor-widget-wrap\">\n\t\t\t\t\t\t<div class=\"elementor-element elementor-element-1b7b916 elementor-widget elementor-widget-m5e\" data-id=\"1b7b916\" data-element_type=\"widget\" data-widget_type=\"m5e.default\">\n\t\t\t\t<div class=\"elementor-widget-container\">\n\t\t\t<section class=\"mn-m5-e mn-bg-white\">\r\n\t<div class=\"mn-grid\">\r\n\t\t\t\t<div class=\"mn-content mn-grid-6\">\r\n\t\t\t<h3>Poznaj naszych Absolwent\u00f3w!<\/h3>\n<p>Zobacz <a href=\"https:\/\/up.lublin.pl\/foodscience\/klub-absolwenta\/absolwenci\/\">profile<\/a> naszych Absolwent\u00f3w.<\/p>\n\t\t<\/div>\r\n\t\t\t\t\t<div class=\"mn-img mn-grid-6\">\r\n\t\t\t\t\t\t\t\t\t<img src=\"https:\/\/up.lublin.pl\/foodscience\/wp-content\/uploads\/sites\/8\/2024\/12\/wnozib_ka4.jpg\" alt=\"\">\r\n\t\t\t\t\t\t\t\t<\/div>\r\n\t\t\t\t<\/div>\r\n<\/section>\r\n\t\t<\/div>\n\t\t\t\t<\/div>\n\t\t\t\t<div class=\"elementor-element elementor-element-963d673 elementor-widget elementor-widget-m5e\" data-id=\"963d673\" data-element_type=\"widget\" data-widget_type=\"m5e.default\">\n\t\t\t\t<div class=\"elementor-widget-container\">\n\t\t\t<section class=\"mn-m5-e mn-bg-white\">\r\n\t<div class=\"mn-grid\">\r\n\t\t\t\t\t<div class=\"mn-img mn-grid-6\">\r\n\t\t\t\t\t\t\t\t\t<img src=\"https:\/\/up.lublin.pl\/foodscience\/wp-content\/uploads\/sites\/8\/2023\/02\/wnozib_ka3.jpg\" alt=\"\">\r\n\t\t\t\t\t\t\t\t<\/div>\r\n\t\t\t\t\t<div class=\"mn-content mn-grid-6\">\r\n\t\t\t<h3>Jak zosta\u0107 cz\u0142onkiem klubu?<\/h3>\n<p>Wystarczy, \u017ce wype\u0142nisz <a href=\"https:\/\/up.lublin.pl\/foodscience\/klub-absolwenta\/rejestracja\/\">formularz rejestracyjny on-line<\/a>!<\/p>\n<p>Po weryfikacji przes\u0142anych danych dostaniesz wiadomo\u015b\u0107 mailow\u0105 z&nbsp;potwierdzeniem przyj\u0119cia do Klubu. Twoja historia zostanie opublikowana w&nbsp;zak\u0142adce &#8220;Poznaj naszych Absolwent\u00f3w&#8221;<\/p>\n\t\t<\/div>\r\n\t\t\t<\/div>\r\n<\/section>\r\n\t\t<\/div>\n\t\t\t\t<\/div>\n\t\t\t\t\t\t<\/div>\n\t\t\t\t\t<\/div>\n\t\t<\/div>\n\t\t\t\t\t\t\t\t<\/div>\n\t\t\t\t\t<\/div>\n\t\t<\/section>\n\t\t\t\t<section class=\"elementor-section elementor-top-section elementor-element elementor-element-244aee3 elementor-section-boxed elementor-section-height-default elementor-section-height-default\" data-id=\"244aee3\" data-element_type=\"section\">\n\t\t\t\t\t\t<div class=\"elementor-container elementor-column-gap-default\">\n\t\t\t\t\t\t\t<div class=\"elementor-row\">\n\t\t\t\t\t<div class=\"elementor-column elementor-col-100 elementor-top-column elementor-element elementor-element-235d8b0\" data-id=\"235d8b0\" data-element_type=\"column\">\n\t\t\t<div class=\"elementor-column-wrap elementor-element-populated\">\n\t\t\t\t\t\t\t<div class=\"elementor-widget-wrap\">\n\t\t\t\t\t\t<div class=\"elementor-element elementor-element-74653da elementor-widget elementor-widget-m5h\" data-id=\"74653da\" data-element_type=\"widget\" data-widget_type=\"m5h.default\">\n\t\t\t\t<div class=\"elementor-widget-container\">\n\t\t\t<section class=\"mn-m5-h mn-bg-white\">\r\n\t<div class=\"mn-grid\">\r\n\t\t<div class=\"mn-content mn-grid-12\">\r\n\t\t\t<div class=\"mn-lead\">\r\n\t\t\t\t<h3 style=\"text-align: center;\">Kontakt<\/h3>\n<p style=\"text-align: center;\">dr in\u017c. n.biol. Monika Barbara Pytka<br \/>Wydzia\u0142 Nauk o&nbsp;\u017bywno\u015bci i&nbsp;Biotechnologii, UP w&nbsp;Lublinie<br \/>Katedra Biotechnologii, Mikrobiologii i&nbsp;\u017bywienia Cz\u0142owieka<br \/>20-704 Lublin, ul. Skromna 8<br \/>tel. +48 81 462 33 57<br \/>e-mail: monika.pytka@up.lublin.pl<\/p>\n\t\t\t<\/div>\r\n\t\t<\/div>\r\n\t<\/div>\r\n<\/section>\r\n\t\t<\/div>\n\t\t\t\t<\/div>\n\t\t\t\t\t\t<\/div>\n\t\t\t\t\t<\/div>\n\t\t<\/div>\n\t\t\t\t\t\t\t\t<\/div>\n\t\t\t\t\t<\/div>\n\t\t<\/section>\n\t\t\t\t\t\t<\/div>\n\t\t\t\t\t\t<\/div>\n\t\t\t\t\t<\/div>\n\t\t","protected":false},"excerpt":{"rendered":"<p>Klub Absolwenta UP Wydzia\u0142 Nauk o&nbsp;\u017bywno\u015bci i&nbsp;Biotechnologii Absolwent\u00f3w Wydzia\u0142u Nauk o&nbsp;\u017bywno\u015bci i&nbsp;Biotechnologii UP w&nbsp;Lublinie zapraszamy do tworzonego Klubu Absolwenta. Klub skupia Absolwent\u00f3w wszystkich kierunk\u00f3w i&nbsp;poziom\u00f3w studi\u00f3w naszego wydzia\u0142u: licencjackich, magisterskich, doktoranckich oraz podyplomowych, kt\u00f3rzy uko\u0144czyli studia, pocz\u0105wszy od 1996 roku. Chcieliby\u015bmy razem z&nbsp;naszymi Absolwentami zapisywa\u0107 nie tylko karty przesz\u0142o\u015bci, ale zaproponowa\u0107 r\u00f3wnie\u017c wp\u0142yw na przysz\u0142o\u015b\u0107 [&hellip;]<\/p>\n","protected":false},"author":2,"featured_media":0,"parent":0,"menu_order":0,"comment_status":"closed","ping_status":"closed","template":"elementor_header_footer","meta":{"_monsterinsights_skip_tracking":false,"_monsterinsights_sitenote_active":false,"_monsterinsights_sitenote_note":"","_monsterinsights_sitenote_category":0},"_links":{"self":[{"href":"https:\/\/up.lublin.pl\/foodscience\/wp-json\/wp\/v2\/pages\/2388"}],"collection":[{"href":"https:\/\/up.lublin.pl\/foodscience\/wp-json\/wp\/v2\/pages"}],"about":[{"href":"https:\/\/up.lublin.pl\/foodscience\/wp-json\/wp\/v2\/types\/page"}],"author":[{"embeddable":true,"href":"https:\/\/up.lublin.pl\/foodscience\/wp-json\/wp\/v2\/users\/2"}],"replies":[{"embeddable":true,"href":"https:\/\/up.lublin.pl\/foodscience\/wp-json\/wp\/v2\/comments?post=2388"}],"version-history":[{"count":46,"href":"https:\/\/up.lublin.pl\/foodscience\/wp-json\/wp\/v2\/pages\/2388\/revisions"}],"predecessor-version":[{"id":152139,"href":"https:\/\/up.lublin.pl\/foodscience\/wp-json\/wp\/v2\/pages\/2388\/revisions\/152139"}],"wp:attachment":[{"href":"https:\/\/up.lublin.pl\/foodscience\/wp-json\/wp\/v2\/media?parent=2388"}],"curies":[{"name":"wp","href":"https:\/\/api.w.org\/{rel}","templated":true}]}}