{"id":215,"date":"2020-11-25T13:58:46","date_gmt":"2020-11-25T12:58:46","guid":{"rendered":"http:\/\/nowastrona.up.lublin.pl\/foodscience\/?page_id=215"},"modified":"2025-04-17T11:12:53","modified_gmt":"2025-04-17T09:12:53","slug":"kolegium-wydzialu","status":"publish","type":"page","link":"https:\/\/up.lublin.pl\/foodscience\/wydzial\/kolegium-wydzialu\/","title":{"rendered":"Kolegium wydzia\u0142u"},"content":{"rendered":"\t\t<div data-elementor-type=\"wp-page\" data-elementor-id=\"215\" class=\"elementor elementor-215\" data-elementor-settings=\"[]\">\n\t\t\t\t\t\t<div class=\"elementor-inner\">\n\t\t\t\t\t\t\t<div class=\"elementor-section-wrap\">\n\t\t\t\t\t\t\t<section class=\"elementor-section elementor-top-section elementor-element elementor-element-68623ea elementor-section-boxed elementor-section-height-default elementor-section-height-default\" data-id=\"68623ea\" data-element_type=\"section\">\n\t\t\t\t\t\t<div class=\"elementor-container elementor-column-gap-default\">\n\t\t\t\t\t\t\t<div class=\"elementor-row\">\n\t\t\t\t\t<div class=\"elementor-column elementor-col-100 elementor-top-column elementor-element elementor-element-cc9a86b\" data-id=\"cc9a86b\" data-element_type=\"column\">\n\t\t\t<div class=\"elementor-column-wrap elementor-element-populated\">\n\t\t\t\t\t\t\t<div class=\"elementor-widget-wrap\">\n\t\t\t\t\t\t<div class=\"elementor-element elementor-element-9a207a6 elementor-widget elementor-widget-m2e\" data-id=\"9a207a6\" data-element_type=\"widget\" data-widget_type=\"m2e.default\">\n\t\t\t\t<div class=\"elementor-widget-container\">\n\t\t\t<section class=\"mn-m2-e mn-bg-green\">\n\t<div class=\"mn-grid\">\n\t\t<div class=\"mn-grid-3 mn-introtext\">\n\t\t\t\t\t\t\t<p class=\"mn-header\">Wydzia\u0142 Nauk o&nbsp;\u017bywno\u015bci i&nbsp;Biotechnologii<\/p>\n\t\t\t\t\t\t\t\t\t\t\t<h3>\n\t\t\t\t\tKolegium Wydzia\u0142u\t\t\t\t<\/h3>\n\t\t\t\t\t\t\t\t\t\t\t\t<\/div>\n\t\t<div class=\"mn-grid-9 mn-image-container\">\n\t\t\t\t\t<\/div>\n\t<\/div>\n\t<\/section>\n\t\t<\/div>\n\t\t\t\t<\/div>\n\t\t\t\t\t\t<\/div>\n\t\t\t\t\t<\/div>\n\t\t<\/div>\n\t\t\t\t\t\t\t\t<\/div>\n\t\t\t\t\t<\/div>\n\t\t<\/section>\n\t\t\t\t<section class=\"elementor-section elementor-top-section elementor-element elementor-element-63255ce elementor-section-boxed elementor-section-height-default elementor-section-height-default\" data-id=\"63255ce\" data-element_type=\"section\">\n\t\t\t\t\t\t<div class=\"elementor-container elementor-column-gap-default\">\n\t\t\t\t\t\t\t<div class=\"elementor-row\">\n\t\t\t\t\t<div class=\"elementor-column elementor-col-100 elementor-top-column elementor-element elementor-element-6d41d77\" data-id=\"6d41d77\" data-element_type=\"column\">\n\t\t\t<div class=\"elementor-column-wrap elementor-element-populated\">\n\t\t\t\t\t\t\t<div class=\"elementor-widget-wrap\">\n\t\t\t\t\t\t<div class=\"elementor-element elementor-element-94f6b70 elementor-widget elementor-widget-m5c\" data-id=\"94f6b70\" data-element_type=\"widget\" data-widget_type=\"m5c.default\">\n\t\t\t\t<div class=\"elementor-widget-container\">\n\t\t\t<section class=\"mn-m5-c mn-m5-d2 mn-bg-white\">\n\t<div class=\"mn-grid\">\n\t\t\t\t<div class=\"mn-content mn-grid-9\">\n\t\t\t                <div class=\"mn-content-block active\">\n\t                                                        <div class=\"block-text\">\n\t                                        <p><strong>Cz\u0142onkowie Kolegium Wydzia\u0142u:<\/strong><\/p>\n<p>prof. dr hab. Waldemar Gustaw <br \/><strong>Dziekan oraz <\/strong><strong>Przewodnicz\u0105cy Rady Dyscypliny: technologia \u017cywno\u015bci i&nbsp;\u017cywienia <br \/><\/strong><\/p>\n<p>prof. dr hab. Urszula Pankiewicz &#8211; Prodziekan <br \/>prof. dr hab. Karolina W\u00f3jciak &#8211; Prodziekan <br \/>prof. dr hab. Urszula Gawlik<br \/>prof. dr hab. Izabella Jackowska<br \/>prof. dr hab. Bartosz So\u0142owiej<br \/>prof. dr hab. Micha\u0142 \u015awieca<br \/>prof. dr hab. Adam Wa\u015bko<br \/>dr hab. Monika Kordowska-Wiater, prof. uczelni<br \/>dr hab. Aldona Sobota, prof. uczelni<br \/>dr hab. Dariusz Stasiak, prof. uczelni<br \/>dr hab. Ewa Jab\u0142o\u0144ska-Ry\u015b<br \/>dr Monika Sachadyn-Kr\u00f3l<br \/>dr in\u017c. Ewelina Zieli\u0144ska<br \/>Dorota Przebirowska &#8211; przedstawiciel pracownik\u00f3w in\u017cynieryjno-technicznych<br \/>Michalina Kwiatkowska &#8211; przedstawiciel student\u00f3w<br \/>Szymon Kuli\u0144ski &#8211; przedstawiciel student\u00f3w<br \/>Wiktoria Tarasiuk &#8211; przedstawiciel student\u00f3w<br \/>dr Monika Pytka &#8211; przedstawiciel zwi\u0105zk\u00f3w zawodowych NSZZ &#8220;Solidarno\u015b\u0107&#8221;<br \/>dr Alicja Skrzypek &#8211; przedstawiciel zwi\u0105zk\u00f3w zawodowych ZNP<\/p>\n<p><strong>Kompetencje kolegium wydzia\u0142u okre\u015blone zosta\u0142y \u00a7 51 ust. 2 Statutu Uniwersytetu Przyrodniczego w&nbsp;Lublinie. Do kompetencji kolegium wydzia\u0142u nale\u017cy w&nbsp;szczeg\u00f3lno\u015bci:<\/strong><\/p>\n<ul>\n<li>ustalanie kierunk\u00f3w dzia\u0142alno\u015bci dydaktycznej wydzia\u0142u,<\/li>\n<li>opiniowanie wniosk\u00f3w o&nbsp;powo\u0142anie dziekan\u00f3w i&nbsp;prodziekan\u00f3w,<\/li>\n<li>opiniowanie wniosk\u00f3w o&nbsp;powo\u0142anie dyrektor\u00f3w instytut\u00f3w, kierownik\u00f3w katedr, katedr i&nbsp;klinik, zak\u0142ad\u00f3w, zak\u0142ad\u00f3w i&nbsp;klinik, pracowni i&nbsp;laboratori\u00f3w,<\/li>\n<li>opiniowanie wniosk\u00f3w o&nbsp;zatrudnienie pracownik\u00f3w na stanowiskach badawczo-dydaktycznych oraz dydaktycznych,<\/li>\n<li>opiniowanie wniosk\u00f3w o&nbsp;utworzenie, przekszta\u0142cenie lub likwidacj\u0119 jednostek organizacyjnych wydzia\u0142u,<\/li>\n<li>opiniowanie wniosk\u00f3w o&nbsp;utworzenie nowych kierunk\u00f3w studi\u00f3w,<\/li>\n<li>delegowanie przedstawiciela do Komisji Wyborczej Uczelni<\/li>\n<\/ul>\n                                        <\/div>\n\t\t\t\t\t\t                                <\/div>\n\t\t\t\t                <div class=\"mn-content-block\">\n\t                                <\/div>\n\t\t\t\t                <div class=\"mn-content-block\">\n\t                                <\/div>\n\t\t\t\t                <div class=\"mn-content-block\">\n\t                                <\/div>\n\t\t\t\t                <div class=\"mn-content-block\">\n\t                                <\/div>\n\t\t\t\t                <div class=\"mn-content-block\">\n\t                                <\/div>\n\t\t\t\t                <div class=\"mn-content-block\">\n\t                                <\/div>\n\t\t\t\t                <div class=\"mn-content-block\">\n\t                                <\/div>\n\t\t\t\t                <div class=\"mn-content-block\">\n\t                                <\/div>\n\t\t\t\t                <div class=\"mn-content-block\">\n\t                                <\/div>\n\t\t\t\t                <div class=\"mn-content-block\">\n\t                                <\/div>\n\t\t\t\t                <div class=\"mn-content-block\">\n\t                                <\/div>\n\t\t\t\t                <div class=\"mn-content-block\">\n\t                                <\/div>\n\t\t\t\t                <div class=\"mn-content-block\">\n\t                                <\/div>\n\t\t\t\t                <div class=\"mn-content-block\">\n\t                                <\/div>\n\t\t\t\t                <div class=\"mn-content-block\">\n\t                                <\/div>\n\t\t\t\t                <div class=\"mn-content-block\">\n\t                                <\/div>\n\t\t\t\t                <div class=\"mn-content-block\">\n\t                                <\/div>\n\t\t\t\t                <div class=\"mn-content-block\">\n\t                                <\/div>\n\t\t\t\t                <div class=\"mn-content-block\">\n\t                                <\/div>\n\t\t\t\t\t\t<\/div>\n\t<\/div>\n<\/section>\n\t\t<\/div>\n\t\t\t\t<\/div>\n\t\t\t\t\t\t<\/div>\n\t\t\t\t\t<\/div>\n\t\t<\/div>\n\t\t\t\t\t\t\t\t<\/div>\n\t\t\t\t\t<\/div>\n\t\t<\/section>\n\t\t\t\t\t\t<\/div>\n\t\t\t\t\t\t<\/div>\n\t\t\t\t\t<\/div>\n\t\t","protected":false},"excerpt":{"rendered":"<p>Wydzia\u0142 Nauk o&nbsp;\u017bywno\u015bci i&nbsp;Biotechnologii Kolegium Wydzia\u0142u UP Wydzia\u0142 Nauk o&nbsp;\u017bywno\u015bci i&nbsp;Biotechnologii Cz\u0142onkowie Kolegium Wydzia\u0142u: prof. dr hab. Waldemar Gustaw Dziekan oraz Przewodnicz\u0105cy Rady Dyscypliny: technologia \u017cywno\u015bci i&nbsp;\u017cywienia prof. dr hab. Urszula Pankiewicz &#8211; Prodziekan prof. dr hab. Karolina W\u00f3jciak &#8211; Prodziekan prof. dr hab. Urszula Gawlikprof. dr hab. Izabella Jackowskaprof. dr hab. Bartosz So\u0142owiejprof. dr [&hellip;]<\/p>\n","protected":false},"author":2,"featured_media":0,"parent":190,"menu_order":0,"comment_status":"closed","ping_status":"closed","template":"elementor_header_footer","meta":{"_monsterinsights_skip_tracking":false,"_monsterinsights_sitenote_active":false,"_monsterinsights_sitenote_note":"","_monsterinsights_sitenote_category":0},"_links":{"self":[{"href":"https:\/\/up.lublin.pl\/foodscience\/wp-json\/wp\/v2\/pages\/215"}],"collection":[{"href":"https:\/\/up.lublin.pl\/foodscience\/wp-json\/wp\/v2\/pages"}],"about":[{"href":"https:\/\/up.lublin.pl\/foodscience\/wp-json\/wp\/v2\/types\/page"}],"author":[{"embeddable":true,"href":"https:\/\/up.lublin.pl\/foodscience\/wp-json\/wp\/v2\/users\/2"}],"replies":[{"embeddable":true,"href":"https:\/\/up.lublin.pl\/foodscience\/wp-json\/wp\/v2\/comments?post=215"}],"version-history":[{"count":31,"href":"https:\/\/up.lublin.pl\/foodscience\/wp-json\/wp\/v2\/pages\/215\/revisions"}],"predecessor-version":[{"id":153627,"href":"https:\/\/up.lublin.pl\/foodscience\/wp-json\/wp\/v2\/pages\/215\/revisions\/153627"}],"up":[{"embeddable":true,"href":"https:\/\/up.lublin.pl\/foodscience\/wp-json\/wp\/v2\/pages\/190"}],"wp:attachment":[{"href":"https:\/\/up.lublin.pl\/foodscience\/wp-json\/wp\/v2\/media?parent=215"}],"curies":[{"name":"wp","href":"https:\/\/api.w.org\/{rel}","templated":true}]}}