{"id":210,"date":"2020-11-25T13:58:34","date_gmt":"2020-11-25T12:58:34","guid":{"rendered":"http:\/\/nowastrona.up.lublin.pl\/foodscience\/?page_id=210"},"modified":"2025-04-17T11:10:15","modified_gmt":"2025-04-17T09:10:15","slug":"komisje-wydzialowe","status":"publish","type":"page","link":"https:\/\/up.lublin.pl\/foodscience\/wydzial\/komisje-wydzialowe\/","title":{"rendered":"Komisje wydzia\u0142owe"},"content":{"rendered":"\t\t<div data-elementor-type=\"wp-page\" data-elementor-id=\"210\" class=\"elementor elementor-210\" data-elementor-settings=\"[]\">\n\t\t\t\t\t\t<div class=\"elementor-inner\">\n\t\t\t\t\t\t\t<div class=\"elementor-section-wrap\">\n\t\t\t\t\t\t\t<section class=\"elementor-section elementor-top-section elementor-element elementor-element-f5be2ec elementor-section-boxed elementor-section-height-default elementor-section-height-default\" data-id=\"f5be2ec\" data-element_type=\"section\">\n\t\t\t\t\t\t<div class=\"elementor-container elementor-column-gap-default\">\n\t\t\t\t\t\t\t<div class=\"elementor-row\">\n\t\t\t\t\t<div class=\"elementor-column elementor-col-100 elementor-top-column elementor-element elementor-element-d3b92ad\" data-id=\"d3b92ad\" data-element_type=\"column\">\n\t\t\t<div class=\"elementor-column-wrap elementor-element-populated\">\n\t\t\t\t\t\t\t<div class=\"elementor-widget-wrap\">\n\t\t\t\t\t\t<div class=\"elementor-element elementor-element-c630e6e elementor-widget elementor-widget-m2e\" data-id=\"c630e6e\" data-element_type=\"widget\" data-widget_type=\"m2e.default\">\n\t\t\t\t<div class=\"elementor-widget-container\">\n\t\t\t<section class=\"mn-m2-e mn-bg-green\">\n\t<div class=\"mn-grid\">\n\t\t<div class=\"mn-grid-3 mn-introtext\">\n\t\t\t\t\t\t\t<p class=\"mn-header\">Wydzia\u0142 Nauk o&nbsp;\u017bywno\u015bci i&nbsp;Biotechnologii<\/p>\n\t\t\t\t\t\t\t\t\t\t\t<h3>\n\t\t\t\t\tKomisje wydzia\u0142owe\t\t\t\t<\/h3>\n\t\t\t\t\t\t\t\t\t\t\t\t<\/div>\n\t\t<div class=\"mn-grid-9 mn-image-container\">\n\t\t\t\t\t<\/div>\n\t<\/div>\n\t<\/section>\n\t\t<\/div>\n\t\t\t\t<\/div>\n\t\t\t\t\t\t<\/div>\n\t\t\t\t\t<\/div>\n\t\t<\/div>\n\t\t\t\t\t\t\t\t<\/div>\n\t\t\t\t\t<\/div>\n\t\t<\/section>\n\t\t\t\t<section class=\"elementor-section elementor-top-section elementor-element elementor-element-b3621cd elementor-section-boxed elementor-section-height-default elementor-section-height-default\" data-id=\"b3621cd\" data-element_type=\"section\">\n\t\t\t\t\t\t<div class=\"elementor-container elementor-column-gap-default\">\n\t\t\t\t\t\t\t<div class=\"elementor-row\">\n\t\t\t\t\t<div class=\"elementor-column elementor-col-100 elementor-top-column elementor-element elementor-element-88dd4cc\" data-id=\"88dd4cc\" data-element_type=\"column\">\n\t\t\t<div class=\"elementor-column-wrap elementor-element-populated\">\n\t\t\t\t\t\t\t<div class=\"elementor-widget-wrap\">\n\t\t\t\t\t\t<div class=\"elementor-element elementor-element-3c82c08 elementor-widget elementor-widget-m5c\" data-id=\"3c82c08\" data-element_type=\"widget\" data-widget_type=\"m5c.default\">\n\t\t\t\t<div class=\"elementor-widget-container\">\n\t\t\t<section class=\"mn-m5-c mn-m5-d2 mn-bg-white\">\n\t<div class=\"mn-grid\">\n\t\t\t\t<div class=\"mn-content mn-grid-9\">\n\t\t\t                <div class=\"mn-content-block active\">\n\t                                                        <div class=\"block-text\">\n\t                                        <h3 style=\"text-align: center\">Komisje sta\u0142e powo\u0142ane przez Dziekana Wydzia\u0142u Nauk o&nbsp;\u017bywno\u015bci i&nbsp;Biotechnologii na lata 2024-2028<\/h3>\n<p><strong>Wydzia\u0142owa Komisja do spraw Kadr Naukowych i&nbsp;Oceny Nauczycieli Akademickich:<\/strong><\/p>\n<p><strong>Przewodnicz\u0105cy:\u00a0\u00a0<\/strong>\u00a0\u00a0\u00a0\u00a0\u00a0 prof. dr hab. Joanna Stadnik<\/p>\n<p><strong>Sk\u0142ad Komisji:<br \/><\/strong>prof. dr hab.\u00a0 Urszula Gawlik<br \/>prof. dr hab. Pawe\u0142 Glibowski<br \/>prof. dr hab. Rados\u0142aw Kowalski<br \/>dr hab. Tadeusz Paszko, prof. uczelni<br \/>dr hab. Marta Weso\u0142owska-Trojanowska, prof. uczelni<br \/>dr hab. Ewa Jab\u0142o\u0144ska-Ry\u015b<br \/>dr Urszula Szymanowska<br \/>dr Anna Wirkijowska<\/p>\n<p><strong>Wydzia\u0142owa Komisja do spraw Nauki i&nbsp;Wsp\u00f3\u0142pracy z&nbsp;Zagranic\u0105:<\/strong><\/p>\n<p><strong>Przewodnicz\u0105cy:\u00a0\u00a0\u00a0<\/strong>\u00a0 dr hab. Maciej Nastaj<\/p>\n<p><strong>Sk\u0142ad Komisji:<br \/><\/strong>prof dr hab. Dominik Szwajgier<br \/>prof. dr hab. Micha\u0142 \u015awieca<br \/>dr hab. Monika Sujka, prof. uczelni<br \/>dr hab. Piotr Zarzycki<br \/>dr in\u017c. Katarzyna Skrzypczak<br \/>dr Monika Sachadyn-Kr\u00f3l<br \/>dr Hubert Szczerba<\/p>\n<p><strong>Wydzia\u0142owa Komisja do spraw Promocji:<\/strong><\/p>\n<p><strong>Przewodnicz\u0105cy:<\/strong> \u00a0\u00a0\u00a0\u00a0\u00a0\u00a0 dr in\u017c. Monika Michalak-Majewska<\/p>\n<p><strong>Sk\u0142ad Komisji:<br \/><\/strong>dr hab. Marzena W\u0142odarczyk\u2013Stasiak, prof. uczelni<br \/>dr hab. Ewa Baranowska-W\u00f3jcik, prof. uczelni<br \/>dr in\u017c. Elwira Komo\u0144\u2013Janczara<br \/>dr in\u017c. Paulina K\u0119ska<br \/>dr\u00a0 Wojciech Radzki<br \/>dr Klaudia Gustaw<br \/>dr Dorota Teterycz<br \/>dr Jagoda Szafra\u0144ska<br \/>dr Monika Sachadyn\u2013Kr\u00f3l<br \/>dr Ma\u0142gorzata Sierocka<br \/>dr Renata Czeczko<br \/>dr Ewelina Zieli\u0144ska<br \/>dr Izabela Pog\u00f3rska-Kryszczuk<\/p>\n<p><strong>Wydzia\u0142owa Komisja do spraw Jako\u015bci Kszta\u0142cenia<\/strong>:<\/p>\n<p><strong>Przewodnicz\u0105cy:\u00a0\u00a0<\/strong>\u00a0 \u00a0 \u00a0 prof. dr hab. Anna Krzepi\u0142ko<\/p>\n<p><strong>Sk\u0142ad Komisji:<br \/><\/strong>dr hab. Agnieszka Latoch, prof. uczelni<br \/>dr hab. Monika Kara\u015b, prof. uczelni<br \/>dr hab. Piotr Zarzycki<br \/>dr Monika Bojanowska<br \/>dr Artur Mazurek<br \/>dr Aneta S\u0142awi\u0144ska<br \/>mgr in\u017c. Joanna Stasiak &#8211; przedstawicielka doktorant\u00f3w <br \/>Jakub Murat &#8211; przedstawiciel student\u00f3w<\/p>\n<p><strong>Komisja ds. Wsp\u00f3\u0142pracy z&nbsp;Otoczeniem Spo\u0142eczno-Gospodarczym<\/strong><\/p>\n<p><strong>Przewodnicz\u0105cy:\u00a0\u00a0 <\/strong>prof. dr hab. Ma\u0142gorzata Karwowska<\/p>\n<p><strong>Sk\u0142ad Komisji:<br \/><\/strong>dr hab. Aldona Sobota, prof. uczelni<br \/>dr hab. Urszula Z\u0142otek, prof. uczelni<br \/>dr Ma\u0142gorzata Ostrowska<br \/>dr Jagoda Szafra\u0144ska<br \/>dr Marzena Pabich<br \/>dr Wojciech Radzki<br \/>dr Artur Mazurek<br \/>dr Tomasz Czernecki<\/p>\n                                        <\/div>\n\t\t\t\t\t\t                                <\/div>\n\t\t\t\t                <div class=\"mn-content-block\">\n\t                                <\/div>\n\t\t\t\t                <div class=\"mn-content-block\">\n\t                                <\/div>\n\t\t\t\t                <div class=\"mn-content-block\">\n\t                                <\/div>\n\t\t\t\t                <div class=\"mn-content-block\">\n\t                                <\/div>\n\t\t\t\t                <div class=\"mn-content-block\">\n\t                                <\/div>\n\t\t\t\t                <div class=\"mn-content-block\">\n\t                                <\/div>\n\t\t\t\t                <div class=\"mn-content-block\">\n\t                                <\/div>\n\t\t\t\t                <div class=\"mn-content-block\">\n\t                                <\/div>\n\t\t\t\t                <div class=\"mn-content-block\">\n\t                                <\/div>\n\t\t\t\t                <div class=\"mn-content-block\">\n\t                                <\/div>\n\t\t\t\t                <div class=\"mn-content-block\">\n\t                                <\/div>\n\t\t\t\t                <div class=\"mn-content-block\">\n\t                                <\/div>\n\t\t\t\t                <div class=\"mn-content-block\">\n\t                                <\/div>\n\t\t\t\t                <div class=\"mn-content-block\">\n\t                                <\/div>\n\t\t\t\t                <div class=\"mn-content-block\">\n\t                                <\/div>\n\t\t\t\t                <div class=\"mn-content-block\">\n\t                                <\/div>\n\t\t\t\t                <div class=\"mn-content-block\">\n\t                                <\/div>\n\t\t\t\t                <div class=\"mn-content-block\">\n\t                                <\/div>\n\t\t\t\t                <div class=\"mn-content-block\">\n\t                                <\/div>\n\t\t\t\t\t\t<\/div>\n\t<\/div>\n<\/section>\n\t\t<\/div>\n\t\t\t\t<\/div>\n\t\t\t\t\t\t<\/div>\n\t\t\t\t\t<\/div>\n\t\t<\/div>\n\t\t\t\t\t\t\t\t<\/div>\n\t\t\t\t\t<\/div>\n\t\t<\/section>\n\t\t\t\t\t\t<\/div>\n\t\t\t\t\t\t<\/div>\n\t\t\t\t\t<\/div>\n\t\t","protected":false},"excerpt":{"rendered":"<p>Wydzia\u0142 Nauk o&nbsp;\u017bywno\u015bci i&nbsp;Biotechnologii Komisje wydzia\u0142owe UP Wydzia\u0142 Nauk o&nbsp;\u017bywno\u015bci i&nbsp;Biotechnologii Komisje sta\u0142e powo\u0142ane przez Dziekana Wydzia\u0142u Nauk o&nbsp;\u017bywno\u015bci i&nbsp;Biotechnologii na lata 2024-2028 Wydzia\u0142owa Komisja do spraw Kadr Naukowych i&nbsp;Oceny Nauczycieli Akademickich: Przewodnicz\u0105cy:\u00a0\u00a0\u00a0\u00a0\u00a0\u00a0\u00a0 prof. dr hab. Joanna Stadnik Sk\u0142ad Komisji:prof. dr hab.\u00a0 Urszula Gawlikprof. dr hab. Pawe\u0142 Glibowskiprof. dr hab. Rados\u0142aw Kowalskidr hab. Tadeusz Paszko, [&hellip;]<\/p>\n","protected":false},"author":2,"featured_media":0,"parent":190,"menu_order":0,"comment_status":"closed","ping_status":"closed","template":"elementor_header_footer","meta":{"_monsterinsights_skip_tracking":false,"_monsterinsights_sitenote_active":false,"_monsterinsights_sitenote_note":"","_monsterinsights_sitenote_category":0},"_links":{"self":[{"href":"https:\/\/up.lublin.pl\/foodscience\/wp-json\/wp\/v2\/pages\/210"}],"collection":[{"href":"https:\/\/up.lublin.pl\/foodscience\/wp-json\/wp\/v2\/pages"}],"about":[{"href":"https:\/\/up.lublin.pl\/foodscience\/wp-json\/wp\/v2\/types\/page"}],"author":[{"embeddable":true,"href":"https:\/\/up.lublin.pl\/foodscience\/wp-json\/wp\/v2\/users\/2"}],"replies":[{"embeddable":true,"href":"https:\/\/up.lublin.pl\/foodscience\/wp-json\/wp\/v2\/comments?post=210"}],"version-history":[{"count":20,"href":"https:\/\/up.lublin.pl\/foodscience\/wp-json\/wp\/v2\/pages\/210\/revisions"}],"predecessor-version":[{"id":153624,"href":"https:\/\/up.lublin.pl\/foodscience\/wp-json\/wp\/v2\/pages\/210\/revisions\/153624"}],"up":[{"embeddable":true,"href":"https:\/\/up.lublin.pl\/foodscience\/wp-json\/wp\/v2\/pages\/190"}],"wp:attachment":[{"href":"https:\/\/up.lublin.pl\/foodscience\/wp-json\/wp\/v2\/media?parent=210"}],"curies":[{"name":"wp","href":"https:\/\/api.w.org\/{rel}","templated":true}]}}