{"id":2095,"date":"2021-02-04T09:46:30","date_gmt":"2021-02-04T08:46:30","guid":{"rendered":"http:\/\/nowastrona.up.lublin.pl\/foodscience\/?page_id=2095"},"modified":"2021-03-30T09:24:39","modified_gmt":"2021-03-30T07:24:39","slug":"eksperymentuj","status":"publish","type":"page","link":"https:\/\/up.lublin.pl\/foodscience\/projekty-badawcze\/eksperymentuj\/","title":{"rendered":"EKSPERYMENTUJ, POZNAWAJ, POSZERZAJ SWOJE HORYZONTY \u2013 Praktyczna edukacja chemii w laboratorium"},"content":{"rendered":"\t\t<div data-elementor-type=\"wp-page\" data-elementor-id=\"2095\" class=\"elementor elementor-2095\" data-elementor-settings=\"[]\">\n\t\t\t\t\t\t<div class=\"elementor-inner\">\n\t\t\t\t\t\t\t<div class=\"elementor-section-wrap\">\n\t\t\t\t\t\t\t<section class=\"elementor-section elementor-top-section elementor-element elementor-element-cda26e3 elementor-section-boxed elementor-section-height-default elementor-section-height-default\" data-id=\"cda26e3\" data-element_type=\"section\">\n\t\t\t\t\t\t<div class=\"elementor-container elementor-column-gap-default\">\n\t\t\t\t\t\t\t<div class=\"elementor-row\">\n\t\t\t\t\t<div class=\"elementor-column elementor-col-100 elementor-top-column elementor-element elementor-element-fa0c092\" data-id=\"fa0c092\" data-element_type=\"column\">\n\t\t\t<div class=\"elementor-column-wrap elementor-element-populated\">\n\t\t\t\t\t\t\t<div class=\"elementor-widget-wrap\">\n\t\t\t\t\t\t<div class=\"elementor-element elementor-element-fda93ad elementor-widget elementor-widget-m2j\" data-id=\"fda93ad\" data-element_type=\"widget\" data-widget_type=\"m2j.default\">\n\t\t\t\t<div class=\"elementor-widget-container\">\n\t\t\t<section class=\"mn-m2-h\">\n    <div class=\"mn-image-container mn-container\">\n                    <img src=\"http:\/\/nowastrona.up.lublin.pl\/foodscience\/wp-content\/uploads\/sites\/8\/2021\/03\/eksperymentuj_banner.jpg\" alt=\"\">\n                        <\/div>\n    <div class=\"mn-grid mn-content\">\n            <\/div>\n<\/section>\n\t\t<\/div>\n\t\t\t\t<\/div>\n\t\t\t\t<div class=\"elementor-element elementor-element-0affa5f elementor-widget elementor-widget-m5c\" data-id=\"0affa5f\" data-element_type=\"widget\" data-widget_type=\"m5c.default\">\n\t\t\t\t<div class=\"elementor-widget-container\">\n\t\t\t<section class=\"mn-m5-c mn-bg-white\">\n\t<div class=\"mn-grid\">\n\t\t            <div class=\"mn-menu-container mn-grid-3\">\n                <ul class=\"mn-bg-yellow\">\n\t                                        <li>\n                            <a href=\"#\" class=\"active\" data-hash=\"#\">\n                                Praktyczna edukacja chemii w&nbsp;laboratorium                            <\/a>\n                        <\/li>\n                                                <li>\n                            <a href=\"#\" class=\"\" data-hash=\"#\">\n                                Aktualno\u015bci                            <\/a>\n                        <\/li>\n                                                <li>\n                            <a href=\"#\" class=\"\" data-hash=\"#\">\n                                Rekrutacja                            <\/a>\n                        <\/li>\n                                                <li>\n                            <a href=\"#\" class=\"\" data-hash=\"#\">\n                                Dokmenty                            <\/a>\n                        <\/li>\n                                                <li>\n                            <a href=\"#\" class=\"\" data-hash=\"#\">\n                                Kontakt                            <\/a>\n                        <\/li>\n                                        <\/ul>\n            <\/div>\n\t        \t\t<div class=\"mn-content mn-grid-8\">\n\t\t\t                <div class=\"mn-content-block active\">\n\t                                                        <div class=\"block-text\">\n\t                                        <p>Projekt <strong>\u201eEKSPERYMENTUJ, POZNAWAJ, POSZERZAJ SWOJE HORYZONTY \u2013 Praktyczna edukacja chemii w&nbsp;laboratorium\u201d<\/strong> jest wsp\u00f3\u0142finansowany ze \u015brodk\u00f3w Unii Europejskiej w&nbsp;ramach Europejskiego Funduszu Spo\u0142ecznego i&nbsp;Programu Operacyjnego Wiedza Edukacja Rozw\u00f3j (Dzia\u0142anie 3.1\u00a0Kompetencje w&nbsp;Szkolnictwie Wy\u017cszym\u00a0Osi III\u00a0Szkolnictwo Wy\u017csze dla gospodarki i&nbsp;rozwoju)<\/p>\n<p>\u00a0<br \/>Okres realizacji projektu: <strong>10.09.2018 r. &#8211; 30.01.2020 r.<\/strong><br \/>\u0141\u0105czna warto\u015b\u0107 projektu: <strong>185\u00a0 583,75 z\u0142<\/strong><br \/>\u00a0<br \/>Projekt EKSPERYMENTUJ, POZNAWAJ, POSZERZAJ SWOJE HORYZONTY &#8211; Praktyczna edukacja chemii w&nbsp;laboratorium ma na celu popraw\u0119 relacji Uczelni z&nbsp;otoczeniem zewn\u0119trznym poprzez opracowanie i&nbsp;przeprowadzenie niekonwencjonalnych zaj\u0119\u0107 warsztatowych z&nbsp;chemii (w ramach realizacji trzeciej misji uczelni) z&nbsp;wykorzystaniem zasob\u00f3w uczelni w&nbsp;postaci kadry oraz zaplecza laboratoryjnego Uniwersytetu Przyrodniczego w&nbsp;Lublinie. Projekt ma za zadanie rozbudzanie ciekawo\u015bci poznawczej uczni\u00f3w, inspirowanie do tw\u00f3rczego my\u015blenia oraz samodzielnego stawiania hipotez i&nbsp;wyci\u0105gania wniosk\u00f3w, zach\u0119ca\u0107 do dalszego kszta\u0142cenia i&nbsp;wyboru zawod\u00f3w in\u017cynierskich. Projekt obejmuje edukacj\u0119 uczni\u00f3w szczeg\u00f3lnie zdolnych poprzez innowacyjne formy edukacji pozwalaj\u0105ce na rozwijanie zainteresowa\u0144 oraz samodzielnego i&nbsp;tw\u00f3rczego my\u015blenia. Wsparcie w&nbsp;formie innowacyjnych modu\u0142\u00f3w zaj\u0119\u0107 dydaktycznych dobierane b\u0119dzie adekwatnie do potrzeb i&nbsp;kompetencji uczestnik\u00f3w projektu.<\/p>\n<p>Grupa docelowa to uczniowie szk\u00f3\u0142 podstawowych w&nbsp;wieku 12-16 zamieszkuj\u0105cych na terenie wojew\u00f3dztwa lubelskiego.<\/p>\n<p><strong>Projekt obejmuje:<\/strong><\/p>\n<ul style=\"list-style-type: circle\">\n<li>organizacj\u0119 zaj\u0119\u0107 przyczyniaj\u0105cych si\u0119 do rozwoju kompetencji kluczowych niezb\u0119dnych na rynku pracy oraz w\u0142a\u015bciwych postaw (kreatywno\u015b\u0107, praca zespo\u0142owa).<\/li>\n<li>stworzenie niekonwencjonalnych modu\u0142\u00f3w zaj\u0119\u0107 i&nbsp;dziennik\u00f3w laboratoryjnych dla uczni\u00f3w szczeg\u00f3lnie zainteresowanych naukami przyrodniczymi<\/li>\n<li>popraw\u0119 kompetencji uczni\u00f3w w&nbsp;zakresie krytycznego my\u015blenia, poprawnego argumentowania zjawisk zachodz\u0105cych w&nbsp;przyrodzie oraz ch\u0119ci pog\u0142\u0119biania wiedzy.<br \/>\u00a0<\/li>\n<\/ul>\n<p>Dzia\u0142ania planowane podczas realizacji projektu pozwol\u0105 uczestnikom zdoby\u0107 do\u015bwiadczenie w&nbsp;pracy laboratoryjnej, rozwin\u0105\u0107 ich praktyczne umiej\u0119tno\u015bci oraz wykszta\u0142ci\u0107 zdolno\u015b\u0107 pracy zespo\u0142owej i&nbsp;dyscyplin\u0119 pracy samodzielnej.\u00a0W efekcie dzia\u0142a\u0144 podejmowanych w&nbsp;projekcie nast\u0105pi podniesienie u&nbsp;uczni\u00f3w poziomu kompetencji kluczowych i&nbsp;w\u0142a\u015bciwych postaw niezb\u0119dnych na rynku pracy.<\/p>\n<p>\u00a0<\/p>\n                                        <\/div>\n\t\t\t\t\t\t                                <\/div>\n\t\t\t\t                <div class=\"mn-content-block\">\n\t                                                        <ul class=\"mn-accordion\">\n                                            <li>\n                                                <h4 class=\"mn-accordion-title\">Rekrutacja II grupa docelowa<\/h4>\n                                                <div>\n\t\t\t\t\t\t\t\t\t                <p>Informujemy, \u017ce w&nbsp;dniach 07.01.2019r. do 21.01.2019r. prowadzimy rekrutacj\u0119 do II grupy docelowej w&nbsp;projekcie EKSPERYMENTUJ, POZNAWAJ, POSZERZAJ SWOJE HORYZONTY &#8211; Praktyczna edukacja chemii w&nbsp;laboratorium&#8221; &#8211; nr projektu POWR.03.01.00-00-U089\/17-00.\u00a0<\/p>\n<div>Wszyscy ch\u0119tni Uczniowie i&nbsp;Uczennice przyst\u0119puj\u0105cy do rekrutacji w&nbsp;ramach Projektu zobowi\u0105zani s\u0105 do wype\u0142nienia i&nbsp;z\u0142o\u017cenia w&nbsp;biurze projektu formularza zg\u0142oszeniowego (<a href=\"https:\/\/up.lublin.pl\/files\/foodscience\/2018\/eksperymentuj\/zal_1.doc\">za\u0142\u0105cznik nr 1<\/a>) oraz o\u015bwiadczenia potwierdzaj\u0105ce kwalifikowalno\u015b\u0107 uczestnika (<a href=\"https:\/\/up.lublin.pl\/files\/foodscience\/2018\/eksperymentuj\/zal_2.docx\">za\u0142\u0105cznik nr 2<\/a>). Wymienione dokumenty mo\u017cna r\u00f3wnie\u017c przes\u0142a\u0107 poczt\u0105 na adres biura projektu.\u00a0<\/div>\n<div>\u00a0<\/div>\n<div>W ramach Projektu zakwalifikowani uczestnicy skorzystaj\u0105 z&nbsp;nast\u0119puj\u0105cych form wsparcia:<\/div>\n<div>a) 6 warsztat\u00f3w obejmuj\u0105cych trening umiej\u0119tno\u015bci laboratoryjnych (6 x&nbsp;godz. lekcyjna \u2013 45 min)<\/div>\n<div>b) 5 warsztat\u00f3w podnosz\u0105cych kompetencje rozszerzaj\u0105ce program szko\u0142y podstawowej (6 x&nbsp;godz. lekcyjna \u2013 45 min)<\/div>\n                                                <\/div>\n                                            <\/li>\n                                        <\/ul>\n\t\t\t\t\t\t                                                        <ul class=\"mn-accordion\">\n                                            <li>\n                                                <h4 class=\"mn-accordion-title\">Harmonogram zaj\u0119\u0107 w&nbsp;projekcie - II grupa docelowa<\/h4>\n                                                <div>\n\t\t\t\t\t\t\t\t\t                <p style=\"text-align: center\">Harmonogram zaj\u0119\u0107 w&nbsp;projekcie \u201eEKSPERYMENTUJ, POZNAWAJ, POSZERZAJ SWOJE HORYZONTY \u2013 Praktyczna edukacja chemii w&nbsp;laboratorium\u201d<\/p>\n<p>Dla drugiej grupy docelowej <em>Zadanie 3: I&nbsp;ty mo\u017cesz odkry\u0107 sw\u00f3j talent<\/em><\/p>\n<p>Warsztaty odbywaj\u0105 si\u0119 w&nbsp;sali 428, Uniwersytetu Przyrodniczego w&nbsp;Lublinie, Katedra Chemii, Ul. Akademicka 15, 20-950 Lublin.<\/p>\n<table style=\"border-collapse: collapse;width: 100%;height: 138px\">\n<tbody>\n<tr style=\"height: 23px\">\n<td style=\"width: 33.3333%;text-align: center;height: 23px\"><strong>Lp.<\/strong><\/td>\n<td style=\"width: 33.3333%;text-align: center;height: 23px\"><strong>Termin<\/strong><\/td>\n<td style=\"width: 33.3333%;text-align: center;height: 23px\"><strong>Warsztat<\/strong><\/td>\n<\/tr>\n<tr style=\"height: 23px\">\n<td style=\"width: 33.3333%;height: 23px;text-align: center\">1<\/td>\n<td style=\"width: 33.3333%;text-align: center;height: 23px\">11.09.2019 r. \u015broda<\/td>\n<td style=\"width: 33.3333%;height: 23px;text-align: center\">I<\/td>\n<\/tr>\n<tr style=\"height: 23px\">\n<td style=\"width: 33.3333%;height: 23px;text-align: center\">2<\/td>\n<td style=\"width: 33.3333%;text-align: center;height: 23px\">21.09.2019 r. sobota<\/td>\n<td style=\"width: 33.3333%;height: 23px;text-align: center\">II<\/td>\n<\/tr>\n<tr style=\"height: 23px\">\n<td style=\"width: 33.3333%;height: 23px;text-align: center\">3<\/td>\n<td style=\"width: 33.3333%;text-align: center;height: 23px\">2.10.2019 r. \u015broda<\/td>\n<td style=\"width: 33.3333%;height: 23px;text-align: center\">III<\/td>\n<\/tr>\n<tr style=\"height: 23px\">\n<td style=\"width: 33.3333%;height: 23px;text-align: center\">4<\/td>\n<td style=\"width: 33.3333%;text-align: center;height: 23px\">27.11.2019 r. \u015broda<\/td>\n<td style=\"width: 33.3333%;height: 23px;text-align: center\">IV<\/td>\n<\/tr>\n<tr style=\"height: 23px\">\n<td style=\"width: 33.3333%;height: 23px;text-align: center\">5<\/td>\n<td style=\"width: 33.3333%;text-align: center;height: 23px\">7.12.2019 r. sobota<\/td>\n<td style=\"width: 33.3333%;height: 23px;text-align: center\">V<\/td>\n<\/tr>\n<\/tbody>\n<\/table>\n<p>\u00a0<\/p>\n                                                <\/div>\n                                            <\/li>\n                                        <\/ul>\n\t\t\t\t\t\t                                                        <ul class=\"mn-accordion\">\n                                            <li>\n                                                <h4 class=\"mn-accordion-title\">Harmonogram zaj\u0119\u0107 w&nbsp;projekcie - I&nbsp;grupa docelowa<\/h4>\n                                                <div>\n\t\t\t\t\t\t\t\t\t                <p><a href=\"http:\/\/nowastrona.up.lublin.pl\/foodscience\/wp-content\/uploads\/sites\/8\/2021\/02\/harmonogramprojektu_zmiana.docx\"><strong>Harmonogram zaj\u0119\u0107 w&nbsp;projekcie &#8211; I&nbsp;grupa docelowa<\/strong><\/a><\/p>\n                                                <\/div>\n                                            <\/li>\n                                        <\/ul>\n\t\t\t\t\t\t                                                        <ul class=\"mn-accordion\">\n                                            <li>\n                                                <h4 class=\"mn-accordion-title\">Rekrutacja I&nbsp;grupa docelowa<\/h4>\n                                                <div>\n\t\t\t\t\t\t\t\t\t                <p>Prowadzimy rekrutacj\u0119 do projektu EKSPERYMENTUJ, POZNAWAJ, POSZERZAJ SWOJE HORYZONTY &#8211; Praktyczna edukacja chemii w&nbsp;laboratorium&#8221; &#8211; nr projektu POWR.03.01.00-00-U089\/17-00.\u00a0<\/p>\n                                                <\/div>\n                                            <\/li>\n                                        <\/ul>\n\t\t\t\t\t\t                                <\/div>\n\t\t\t\t                <div class=\"mn-content-block\">\n\t                                                        <div class=\"block-text\">\n\t                                        <p>Informujemy, \u017ce w&nbsp;dniach 07.01.2019r. do 21.01.2019r. prowadzimy rekrutacj\u0119 do <strong>II grupy docelowej<\/strong> w&nbsp;projekcie EKSPERYMENTUJ, POZNAWAJ, POSZERZAJ SWOJE HORYZONTY &#8211; Praktyczna edukacja chemii w&nbsp;laboratorium&#8221; &#8211; nr projektu POWR.03.01.00-00-U089\/17-00.\u00a0<\/p>\n<div>Wszyscy ch\u0119tni Uczniowie i&nbsp;Uczennice przyst\u0119puj\u0105cy do rekrutacji w&nbsp;ramach Projektu zobowi\u0105zani s\u0105 do wype\u0142nienia i&nbsp;z\u0142o\u017cenia w&nbsp;biurze projektu formularza zg\u0142oszeniowego (<a href=\"https:\/\/up.lublin.pl\/files\/foodscience\/2018\/eksperymentuj\/zal_1.doc\">za\u0142\u0105cznik nr 1<\/a>) oraz o\u015bwiadczenia potwierdzaj\u0105ce kwalifikowalno\u015b\u0107 uczestnika (<a href=\"https:\/\/up.lublin.pl\/files\/foodscience\/2018\/eksperymentuj\/zal_2.docx\">za\u0142\u0105cznik nr 2<\/a>). Wymienione dokumenty mo\u017cna r\u00f3wnie\u017c przes\u0142a\u0107 poczt\u0105 na adres biura projektu.\u00a0<\/div>\n<div>\u00a0<\/div>\n<div>W ramach Projektu zakwalifikowani uczestnicy skorzystaj\u0105 z&nbsp;nast\u0119puj\u0105cych form wsparcia:<\/div>\n<div>a) 6 warsztat\u00f3w obejmuj\u0105cych trening umiej\u0119tno\u015bci laboratoryjnych (6 x&nbsp;godz. lekcyjna \u2013 45 min)<\/div>\n<div>b) 5 warsztat\u00f3w podnosz\u0105cych kompetencje rozszerzaj\u0105ce program szko\u0142y podstawowej (6 x&nbsp;godz. lekcyjna \u2013 45 min)<\/div>\n                                        <\/div>\n\t\t\t\t\t\t                                <\/div>\n\t\t\t\t                <div class=\"mn-content-block\">\n\t                                                        <div class=\"block-text\">\n\t                                        <p><a href=\"http:\/\/nowastrona.up.lublin.pl\/foodscience\/wp-content\/uploads\/sites\/8\/2021\/02\/regulaminprojektuEX.doc\">Regulamin projektu<\/a><\/p>\n<ul>\n<li><a href=\"http:\/\/nowastrona.up.lublin.pl\/foodscience\/wp-content\/uploads\/sites\/8\/2021\/02\/zal_1EX.doc\">Za\u0142\u0105cznik nr 1- Formularz zg\u0142oszeniowy dla uczestnika projektu<\/a><\/li>\n<li><a href=\"http:\/\/nowastrona.up.lublin.pl\/foodscience\/wp-content\/uploads\/sites\/8\/2021\/02\/zal_2EX.docx\">Za\u0142\u0105cznik nr 2 \u2013 O\u015bwiadczenie potwierdzaj\u0105ce kwalifikowalno\u015b\u0107 uczestnika<\/a><\/li>\n<li><a href=\"http:\/\/nowastrona.up.lublin.pl\/foodscience\/wp-content\/uploads\/sites\/8\/2021\/02\/zal_3EX.doc\">Za\u0142\u0105cznik nr 3 &#8211; O\u015bwiadczenie Uczestnika Projektu o&nbsp;przetwarzaniu danych osobowych<\/a><\/li>\n<li><a href=\"http:\/\/nowastrona.up.lublin.pl\/foodscience\/wp-content\/uploads\/sites\/8\/2021\/02\/zal_4EX.doc\">Za\u0142\u0105cznik nr 4 &#8211; Formularz danych do SL<\/a><\/li>\n<li><a href=\"http:\/\/nowastrona.up.lublin.pl\/foodscience\/wp-content\/uploads\/sites\/8\/2021\/02\/zal_5_zwrot_kosztowEX.doc\">Za\u0142\u0105cznik nr 5 &#8211; Wniosek o&nbsp;zwrot koszt\u00f3w dojazdu<\/a><\/li>\n<\/ul>\n                                        <\/div>\n\t\t\t\t\t\t                                <\/div>\n\t\t\t\t                <div class=\"mn-content-block\">\n\t                                                        <div class=\"block-text\">\n\t                                        <p><strong>Biuro Projektu<\/strong><\/p>\n<p>Uniwersytet Przyrodniczy w&nbsp;Lublinie<\/p>\n<p>Katedra Chemii, pok\u00f3j 419, ul. Akademicka 15,\u00a020-950 Lublin<\/p>\n<p>Email:\u00a0 eksperymentuj.chemianozib@up.lublin.pl<br \/>\u00a0<\/p>\n                                        <\/div>\n\t\t\t\t\t\t                                <\/div>\n\t\t\t\t\t\t<\/div>\n\t<\/div>\n<\/section>\n\t\t<\/div>\n\t\t\t\t<\/div>\n\t\t\t\t\t\t<\/div>\n\t\t\t\t\t<\/div>\n\t\t<\/div>\n\t\t\t\t\t\t\t\t<\/div>\n\t\t\t\t\t<\/div>\n\t\t<\/section>\n\t\t\t\t\t\t<\/div>\n\t\t\t\t\t\t<\/div>\n\t\t\t\t\t<\/div>\n\t\t","protected":false},"excerpt":{"rendered":"<p>Praktyczna edukacja chemii w&nbsp;laboratorium Aktualno\u015bci Rekrutacja Dokmenty Kontakt Projekt \u201eEKSPERYMENTUJ, POZNAWAJ, POSZERZAJ SWOJE HORYZONTY \u2013 Praktyczna edukacja chemii w&nbsp;laboratorium\u201d jest wsp\u00f3\u0142finansowany ze \u015brodk\u00f3w Unii Europejskiej w&nbsp;ramach Europejskiego Funduszu Spo\u0142ecznego i&nbsp;Programu Operacyjnego Wiedza Edukacja Rozw\u00f3j (Dzia\u0142anie 3.1\u00a0Kompetencje w&nbsp;Szkolnictwie Wy\u017cszym\u00a0Osi III\u00a0Szkolnictwo Wy\u017csze dla gospodarki i&nbsp;rozwoju) \u00a0Okres realizacji projektu: 10.09.2018 r. &#8211; 30.01.2020 r.\u0141\u0105czna warto\u015b\u0107 projektu: 185\u00a0 583,75 [&hellip;]<\/p>\n","protected":false},"author":2,"featured_media":0,"parent":224,"menu_order":0,"comment_status":"closed","ping_status":"closed","template":"elementor_header_footer","meta":{"_monsterinsights_skip_tracking":false,"_monsterinsights_sitenote_active":false,"_monsterinsights_sitenote_note":"","_monsterinsights_sitenote_category":0},"_links":{"self":[{"href":"https:\/\/up.lublin.pl\/foodscience\/wp-json\/wp\/v2\/pages\/2095"}],"collection":[{"href":"https:\/\/up.lublin.pl\/foodscience\/wp-json\/wp\/v2\/pages"}],"about":[{"href":"https:\/\/up.lublin.pl\/foodscience\/wp-json\/wp\/v2\/types\/page"}],"author":[{"embeddable":true,"href":"https:\/\/up.lublin.pl\/foodscience\/wp-json\/wp\/v2\/users\/2"}],"replies":[{"embeddable":true,"href":"https:\/\/up.lublin.pl\/foodscience\/wp-json\/wp\/v2\/comments?post=2095"}],"version-history":[{"count":52,"href":"https:\/\/up.lublin.pl\/foodscience\/wp-json\/wp\/v2\/pages\/2095\/revisions"}],"predecessor-version":[{"id":2474,"href":"https:\/\/up.lublin.pl\/foodscience\/wp-json\/wp\/v2\/pages\/2095\/revisions\/2474"}],"up":[{"embeddable":true,"href":"https:\/\/up.lublin.pl\/foodscience\/wp-json\/wp\/v2\/pages\/224"}],"wp:attachment":[{"href":"https:\/\/up.lublin.pl\/foodscience\/wp-json\/wp\/v2\/media?parent=2095"}],"curies":[{"name":"wp","href":"https:\/\/api.w.org\/{rel}","templated":true}]}}