{"id":194,"date":"2020-11-25T13:50:59","date_gmt":"2020-11-25T12:50:59","guid":{"rendered":"http:\/\/nowastrona.up.lublin.pl\/foodscience\/?page_id=194"},"modified":"2025-12-12T10:44:18","modified_gmt":"2025-12-12T09:44:18","slug":"dziekanat","status":"publish","type":"page","link":"https:\/\/up.lublin.pl\/foodscience\/dziekanat\/","title":{"rendered":"Dziekanat Wydzia\u0142u Nauk o \u017bywno\u015bci i Biotechnologii"},"content":{"rendered":"\t\t<div data-elementor-type=\"wp-page\" data-elementor-id=\"194\" class=\"elementor elementor-194\" data-elementor-settings=\"[]\">\n\t\t\t\t\t\t<div class=\"elementor-inner\">\n\t\t\t\t\t\t\t<div class=\"elementor-section-wrap\">\n\t\t\t\t\t\t\t<section class=\"elementor-section elementor-top-section elementor-element elementor-element-a9da749 elementor-section-boxed elementor-section-height-default elementor-section-height-default\" data-id=\"a9da749\" data-element_type=\"section\">\n\t\t\t\t\t\t<div class=\"elementor-container elementor-column-gap-default\">\n\t\t\t\t\t\t\t<div class=\"elementor-row\">\n\t\t\t\t\t<div class=\"elementor-column elementor-col-100 elementor-top-column elementor-element elementor-element-e3a3fe0\" data-id=\"e3a3fe0\" data-element_type=\"column\">\n\t\t\t<div class=\"elementor-column-wrap elementor-element-populated\">\n\t\t\t\t\t\t\t<div class=\"elementor-widget-wrap\">\n\t\t\t\t\t\t<div class=\"elementor-element elementor-element-22290a5 elementor-widget elementor-widget-m2d\" data-id=\"22290a5\" data-element_type=\"widget\" data-widget_type=\"m2d.default\">\n\t\t\t\t<div class=\"elementor-widget-container\">\n\t\t\t<section class=\"mn-m2-d mn-bg-green\">\r\n\t<div class=\"mn-grid\">\r\n\t\t<div class=\"mn-grid-12 mn-introtext\">\r\n\t\t\t\t\t\t\t<h3>\r\n\t\t\t\t\tDziekanat Wydzia\u0142u Nauk o&nbsp;\u017bywno\u015bci i&nbsp;Biotechnologii\t\t\t\t<\/h3>\r\n\t\t\t\t\t\t<\/div>\r\n\t\t\t                            <div class=\"mn-grid-3 mn-m2d-baner-btn\">\r\n                        <a href=\"https:\/\/wd.up.lublin.pl\/\" class=\"mn-slider-btn\" style=\"margin-left: 5px;\">\r\n                            Wirtualny dziekanat                        <\/a>\r\n                    <\/div>\r\n                \r\n\r\n\t<\/div>\r\n\t<\/section>\r\n\t\t<\/div>\n\t\t\t\t<\/div>\n\t\t\t\t\t\t<\/div>\n\t\t\t\t\t<\/div>\n\t\t<\/div>\n\t\t\t\t\t\t\t\t<\/div>\n\t\t\t\t\t<\/div>\n\t\t<\/section>\n\t\t\t\t<section class=\"elementor-section elementor-top-section elementor-element elementor-element-316f1fe elementor-section-boxed elementor-section-height-default elementor-section-height-default\" data-id=\"316f1fe\" data-element_type=\"section\">\n\t\t\t\t\t\t<div class=\"elementor-container elementor-column-gap-default\">\n\t\t\t\t\t\t\t<div class=\"elementor-row\">\n\t\t\t\t\t<div class=\"elementor-column elementor-col-100 elementor-top-column elementor-element elementor-element-0df77a6\" data-id=\"0df77a6\" data-element_type=\"column\">\n\t\t\t<div class=\"elementor-column-wrap elementor-element-populated\">\n\t\t\t\t\t\t\t<div class=\"elementor-widget-wrap\">\n\t\t\t\t\t\t<div class=\"elementor-element elementor-element-eb6d4bc elementor-widget elementor-widget-m5c\" data-id=\"eb6d4bc\" data-element_type=\"widget\" data-widget_type=\"m5c.default\">\n\t\t\t\t<div class=\"elementor-widget-container\">\n\t\t\t<section class=\"mn-m5-c mn-bg-white\">\n\t<div class=\"mn-grid\">\n\t\t            <div class=\"mn-menu-container mn-grid-3\">\n                <ul class=\"mn-bg-yellow\">\n\t                                        <li>\n                            <a href=\"#\" class=\"active\" data-hash=\"#informacje\">\n                                Informacje o&nbsp;dziekanacie                            <\/a>\n                        <\/li>\n                                                <li>\n                            <a href=\"#\" class=\"\" data-hash=\"#pracownicy\">\n                                Pracownicy dziekanatu                            <\/a>\n                        <\/li>\n                                                <li>\n                            <a href=\"#\" class=\"\" data-hash=\"#obsluga\">\n                                Obs\u0142uga student\u00f3w (kierunki)                            <\/a>\n                        <\/li>\n                                        <\/ul>\n            <\/div>\n\t        \t\t<div class=\"mn-content mn-grid-8\">\n\t\t\t                <div class=\"mn-content-block active\">\n\t                                                        <div class=\"block-text\">\n\t                                        <table style=\"border-collapse: collapse;width: 103.571%\">\n<tbody>\n<tr>\n<th style=\"width: 28.8659%;background-color: #f8f9f7;text-align: center\">Adres<\/th>\n<th style=\"width: 27.3473%;text-align: left;background-color: #f8f9f7\">Wirtualny Dziekanat<\/th>\n<th style=\"width: 43.7868%;background-color: #f8f9f7;text-align: center\">Na skr\u00f3ty:<\/th>\n<\/tr>\n<tr>\n<td style=\"width: 28.8659%;vertical-align: middle\">ul. Skromna 8<br \/>20-704 Lublin,<br \/>e-mail: <a href=\"mailto:dziekanat.nzb@up.lublin.pl\">dziekanat.nzb@up.lublin.pl<\/a><\/td>\n<td style=\"width: 27.3473%;text-align: center;vertical-align: middle\">\n<p><img loading=\"lazy\" class=\"aligncenter size-full wp-image-2299\" src=\"https:\/\/up.lublin.pl\/foodscience\/wp-content\/uploads\/sites\/8\/2021\/03\/dla-pracownikow-wd.jpg\" alt=\"\" width=\"66\" height=\"113\" \/><u><a href=\"https:\/\/wd.up.lublin.pl\/\">WD<\/a><\/u><\/p>\n<\/td>\n<td style=\"width: 43.7868%;text-align: left\">\n<p><a href=\"https:\/\/up.lublin.pl\/edukacja\/student\/tok-studiow\/organizacja-roku-akademickiego\/\"><span style=\"text-decoration: underline\"> Kalendarz akademicki<\/span><\/a><br \/><a href=\"https:\/\/up.lublin.pl\/edukacja\/student\/tok-studiow\/terminy-zjazdow\/\"><span style=\"text-decoration: underline\"> Terminarz zjazd\u00f3w<\/span><\/a><\/p>\n<p><a href=\"https:\/\/up.lublin.pl\/edukacja\/student\/dydaktyka\/\"><span style=\"text-decoration: underline\">Dzia\u0142 Organizacji i&nbsp;Toku Studi\u00f3w<\/span><\/a><\/p>\n<p><span style=\"text-decoration: underline\"><a href=\"https:\/\/up.lublin.pl\/edukacja\/student\/stypendia\/\">Biuro Stypendi\u00f3w Studenckich<\/a><\/span><br \/><a href=\"https:\/\/up.lublin.pl\/edukacja\/student\/\"><span style=\"text-decoration: underline\"> Informacje dla Studenta<\/span><\/a><\/p>\n<p><span style=\"text-decoration: underline\"><a href=\"https:\/\/up.lublin.pl\/foodscience\/ksztalcenie\/\">Wzory poda\u0144<\/a><\/span><\/p>\n<\/td>\n<\/tr>\n<\/tbody>\n<\/table>\n                                        <\/div>\n\t\t\t\t\t\t                                                        <div class=\"block-text\">\n\t                                        <p>\u00a0<\/p>\n<h1>DNI I&nbsp;GODZINY PRACY DZIEKANATU<\/h1>\n<p>Dziekanat czynny jest od poniedzia\u0142ku do pi\u0105tku w&nbsp;godzinach od 7.00 &#8211; 15.00<\/p>\n<p>\u00a0<\/p>\n<table style=\"border-collapse: collapse;width: 100%;height: 184px\">\n<tbody>\n<tr style=\"height: 23px\">\n<td style=\"width: 100%;height: 23px;background-color: #f8f9f7\" colspan=\"2\">DNI I&nbsp;GODZINY PRACY DZIEKANATU DLA STUDENT\u00d3W<\/td>\n<\/tr>\n<tr style=\"height: 23px\">\n<td style=\"width: 73.1093%;height: 23px\">DZIE\u0143 TYGODNIA<\/td>\n<td style=\"width: 26.8907%;height: 23px\">GODZINY<\/td>\n<\/tr>\n<tr style=\"height: 23px\">\n<td style=\"width: 73.1093%;height: 23px\">Poniedzia\u0142ek<\/td>\n<td style=\"width: 26.8907%;height: 23px\">11:00 &#8211; 14:00<\/td>\n<\/tr>\n<tr style=\"height: 23px\">\n<td style=\"width: 73.1093%;height: 23px\">Wtorek<\/td>\n<td style=\"width: 26.8907%;height: 23px\">11:00 &#8211; 14:00<\/td>\n<\/tr>\n<tr style=\"height: 23px\">\n<td style=\"width: 73.1093%;height: 23px\">\u015aroda<\/td>\n<td style=\"width: 26.8907%;height: 23px\"><strong>NIECZYNNY<\/strong><\/td>\n<\/tr>\n<tr style=\"height: 23px\">\n<td style=\"width: 73.1093%;height: 23px\">Czwartek<\/td>\n<td style=\"width: 26.8907%;height: 23px\">11:00 &#8211; 14:00<\/td>\n<\/tr>\n<tr style=\"height: 23px\">\n<td style=\"width: 73.1093%;height: 23px\">Pi\u0105tek<\/td>\n<td style=\"width: 26.8907%;height: 23px\">11:00 &#8211; 14:00<\/td>\n<\/tr>\n<tr style=\"height: 23px\">\n<td style=\"width: 73.1093%;height: 23px\">Sobota (dla student\u00f3w studi\u00f3w niestacjonarnych)<\/td>\n<td style=\"width: 26.8907%;height: 23px\">9:00 &#8211; 13:00<\/td>\n<\/tr>\n<\/tbody>\n<\/table>\n                                        <\/div>\n\t\t\t\t\t\t                                <\/div>\n\t\t\t\t                <div class=\"mn-content-block\">\n\t                                                        <div class=\"block-text\">\n\t                                        <table style=\"border-collapse: collapse;width: 100%;height: 415px\">\n<tbody>\n<tr style=\"height: 415px\">\n<td style=\"width: 58.483%;text-align: left;border-style: hidden;height: 415px\"><img loading=\"lazy\" class=\" wp-image-2273 alignleft\" src=\"https:\/\/up.lublin.pl\/foodscience\/wp-content\/uploads\/sites\/8\/2021\/03\/Natalia_Grodzie\u0144ska.png\" alt=\"\" width=\"300\" height=\"300\" \/><\/td>\n<td style=\"width: 41.517%;text-align: left;vertical-align: middle;border-style: hidden;height: 415px\">\n<p>mgr in\u017c. <strong>Natalia Grodzie\u0144ska<\/strong><br \/>tel. +48 81 462 33 74<\/p>\n<\/td>\n<\/tr>\n<\/tbody>\n<\/table>\n<table style=\"border-collapse: collapse;width: 100%;height: 53px\">\n<tbody>\n<tr style=\"height: 53px\">\n<td style=\"width: 42%;text-align: left;vertical-align: middle;border-style: hidden;height: 53px\">mgr <strong>Monika Sugier<\/strong><br \/>tel. +48 81 462 33 92<\/td>\n<td style=\"width: 58%;text-align: right;vertical-align: middle;border-style: hidden;height: 53px\">\n<p><img loading=\"lazy\" class=\" wp-image-2292 alignright\" src=\"https:\/\/up.lublin.pl\/foodscience\/wp-content\/uploads\/sites\/8\/2021\/03\/Monika-Sugier.png\" alt=\"\" width=\"300\" height=\"300\" \/><\/p>\n<\/td>\n<\/tr>\n<\/tbody>\n<\/table>\n<table style=\"border-collapse: collapse;width: 100%\">\n<tbody>\n<tr>\n<td style=\"width: 58.483%;text-align: left;border-style: hidden\"><img loading=\"lazy\" class=\" wp-image-2288 alignleft\" src=\"https:\/\/up.lublin.pl\/foodscience\/wp-content\/uploads\/sites\/8\/2021\/03\/Paulina_Kuchciak.png\" alt=\"\" width=\"300\" height=\"300\" \/><\/td>\n<td style=\"width: 41.517%;text-align: left;vertical-align: middle;border-style: hidden\">\n<p>mgr <strong>Paulina Kuchciak<\/strong><br \/>tel. +48 81 462 33 74<\/p>\n<\/td>\n<\/tr>\n<\/tbody>\n<\/table>\n<p>\u00a0<\/p>\n                                        <\/div>\n\t\t\t\t\t\t                                <\/div>\n\t\t\t\t                <div class=\"mn-content-block\">\n\t                                                        <div class=\"block-text\">\n\t                                        <table style=\"border-collapse: collapse;width: 100%;height: 437px\">\n<tbody>\n<tr style=\"height: 23px\">\n<td style=\"width: 100%;height: 23px;background-color: #f8f9f7\" colspan=\"5\">TECHNOLOGIA \u017bYWNO\u015aCI I&nbsp;\u017bYWIENIE CZ\u0141OWIEKA<\/td>\n<\/tr>\n<tr style=\"height: 23px\">\n<td style=\"width: 20%;height: 23px;text-align: left;vertical-align: middle\">Studia Stacjonarne<\/td>\n<td style=\"width: 20%;height: 23px;text-align: center;vertical-align: middle\">I stopie\u0144<\/td>\n<td style=\"width: 20%;height: 23px;text-align: center;vertical-align: middle\">I, II,III,IV rok<\/td>\n<td style=\"width: 20%;height: 23px;text-align: center;vertical-align: middle\">mgr Kamila Oszust<\/td>\n<td style=\"width: 20%;height: 23px;text-align: center;vertical-align: middle\">tel. +48 81 462 33 92<\/td>\n<\/tr>\n<tr style=\"height: 23px\">\n<td style=\"width: 20%;height: 23px;text-align: left;vertical-align: middle\">Studia Stacjonarne<\/td>\n<td style=\"width: 20%;height: 23px;text-align: center;vertical-align: middle\">II stopie\u0144<\/td>\n<td style=\"width: 20%;height: 23px;text-align: center;vertical-align: middle\">I, II rok<\/td>\n<td style=\"width: 20%;height: 23px;text-align: center;vertical-align: middle\">mgr Kamila Oszust<\/td>\n<td style=\"width: 20%;height: 23px;text-align: center;vertical-align: middle\">tel. +48 81 462 33 92<\/td>\n<\/tr>\n<tr style=\"height: 23px\">\n<td style=\"width: 20%;height: 23px;text-align: left;vertical-align: middle\">Studia Niestacjonarne<\/td>\n<td style=\"width: 20%;height: 23px;text-align: center;vertical-align: middle\">I stopie\u0144<\/td>\n<td style=\"width: 20%;height: 23px;text-align: center;vertical-align: middle\">I,II,III, IV rok<\/td>\n<td style=\"width: 20%;height: 23px;text-align: center;vertical-align: middle\">mgr in\u017c. Natalia\u00a0Grodzie\u0144ska<\/td>\n<td style=\"width: 20%;height: 23px;text-align: center;vertical-align: middle\">tel. +48 81 462 33 88<\/td>\n<\/tr>\n<tr style=\"height: 23px\">\n<td style=\"width: 20%;height: 23px;text-align: left;vertical-align: middle\">Studia Niestacjonarne<\/td>\n<td style=\"width: 20%;height: 23px;text-align: center;vertical-align: middle\">II stopie\u0144<\/td>\n<td style=\"width: 20%;height: 23px;text-align: center;vertical-align: middle\">I,II rok<\/td>\n<td style=\"width: 20%;height: 23px;text-align: center;vertical-align: middle\">mgr in\u017c. Natalia\u00a0Grodzie\u0144ska<\/td>\n<td style=\"width: 20%;height: 23px;text-align: center;vertical-align: middle\">tel. +48 81 462 33 88<\/td>\n<\/tr>\n<tr style=\"height: 23px\">\n<td style=\"width: 100%;height: 23px\" colspan=\"5\">\u00a0<\/td>\n<\/tr>\n<tr style=\"height: 23px\">\n<td style=\"width: 100%;height: 23px;background-color: #f8f9f7\" colspan=\"5\">DIETETYKA<\/td>\n<\/tr>\n<tr style=\"height: 23px\">\n<td style=\"width: 20%;height: 23px;text-align: left;vertical-align: middle\">Studia Stacjonarne<\/td>\n<td style=\"width: 20%;height: 23px;text-align: center;vertical-align: middle\">I stopie\u0144<\/td>\n<td style=\"width: 20%;height: 23px;text-align: center;vertical-align: middle\">I, II, III rok<\/td>\n<td style=\"width: 20%;height: 23px;text-align: center;vertical-align: middle\">mgr Monika Sugier<\/td>\n<td style=\"width: 20%;height: 23px;text-align: center;vertical-align: middle\">tel. +48 81 462 33 74<\/td>\n<\/tr>\n<tr style=\"height: 23px\">\n<td style=\"width: 20%;height: 23px;text-align: left;vertical-align: middle\">Studia Niestacjonarne<\/td>\n<td style=\"width: 20%;height: 23px;text-align: center;vertical-align: middle\">I stopie\u0144<\/td>\n<td style=\"width: 20%;height: 23px;text-align: center;vertical-align: middle\">I, II, III i&nbsp;IV rok<\/td>\n<td style=\"width: 20%;height: 23px;text-align: center;vertical-align: middle\">mgr Monika Sugier<\/td>\n<td style=\"width: 20%;height: 23px;text-align: center;vertical-align: middle\">tel. +48 81 462 33 74<\/td>\n<\/tr>\n<tr style=\"height: 23px\">\n<td style=\"width: 20%;height: 23px;text-align: left;vertical-align: middle\">Studia Stacjonarne<\/td>\n<td style=\"width: 20%;height: 23px;text-align: center;vertical-align: middle\">II stopnia<\/td>\n<td style=\"width: 20%;height: 23px;text-align: center;vertical-align: middle\">I, II rok<\/td>\n<td style=\"width: 20%;height: 23px;text-align: center;vertical-align: middle\">mgr Kamila Oszust<\/td>\n<td style=\"width: 20%;height: 23px;text-align: center;vertical-align: middle\">tel. +48 81 462 33 92<\/td>\n<\/tr>\n<tr style=\"height: 23px\">\n<td style=\"width: 20%;height: 23px;text-align: left;vertical-align: middle\">Studia Niestacjonarne<\/td>\n<td style=\"width: 20%;height: 23px;text-align: center;vertical-align: middle\">II stopnia<\/td>\n<td style=\"width: 20%;height: 23px;text-align: center;vertical-align: middle\">I, II,III rok<\/td>\n<td style=\"width: 20%;height: 23px;text-align: center;vertical-align: middle\">mgr Paulina Kuchciak<\/td>\n<td style=\"width: 20%;height: 23px;text-align: center;vertical-align: middle\">tel. +48 81 462 33 74<\/td>\n<\/tr>\n<tr style=\"height: 23px\">\n<td style=\"width: 100%;height: 23px\" colspan=\"5\">\u00a0<\/td>\n<\/tr>\n<tr style=\"height: 23px\">\n<td style=\"height: 23px;background-color: #f8f9f7;width: 100%\" colspan=\"5\">GASTRONOMIA I&nbsp;SZTUKA KULINARNA<\/td>\n<\/tr>\n<tr style=\"height: 23px\">\n<td style=\"width: 20%;height: 23px;text-align: left;vertical-align: middle\">Studia Stacjonarne<\/td>\n<td style=\"width: 20%;height: 23px;text-align: left;vertical-align: middle\">I stopie\u0144<\/td>\n<td style=\"width: 20%;height: 23px;text-align: center;vertical-align: middle\">I, II,III,IV rok<\/td>\n<td style=\"width: 20%;height: 23px;text-align: center;vertical-align: middle\">mgr Kamila Oszust<\/td>\n<td style=\"width: 20%;height: 23px;text-align: center;vertical-align: middle\">tel. +48 81 462 33 92<\/td>\n<\/tr>\n<tr style=\"height: 23px\">\n<td style=\"width: 100%;height: 23px\" colspan=\"5\">\u00a0<\/td>\n<\/tr>\n<tr style=\"height: 23px\">\n<td style=\"width: 100%;height: 23px;background-color: #f8f9f7\" colspan=\"5\">BIOTECHNOLOGIA<\/td>\n<\/tr>\n<tr style=\"height: 23px\">\n<td style=\"width: 20%;height: 23px\">Studia Stacjonarne<\/td>\n<td style=\"width: 20%;height: 23px;text-align: center;vertical-align: middle\">I stopie\u0144<\/td>\n<td style=\"width: 20%;height: 23px;text-align: center;vertical-align: middle\">I, II, III, IV rok<\/td>\n<td style=\"width: 20%;height: 23px;text-align: center;vertical-align: middle\">mgr Paulina Kuchciak<\/td>\n<td style=\"width: 20%;height: 23px;text-align: center;vertical-align: middle\">tel. +48 81 462 33 74<\/td>\n<\/tr>\n<tr style=\"height: 23px\">\n<td style=\"width: 20%;height: 23px\">Studia Stacjonarne<\/td>\n<td style=\"width: 20%;height: 23px;text-align: center;vertical-align: middle\">II stopnia<\/td>\n<td style=\"width: 20%;height: 23px;text-align: center;vertical-align: middle\">I, II rok<\/td>\n<td style=\"width: 20%;height: 23px;text-align: center;vertical-align: middle\">mgr Paulina Kuchciak<\/td>\n<td style=\"width: 20%;height: 23px;text-align: center;vertical-align: middle\">tel. +48 81 462 33 74<\/td>\n<\/tr>\n<\/tbody>\n<\/table>\n                                        <\/div>\n\t\t\t\t\t\t                                <\/div>\n\t\t\t\t\t\t<\/div>\n\t<\/div>\n<\/section>\n\t\t<\/div>\n\t\t\t\t<\/div>\n\t\t\t\t\t\t<\/div>\n\t\t\t\t\t<\/div>\n\t\t<\/div>\n\t\t\t\t\t\t\t\t<\/div>\n\t\t\t\t\t<\/div>\n\t\t<\/section>\n\t\t\t\t\t\t<\/div>\n\t\t\t\t\t\t<\/div>\n\t\t\t\t\t<\/div>\n\t\t","protected":false},"excerpt":{"rendered":"<p>Dziekanat Wydzia\u0142u Nauk o&nbsp;\u017bywno\u015bci i&nbsp;Biotechnologii Wirtualny dziekanat UP Wydzia\u0142 Nauk o&nbsp;\u017bywno\u015bci i&nbsp;Biotechnologii Informacje o&nbsp;dziekanacie Pracownicy dziekanatu Obs\u0142uga student\u00f3w (kierunki) Adres Wirtualny Dziekanat Na skr\u00f3ty: ul. Skromna 820-704 Lublin,e-mail: dziekanat.nzb@up.lublin.pl WD Kalendarz akademicki Terminarz zjazd\u00f3w Dzia\u0142 Organizacji i&nbsp;Toku Studi\u00f3w Biuro Stypendi\u00f3w Studenckich Informacje dla Studenta Wzory poda\u0144 \u00a0 DNI I&nbsp;GODZINY PRACY DZIEKANATU Dziekanat czynny jest od [&hellip;]<\/p>\n","protected":false},"author":2,"featured_media":0,"parent":0,"menu_order":0,"comment_status":"closed","ping_status":"closed","template":"elementor_header_footer","meta":{"_monsterinsights_skip_tracking":false,"_monsterinsights_sitenote_active":false,"_monsterinsights_sitenote_note":"","_monsterinsights_sitenote_category":0},"_links":{"self":[{"href":"https:\/\/up.lublin.pl\/foodscience\/wp-json\/wp\/v2\/pages\/194"}],"collection":[{"href":"https:\/\/up.lublin.pl\/foodscience\/wp-json\/wp\/v2\/pages"}],"about":[{"href":"https:\/\/up.lublin.pl\/foodscience\/wp-json\/wp\/v2\/types\/page"}],"author":[{"embeddable":true,"href":"https:\/\/up.lublin.pl\/foodscience\/wp-json\/wp\/v2\/users\/2"}],"replies":[{"embeddable":true,"href":"https:\/\/up.lublin.pl\/foodscience\/wp-json\/wp\/v2\/comments?post=194"}],"version-history":[{"count":105,"href":"https:\/\/up.lublin.pl\/foodscience\/wp-json\/wp\/v2\/pages\/194\/revisions"}],"predecessor-version":[{"id":156306,"href":"https:\/\/up.lublin.pl\/foodscience\/wp-json\/wp\/v2\/pages\/194\/revisions\/156306"}],"wp:attachment":[{"href":"https:\/\/up.lublin.pl\/foodscience\/wp-json\/wp\/v2\/media?parent=194"}],"curies":[{"name":"wp","href":"https:\/\/api.w.org\/{rel}","templated":true}]}}