{"id":156586,"date":"2026-02-06T12:38:50","date_gmt":"2026-02-06T11:38:50","guid":{"rendered":"https:\/\/up.lublin.pl\/foodscience\/?page_id=156586"},"modified":"2026-02-09T13:49:30","modified_gmt":"2026-02-09T12:49:30","slug":"materialy-wideo","status":"publish","type":"page","link":"https:\/\/up.lublin.pl\/foodscience\/wydzial\/jubileusze\/jubileusz-20lecia\/materialy-wideo\/","title":{"rendered":"Materia\u0142y wideo"},"content":{"rendered":"\t\t<div data-elementor-type=\"wp-page\" data-elementor-id=\"156586\" class=\"elementor elementor-156586\" data-elementor-settings=\"[]\">\n\t\t\t\t\t\t<div class=\"elementor-inner\">\n\t\t\t\t\t\t\t<div class=\"elementor-section-wrap\">\n\t\t\t\t\t\t\t<section class=\"elementor-section elementor-top-section elementor-element elementor-element-1244182 elementor-section-boxed elementor-section-height-default elementor-section-height-default\" data-id=\"1244182\" data-element_type=\"section\">\n\t\t\t\t\t\t<div class=\"elementor-container elementor-column-gap-default\">\n\t\t\t\t\t\t\t<div class=\"elementor-row\">\n\t\t\t\t\t<div class=\"elementor-column elementor-col-100 elementor-top-column elementor-element elementor-element-498cfab\" data-id=\"498cfab\" data-element_type=\"column\">\n\t\t\t<div class=\"elementor-column-wrap elementor-element-populated\">\n\t\t\t\t\t\t\t<div class=\"elementor-widget-wrap\">\n\t\t\t\t\t\t<div class=\"elementor-element elementor-element-2886a25 elementor-widget elementor-widget-m2j\" data-id=\"2886a25\" data-element_type=\"widget\" data-widget_type=\"m2j.default\">\n\t\t\t\t<div class=\"elementor-widget-container\">\n\t\t\t<section class=\"mn-m2-h\">\n    <div class=\"mn-image-container mn-container\">\n                    <img src=\"https:\/\/up.lublin.pl\/foodscience\/wp-content\/uploads\/sites\/8\/2025\/02\/jubileusz-nozib-ENG.jpg\" alt=\"\">\n                        <\/div>\n    <div class=\"mn-grid mn-content\">\n            <\/div>\n<\/section>\n\t\t<\/div>\n\t\t\t\t<\/div>\n\t\t\t\t\t\t<\/div>\n\t\t\t\t\t<\/div>\n\t\t<\/div>\n\t\t\t\t\t\t\t\t<\/div>\n\t\t\t\t\t<\/div>\n\t\t<\/section>\n\t\t\t\t<section class=\"elementor-section elementor-top-section elementor-element elementor-element-363404a elementor-section-boxed elementor-section-height-default elementor-section-height-default\" data-id=\"363404a\" data-element_type=\"section\">\n\t\t\t\t\t\t<div class=\"elementor-container elementor-column-gap-default\">\n\t\t\t\t\t\t\t<div class=\"elementor-row\">\n\t\t\t\t\t<div class=\"elementor-column elementor-col-100 elementor-top-column elementor-element elementor-element-e5b47eb\" data-id=\"e5b47eb\" data-element_type=\"column\">\n\t\t\t<div class=\"elementor-column-wrap elementor-element-populated\">\n\t\t\t\t\t\t\t<div class=\"elementor-widget-wrap\">\n\t\t\t\t\t\t<div class=\"elementor-element elementor-element-ec84051 elementor-widget elementor-widget-m5c\" data-id=\"ec84051\" data-element_type=\"widget\" data-widget_type=\"m5c.default\">\n\t\t\t\t<div class=\"elementor-widget-container\">\n\t\t\t<section class=\"mn-m5-c mn-m5-d2 mn-bg-white\">\n\t<div class=\"mn-grid\">\n\t\t\t\t<div class=\"mn-content mn-grid-9\">\n\t\t\t                <div class=\"mn-content-block active\">\n\t                                                        <div class=\"block-text\">\n\t                                        <h5><span style=\"color: #999999;\"><strong><a style=\"color: #999999;\" href=\"https:\/\/up.lublin.pl\/foodscience\/wydzial\/jubileusze\/jubileusz-20lecia\/\">&lt;\u00a0 Front page<\/a><\/strong><\/span><\/h5>\n<p>\u00a0<\/p>\n                                        <\/div>\n\t\t\t\t\t\t                                                        <div class=\"block-text\">\n\t                                        <div class=\"video-over-container\">\n<div class=\"video-container\"><iframe title=\"XX-lecie Wydzia\u0142u Nauk o&nbsp;\u017bywno\u015bci i&nbsp;Biotechnologii\" width=\"500\" height=\"281\" src=\"https:\/\/www.youtube.com\/embed\/_NjlMLdqzlk?feature=oembed\" frameborder=\"0\" allow=\"accelerometer; autoplay; clipboard-write; encrypted-media; gyroscope; picture-in-picture; web-share\" referrerpolicy=\"strict-origin-when-cross-origin\" allowfullscreen><\/iframe><\/div>\n<\/div>\n<h2 style=\"margin-top: 20px; margin-bottom: 3px;\"><span style=\"color: #b95613;\"><strong>Do pobrania:\u00a0<\/strong><\/span><\/h2>\n<p>(wymagane logowanie na konto w&nbsp;domenie @student.up.edu.pl &#8211; jak do Teams)<\/p>\n                                        <\/div>\n\t\t\t\t\t\t                                                        <div class=\"mn-cards-list\">\n                                            <div class=\"mn-card-container\">\n                                                <div>\n                                                    <img src=\"https:\/\/up.lublin.pl\/foodscience\/wp-content\/themes\/up-lublin\/assets\/images\/doc-ico.svg\" alt=\"\" \/>\n                                                    <h5>Film promocyjny Wydzia\u0142u<\/h5>\n                                                <\/div>\n                                                <a href=\"https:\/\/upedupl-my.sharepoint.com\/:v:\/g\/personal\/konferencje_student_up_edu_pl\/IQAa31jJ8ruZSqSp-4ZRNNZaAbTQdbzwvVpo-u1L-QeIAcs?nav=eyJyZWZlcnJhbEluZm8iOnsicmVmZXJyYWxBcHAiOiJPbmVEcml2ZUZvckJ1c2luZXNzIiwicmVmZXJyYWxBcHBQbGF0Zm9ybSI6IldlYiIsInJlZmVycmFsTW9kZSI6InZpZXciLCJyZWZlcnJhbFZpZXciOiJNeUZpbGVzTGlua0NvcHkifX0&e=8z9pxX\" class=\"mn-more\" target=\"_blank\">Zobacz<\/a>\n                                            <\/div>\n                                        <\/div>\n\t\t\t\t\t\t                                                        <div class=\"mn-cards-list\">\n                                            <div class=\"mn-card-container\">\n                                                <div>\n                                                    <img src=\"https:\/\/up.lublin.pl\/foodscience\/wp-content\/themes\/up-lublin\/assets\/images\/doc-ico.svg\" alt=\"\" \/>\n                                                    <h5>Film z&nbsp;okazji Jubileszu 20-lecia Wydzia\u0142u<\/h5>\n                                                <\/div>\n                                                <a href=\"https:\/\/upedupl-my.sharepoint.com\/:v:\/g\/personal\/konferencje_student_up_edu_pl\/IQCg4xM3GH49Q7cCa87wllRcAUy0JqlZAVVdTtYWFag7puU?nav=eyJyZWZlcnJhbEluZm8iOnsicmVmZXJyYWxBcHAiOiJPbmVEcml2ZUZvckJ1c2luZXNzIiwicmVmZXJyYWxBcHBQbGF0Zm9ybSI6IldlYiIsInJlZmVycmFsTW9kZSI6InZpZXciLCJyZWZlcnJhbFZpZXciOiJNeUZpbGVzTGlua0NvcHkifX0&e=jkwu78\" class=\"mn-more\" target=\"_blank\">Zobacz<\/a>\n                                            <\/div>\n                                        <\/div>\n\t\t\t\t\t\t                                                        <div class=\"block-text\">\n\t                                        <h2><strong><span style=\"color: #b95613;\">Materia\u0142y wideo z&nbsp;konferencji:<\/span>\u00a0<\/strong><\/h2>\n                                        <\/div>\n\t\t\t\t\t\t                                                        <div class=\"mn-cards-list\">\n                                            <div class=\"mn-card-container\">\n                                                <div>\n                                                    <img src=\"https:\/\/up.lublin.pl\/foodscience\/wp-content\/themes\/up-lublin\/assets\/images\/doc-ico.svg\" alt=\"\" \/>\n                                                    <h5>Mi\u0119dzynarodowa Konferencja Naukowa \u201e\u017bywno\u015b\u0107 w&nbsp;zr\u00f3wnowa\u017conym \u015bwiecie\" (cz\u0119\u015b\u0107 1)<\/h5>\n                                                <\/div>\n                                                <a href=\"https:\/\/upedupl-my.sharepoint.com\/:v:\/g\/personal\/konferencje_student_up_edu_pl\/IQDm1ySJiNYKTq0pqLCDP4exARyRDFIN2oOiSfGXoI3R8d4?nav=eyJyZWZlcnJhbEluZm8iOnsicmVmZXJyYWxBcHAiOiJPbmVEcml2ZUZvckJ1c2luZXNzIiwicmVmZXJyYWxBcHBQbGF0Zm9ybSI6IldlYiIsInJlZmVycmFsTW9kZSI6InZpZXciLCJyZWZlcnJhbFZpZXciOiJNeUZpbGVzTGlua0NvcHkifX0&e=40y18t\" class=\"mn-more\" target=\"_blank\">Zobacz<\/a>\n                                            <\/div>\n                                        <\/div>\n\t\t\t\t\t\t                                                        <div class=\"mn-cards-list\">\n                                            <div class=\"mn-card-container\">\n                                                <div>\n                                                    <img src=\"https:\/\/up.lublin.pl\/foodscience\/wp-content\/themes\/up-lublin\/assets\/images\/doc-ico.svg\" alt=\"\" \/>\n                                                    <h5>Mi\u0119dzynarodowa Konferencja Naukowa \u201e\u017bywno\u015b\u0107 w&nbsp;zr\u00f3wnowa\u017conym \u015bwiecie\" (cz\u0119\u015b\u0107 2)<\/h5>\n                                                <\/div>\n                                                <a href=\"https:\/\/upedupl-my.sharepoint.com\/:v:\/g\/personal\/konferencje_student_up_edu_pl\/IQDm1ySJiNYKTq0pqLCDP4exARyRDFIN2oOiSfGXoI3R8d4?nav=eyJyZWZlcnJhbEluZm8iOnsicmVmZXJyYWxBcHAiOiJPbmVEcml2ZUZvckJ1c2luZXNzIiwicmVmZXJyYWxBcHBQbGF0Zm9ybSI6IldlYiIsInJlZmVycmFsTW9kZSI6InZpZXciLCJyZWZlcnJhbFZpZXciOiJNeUZpbGVzTGlua0NvcHkifX0&e=Dnffnh\" class=\"mn-more\" target=\"_blank\">Zobacz<\/a>\n                                            <\/div>\n                                        <\/div>\n\t\t\t\t\t\t                                <\/div>\n\t\t\t\t                <div class=\"mn-content-block\">\n\t                                <\/div>\n\t\t\t\t                <div class=\"mn-content-block\">\n\t                                <\/div>\n\t\t\t\t                <div class=\"mn-content-block\">\n\t                                <\/div>\n\t\t\t\t                <div class=\"mn-content-block\">\n\t                                <\/div>\n\t\t\t\t                <div class=\"mn-content-block\">\n\t                                <\/div>\n\t\t\t\t                <div class=\"mn-content-block\">\n\t                                <\/div>\n\t\t\t\t                <div class=\"mn-content-block\">\n\t                                <\/div>\n\t\t\t\t                <div class=\"mn-content-block\">\n\t                                <\/div>\n\t\t\t\t                <div class=\"mn-content-block\">\n\t                                <\/div>\n\t\t\t\t                <div class=\"mn-content-block\">\n\t                                <\/div>\n\t\t\t\t                <div class=\"mn-content-block\">\n\t                                <\/div>\n\t\t\t\t                <div class=\"mn-content-block\">\n\t                                <\/div>\n\t\t\t\t                <div class=\"mn-content-block\">\n\t                                <\/div>\n\t\t\t\t                <div class=\"mn-content-block\">\n\t                                <\/div>\n\t\t\t\t                <div class=\"mn-content-block\">\n\t                                <\/div>\n\t\t\t\t                <div class=\"mn-content-block\">\n\t                                <\/div>\n\t\t\t\t                <div class=\"mn-content-block\">\n\t                                <\/div>\n\t\t\t\t                <div class=\"mn-content-block\">\n\t                                <\/div>\n\t\t\t\t                <div class=\"mn-content-block\">\n\t                                <\/div>\n\t\t\t\t\t\t<\/div>\n\t<\/div>\n<\/section>\n\t\t<\/div>\n\t\t\t\t<\/div>\n\t\t\t\t\t\t<\/div>\n\t\t\t\t\t<\/div>\n\t\t<\/div>\n\t\t\t\t\t\t\t\t<\/div>\n\t\t\t\t\t<\/div>\n\t\t<\/section>\n\t\t\t\t\t\t<\/div>\n\t\t\t\t\t\t<\/div>\n\t\t\t\t\t<\/div>\n\t\t","protected":false},"excerpt":{"rendered":"<p>&lt;\u00a0 Front page \u00a0 Do pobrania:\u00a0 (wymagane logowanie na konto w&nbsp;domenie @student.up.edu.pl &#8211; jak do Teams) Film promocyjny Wydzia\u0142u Zobacz Film z&nbsp;okazji Jubileszu 20-lecia Wydzia\u0142u Zobacz Materia\u0142y wideo z&nbsp;konferencji:\u00a0 Mi\u0119dzynarodowa Konferencja Naukowa \u201e\u017bywno\u015b\u0107 w&nbsp;zr\u00f3wnowa\u017conym \u015bwiecie&#8221; (cz\u0119\u015b\u0107 1) Zobacz Mi\u0119dzynarodowa Konferencja Naukowa \u201e\u017bywno\u015b\u0107 w&nbsp;zr\u00f3wnowa\u017conym \u015bwiecie&#8221; (cz\u0119\u015b\u0107 2) Zobacz<\/p>\n","protected":false},"author":2,"featured_media":0,"parent":151340,"menu_order":0,"comment_status":"closed","ping_status":"closed","template":"elementor_header_footer","meta":{"_monsterinsights_skip_tracking":false,"_monsterinsights_sitenote_active":false,"_monsterinsights_sitenote_note":"","_monsterinsights_sitenote_category":0},"_links":{"self":[{"href":"https:\/\/up.lublin.pl\/foodscience\/wp-json\/wp\/v2\/pages\/156586"}],"collection":[{"href":"https:\/\/up.lublin.pl\/foodscience\/wp-json\/wp\/v2\/pages"}],"about":[{"href":"https:\/\/up.lublin.pl\/foodscience\/wp-json\/wp\/v2\/types\/page"}],"author":[{"embeddable":true,"href":"https:\/\/up.lublin.pl\/foodscience\/wp-json\/wp\/v2\/users\/2"}],"replies":[{"embeddable":true,"href":"https:\/\/up.lublin.pl\/foodscience\/wp-json\/wp\/v2\/comments?post=156586"}],"version-history":[{"count":22,"href":"https:\/\/up.lublin.pl\/foodscience\/wp-json\/wp\/v2\/pages\/156586\/revisions"}],"predecessor-version":[{"id":156618,"href":"https:\/\/up.lublin.pl\/foodscience\/wp-json\/wp\/v2\/pages\/156586\/revisions\/156618"}],"up":[{"embeddable":true,"href":"https:\/\/up.lublin.pl\/foodscience\/wp-json\/wp\/v2\/pages\/151340"}],"wp:attachment":[{"href":"https:\/\/up.lublin.pl\/foodscience\/wp-json\/wp\/v2\/media?parent=156586"}],"curies":[{"name":"wp","href":"https:\/\/api.w.org\/{rel}","templated":true}]}}