{"id":153628,"date":"2025-04-17T12:59:26","date_gmt":"2025-04-17T10:59:26","guid":{"rendered":"https:\/\/up.lublin.pl\/foodscience\/?page_id=153628"},"modified":"2025-05-19T14:12:49","modified_gmt":"2025-05-19T12:12:49","slug":"zakwaterowanie","status":"publish","type":"page","link":"https:\/\/up.lublin.pl\/foodscience\/wydzial\/jubileusze\/jubileusz-20lecia\/zakwaterowanie\/","title":{"rendered":"Zakwaterowanie | Accommodation"},"content":{"rendered":"\t\t<div data-elementor-type=\"wp-page\" data-elementor-id=\"153628\" class=\"elementor elementor-153628\" data-elementor-settings=\"[]\">\n\t\t\t\t\t\t<div class=\"elementor-inner\">\n\t\t\t\t\t\t\t<div class=\"elementor-section-wrap\">\n\t\t\t\t\t\t\t<section class=\"elementor-section elementor-top-section elementor-element elementor-element-abaa149 elementor-section-boxed elementor-section-height-default elementor-section-height-default\" data-id=\"abaa149\" data-element_type=\"section\">\n\t\t\t\t\t\t<div class=\"elementor-container elementor-column-gap-default\">\n\t\t\t\t\t\t\t<div class=\"elementor-row\">\n\t\t\t\t\t<div class=\"elementor-column elementor-col-100 elementor-top-column elementor-element elementor-element-ab2c8ef\" data-id=\"ab2c8ef\" data-element_type=\"column\">\n\t\t\t<div class=\"elementor-column-wrap elementor-element-populated\">\n\t\t\t\t\t\t\t<div class=\"elementor-widget-wrap\">\n\t\t\t\t\t\t<div class=\"elementor-element elementor-element-caa170e elementor-widget elementor-widget-m2j\" data-id=\"caa170e\" data-element_type=\"widget\" data-widget_type=\"m2j.default\">\n\t\t\t\t<div class=\"elementor-widget-container\">\n\t\t\t<section class=\"mn-m2-h\">\n    <div class=\"mn-image-container mn-container\">\n                    <img src=\"https:\/\/up.lublin.pl\/foodscience\/wp-content\/uploads\/sites\/8\/2025\/02\/jubileusz-nozib-ENG.jpg\" alt=\"\">\n                        <\/div>\n    <div class=\"mn-grid mn-content\">\n            <\/div>\n<\/section>\n\t\t<\/div>\n\t\t\t\t<\/div>\n\t\t\t\t\t\t<\/div>\n\t\t\t\t\t<\/div>\n\t\t<\/div>\n\t\t\t\t\t\t\t\t<\/div>\n\t\t\t\t\t<\/div>\n\t\t<\/section>\n\t\t\t\t<section class=\"elementor-section elementor-top-section elementor-element elementor-element-7e6afb8 elementor-section-boxed elementor-section-height-default elementor-section-height-default\" data-id=\"7e6afb8\" data-element_type=\"section\">\n\t\t\t\t\t\t<div class=\"elementor-container elementor-column-gap-default\">\n\t\t\t\t\t\t\t<div class=\"elementor-row\">\n\t\t\t\t\t<div class=\"elementor-column elementor-col-100 elementor-top-column elementor-element elementor-element-29ef075\" data-id=\"29ef075\" data-element_type=\"column\">\n\t\t\t<div class=\"elementor-column-wrap elementor-element-populated\">\n\t\t\t\t\t\t\t<div class=\"elementor-widget-wrap\">\n\t\t\t\t\t\t<div class=\"elementor-element elementor-element-934418f elementor-widget elementor-widget-m5c\" data-id=\"934418f\" data-element_type=\"widget\" data-widget_type=\"m5c.default\">\n\t\t\t\t<div class=\"elementor-widget-container\">\n\t\t\t<section class=\"mn-m5-c mn-m5-d2 mn-bg-white\">\n\t<div class=\"mn-grid\">\n\t\t\t\t<div class=\"mn-content mn-grid-9\">\n\t\t\t                <div class=\"mn-content-block active\">\n\t                                                        <div class=\"block-text\">\n\t                                        <h5><span style=\"color: #999999\"><strong><a style=\"color: #999999\" href=\"https:\/\/up.lublin.pl\/foodscience\/wydzial\/jubileusze\/jubileusz-20lecia\/\">&lt;\u00a0 Front page<\/a><\/strong><\/span><\/h5>\n<p>\u00a0<\/p>\n                                        <\/div>\n\t\t\t\t\t\t                                                        <div class=\"block-text\">\n\t                                        <ul>\n<li><strong>I<a href=\"https:\/\/ibislublin.pl\/hotel\/o-hotelu\">bis Styles<\/a>, <\/strong>\n<ul>\n<li>Solidarno\u015bci 7, 20-841 Lublin (miejsce uroczystej kolacji)<\/li>\n<\/ul>\n<\/li>\n<\/ul>\n<p style=\"padding-left: 40px\"><strong>noclegi<\/strong>\u00a0\u2013 cena specjalna na dob\u0119 23-24\/09\/2025 to:<\/p>\n<p style=\"padding-left: 40px\">340,- PLN\/dob\u0119\/pok\u00f3j jednoosobowy<\/p>\n<p style=\"padding-left: 40px\">410,- PLN\/dob\u0119\/pok\u00f3j dwuosobowy<\/p>\n<p style=\"padding-left: 40px\">W cen\u0119 wliczone s\u0105 \u015bniadania. Go\u015bcie dokonuj\u0105 rezerwacji na ustalone wcze\u015bniej has\u0142o (<strong>Konferencja UP<\/strong>) w&nbsp;formie e-mailowej.<\/p>\n<ul>\n<li><a href=\"https:\/\/victorialublin.pl\/%20\"><strong>Hotel Victoria<\/strong><\/a><strong><u><br \/><\/u><\/strong>\n<ul>\n<li>Prezydenta Gabriela Narutowicza 58\/60, 20-016 Lublin<\/li>\n<\/ul>\n<\/li>\n<\/ul>\n<p style=\"padding-left: 40px\">Kontakt do rezerwacji:\u00a0<a href=\"mailto:info@victorialublin.pl\">info@victorialublin.pl<\/a><\/p>\n<ul>\n<li><strong><a href=\"https:\/\/www.hiexlublin.pl\/pl\/\">Hotel Holiday Inn\u00a0Express<\/a>,<\/strong>\n<ul>\n<li>Spadochroniarzy 9, Lublin<\/li>\n<\/ul>\n<\/li>\n<\/ul>\n<p style=\"padding-left: 40px\">noclegi dla uczestnik\u00f3w Konferencji w&nbsp;terminie 22-24.09.2025 na poni\u017cszych warunkach:<\/p>\n<p style=\"padding-left: 40px\">Cena pok\u00f3j jednoosobowy ze \u015bniadaniem 270 PLN\/doba brutto\/doba<\/p>\n<p style=\"padding-left: 40px\">Cena pok\u00f3j dwuosobowy ze \u015bniadaniem 320 PLN\/doba brutto\/doba<\/p>\n<p style=\"padding-left: 40px\">Powy\u017csze ceny obowi\u0105zuj\u0105 przy rezerwacjach zak\u0142adanych do 31.05.2025r.<\/p>\n<p style=\"padding-left: 40px\">Po ustalonym terminie, Go\u015bciom zostanie zaproponowana stawka -10% od ceny obowi\u0105zuj\u0105cej w&nbsp;danym dniu.<\/p>\n<p style=\"padding-left: 40px\">Rezerwacje b\u0119d\u0105 przesy\u0142ane bezpo\u015brednio do Hotelu na adres email: reservation@hiexlublin.pl powo\u0142uj\u0105c si\u0119 na has\u0142o: <strong>Konferencja UP<\/strong><\/p>\n<p style=\"padding-left: 40px\">Potwierdzenie rezerwacji wraz z&nbsp;warunkami jej anulacji i&nbsp;informacj\u0105 o&nbsp;p\u0142atno\u015bci b\u0119d\u0105 przesy\u0142ane do osoby dokonuj\u0105cej rezerwacji. Ceny te dotycz\u0105 jedynie rezerwacji bezzwrotnych, zagwarantowanych 100% przedp\u0142at\u0105 przed przyjazdem.<\/p>\n<p style=\"padding-left: 40px\">Kontakt do rezerwacji:\u00a0reservation@hiexlublin.pl<\/p>\n<ul>\n<li><strong><a href=\"https:\/\/www.campanile.com\/pl\/nasze-hotele\/polska\/hotele-lublin\/?sr=SEA-CA-PL-GOOGLE-BRAND&amp;gad_source=1&amp;gclsrc=aw.ds&amp;gad_source=1&amp;gad_campaignid=9710641835&amp;gbraid=0AAAAAD2kzFUneUnN-J6tcP5k6QChL0HQ2&amp;gclid=Cj0KCQjwoZbBBhDCARIsAOqMEZVYW5Nq9X70lTgkxsEjpjo8dgWHAmca9JiG34EMn5MCs0Vm8WacjYoaArgxEALw_wcB\">Hotel Campanile<\/a>\u00a0<\/strong>\n<ul>\n<li>Lubomelska 14, Lublin<\/li>\n<\/ul>\n<\/li>\n<\/ul>\n<p style=\"padding-left: 40px\">Kontakt do rezerwacji:\u00a0lublin@campanile.com<\/p>\n<ul>\n<li><a href=\"https:\/\/all.accor.com\/ssr\/app\/mercure\/rates\/3404\/index.pl.shtml?destination=lublin-poland&amp;compositions=1&amp;dateIn=2025-05-15&amp;dateOut=2025-05-16&amp;nights=1&amp;hideWDR=false&amp;accessibleRoom=false\"><strong>Mercure<\/strong><\/a>\n<ul>\n<li>Aleje Rac\u0142awickie 12, Lublin<\/li>\n<\/ul>\n<\/li>\n<\/ul>\n<p style=\"padding-left: 40px\">Kontakt do rezerwacji: H3404@accor.com<\/p>\n<hr \/>\n<p>\u00a0<\/p>\n<p><strong>ENGLISH VERSION<\/strong><\/p>\n<ul>\n<li><strong>Ibis Styles, <\/strong> Solidarno\u015bci 7, 20-841 Lublin (Gala Dinner location)<\/li>\n<\/ul>\n<p style=\"padding-left: 40px\">Accommodation &#8211; special price per day 23-24\/09\/2025 is:<\/p>\n<p style=\"padding-left: 40px\"><strong>340,- PLN\/day\/single room<\/strong><\/p>\n<p style=\"padding-left: 40px\"><strong>410,- PLN\/day\/double room<\/strong><\/p>\n<p style=\"padding-left: 40px\">The price includes breakfast. Guests make reservations using a&nbsp;previously established password (<strong>Konferencja UP<\/strong>) via e-mail.<\/p>\n<p style=\"padding-left: 40px\"><u>Booking contact<\/u>: ha9v0@accor.com<\/p>\n<ul>\n<li><a href=\"https:\/\/victorialublin.pl\/%20\"><strong>Hotel Victoria<\/strong><\/a><strong><u><br \/><\/u><\/strong> Prezydenta Gabriela Narutowicza 58\/60, 20-016 Lublin<\/li>\n<\/ul>\n<p style=\"padding-left: 40px\"><u>Booking contact<\/u>:\u00a0<a href=\"mailto:info@victorialublin.pl\">info@victorialublin.pl<\/a><\/p>\n<ul>\n<li><strong>Hotel Holiday Inn\u00a0Express, <\/strong> Spadochroniarzy 9,<\/li>\n<\/ul>\n<p style=\"padding-left: 40px\">Accommodation for Conference participants from 22nd to 24th September 2025 on the following terms:<\/p>\n<p style=\"padding-left: 40px\"><strong>Price single room with breakfast PLN 270\/day<\/strong><\/p>\n<p style=\"padding-left: 40px\"><strong>Price double room with breakfast PLN 320\/day <\/strong><\/p>\n<p style=\"padding-left: 40px\">The above prices apply to reservations made until <strong>31st May 2025.<\/strong><\/p>\n<p style=\"padding-left: 40px\">After the set date, Guests will be offered a&nbsp;rate of -10% from the price applicable on a&nbsp;given day.<\/p>\n<p style=\"padding-left: 40px\">Reservations should be sent directly to the Hotel to the email address: reservation@hiexlublin.pl, quoting the password: <strong>Konferencja UP<\/strong><\/p>\n<p style=\"padding-left: 40px\">Confirmation of the reservation along with the conditions of its cancellation and information about payment will be sent to the person making the reservation. These prices apply only to non-refundable reservations, guaranteed by 100% prepayment before arrival.<\/p>\n<p style=\"padding-left: 40px\"><u>Booking contact<\/u>:\u00a0reservation@hiexlublin.pl<\/p>\n<ul>\n<li><strong>Hotel Campanile\u00a0<\/strong> Lubomelska 14<\/li>\n<\/ul>\n<p style=\"padding-left: 40px\"><u>Booking contact<\/u>:\u00a0lublin@campanile.com<\/p>\n<ul>\n<li><strong>Hotel Mercure, <\/strong>Aleje Rac\u0142awickie 12<\/li>\n<\/ul>\n<p style=\"padding-left: 40px\"><u>Booking contact<\/u>: H3404@accor.com<\/p>\n<p>\u00a0<\/p>\n<p>\u00a0<\/p>\n                                        <\/div>\n\t\t\t\t\t\t                                <\/div>\n\t\t\t\t                <div class=\"mn-content-block\">\n\t                                <\/div>\n\t\t\t\t                <div class=\"mn-content-block\">\n\t                                <\/div>\n\t\t\t\t                <div class=\"mn-content-block\">\n\t                                <\/div>\n\t\t\t\t                <div class=\"mn-content-block\">\n\t                                <\/div>\n\t\t\t\t                <div class=\"mn-content-block\">\n\t                                <\/div>\n\t\t\t\t                <div class=\"mn-content-block\">\n\t                                <\/div>\n\t\t\t\t                <div class=\"mn-content-block\">\n\t                                <\/div>\n\t\t\t\t                <div class=\"mn-content-block\">\n\t                                <\/div>\n\t\t\t\t                <div class=\"mn-content-block\">\n\t                                <\/div>\n\t\t\t\t                <div class=\"mn-content-block\">\n\t                                <\/div>\n\t\t\t\t                <div class=\"mn-content-block\">\n\t                                <\/div>\n\t\t\t\t                <div class=\"mn-content-block\">\n\t                                <\/div>\n\t\t\t\t                <div class=\"mn-content-block\">\n\t                                <\/div>\n\t\t\t\t                <div class=\"mn-content-block\">\n\t                                <\/div>\n\t\t\t\t                <div class=\"mn-content-block\">\n\t                                <\/div>\n\t\t\t\t                <div class=\"mn-content-block\">\n\t                                <\/div>\n\t\t\t\t                <div class=\"mn-content-block\">\n\t                                <\/div>\n\t\t\t\t                <div class=\"mn-content-block\">\n\t                                <\/div>\n\t\t\t\t                <div class=\"mn-content-block\">\n\t                                <\/div>\n\t\t\t\t\t\t<\/div>\n\t<\/div>\n<\/section>\n\t\t<\/div>\n\t\t\t\t<\/div>\n\t\t\t\t\t\t<\/div>\n\t\t\t\t\t<\/div>\n\t\t<\/div>\n\t\t\t\t\t\t\t\t<\/div>\n\t\t\t\t\t<\/div>\n\t\t<\/section>\n\t\t\t\t\t\t<\/div>\n\t\t\t\t\t\t<\/div>\n\t\t\t\t\t<\/div>\n\t\t","protected":false},"excerpt":{"rendered":"<p>&lt;\u00a0 Front page \u00a0 Ibis Styles, Solidarno\u015bci 7, 20-841 Lublin (miejsce uroczystej kolacji) noclegi\u00a0\u2013 cena specjalna na dob\u0119 23-24\/09\/2025 to: 340,- PLN\/dob\u0119\/pok\u00f3j jednoosobowy 410,- PLN\/dob\u0119\/pok\u00f3j dwuosobowy W cen\u0119 wliczone s\u0105 \u015bniadania. Go\u015bcie dokonuj\u0105 rezerwacji na ustalone wcze\u015bniej has\u0142o (Konferencja UP) w&nbsp;formie e-mailowej. Hotel Victoria Prezydenta Gabriela Narutowicza 58\/60, 20-016 Lublin Kontakt do rezerwacji:\u00a0info@victorialublin.pl Hotel Holiday [&hellip;]<\/p>\n","protected":false},"author":2,"featured_media":0,"parent":151340,"menu_order":0,"comment_status":"closed","ping_status":"closed","template":"elementor_header_footer","meta":{"_monsterinsights_skip_tracking":false,"_monsterinsights_sitenote_active":false,"_monsterinsights_sitenote_note":"","_monsterinsights_sitenote_category":0},"_links":{"self":[{"href":"https:\/\/up.lublin.pl\/foodscience\/wp-json\/wp\/v2\/pages\/153628"}],"collection":[{"href":"https:\/\/up.lublin.pl\/foodscience\/wp-json\/wp\/v2\/pages"}],"about":[{"href":"https:\/\/up.lublin.pl\/foodscience\/wp-json\/wp\/v2\/types\/page"}],"author":[{"embeddable":true,"href":"https:\/\/up.lublin.pl\/foodscience\/wp-json\/wp\/v2\/users\/2"}],"replies":[{"embeddable":true,"href":"https:\/\/up.lublin.pl\/foodscience\/wp-json\/wp\/v2\/comments?post=153628"}],"version-history":[{"count":13,"href":"https:\/\/up.lublin.pl\/foodscience\/wp-json\/wp\/v2\/pages\/153628\/revisions"}],"predecessor-version":[{"id":153887,"href":"https:\/\/up.lublin.pl\/foodscience\/wp-json\/wp\/v2\/pages\/153628\/revisions\/153887"}],"up":[{"embeddable":true,"href":"https:\/\/up.lublin.pl\/foodscience\/wp-json\/wp\/v2\/pages\/151340"}],"wp:attachment":[{"href":"https:\/\/up.lublin.pl\/foodscience\/wp-json\/wp\/v2\/media?parent=153628"}],"curies":[{"name":"wp","href":"https:\/\/api.w.org\/{rel}","templated":true}]}}