{"id":151589,"date":"2024-11-07T11:38:07","date_gmt":"2024-11-07T10:38:07","guid":{"rendered":"https:\/\/up.lublin.pl\/foodscience\/?page_id=151589"},"modified":"2025-05-28T09:58:52","modified_gmt":"2025-05-28T07:58:52","slug":"komitet-organizacyjny","status":"publish","type":"page","link":"https:\/\/up.lublin.pl\/foodscience\/wydzial\/jubileusze\/jubileusz-20lecia\/komitet-organizacyjny\/","title":{"rendered":"Komitet organizacyjny"},"content":{"rendered":"\t\t<div data-elementor-type=\"wp-page\" data-elementor-id=\"151589\" class=\"elementor elementor-151589\" data-elementor-settings=\"[]\">\n\t\t\t\t\t\t<div class=\"elementor-inner\">\n\t\t\t\t\t\t\t<div class=\"elementor-section-wrap\">\n\t\t\t\t\t\t\t<section class=\"elementor-section elementor-top-section elementor-element elementor-element-a69cf4f elementor-section-boxed elementor-section-height-default elementor-section-height-default\" data-id=\"a69cf4f\" data-element_type=\"section\">\n\t\t\t\t\t\t<div class=\"elementor-container elementor-column-gap-default\">\n\t\t\t\t\t\t\t<div class=\"elementor-row\">\n\t\t\t\t\t<div class=\"elementor-column elementor-col-100 elementor-top-column elementor-element elementor-element-a9d7072\" data-id=\"a9d7072\" data-element_type=\"column\">\n\t\t\t<div class=\"elementor-column-wrap elementor-element-populated\">\n\t\t\t\t\t\t\t<div class=\"elementor-widget-wrap\">\n\t\t\t\t\t\t<div class=\"elementor-element elementor-element-df03c7a elementor-widget elementor-widget-m2j\" data-id=\"df03c7a\" data-element_type=\"widget\" data-widget_type=\"m2j.default\">\n\t\t\t\t<div class=\"elementor-widget-container\">\n\t\t\t<section class=\"mn-m2-h\">\n    <div class=\"mn-image-container mn-container\">\n                    <img src=\"https:\/\/up.lublin.pl\/foodscience\/wp-content\/uploads\/sites\/8\/2025\/02\/jubileusz-nozib-ENG.jpg\" alt=\"\">\n                        <\/div>\n    <div class=\"mn-grid mn-content\">\n            <\/div>\n<\/section>\n\t\t<\/div>\n\t\t\t\t<\/div>\n\t\t\t\t<div class=\"elementor-element elementor-element-dcaab53 elementor-widget elementor-widget-m5c\" data-id=\"dcaab53\" data-element_type=\"widget\" data-widget_type=\"m5c.default\">\n\t\t\t\t<div class=\"elementor-widget-container\">\n\t\t\t<section class=\"mn-m5-c mn-m5-d2 mn-bg-white\">\n\t<div class=\"mn-grid\">\n\t\t\t\t<div class=\"mn-content mn-grid-9\">\n\t\t\t                <div class=\"mn-content-block active\">\n\t                                                        <div class=\"block-text\">\n\t                                        <h5><span style=\"color: #999999\"><strong><a style=\"color: #999999\" href=\"https:\/\/up.lublin.pl\/foodscience\/wydzial\/jubileusze\/jubileusz-20lecia\/\">&lt;\u00a0 Front page<\/a><\/strong><\/span><\/h5>\n<p>\u00a0<\/p>\n                                        <\/div>\n\t\t\t\t\t\t                                                        <div class=\"block-text\">\n\t                                        <h2><span style=\"color: #b95613\"><strong>Organising Committee of the Jubilee and Conference<\/strong><\/span><\/h2>\n<p><strong>Head of the Committee:<\/strong><br \/>Dr hab. Monika Sujka, prof. UP\u00a0<\/p>\n<p><strong>Vice-Head of the Committee<\/strong><br \/>Dr in\u017c. Ewelina Zieli\u0144ska\u00a0\u00a0<\/p>\n<p><strong>Secretary of the Event:<\/strong><br \/>Dr in\u017c. Izabela Podg\u00f3rska-Kryszczuk<\/p>\n<p>Dr hab. Ma\u0142gorzata Kostecka, prof. UP<br \/>Dr hab. Agnieszka Latoch, prof. UP<br \/>Dr hab. in\u017c. Marzena W\u0142odarczyk-Stasiak, prof. UP<br \/>Dr hab. in\u017c. Piotr Zarzycki<br \/>Dr Monika Bojanowska<br \/>Dr in\u017c. Katarzyna Lisiecka<br \/>Dr in\u017c. Paulina K\u0119ska<br \/>Dr in\u017c. Jaros\u0142aw Mazurkiewicz<br \/>Dr in\u017c. Monika Pytka<br \/>Dr in\u017c. Ma\u0142gorzata Sierocka<br \/>Dr in\u017c. Katarzyna Skrzypczak<br \/>Dr in\u017c. Bo\u017cena Sosnowska<br \/>Dr in\u017c. Jagoda Szafra\u0144ska<br \/>Mgr in\u017c. Patryk Siczek<\/p>\n<p><a href=\"https:\/\/up.lublin.pl\/foodscience\/wp-content\/uploads\/sites\/8\/2025\/04\/divider-foodscience.png\"><img loading=\"lazy\" class=\"aligncenter size-full wp-image-153489\" src=\"https:\/\/up.lublin.pl\/foodscience\/wp-content\/uploads\/sites\/8\/2025\/04\/divider-foodscience.png\" alt=\"\" width=\"305\" height=\"18\" \/><\/a><\/p>\n                                        <\/div>\n\t\t\t\t\t\t                                                        <div class=\"block-text\">\n\t                                        <h2><span style=\"color: #b95613\"><strong>Komitet Organizacyjny Jubileuszu i&nbsp;Konferencji<\/strong><\/span><\/h2>\n<p><strong>Przewodnicz\u0105ca<\/strong>:<br \/>Dr hab. Monika Sujka, prof. UP<\/p>\n<p><strong>Z-ca Przewodnicz\u0105cej:<\/strong><br \/>Dr in\u017c. Ewelina Zieli\u0144ska\u00a0<\/p>\n<p><strong>Sekretarz:<\/strong><br \/>Dr in\u017c. Izabela Podg\u00f3rska-Kryszczuk<\/p>\n<p>Dr hab. Ma\u0142gorzata Kostecka, prof. UP<br \/>Dr hab. Agnieszka Latoch, prof. UP<br \/>Dr hab. in\u017c. Marzena W\u0142odarczyk-Stasiak, prof. UP<br \/>Dr hab. in\u017c. Piotr Zarzycki<br \/>Dr Monika Bojanowska<br \/>Dr in\u017c. Katarzyna Lisiecka<br \/>Dr in\u017c. Paulina K\u0119ska<br \/>Dr in\u017c. Jaros\u0142aw Mazurkiewicz<br \/>Dr in\u017c. Monika Pytka<br \/>Dr in\u017c. Ma\u0142gorzata Sierocka<br \/>Dr in\u017c. Katarzyna Skrzypczak<br \/>Dr in\u017c. Bo\u017cena Sosnowska<br \/>Dr in\u017c. Jagoda Szafra\u0144ska<br \/>Mgr in\u017c. Patryk Siczek<\/p>\n                                        <\/div>\n\t\t\t\t\t\t                                <\/div>\n\t\t\t\t                <div class=\"mn-content-block\">\n\t                                <\/div>\n\t\t\t\t                <div class=\"mn-content-block\">\n\t                                <\/div>\n\t\t\t\t                <div class=\"mn-content-block\">\n\t                                <\/div>\n\t\t\t\t                <div class=\"mn-content-block\">\n\t                                <\/div>\n\t\t\t\t                <div class=\"mn-content-block\">\n\t                                <\/div>\n\t\t\t\t                <div class=\"mn-content-block\">\n\t                                <\/div>\n\t\t\t\t                <div class=\"mn-content-block\">\n\t                                <\/div>\n\t\t\t\t                <div class=\"mn-content-block\">\n\t                                <\/div>\n\t\t\t\t                <div class=\"mn-content-block\">\n\t                                <\/div>\n\t\t\t\t                <div class=\"mn-content-block\">\n\t                                <\/div>\n\t\t\t\t                <div class=\"mn-content-block\">\n\t                                <\/div>\n\t\t\t\t                <div class=\"mn-content-block\">\n\t                                <\/div>\n\t\t\t\t                <div class=\"mn-content-block\">\n\t                                <\/div>\n\t\t\t\t                <div class=\"mn-content-block\">\n\t                                <\/div>\n\t\t\t\t                <div class=\"mn-content-block\">\n\t                                <\/div>\n\t\t\t\t                <div class=\"mn-content-block\">\n\t                                <\/div>\n\t\t\t\t                <div class=\"mn-content-block\">\n\t                                <\/div>\n\t\t\t\t                <div class=\"mn-content-block\">\n\t                                <\/div>\n\t\t\t\t                <div class=\"mn-content-block\">\n\t                                <\/div>\n\t\t\t\t\t\t<\/div>\n\t<\/div>\n<\/section>\n\t\t<\/div>\n\t\t\t\t<\/div>\n\t\t\t\t\t\t<\/div>\n\t\t\t\t\t<\/div>\n\t\t<\/div>\n\t\t\t\t\t\t\t\t<\/div>\n\t\t\t\t\t<\/div>\n\t\t<\/section>\n\t\t\t\t<section class=\"elementor-section elementor-top-section elementor-element elementor-element-b999908 elementor-section-boxed elementor-section-height-default elementor-section-height-default\" data-id=\"b999908\" data-element_type=\"section\">\n\t\t\t\t\t\t<div class=\"elementor-container elementor-column-gap-default\">\n\t\t\t\t\t\t\t<div class=\"elementor-row\">\n\t\t\t\t\t<div class=\"elementor-column elementor-col-100 elementor-top-column elementor-element elementor-element-5716277\" data-id=\"5716277\" data-element_type=\"column\">\n\t\t\t<div class=\"elementor-column-wrap elementor-element-populated\">\n\t\t\t\t\t\t\t<div class=\"elementor-widget-wrap\">\n\t\t\t\t\t\t<div class=\"elementor-element elementor-element-54ecedd elementor-widget elementor-widget-m5h\" data-id=\"54ecedd\" data-element_type=\"widget\" data-widget_type=\"m5h.default\">\n\t\t\t\t<div class=\"elementor-widget-container\">\n\t\t\t<section class=\"mn-m5-h mn-bg-white no-spacing\">\r\n\t<div class=\"mn-grid\">\r\n\t\t<div class=\"mn-content mn-grid-12\">\r\n\t\t\t<div class=\"mn-lead\">\r\n\t\t\t\t<p><img loading=\"lazy\" class=\"alignleft\" src=\"https:\/\/up.lublin.pl\/wp-content\/uploads\/2023\/11\/logotyp-SUP-RIM.png\" alt=\"\" width=\"61\" height=\"121\" \/><em><br \/>\u201eSie\u0107 badawcza uczelni przyrodniczych na rzecz rozwoju polskiego sektora mleczarskiego \u2013 projekt badawczy\u201d zadanie finansowane z&nbsp;dotacji celowej Ministerstwa Nauki i&nbsp;szkolnictwa Wy\u017cszego, nr umowy:\u00a0<\/em><strong>MEiN\/2023\/DPI\/2862<\/strong><\/p>\n\t\t\t<\/div>\r\n\t\t<\/div>\r\n\t<\/div>\r\n<\/section>\r\n\t\t<\/div>\n\t\t\t\t<\/div>\n\t\t\t\t\t\t<\/div>\n\t\t\t\t\t<\/div>\n\t\t<\/div>\n\t\t\t\t\t\t\t\t<\/div>\n\t\t\t\t\t<\/div>\n\t\t<\/section>\n\t\t\t\t\t\t<\/div>\n\t\t\t\t\t\t<\/div>\n\t\t\t\t\t<\/div>\n\t\t","protected":false},"excerpt":{"rendered":"<p>&lt;\u00a0 Front page \u00a0 Organising Committee of the Jubilee and Conference Head of the Committee:Dr hab. Monika Sujka, prof. UP\u00a0 Vice-Head of the CommitteeDr in\u017c. Ewelina Zieli\u0144ska\u00a0\u00a0 Secretary of the Event:Dr in\u017c. Izabela Podg\u00f3rska-Kryszczuk Dr hab. Ma\u0142gorzata Kostecka, prof. UPDr hab. Agnieszka Latoch, prof. UPDr hab. in\u017c. Marzena W\u0142odarczyk-Stasiak, prof. UPDr hab. in\u017c. Piotr ZarzyckiDr [&hellip;]<\/p>\n","protected":false},"author":228,"featured_media":0,"parent":151340,"menu_order":0,"comment_status":"closed","ping_status":"closed","template":"elementor_header_footer","meta":{"_monsterinsights_skip_tracking":false,"_monsterinsights_sitenote_active":false,"_monsterinsights_sitenote_note":"","_monsterinsights_sitenote_category":0},"_links":{"self":[{"href":"https:\/\/up.lublin.pl\/foodscience\/wp-json\/wp\/v2\/pages\/151589"}],"collection":[{"href":"https:\/\/up.lublin.pl\/foodscience\/wp-json\/wp\/v2\/pages"}],"about":[{"href":"https:\/\/up.lublin.pl\/foodscience\/wp-json\/wp\/v2\/types\/page"}],"author":[{"embeddable":true,"href":"https:\/\/up.lublin.pl\/foodscience\/wp-json\/wp\/v2\/users\/228"}],"replies":[{"embeddable":true,"href":"https:\/\/up.lublin.pl\/foodscience\/wp-json\/wp\/v2\/comments?post=151589"}],"version-history":[{"count":40,"href":"https:\/\/up.lublin.pl\/foodscience\/wp-json\/wp\/v2\/pages\/151589\/revisions"}],"predecessor-version":[{"id":154088,"href":"https:\/\/up.lublin.pl\/foodscience\/wp-json\/wp\/v2\/pages\/151589\/revisions\/154088"}],"up":[{"embeddable":true,"href":"https:\/\/up.lublin.pl\/foodscience\/wp-json\/wp\/v2\/pages\/151340"}],"wp:attachment":[{"href":"https:\/\/up.lublin.pl\/foodscience\/wp-json\/wp\/v2\/media?parent=151589"}],"curies":[{"name":"wp","href":"https:\/\/api.w.org\/{rel}","templated":true}]}}