{"id":151585,"date":"2024-11-07T11:37:34","date_gmt":"2024-11-07T10:37:34","guid":{"rendered":"https:\/\/up.lublin.pl\/foodscience\/?page_id=151585"},"modified":"2025-04-02T11:02:53","modified_gmt":"2025-04-02T09:02:53","slug":"oplaty","status":"publish","type":"page","link":"https:\/\/up.lublin.pl\/foodscience\/wydzial\/jubileusze\/jubileusz-20lecia\/oplaty\/","title":{"rendered":"Op\u0142aty"},"content":{"rendered":"\t\t<div data-elementor-type=\"wp-page\" data-elementor-id=\"151585\" class=\"elementor elementor-151585\" data-elementor-settings=\"[]\">\n\t\t\t\t\t\t<div class=\"elementor-inner\">\n\t\t\t\t\t\t\t<div class=\"elementor-section-wrap\">\n\t\t\t\t\t\t\t<section class=\"elementor-section elementor-top-section elementor-element elementor-element-e10cda9 elementor-section-boxed elementor-section-height-default elementor-section-height-default\" data-id=\"e10cda9\" data-element_type=\"section\">\n\t\t\t\t\t\t<div class=\"elementor-container elementor-column-gap-default\">\n\t\t\t\t\t\t\t<div class=\"elementor-row\">\n\t\t\t\t\t<div class=\"elementor-column elementor-col-100 elementor-top-column elementor-element elementor-element-4beeb3b\" data-id=\"4beeb3b\" data-element_type=\"column\">\n\t\t\t<div class=\"elementor-column-wrap elementor-element-populated\">\n\t\t\t\t\t\t\t<div class=\"elementor-widget-wrap\">\n\t\t\t\t\t\t<div class=\"elementor-element elementor-element-30e3533 elementor-widget elementor-widget-m2j\" data-id=\"30e3533\" data-element_type=\"widget\" data-widget_type=\"m2j.default\">\n\t\t\t\t<div class=\"elementor-widget-container\">\n\t\t\t<section class=\"mn-m2-h\">\n    <div class=\"mn-image-container mn-container\">\n                    <img src=\"https:\/\/up.lublin.pl\/foodscience\/wp-content\/uploads\/sites\/8\/2025\/02\/jubileusz-nozib-ENG.jpg\" alt=\"\">\n                        <\/div>\n    <div class=\"mn-grid mn-content\">\n            <\/div>\n<\/section>\n\t\t<\/div>\n\t\t\t\t<\/div>\n\t\t\t\t<div class=\"elementor-element elementor-element-db7196f elementor-widget elementor-widget-m5c\" data-id=\"db7196f\" data-element_type=\"widget\" data-widget_type=\"m5c.default\">\n\t\t\t\t<div class=\"elementor-widget-container\">\n\t\t\t<section class=\"mn-m5-c mn-m5-d2 mn-bg-white\">\n\t<div class=\"mn-grid\">\n\t\t\t\t<div class=\"mn-content mn-grid-9\">\n\t\t\t                <div class=\"mn-content-block active\">\n\t                                                        <div class=\"block-text\">\n\t                                        <h5><span style=\"color: #999999;\"><strong><a style=\"color: #999999;\" href=\"https:\/\/up.lublin.pl\/foodscience\/wydzial\/jubileusze\/jubileusz-20lecia\/\">&lt;\u00a0 Front page<\/a><\/strong><\/span><\/h5>\n<p>\u00a0<\/p>\n                                        <\/div>\n\t\t\t\t\t\t                                                        <div class=\"block-text\">\n\t                                        <h2><strong><span style=\"color: #b95613;\">Payment<\/span> <\/strong><\/h2>\n<p><strong>The fee for the participation in the event<\/strong><\/p>\n<p><strong>1300 z\u0142 \u00a0\u00a0\u00a0\u00a0\u00a0\u00a0\u00a0\u00a0\u00a0\u00a0\u00a0\u00a0\u00a0\u00a0\u00a0 <\/strong>standard fee<\/p>\n<p><strong>1200 z\u0142 \u00a0\u00a0\u00a0\u00a0\u00a0\u00a0\u00a0\u00a0\u00a0\u00a0\u00a0\u00a0\u00a0\u00a0\u00a0 <\/strong>fee for members of the Polish Society of Food Technologists (PTT\u017b)<\/p>\n<p><strong>1000 z\u0142 \u00a0\u00a0\u00a0\u00a0\u00a0\u00a0\u00a0\u00a0\u00a0\u00a0\u00a0\u00a0\u00a0\u00a0\u00a0 <\/strong>fee for PhD students<\/p>\n<p><strong>500 z\u0142 \u00a0\u00a0\u00a0\u00a0\u00a0\u00a0\u00a0\u00a0\u00a0\u00a0\u00a0\u00a0\u00a0\u00a0\u00a0\u00a0\u00a0 <\/strong>fee for students<\/p>\n<p>The conference fee includes lunches, coffee breaks (September 23th and 24th), gala dinner (September 23th) and conference materials. A&nbsp;conference participant may submit one chapter in monograph per fee (formatting details will be sent to registrants).<\/p>\n<p>Fees do not include travel and accommodation costs. Participants will book their own accommodation (more information in the next announcement).<\/p>\n<p>The payment should be made by bank transfer by <strong>May 31st 2025<\/strong> to the account:<\/p>\n<p>Polskie Towarzystwo Technolog\u00f3w \u017bywno\u015bci, Oddzia\u0142 Lubelski PTT\u017b<br \/>BO\u015a Bank S.A. O. w&nbsp;Lublinie<br \/>account number: 78 1540 1144 2001 6403 8814 0001<br \/>Transfer title: konferencja &#8211; name and surname of participant<\/p>\n<p><a href=\"https:\/\/up.lublin.pl\/foodscience\/wp-content\/uploads\/sites\/8\/2025\/04\/divider-foodscience.png\"><img loading=\"lazy\" class=\"aligncenter size-full wp-image-153489\" src=\"https:\/\/up.lublin.pl\/foodscience\/wp-content\/uploads\/sites\/8\/2025\/04\/divider-foodscience.png\" alt=\"\" width=\"305\" height=\"18\" \/><\/a><\/p>\n                                        <\/div>\n\t\t\t\t\t\t                                                        <div class=\"block-text\">\n\t                                        <p><strong>1300 z\u0142 &#8211; <\/strong>op\u0142ata<\/p>\n<p><strong>1200 z\u0142 &#8211; <\/strong>op\u0142ata dla cz\u0142onk\u00f3w Polskiego Towarzystwa Technolog\u00f3w \u017bywno\u015bci (PTT\u017b)<\/p>\n<p><strong>1000 z\u0142 &#8211; <\/strong>op\u0142ata dla doktorant\u00f3w<\/p>\n<p><strong>500 z\u0142 &#8211; <\/strong>op\u0142ata dla student\u00f3w<\/p>\n<p>Op\u0142ata konferencyjna obejmuje obiady, przerwy kawowe (23 i&nbsp;24 wrze\u015bnia), uroczyst\u0105 kolacj\u0119 (23 wrze\u015bnia) oraz materia\u0142y konferencyjne. W&nbsp;ramach jednej op\u0142aty uczestnik konferencji mo\u017ce zg\u0142osi\u0107 jeden rozdzia\u0142 w&nbsp;monografii (szczeg\u00f3\u0142y dotycz\u0105ce formatowania zostan\u0105 przes\u0142ane osobom zarejestrowanym).<\/p>\n<p>Op\u0142aty nie obejmuj\u0105 koszt\u00f3w podr\u00f3\u017cy i&nbsp;nocleg\u00f3w. Noclegi uczestnicy rezerwuj\u0105 we w\u0142asnym zakresie (wi\u0119cej informacji w&nbsp;kolejnym komunikacie).<\/p>\n<p>Wp\u0142ata powinna zosta\u0107 dokonana do <strong>31 maja 2025 r.<\/strong><\/p>\n<p><strong>Wp\u0142aty prosimy kierowa\u0107 na konto:<\/strong><\/p>\n<p>Polskie Towarzystwo Technolog\u00f3w \u017bywno\u015bci, Oddzia\u0142 Lubelski PTT\u017b<br \/>BO\u015a Bank S.A. O. w&nbsp;Lublinie<br \/>nr konta: 78 1540 1144 2001 6403 8814 0001<br \/>Tytu\u0142em: konferencja &#8211; imi\u0119 i&nbsp;nazwisko uczestnika<\/p>\n                                        <\/div>\n\t\t\t\t\t\t                                <\/div>\n\t\t\t\t                <div class=\"mn-content-block\">\n\t                                <\/div>\n\t\t\t\t                <div class=\"mn-content-block\">\n\t                                <\/div>\n\t\t\t\t                <div class=\"mn-content-block\">\n\t                                <\/div>\n\t\t\t\t                <div class=\"mn-content-block\">\n\t                                <\/div>\n\t\t\t\t                <div class=\"mn-content-block\">\n\t                                <\/div>\n\t\t\t\t                <div class=\"mn-content-block\">\n\t                                <\/div>\n\t\t\t\t                <div class=\"mn-content-block\">\n\t                                <\/div>\n\t\t\t\t                <div class=\"mn-content-block\">\n\t                                <\/div>\n\t\t\t\t                <div class=\"mn-content-block\">\n\t                                <\/div>\n\t\t\t\t                <div class=\"mn-content-block\">\n\t                                <\/div>\n\t\t\t\t                <div class=\"mn-content-block\">\n\t                                <\/div>\n\t\t\t\t                <div class=\"mn-content-block\">\n\t                                <\/div>\n\t\t\t\t                <div class=\"mn-content-block\">\n\t                                <\/div>\n\t\t\t\t                <div class=\"mn-content-block\">\n\t                                <\/div>\n\t\t\t\t                <div class=\"mn-content-block\">\n\t                                <\/div>\n\t\t\t\t                <div class=\"mn-content-block\">\n\t                                <\/div>\n\t\t\t\t                <div class=\"mn-content-block\">\n\t                                <\/div>\n\t\t\t\t                <div class=\"mn-content-block\">\n\t                                <\/div>\n\t\t\t\t                <div class=\"mn-content-block\">\n\t                                <\/div>\n\t\t\t\t\t\t<\/div>\n\t<\/div>\n<\/section>\n\t\t<\/div>\n\t\t\t\t<\/div>\n\t\t\t\t\t\t<\/div>\n\t\t\t\t\t<\/div>\n\t\t<\/div>\n\t\t\t\t\t\t\t\t<\/div>\n\t\t\t\t\t<\/div>\n\t\t<\/section>\n\t\t\t\t<section class=\"elementor-section elementor-top-section elementor-element elementor-element-9994889 elementor-section-boxed elementor-section-height-default elementor-section-height-default\" data-id=\"9994889\" data-element_type=\"section\">\n\t\t\t\t\t\t<div class=\"elementor-container elementor-column-gap-default\">\n\t\t\t\t\t\t\t<div class=\"elementor-row\">\n\t\t\t\t\t<div class=\"elementor-column elementor-col-100 elementor-top-column elementor-element elementor-element-9630c6f\" data-id=\"9630c6f\" data-element_type=\"column\">\n\t\t\t<div class=\"elementor-column-wrap elementor-element-populated\">\n\t\t\t\t\t\t\t<div class=\"elementor-widget-wrap\">\n\t\t\t\t\t\t<div class=\"elementor-element elementor-element-b40faf2 elementor-widget elementor-widget-m5h\" data-id=\"b40faf2\" data-element_type=\"widget\" data-widget_type=\"m5h.default\">\n\t\t\t\t<div class=\"elementor-widget-container\">\n\t\t\t<section class=\"mn-m5-h mn-bg-white no-spacing\">\r\n\t<div class=\"mn-grid\">\r\n\t\t<div class=\"mn-content mn-grid-12\">\r\n\t\t\t<div class=\"mn-lead\">\r\n\t\t\t\t<p><img loading=\"lazy\" class=\"alignleft\" src=\"https:\/\/up.lublin.pl\/wp-content\/uploads\/2023\/11\/logotyp-SUP-RIM.png\" alt=\"\" width=\"61\" height=\"121\" \/><em><br \/>\u201eSie\u0107 badawcza uczelni przyrodniczych na rzecz rozwoju polskiego sektora mleczarskiego \u2013 projekt badawczy\u201d zadanie finansowane z&nbsp;dotacji celowej Ministerstwa Nauki i&nbsp;szkolnictwa Wy\u017cszego, nr umowy:\u00a0<\/em><strong>MEiN\/2023\/DPI\/2862<\/strong><\/p>\n\t\t\t<\/div>\r\n\t\t<\/div>\r\n\t<\/div>\r\n<\/section>\r\n\t\t<\/div>\n\t\t\t\t<\/div>\n\t\t\t\t\t\t<\/div>\n\t\t\t\t\t<\/div>\n\t\t<\/div>\n\t\t\t\t\t\t\t\t<\/div>\n\t\t\t\t\t<\/div>\n\t\t<\/section>\n\t\t\t\t\t\t<\/div>\n\t\t\t\t\t\t<\/div>\n\t\t\t\t\t<\/div>\n\t\t","protected":false},"excerpt":{"rendered":"<p>&lt;\u00a0 Front page \u00a0 Payment The fee for the participation in the event 1300 z\u0142 \u00a0\u00a0\u00a0\u00a0\u00a0\u00a0\u00a0\u00a0\u00a0\u00a0\u00a0\u00a0\u00a0\u00a0\u00a0 standard fee 1200 z\u0142 \u00a0\u00a0\u00a0\u00a0\u00a0\u00a0\u00a0\u00a0\u00a0\u00a0\u00a0\u00a0\u00a0\u00a0\u00a0 fee for members of the Polish Society of Food Technologists (PTT\u017b) 1000 z\u0142 \u00a0\u00a0\u00a0\u00a0\u00a0\u00a0\u00a0\u00a0\u00a0\u00a0\u00a0\u00a0\u00a0\u00a0\u00a0 fee for PhD students 500 z\u0142 \u00a0\u00a0\u00a0\u00a0\u00a0\u00a0\u00a0\u00a0\u00a0\u00a0\u00a0\u00a0\u00a0\u00a0\u00a0\u00a0\u00a0 fee for students The conference fee includes lunches, coffee breaks (September 23th and [&hellip;]<\/p>\n","protected":false},"author":228,"featured_media":0,"parent":151340,"menu_order":0,"comment_status":"closed","ping_status":"closed","template":"elementor_header_footer","meta":{"_monsterinsights_skip_tracking":false,"_monsterinsights_sitenote_active":false,"_monsterinsights_sitenote_note":"","_monsterinsights_sitenote_category":0},"_links":{"self":[{"href":"https:\/\/up.lublin.pl\/foodscience\/wp-json\/wp\/v2\/pages\/151585"}],"collection":[{"href":"https:\/\/up.lublin.pl\/foodscience\/wp-json\/wp\/v2\/pages"}],"about":[{"href":"https:\/\/up.lublin.pl\/foodscience\/wp-json\/wp\/v2\/types\/page"}],"author":[{"embeddable":true,"href":"https:\/\/up.lublin.pl\/foodscience\/wp-json\/wp\/v2\/users\/228"}],"replies":[{"embeddable":true,"href":"https:\/\/up.lublin.pl\/foodscience\/wp-json\/wp\/v2\/comments?post=151585"}],"version-history":[{"count":43,"href":"https:\/\/up.lublin.pl\/foodscience\/wp-json\/wp\/v2\/pages\/151585\/revisions"}],"predecessor-version":[{"id":153516,"href":"https:\/\/up.lublin.pl\/foodscience\/wp-json\/wp\/v2\/pages\/151585\/revisions\/153516"}],"up":[{"embeddable":true,"href":"https:\/\/up.lublin.pl\/foodscience\/wp-json\/wp\/v2\/pages\/151340"}],"wp:attachment":[{"href":"https:\/\/up.lublin.pl\/foodscience\/wp-json\/wp\/v2\/media?parent=151585"}],"curies":[{"name":"wp","href":"https:\/\/api.w.org\/{rel}","templated":true}]}}