{"id":151581,"date":"2024-11-07T11:36:44","date_gmt":"2024-11-07T10:36:44","guid":{"rendered":"https:\/\/up.lublin.pl\/foodscience\/?page_id=151581"},"modified":"2025-09-18T10:04:43","modified_gmt":"2025-09-18T08:04:43","slug":"program-wydarzenia","status":"publish","type":"page","link":"https:\/\/up.lublin.pl\/foodscience\/wydzial\/jubileusze\/jubileusz-20lecia\/program-wydarzenia\/","title":{"rendered":"Program wydarzenia"},"content":{"rendered":"\t\t<div data-elementor-type=\"wp-page\" data-elementor-id=\"151581\" class=\"elementor elementor-151581\" data-elementor-settings=\"[]\">\n\t\t\t\t\t\t<div class=\"elementor-inner\">\n\t\t\t\t\t\t\t<div class=\"elementor-section-wrap\">\n\t\t\t\t\t\t\t<section class=\"elementor-section elementor-top-section elementor-element elementor-element-6ca9c02 elementor-section-boxed elementor-section-height-default elementor-section-height-default\" data-id=\"6ca9c02\" data-element_type=\"section\">\n\t\t\t\t\t\t<div class=\"elementor-container elementor-column-gap-default\">\n\t\t\t\t\t\t\t<div class=\"elementor-row\">\n\t\t\t\t\t<div class=\"elementor-column elementor-col-100 elementor-top-column elementor-element elementor-element-5f4f6e8\" data-id=\"5f4f6e8\" data-element_type=\"column\">\n\t\t\t<div class=\"elementor-column-wrap elementor-element-populated\">\n\t\t\t\t\t\t\t<div class=\"elementor-widget-wrap\">\n\t\t\t\t\t\t<div class=\"elementor-element elementor-element-f6774b8 elementor-widget elementor-widget-m2j\" data-id=\"f6774b8\" data-element_type=\"widget\" data-widget_type=\"m2j.default\">\n\t\t\t\t<div class=\"elementor-widget-container\">\n\t\t\t<section class=\"mn-m2-h\">\n    <div class=\"mn-image-container mn-container\">\n                    <img src=\"https:\/\/up.lublin.pl\/foodscience\/wp-content\/uploads\/sites\/8\/2025\/02\/jubileusz-nozib-ENG.jpg\" alt=\"\">\n                        <\/div>\n    <div class=\"mn-grid mn-content\">\n            <\/div>\n<\/section>\n\t\t<\/div>\n\t\t\t\t<\/div>\n\t\t\t\t<div class=\"elementor-element elementor-element-fc7352d elementor-widget elementor-widget-m5c\" data-id=\"fc7352d\" data-element_type=\"widget\" data-widget_type=\"m5c.default\">\n\t\t\t\t<div class=\"elementor-widget-container\">\n\t\t\t<section class=\"mn-m5-c mn-m5-d2 mn-bg-white\">\n\t<div class=\"mn-grid\">\n\t\t\t\t<div class=\"mn-content mn-grid-9\">\n\t\t\t                <div class=\"mn-content-block active\">\n\t                                                        <div class=\"block-text\">\n\t                                        <h5><span style=\"color: #999999\"><strong><a style=\"color: #999999\" href=\"https:\/\/up.lublin.pl\/foodscience\/wydzial\/jubileusze\/jubileusz-20lecia\/\">&lt;\u00a0 Front page<\/a><\/strong><\/span><\/h5>\n<p>\u00a0<\/p>\n                                        <\/div>\n\t\t\t\t\t\t                                                        <div class=\"block-text\">\n\t                                        <h2 style=\"text-align: center;margin-bottom: 8px\"><span style=\"color: #b95613\"><strong>Programme of the Jubilee and Conference<\/strong><\/span><\/h2>\n<p style=\"text-align: center\"><span style=\"color: #b95613;font-size: 16px\"><strong>Program Jubileuszu i&nbsp;Konferencji<\/strong><\/span><\/p>\n<p style=\"text-align: left\"><span style=\"color: #092f20\"><strong><span style=\"font-size: 20px\">Tuesday, Sept. 23<sup>rd<\/sup>, 2025<\/span><br \/><\/strong><strong>Wtorek, 23 wrze\u015bnia 2025<\/strong><\/span><\/p>\n<table style=\"border-collapse: collapse;width: 100%;height: 357px\">\n<tbody>\n<tr style=\"height: 45px\">\n<td style=\"width: 33.247%;height: 45px\"><strong>8:00-9:00<\/strong><\/td>\n<td style=\"width: 66.753%;height: 45px\"><span style=\"color: #000000\">Registration and coffe break<\/span><br \/><span style=\"font-size: 12px\">Rejestracja i&nbsp;przerwa kawowa<\/span><\/td>\n<\/tr>\n<tr style=\"height: 114px\">\n<td style=\"width: 33.247%;height: 114px\"><strong>9:00-12:00<\/strong><strong><br \/><\/strong><\/td>\n<td style=\"width: 66.753%;height: 114px\"><span style=\"color: #000000\">Jubilee celebrations, awarding the title of Honorary Professor to prof. dr hab. Miros\u0142aw S\u0142owi\u0144ski<\/span><br \/><span style=\"font-size: 12px\">Obchody jubileuszowe. Nadanie godno\u015bci Profesora Honorowego\u200b prof. dr hab. Miros\u0142awowi S\u0142owi\u0144skiemu (Szko\u0142a G\u0142\u00f3wna Gospodarstwa Wielskiego w&nbsp;Warszawie)<\/span><\/td>\n<\/tr>\n<tr style=\"height: 22px\">\n<td style=\"width: 33.247%;height: 22px\"><strong>12:00-12:45<\/strong><\/td>\n<td style=\"width: 66.753%;height: 22px\"><span style=\"color: #000000\">The 35th anniversary of PTT\u017b\u00a0<\/span><br \/><span style=\"font-size: 12px\">Jubileusz 35-lecia Polskiego Towarzystwa Technolog\u00f3w \u017bywno\u015bci (PTT\u017b)\u00a0<\/span><\/td>\n<\/tr>\n<tr style=\"height: 22px\">\n<td style=\"width: 33.247%;height: 22px\"><strong>12:45-13:30<\/strong><\/td>\n<td style=\"width: 66.753%;height: 22px\"><span style=\"color: #000000\">Lunch<\/span><br \/><span style=\"font-size: 12px\">Obiad<\/span><\/td>\n<\/tr>\n<tr style=\"height: 22px\">\n<td style=\"width: 33.247%;height: 22px\"><strong>13:30-14:15<\/strong><\/td>\n<td style=\"width: 66.753%;height: 22px\"><span style=\"color: #000000\">Concert of the Never GiveUP band<\/span><br \/><span style=\"font-size: 12px\">Koncert zespo\u0142u Never GiveUP<\/span><\/td>\n<\/tr>\n<tr style=\"height: 22px\">\n<td style=\"width: 33.247%;height: 22px\"><strong>14:15-14:45<\/strong><\/td>\n<td style=\"width: 66.753%;height: 22px\"><span style=\"color: #000000\">Coffe break<\/span><br \/><span style=\"font-size: 12px\">Przerwa kawowa<\/span><\/td>\n<\/tr>\n<tr style=\"height: 22px\">\n<td style=\"width: 33.247%;height: 22px\"><strong>14:45-14:55<\/strong><\/td>\n<td style=\"width: 66.753%;height: 22px\"><span style=\"color: #000000\">Conference opening\u200b<\/span><br \/><span style=\"font-size: 12px\">Otwarcie konferencji<\/span><\/td>\n<\/tr>\n<tr style=\"height: 22px\">\n<td style=\"width: 33.247%;height: 22px\"><strong>14:55-16:30<\/strong><\/td>\n<td style=\"width: 66.753%;height: 22px\"><span style=\"color: #000000\">Plenary lectures<\/span><br \/><span style=\"font-size: 12px\">Wyk\u0142ady plenarne<\/span><\/td>\n<\/tr>\n<tr style=\"height: 22px\">\n<td style=\"width: 33.247%;height: 22px\"><strong>16:45-18:45<\/strong><\/td>\n<td style=\"width: 66.753%;height: 22px\"><span style=\"color: #000000\">Lectures and e-posters \/ Referaty i&nbsp;e-postery\u200b<\/span><br \/><span style=\"font-size: 12px\">Session \u201eInnovations in dairy production\u201d (Congress Hall) <br \/>Session \u201eFood quality and safety\u201d (Conference Room no 14-15)<br \/>Session \u201eFood biotechnology\u201d (Lecture Hall no 101)\u00a0<\/span><\/td>\n<\/tr>\n<tr style=\"height: 22px\">\n<td style=\"width: 33.247%;height: 22px\"><strong>20:00 <\/strong><\/td>\n<td style=\"width: 66.753%;height: 22px\"><span style=\"color: #000000\">Gala dinner<\/span><br \/><span style=\"font-size: 12px\">Uroczysta kolacja<\/span><\/td>\n<\/tr>\n<\/tbody>\n<\/table>\n<p>\u00a0<\/p>\n<p>\u00a0<\/p>\n<p style=\"text-align: left\"><span style=\"color: #092f20\"><strong><span style=\"font-size: 20px\">Wednesday, Sept. 24<sup>th<\/sup>, 2025<\/span><br \/><\/strong><strong>\u015aroda, 24 wrze\u015bnia 2025<\/strong><\/span><\/p>\n<table style=\"border-collapse: collapse;width: 100%\">\n<tbody>\n<tr>\n<td style=\"width: 33.4197%\"><strong>8:30-9:00<\/strong><\/td>\n<td style=\"width: 66.5803%\">\u00a0<span style=\"color: #000000\">Coffee break\u200b<\/span><br \/><span style=\"font-size: 12px\">Przerwa kawowa<\/span><\/td>\n<\/tr>\n<tr>\n<td style=\"width: 33.4197%\"><strong>9:00-10:30<\/strong><\/td>\n<td style=\"width: 66.5803%\">\u00a0<span style=\"color: #000000\">Plenary lectures<\/span><br \/><span style=\"font-size: 12px\">Wyk\u0142ady plenarne<\/span><\/td>\n<\/tr>\n<tr>\n<td style=\"width: 33.4197%\"><strong>10:30-11:00<\/strong><\/td>\n<td style=\"width: 66.5803%\"><span style=\"color: #000000\">Publishing workshop<\/span>\u200b<br \/><span style=\"font-size: 12px\">Warsztaty z&nbsp;publikowania<\/span><\/td>\n<\/tr>\n<tr>\n<td style=\"width: 33.4197%\"><strong>11:00-11:20<\/strong><\/td>\n<td style=\"width: 66.5803%\"><span style=\"color: #000000\">Cofee break<\/span><br \/><span style=\"font-size: 12px\">Przerwa kawowa<\/span><\/td>\n<\/tr>\n<tr>\n<td style=\"width: 33.4197%\"><strong>11:20-12:45<\/strong><\/td>\n<td style=\"width: 66.5803%\"><span style=\"color: #000000\">Lectures and e-posters (part A)\/Referaty i&nbsp;e-postery (cz\u0119\u015b\u0107 A)<\/span><br \/><span style=\"font-size: 12px\">Session \u201e Diet components in human diseases prevention and treatment\u201d (Congress Hall) <br \/>Session \u201eFunctional food\u201d (Conference Room no 14-15)<br \/>Session \u201eNovel technologies in sustainable food production\u201d (Lecture Hall no 101)<\/span><\/td>\n<\/tr>\n<tr>\n<td style=\"width: 33.4197%\"><strong>12:45-13:30<\/strong><\/td>\n<td style=\"width: 66.5803%\"><span style=\"color: #000000\">Lunch<\/span><br \/><span style=\"font-size: 12px\">Obiad<\/span><\/td>\n<\/tr>\n<tr>\n<td style=\"width: 33.4197%\"><strong>13:30-15:30<\/strong><\/td>\n<td style=\"width: 66.5803%\"><span style=\"color: #000000\">Lectures and e-posters (part B)\/Referaty i&nbsp;e-postery (cz\u0119\u015b\u0107 B)<\/span><br \/><span style=\"font-size: 12px\">Session \u201e Diet components in human diseases prevention and treatment\u201d (Congress Hall) <br \/>Session \u201eFunctional food\u201d (Conference Room no 14-15)<br \/>Session \u201eNovel technologies in sustainable food production\u201d (Lecture Hall no 101)<\/span><\/td>\n<\/tr>\n<tr>\n<td style=\"width: 33.4197%\"><strong>15:45<\/strong><\/td>\n<td style=\"width: 66.5803%\"><span style=\"color: #000000\">Summary and official closing of the conference<\/span><br \/><span style=\"font-size: 12px\">Podsumowanie i&nbsp;uroczyste zako\u0144czenie konferencji\u200b<\/span><\/td>\n<\/tr>\n<\/tbody>\n<\/table>\n<p>\u00a0<\/p>\n                                        <\/div>\n\t\t\t\t\t\t                                <\/div>\n\t\t\t\t                <div class=\"mn-content-block\">\n\t                                <\/div>\n\t\t\t\t                <div class=\"mn-content-block\">\n\t                                <\/div>\n\t\t\t\t                <div class=\"mn-content-block\">\n\t                                <\/div>\n\t\t\t\t                <div class=\"mn-content-block\">\n\t                                <\/div>\n\t\t\t\t                <div class=\"mn-content-block\">\n\t                                <\/div>\n\t\t\t\t                <div class=\"mn-content-block\">\n\t                                <\/div>\n\t\t\t\t                <div class=\"mn-content-block\">\n\t                                <\/div>\n\t\t\t\t                <div class=\"mn-content-block\">\n\t                                <\/div>\n\t\t\t\t                <div class=\"mn-content-block\">\n\t                                <\/div>\n\t\t\t\t                <div class=\"mn-content-block\">\n\t                                <\/div>\n\t\t\t\t                <div class=\"mn-content-block\">\n\t                                <\/div>\n\t\t\t\t                <div class=\"mn-content-block\">\n\t                                <\/div>\n\t\t\t\t                <div class=\"mn-content-block\">\n\t                                <\/div>\n\t\t\t\t                <div class=\"mn-content-block\">\n\t                                <\/div>\n\t\t\t\t                <div class=\"mn-content-block\">\n\t                                <\/div>\n\t\t\t\t                <div class=\"mn-content-block\">\n\t                                <\/div>\n\t\t\t\t                <div class=\"mn-content-block\">\n\t                                <\/div>\n\t\t\t\t                <div class=\"mn-content-block\">\n\t                                <\/div>\n\t\t\t\t                <div class=\"mn-content-block\">\n\t                                <\/div>\n\t\t\t\t\t\t<\/div>\n\t<\/div>\n<\/section>\n\t\t<\/div>\n\t\t\t\t<\/div>\n\t\t\t\t\t\t<\/div>\n\t\t\t\t\t<\/div>\n\t\t<\/div>\n\t\t\t\t\t\t\t\t<\/div>\n\t\t\t\t\t<\/div>\n\t\t<\/section>\n\t\t\t\t<section class=\"elementor-section elementor-top-section elementor-element elementor-element-478c1fe elementor-section-boxed elementor-section-height-default elementor-section-height-default\" data-id=\"478c1fe\" data-element_type=\"section\">\n\t\t\t\t\t\t<div class=\"elementor-container elementor-column-gap-default\">\n\t\t\t\t\t\t\t<div class=\"elementor-row\">\n\t\t\t\t\t<div class=\"elementor-column elementor-col-100 elementor-top-column elementor-element elementor-element-782cdbd\" data-id=\"782cdbd\" data-element_type=\"column\">\n\t\t\t<div class=\"elementor-column-wrap elementor-element-populated\">\n\t\t\t\t\t\t\t<div class=\"elementor-widget-wrap\">\n\t\t\t\t\t\t<div class=\"elementor-element elementor-element-9c1aae3 elementor-widget elementor-widget-m5h\" data-id=\"9c1aae3\" data-element_type=\"widget\" data-widget_type=\"m5h.default\">\n\t\t\t\t<div class=\"elementor-widget-container\">\n\t\t\t<section class=\"mn-m5-h mn-bg-white no-spacing\">\r\n\t<div class=\"mn-grid\">\r\n\t\t<div class=\"mn-content mn-grid-12\">\r\n\t\t\t<div class=\"mn-lead\">\r\n\t\t\t\t<p><img loading=\"lazy\" class=\"alignleft\" src=\"https:\/\/up.lublin.pl\/wp-content\/uploads\/2023\/11\/logotyp-SUP-RIM.png\" alt=\"\" width=\"61\" height=\"121\" \/><em><br \/>\u201eSie\u0107 badawcza uczelni przyrodniczych na rzecz rozwoju polskiego sektora mleczarskiego \u2013 projekt badawczy\u201d zadanie finansowane z&nbsp;dotacji celowej Ministerstwa Nauki i&nbsp;szkolnictwa Wy\u017cszego, nr umowy:\u00a0<\/em><strong>MEiN\/2023\/DPI\/2862<\/strong><\/p>\n\t\t\t<\/div>\r\n\t\t<\/div>\r\n\t<\/div>\r\n<\/section>\r\n\t\t<\/div>\n\t\t\t\t<\/div>\n\t\t\t\t\t\t<\/div>\n\t\t\t\t\t<\/div>\n\t\t<\/div>\n\t\t\t\t\t\t\t\t<\/div>\n\t\t\t\t\t<\/div>\n\t\t<\/section>\n\t\t\t\t\t\t<\/div>\n\t\t\t\t\t\t<\/div>\n\t\t\t\t\t<\/div>\n\t\t","protected":false},"excerpt":{"rendered":"<p>&lt;\u00a0 Front page \u00a0 Programme of the Jubilee and Conference Program Jubileuszu i&nbsp;Konferencji Tuesday, Sept. 23rd, 2025Wtorek, 23 wrze\u015bnia 2025 8:00-9:00 Registration and coffe breakRejestracja i&nbsp;przerwa kawowa 9:00-12:00 Jubilee celebrations, awarding the title of Honorary Professor to prof. dr hab. Miros\u0142aw S\u0142owi\u0144skiObchody jubileuszowe. Nadanie godno\u015bci Profesora Honorowego\u200b prof. dr hab. Miros\u0142awowi S\u0142owi\u0144skiemu (Szko\u0142a G\u0142\u00f3wna Gospodarstwa [&hellip;]<\/p>\n","protected":false},"author":228,"featured_media":0,"parent":151340,"menu_order":0,"comment_status":"closed","ping_status":"closed","template":"elementor_header_footer","meta":{"_monsterinsights_skip_tracking":false,"_monsterinsights_sitenote_active":false,"_monsterinsights_sitenote_note":"","_monsterinsights_sitenote_category":0},"_links":{"self":[{"href":"https:\/\/up.lublin.pl\/foodscience\/wp-json\/wp\/v2\/pages\/151581"}],"collection":[{"href":"https:\/\/up.lublin.pl\/foodscience\/wp-json\/wp\/v2\/pages"}],"about":[{"href":"https:\/\/up.lublin.pl\/foodscience\/wp-json\/wp\/v2\/types\/page"}],"author":[{"embeddable":true,"href":"https:\/\/up.lublin.pl\/foodscience\/wp-json\/wp\/v2\/users\/228"}],"replies":[{"embeddable":true,"href":"https:\/\/up.lublin.pl\/foodscience\/wp-json\/wp\/v2\/comments?post=151581"}],"version-history":[{"count":103,"href":"https:\/\/up.lublin.pl\/foodscience\/wp-json\/wp\/v2\/pages\/151581\/revisions"}],"predecessor-version":[{"id":155025,"href":"https:\/\/up.lublin.pl\/foodscience\/wp-json\/wp\/v2\/pages\/151581\/revisions\/155025"}],"up":[{"embeddable":true,"href":"https:\/\/up.lublin.pl\/foodscience\/wp-json\/wp\/v2\/pages\/151340"}],"wp:attachment":[{"href":"https:\/\/up.lublin.pl\/foodscience\/wp-json\/wp\/v2\/media?parent=151581"}],"curies":[{"name":"wp","href":"https:\/\/api.w.org\/{rel}","templated":true}]}}