{"id":147690,"date":"2023-09-14T08:20:01","date_gmt":"2023-09-14T06:20:01","guid":{"rendered":"https:\/\/up.lublin.pl\/foodscience\/?page_id=147690"},"modified":"2023-09-14T08:30:30","modified_gmt":"2023-09-14T06:30:30","slug":"media-spolecznosciowe","status":"publish","type":"page","link":"https:\/\/up.lublin.pl\/foodscience\/media-spolecznosciowe\/","title":{"rendered":"Nasze Media Spo\u0142eczno\u015bciowe"},"content":{"rendered":"\t\t<div data-elementor-type=\"wp-page\" data-elementor-id=\"147690\" class=\"elementor elementor-147690\" data-elementor-settings=\"[]\">\n\t\t\t\t\t\t<div class=\"elementor-inner\">\n\t\t\t\t\t\t\t<div class=\"elementor-section-wrap\">\n\t\t\t\t\t\t\t<section class=\"elementor-section elementor-top-section elementor-element elementor-element-0b66ddc elementor-section-boxed elementor-section-height-default elementor-section-height-default\" data-id=\"0b66ddc\" data-element_type=\"section\">\n\t\t\t\t\t\t<div class=\"elementor-container elementor-column-gap-default\">\n\t\t\t\t\t\t\t<div class=\"elementor-row\">\n\t\t\t\t\t<div class=\"elementor-column elementor-col-100 elementor-top-column elementor-element elementor-element-e41e38c\" data-id=\"e41e38c\" data-element_type=\"column\">\n\t\t\t<div class=\"elementor-column-wrap elementor-element-populated\">\n\t\t\t\t\t\t\t<div class=\"elementor-widget-wrap\">\n\t\t\t\t\t\t<div class=\"elementor-element elementor-element-2467128 elementor-widget elementor-widget-m5c\" data-id=\"2467128\" data-element_type=\"widget\" data-widget_type=\"m5c.default\">\n\t\t\t\t<div class=\"elementor-widget-container\">\n\t\t\t<section class=\"mn-m5-c mn-m5-d2 mn-bg-white\">\n\t<div class=\"mn-grid\">\n\t\t\t\t<div class=\"mn-content mn-grid-9\">\n\t\t\t                <div class=\"mn-content-block active\">\n\t                                                        <div class=\"block-text\">\n\t                                        <h2 style=\"text-align: center;\"><strong>Wdzia\u0142 Nauk o&nbsp;\u017bywno\u015bci i&nbsp;Biotechnologii spotkacie tak\u017ce na portalach spo\u0142eczno\u015bciowych:<\/strong><\/h2>\n<table style=\"border-collapse: collapse; width: 100%; height: 124px;\">\n<tbody>\n<tr style=\"height: 62px;\">\n<td style=\"width: 12.766%; height: 62px; border-style: hidden;\"><img loading=\"lazy\" class=\"aligncenter wp-image-147692\" src=\"https:\/\/up.lublin.pl\/foodscience\/wp-content\/uploads\/sites\/8\/2023\/09\/f_logo_RGB-Blue_58.png\" alt=\"logotyp Facebooka\" width=\"25\" height=\"25\" \/><\/td>\n<td style=\"width: 87.2341%; height: 62px; border-style: hidden;\">\n<h3><a href=\"https:\/\/www.facebook.com\/WNoZiBUPwL\"><span style=\"text-decoration: underline;\">Profil Wydzia\u0142u na Facebooku<\/span><\/a><\/h3>\n<\/td>\n<\/tr>\n<tr style=\"height: 62px;\">\n<td style=\"width: 12.766%; height: 62px; border-style: hidden;\"><img loading=\"lazy\" class=\"aligncenter wp-image-147696\" src=\"https:\/\/up.lublin.pl\/foodscience\/wp-content\/uploads\/sites\/8\/2023\/09\/ig_logo_png.png\" alt=\"logotyp instagramu\" width=\"25\" height=\"25\" \/><\/td>\n<td style=\"width: 87.2341%; height: 62px; border-style: hidden;\">\n<h3><span style=\"text-decoration: underline;\"><a href=\"https:\/\/www.instagram.com\/wnozib_up_lublin\/?igshid=YmMyMTA2M2Y%3D\">Profil Wydzia\u0142u na Instagramie<\/a><\/span><\/h3>\n<\/td>\n<\/tr>\n<\/tbody>\n<\/table>\n<h3>\u00a0<\/h3>\n                                        <\/div>\n\t\t\t\t\t\t                                <\/div>\n\t\t\t\t                <div class=\"mn-content-block\">\n\t                                <\/div>\n\t\t\t\t                <div class=\"mn-content-block\">\n\t                                <\/div>\n\t\t\t\t                <div class=\"mn-content-block\">\n\t                                <\/div>\n\t\t\t\t                <div class=\"mn-content-block\">\n\t                                <\/div>\n\t\t\t\t                <div class=\"mn-content-block\">\n\t                                <\/div>\n\t\t\t\t                <div class=\"mn-content-block\">\n\t                                <\/div>\n\t\t\t\t                <div class=\"mn-content-block\">\n\t                                <\/div>\n\t\t\t\t                <div class=\"mn-content-block\">\n\t                                <\/div>\n\t\t\t\t                <div class=\"mn-content-block\">\n\t                                <\/div>\n\t\t\t\t                <div class=\"mn-content-block\">\n\t                                <\/div>\n\t\t\t\t                <div class=\"mn-content-block\">\n\t                                <\/div>\n\t\t\t\t                <div class=\"mn-content-block\">\n\t                                <\/div>\n\t\t\t\t                <div class=\"mn-content-block\">\n\t                                <\/div>\n\t\t\t\t                <div class=\"mn-content-block\">\n\t                                <\/div>\n\t\t\t\t                <div class=\"mn-content-block\">\n\t                                <\/div>\n\t\t\t\t                <div class=\"mn-content-block\">\n\t                                <\/div>\n\t\t\t\t                <div class=\"mn-content-block\">\n\t                                <\/div>\n\t\t\t\t                <div class=\"mn-content-block\">\n\t                                <\/div>\n\t\t\t\t                <div class=\"mn-content-block\">\n\t                                <\/div>\n\t\t\t\t\t\t<\/div>\n\t<\/div>\n<\/section>\n\t\t<\/div>\n\t\t\t\t<\/div>\n\t\t\t\t\t\t<\/div>\n\t\t\t\t\t<\/div>\n\t\t<\/div>\n\t\t\t\t\t\t\t\t<\/div>\n\t\t\t\t\t<\/div>\n\t\t<\/section>\n\t\t\t\t\t\t<\/div>\n\t\t\t\t\t\t<\/div>\n\t\t\t\t\t<\/div>\n\t\t","protected":false},"excerpt":{"rendered":"<p>Wdzia\u0142 Nauk o&nbsp;\u017bywno\u015bci i&nbsp;Biotechnologii spotkacie tak\u017ce na portalach spo\u0142eczno\u015bciowych: Profil Wydzia\u0142u na Facebooku Profil Wydzia\u0142u na Instagramie \u00a0<\/p>\n","protected":false},"author":2,"featured_media":0,"parent":0,"menu_order":0,"comment_status":"closed","ping_status":"closed","template":"elementor_header_footer","meta":{"_monsterinsights_skip_tracking":false,"_monsterinsights_sitenote_active":false,"_monsterinsights_sitenote_note":"","_monsterinsights_sitenote_category":0},"_links":{"self":[{"href":"https:\/\/up.lublin.pl\/foodscience\/wp-json\/wp\/v2\/pages\/147690"}],"collection":[{"href":"https:\/\/up.lublin.pl\/foodscience\/wp-json\/wp\/v2\/pages"}],"about":[{"href":"https:\/\/up.lublin.pl\/foodscience\/wp-json\/wp\/v2\/types\/page"}],"author":[{"embeddable":true,"href":"https:\/\/up.lublin.pl\/foodscience\/wp-json\/wp\/v2\/users\/2"}],"replies":[{"embeddable":true,"href":"https:\/\/up.lublin.pl\/foodscience\/wp-json\/wp\/v2\/comments?post=147690"}],"version-history":[{"count":8,"href":"https:\/\/up.lublin.pl\/foodscience\/wp-json\/wp\/v2\/pages\/147690\/revisions"}],"predecessor-version":[{"id":147707,"href":"https:\/\/up.lublin.pl\/foodscience\/wp-json\/wp\/v2\/pages\/147690\/revisions\/147707"}],"wp:attachment":[{"href":"https:\/\/up.lublin.pl\/foodscience\/wp-json\/wp\/v2\/media?parent=147690"}],"curies":[{"name":"wp","href":"https:\/\/api.w.org\/{rel}","templated":true}]}}