{"id":147298,"date":"2023-07-27T13:01:46","date_gmt":"2023-07-27T11:01:46","guid":{"rendered":"https:\/\/up.lublin.pl\/foodscience\/?page_id=147298"},"modified":"2023-08-24T11:25:19","modified_gmt":"2023-08-24T09:25:19","slug":"dzialalnosc","status":"publish","type":"page","link":"https:\/\/up.lublin.pl\/foodscience\/eksperci-interesariusze\/dzialalnosc\/","title":{"rendered":"Dzia\u0142alno\u015b\u0107 | Rada Ekspert\u00f3w i Interesariuszy Zewn\u0119trznych"},"content":{"rendered":"\t\t<div data-elementor-type=\"wp-page\" data-elementor-id=\"147298\" class=\"elementor elementor-147298\" data-elementor-settings=\"[]\">\n\t\t\t\t\t\t<div class=\"elementor-inner\">\n\t\t\t\t\t\t\t<div class=\"elementor-section-wrap\">\n\t\t\t\t\t\t\t<section class=\"elementor-section elementor-top-section elementor-element elementor-element-8c493fb elementor-section-boxed elementor-section-height-default elementor-section-height-default\" data-id=\"8c493fb\" data-element_type=\"section\">\n\t\t\t\t\t\t<div class=\"elementor-container elementor-column-gap-default\">\n\t\t\t\t\t\t\t<div class=\"elementor-row\">\n\t\t\t\t\t<div class=\"elementor-column elementor-col-100 elementor-top-column elementor-element elementor-element-4774948\" data-id=\"4774948\" data-element_type=\"column\">\n\t\t\t<div class=\"elementor-column-wrap elementor-element-populated\">\n\t\t\t\t\t\t\t<div class=\"elementor-widget-wrap\">\n\t\t\t\t\t\t<div class=\"elementor-element elementor-element-e2e8f46 elementor-widget elementor-widget-m2e\" data-id=\"e2e8f46\" data-element_type=\"widget\" data-widget_type=\"m2e.default\">\n\t\t\t\t<div class=\"elementor-widget-container\">\n\t\t\t<section class=\"mn-m2-e mn-bg-green\">\n\t<div class=\"mn-grid\">\n\t\t<div class=\"mn-grid-3 mn-introtext\">\n\t\t\t\t\t\t\t<p class=\"mn-header\">Rada Ekspert\u00f3w i&nbsp;Interesariuszy Zewn\u0119trznych<\/p>\n\t\t\t\t\t\t\t\t\t\t\t<h3>\n\t\t\t\t\tDzia\u0142alno\u015b\u0107\t\t\t\t<\/h3>\n\t\t\t\t\t\t\t\t\t\t\t\t<\/div>\n\t\t<div class=\"mn-grid-9 mn-image-container\">\n\t\t\t\t\t\t\t<img src=\"https:\/\/up.lublin.pl\/foodscience\/wp-content\/uploads\/sites\/8\/2023\/07\/rada_eksperci_int_banner.jpg\" alt=\"\">\n\t\t\t\t\t\t<\/div>\n\t<\/div>\n\t<\/section>\n\t\t<\/div>\n\t\t\t\t<\/div>\n\t\t\t\t\t\t<\/div>\n\t\t\t\t\t<\/div>\n\t\t<\/div>\n\t\t\t\t\t\t\t\t<\/div>\n\t\t\t\t\t<\/div>\n\t\t<\/section>\n\t\t\t\t<section class=\"elementor-section elementor-top-section elementor-element elementor-element-f4a7d2a elementor-section-boxed elementor-section-height-default elementor-section-height-default\" data-id=\"f4a7d2a\" data-element_type=\"section\">\n\t\t\t\t\t\t<div class=\"elementor-container elementor-column-gap-default\">\n\t\t\t\t\t\t\t<div class=\"elementor-row\">\n\t\t\t\t\t<div class=\"elementor-column elementor-col-100 elementor-top-column elementor-element elementor-element-3b2c7d6\" data-id=\"3b2c7d6\" data-element_type=\"column\">\n\t\t\t<div class=\"elementor-column-wrap elementor-element-populated\">\n\t\t\t\t\t\t\t<div class=\"elementor-widget-wrap\">\n\t\t\t\t\t\t<div class=\"elementor-element elementor-element-ffde232 elementor-widget elementor-widget-m5c\" data-id=\"ffde232\" data-element_type=\"widget\" data-widget_type=\"m5c.default\">\n\t\t\t\t<div class=\"elementor-widget-container\">\n\t\t\t<section class=\"mn-m5-c mn-m5-d2 mn-bg-white\">\n\t<div class=\"mn-grid\">\n\t\t\t\t<div class=\"mn-content mn-grid-9\">\n\t\t\t                <div class=\"mn-content-block active\">\n\t                                                        <div class=\"block-text\">\n\t                                        <p>Rada Ekspert\u00f3w i&nbsp;Interesariuszy Zewn\u0119trznych utworzona przy Wydziale Nauk o&nbsp;\u017bywno\u015bci i&nbsp;Biotechnologii Uniwersytetu Przyrodniczego w&nbsp;Lublinie ma charakter organu doradczo-opiniodawczego. Jej utworzenie stanowi kontynuacj\u0119 dzia\u0142a\u0144 realizowanych przez poszczeg\u00f3lne jednostki Wydzia\u0142u, a&nbsp;w sk\u0142ad wchodz\u0105 reprezentanci bran\u017cy spo\u017cywczej, biotechnologicznej, gastronomicznej oraz poradnictwa dietetycznego.<\/p>\n<p>Zadania Rady obejmuj\u0105:<\/p>\n<ul>\n<li>opiniowanie, dostosowywanie oraz rekomendowanie program\u00f3w kszta\u0142cenia, program\u00f3w studi\u00f3w i&nbsp;za\u0142o\u017conych efekt\u00f3w uczenia si\u0119 na poszczeg\u00f3lnych kierunkach studi\u00f3w, w&nbsp;tym studi\u00f3w podyplomowych do potrzeb rynku pracy i&nbsp;oczekiwa\u0144 otoczenia spo\u0142ecznego (dostosowanie tre\u015bci programowych do wymaga\u0144 pracodawc\u00f3w i&nbsp;rynku pracy, uruchamianiem kierunk\u00f3w i&nbsp;specjalno\u015bci pod konkretne zapotrzebowania pracodawc\u00f3w),<\/li>\n<li>wsp\u00f3\u0142udzia\u0142 w&nbsp;realizacji bada\u0144 (r\u00f3wnie\u017c w&nbsp;zakresie tematyki prac magisterskich) oraz mo\u017cliwo\u015b\u0107 dofinansowania ze \u017ar\u00f3de\u0142 zewn\u0119trznych,<\/li>\n<li>wsp\u00f3\u0142organizowanie projekt\u00f3w o&nbsp;charakterze edukacyjnym i&nbsp;popularyzatorskim,<\/li>\n<li>wsp\u00f3\u0142organizowanie na Wydziale targ\u00f3w praktyk, sta\u017cy i&nbsp;pracy, udzielanie wsparcia Wydzia\u0142owi w&nbsp;celu umo\u017cliwiania studentom odbywania wysokiej jako\u015bci praktyk zawodowych,<\/li>\n<li>wspieranie inicjatyw, wydarze\u0144 organizowanych przez Wydzia\u0142 Nauk o&nbsp;\u017bywno\u015bci i&nbsp;Biotechnologii,<\/li>\n<li>nawi\u0105zywanie indywidualnych form wsp\u00f3\u0142pracy z&nbsp;poszczeg\u00f3lnymi kierunkami studi\u00f3w.<\/li>\n<\/ul>\n                                        <\/div>\n\t\t\t\t\t\t                                <\/div>\n\t\t\t\t                <div class=\"mn-content-block\">\n\t                                <\/div>\n\t\t\t\t                <div class=\"mn-content-block\">\n\t                                <\/div>\n\t\t\t\t                <div class=\"mn-content-block\">\n\t                                <\/div>\n\t\t\t\t                <div class=\"mn-content-block\">\n\t                                <\/div>\n\t\t\t\t                <div class=\"mn-content-block\">\n\t                                <\/div>\n\t\t\t\t                <div class=\"mn-content-block\">\n\t                                <\/div>\n\t\t\t\t                <div class=\"mn-content-block\">\n\t                                <\/div>\n\t\t\t\t                <div class=\"mn-content-block\">\n\t                                <\/div>\n\t\t\t\t                <div class=\"mn-content-block\">\n\t                                <\/div>\n\t\t\t\t                <div class=\"mn-content-block\">\n\t                                <\/div>\n\t\t\t\t                <div class=\"mn-content-block\">\n\t                                <\/div>\n\t\t\t\t                <div class=\"mn-content-block\">\n\t                                <\/div>\n\t\t\t\t                <div class=\"mn-content-block\">\n\t                                <\/div>\n\t\t\t\t                <div class=\"mn-content-block\">\n\t                                <\/div>\n\t\t\t\t                <div class=\"mn-content-block\">\n\t                                <\/div>\n\t\t\t\t                <div class=\"mn-content-block\">\n\t                                <\/div>\n\t\t\t\t                <div class=\"mn-content-block\">\n\t                                <\/div>\n\t\t\t\t                <div class=\"mn-content-block\">\n\t                                <\/div>\n\t\t\t\t                <div class=\"mn-content-block\">\n\t                                <\/div>\n\t\t\t\t\t\t<\/div>\n\t<\/div>\n<\/section>\n\t\t<\/div>\n\t\t\t\t<\/div>\n\t\t\t\t\t\t<\/div>\n\t\t\t\t\t<\/div>\n\t\t<\/div>\n\t\t\t\t\t\t\t\t<\/div>\n\t\t\t\t\t<\/div>\n\t\t<\/section>\n\t\t\t\t\t\t<\/div>\n\t\t\t\t\t\t<\/div>\n\t\t\t\t\t<\/div>\n\t\t","protected":false},"excerpt":{"rendered":"<p>Rada Ekspert\u00f3w i&nbsp;Interesariuszy Zewn\u0119trznych Dzia\u0142alno\u015b\u0107 UP Wydzia\u0142 Nauk o&nbsp;\u017bywno\u015bci i&nbsp;Biotechnologii Rada Ekspert\u00f3w i&nbsp;Interesariuszy Zewn\u0119trznych utworzona przy Wydziale Nauk o&nbsp;\u017bywno\u015bci i&nbsp;Biotechnologii Uniwersytetu Przyrodniczego w&nbsp;Lublinie ma charakter organu doradczo-opiniodawczego. Jej utworzenie stanowi kontynuacj\u0119 dzia\u0142a\u0144 realizowanych przez poszczeg\u00f3lne jednostki Wydzia\u0142u, a&nbsp;w sk\u0142ad wchodz\u0105 reprezentanci bran\u017cy spo\u017cywczej, biotechnologicznej, gastronomicznej oraz poradnictwa dietetycznego. Zadania Rady obejmuj\u0105: opiniowanie, dostosowywanie oraz rekomendowanie [&hellip;]<\/p>\n","protected":false},"author":2,"featured_media":0,"parent":147256,"menu_order":0,"comment_status":"closed","ping_status":"closed","template":"elementor_header_footer","meta":{"_monsterinsights_skip_tracking":false,"_monsterinsights_sitenote_active":false,"_monsterinsights_sitenote_note":"","_monsterinsights_sitenote_category":0},"_links":{"self":[{"href":"https:\/\/up.lublin.pl\/foodscience\/wp-json\/wp\/v2\/pages\/147298"}],"collection":[{"href":"https:\/\/up.lublin.pl\/foodscience\/wp-json\/wp\/v2\/pages"}],"about":[{"href":"https:\/\/up.lublin.pl\/foodscience\/wp-json\/wp\/v2\/types\/page"}],"author":[{"embeddable":true,"href":"https:\/\/up.lublin.pl\/foodscience\/wp-json\/wp\/v2\/users\/2"}],"replies":[{"embeddable":true,"href":"https:\/\/up.lublin.pl\/foodscience\/wp-json\/wp\/v2\/comments?post=147298"}],"version-history":[{"count":20,"href":"https:\/\/up.lublin.pl\/foodscience\/wp-json\/wp\/v2\/pages\/147298\/revisions"}],"predecessor-version":[{"id":147432,"href":"https:\/\/up.lublin.pl\/foodscience\/wp-json\/wp\/v2\/pages\/147298\/revisions\/147432"}],"up":[{"embeddable":true,"href":"https:\/\/up.lublin.pl\/foodscience\/wp-json\/wp\/v2\/pages\/147256"}],"wp:attachment":[{"href":"https:\/\/up.lublin.pl\/foodscience\/wp-json\/wp\/v2\/media?parent=147298"}],"curies":[{"name":"wp","href":"https:\/\/api.w.org\/{rel}","templated":true}]}}