{"id":147297,"date":"2023-07-27T13:01:11","date_gmt":"2023-07-27T11:01:11","guid":{"rendered":"https:\/\/up.lublin.pl\/foodscience\/?page_id=147297"},"modified":"2023-08-23T13:56:34","modified_gmt":"2023-08-23T11:56:34","slug":"regulamin","status":"publish","type":"page","link":"https:\/\/up.lublin.pl\/foodscience\/eksperci-interesariusze\/regulamin\/","title":{"rendered":"Regulamin | Rada Ekspert\u00f3w i Interesariuszy Zewn\u0119trznych"},"content":{"rendered":"\t\t<div data-elementor-type=\"wp-page\" data-elementor-id=\"147297\" class=\"elementor elementor-147297\" data-elementor-settings=\"[]\">\n\t\t\t\t\t\t<div class=\"elementor-inner\">\n\t\t\t\t\t\t\t<div class=\"elementor-section-wrap\">\n\t\t\t\t\t\t\t<section class=\"elementor-section elementor-top-section elementor-element elementor-element-73cdd30 elementor-section-boxed elementor-section-height-default elementor-section-height-default\" data-id=\"73cdd30\" data-element_type=\"section\">\n\t\t\t\t\t\t<div class=\"elementor-container elementor-column-gap-default\">\n\t\t\t\t\t\t\t<div class=\"elementor-row\">\n\t\t\t\t\t<div class=\"elementor-column elementor-col-100 elementor-top-column elementor-element elementor-element-085682c\" data-id=\"085682c\" data-element_type=\"column\">\n\t\t\t<div class=\"elementor-column-wrap elementor-element-populated\">\n\t\t\t\t\t\t\t<div class=\"elementor-widget-wrap\">\n\t\t\t\t\t\t<div class=\"elementor-element elementor-element-7063c8d elementor-widget elementor-widget-m2e\" data-id=\"7063c8d\" data-element_type=\"widget\" data-widget_type=\"m2e.default\">\n\t\t\t\t<div class=\"elementor-widget-container\">\n\t\t\t<section class=\"mn-m2-e mn-bg-green\">\n\t<div class=\"mn-grid\">\n\t\t<div class=\"mn-grid-3 mn-introtext\">\n\t\t\t\t\t\t\t<p class=\"mn-header\">Rada Ekspert\u00f3w i&nbsp;Interesariuszy Zewn\u0119trznych<\/p>\n\t\t\t\t\t\t\t\t\t\t\t<h3>\n\t\t\t\t\tRegulamin\t\t\t\t<\/h3>\n\t\t\t\t\t\t\t\t\t\t\t\t<\/div>\n\t\t<div class=\"mn-grid-9 mn-image-container\">\n\t\t\t\t\t\t\t<img src=\"https:\/\/up.lublin.pl\/foodscience\/wp-content\/uploads\/sites\/8\/2023\/07\/rada_eksperci_int_banner.jpg\" alt=\"\">\n\t\t\t\t\t\t<\/div>\n\t<\/div>\n\t<\/section>\n\t\t<\/div>\n\t\t\t\t<\/div>\n\t\t\t\t\t\t<\/div>\n\t\t\t\t\t<\/div>\n\t\t<\/div>\n\t\t\t\t\t\t\t\t<\/div>\n\t\t\t\t\t<\/div>\n\t\t<\/section>\n\t\t\t\t<section class=\"elementor-section elementor-top-section elementor-element elementor-element-86a4313 elementor-section-boxed elementor-section-height-default elementor-section-height-default\" data-id=\"86a4313\" data-element_type=\"section\">\n\t\t\t\t\t\t<div class=\"elementor-container elementor-column-gap-default\">\n\t\t\t\t\t\t\t<div class=\"elementor-row\">\n\t\t\t\t\t<div class=\"elementor-column elementor-col-100 elementor-top-column elementor-element elementor-element-a11745b\" data-id=\"a11745b\" data-element_type=\"column\">\n\t\t\t<div class=\"elementor-column-wrap elementor-element-populated\">\n\t\t\t\t\t\t\t<div class=\"elementor-widget-wrap\">\n\t\t\t\t\t\t<div class=\"elementor-element elementor-element-400db55 elementor-widget elementor-widget-m5c\" data-id=\"400db55\" data-element_type=\"widget\" data-widget_type=\"m5c.default\">\n\t\t\t\t<div class=\"elementor-widget-container\">\n\t\t\t<section class=\"mn-m5-c mn-m5-d2 mn-bg-white\">\n\t<div class=\"mn-grid\">\n\t\t\t\t<div class=\"mn-content mn-grid-9\">\n\t\t\t                <div class=\"mn-content-block active\">\n\t                                                        <div class=\"block-text\">\n\t                                        <h2 style=\"text-align: center;\">Regulamin<br \/><strong>Rady Ekspert\u00f3w i&nbsp;Interesariuszy Zewn\u0119trznych<\/strong><br \/>przy Wydziale Nauk o&nbsp;\u017bywno\u015bci i&nbsp;Biotechnologii<br \/>Uniwersytetu Przyrodniczego w&nbsp;Lublinie<\/h2>\n<p style=\"text-align: center;\"><strong>\u00a7 1 Postanowienia og\u00f3lne<\/strong><\/p>\n<ol style=\"margin-bottom: 20px;\">\n<li>Rada Ekspert\u00f3w i&nbsp;Interesariuszy Zewn\u0119trznych Wydzia\u0142u, stanowi dobrowolne cia\u0142o opiniodawczo-doradcze i&nbsp;konsultacyjne utworzone przy Wydziale Nauk o&nbsp;\u017bywno\u015bci i&nbsp;Biotechnologii, zwana dalej \u201eRad\u0105\u201d w&nbsp;trosce o&nbsp;zapewnienie wysokiej jako\u015bci bada\u0144 i&nbsp;kszta\u0142cenia. Rada stanowi forum, w&nbsp;ramach kt\u00f3rego wypracowywane s\u0105 wsp\u00f3lne projekty \u015brodowiska naukowego Wydzia\u0142u i&nbsp;Otoczenia Spo\u0142eczno-Gospodarczego.<\/li>\n<\/ol>\n<p style=\"text-align: center;\"><strong>\u00a7 2 Cz\u0142onkowie i&nbsp;zadania Rady<\/strong><\/p>\n<ol>\n<li>Rada skupia wybitnych przedstawicieli otoczenia spo\u0142eczno-gospodarczego.<\/li>\n<li>Cz\u0142onkiem Rady mo\u017ce by\u0107 osoba reprezentuj\u0105ca przedstawiciela otoczenia spo\u0142eczno-gospodarczego, kt\u00f3ry podpisa\u0142 deklaracje przyst\u0105pienia do Rady. Decyzj\u0119 o&nbsp;w\u0142\u0105czeniu osoby w&nbsp;sk\u0142ad Rady podejmuje Dziekan Wydzia\u0142u.<\/li>\n<li>Do zada\u0144 Rady nale\u017cy:<\/li>\n<\/ol>\n<ol style=\"margin-bottom: 20px;\">\n<li style=\"list-style-type: none;\">\n<ol style=\"list-style-type: lower-alpha;\">\n<li>opiniowanie, dostosowywanie oraz rekomendowanie program\u00f3w kszta\u0142cenia, program\u00f3w studi\u00f3w i&nbsp;za\u0142o\u017conych efekt\u00f3w uczenia si\u0119 na poszczeg\u00f3lnych kierunkach studi\u00f3w, w&nbsp;tym studi\u00f3w podyplomowych do potrzeb rynku pracy i&nbsp;oczekiwa\u0144 otoczenia spo\u0142eczno &#8211; gospodarczego (dostosowanie tre\u015bci programowych do wymaga\u0144 pracodawc\u00f3w i&nbsp;rynku pracy, uruchamianiem kierunk\u00f3w i&nbsp;specjalno\u015bci pod konkretne zapotrzebowania pracodawc\u00f3w)<\/li>\n<li>wsp\u00f3\u0142udzia\u0142 w&nbsp;realizacji bada\u0144 naukowych (r\u00f3wnie\u017c w&nbsp;zakresie tematyki prac magisterskich) oraz mo\u017cliwo\u015b\u0107 dofinansowania ich ze \u017ar\u00f3de\u0142 zewn\u0119trznych,<\/li>\n<li>wsp\u00f3\u0142organizowanie projekt\u00f3w o&nbsp;charakterze edukacyjnym i&nbsp;popularyzatorskim,<\/li>\n<li>wsp\u00f3\u0142organizowanie na Wydziale targ\u00f3w praktyk, sta\u017cy i&nbsp;pracy, udzielanie wsparcia Wydzia\u0142owi w&nbsp;celu umo\u017cliwiania studentom odbywania wysokiej jako\u015bci praktyk zawodowych,<\/li>\n<li>wspieranie inicjatyw, wydarze\u0144 organizowanych przez Wydzia\u0142 Nauk o&nbsp;\u017bywno\u015bci i&nbsp;Biotechnologii<\/li>\n<li>nawi\u0105zywanie indywidualnych form wsp\u00f3\u0142pracy z&nbsp;poszczeg\u00f3lnymi kierunkami studi\u00f3w<\/li>\n<li>wsp\u00f3\u0142prac\u0119 naukow\u0105 pomi\u0119dzy pracownikami Wydzia\u0142u i&nbsp;przedstawicielami otoczenia spo\u0142eczno-gospodarczego.<\/li>\n<\/ol>\n<\/li>\n<\/ol>\n<p style=\"text-align: center;\"><strong>\u00a7 4 Wyb\u00f3r Przewodnicz\u0105cego Rady<\/strong><\/p>\n<ol style=\"margin-bottom: 20px;\">\n<li>Na pierwszym posiedzeniu Rada wybiera ze swojego sk\u0142adu Przewodnicz\u0105cego oraz Zast\u0119pc\u0119 Przewodnicz\u0105cego<\/li>\n<li>Kadencja Przewodnicz\u0105cego i&nbsp;Zast\u0119pcy Przewodnicz\u0105cego trwa 2 lata.<\/li>\n<li>Wyb\u00f3r Przewodnicz\u0105cego oraz Zast\u0119pcy Przewodnicz\u0105cego odbywa si\u0119 w&nbsp;oddzielnych g\u0142osowaniach, w&nbsp;drodze g\u0142osowania tajnego, zwyk\u0142\u0105 wi\u0119kszo\u015bci\u0105 g\u0142os\u00f3w przy obecno\u015bci co najmniej 1\/2 sk\u0142adu Rady.<\/li>\n<li>Odwo\u0142anie Przewodnicz\u0105cego lub Zast\u0119pcy Przewodnicz\u0105cego nast\u0119puje w&nbsp;drodze g\u0142osowania jawnego, zwyk\u0142\u0105 wi\u0119kszo\u015bci\u0105 g\u0142os\u00f3w, przy obecno\u015bci co najmniej 1\/2 sk\u0142adu Rady.<\/li>\n<\/ol>\n<p style=\"text-align: center;\"><strong>\u00a7 5 Posiedzenia Rady<\/strong><\/p>\n<ol>\n<li>W posiedzeniach Rady uczestnicz\u0105:<\/li>\n<\/ol>\n<ol>\n<li style=\"list-style-type: none;\">\n<ol style=\"list-style-type: lower-alpha;\">\n<li>Cz\u0142onkowie Rady Ekspert\u00f3w i&nbsp;Interesariuszy Zewn\u0119trznych przy Wydziale Nauk o&nbsp;\u017bywno\u015bci i&nbsp;Biotechnologii<\/li>\n<li>Dziekan oraz Prodziekani Wydzia\u0142u Nauk o&nbsp;\u017bywno\u015bci i&nbsp;Biotechnologii,<\/li>\n<li>Kierownicy Jednostek Organizacyjnych Wydzia\u0142u Nauk o&nbsp;\u017bywno\u015bci i&nbsp;Biotechnologii,<\/li>\n<li>Przewodnicz\u0105cy i&nbsp;cz\u0142onkowie Wydzia\u0142owej Komisji ds. Wsp\u00f3\u0142pracy z&nbsp;Otoczeniem Spo\u0142eczno-Gospodarczym<\/li>\n<li>Zaproszeni go\u015bcie<\/li>\n<\/ol>\n<\/li>\n<\/ol>\n<ol style=\"margin-bottom: 20px;\" start=\"2\">\n<li>Posiedzenia Rady mog\u0105 odbywa\u0107 si\u0119 zar\u00f3wno w&nbsp;formie bezpo\u015bredniej, jak i&nbsp;on-line.<\/li>\n<li>Spotkania Rady odbywaj\u0105 si\u0119 cyklicznie przynajmniej dwa razy do roku z&nbsp;inicjatywy Dziekana Wydzia\u0142u. W&nbsp;przypadku spontanicznych inicjatyw, spotkania Rady mog\u0105 odbywa\u0107 si\u0119 w&nbsp;innych terminach oraz w&nbsp;sk\u0142adzie dostosowanym do prowadzonych dzia\u0142a\u0144.<\/li>\n<\/ol>\n<p style=\"text-align: center;\"><strong>\u00a7 6 Organizacja pracy Rady<\/strong><\/p>\n<ol style=\"margin-bottom: 20px;\">\n<li>Zawiadomienie o&nbsp;terminie i&nbsp;miejscu posiedzenia Rady wraz z&nbsp;programem spotkania przesy\u0142ane s\u0105 uczestnikom w&nbsp;wersji elektronicznej.<\/li>\n<li>Materia\u0142y w&nbsp;sprawach stanowi\u0105cych przedmiot dyskusji przekazywane s\u0105 cz\u0142onkom Rady poczt\u0105 elektroniczn\u0105.<\/li>\n<li>Rada d\u0105\u017cy do podejmowania uchwa\u0142 w&nbsp;drodze uzgodnienia stanowisk. Je\u017celi uzgodnienie stanowisk nie jest mo\u017cliwe, Rada podejmuje uchwa\u0142y w&nbsp;g\u0142osowaniu jawnym, zwyk\u0142\u0105 wi\u0119kszo\u015bci\u0105 g\u0142os\u00f3w, przy obecno\u015bci co najmniej \u00bd jej sk\u0142adu.<\/li>\n<li>Przewodnicz\u0105cy Rady mo\u017ce zarz\u0105dzi\u0107 g\u0142osowanie tajne, na wniosek cz\u0142onka Rady lub z&nbsp;w\u0142asnej inicjatywy, przyj\u0119ty przez Rad\u0119 zwyk\u0142\u0105 wi\u0119kszo\u015bci\u0105 g\u0142os\u00f3w, przy obecno\u015bci co najmniej 1\/2 sk\u0142adu.<\/li>\n<li>W g\u0142osowaniach uczestnicz\u0105 tylko cz\u0142onkowie Rady.<\/li>\n<li>W przypadku r\u00f3wnej liczby g\u0142os\u00f3w rozstrzyga g\u0142os Przewodnicz\u0105cego, a&nbsp;w przypadku jego nieobecno\u015bci Zast\u0119pcy Przewodnicz\u0105cego Rady pe\u0142ni\u0105cego obowi\u0105zki Przewodnicz\u0105cego Rady.<\/li>\n<li>Przes\u0142anie skanu opinii podpisanej przez cz\u0142onka do Przewodnicz\u0105cego za po\u015brednictwem poczty elektronicznej, jest r\u00f3wnoznaczne z&nbsp;oddaniem g\u0142osu.<\/li>\n<li>G\u0142osowania mog\u0105 odbywa\u0107 si\u0119 zar\u00f3wno na posiedzeniach bezpo\u015brednich, jak i&nbsp;posiedzeniach prowadzonych w&nbsp;formie on-line.<\/li>\n<li>G\u0142osowania na posiedzeniach w&nbsp;formie on-line odbywaj\u0105 si\u0119 z&nbsp;wykorzystaniem narz\u0119dzi komunikacji elektronicznej.<\/li>\n<li>Z ka\u017cdego posiedzenia Rady sporz\u0105dzany jest protok\u00f3\u0142.<\/li>\n<li>Ka\u017cdy cz\u0142onek Rady ma prawo wgl\u0105du do dokumentacji prac Rady. Do protoko\u0142u do\u0142\u0105cza si\u0119 list\u0119 obecno\u015bci cz\u0142onk\u00f3w Rady i&nbsp;zaproszonych go\u015bci, materia\u0142y stanowi\u0105ce przedmiot posiedzenia, podj\u0119te przez Rad\u0119 uchwa\u0142y i&nbsp;inne dokumenty z\u0142o\u017cone do Przewodnicz\u0105cego Rady.<\/li>\n<\/ol>\n<p style=\"text-align: center;\"><strong>\u00a7 8 Postanowienia ko\u0144cowe<\/strong><\/p>\n<ol style=\"margin-bottom: 20px;\">\n<li>Obs\u0142ug\u0119 organizacyjno-techniczn\u0105 Rady zapewnia Wydzia\u0142owa Komisja ds. Wsp\u00f3\u0142pracy z&nbsp;Otoczeniem Spo\u0142eczno-Gospodarczym.<\/li>\n<li>Cz\u0142onkowie Rady wykonuj\u0105 swoje funkcje w&nbsp;Radzie spo\u0142ecznie.<\/li>\n<\/ol>\n                                        <\/div>\n\t\t\t\t\t\t                                                        <div class=\"mn-cards-list\">\n                                            <div class=\"mn-card-container\">\n                                                <div>\n                                                    <img src=\"https:\/\/up.lublin.pl\/foodscience\/wp-content\/themes\/up-lublin\/assets\/images\/doc-ico.svg\" alt=\"\" \/>\n                                                    <h5>Regulamin Rady Ekspert\u00f3w i&nbsp;Interesariuszy Zewn\u0119trznych przy Wydziale Nauk o&nbsp;\u017bywno\u015bci i&nbsp;Biotechnologii Uniwersytetu Przyrodniczego w&nbsp;Lublinie (.pdf \/ 163 kB)<\/h5>\n                                                <\/div>\n                                                <a href=\"https:\/\/up.lublin.pl\/foodscience\/wp-content\/uploads\/sites\/8\/2023\/08\/Regulamin-Rady-Ekspertow-i-Interesariuszy-Zewnetrznych.pdf\" class=\"mn-more\" target=\"_blank\">Zobacz<\/a>\n                                            <\/div>\n                                        <\/div>\n\t\t\t\t\t\t                                <\/div>\n\t\t\t\t                <div class=\"mn-content-block\">\n\t                                <\/div>\n\t\t\t\t                <div class=\"mn-content-block\">\n\t                                <\/div>\n\t\t\t\t                <div class=\"mn-content-block\">\n\t                                <\/div>\n\t\t\t\t                <div class=\"mn-content-block\">\n\t                                <\/div>\n\t\t\t\t                <div class=\"mn-content-block\">\n\t                                <\/div>\n\t\t\t\t                <div class=\"mn-content-block\">\n\t                                <\/div>\n\t\t\t\t                <div class=\"mn-content-block\">\n\t                                <\/div>\n\t\t\t\t                <div class=\"mn-content-block\">\n\t                                <\/div>\n\t\t\t\t                <div class=\"mn-content-block\">\n\t                                <\/div>\n\t\t\t\t                <div class=\"mn-content-block\">\n\t                                <\/div>\n\t\t\t\t                <div class=\"mn-content-block\">\n\t                                <\/div>\n\t\t\t\t                <div class=\"mn-content-block\">\n\t                                <\/div>\n\t\t\t\t                <div class=\"mn-content-block\">\n\t                                <\/div>\n\t\t\t\t                <div class=\"mn-content-block\">\n\t                                <\/div>\n\t\t\t\t                <div class=\"mn-content-block\">\n\t                                <\/div>\n\t\t\t\t                <div class=\"mn-content-block\">\n\t                                <\/div>\n\t\t\t\t                <div class=\"mn-content-block\">\n\t                                <\/div>\n\t\t\t\t                <div class=\"mn-content-block\">\n\t                                <\/div>\n\t\t\t\t                <div class=\"mn-content-block\">\n\t                                <\/div>\n\t\t\t\t\t\t<\/div>\n\t<\/div>\n<\/section>\n\t\t<\/div>\n\t\t\t\t<\/div>\n\t\t\t\t\t\t<\/div>\n\t\t\t\t\t<\/div>\n\t\t<\/div>\n\t\t\t\t\t\t\t\t<\/div>\n\t\t\t\t\t<\/div>\n\t\t<\/section>\n\t\t\t\t\t\t<\/div>\n\t\t\t\t\t\t<\/div>\n\t\t\t\t\t<\/div>\n\t\t","protected":false},"excerpt":{"rendered":"<p>Rada Ekspert\u00f3w i&nbsp;Interesariuszy Zewn\u0119trznych Regulamin UP Wydzia\u0142 Nauk o&nbsp;\u017bywno\u015bci i&nbsp;Biotechnologii RegulaminRady Ekspert\u00f3w i&nbsp;Interesariuszy Zewn\u0119trznychprzy Wydziale Nauk o&nbsp;\u017bywno\u015bci i&nbsp;BiotechnologiiUniwersytetu Przyrodniczego w&nbsp;Lublinie \u00a7 1 Postanowienia og\u00f3lne Rada Ekspert\u00f3w i&nbsp;Interesariuszy Zewn\u0119trznych Wydzia\u0142u, stanowi dobrowolne cia\u0142o opiniodawczo-doradcze i&nbsp;konsultacyjne utworzone przy Wydziale Nauk o&nbsp;\u017bywno\u015bci i&nbsp;Biotechnologii, zwana dalej \u201eRad\u0105\u201d w&nbsp;trosce o&nbsp;zapewnienie wysokiej jako\u015bci bada\u0144 i&nbsp;kszta\u0142cenia. Rada stanowi forum, w&nbsp;ramach kt\u00f3rego wypracowywane [&hellip;]<\/p>\n","protected":false},"author":2,"featured_media":0,"parent":147256,"menu_order":0,"comment_status":"closed","ping_status":"closed","template":"elementor_header_footer","meta":{"_monsterinsights_skip_tracking":false,"_monsterinsights_sitenote_active":false,"_monsterinsights_sitenote_note":"","_monsterinsights_sitenote_category":0},"_links":{"self":[{"href":"https:\/\/up.lublin.pl\/foodscience\/wp-json\/wp\/v2\/pages\/147297"}],"collection":[{"href":"https:\/\/up.lublin.pl\/foodscience\/wp-json\/wp\/v2\/pages"}],"about":[{"href":"https:\/\/up.lublin.pl\/foodscience\/wp-json\/wp\/v2\/types\/page"}],"author":[{"embeddable":true,"href":"https:\/\/up.lublin.pl\/foodscience\/wp-json\/wp\/v2\/users\/2"}],"replies":[{"embeddable":true,"href":"https:\/\/up.lublin.pl\/foodscience\/wp-json\/wp\/v2\/comments?post=147297"}],"version-history":[{"count":10,"href":"https:\/\/up.lublin.pl\/foodscience\/wp-json\/wp\/v2\/pages\/147297\/revisions"}],"predecessor-version":[{"id":147357,"href":"https:\/\/up.lublin.pl\/foodscience\/wp-json\/wp\/v2\/pages\/147297\/revisions\/147357"}],"up":[{"embeddable":true,"href":"https:\/\/up.lublin.pl\/foodscience\/wp-json\/wp\/v2\/pages\/147256"}],"wp:attachment":[{"href":"https:\/\/up.lublin.pl\/foodscience\/wp-json\/wp\/v2\/media?parent=147297"}],"curies":[{"name":"wp","href":"https:\/\/api.w.org\/{rel}","templated":true}]}}