{"id":147292,"date":"2023-07-27T12:59:03","date_gmt":"2023-07-27T10:59:03","guid":{"rendered":"https:\/\/up.lublin.pl\/foodscience\/?page_id=147292"},"modified":"2026-04-02T13:30:24","modified_gmt":"2026-04-02T11:30:24","slug":"czlonkowie","status":"publish","type":"page","link":"https:\/\/up.lublin.pl\/foodscience\/eksperci-interesariusze\/czlonkowie\/","title":{"rendered":"Cz\u0142onkowie | Rada Ekspert\u00f3w i Interesariuszy Zewn\u0119trznych"},"content":{"rendered":"\t\t<div data-elementor-type=\"wp-page\" data-elementor-id=\"147292\" class=\"elementor elementor-147292\" data-elementor-settings=\"[]\">\n\t\t\t\t\t\t<div class=\"elementor-inner\">\n\t\t\t\t\t\t\t<div class=\"elementor-section-wrap\">\n\t\t\t\t\t\t\t<section class=\"elementor-section elementor-top-section elementor-element elementor-element-54e5bf1 elementor-section-boxed elementor-section-height-default elementor-section-height-default\" data-id=\"54e5bf1\" data-element_type=\"section\">\n\t\t\t\t\t\t<div class=\"elementor-container elementor-column-gap-default\">\n\t\t\t\t\t\t\t<div class=\"elementor-row\">\n\t\t\t\t\t<div class=\"elementor-column elementor-col-100 elementor-top-column elementor-element elementor-element-418c866\" data-id=\"418c866\" data-element_type=\"column\">\n\t\t\t<div class=\"elementor-column-wrap elementor-element-populated\">\n\t\t\t\t\t\t\t<div class=\"elementor-widget-wrap\">\n\t\t\t\t\t\t<div class=\"elementor-element elementor-element-974e183 elementor-widget elementor-widget-m2e\" data-id=\"974e183\" data-element_type=\"widget\" data-widget_type=\"m2e.default\">\n\t\t\t\t<div class=\"elementor-widget-container\">\n\t\t\t<section class=\"mn-m2-e mn-bg-green\">\n\t<div class=\"mn-grid\">\n\t\t<div class=\"mn-grid-3 mn-introtext\">\n\t\t\t\t\t\t\t<p class=\"mn-header\">Rada Ekspert\u00f3w i&nbsp;Interesariuszy Zewn\u0119trznych<\/p>\n\t\t\t\t\t\t\t\t\t\t\t<h3>\n\t\t\t\t\tCz\u0142onkowie\t\t\t\t<\/h3>\n\t\t\t\t\t\t\t\t\t\t\t\t<\/div>\n\t\t<div class=\"mn-grid-9 mn-image-container\">\n\t\t\t\t\t\t\t<img src=\"https:\/\/up.lublin.pl\/foodscience\/wp-content\/uploads\/sites\/8\/2023\/07\/rada_eksperci_int_banner.jpg\" alt=\"\">\n\t\t\t\t\t\t<\/div>\n\t<\/div>\n\t<\/section>\n\t\t<\/div>\n\t\t\t\t<\/div>\n\t\t\t\t\t\t<\/div>\n\t\t\t\t\t<\/div>\n\t\t<\/div>\n\t\t\t\t\t\t\t\t<\/div>\n\t\t\t\t\t<\/div>\n\t\t<\/section>\n\t\t\t\t<section class=\"elementor-section elementor-top-section elementor-element elementor-element-ec4693a elementor-section-boxed elementor-section-height-default elementor-section-height-default\" data-id=\"ec4693a\" data-element_type=\"section\">\n\t\t\t\t\t\t<div class=\"elementor-container elementor-column-gap-default\">\n\t\t\t\t\t\t\t<div class=\"elementor-row\">\n\t\t\t\t\t<div class=\"elementor-column elementor-col-100 elementor-top-column elementor-element elementor-element-971da26\" data-id=\"971da26\" data-element_type=\"column\">\n\t\t\t<div class=\"elementor-column-wrap elementor-element-populated\">\n\t\t\t\t\t\t\t<div class=\"elementor-widget-wrap\">\n\t\t\t\t\t\t<div class=\"elementor-element elementor-element-7d1c8b1 elementor-widget elementor-widget-m5c\" data-id=\"7d1c8b1\" data-element_type=\"widget\" data-widget_type=\"m5c.default\">\n\t\t\t\t<div class=\"elementor-widget-container\">\n\t\t\t<section class=\"mn-m5-c mn-m5-d2 mn-bg-white\">\n\t<div class=\"mn-grid\">\n\t\t\t\t<div class=\"mn-content mn-grid-9\">\n\t\t\t                <div class=\"mn-content-block active\">\n\t                                                        <div class=\"block-text\">\n\t                                        <table style=\"border-collapse: collapse; width: 100%; height: 1225px;\">\n<tbody>\n<tr style=\"height: 23px;\">\n<th style=\"width: 33.3333%; height: 23px;\">Imi\u0119 i&nbsp;nazwisko<\/th>\n<th style=\"width: 33.3333%; height: 23px;\">Nazwa Firmy<\/th>\n<th style=\"width: 33.3333%; height: 23px;\">Logo<\/th>\n<\/tr>\n<tr style=\"height: 160px;\">\n<td style=\"width: 33.3333%; text-align: center; vertical-align: middle; height: 160px;\">Dyrektor <strong>Krzysztof Ochal<\/strong><br \/><span style=\"color: #b60002;\">Przewodnicz\u0105cy Rady<\/span><\/td>\n<td style=\"width: 33.3333%; text-align: center; vertical-align: middle; height: 160px;\">\n<p><strong>Kabako Gruppe sp. z&nbsp;O.O.<\/strong><\/p>\n<\/td>\n<td style=\"width: 33.3333%; height: 160px;\"><img loading=\"lazy\" class=\"aligncenter size-full wp-image-147395\" src=\"https:\/\/up.lublin.pl\/foodscience\/wp-content\/uploads\/sites\/8\/2023\/08\/radainteresariuszywnozib_logo010.png\" alt=\"logo firmy Kabako Gruppe\" width=\"550\" height=\"137\" \/><\/td>\n<\/tr>\n<tr style=\"height: 70px;\">\n<td style=\"width: 33.3333%; text-align: center; vertical-align: middle; height: 70px;\">Dyrektor<br \/><strong>Agata Samul<br \/><\/strong><span style=\"color: #b60002;\">Zast\u0119pca Przewodnicz\u0105cego Rady<\/span><strong><br \/><\/strong><\/td>\n<td style=\"width: 33.3333%; text-align: center; vertical-align: middle; height: 70px;\"><strong>Super Drob Zak\u0142ady<br \/>Drobiarsko-Mi\u0119sne S.A.<\/strong><\/td>\n<td style=\"width: 33.3333%; height: 70px;\"><img loading=\"lazy\" class=\"aligncenter wp-image-147403\" src=\"https:\/\/up.lublin.pl\/foodscience\/wp-content\/uploads\/sites\/8\/2023\/08\/radainteresariuszywnozib_logo012.png\" alt=\"logo firmy SuperDrob\" width=\"132\" height=\"43\" \/><\/td>\n<\/tr>\n<tr style=\"height: 58px;\">\n<td style=\"width: 33.3333%; text-align: center; vertical-align: middle; height: 58px;\">Prezes Zarz\u0105du <strong>Mieczys\u0142aw Starkowicz<\/strong><\/td>\n<td style=\"width: 33.3333%; text-align: center; vertical-align: middle; height: 58px;\"><strong>Synthaverse S.A.<\/strong><\/td>\n<td style=\"width: 33.3333%; height: 58px;\"><img loading=\"lazy\" class=\"aligncenter wp-image-149989\" src=\"https:\/\/up.lublin.pl\/foodscience\/wp-content\/uploads\/sites\/8\/2024\/04\/synthaverse-logo016.png\" alt=\"\" width=\"153\" height=\"58\" \/><\/td>\n<\/tr>\n<tr style=\"height: 119px;\">\n<td style=\"width: 33.3333%; vertical-align: middle; text-align: center; height: 119px;\">Pe\u0142nomocnik Zarz\u0105du<br \/><strong>Maciej Barto\u0144<\/strong><\/td>\n<td style=\"width: 33.3333%; vertical-align: middle; text-align: center; height: 119px;\"><strong>Og\u00f3lnopolskie Stowarzyszenie Przetw\u00f3rc\u00f3w i&nbsp;Producent\u00f3w Produkt\u00f3w Ekologicznych &#8220;Polska Ekologia&#8221;<\/strong><\/td>\n<td style=\"width: 33.3333%; height: 119px;\"><img loading=\"lazy\" class=\"aligncenter wp-image-147367\" src=\"https:\/\/up.lublin.pl\/foodscience\/wp-content\/uploads\/sites\/8\/2023\/08\/radainteresariuszywnozib_logo003.png\" alt=\"logo Polska Ekologia\" width=\"115\" height=\"120\" \/><\/td>\n<\/tr>\n<tr style=\"height: 46px;\">\n<td style=\"width: 33.3333%; vertical-align: middle; text-align: center; height: 46px;\">Prezes Zarz\u0105du<br \/><strong>Krzysztof Borkowski<\/strong><\/td>\n<td style=\"width: 33.3333%; vertical-align: middle; text-align: center; height: 46px;\"><strong>Zak\u0142ad Mi\u0119sny &#8220;Mo\u015bcibrody&#8221; Sp.\u00a0 z&nbsp;o.o.<\/strong><\/td>\n<td style=\"width: 33.3333%; height: 46px;\"><img loading=\"lazy\" class=\"aligncenter wp-image-147371\" src=\"https:\/\/up.lublin.pl\/foodscience\/wp-content\/uploads\/sites\/8\/2023\/08\/radainteresariuszywnozib_logo004.png\" alt=\"logo firmy Mo\u015bcibrody\" width=\"140\" height=\"34\" \/><\/td>\n<\/tr>\n<tr style=\"height: 75px;\">\n<td style=\"width: 33.3333%; vertical-align: middle; text-align: center; height: 75px;\">Prezes Zarz\u0105du<br \/><strong>Katarzyna Lonc<\/strong><\/td>\n<td style=\"width: 33.3333%; vertical-align: middle; text-align: center; height: 75px;\"><strong>Fabryka Cukierk\u00f3w \u201ePszcz\u00f3\u0142ka\u201d Sp. z&nbsp;o.o.<\/strong><\/td>\n<td style=\"width: 33.3333%; height: 75px;\"><img loading=\"lazy\" class=\"aligncenter wp-image-147411\" src=\"https:\/\/up.lublin.pl\/foodscience\/wp-content\/uploads\/sites\/8\/2023\/08\/radainteresariuszywnozib_logo005-1.png\" alt=\"logo firmy Pszcz\u00f3\u0142ka\" width=\"147\" height=\"76\" \/><\/td>\n<\/tr>\n<tr style=\"height: 46px;\">\n<td style=\"width: 33.3333%; vertical-align: middle; text-align: center; height: 46px;\">Prezes Zarz\u0105du<br \/><strong>Bart\u0142omiej Celmerowski<\/strong><\/td>\n<td style=\"width: 33.3333%; vertical-align: middle; text-align: center; height: 46px;\"><strong>MULTIVAC Sp. z&nbsp;o. o<\/strong><\/td>\n<td style=\"width: 33.3333%; height: 46px;\"><img loading=\"lazy\" class=\"aligncenter wp-image-148623\" src=\"https:\/\/up.lublin.pl\/foodscience\/wp-content\/uploads\/sites\/8\/2023\/11\/multivac.png\" alt=\"\" width=\"156\" height=\"29\" \/><\/td>\n<\/tr>\n<tr style=\"height: 52px;\">\n<td style=\"width: 33.3333%; vertical-align: middle; text-align: center; height: 52px;\">Prezes<br \/><strong>Waldemar Ferschke<\/strong><\/td>\n<td style=\"width: 33.3333%; vertical-align: middle; text-align: center; height: 52px;\"><strong>Medisept Sp. z&nbsp;o.o.<\/strong><\/td>\n<td style=\"width: 33.3333%; height: 52px;\"><img loading=\"lazy\" class=\"aligncenter wp-image-147379\" src=\"https:\/\/up.lublin.pl\/foodscience\/wp-content\/uploads\/sites\/8\/2023\/08\/radainteresariuszywnozib_logo006.png\" alt=\"logo Medisept\" width=\"156\" height=\"52\" \/><\/td>\n<\/tr>\n<tr style=\"height: 161px;\">\n<td style=\"width: 33.3333%; text-align: center; vertical-align: middle; height: 161px;\">\n<p><strong>Katarzyna Kowalska<\/strong><br \/>(Pe\u0142nomocnik zarz\u0105du ds. jako\u015bci)<\/p>\n<p><strong>Magdalena Fura<\/strong><br \/>(Kierownik Wydzia\u0142u Produkcja,<br \/>UF i&nbsp;NF)<\/p>\n<\/td>\n<td style=\"width: 33.3333%; vertical-align: middle; text-align: center; height: 161px;\"><strong>SM Bieluch w&nbsp;Che\u0142mie<\/strong><\/td>\n<td style=\"width: 33.3333%; vertical-align: middle; height: 161px;\"><img loading=\"lazy\" class=\"aligncenter wp-image-147383\" src=\"https:\/\/up.lublin.pl\/foodscience\/wp-content\/uploads\/sites\/8\/2023\/08\/radainteresariuszywnozib_logo007.png\" alt=\"logo firmy Bieluch\" width=\"123\" height=\"97\" \/><\/td>\n<\/tr>\n<tr style=\"height: 40px;\">\n<td style=\"width: 33.3333%; vertical-align: middle; text-align: center; height: 40px;\"><strong>Anna Jamborowicz-Pelak<\/strong><\/td>\n<td style=\"width: 33.3333%; vertical-align: middle; text-align: center; height: 40px;\"><strong>Poradnia Dietetyczna Zdrowy Jad\u0142ospis<\/strong><\/td>\n<td style=\"width: 33.3333%; height: 40px;\"><img loading=\"lazy\" class=\"aligncenter wp-image-147387\" src=\"https:\/\/up.lublin.pl\/foodscience\/wp-content\/uploads\/sites\/8\/2023\/08\/radainteresariuszywnozib_logo008.png\" alt=\"logo firmy Zdrowy Jad\u0142ospis\" width=\"161\" height=\"40\" \/><\/td>\n<\/tr>\n<tr style=\"height: 49px;\">\n<td style=\"width: 33.3333%; vertical-align: middle; text-align: center; height: 49px;\">Prezes Zarz\u0105du<br \/><strong>Piotr Nowak<\/strong><\/td>\n<td style=\"width: 33.3333%; vertical-align: middle; text-align: center; height: 49px;\"><strong>Korab Garden Sp. z&nbsp;o.o.<\/strong><\/td>\n<td style=\"width: 33.3333%; height: 49px;\"><img loading=\"lazy\" class=\"aligncenter wp-image-147391\" src=\"https:\/\/up.lublin.pl\/foodscience\/wp-content\/uploads\/sites\/8\/2023\/08\/radainteresariuszywnozib_logo009.png\" alt=\"logo firmy Korab Garden\" width=\"165\" height=\"55\" \/><\/td>\n<\/tr>\n<tr style=\"height: 89px;\">\n<td style=\"width: 33.3333%; vertical-align: middle; text-align: center; height: 89px;\">Prezes Zarz\u0105du<br \/><strong>Anna Paterek<\/strong><\/td>\n<td style=\"width: 33.3333%; text-align: center; vertical-align: middle; height: 89px;\">\n<p><strong>Zak\u0142ad Przetw\u00f3rstwa Mi\u0119sa<\/strong><br \/><strong>MATTHIAS Sp. z&nbsp;o.o.<\/strong><\/p>\n<\/td>\n<td style=\"width: 33.3333%; height: 89px;\"><img loading=\"lazy\" class=\"aligncenter wp-image-149853\" src=\"https:\/\/up.lublin.pl\/foodscience\/wp-content\/uploads\/sites\/8\/2024\/03\/radainteresariuszywnozib_logo015.jpg\" alt=\"\" width=\"142\" height=\"89\" \/><\/td>\n<\/tr>\n<tr style=\"height: 78px;\">\n<td style=\"width: 33.3333%; vertical-align: middle; text-align: center; height: 78px;\">Prezes Zarz\u0105du<br \/><strong>Jaros\u0142aw Zawadzki<\/strong><\/td>\n<td style=\"width: 33.3333%; vertical-align: middle; text-align: center; height: 78px;\"><strong>Dr Gerard Sp. z&nbsp;o.o.<\/strong><\/td>\n<td style=\"width: 33.3333%; height: 78px;\"><img loading=\"lazy\" class=\"aligncenter wp-image-147407\" src=\"https:\/\/up.lublin.pl\/foodscience\/wp-content\/uploads\/sites\/8\/2023\/08\/radainteresariuszywnozib_logo013.png\" alt=\"logo firmy dr Gerard\" width=\"127\" height=\"79\" \/><\/td>\n<\/tr>\n<tr>\n<td style=\"width: 33.3333%; vertical-align: middle; text-align: center;\">Dyrektor Zak\u0142adu <strong>Miros\u0142aw Pastuszak<\/strong><\/td>\n<td style=\"width: 33.3333%; vertical-align: middle; text-align: center;\">\n<p><strong>MASPEX FOOD Sp. z&nbsp;o.o.<br \/><\/strong><strong style=\"font-family: inherit; font-size: inherit;\">Oddzia\u0142 LUBELLA w&nbsp;Lublinie<\/strong><\/p>\n<\/td>\n<td style=\"width: 33.3333%;\"><img loading=\"lazy\" class=\" wp-image-155026 aligncenter\" src=\"https:\/\/up.lublin.pl\/foodscience\/wp-content\/uploads\/sites\/8\/2025\/09\/lubella.png\" alt=\"GRAFIKA\" width=\"141\" height=\"67\" \/><\/td>\n<\/tr>\n<tr>\n<td style=\"width: 33.3333%; vertical-align: middle; text-align: center;\">Dyrektor <strong>Ma\u0142gorzata Mikosz<\/strong><\/td>\n<td style=\"width: 33.3333%; text-align: center; vertical-align: middle;\">\n<p><strong>STOCK POLSKA<\/strong><\/p>\n<\/td>\n<td style=\"width: 33.3333%;\"><img loading=\"lazy\" class=\"aligncenter  wp-image-157558\" src=\"https:\/\/up.lublin.pl\/foodscience\/wp-content\/uploads\/sites\/8\/2026\/04\/stock-polska.png\" alt=\"\" width=\"141\" height=\"75\" \/><\/td>\n<\/tr>\n<tr>\n<td style=\"width: 33.3333%; vertical-align: middle; text-align: center;\">Masterchef <strong>Tomasz Marczewski<\/strong><\/td>\n<td style=\"width: 33.3333%; vertical-align: middle; text-align: center;\">\n<p><strong>TOMAsCOOK<\/strong><\/p>\n<\/td>\n<td style=\"width: 33.3333%;\"><img loading=\"lazy\" class=\"aligncenter  wp-image-157562\" src=\"https:\/\/up.lublin.pl\/foodscience\/wp-content\/uploads\/sites\/8\/2026\/04\/tomascook.png\" alt=\"\" width=\"149\" height=\"88\" \/><\/td>\n<\/tr>\n<\/tbody>\n<\/table>\n                                        <\/div>\n\t\t\t\t\t\t                                <\/div>\n\t\t\t\t                <div class=\"mn-content-block\">\n\t                                <\/div>\n\t\t\t\t                <div class=\"mn-content-block\">\n\t                                <\/div>\n\t\t\t\t                <div class=\"mn-content-block\">\n\t                                <\/div>\n\t\t\t\t                <div class=\"mn-content-block\">\n\t                                <\/div>\n\t\t\t\t                <div class=\"mn-content-block\">\n\t                                <\/div>\n\t\t\t\t                <div class=\"mn-content-block\">\n\t                                <\/div>\n\t\t\t\t                <div class=\"mn-content-block\">\n\t                                <\/div>\n\t\t\t\t                <div class=\"mn-content-block\">\n\t                                <\/div>\n\t\t\t\t                <div class=\"mn-content-block\">\n\t                                <\/div>\n\t\t\t\t                <div class=\"mn-content-block\">\n\t                                <\/div>\n\t\t\t\t                <div class=\"mn-content-block\">\n\t                                <\/div>\n\t\t\t\t                <div class=\"mn-content-block\">\n\t                                <\/div>\n\t\t\t\t                <div class=\"mn-content-block\">\n\t                                <\/div>\n\t\t\t\t                <div class=\"mn-content-block\">\n\t                                <\/div>\n\t\t\t\t                <div class=\"mn-content-block\">\n\t                                <\/div>\n\t\t\t\t                <div class=\"mn-content-block\">\n\t                                <\/div>\n\t\t\t\t                <div class=\"mn-content-block\">\n\t                                <\/div>\n\t\t\t\t                <div class=\"mn-content-block\">\n\t                                <\/div>\n\t\t\t\t                <div class=\"mn-content-block\">\n\t                                <\/div>\n\t\t\t\t\t\t<\/div>\n\t<\/div>\n<\/section>\n\t\t<\/div>\n\t\t\t\t<\/div>\n\t\t\t\t\t\t<\/div>\n\t\t\t\t\t<\/div>\n\t\t<\/div>\n\t\t\t\t\t\t\t\t<\/div>\n\t\t\t\t\t<\/div>\n\t\t<\/section>\n\t\t\t\t\t\t<\/div>\n\t\t\t\t\t\t<\/div>\n\t\t\t\t\t<\/div>\n\t\t","protected":false},"excerpt":{"rendered":"<p>Rada Ekspert\u00f3w i&nbsp;Interesariuszy Zewn\u0119trznych Cz\u0142onkowie UP Wydzia\u0142 Nauk o&nbsp;\u017bywno\u015bci i&nbsp;Biotechnologii Imi\u0119 i&nbsp;nazwisko Nazwa Firmy Logo Dyrektor Krzysztof OchalPrzewodnicz\u0105cy Rady Kabako Gruppe sp. z&nbsp;O.O. DyrektorAgata SamulZast\u0119pca Przewodnicz\u0105cego Rady Super Drob Zak\u0142adyDrobiarsko-Mi\u0119sne S.A. Prezes Zarz\u0105du Mieczys\u0142aw Starkowicz Synthaverse S.A. Pe\u0142nomocnik Zarz\u0105duMaciej Barto\u0144 Og\u00f3lnopolskie Stowarzyszenie Przetw\u00f3rc\u00f3w i&nbsp;Producent\u00f3w Produkt\u00f3w Ekologicznych &#8220;Polska Ekologia&#8221; Prezes Zarz\u0105duKrzysztof Borkowski Zak\u0142ad Mi\u0119sny &#8220;Mo\u015bcibrody&#8221; Sp.\u00a0 [&hellip;]<\/p>\n","protected":false},"author":2,"featured_media":0,"parent":147256,"menu_order":0,"comment_status":"closed","ping_status":"closed","template":"elementor_header_footer","meta":{"_monsterinsights_skip_tracking":false,"_monsterinsights_sitenote_active":false,"_monsterinsights_sitenote_note":"","_monsterinsights_sitenote_category":0},"_links":{"self":[{"href":"https:\/\/up.lublin.pl\/foodscience\/wp-json\/wp\/v2\/pages\/147292"}],"collection":[{"href":"https:\/\/up.lublin.pl\/foodscience\/wp-json\/wp\/v2\/pages"}],"about":[{"href":"https:\/\/up.lublin.pl\/foodscience\/wp-json\/wp\/v2\/types\/page"}],"author":[{"embeddable":true,"href":"https:\/\/up.lublin.pl\/foodscience\/wp-json\/wp\/v2\/users\/2"}],"replies":[{"embeddable":true,"href":"https:\/\/up.lublin.pl\/foodscience\/wp-json\/wp\/v2\/comments?post=147292"}],"version-history":[{"count":40,"href":"https:\/\/up.lublin.pl\/foodscience\/wp-json\/wp\/v2\/pages\/147292\/revisions"}],"predecessor-version":[{"id":157568,"href":"https:\/\/up.lublin.pl\/foodscience\/wp-json\/wp\/v2\/pages\/147292\/revisions\/157568"}],"up":[{"embeddable":true,"href":"https:\/\/up.lublin.pl\/foodscience\/wp-json\/wp\/v2\/pages\/147256"}],"wp:attachment":[{"href":"https:\/\/up.lublin.pl\/foodscience\/wp-json\/wp\/v2\/media?parent=147292"}],"curies":[{"name":"wp","href":"https:\/\/api.w.org\/{rel}","templated":true}]}}