{"id":147256,"date":"2023-07-27T12:22:01","date_gmt":"2023-07-27T10:22:01","guid":{"rendered":"https:\/\/up.lublin.pl\/foodscience\/?page_id=147256"},"modified":"2023-08-24T13:55:57","modified_gmt":"2023-08-24T11:55:57","slug":"eksperci-interesariusze","status":"publish","type":"page","link":"https:\/\/up.lublin.pl\/foodscience\/eksperci-interesariusze\/","title":{"rendered":"Rada Ekspert\u00f3w i Interesariuszy Zewn\u0119trznych"},"content":{"rendered":"\t\t<div data-elementor-type=\"wp-page\" data-elementor-id=\"147256\" class=\"elementor elementor-147256\" data-elementor-settings=\"[]\">\n\t\t\t\t\t\t<div class=\"elementor-inner\">\n\t\t\t\t\t\t\t<div class=\"elementor-section-wrap\">\n\t\t\t\t\t\t\t<section class=\"elementor-section elementor-top-section elementor-element elementor-element-6a4a059 elementor-section-boxed elementor-section-height-default elementor-section-height-default\" data-id=\"6a4a059\" data-element_type=\"section\">\n\t\t\t\t\t\t<div class=\"elementor-container elementor-column-gap-default\">\n\t\t\t\t\t\t\t<div class=\"elementor-row\">\n\t\t\t\t\t<div class=\"elementor-column elementor-col-100 elementor-top-column elementor-element elementor-element-241e68e\" data-id=\"241e68e\" data-element_type=\"column\">\n\t\t\t<div class=\"elementor-column-wrap elementor-element-populated\">\n\t\t\t\t\t\t\t<div class=\"elementor-widget-wrap\">\n\t\t\t\t\t\t<div class=\"elementor-element elementor-element-0b42bb9 elementor-widget elementor-widget-m2e\" data-id=\"0b42bb9\" data-element_type=\"widget\" data-widget_type=\"m2e.default\">\n\t\t\t\t<div class=\"elementor-widget-container\">\n\t\t\t<section class=\"mn-m2-e mn-bg-green\">\n\t<div class=\"mn-grid\">\n\t\t<div class=\"mn-grid-3 mn-introtext\">\n\t\t\t\t\t\t\t<p class=\"mn-header\">Wydzia\u0142 Nauk o&nbsp;\u017bywno\u015bci i&nbsp;Biotechnologii<\/p>\n\t\t\t\t\t\t\t\t\t\t\t<h3>\n\t\t\t\t\tRada Ekspert\u00f3w i&nbsp;Interesariuszy Zewn\u0119trznych\t\t\t\t<\/h3>\n\t\t\t\t\t\t\t\t\t\t\t\t<\/div>\n\t\t<div class=\"mn-grid-9 mn-image-container\">\n\t\t\t\t\t\t\t<img src=\"https:\/\/up.lublin.pl\/foodscience\/wp-content\/uploads\/sites\/8\/2023\/07\/rada_eksperci_int_banner.jpg\" alt=\"\">\n\t\t\t\t\t\t<\/div>\n\t<\/div>\n\t<\/section>\n\t\t<\/div>\n\t\t\t\t<\/div>\n\t\t\t\t\t\t<\/div>\n\t\t\t\t\t<\/div>\n\t\t<\/div>\n\t\t\t\t\t\t\t\t<\/div>\n\t\t\t\t\t<\/div>\n\t\t<\/section>\n\t\t\t\t<section class=\"elementor-section elementor-top-section elementor-element elementor-element-fb6a684 elementor-section-boxed elementor-section-height-default elementor-section-height-default\" data-id=\"fb6a684\" data-element_type=\"section\">\n\t\t\t\t\t\t<div class=\"elementor-container elementor-column-gap-default\">\n\t\t\t\t\t\t\t<div class=\"elementor-row\">\n\t\t\t\t\t<div class=\"elementor-column elementor-col-100 elementor-top-column elementor-element elementor-element-ca46359\" data-id=\"ca46359\" data-element_type=\"column\">\n\t\t\t<div class=\"elementor-column-wrap elementor-element-populated\">\n\t\t\t\t\t\t\t<div class=\"elementor-widget-wrap\">\n\t\t\t\t\t\t<div class=\"elementor-element elementor-element-bccb611 elementor-widget elementor-widget-m3d\" data-id=\"bccb611\" data-element_type=\"widget\" data-widget_type=\"m3d.default\">\n\t\t\t\t<div class=\"elementor-widget-container\">\n\t\t\t<section class=\"mn-m3-d\">\n    <div class=\"mn-grid\">\n        <h2 class=\"mn-grid-9 mn-title\">Aktualno\u015bci:<\/h2>\n        <a href=\"https:\/\/up.lublin.pl\/foodscience\/category\/rada-ekspertow-i-interesariuszy\/\" class=\"mn-more mn-grid-3\">Zobacz wszystkie<\/a>\n\t\t            <div class=\"mn-events-list mn-grid-12\">\n\t\t\t\t                    <div class=\"mn-event\">\n                                                <div class=\"mn-image-container\">\n                            <img src=\"https:\/\/up.lublin.pl\/foodscience\/wp-content\/uploads\/sites\/8\/2025\/10\/ri2-ow.jpg\" alt=\"\" \/>\n                                                    <\/div>\n                                                <div class=\"mn-content\">\n                            <h5 class=\"mn-date\">17 pa\u017adziernika 2025<\/h5>\n                            <h3>III edycja konkursu na najlepsz\u0105 prac\u0119 magistersk\u0105 z zakresu technologii \u017cywno\u015bci i \u017cywienia oraz biotechnologii \u201eINNOWACYJNA INSPIRACJA\u201d<\/h3>\n                            <p>Rady Ekspert\u00f3w i&nbsp;Interesariuszy Zewn\u0119trznych...<\/p>\n                        <\/div>\n                        <a href=\"https:\/\/up.lublin.pl\/foodscience\/iii-edycja-konkursu-innowacyjna-inspiracja\/\"\n                           class=\"mn-more\">Zobacz wi\u0119cej<\/a>\n                    <\/div>\n\t\t\t\t\t                    <div class=\"mn-event\">\n                                                <div class=\"mn-image-container\">\n                            <img src=\"https:\/\/up.lublin.pl\/foodscience\/wp-content\/uploads\/sites\/8\/2025\/10\/ri_ow.jpg\" alt=\"\" \/>\n                                                    <\/div>\n                                                <div class=\"mn-content\">\n                            <h5 class=\"mn-date\">28 wrze\u015bnia 2025<\/h5>\n                            <h3>Wyr\u00f3\u017cnienia dla cz\u0142onk\u00f3w Rady<\/h3>\n                            <p>Cz\u0142onkowie Rady Ekspert\u00f3w i&nbsp;Interesariuszy...<\/p>\n                        <\/div>\n                        <a href=\"https:\/\/up.lublin.pl\/foodscience\/wyroznienia-dla-czlonkow-rady\/\"\n                           class=\"mn-more\">Zobacz wi\u0119cej<\/a>\n                    <\/div>\n\t\t\t\t\t                    <div class=\"mn-event\">\n                                                <div class=\"mn-image-container\">\n                            <img src=\"https:\/\/up.lublin.pl\/foodscience\/wp-content\/uploads\/sites\/8\/2025\/09\/konkurs-mc_ow.jpg\" alt=\"\" \/>\n                                                    <\/div>\n                                                <div class=\"mn-content\">\n                            <h5 class=\"mn-date\">31 maja 2025<\/h5>\n                            <h3>Konkurs kulinarny \u201eMasterChef \u2013 Student\u201d - relacja<\/h3>\n                            <p>Za nami kolejna edycja Konkursu kulinarnego \u201eMasterChef \u2013...<\/p>\n                        <\/div>\n                        <a href=\"https:\/\/up.lublin.pl\/foodscience\/konkurs-kulinarny-masterchef-student\/\"\n                           class=\"mn-more\">Zobacz wi\u0119cej<\/a>\n                    <\/div>\n\t\t\t\t\t                    <div class=\"mn-event\">\n                                                <div class=\"mn-image-container\">\n                            <img src=\"https:\/\/up.lublin.pl\/foodscience\/wp-content\/uploads\/sites\/8\/2025\/09\/3targi-pracy_ow.jpg\" alt=\"\" \/>\n                                                    <\/div>\n                                                <div class=\"mn-content\">\n                            <h5 class=\"mn-date\">18 maja 2025<\/h5>\n                            <h3>Trzecie Wydzia\u0142owe Targi Sta\u017cy i Pracy - relacja<\/h3>\n                            <p>14 maja 2025 r. w\u00a0budynku Wydzia\u0142u Nauk o\u00a0\u017bywno\u015bci...<\/p>\n                        <\/div>\n                        <a href=\"https:\/\/up.lublin.pl\/foodscience\/trzecie-wydzialowe-targi-stazy-i-pracy\/\"\n                           class=\"mn-more\">Zobacz wi\u0119cej<\/a>\n                    <\/div>\n\t\t\t\t\t                    <div class=\"mn-event\">\n                                                <div class=\"mn-image-container\">\n                            <img src=\"https:\/\/up.lublin.pl\/foodscience\/wp-content\/uploads\/sites\/8\/2025\/09\/DSC_9125.jpg\" alt=\"\" \/>\n                                                    <\/div>\n                                                <div class=\"mn-content\">\n                            <h5 class=\"mn-date\">17 maja 2025<\/h5>\n                            <h3>Panel z pracodawcami \u201eRozw\u00f3j kariery zawodowej w kontek\u015bcie wyzwa\u0144 zr\u00f3wnowa\u017conego rozwoju w produkcji \u017cywno\u015bci\u201d \u2013 relacja<\/h3>\n                            <p>14 maja 2025 r. w\u00a0budynku Wydzia\u0142u Nauk o\u00a0\u017bywno\u015bci...<\/p>\n                        <\/div>\n                        <a href=\"https:\/\/up.lublin.pl\/foodscience\/panel-rozwoj-kariery-zawodowej-w-kontekscie-wyzwan-zrownowazonego-rozwoju-w-produkcji-zywnosci\/\"\n                           class=\"mn-more\">Zobacz wi\u0119cej<\/a>\n                    <\/div>\n\t\t\t\t\t                    <div class=\"mn-event\">\n                                                <div class=\"mn-image-container\">\n                            <img src=\"https:\/\/up.lublin.pl\/foodscience\/wp-content\/uploads\/sites\/8\/2025\/04\/4_interesariusze-ow.jpg\" alt=\"\" \/>\n                                                    <\/div>\n                                                <div class=\"mn-content\">\n                            <h5 class=\"mn-date\">4 kwietnia 2025<\/h5>\n                            <h3>Czwarte spotkanie Rady Ekspert\u00f3w i Interesariuszy Zewn\u0119trznych<\/h3>\n                            <p>W dniu 12 marca 2025 roku odby\u0142o si\u0119 czwarte spotkanie Rady...<\/p>\n                        <\/div>\n                        <a href=\"https:\/\/up.lublin.pl\/foodscience\/czwarte-spotkanie-rady-ekspertow-i-interesariuszy-zewnetrznych-2\/\"\n                           class=\"mn-more\">Zobacz wi\u0119cej<\/a>\n                    <\/div>\n\t\t\t\t\t                    <div class=\"mn-event\">\n                                                <div class=\"mn-image-container\">\n                            <img src=\"https:\/\/up.lublin.pl\/foodscience\/wp-content\/uploads\/sites\/8\/2024\/12\/superdrob-ri-ow.jpg\" alt=\"\" \/>\n                                                    <\/div>\n                                                <div class=\"mn-content\">\n                            <h5 class=\"mn-date\">10 grudnia 2024<\/h5>\n                            <h3>Wizyta studyjna Student\u00f3w naszego Wydzia\u0142u w SuperDrob S.A. Oddzia\u0142 w Lublinie<\/h3>\n                            <p>W dniu 28 listopada 2024 roku, wraz ze studentami II...<\/p>\n                        <\/div>\n                        <a href=\"https:\/\/up.lublin.pl\/foodscience\/wizyta-studyjna-studentow-naszego-wydzialu-w-superdrob-s-a-oddzial-w-lublinie-2\/\"\n                           class=\"mn-more\">Zobacz wi\u0119cej<\/a>\n                    <\/div>\n\t\t\t\t\t                    <div class=\"mn-event\">\n                                                <div class=\"mn-image-container\">\n                            <img src=\"https:\/\/up.lublin.pl\/foodscience\/wp-content\/uploads\/sites\/8\/2024\/12\/inter_nagroda-ow.jpg\" alt=\"\" \/>\n                                                    <\/div>\n                                                <div class=\"mn-content\">\n                            <h5 class=\"mn-date\">10 grudnia 2024<\/h5>\n                            <h3>Wr\u0119czenie Nagrody Specjalnej Firmy Kabako Gruppe sp. z o.o. w I edycji konkursu na najlepsz\u0105 prac\u0119 dyplomow\u0105 \u201eInnowacyjna Inspiracja\u201d<\/h3>\n                            <p>W dniu 19 listopada 2024 roku odby\u0142o si\u0119 wr\u0119czenie Nagrody...<\/p>\n                        <\/div>\n                        <a href=\"https:\/\/up.lublin.pl\/foodscience\/wreczenie-nagrody-specjalnej-firmy-kabako-gruppe-sp-z-o-o-w-i-edycji-konkursu-na-najlepsza-prace-dyplomowa-innowacyjna-inspiracja-2\/\"\n                           class=\"mn-more\">Zobacz wi\u0119cej<\/a>\n                    <\/div>\n\t\t\t\t\t                    <div class=\"mn-event\">\n                                                <div class=\"mn-image-container\">\n                            <img src=\"https:\/\/up.lublin.pl\/foodscience\/wp-content\/uploads\/sites\/8\/2024\/10\/nagrody_praca-ow.jpg\" alt=\"\" \/>\n                                                    <\/div>\n                                                <div class=\"mn-content\">\n                            <h5 class=\"mn-date\">29 pa\u017adziernika 2024<\/h5>\n                            <h3>Wr\u0119czenie nagr\u00f3d w I edycji konkursu na najlepsz\u0105 prac\u0119 magistersk\u0105 z zakresu technologii \u017cywno\u015bci i \u017cywienia oraz biotechnologii \u201eINNOWACYJNA INSPIRACJA\u201d<\/h3>\n                            <p>Z przyjemno\u015bci\u0105 informujemy, \u017ce zako\u0144czona zosta\u0142a...<\/p>\n                        <\/div>\n                        <a href=\"https:\/\/up.lublin.pl\/foodscience\/wreczenie-nagrod-w-i-edycji-konkursu-na-najlepsza-prace-magisterska-innowacyjna-inspiracja\/\"\n                           class=\"mn-more\">Zobacz wi\u0119cej<\/a>\n                    <\/div>\n\t\t\t\t\t                    <div class=\"mn-event\">\n                                                <div class=\"mn-image-container\">\n                            <img src=\"https:\/\/up.lublin.pl\/foodscience\/wp-content\/uploads\/sites\/8\/2024\/08\/tech-zyw-konkurs-ow.jpg\" alt=\"\" \/>\n                                                    <\/div>\n                                                <div class=\"mn-content\">\n                            <h5 class=\"mn-date\">23 sierpnia 2024<\/h5>\n                            <h3>II edycja konkursu na najlepsz\u0105 prac\u0119 magistersk\u0105 z zakresu technologii \u017cywno\u015bci i \u017cywienia oraz biotechnologii \u201eINNOWACYJNA INSPIRACJA\u201d<\/h3>\n                            <p>Dziekan Wydzia\u0142u Nauk o&nbsp;\u017bywno\u015bci i&nbsp;Biotechnologii...<\/p>\n                        <\/div>\n                        <a href=\"https:\/\/up.lublin.pl\/foodscience\/ii-edycja-konkursu-na-najlepsza-prace-magisterska-z-zakresu-technologii-zywnosci-i-zywienia-oraz-biotechnologii-innowacyjna-inspiracja\/\"\n                           class=\"mn-more\">Zobacz wi\u0119cej<\/a>\n                    <\/div>\n\t\t\t\t\t            <\/div>\n\t\t\t    <\/div>\n<\/section>\n\t\t<\/div>\n\t\t\t\t<\/div>\n\t\t\t\t<div class=\"elementor-element elementor-element-f8215c4 elementor-widget elementor-widget-m4g\" data-id=\"f8215c4\" data-element_type=\"widget\" data-widget_type=\"m4g.default\">\n\t\t\t\t<div class=\"elementor-widget-container\">\n\t\t\t\t<section class=\"mn-m4_g\">\r\n\t\t<div class=\"mn-grid\">\r\n\t\t\t\t\t\t\t<div class=\"mn-grid-4 mn-kat-m4-container\">\r\n\t\t\t\t\t<div class=\"mn-kat-m4-img\">\r\n\t\t\t\t\t\t\t\t\t\t\t\t\t                                <a href=\"https:\/\/up.lublin.pl\/foodscience\/eksperci-interesariusze\/czlonkowie\/\">\r\n\t                            \t\t\t\t\t\t\t\t<img src=\"https:\/\/up.lublin.pl\/foodscience\/wp-content\/uploads\/sites\/8\/2023\/07\/czlonkowie_rei.jpg\" alt=\"\">\r\n\t\t\t\t\t\t\t                                <\/a>\r\n\t                            \t\t\t\t\t<\/div>\r\n\t\t\t\t\t\t\t\t\t\t\t\t<a href=\"https:\/\/up.lublin.pl\/foodscience\/eksperci-interesariusze\/czlonkowie\/\">\r\n\t\t\t\t\t\t\t\t\t\t\t\t\t<h3>Cz\u0142onkowie<\/h3>\r\n\t\t\t\t\t\t\t\t\t\t\t\t\t<\/a>\r\n\t\t\t\t\t\t\t\t\t\t\t\t\t\t\t\t\t                        <div class=\"mn-to-right\">\r\n                            <a href=\"https:\/\/up.lublin.pl\/foodscience\/eksperci-interesariusze\/czlonkowie\/\" class=\"mn-btn-rounded\">Zobacz wi\u0119cej<\/a>\r\n                        <\/div>\r\n\t\t\t\t\t\t\r\n                <\/div>\r\n\t\t\t\t\t\t\t\t<div class=\"mn-grid-4 mn-kat-m4-container\">\r\n\t\t\t\t\t<div class=\"mn-kat-m4-img\">\r\n\t\t\t\t\t\t\t\t\t\t\t\t\t                                <a href=\"https:\/\/up.lublin.pl\/foodscience\/eksperci-interesariusze\/dzialalnosc\/\">\r\n\t                            \t\t\t\t\t\t\t\t<img src=\"https:\/\/up.lublin.pl\/foodscience\/wp-content\/uploads\/sites\/8\/2023\/07\/dzialania_rei.jpg\" alt=\"\">\r\n\t\t\t\t\t\t\t                                <\/a>\r\n\t                            \t\t\t\t\t<\/div>\r\n\t\t\t\t\t\t\t\t\t\t\t\t<a href=\"https:\/\/up.lublin.pl\/foodscience\/eksperci-interesariusze\/dzialalnosc\/\">\r\n\t\t\t\t\t\t\t\t\t\t\t\t\t<h3>Dzia\u0142alno\u015b\u0107<\/h3>\r\n\t\t\t\t\t\t\t\t\t\t\t\t\t<\/a>\r\n\t\t\t\t\t\t\t\t\t\t\t\t\t\t\t\t\t                        <div class=\"mn-to-right\">\r\n                            <a href=\"https:\/\/up.lublin.pl\/foodscience\/eksperci-interesariusze\/dzialalnosc\/\" class=\"mn-btn-rounded\">Zobacz wi\u0119cej<\/a>\r\n                        <\/div>\r\n\t\t\t\t\t\t\r\n                <\/div>\r\n\t\t\t\t\t\t\t\t<div class=\"mn-grid-4 mn-kat-m4-container\">\r\n\t\t\t\t\t<div class=\"mn-kat-m4-img\">\r\n\t\t\t\t\t\t\t\t\t\t\t\t\t                                <a href=\"https:\/\/up.lublin.pl\/foodscience\/eksperci-interesariusze\/regulamin\/\">\r\n\t                            \t\t\t\t\t\t\t\t<img src=\"https:\/\/up.lublin.pl\/foodscience\/wp-content\/uploads\/sites\/8\/2023\/07\/regulamin_rei.jpg\" alt=\"\">\r\n\t\t\t\t\t\t\t                                <\/a>\r\n\t                            \t\t\t\t\t<\/div>\r\n\t\t\t\t\t\t\t\t\t\t\t\t<a href=\"https:\/\/up.lublin.pl\/foodscience\/eksperci-interesariusze\/regulamin\/\">\r\n\t\t\t\t\t\t\t\t\t\t\t\t\t<h3>Regulamin<\/h3>\r\n\t\t\t\t\t\t\t\t\t\t\t\t\t<\/a>\r\n\t\t\t\t\t\t\t\t\t\t\t\t\t\t\t\t\t                        <div class=\"mn-to-right\">\r\n                            <a href=\"https:\/\/up.lublin.pl\/foodscience\/eksperci-interesariusze\/regulamin\/\" class=\"mn-btn-rounded\">Zobacz wi\u0119cej<\/a>\r\n                        <\/div>\r\n\t\t\t\t\t\t\r\n                <\/div>\r\n\t\t\t\t\t\t<\/div>\r\n\t<\/section>\r\n\t\t\t<\/div>\n\t\t\t\t<\/div>\n\t\t\t\t\t\t<\/div>\n\t\t\t\t\t<\/div>\n\t\t<\/div>\n\t\t\t\t\t\t\t\t<\/div>\n\t\t\t\t\t<\/div>\n\t\t<\/section>\n\t\t\t\t\t\t<\/div>\n\t\t\t\t\t\t<\/div>\n\t\t\t\t\t<\/div>\n\t\t","protected":false},"excerpt":{"rendered":"<p>Wydzia\u0142 Nauk o&nbsp;\u017bywno\u015bci i&nbsp;Biotechnologii Rada Ekspert\u00f3w i&nbsp;Interesariuszy Zewn\u0119trznych UP Wydzia\u0142 Nauk o&nbsp;\u017bywno\u015bci i&nbsp;Biotechnologii Aktualno\u015bci: Zobacz wszystkie 1 czerwca 2023 Drugie spotkanie rady ekspert\u00f3w i Interesariuszy Zewn\u0119trznych W dniu 31 maja 2023 roku odby\u0142o si\u0119 drugie spotkanie Rady&#8230; Zobacz wi\u0119cej 31 maja 2023 Wydzia\u0142owe Targi Sta\u017cy i Pracy 31 maja 2023 r. w\u00a0budynku Wydzia\u0142u Nauk o\u00a0\u017bywno\u015bci&#8230; [&hellip;]<\/p>\n","protected":false},"author":2,"featured_media":0,"parent":0,"menu_order":0,"comment_status":"closed","ping_status":"closed","template":"elementor_header_footer","meta":{"_monsterinsights_skip_tracking":false,"_monsterinsights_sitenote_active":false,"_monsterinsights_sitenote_note":"","_monsterinsights_sitenote_category":0},"_links":{"self":[{"href":"https:\/\/up.lublin.pl\/foodscience\/wp-json\/wp\/v2\/pages\/147256"}],"collection":[{"href":"https:\/\/up.lublin.pl\/foodscience\/wp-json\/wp\/v2\/pages"}],"about":[{"href":"https:\/\/up.lublin.pl\/foodscience\/wp-json\/wp\/v2\/types\/page"}],"author":[{"embeddable":true,"href":"https:\/\/up.lublin.pl\/foodscience\/wp-json\/wp\/v2\/users\/2"}],"replies":[{"embeddable":true,"href":"https:\/\/up.lublin.pl\/foodscience\/wp-json\/wp\/v2\/comments?post=147256"}],"version-history":[{"count":22,"href":"https:\/\/up.lublin.pl\/foodscience\/wp-json\/wp\/v2\/pages\/147256\/revisions"}],"predecessor-version":[{"id":147537,"href":"https:\/\/up.lublin.pl\/foodscience\/wp-json\/wp\/v2\/pages\/147256\/revisions\/147537"}],"wp:attachment":[{"href":"https:\/\/up.lublin.pl\/foodscience\/wp-json\/wp\/v2\/media?parent=147256"}],"curies":[{"name":"wp","href":"https:\/\/api.w.org\/{rel}","templated":true}]}}