{"id":146059,"date":"2023-02-22T12:39:11","date_gmt":"2023-02-22T11:39:11","guid":{"rendered":"https:\/\/up.lublin.pl\/foodscience\/?page_id=146059"},"modified":"2023-02-28T14:03:11","modified_gmt":"2023-02-28T13:03:11","slug":"rejestracja","status":"publish","type":"page","link":"https:\/\/up.lublin.pl\/foodscience\/klub-absolwenta\/rejestracja\/","title":{"rendered":"Klub Absolwenta Wydzia\u0142u Nauk o \u017bywno\u015bci i Biotechnologii \u2014 rejestracja"},"content":{"rendered":"\t\t<div data-elementor-type=\"wp-page\" data-elementor-id=\"146059\" class=\"elementor elementor-146059\" data-elementor-settings=\"[]\">\n\t\t\t\t\t\t<div class=\"elementor-inner\">\n\t\t\t\t\t\t\t<div class=\"elementor-section-wrap\">\n\t\t\t\t\t\t\t<section class=\"elementor-section elementor-top-section elementor-element elementor-element-1e1e91d elementor-section-boxed elementor-section-height-default elementor-section-height-default\" data-id=\"1e1e91d\" data-element_type=\"section\">\n\t\t\t\t\t\t<div class=\"elementor-container elementor-column-gap-default\">\n\t\t\t\t\t\t\t<div class=\"elementor-row\">\n\t\t\t\t\t<div class=\"elementor-column elementor-col-100 elementor-top-column elementor-element elementor-element-7639bc8\" data-id=\"7639bc8\" data-element_type=\"column\">\n\t\t\t<div class=\"elementor-column-wrap elementor-element-populated\">\n\t\t\t\t\t\t\t<div class=\"elementor-widget-wrap\">\n\t\t\t\t\t\t<div class=\"elementor-element elementor-element-3f53042 elementor-widget elementor-widget-contactform\" data-id=\"3f53042\" data-element_type=\"widget\" data-widget_type=\"contactform.default\">\n\t\t\t\t<div class=\"elementor-widget-container\">\n\t\t\t        <section class=\"\">\n            <div class=\"mn-grid\">\n                    <div class=\"mn-grid-12\">\n                        <div role=\"form\" class=\"wpcf7\" id=\"wpcf7-f146058-o1\" lang=\"pl-PL\" dir=\"ltr\">\n<div class=\"screen-reader-response\"><p role=\"status\" aria-live=\"polite\" aria-atomic=\"true\"><\/p> <ul><\/ul><\/div>\n<form action=\"\/foodscience\/wp-json\/wp\/v2\/pages\/146059#wpcf7-f146058-o1\" method=\"post\" class=\"wpcf7-form init\" enctype=\"multipart\/form-data\" novalidate=\"novalidate\" data-status=\"init\">\n<div style=\"display: none;\">\n<input type=\"hidden\" name=\"_wpcf7\" value=\"146058\" \/>\n<input type=\"hidden\" name=\"_wpcf7_version\" value=\"5.4.2\" \/>\n<input type=\"hidden\" name=\"_wpcf7_locale\" value=\"pl_PL\" \/>\n<input type=\"hidden\" name=\"_wpcf7_unit_tag\" value=\"wpcf7-f146058-o1\" \/>\n<input type=\"hidden\" name=\"_wpcf7_container_post\" value=\"0\" \/>\n<input type=\"hidden\" name=\"_wpcf7_posted_data_hash\" value=\"\" \/>\n<input type=\"hidden\" name=\"_map_author\" value=\"1\" \/>\n<\/div>\n<div class=\"row-form\">\n<h1>Formularz rejestracyjny dla absolwent\u00f3w Wydzia\u0142u Nauk o \u017bywno\u015bci i Biotechnologii<\/h1>\n<\/div>\n<div class=\"row-form\"><span style=\"color:#b10000\">* - oznacza pole wymagane<\/span><\/div>\n<div class=\"row-form mn-2-columns\">\n<div><label style=\"margin-right:15px;\">Imi\u0119 i nazwisko absolwenta*:<\/label><br \/>\n    <span class=\"wpcf7-form-control-wrap nazwa\"><input type=\"text\" name=\"nazwa\" value=\"\" size=\"40\" class=\"wpcf7-form-control wpcf7-text wpcf7-validates-as-required\" aria-required=\"true\" aria-invalid=\"false\" \/><\/span>\n   <\/div>\n<div>\n<label>Nazwisko panie\u0144skie (je\u017celi dotyczy):<\/label><br \/>\n<span class=\"wpcf7-form-control-wrap nazwiskopanienskie\"><input type=\"text\" name=\"nazwiskopanienskie\" value=\"\" size=\"40\" class=\"wpcf7-form-control wpcf7-text\" aria-invalid=\"false\" \/><\/span>\n   <\/div>\n<\/div>\n<div class=\"row-form mn-2-columns\">\n<div>\n\t\t<label>Uko\u0144czony kierunek studi\u00f3w*:<\/label><br \/>\n\t\t<span class=\"wpcf7-form-control-wrap kierunekstudiow\"><input type=\"text\" name=\"kierunekstudiow\" value=\"\" size=\"40\" class=\"wpcf7-form-control wpcf7-text wpcf7-validates-as-required\" aria-required=\"true\" aria-invalid=\"false\" \/><\/span>\n\t<\/div>\n<div>\n\t\t<label>Studia*:<\/label><br \/>\n\t\t<span class=\"wpcf7-form-control-wrap typstudiow\"><select name=\"typstudiow\" class=\"wpcf7-form-control wpcf7-select wpcf7-validates-as-required\" aria-required=\"true\" aria-invalid=\"false\"><option value=\"licencjackie\">licencjackie<\/option><option value=\"in\u017cynierskie\">in\u017cynierskie<\/option><option value=\"magisterskie\">magisterskie<\/option><\/select><\/span>\n\t<\/div>\n<\/div>\n<div class=\"row-form mn-1-column\">\n<div>\n\t\t<label>W latach: (od... do...)*<\/label><\/td>\n<p>\t\t<span class=\"wpcf7-form-control-wrap lata\"><input type=\"text\" name=\"lata\" value=\"\" size=\"40\" class=\"wpcf7-form-control wpcf7-text wpcf7-validates-as-required\" aria-required=\"true\" aria-invalid=\"false\" \/><\/span>\n\t<\/p><\/div>\n<\/div>\n<div class=\"row-form mn-1-column\">\n<div>\n\t\t<label>Numer dyplomu uko\u0144czenia studi\u00f3w:<\/label><br \/>\n\t\t<span class=\"wpcf7-form-control-wrap nrdyplomu\"><input type=\"text\" name=\"nrdyplomu\" value=\"\" size=\"40\" class=\"wpcf7-form-control wpcf7-text\" aria-invalid=\"false\" \/><\/span>\n\t<\/div>\n<\/div>\n<div class=\"row-form mn-2-columns\">\n<div>\n\t\t<label>Obecne stanowisko pracy*:<\/label><br \/>\n\t\t<span class=\"wpcf7-form-control-wrap obecnestanowisko\"><input type=\"text\" name=\"obecnestanowisko\" value=\"\" size=\"40\" class=\"wpcf7-form-control wpcf7-text wpcf7-validates-as-required\" aria-required=\"true\" aria-invalid=\"false\" \/><\/span>\n\t<\/div>\n<div>\n\t\t<label>Miejsce pracy*:<\/label><br \/>\n\t\t<span class=\"wpcf7-form-control-wrap miejscepracy\"><input type=\"text\" name=\"miejscepracy\" value=\"\" size=\"40\" class=\"wpcf7-form-control wpcf7-text wpcf7-validates-as-required\" aria-required=\"true\" aria-invalid=\"false\" \/><\/span>\n\t<\/div>\n<\/div>\n<div class=\"row-form mn-1-column\">\n<div>\n<label>Jakie jest Twoje najlepsze wspomnienie z czas\u00f3w studi\u00f3w na Wydziale?*<\/label><br \/>\n\t<span class=\"wpcf7-form-control-wrap wspomnienie\"><textarea name=\"wspomnienie\" cols=\"40\" rows=\"10\" class=\"wpcf7-form-control wpcf7-textarea wpcf7-validates-as-required\" aria-required=\"true\" aria-invalid=\"false\"><\/textarea><\/span>\n<\/div>\n<\/div>\n<div class=\"row-form mn-1-column\">\n<div>\n<label>Jak zdobyte wykszta\u0142cenie pomog\u0142o Ci w rozwoju zawodowym?*<\/label><br \/>\n\t<span class=\"wpcf7-form-control-wrap rozwojzawodowy\"><textarea name=\"rozwojzawodowy\" cols=\"40\" rows=\"10\" class=\"wpcf7-form-control wpcf7-textarea wpcf7-validates-as-required\" aria-required=\"true\" aria-invalid=\"false\"><\/textarea><\/span>\n<\/div>\n<\/div>\n<div class=\"row-form mn-1-column\">\n<div>\n<label>Na czym polega Twoja obecna praca?*<\/label><br \/>\n\t<span class=\"wpcf7-form-control-wrap obecnapraca\"><textarea name=\"obecnapraca\" cols=\"40\" rows=\"10\" class=\"wpcf7-form-control wpcf7-textarea wpcf7-validates-as-required\" aria-required=\"true\" aria-invalid=\"false\"><\/textarea><\/span>\n<\/div>\n<\/div>\n<div class=\"row-form mn-1-column\">\n<div>\n<label>Jakie masz wskaz\u00f3wki dla absolwent\u00f3w naszego Wydzia\u0142u rozpoczynaj\u0105cych prac\u0119 zawodow\u0105?*<\/label><br \/>\n\t<span class=\"wpcf7-form-control-wrap wskazowki\"><textarea name=\"wskazowki\" cols=\"40\" rows=\"10\" class=\"wpcf7-form-control wpcf7-textarea wpcf7-validates-as-required\" aria-required=\"true\" aria-invalid=\"false\"><\/textarea><\/span>\n<\/div>\n<\/div>\n<div class=\"row-form\">\n<div>\n<label>Dane kontaktowe*:<\/label>\n<\/div>\n<\/div>\n<div class=\"row-form mn-2-columns\">\n<div>\n\t\t<label>Adres e-mail*:<\/label><br \/>\n\t\t<span class=\"wpcf7-form-control-wrap email\"><input type=\"email\" name=\"email\" value=\"\" size=\"40\" class=\"wpcf7-form-control wpcf7-text wpcf7-email wpcf7-validates-as-required wpcf7-validates-as-email\" aria-required=\"true\" aria-invalid=\"false\" \/><\/span>\n\t<\/div>\n<div>\n\t\t<label>Numer telefonu:<\/label><br \/>\n\t\t<span class=\"wpcf7-form-control-wrap telefon\"><input type=\"text\" name=\"telefon\" value=\"\" size=\"40\" class=\"wpcf7-form-control wpcf7-text\" aria-invalid=\"false\" \/><\/span>\n\t<\/div>\n<\/div>\n<div class=\"row-form\">\n<div>\n    <label>Prze\u015blij swoje zdj\u0119cie:<\/label><br \/>\n    <span class=\"wpcf7-form-control-wrap plik\"><input type=\"file\" name=\"plik\" size=\"40\" class=\"wpcf7-form-control wpcf7-file\" accept=\".png,.jpg,.jpeg,.gif,.bmp\" aria-invalid=\"false\" \/><\/span><br \/>\n    <br><\/p>\n<h5>Uwaga! Plik powinien mie\u0107 rozmiar mniejszy ni\u017c 1MB!<\/h5>\n<\/div>\n<\/div>\n<div class=\"row-form mn-1-column\">\n<div>\n\t\t<span class=\"wpcf7-form-control-wrap zgoda\"><span class=\"wpcf7-form-control wpcf7-checkbox wpcf7-validates-as-required\"><span class=\"wpcf7-list-item first last\"><input type=\"checkbox\" name=\"zgoda[]\" value=\"Wyra\u017cam zgod\u0119 na przetwarzanie moich danych osobowych zawartych w zg\u0142oszeniu, zgodnie z zasadami przetwarzania danych osobowych na Uniwersytecie Przyrodniczym w Lublinie.\" \/><span class=\"wpcf7-list-item-label\">Wyra\u017cam zgod\u0119 na przetwarzanie moich danych osobowych zawartych w zg\u0142oszeniu, zgodnie z zasadami przetwarzania danych osobowych na Uniwersytecie Przyrodniczym w Lublinie.<\/span><\/span><\/span><\/span>\n\t<\/div>\n<div>\n<label><a href=\"https:\/\/up.lublin.pl\/ochrona-danych-osobowych\">Informacja o przetwarzaniu danych osobowych os\u00f3b Uniwersytet Przyrodniczy w Lublinie<\/a>\n<\/div>\n<\/div>\n<div class=\"row-form mn-1-column\">\n<div>\n\t\t<div id=\"cf7sr-69e44b81b30e1\" class=\"cf7sr-g-recaptcha\" data-theme=\"light\" data-type=\"image\" data-size=\"normal\" data-sitekey=\"6Le1z_ErAAAAAH8VVLAWmN00tGOwTb-TX_sSSOmq\"><\/div><span class=\"wpcf7-form-control-wrap cf7sr-recaptcha\" data-name=\"cf7sr-recaptcha\"><input type=\"hidden\" name=\"cf7sr-recaptcha\" value=\"\" class=\"wpcf7-form-control\"><\/span>\n\t<\/div>\n<\/div>\n<div class=\"row-form mn-1-column\">\n<div>\n\t\t<input type=\"submit\" value=\"Wy\u015blij\" class=\"wpcf7-form-control wpcf7-submit\" \/>\n\t<\/div>\n<\/div>\n<div class=\"wpcf7-response-output\" aria-hidden=\"true\"><\/div><\/form><\/div>                    <\/div>\n            <\/div>\n        <\/section>\n        \t\t<\/div>\n\t\t\t\t<\/div>\n\t\t\t\t\t\t<\/div>\n\t\t\t\t\t<\/div>\n\t\t<\/div>\n\t\t\t\t\t\t\t\t<\/div>\n\t\t\t\t\t<\/div>\n\t\t<\/section>\n\t\t\t\t\t\t<\/div>\n\t\t\t\t\t\t<\/div>\n\t\t\t\t\t<\/div>\n\t\t","protected":false},"excerpt":{"rendered":"<p>Formularz rejestracyjny dla absolwent\u00f3w Wydzia\u0142u Nauk o \u017bywno\u015bci i Biotechnologii * &#8211; oznacza pole wymagane Imi\u0119 i nazwisko absolwenta*: Nazwisko panie\u0144skie (je\u017celi dotyczy): Uko\u0144czony kierunek studi\u00f3w*: Studia*: licencjackiein\u017cynierskiemagisterskie W latach: (od&#8230; do&#8230;)* Numer dyplomu uko\u0144czenia studi\u00f3w: Obecne stanowisko pracy*: Miejsce pracy*: Jakie jest Twoje najlepsze wspomnienie z czas\u00f3w studi\u00f3w na Wydziale?* Jak zdobyte wykszta\u0142cenie pomog\u0142o [&hellip;]<\/p>\n","protected":false},"author":2,"featured_media":0,"parent":2388,"menu_order":0,"comment_status":"closed","ping_status":"closed","template":"elementor_header_footer","meta":{"_monsterinsights_skip_tracking":false,"_monsterinsights_sitenote_active":false,"_monsterinsights_sitenote_note":"","_monsterinsights_sitenote_category":0},"_links":{"self":[{"href":"https:\/\/up.lublin.pl\/foodscience\/wp-json\/wp\/v2\/pages\/146059"}],"collection":[{"href":"https:\/\/up.lublin.pl\/foodscience\/wp-json\/wp\/v2\/pages"}],"about":[{"href":"https:\/\/up.lublin.pl\/foodscience\/wp-json\/wp\/v2\/types\/page"}],"author":[{"embeddable":true,"href":"https:\/\/up.lublin.pl\/foodscience\/wp-json\/wp\/v2\/users\/2"}],"replies":[{"embeddable":true,"href":"https:\/\/up.lublin.pl\/foodscience\/wp-json\/wp\/v2\/comments?post=146059"}],"version-history":[{"count":6,"href":"https:\/\/up.lublin.pl\/foodscience\/wp-json\/wp\/v2\/pages\/146059\/revisions"}],"predecessor-version":[{"id":146222,"href":"https:\/\/up.lublin.pl\/foodscience\/wp-json\/wp\/v2\/pages\/146059\/revisions\/146222"}],"up":[{"embeddable":true,"href":"https:\/\/up.lublin.pl\/foodscience\/wp-json\/wp\/v2\/pages\/2388"}],"wp:attachment":[{"href":"https:\/\/up.lublin.pl\/foodscience\/wp-json\/wp\/v2\/media?parent=146059"}],"curies":[{"name":"wp","href":"https:\/\/api.w.org\/{rel}","templated":true}]}}