{"id":145222,"date":"2022-11-09T09:47:36","date_gmt":"2022-11-09T08:47:36","guid":{"rendered":"https:\/\/up.lublin.pl\/foodscience\/?page_id=145222"},"modified":"2022-11-09T09:53:14","modified_gmt":"2022-11-09T08:53:14","slug":"laboratorium-hodowli-komorkowych","status":"publish","type":"page","link":"https:\/\/up.lublin.pl\/foodscience\/laboratorium-hodowli-komorkowych\/","title":{"rendered":"Laboratorium Hodowli Kom\u00f3rkowych"},"content":{"rendered":"\t\t<div data-elementor-type=\"wp-page\" data-elementor-id=\"145222\" class=\"elementor elementor-145222\" data-elementor-settings=\"[]\">\n\t\t\t\t\t\t<div class=\"elementor-inner\">\n\t\t\t\t\t\t\t<div class=\"elementor-section-wrap\">\n\t\t\t\t\t\t\t<section class=\"elementor-section elementor-top-section elementor-element elementor-element-87f2443 elementor-section-boxed elementor-section-height-default elementor-section-height-default\" data-id=\"87f2443\" data-element_type=\"section\">\n\t\t\t\t\t\t<div class=\"elementor-container elementor-column-gap-default\">\n\t\t\t\t\t\t\t<div class=\"elementor-row\">\n\t\t\t\t\t<div class=\"elementor-column elementor-col-100 elementor-top-column elementor-element elementor-element-3f79b95\" data-id=\"3f79b95\" data-element_type=\"column\">\n\t\t\t<div class=\"elementor-column-wrap elementor-element-populated\">\n\t\t\t\t\t\t\t<div class=\"elementor-widget-wrap\">\n\t\t\t\t\t\t<div class=\"elementor-element elementor-element-20f14ff elementor-widget elementor-widget-m2k\" data-id=\"20f14ff\" data-element_type=\"widget\" data-widget_type=\"m2k.default\">\n\t\t\t\t<div class=\"elementor-widget-container\">\n\t\t\t<section class=\"mn-m2-d mn-bg-green\">\n    <div class=\"mn-grid\">\n        <div class=\"mn-grid-12 mn-introtext\">\n                            <h3>\n                    Laboratorium Hodowli Kom\u00f3rkowych                <\/h3>\n                        <\/div>\n    <\/div>\n    <\/section>\n\t\t<\/div>\n\t\t\t\t<\/div>\n\t\t\t\t\t\t<\/div>\n\t\t\t\t\t<\/div>\n\t\t<\/div>\n\t\t\t\t\t\t\t\t<\/div>\n\t\t\t\t\t<\/div>\n\t\t<\/section>\n\t\t\t\t<section class=\"elementor-section elementor-top-section elementor-element elementor-element-f8bc4a2 elementor-section-boxed elementor-section-height-default elementor-section-height-default\" data-id=\"f8bc4a2\" data-element_type=\"section\">\n\t\t\t\t\t\t<div class=\"elementor-container elementor-column-gap-default\">\n\t\t\t\t\t\t\t<div class=\"elementor-row\">\n\t\t\t\t\t<div class=\"elementor-column elementor-col-100 elementor-top-column elementor-element elementor-element-dcdb0f7\" data-id=\"dcdb0f7\" data-element_type=\"column\">\n\t\t\t<div class=\"elementor-column-wrap elementor-element-populated\">\n\t\t\t\t\t\t\t<div class=\"elementor-widget-wrap\">\n\t\t\t\t\t\t<div class=\"elementor-element elementor-element-f9f10bf elementor-widget elementor-widget-m5c\" data-id=\"f9f10bf\" data-element_type=\"widget\" data-widget_type=\"m5c.default\">\n\t\t\t\t<div class=\"elementor-widget-container\">\n\t\t\t<section class=\"mn-m5-c mn-m5-d2 mn-bg-white\">\n\t<div class=\"mn-grid\">\n\t\t\t\t<div class=\"mn-content mn-grid-9\">\n\t\t\t                <div class=\"mn-content-block active\">\n\t                                                        <div class=\"block-text\">\n\t                                        <p>Hodowle kom\u00f3rkowe s\u0105 obecnie jedn\u0105 z&nbsp;najwa\u017cniejszych technik powszechnie wykorzystywanych w\u00a0badaniach biomedycznych.<\/p>\n<p>Nasze Laboratorium Hodowli Kom\u00f3rkowych s\u0142u\u017cy prowadzeniu szerokiego spektrum bada\u0144 naukowych w\u00a0obszarze technologii \u017cywno\u015bci i&nbsp;\u017cywienia, nauk biologicznych, immunologii, kosmetologii na modelach linii kom\u00f3rkowych.<\/p>\n<p>W modelu badawczym wykorzystujemy hodowane w&nbsp;warunkach <em>in vitro<\/em> kom\u00f3rki ssacze (ludzkie), zar\u00f3wno prawid\u0142owe, jak i&nbsp;pochodz\u0105ce z&nbsp;r\u00f3\u017cnego rodzaju tkanek patologicznych (linie kom\u00f3rkowe jelita grubego, enterocyty, hepatocyty, fibroblasty). Badania realizowane w&nbsp;naszym Laboratorium dotycz\u0105 oceny wp\u0142ywu \u017cywno\u015bci, produkt\u00f3w kosmetycznych, biomateria\u0142\u00f3w lub pojedynczych zwi\u0105zk\u00f3w bioaktywnych na r\u00f3\u017cne typy linii kom\u00f3rkowych hodowanych w&nbsp;monowarstwie.<\/p>\n<p>Analizy obejmuj\u0105 ocen\u0119 wp\u0142ywu r\u00f3\u017cnego rodzaju substancji naturalnych lub syntetycznych na kom\u00f3rki, w&nbsp;tym analizy: cytotoksyczno\u015bci, proliferacji, apoptozy, aktywno\u015bci metabolicznej, wewn\u0105trzkom\u00f3rkowego stresu oksydacyjnego, wydzielania cytokin i&nbsp;czynnik\u00f3w wzrostu, zdolno\u015bci migracyjnych kom\u00f3rek, biodost\u0119pno\u015bci; analiz\u0119 wp\u0142ywu badanych substancji na ekspresj\u0119 gen\u00f3w i&nbsp;aktywno\u015b\u0107 enzym\u00f3w proteolitycznych; ocen\u0119 dzia\u0142ania przeciwnowotworowego substancji pochodzenia naturalnego lub syntetycznego wzgl\u0119dem m.in. kom\u00f3rek raka jelita grubego.<\/p>\n<h2><em>Wyposa\u017cenie:<\/em><\/h2>\n<ul>\n<li><em>Komora laminarna HF Safe-1200,<\/em><\/li>\n<li><em>Inkubator z&nbsp;dozowaniem CO2 Heracell 150i,<\/em><\/li>\n<li><em>Czytnik mikrop\u0142ytek Varioskan\u2122 LUX multimode microplate reader<\/em><\/li>\n<li><em>Automatyczny licznik kom\u00f3rek TC10,<\/em><\/li>\n<li><em>Miernik opru elektrycznego kom\u00f3rek EVOM3<\/em><\/li>\n<li><em>Mikroskop odwr\u00f3cony Nikon Eclipse TS100 z&nbsp;kamer\u0105 Invenio 5SII,<\/em><\/li>\n<li><em>Wir\u00f3wka laboratoryjna z&nbsp;ch\u0142odzeniem Heraeus Megafuge,<\/em><\/li>\n<li><em>\u0141a\u017ania wodna,<\/em><\/li>\n<li><em>Autoklaw Medical Prestige 12L,<\/em><\/li>\n<li><em>Zamra\u017carki -20\u00b0C oraz -80\u00b0C,<\/em><\/li>\n<li><em>Dewar LS750 do przechowywania kom\u00f3rek w&nbsp;parach ciek\u0142ego azotu.<\/em><\/li>\n<\/ul>\n<h2>Oferta dla przemys\u0142u:<\/h2>\n<p><a href=\"https:\/\/up.lublin.pl\/foodscience\/wp-content\/uploads\/sites\/8\/2022\/11\/Oferta-dla-przemyslu-lhk.jpg\"><img loading=\"lazy\" class=\"aligncenter size-full wp-image-145225\" src=\"https:\/\/up.lublin.pl\/foodscience\/wp-content\/uploads\/sites\/8\/2022\/11\/Oferta-dla-przemyslu-lhk.jpg\" alt=\"\" width=\"1500\" height=\"2668\" \/><\/a><\/p>\n<h2>Osoba do kontaktu:<\/h2>\n<p>dr hab. Magdalena Polak-Berecka, prof. uczelni<br \/>tel. 81 46 23 356<br \/><a href=\"mailto:magdalena.polak-berecka@up.lublin.pl\">magdalena.polak-berecka@up.lublin.pl<\/a><\/p>\n                                        <\/div>\n\t\t\t\t\t\t                                <\/div>\n\t\t\t\t                <div class=\"mn-content-block\">\n\t                                <\/div>\n\t\t\t\t                <div class=\"mn-content-block\">\n\t                                <\/div>\n\t\t\t\t                <div class=\"mn-content-block\">\n\t                                <\/div>\n\t\t\t\t                <div class=\"mn-content-block\">\n\t                                <\/div>\n\t\t\t\t                <div class=\"mn-content-block\">\n\t                                <\/div>\n\t\t\t\t                <div class=\"mn-content-block\">\n\t                                <\/div>\n\t\t\t\t                <div class=\"mn-content-block\">\n\t                                <\/div>\n\t\t\t\t                <div class=\"mn-content-block\">\n\t                                <\/div>\n\t\t\t\t                <div class=\"mn-content-block\">\n\t                                <\/div>\n\t\t\t\t                <div class=\"mn-content-block\">\n\t                                <\/div>\n\t\t\t\t                <div class=\"mn-content-block\">\n\t                                <\/div>\n\t\t\t\t                <div class=\"mn-content-block\">\n\t                                <\/div>\n\t\t\t\t                <div class=\"mn-content-block\">\n\t                                <\/div>\n\t\t\t\t                <div class=\"mn-content-block\">\n\t                                <\/div>\n\t\t\t\t                <div class=\"mn-content-block\">\n\t                                <\/div>\n\t\t\t\t                <div class=\"mn-content-block\">\n\t                                <\/div>\n\t\t\t\t                <div class=\"mn-content-block\">\n\t                                <\/div>\n\t\t\t\t                <div class=\"mn-content-block\">\n\t                                <\/div>\n\t\t\t\t                <div class=\"mn-content-block\">\n\t                                <\/div>\n\t\t\t\t\t\t<\/div>\n\t<\/div>\n<\/section>\n\t\t<\/div>\n\t\t\t\t<\/div>\n\t\t\t\t\t\t<\/div>\n\t\t\t\t\t<\/div>\n\t\t<\/div>\n\t\t\t\t\t\t\t\t<\/div>\n\t\t\t\t\t<\/div>\n\t\t<\/section>\n\t\t\t\t\t\t<\/div>\n\t\t\t\t\t\t<\/div>\n\t\t\t\t\t<\/div>\n\t\t","protected":false},"excerpt":{"rendered":"<p>Laboratorium Hodowli Kom\u00f3rkowych UP Wydzia\u0142 Nauk o&nbsp;\u017bywno\u015bci i&nbsp;Biotechnologii Hodowle kom\u00f3rkowe s\u0105 obecnie jedn\u0105 z&nbsp;najwa\u017cniejszych technik powszechnie wykorzystywanych w\u00a0badaniach biomedycznych. Nasze Laboratorium Hodowli Kom\u00f3rkowych s\u0142u\u017cy prowadzeniu szerokiego spektrum bada\u0144 naukowych w\u00a0obszarze technologii \u017cywno\u015bci i&nbsp;\u017cywienia, nauk biologicznych, immunologii, kosmetologii na modelach linii kom\u00f3rkowych. W modelu badawczym wykorzystujemy hodowane w&nbsp;warunkach in vitro kom\u00f3rki ssacze (ludzkie), zar\u00f3wno prawid\u0142owe, jak [&hellip;]<\/p>\n","protected":false},"author":2,"featured_media":0,"parent":0,"menu_order":0,"comment_status":"closed","ping_status":"closed","template":"elementor_header_footer","meta":{"_monsterinsights_skip_tracking":false,"_monsterinsights_sitenote_active":false,"_monsterinsights_sitenote_note":"","_monsterinsights_sitenote_category":0},"_links":{"self":[{"href":"https:\/\/up.lublin.pl\/foodscience\/wp-json\/wp\/v2\/pages\/145222"}],"collection":[{"href":"https:\/\/up.lublin.pl\/foodscience\/wp-json\/wp\/v2\/pages"}],"about":[{"href":"https:\/\/up.lublin.pl\/foodscience\/wp-json\/wp\/v2\/types\/page"}],"author":[{"embeddable":true,"href":"https:\/\/up.lublin.pl\/foodscience\/wp-json\/wp\/v2\/users\/2"}],"replies":[{"embeddable":true,"href":"https:\/\/up.lublin.pl\/foodscience\/wp-json\/wp\/v2\/comments?post=145222"}],"version-history":[{"count":4,"href":"https:\/\/up.lublin.pl\/foodscience\/wp-json\/wp\/v2\/pages\/145222\/revisions"}],"predecessor-version":[{"id":145231,"href":"https:\/\/up.lublin.pl\/foodscience\/wp-json\/wp\/v2\/pages\/145222\/revisions\/145231"}],"wp:attachment":[{"href":"https:\/\/up.lublin.pl\/foodscience\/wp-json\/wp\/v2\/media?parent=145222"}],"curies":[{"name":"wp","href":"https:\/\/api.w.org\/{rel}","templated":true}]}}