{"id":140562,"date":"2021-07-07T11:40:46","date_gmt":"2021-07-07T09:40:46","guid":{"rendered":"https:\/\/up.lublin.pl\/foodscience\/?page_id=140562"},"modified":"2022-10-13T08:16:50","modified_gmt":"2022-10-13T06:16:50","slug":"katedra-technologii-zywnosci-pochodzenia-zwierzecego","status":"publish","type":"page","link":"https:\/\/up.lublin.pl\/foodscience\/wydzial\/struktura-i-pracownicy\/katedra-technologii-zywnosci-pochodzenia-zwierzecego\/","title":{"rendered":"Katedra Technologii \u017bywno\u015bci Pochodzenia Zwierz\u0119cego"},"content":{"rendered":"\t\t<div data-elementor-type=\"wp-page\" data-elementor-id=\"140562\" class=\"elementor elementor-140562\" data-elementor-settings=\"[]\">\n\t\t\t\t\t\t<div class=\"elementor-inner\">\n\t\t\t\t\t\t\t<div class=\"elementor-section-wrap\">\n\t\t\t\t\t\t\t<section class=\"elementor-section elementor-top-section elementor-element elementor-element-fae3690 elementor-section-boxed elementor-section-height-default elementor-section-height-default\" data-id=\"fae3690\" data-element_type=\"section\">\n\t\t\t\t\t\t<div class=\"elementor-container elementor-column-gap-default\">\n\t\t\t\t\t\t\t<div class=\"elementor-row\">\n\t\t\t\t\t<div class=\"elementor-column elementor-col-100 elementor-top-column elementor-element elementor-element-09d5f30\" data-id=\"09d5f30\" data-element_type=\"column\">\n\t\t\t<div class=\"elementor-column-wrap elementor-element-populated\">\n\t\t\t\t\t\t\t<div class=\"elementor-widget-wrap\">\n\t\t\t\t\t\t<div class=\"elementor-element elementor-element-6467901 elementor-widget elementor-widget-m2k\" data-id=\"6467901\" data-element_type=\"widget\" data-widget_type=\"m2k.default\">\n\t\t\t\t<div class=\"elementor-widget-container\">\n\t\t\t<section class=\"mn-m2-d mn-bg-green\">\n    <div class=\"mn-grid\">\n        <div class=\"mn-grid-12 mn-introtext\">\n                            <h3>\n                    Katedra Technologii \u017bywno\u015bci Pochodzenia Zwierz\u0119cego                <\/h3>\n                        <\/div>\n    <\/div>\n    <\/section>\n\t\t<\/div>\n\t\t\t\t<\/div>\n\t\t\t\t\t\t<\/div>\n\t\t\t\t\t<\/div>\n\t\t<\/div>\n\t\t\t\t\t\t\t\t<\/div>\n\t\t\t\t\t<\/div>\n\t\t<\/section>\n\t\t\t\t<section class=\"elementor-section elementor-top-section elementor-element elementor-element-6bfe2f1 elementor-section-boxed elementor-section-height-default elementor-section-height-default\" data-id=\"6bfe2f1\" data-element_type=\"section\">\n\t\t\t\t\t\t<div class=\"elementor-container elementor-column-gap-default\">\n\t\t\t\t\t\t\t<div class=\"elementor-row\">\n\t\t\t\t\t<div class=\"elementor-column elementor-col-100 elementor-top-column elementor-element elementor-element-4d44d51\" data-id=\"4d44d51\" data-element_type=\"column\">\n\t\t\t<div class=\"elementor-column-wrap elementor-element-populated\">\n\t\t\t\t\t\t\t<div class=\"elementor-widget-wrap\">\n\t\t\t\t\t\t<div class=\"elementor-element elementor-element-79bc395 elementor-widget elementor-widget-m5c\" data-id=\"79bc395\" data-element_type=\"widget\" data-widget_type=\"m5c.default\">\n\t\t\t\t<div class=\"elementor-widget-container\">\n\t\t\t<section class=\"mn-m5-c mn-bg-white\">\n\t<div class=\"mn-grid\">\n\t\t            <div class=\"mn-menu-container mn-grid-3\">\n                <ul class=\"mn-bg-yellow\">\n\t                                        <li>\n                            <a href=\"#\" class=\"active\" data-hash=\"#granty\">\n                                Granty                            <\/a>\n                        <\/li>\n                                        <\/ul>\n            <\/div>\n\t        \t\t<div class=\"mn-content mn-grid-8\">\n\t\t\t                <div class=\"mn-content-block active\">\n\t                                                        <div class=\"block-text\">\n\t                                        <p><b>Realizacja projektu badawczego sfinansowanego ze \u015brodk\u00f3w Narodowego Centrum Nauki przyznanych na podstawie decyzji nr UMO-2014\/15\/N\/NZ9\/04042 o&nbsp;finansowanie projektu<\/b><\/p>\n<p><b>Kierownik projektu: <\/b>mgr in\u017c. Katarzyna Skrzypczak<\/p>\n<p><b>Temat zadania badawczego:<\/b>Zdolno\u015b\u0107 szczep\u00f3w <i>Lactobacillus helveticus<\/i> do produkcji peptyd\u00f3w biologicznie aktywnych &#8211; w\u0142a\u015bciwo\u015bci antyoksydacyjne wybranych preparat\u00f3w bia\u0142ek serwatkowych fermentowanych przy udziale tych bakterii.<\/p>\n<p><b>Okres trwania i&nbsp;miejsce realizacji projektu:<\/b> 2015-08-10 do 2017-08-09 Uniwersytet Przyrodniczy w\u00a0Lublinie, Wydzia\u0142 Nauk o\u00a0\u017bywno\u015bci i\u00a0Biotechnologii, Zak\u0142ad Technologii Owoc\u00f3w Warzyw i&nbsp;Grzyb\u00f3w.<\/p>\n<p><a href=\"https:\/\/up.lublin.pl\/foodscience\/wp-content\/uploads\/sites\/8\/2021\/07\/projekt-grafika.jpg\"><img loading=\"lazy\" class=\"aligncenter size-full wp-image-140564\" src=\"https:\/\/up.lublin.pl\/foodscience\/wp-content\/uploads\/sites\/8\/2021\/07\/projekt-grafika.jpg\" alt=\"\" width=\"652\" height=\"810\" \/><\/a><\/p>\n                                        <\/div>\n\t\t\t\t\t\t                                <\/div>\n\t\t\t\t\t\t<\/div>\n\t<\/div>\n<\/section>\n\t\t<\/div>\n\t\t\t\t<\/div>\n\t\t\t\t\t\t<\/div>\n\t\t\t\t\t<\/div>\n\t\t<\/div>\n\t\t\t\t\t\t\t\t<\/div>\n\t\t\t\t\t<\/div>\n\t\t<\/section>\n\t\t\t\t\t\t<\/div>\n\t\t\t\t\t\t<\/div>\n\t\t\t\t\t<\/div>\n\t\t","protected":false},"excerpt":{"rendered":"<p>Katedra Technologii \u017bywno\u015bci Pochodzenia Zwierz\u0119cego UP Wydzia\u0142 Nauk o&nbsp;\u017bywno\u015bci i&nbsp;Biotechnologii Granty Realizacja projektu badawczego sfinansowanego ze \u015brodk\u00f3w Narodowego Centrum Nauki przyznanych na podstawie decyzji nr UMO-2014\/15\/N\/NZ9\/04042 o&nbsp;finansowanie projektu Kierownik projektu: mgr in\u017c. Katarzyna Skrzypczak Temat zadania badawczego:Zdolno\u015b\u0107 szczep\u00f3w Lactobacillus helveticus do produkcji peptyd\u00f3w biologicznie aktywnych &#8211; w\u0142a\u015bciwo\u015bci antyoksydacyjne wybranych preparat\u00f3w bia\u0142ek serwatkowych fermentowanych przy udziale [&hellip;]<\/p>\n","protected":false},"author":2,"featured_media":0,"parent":209,"menu_order":0,"comment_status":"closed","ping_status":"closed","template":"elementor_header_footer","meta":{"_monsterinsights_skip_tracking":false,"_monsterinsights_sitenote_active":false,"_monsterinsights_sitenote_note":"","_monsterinsights_sitenote_category":0},"_links":{"self":[{"href":"https:\/\/up.lublin.pl\/foodscience\/wp-json\/wp\/v2\/pages\/140562"}],"collection":[{"href":"https:\/\/up.lublin.pl\/foodscience\/wp-json\/wp\/v2\/pages"}],"about":[{"href":"https:\/\/up.lublin.pl\/foodscience\/wp-json\/wp\/v2\/types\/page"}],"author":[{"embeddable":true,"href":"https:\/\/up.lublin.pl\/foodscience\/wp-json\/wp\/v2\/users\/2"}],"replies":[{"embeddable":true,"href":"https:\/\/up.lublin.pl\/foodscience\/wp-json\/wp\/v2\/comments?post=140562"}],"version-history":[{"count":10,"href":"https:\/\/up.lublin.pl\/foodscience\/wp-json\/wp\/v2\/pages\/140562\/revisions"}],"predecessor-version":[{"id":145022,"href":"https:\/\/up.lublin.pl\/foodscience\/wp-json\/wp\/v2\/pages\/140562\/revisions\/145022"}],"up":[{"embeddable":true,"href":"https:\/\/up.lublin.pl\/foodscience\/wp-json\/wp\/v2\/pages\/209"}],"wp:attachment":[{"href":"https:\/\/up.lublin.pl\/foodscience\/wp-json\/wp\/v2\/media?parent=140562"}],"curies":[{"name":"wp","href":"https:\/\/api.w.org\/{rel}","templated":true}]}}