{"id":149264,"date":"2024-02-09T13:22:20","date_gmt":"2024-02-09T12:22:20","guid":{"rendered":"https:\/\/up.lublin.pl\/foodscience\/?page_id=149264"},"modified":"2024-02-09T13:34:50","modified_gmt":"2024-02-09T12:34:50","slug":"food-technology-and-human-nutrition","status":"publish","type":"page","link":"https:\/\/up.lublin.pl\/foodscience\/en\/didactic-activity\/food-technology-and-human-nutrition\/","title":{"rendered":"Food technology and human nutrition"},"content":{"rendered":"\t\t<div data-elementor-type=\"wp-page\" data-elementor-id=\"149264\" class=\"elementor elementor-149264\" data-elementor-settings=\"[]\">\n\t\t\t\t\t\t<div class=\"elementor-inner\">\n\t\t\t\t\t\t\t<div class=\"elementor-section-wrap\">\n\t\t\t\t\t\t\t<section class=\"elementor-section elementor-top-section elementor-element elementor-element-1c9faf05 elementor-section-boxed elementor-section-height-default elementor-section-height-default\" data-id=\"1c9faf05\" data-element_type=\"section\">\n\t\t\t\t\t\t<div class=\"elementor-container elementor-column-gap-default\">\n\t\t\t\t\t\t\t<div class=\"elementor-row\">\n\t\t\t\t\t<div class=\"elementor-column elementor-col-100 elementor-top-column elementor-element elementor-element-740f254\" data-id=\"740f254\" data-element_type=\"column\">\n\t\t\t<div class=\"elementor-column-wrap elementor-element-populated\">\n\t\t\t\t\t\t\t<div class=\"elementor-widget-wrap\">\n\t\t\t\t\t\t<div class=\"elementor-element elementor-element-551333ed elementor-widget elementor-widget-m2d\" data-id=\"551333ed\" data-element_type=\"widget\" data-widget_type=\"m2d.default\">\n\t\t\t\t<div class=\"elementor-widget-container\">\n\t\t\t<section class=\"mn-m2-d mn-bg-yellow\">\r\n\t<div class=\"mn-grid\">\r\n\t\t<div class=\"mn-grid-12 mn-introtext\">\r\n\t\t\t\t\t\t\t<h3>\r\n\t\t\t\t\tFood technology and human nutrition\t\t\t\t<\/h3>\r\n\t\t\t\t\t\t<\/div>\r\n\t\t\t        \r\n\r\n\t<\/div>\r\n\t<\/section>\r\n\t\t<\/div>\n\t\t\t\t<\/div>\n\t\t\t\t\t\t<\/div>\n\t\t\t\t\t<\/div>\n\t\t<\/div>\n\t\t\t\t\t\t\t\t<\/div>\n\t\t\t\t\t<\/div>\n\t\t<\/section>\n\t\t\t\t<section class=\"elementor-section elementor-top-section elementor-element elementor-element-39055317 elementor-section-boxed elementor-section-height-default elementor-section-height-default\" data-id=\"39055317\" data-element_type=\"section\">\n\t\t\t\t\t\t<div class=\"elementor-container elementor-column-gap-default\">\n\t\t\t\t\t\t\t<div class=\"elementor-row\">\n\t\t\t\t\t<div class=\"elementor-column elementor-col-100 elementor-top-column elementor-element elementor-element-201249f3\" data-id=\"201249f3\" data-element_type=\"column\">\n\t\t\t<div class=\"elementor-column-wrap elementor-element-populated\">\n\t\t\t\t\t\t\t<div class=\"elementor-widget-wrap\">\n\t\t\t\t\t\t<div class=\"elementor-element elementor-element-3f8d1800 elementor-widget elementor-widget-m5c\" data-id=\"3f8d1800\" data-element_type=\"widget\" data-widget_type=\"m5c.default\">\n\t\t\t\t<div class=\"elementor-widget-container\">\n\t\t\t<section class=\"mn-m5-c mn-m5-d2 mn-bg-white\">\n\t<div class=\"mn-grid\">\n\t\t\t\t<div class=\"mn-content mn-grid-9\">\n\t\t\t                <div class=\"mn-content-block active\">\n\t                                                        <div class=\"block-text\">\n\t                                        <p><strong>Food technology and human nutrition \u2013 in Polish<br \/><\/strong><strong>Faculty<\/strong>: Food Science and Biotechnology<br \/><strong>Type of studies<\/strong>: full time\/part time studies\/Engineer\u2019s degree<br \/><strong>Duration<\/strong>: 7 semesters (3.5 years) &#8211; full-time, 8 semesters (4 years) &#8211; part-time<\/p>\n                                        <\/div>\n\t\t\t\t\t\t                                                        <ul class=\"mn-accordion\">\n                                            <li>\n                                                <h4 class=\"mn-accordion-title\">Information about the programme<\/h4>\n                                                <div>\n\t\t\t\t\t\t\t\t\t                <p>Food technology and human nutrition integrates knowledge of food chemistry and technical, technological, nutritional and economic sciences. The food technology engineer develops and uses technologies for obtaining high-quality and appropriately packaged food products. The graduate is a&nbsp;specialist in food processing, preservation, storage and quality control.<\/p>\n<p>The student can choose one of the thematic blocks on food technology or human nutrition. The optional nature of the studies is beneficial to the development of the student&#8217;s individual interests.<\/p>\n<p>Basic courses of the study programme include: chemistry, mathematics with elements of statistics, biophysics, biochemistry.<\/p>\n<p>Courses related to food technology include: food chemistry and toxicology, general food analysis, microbiology, general food technology, food technology majors, food industry apparatus, process engineering, human nutrition, food biotechnology, foodstuff design, quality assurance systems, catering technology, food law, food business management, food business economics.<\/p>\n<p>Food technology students participate in numerous classes in excellently equipped laboratories. In addition, they participate in an internship and vocational traineeship programme at national and international level, which helps them prepare for entry into the labour market. Graduates of the first-cycle programme are prepared to undertake second-cycle studies.<\/p>\n                                                <\/div>\n                                            <\/li>\n                                        <\/ul>\n\t\t\t\t\t\t                                                        <ul class=\"mn-accordion\">\n                                            <li>\n                                                <h4 class=\"mn-accordion-title\">Examples of courses<\/h4>\n                                                <div>\n\t\t\t\t\t\t\t\t\t                <p>Carbohydrate and fat processing technology, brewing, winemaking and distilling, technology design, dairy products in nutrition, food packaging and storage, fruit, vegetable and mushroom technology, meat technology.<\/p>\n                                                <\/div>\n                                            <\/li>\n                                        <\/ul>\n\t\t\t\t\t\t                                                        <ul class=\"mn-accordion\">\n                                            <li>\n                                                <h4 class=\"mn-accordion-title\">Admission<\/h4>\n                                                <div>\n\t\t\t\t\t\t\t\t\t                <p>Recruitment for studies proceeds electronically through the IRK system. A&nbsp;personal registration account is used to apply for the chosen course(s) and is the only source of information for the candidate on the outcome of the recruitment procedure.<\/p>\n<p>Candidates with a&nbsp;secondary school certificate can apply for admission to first-cycle studies.<\/p>\n<p>The recruitment procedure for first-cycle studies for candidates<\/p>\n<p>&#8211; with the so-called &#8220;new matura&#8221; are based on the results of the written part of the external matura examination. In the assessment of the competition, multiplying factors are used, which refer to the grades of subjects taken at the matura exam at basic or extended level.<\/p>\n<p>&#8211; with the so-called &#8220;old matura&#8221; is based on a&nbsp;competition of secondary school certificates. If a&nbsp;candidate has not passed the secondary school leaving examination in the subjects included in the competition, the final grades in these subjects included in the school leaving certificate are taken into account.<\/p>\n<p>&#8211; laureates and finalists of olympiads and competitions: depending on the subject of the competition or olympiad, preferential rules are taken into account.<\/p>\n<p>Subjects to be taken into account in the recruitment process: modern foreign language and one subject of choice: biology, chemistry, physics, computer science, mathematics.<\/p>\n                                                <\/div>\n                                            <\/li>\n                                        <\/ul>\n\t\t\t\t\t\t                                                        <ul class=\"mn-accordion\">\n                                            <li>\n                                                <h4 class=\"mn-accordion-title\">Career perspectives<\/h4>\n                                                <div>\n\t\t\t\t\t\t\t\t\t                <p>First-cycle graduates can work, among other, in companies in various sectors of the food industry, official food control authorities, food analysis laboratories, mass catering companies, in food distribution and trade or in self-employment.<\/p>\n                                                <\/div>\n                                            <\/li>\n                                        <\/ul>\n\t\t\t\t\t\t                                <\/div>\n\t\t\t\t                <div class=\"mn-content-block\">\n\t                                <\/div>\n\t\t\t\t                <div class=\"mn-content-block\">\n\t                                <\/div>\n\t\t\t\t                <div class=\"mn-content-block\">\n\t                                <\/div>\n\t\t\t\t                <div class=\"mn-content-block\">\n\t                                <\/div>\n\t\t\t\t                <div class=\"mn-content-block\">\n\t                                <\/div>\n\t\t\t\t                <div class=\"mn-content-block\">\n\t                                <\/div>\n\t\t\t\t                <div class=\"mn-content-block\">\n\t                                <\/div>\n\t\t\t\t                <div class=\"mn-content-block\">\n\t                                <\/div>\n\t\t\t\t                <div class=\"mn-content-block\">\n\t                                <\/div>\n\t\t\t\t                <div class=\"mn-content-block\">\n\t                                <\/div>\n\t\t\t\t                <div class=\"mn-content-block\">\n\t                                <\/div>\n\t\t\t\t                <div class=\"mn-content-block\">\n\t                                <\/div>\n\t\t\t\t                <div class=\"mn-content-block\">\n\t                                <\/div>\n\t\t\t\t                <div class=\"mn-content-block\">\n\t                                <\/div>\n\t\t\t\t                <div class=\"mn-content-block\">\n\t                                <\/div>\n\t\t\t\t                <div class=\"mn-content-block\">\n\t                                <\/div>\n\t\t\t\t                <div class=\"mn-content-block\">\n\t                                <\/div>\n\t\t\t\t                <div class=\"mn-content-block\">\n\t                                <\/div>\n\t\t\t\t                <div class=\"mn-content-block\">\n\t                                <\/div>\n\t\t\t\t\t\t<\/div>\n\t<\/div>\n<\/section>\n\t\t<\/div>\n\t\t\t\t<\/div>\n\t\t\t\t\t\t<\/div>\n\t\t\t\t\t<\/div>\n\t\t<\/div>\n\t\t\t\t\t\t\t\t<\/div>\n\t\t\t\t\t<\/div>\n\t\t<\/section>\n\t\t\t\t\t\t<\/div>\n\t\t\t\t\t\t<\/div>\n\t\t\t\t\t<\/div>\n\t\t","protected":false},"excerpt":{"rendered":"<p>Food technology and human nutrition UP Wydzia\u0142 Nauk o&nbsp;\u017bywno\u015bci i&nbsp;Biotechnologii Food technology and human nutrition \u2013 in PolishFaculty: Food Science and BiotechnologyType of studies: full time\/part time studies\/Engineer\u2019s degreeDuration: 7 semesters (3.5 years) &#8211; full-time, 8 semesters (4 years) &#8211; part-time Information about the programme Food technology and human nutrition integrates knowledge of food chemistry [&hellip;]<\/p>\n","protected":false},"author":2,"featured_media":0,"parent":140821,"menu_order":0,"comment_status":"closed","ping_status":"closed","template":"elementor_header_footer","meta":{"_monsterinsights_skip_tracking":false,"_monsterinsights_sitenote_active":false,"_monsterinsights_sitenote_note":"","_monsterinsights_sitenote_category":0},"_links":{"self":[{"href":"https:\/\/up.lublin.pl\/foodscience\/en\/wp-json\/wp\/v2\/pages\/149264"}],"collection":[{"href":"https:\/\/up.lublin.pl\/foodscience\/en\/wp-json\/wp\/v2\/pages"}],"about":[{"href":"https:\/\/up.lublin.pl\/foodscience\/en\/wp-json\/wp\/v2\/types\/page"}],"author":[{"embeddable":true,"href":"https:\/\/up.lublin.pl\/foodscience\/en\/wp-json\/wp\/v2\/users\/2"}],"replies":[{"embeddable":true,"href":"https:\/\/up.lublin.pl\/foodscience\/en\/wp-json\/wp\/v2\/comments?post=149264"}],"version-history":[{"count":4,"href":"https:\/\/up.lublin.pl\/foodscience\/en\/wp-json\/wp\/v2\/pages\/149264\/revisions"}],"predecessor-version":[{"id":149269,"href":"https:\/\/up.lublin.pl\/foodscience\/en\/wp-json\/wp\/v2\/pages\/149264\/revisions\/149269"}],"up":[{"embeddable":true,"href":"https:\/\/up.lublin.pl\/foodscience\/en\/wp-json\/wp\/v2\/pages\/140821"}],"wp:attachment":[{"href":"https:\/\/up.lublin.pl\/foodscience\/en\/wp-json\/wp\/v2\/media?parent=149264"}],"curies":[{"name":"wp","href":"https:\/\/api.w.org\/{rel}","templated":true}]}}