{"id":149257,"date":"2024-02-09T13:11:10","date_gmt":"2024-02-09T12:11:10","guid":{"rendered":"https:\/\/up.lublin.pl\/foodscience\/?page_id=149257"},"modified":"2024-02-09T13:20:45","modified_gmt":"2024-02-09T12:20:45","slug":"gastronomy-and-culinary-arts","status":"publish","type":"page","link":"https:\/\/up.lublin.pl\/foodscience\/en\/didactic-activity\/gastronomy-and-culinary-arts\/","title":{"rendered":"Gastronomy and culinary arts"},"content":{"rendered":"\t\t<div data-elementor-type=\"wp-page\" data-elementor-id=\"149257\" class=\"elementor elementor-149257\" data-elementor-settings=\"[]\">\n\t\t\t\t\t\t<div class=\"elementor-inner\">\n\t\t\t\t\t\t\t<div class=\"elementor-section-wrap\">\n\t\t\t\t\t\t\t<section class=\"elementor-section elementor-top-section elementor-element elementor-element-770225b7 elementor-section-boxed elementor-section-height-default elementor-section-height-default\" data-id=\"770225b7\" data-element_type=\"section\">\n\t\t\t\t\t\t<div class=\"elementor-container elementor-column-gap-default\">\n\t\t\t\t\t\t\t<div class=\"elementor-row\">\n\t\t\t\t\t<div class=\"elementor-column elementor-col-100 elementor-top-column elementor-element elementor-element-54eee635\" data-id=\"54eee635\" data-element_type=\"column\">\n\t\t\t<div class=\"elementor-column-wrap elementor-element-populated\">\n\t\t\t\t\t\t\t<div class=\"elementor-widget-wrap\">\n\t\t\t\t\t\t<div class=\"elementor-element elementor-element-1ac8569f elementor-widget elementor-widget-m2d\" data-id=\"1ac8569f\" data-element_type=\"widget\" data-widget_type=\"m2d.default\">\n\t\t\t\t<div class=\"elementor-widget-container\">\n\t\t\t<section class=\"mn-m2-d mn-bg-yellow\">\r\n\t<div class=\"mn-grid\">\r\n\t\t<div class=\"mn-grid-12 mn-introtext\">\r\n\t\t\t\t\t\t\t<h3>\r\n\t\t\t\t\tGastronomy and culinary arts\t\t\t\t<\/h3>\r\n\t\t\t\t\t\t<\/div>\r\n\t\t\t        \r\n\r\n\t<\/div>\r\n\t<\/section>\r\n\t\t<\/div>\n\t\t\t\t<\/div>\n\t\t\t\t\t\t<\/div>\n\t\t\t\t\t<\/div>\n\t\t<\/div>\n\t\t\t\t\t\t\t\t<\/div>\n\t\t\t\t\t<\/div>\n\t\t<\/section>\n\t\t\t\t<section class=\"elementor-section elementor-top-section elementor-element elementor-element-a5211b9 elementor-section-boxed elementor-section-height-default elementor-section-height-default\" data-id=\"a5211b9\" data-element_type=\"section\">\n\t\t\t\t\t\t<div class=\"elementor-container elementor-column-gap-default\">\n\t\t\t\t\t\t\t<div class=\"elementor-row\">\n\t\t\t\t\t<div class=\"elementor-column elementor-col-100 elementor-top-column elementor-element elementor-element-213af8b5\" data-id=\"213af8b5\" data-element_type=\"column\">\n\t\t\t<div class=\"elementor-column-wrap elementor-element-populated\">\n\t\t\t\t\t\t\t<div class=\"elementor-widget-wrap\">\n\t\t\t\t\t\t<div class=\"elementor-element elementor-element-1d11a548 elementor-widget elementor-widget-m5c\" data-id=\"1d11a548\" data-element_type=\"widget\" data-widget_type=\"m5c.default\">\n\t\t\t\t<div class=\"elementor-widget-container\">\n\t\t\t<section class=\"mn-m5-c mn-m5-d2 mn-bg-white\">\n\t<div class=\"mn-grid\">\n\t\t\t\t<div class=\"mn-content mn-grid-9\">\n\t\t\t                <div class=\"mn-content-block active\">\n\t                                                        <div class=\"block-text\">\n\t                                        <p><strong>Gastronomy and culinary arts \u2013 in Polish<br \/><\/strong><strong>Faculty<\/strong>: Food Science and Biotechnology<br \/><strong>Type of studies<\/strong>: full time\/part time studies\/Engineer\u2019s degree<br \/><strong>Duration<\/strong>: 7 semesters (3.5 years) &#8211; full-time, 8 semesters (4 years) &#8211; part-time<\/p>\n                                        <\/div>\n\t\t\t\t\t\t                                                        <ul class=\"mn-accordion\">\n                                            <li>\n                                                <h4 class=\"mn-accordion-title\">Information about the programme<\/h4>\n                                                <div>\n\t\t\t\t\t\t\t\t\t                <p>Gastronomy and Culinary Arts enables students to acquire specialised knowledge and skills in the art of preparing and serving food, and designing and managing catering businesses. The educational content of the curricula addresses both traditional aspects of the catering process and innovative approaches to meeting the diverse, rapidly changing needs of consumers.<\/p>\n<p>Students participate in numerous classes in excellently equipped laboratories. In addition, they participate in an internship and vocational traineeship programme at national and international level, which helps them prepare for entry into the labour market. First-cycle graduates are prepared to take up second-cycle studies.<\/p>\n                                                <\/div>\n                                            <\/li>\n                                        <\/ul>\n\t\t\t\t\t\t                                                        <ul class=\"mn-accordion\">\n                                            <li>\n                                                <h4 class=\"mn-accordion-title\">Examples of courses<\/h4>\n                                                <div>\n\t\t\t\t\t\t\t\t\t                <p>catering equipment and appliances, food and beverage technology, cuisines of the world, catering and event organisation, fundamentals of hospitality, consumer service, information technology in catering, entrepreneurship and management in catering, culinary tourism, catering design, dietetic nutrition in catering companies.<\/p>\n                                                <\/div>\n                                            <\/li>\n                                        <\/ul>\n\t\t\t\t\t\t                                                        <ul class=\"mn-accordion\">\n                                            <li>\n                                                <h4 class=\"mn-accordion-title\">Admission<\/h4>\n                                                <div>\n\t\t\t\t\t\t\t\t\t                <p>Recruitment for studies proceeds electronically through the IRK system. A&nbsp;personal registration account is used to apply for the chosen course(s) and is the only source of information for the candidate on the outcome of the recruitment procedure.<\/p>\n<p>Candidates with a&nbsp;secondary school certificate can apply for admission to first-cycle studies.<\/p>\n<p>The recruitment procedure for first-cycle studies for candidates<\/p>\n<p>&#8211; with the so-called &#8220;new matura&#8221; are based on the results of the written part of the external matura examination. In the assessment of the competition, multiplying factors are used, which refer to the grades of subjects taken at the matura exam at basic or extended level.<\/p>\n<p>&#8211; with the so-called &#8220;old matura&#8221; is based on a&nbsp;competition of secondary school certificates. If a&nbsp;candidate has not passed the secondary school leaving examination in the subjects included in the competition, the final grades in these subjects included in the school leaving certificate are taken into account.<\/p>\n<p>&#8211; laureates and finalists of olympiads and competitions: depending on the subject of the competition or olympiad, preferential rules are taken into account.<\/p>\n<p>Subjects to be taken into account in the recruitment process: modern foreign language and one subject of choice: biology, chemistry, physics, computer science, mathematics.<\/p>\n                                                <\/div>\n                                            <\/li>\n                                        <\/ul>\n\t\t\t\t\t\t                                                        <ul class=\"mn-accordion\">\n                                            <li>\n                                                <h4 class=\"mn-accordion-title\">Career perspectives<\/h4>\n                                                <div>\n\t\t\t\t\t\t\t\t\t                <p>A graduate in Gastronomy and culinary arts is a&nbsp;specialist possessing comprehensive knowledge, skills and competences that enable them to be employed in catering and gastronomy\/hotel facilities at every level of their organisation, as well as in companies designing equipment for catering facilities and specialising in the sale of apparatus and equipment for these facilities. The knowledge gained also enables students to run their own businesses in the HoReCa sector. During the course of study, internships are carried out in HoReCa companies, i.e. restaurants, bars, catering outlets in retail outlets, hotels, canteens and in companies producing catering equipment and facilities, etc.<\/p>\n<p>The graduate can find work as:<\/p>\n<ul>\n<li>manager or sales and marketing specialist of a&nbsp;restaurant,<\/li>\n<li>department manager in a&nbsp;catering facility,<\/li>\n<li>customer\/patient service specialist in catering or dietetic services,<\/li>\n<li>organiser of catering services,<\/li>\n<li>an employee responsible for the creation of menus based on the principles of good nutrition,<\/li>\n<li>self-employed person in the field of catering services.<\/li>\n<\/ul>\n<p>We encourage you to watch the film entitled &#8216;The Art of Culinary&#8217; prepared for the Lublin Virtual Science Days by Piotr Stanikowski, M.Sc., an employee of the Faculty of Food Science and Biotechnology.<\/p>\n<p><a href=\"https:\/\/lui.lublin.eu\/portal\/lui_wyklady\/sztuka-kulinarna\/\"><strong>https:\/\/lui.lublin.eu\/portal\/lui_wyklady\/sztuka-kulinarna\/<\/strong><\/a><\/p>\n                                                <\/div>\n                                            <\/li>\n                                        <\/ul>\n\t\t\t\t\t\t                                <\/div>\n\t\t\t\t                <div class=\"mn-content-block\">\n\t                                <\/div>\n\t\t\t\t                <div class=\"mn-content-block\">\n\t                                <\/div>\n\t\t\t\t                <div class=\"mn-content-block\">\n\t                                <\/div>\n\t\t\t\t                <div class=\"mn-content-block\">\n\t                                <\/div>\n\t\t\t\t                <div class=\"mn-content-block\">\n\t                                <\/div>\n\t\t\t\t                <div class=\"mn-content-block\">\n\t                                <\/div>\n\t\t\t\t                <div class=\"mn-content-block\">\n\t                                <\/div>\n\t\t\t\t                <div class=\"mn-content-block\">\n\t                                <\/div>\n\t\t\t\t                <div class=\"mn-content-block\">\n\t                                <\/div>\n\t\t\t\t                <div class=\"mn-content-block\">\n\t                                <\/div>\n\t\t\t\t                <div class=\"mn-content-block\">\n\t                                <\/div>\n\t\t\t\t                <div class=\"mn-content-block\">\n\t                                <\/div>\n\t\t\t\t                <div class=\"mn-content-block\">\n\t                                <\/div>\n\t\t\t\t                <div class=\"mn-content-block\">\n\t                                <\/div>\n\t\t\t\t                <div class=\"mn-content-block\">\n\t                                <\/div>\n\t\t\t\t                <div class=\"mn-content-block\">\n\t                                <\/div>\n\t\t\t\t                <div class=\"mn-content-block\">\n\t                                <\/div>\n\t\t\t\t                <div class=\"mn-content-block\">\n\t                                <\/div>\n\t\t\t\t                <div class=\"mn-content-block\">\n\t                                <\/div>\n\t\t\t\t\t\t<\/div>\n\t<\/div>\n<\/section>\n\t\t<\/div>\n\t\t\t\t<\/div>\n\t\t\t\t\t\t<\/div>\n\t\t\t\t\t<\/div>\n\t\t<\/div>\n\t\t\t\t\t\t\t\t<\/div>\n\t\t\t\t\t<\/div>\n\t\t<\/section>\n\t\t\t\t\t\t<\/div>\n\t\t\t\t\t\t<\/div>\n\t\t\t\t\t<\/div>\n\t\t","protected":false},"excerpt":{"rendered":"<p>Gastronomy and culinary arts UP Wydzia\u0142 Nauk o&nbsp;\u017bywno\u015bci i&nbsp;Biotechnologii Gastronomy and culinary arts \u2013 in PolishFaculty: Food Science and BiotechnologyType of studies: full time\/part time studies\/Engineer\u2019s degreeDuration: 7 semesters (3.5 years) &#8211; full-time, 8 semesters (4 years) &#8211; part-time Information about the programme Gastronomy and Culinary Arts enables students to acquire specialised knowledge and skills [&hellip;]<\/p>\n","protected":false},"author":2,"featured_media":0,"parent":140821,"menu_order":0,"comment_status":"closed","ping_status":"closed","template":"elementor_header_footer","meta":{"_monsterinsights_skip_tracking":false,"_monsterinsights_sitenote_active":false,"_monsterinsights_sitenote_note":"","_monsterinsights_sitenote_category":0},"_links":{"self":[{"href":"https:\/\/up.lublin.pl\/foodscience\/en\/wp-json\/wp\/v2\/pages\/149257"}],"collection":[{"href":"https:\/\/up.lublin.pl\/foodscience\/en\/wp-json\/wp\/v2\/pages"}],"about":[{"href":"https:\/\/up.lublin.pl\/foodscience\/en\/wp-json\/wp\/v2\/types\/page"}],"author":[{"embeddable":true,"href":"https:\/\/up.lublin.pl\/foodscience\/en\/wp-json\/wp\/v2\/users\/2"}],"replies":[{"embeddable":true,"href":"https:\/\/up.lublin.pl\/foodscience\/en\/wp-json\/wp\/v2\/comments?post=149257"}],"version-history":[{"count":4,"href":"https:\/\/up.lublin.pl\/foodscience\/en\/wp-json\/wp\/v2\/pages\/149257\/revisions"}],"predecessor-version":[{"id":149262,"href":"https:\/\/up.lublin.pl\/foodscience\/en\/wp-json\/wp\/v2\/pages\/149257\/revisions\/149262"}],"up":[{"embeddable":true,"href":"https:\/\/up.lublin.pl\/foodscience\/en\/wp-json\/wp\/v2\/pages\/140821"}],"wp:attachment":[{"href":"https:\/\/up.lublin.pl\/foodscience\/en\/wp-json\/wp\/v2\/media?parent=149257"}],"curies":[{"name":"wp","href":"https:\/\/api.w.org\/{rel}","templated":true}]}}