{"id":149251,"date":"2024-02-09T13:09:39","date_gmt":"2024-02-09T12:09:39","guid":{"rendered":"https:\/\/up.lublin.pl\/foodscience\/?page_id=149251"},"modified":"2024-02-09T13:10:50","modified_gmt":"2024-02-09T12:10:50","slug":"dietetics","status":"publish","type":"page","link":"https:\/\/up.lublin.pl\/foodscience\/en\/didactic-activity\/dietetics\/","title":{"rendered":"Dietetics"},"content":{"rendered":"\t\t<div data-elementor-type=\"wp-page\" data-elementor-id=\"149251\" class=\"elementor elementor-149251\" data-elementor-settings=\"[]\">\n\t\t\t\t\t\t<div class=\"elementor-inner\">\n\t\t\t\t\t\t\t<div class=\"elementor-section-wrap\">\n\t\t\t\t\t\t\t<section class=\"elementor-section elementor-top-section elementor-element elementor-element-25929cfb elementor-section-boxed elementor-section-height-default elementor-section-height-default\" data-id=\"25929cfb\" data-element_type=\"section\">\n\t\t\t\t\t\t<div class=\"elementor-container elementor-column-gap-default\">\n\t\t\t\t\t\t\t<div class=\"elementor-row\">\n\t\t\t\t\t<div class=\"elementor-column elementor-col-100 elementor-top-column elementor-element elementor-element-5c599178\" data-id=\"5c599178\" data-element_type=\"column\">\n\t\t\t<div class=\"elementor-column-wrap elementor-element-populated\">\n\t\t\t\t\t\t\t<div class=\"elementor-widget-wrap\">\n\t\t\t\t\t\t<div class=\"elementor-element elementor-element-362d3f4 elementor-widget elementor-widget-m2d\" data-id=\"362d3f4\" data-element_type=\"widget\" data-widget_type=\"m2d.default\">\n\t\t\t\t<div class=\"elementor-widget-container\">\n\t\t\t<section class=\"mn-m2-d mn-bg-yellow\">\r\n\t<div class=\"mn-grid\">\r\n\t\t<div class=\"mn-grid-12 mn-introtext\">\r\n\t\t\t\t\t\t\t<h3>\r\n\t\t\t\t\tDietetics\t\t\t\t<\/h3>\r\n\t\t\t\t\t\t<\/div>\r\n\t\t\t        \r\n\r\n\t<\/div>\r\n\t<\/section>\r\n\t\t<\/div>\n\t\t\t\t<\/div>\n\t\t\t\t\t\t<\/div>\n\t\t\t\t\t<\/div>\n\t\t<\/div>\n\t\t\t\t\t\t\t\t<\/div>\n\t\t\t\t\t<\/div>\n\t\t<\/section>\n\t\t\t\t<section class=\"elementor-section elementor-top-section elementor-element elementor-element-60668283 elementor-section-boxed elementor-section-height-default elementor-section-height-default\" data-id=\"60668283\" data-element_type=\"section\">\n\t\t\t\t\t\t<div class=\"elementor-container elementor-column-gap-default\">\n\t\t\t\t\t\t\t<div class=\"elementor-row\">\n\t\t\t\t\t<div class=\"elementor-column elementor-col-100 elementor-top-column elementor-element elementor-element-122e4b64\" data-id=\"122e4b64\" data-element_type=\"column\">\n\t\t\t<div class=\"elementor-column-wrap elementor-element-populated\">\n\t\t\t\t\t\t\t<div class=\"elementor-widget-wrap\">\n\t\t\t\t\t\t<div class=\"elementor-element elementor-element-6cd26785 elementor-widget elementor-widget-m5c\" data-id=\"6cd26785\" data-element_type=\"widget\" data-widget_type=\"m5c.default\">\n\t\t\t\t<div class=\"elementor-widget-container\">\n\t\t\t<section class=\"mn-m5-c mn-m5-d2 mn-bg-white\">\n\t<div class=\"mn-grid\">\n\t\t\t\t<div class=\"mn-content mn-grid-9\">\n\t\t\t                <div class=\"mn-content-block active\">\n\t                                                        <div class=\"block-text\">\n\t                                        <p><strong>Dietetics \u2013 in Polish<br \/><\/strong><strong>Faculty<\/strong>: Food Science and Biotechnology<br \/><strong>Type of studies<\/strong>: full time\/part time studies\/Bachelor\u2019s degree<br \/><strong>Duration:<\/strong> 6 semesters (3 years) \u2013 full-time, 7 semesters (3.5 years) &#8211; part time<\/p>\n                                        <\/div>\n\t\t\t\t\t\t                                                        <ul class=\"mn-accordion\">\n                                            <li>\n                                                <h4 class=\"mn-accordion-title\">Information about the programme<\/h4>\n                                                <div>\n\t\t\t\t\t\t\t\t\t                <p>Dietetics as a&nbsp;field of study integrates knowledge of the principles of nutrition with the medical and biochemical fundamentals and gastronomic technology.<\/p>\n<p>This field of study is implemented in the full-time and part-time study system. Graduates receive a&nbsp;Bachelor&#8217;s degree.<\/p>\n<p>The studies provide an opportunity to gain knowledge in the field of principles of human nutrition, planning and preparation of dishes included in various diets, assessment and control of nutritional value and health quality of food, organising individual, collective and therapeutic nutrition, planning rational nutrition, prevention of nutrition-dependent diseases and conducting nutrition education. The graduate will be prepared to conduct research in the field of nutrition and control food quality, its storage conditions and food production. He\/she will learn the basics of marketing, food law and law and economics in health care.<\/p>\n                                                <\/div>\n                                            <\/li>\n                                        <\/ul>\n\t\t\t\t\t\t                                                        <ul class=\"mn-accordion\">\n                                            <li>\n                                                <h4 class=\"mn-accordion-title\">Examples of courses<\/h4>\n                                                <div>\n\t\t\t\t\t\t\t\t\t                <p>human anatomy, psychology, safety and ergonomics, work organisation, general and food biochemistry, human physiology, qualified first aid, fundamentals of human nutrition<\/p>\n                                                <\/div>\n                                            <\/li>\n                                        <\/ul>\n\t\t\t\t\t\t                                                        <ul class=\"mn-accordion\">\n                                            <li>\n                                                <h4 class=\"mn-accordion-title\">Admission<\/h4>\n                                                <div>\n\t\t\t\t\t\t\t\t\t                <p>Recruitment for studies proceeds electronically through the IRK system. A&nbsp;personal registration account is used to apply for the chosen course(s) and is the only source of information for the candidate on the outcome of the recruitment procedure.<\/p>\n<p>Candidates with a&nbsp;secondary school certificate can apply for admission to first-cycle studies.<\/p>\n<p>The recruitment procedure for first-cycle studies for candidates<\/p>\n<p>&#8211; with the so-called &#8220;new matura&#8221; are based on the results of the written part of the external matura examination. In the assessment of the competition, multiplying factors are used, which refer to the grades of subjects taken at the matura exam at basic or extended level.<\/p>\n<p>&#8211; with the so-called &#8220;old matura&#8221; is based on a&nbsp;competition of secondary school certificates. If a&nbsp;candidate has not passed the secondary school leaving examination in the subjects included in the competition, the final grades in these subjects included in the school leaving certificate are taken into account.<\/p>\n<p>&#8211; laureates and finalists of olympiads and competitions: depending on the subject of the competition or olympiad, preferential rules are taken into account.<\/p>\n<p>Subjects to be taken into account in the recruitment process: modern foreign language and one subject of choice: biology, chemistry, physics, computer science, mathematics.<\/p>\n                                                <\/div>\n                                            <\/li>\n                                        <\/ul>\n\t\t\t\t\t\t                                                        <ul class=\"mn-accordion\">\n                                            <li>\n                                                <h4 class=\"mn-accordion-title\">Career perspectives<\/h4>\n                                                <div>\n\t\t\t\t\t\t\t\t\t                <p>The graduate has a&nbsp;basic knowledge in nutrition of healthy and ill people and food preparation technology. He\/she is prepared to work in:<\/p>\n<ul>\n<li>public and non-public health care institutions;<\/li>\n<li>dietetic consultancies<\/li>\n<li>mass catering companies and companies supplying food to hospitals and other mass catering units;<\/li>\n<li>consumer organisations<\/li>\n<li>sports centres and others.<\/li>\n<\/ul>\n<p>He\/she can also work with:\u00a0 companies producing dietetic foods and foods for special purposes; doctors in the prevention and treatment of diseases through appropriate dietary intervention.<\/p>\n                                                <\/div>\n                                            <\/li>\n                                        <\/ul>\n\t\t\t\t\t\t                                <\/div>\n\t\t\t\t                <div class=\"mn-content-block\">\n\t                                <\/div>\n\t\t\t\t                <div class=\"mn-content-block\">\n\t                                <\/div>\n\t\t\t\t                <div class=\"mn-content-block\">\n\t                                <\/div>\n\t\t\t\t                <div class=\"mn-content-block\">\n\t                                <\/div>\n\t\t\t\t                <div class=\"mn-content-block\">\n\t                                <\/div>\n\t\t\t\t                <div class=\"mn-content-block\">\n\t                                <\/div>\n\t\t\t\t                <div class=\"mn-content-block\">\n\t                                <\/div>\n\t\t\t\t                <div class=\"mn-content-block\">\n\t                                <\/div>\n\t\t\t\t                <div class=\"mn-content-block\">\n\t                                <\/div>\n\t\t\t\t                <div class=\"mn-content-block\">\n\t                                <\/div>\n\t\t\t\t                <div class=\"mn-content-block\">\n\t                                <\/div>\n\t\t\t\t                <div class=\"mn-content-block\">\n\t                                <\/div>\n\t\t\t\t                <div class=\"mn-content-block\">\n\t                                <\/div>\n\t\t\t\t                <div class=\"mn-content-block\">\n\t                                <\/div>\n\t\t\t\t                <div class=\"mn-content-block\">\n\t                                <\/div>\n\t\t\t\t                <div class=\"mn-content-block\">\n\t                                <\/div>\n\t\t\t\t                <div class=\"mn-content-block\">\n\t                                <\/div>\n\t\t\t\t                <div class=\"mn-content-block\">\n\t                                <\/div>\n\t\t\t\t                <div class=\"mn-content-block\">\n\t                                <\/div>\n\t\t\t\t\t\t<\/div>\n\t<\/div>\n<\/section>\n\t\t<\/div>\n\t\t\t\t<\/div>\n\t\t\t\t\t\t<\/div>\n\t\t\t\t\t<\/div>\n\t\t<\/div>\n\t\t\t\t\t\t\t\t<\/div>\n\t\t\t\t\t<\/div>\n\t\t<\/section>\n\t\t\t\t\t\t<\/div>\n\t\t\t\t\t\t<\/div>\n\t\t\t\t\t<\/div>\n\t\t","protected":false},"excerpt":{"rendered":"<p>Dietetics UP Wydzia\u0142 Nauk o&nbsp;\u017bywno\u015bci i&nbsp;Biotechnologii Dietetics \u2013 in PolishFaculty: Food Science and BiotechnologyType of studies: full time\/part time studies\/Bachelor\u2019s degreeDuration: 6 semesters (3 years) \u2013 full-time, 7 semesters (3.5 years) &#8211; part time Information about the programme Dietetics as a&nbsp;field of study integrates knowledge of the principles of nutrition with the medical and biochemical [&hellip;]<\/p>\n","protected":false},"author":2,"featured_media":0,"parent":140821,"menu_order":0,"comment_status":"closed","ping_status":"closed","template":"elementor_header_footer","meta":{"_monsterinsights_skip_tracking":false,"_monsterinsights_sitenote_active":false,"_monsterinsights_sitenote_note":"","_monsterinsights_sitenote_category":0},"_links":{"self":[{"href":"https:\/\/up.lublin.pl\/foodscience\/en\/wp-json\/wp\/v2\/pages\/149251"}],"collection":[{"href":"https:\/\/up.lublin.pl\/foodscience\/en\/wp-json\/wp\/v2\/pages"}],"about":[{"href":"https:\/\/up.lublin.pl\/foodscience\/en\/wp-json\/wp\/v2\/types\/page"}],"author":[{"embeddable":true,"href":"https:\/\/up.lublin.pl\/foodscience\/en\/wp-json\/wp\/v2\/users\/2"}],"replies":[{"embeddable":true,"href":"https:\/\/up.lublin.pl\/foodscience\/en\/wp-json\/wp\/v2\/comments?post=149251"}],"version-history":[{"count":4,"href":"https:\/\/up.lublin.pl\/foodscience\/en\/wp-json\/wp\/v2\/pages\/149251\/revisions"}],"predecessor-version":[{"id":149256,"href":"https:\/\/up.lublin.pl\/foodscience\/en\/wp-json\/wp\/v2\/pages\/149251\/revisions\/149256"}],"up":[{"embeddable":true,"href":"https:\/\/up.lublin.pl\/foodscience\/en\/wp-json\/wp\/v2\/pages\/140821"}],"wp:attachment":[{"href":"https:\/\/up.lublin.pl\/foodscience\/en\/wp-json\/wp\/v2\/media?parent=149251"}],"curies":[{"name":"wp","href":"https:\/\/api.w.org\/{rel}","templated":true}]}}