{"id":140898,"date":"2021-07-09T10:00:35","date_gmt":"2021-07-09T08:00:35","guid":{"rendered":"https:\/\/up.lublin.pl\/foodscience\/?page_id=140898"},"modified":"2023-02-10T13:14:00","modified_gmt":"2023-02-10T12:14:00","slug":"department-of-plant-food-technology-and-gastronomy","status":"publish","type":"page","link":"https:\/\/up.lublin.pl\/foodscience\/en\/about-faculty\/didactic-units\/department-of-plant-food-technology-and-gastronomy\/","title":{"rendered":"Department of Plant Food Technology and Gastronomy"},"content":{"rendered":"\t\t<div data-elementor-type=\"wp-page\" data-elementor-id=\"140898\" class=\"elementor elementor-140898 elementor-140523\" data-elementor-settings=\"[]\">\n\t\t\t\t\t\t<div class=\"elementor-inner\">\n\t\t\t\t\t\t\t<div class=\"elementor-section-wrap\">\n\t\t\t\t\t\t\t<section class=\"elementor-section elementor-top-section elementor-element elementor-element-bbf8c3e elementor-section-boxed elementor-section-height-default elementor-section-height-default\" data-id=\"bbf8c3e\" data-element_type=\"section\">\n\t\t\t\t\t\t<div class=\"elementor-container elementor-column-gap-default\">\n\t\t\t\t\t\t\t<div class=\"elementor-row\">\n\t\t\t\t\t<div class=\"elementor-column elementor-col-100 elementor-top-column elementor-element elementor-element-8bf4150\" data-id=\"8bf4150\" data-element_type=\"column\">\n\t\t\t<div class=\"elementor-column-wrap elementor-element-populated\">\n\t\t\t\t\t\t\t<div class=\"elementor-widget-wrap\">\n\t\t\t\t\t\t<div class=\"elementor-element elementor-element-50ff241 elementor-widget elementor-widget-m2k\" data-id=\"50ff241\" data-element_type=\"widget\" data-widget_type=\"m2k.default\">\n\t\t\t\t<div class=\"elementor-widget-container\">\n\t\t\t<section class=\"mn-m2-d mn-bg-green\">\n    <div class=\"mn-grid\">\n        <div class=\"mn-grid-12 mn-introtext\">\n                            <h3>\n                     Department of Plant Food Technology and Gastronomy                <\/h3>\n                        <\/div>\n    <\/div>\n    <\/section>\n\t\t<\/div>\n\t\t\t\t<\/div>\n\t\t\t\t\t\t<\/div>\n\t\t\t\t\t<\/div>\n\t\t<\/div>\n\t\t\t\t\t\t\t\t<\/div>\n\t\t\t\t\t<\/div>\n\t\t<\/section>\n\t\t\t\t<section class=\"elementor-section elementor-top-section elementor-element elementor-element-bed7ecd elementor-section-boxed elementor-section-height-default elementor-section-height-default\" data-id=\"bed7ecd\" data-element_type=\"section\">\n\t\t\t\t\t\t<div class=\"elementor-container elementor-column-gap-default\">\n\t\t\t\t\t\t\t<div class=\"elementor-row\">\n\t\t\t\t\t<div class=\"elementor-column elementor-col-100 elementor-top-column elementor-element elementor-element-da695f5\" data-id=\"da695f5\" data-element_type=\"column\">\n\t\t\t<div class=\"elementor-column-wrap elementor-element-populated\">\n\t\t\t\t\t\t\t<div class=\"elementor-widget-wrap\">\n\t\t\t\t\t\t<div class=\"elementor-element elementor-element-7e5fce6 elementor-widget elementor-widget-m4a\" data-id=\"7e5fce6\" data-element_type=\"widget\" data-widget_type=\"m4a.default\">\n\t\t\t\t<div class=\"elementor-widget-container\">\n\t\t\t\t<section class=\"mn-m4_b mn-bg-green\">\n\t\t\t\t<div class=\"mn-grid\">\n\t\t\t\t\t\t\t<div class=\"mn-grid-6 mn-kat-m4-container\">\n\t\t\t\t\t\t\t\t\t\t\t\t\t\t\t\t<h3>Sub-department of Engineering and Cereals Technology<\/h3>\n\t\t\t\t\t\t\t\t\t\t\t\t\t\t\t\t\t\t\t\t<\/div>\n\t\t\t\t\t\t\t\t<div class=\"mn-grid-6 mn-kat-m4-container\">\n\t\t\t\t\t\t\t\t\t\t\t\t\t\t\t\t<h3>Sub-department of Fruits, Vegetables and Mushrooms Technology <\/h3>\n\t\t\t\t\t\t\t\t\t\t\t\t\t\t\t\t\t\t\t\t<\/div>\n\t\t\t\t\t\t<\/div>\n\t<\/section>\n\t\t\t<\/div>\n\t\t\t\t<\/div>\n\t\t\t\t\t\t<\/div>\n\t\t\t\t\t<\/div>\n\t\t<\/div>\n\t\t\t\t\t\t\t\t<\/div>\n\t\t\t\t\t<\/div>\n\t\t<\/section>\n\t\t\t\t\t\t<\/div>\n\t\t\t\t\t\t<\/div>\n\t\t\t\t\t<\/div>\n\t\t","protected":false},"excerpt":{"rendered":"<p>Department of Plant Food Technology and Gastronomy UP Wydzia\u0142 Nauk o&nbsp;\u017bywno\u015bci i&nbsp;Biotechnologii Sub-department of Engineering and Cereals Technology Sub-department of Fruits, Vegetables and Mushrooms Technology<\/p>\n","protected":false},"author":2,"featured_media":0,"parent":140833,"menu_order":0,"comment_status":"closed","ping_status":"closed","template":"elementor_header_footer","meta":{"_monsterinsights_skip_tracking":false,"_monsterinsights_sitenote_active":false,"_monsterinsights_sitenote_note":"","_monsterinsights_sitenote_category":0},"_links":{"self":[{"href":"https:\/\/up.lublin.pl\/foodscience\/en\/wp-json\/wp\/v2\/pages\/140898"}],"collection":[{"href":"https:\/\/up.lublin.pl\/foodscience\/en\/wp-json\/wp\/v2\/pages"}],"about":[{"href":"https:\/\/up.lublin.pl\/foodscience\/en\/wp-json\/wp\/v2\/types\/page"}],"author":[{"embeddable":true,"href":"https:\/\/up.lublin.pl\/foodscience\/en\/wp-json\/wp\/v2\/users\/2"}],"replies":[{"embeddable":true,"href":"https:\/\/up.lublin.pl\/foodscience\/en\/wp-json\/wp\/v2\/comments?post=140898"}],"version-history":[{"count":7,"href":"https:\/\/up.lublin.pl\/foodscience\/en\/wp-json\/wp\/v2\/pages\/140898\/revisions"}],"predecessor-version":[{"id":145786,"href":"https:\/\/up.lublin.pl\/foodscience\/en\/wp-json\/wp\/v2\/pages\/140898\/revisions\/145786"}],"up":[{"embeddable":true,"href":"https:\/\/up.lublin.pl\/foodscience\/en\/wp-json\/wp\/v2\/pages\/140833"}],"wp:attachment":[{"href":"https:\/\/up.lublin.pl\/foodscience\/en\/wp-json\/wp\/v2\/media?parent=140898"}],"curies":[{"name":"wp","href":"https:\/\/api.w.org\/{rel}","templated":true}]}}