{"id":140887,"date":"2021-07-08T12:37:43","date_gmt":"2021-07-08T10:37:43","guid":{"rendered":"https:\/\/up.lublin.pl\/foodscience\/?page_id=140887"},"modified":"2023-05-25T10:44:57","modified_gmt":"2023-05-25T08:44:57","slug":"department-of-analysis-and-food-quality-assessment","status":"publish","type":"page","link":"https:\/\/up.lublin.pl\/foodscience\/en\/about-faculty\/didactic-units\/department-of-analysis-and-food-quality-assessment\/","title":{"rendered":"Department of Analysis and Food Quality Assessment"},"content":{"rendered":"\t\t<div data-elementor-type=\"wp-page\" data-elementor-id=\"140887\" class=\"elementor elementor-140887 elementor-140411\" data-elementor-settings=\"[]\">\n\t\t\t\t\t\t<div class=\"elementor-inner\">\n\t\t\t\t\t\t\t<div class=\"elementor-section-wrap\">\n\t\t\t\t\t\t\t<section class=\"elementor-section elementor-top-section elementor-element elementor-element-fa342e8 elementor-section-boxed elementor-section-height-default elementor-section-height-default\" data-id=\"fa342e8\" data-element_type=\"section\">\n\t\t\t\t\t\t<div class=\"elementor-container elementor-column-gap-default\">\n\t\t\t\t\t\t\t<div class=\"elementor-row\">\n\t\t\t\t\t<div class=\"elementor-column elementor-col-100 elementor-top-column elementor-element elementor-element-b8815db\" data-id=\"b8815db\" data-element_type=\"column\">\n\t\t\t<div class=\"elementor-column-wrap elementor-element-populated\">\n\t\t\t\t\t\t\t<div class=\"elementor-widget-wrap\">\n\t\t\t\t\t\t<div class=\"elementor-element elementor-element-ba60312 elementor-widget elementor-widget-m2k\" data-id=\"ba60312\" data-element_type=\"widget\" data-widget_type=\"m2k.default\">\n\t\t\t\t<div class=\"elementor-widget-container\">\n\t\t\t<section class=\"mn-m2-d mn-bg-green\">\n    <div class=\"mn-grid\">\n        <div class=\"mn-grid-12 mn-introtext\">\n                            <h3>\n                     Department of Analysis and Food Quality Assessment                 <\/h3>\n                        <\/div>\n    <\/div>\n    <\/section>\n\t\t<\/div>\n\t\t\t\t<\/div>\n\t\t\t\t\t\t<\/div>\n\t\t\t\t\t<\/div>\n\t\t<\/div>\n\t\t\t\t\t\t\t\t<\/div>\n\t\t\t\t\t<\/div>\n\t\t<\/section>\n\t\t\t\t<section class=\"elementor-section elementor-top-section elementor-element elementor-element-266d00f elementor-section-boxed elementor-section-height-default elementor-section-height-default\" data-id=\"266d00f\" data-element_type=\"section\">\n\t\t\t\t\t\t<div class=\"elementor-container elementor-column-gap-default\">\n\t\t\t\t\t\t\t<div class=\"elementor-row\">\n\t\t\t\t\t<div class=\"elementor-column elementor-col-100 elementor-top-column elementor-element elementor-element-82bed59\" data-id=\"82bed59\" data-element_type=\"column\">\n\t\t\t<div class=\"elementor-column-wrap elementor-element-populated\">\n\t\t\t\t\t\t\t<div class=\"elementor-widget-wrap\">\n\t\t\t\t\t\t<div class=\"elementor-element elementor-element-dcefaa8 elementor-widget elementor-widget-m5c\" data-id=\"dcefaa8\" data-element_type=\"widget\" data-widget_type=\"m5c.default\">\n\t\t\t\t<div class=\"elementor-widget-container\">\n\t\t\t<section class=\"mn-m5-c mn-bg-white\">\n\t<div class=\"mn-grid\">\n\t\t            <div class=\"mn-menu-container mn-grid-3\">\n                <ul class=\"mn-bg-yellow\">\n\t                                        <li>\n                            <a href=\"#\" class=\"active\" data-hash=\"#research\">\n                                Research                            <\/a>\n                        <\/li>\n                                                <li>\n                            <a href=\"#\" class=\"\" data-hash=\"#history\">\n                                History                            <\/a>\n                        <\/li>\n                                                <li>\n                            <a href=\"#\" class=\"\" data-hash=\"#doctoral_degrees\">\n                                Doctoral Degrees                            <\/a>\n                        <\/li>\n                                        <\/ul>\n            <\/div>\n\t        \t\t<div class=\"mn-content mn-grid-8\">\n\t\t\t                <div class=\"mn-content-block active\">\n\t                                                        <div class=\"block-text\">\n\t                                        <p>The research covers the following topics:<\/p>\n<ul>\n<li>Analysis of starch structure after an action of enzymes including determination of internal porosity using mercury porosimetry and crystalline structure, as well as structural inhomogeneities using WAXS and SAXS methods (this part of research is conducted in cooperation with partner scientific units);<\/li>\n<li>Optimization of the parameters of hydrothermal processing of starch materials by means of physico-chemical and structural characteristics of the product (sorption properties both from the gaseous and the aqueous stage);<\/li>\n<li>Determination of sorption isotherms of chemically diverse compounds on starch in the conditions of carrier gas moistening using inverse gas chromatography;<\/li>\n<li>Influence of pulsatory electric field on permeability changes in membranes of different yeast types concerning an accumulation of inorganic ions in cells as well as their influence on enzyme activity;<\/li>\n<li>Improvement of food chemical components analysis methods (development and improvement of procedures such as isolation, separation and determination of biologically active compounds: proteins, amino acids and enzymes using chromatography);<\/li>\n<li>Assessment of some Silphium species as inulin and saponin material;<\/li>\n<li>Examination of storage changes in hops and hop products by, among others, an estimation of antioxidation activity changes.<\/li>\n<\/ul>\n                                        <\/div>\n\t\t\t\t\t\t                                <\/div>\n\t\t\t\t                <div class=\"mn-content-block\">\n\t                                                        <div class=\"block-text\">\n\t                                        <p>Department of Instrumental Analysis of Food was established in 1993 to complete scientific and didactic matters for the new major Food Technology and Human Nutrition at the Faculty of Agriculture. In the years 2003\u00962006 the unit existed under the name of Department of Food Quality Evaluation and finally it changed the name again into Department of Analysis and Evaluation of Food Quality on 18.04.2006.<\/p>\n                                        <\/div>\n\t\t\t\t\t\t                                <\/div>\n\t\t\t\t                <div class=\"mn-content-block\">\n\t                                                        <div class=\"block-text\">\n\t                                        <p><b> Urszula Pankiewicz<\/b><\/p>\n<p>holds academic degree of Doctor in Agricultural Sciences in the field of Food Technology and Nutrition (specialization: Food Analysis) conferred by the Council of the Faculty of Agriculture at Agricultural University in Lublin on 6th June 2005. <\/p>\n<p>Dissertation title: &#8220;The influence of a&nbsp;pulsating electric field on selenium accumulation in cells of various species of yeast&#8221;<\/p>\n<p>Supervisor: dr hab. Jerzy Jamroz, prof. nadzw.<\/p>\n<p><b> Marzena W\u0142odarczyk-Stasiak <\/b> <\/p>\n<p>holds academic degree of Doctor in Agricultural Sciences in the field of Food Technology and Nutrition (specialization: Food Analysis) conferred by the Council of the Faculty of Food Science at University of Warmia and Mazury in Olsztyn on 13th October 2006. <\/p>\n<p>Dissertation title: &#8220;Studies on the starch extrudates structure by sorption methods&#8221; <\/p>\n<p>Supervisor: dr hab. Jerzy Jamroz, prof. nadzw.<\/p>\n<p><b> Monika Sujka <\/b> <\/p>\n<p>holds academic degree of Doctor in Agricultural Sciences in the field of Food Technology and Nutrition (specialization: Food Analysis) conferred by the Council of the Faculty of Food Science and Biotechnology at Agricultural University in Lublin on 7th November 2007. <\/p>\n<p>Dissertation title: &#8220;Influence of enzymatic hydrolysis on structure of different native starches\u0094 <\/p>\n<p>Supervisor: dr hab. Jerzy Jamroz, prof. nadzw.<\/p>\n                                        <\/div>\n\t\t\t\t\t\t                                <\/div>\n\t\t\t\t\t\t<\/div>\n\t<\/div>\n<\/section>\n\t\t<\/div>\n\t\t\t\t<\/div>\n\t\t\t\t\t\t<\/div>\n\t\t\t\t\t<\/div>\n\t\t<\/div>\n\t\t\t\t\t\t\t\t<\/div>\n\t\t\t\t\t<\/div>\n\t\t<\/section>\n\t\t\t\t\t\t<\/div>\n\t\t\t\t\t\t<\/div>\n\t\t\t\t\t<\/div>\n\t\t","protected":false},"excerpt":{"rendered":"<p>Department of Analysis and Food Quality Assessment UP Wydzia\u0142 Nauk o&nbsp;\u017bywno\u015bci i&nbsp;Biotechnologii Research History Doctoral Degrees The research covers the following topics: Analysis of starch structure after an action of enzymes including determination of internal porosity using mercury porosimetry and crystalline structure, as well as structural inhomogeneities using WAXS and SAXS methods (this part of [&hellip;]<\/p>\n","protected":false},"author":2,"featured_media":0,"parent":140833,"menu_order":0,"comment_status":"closed","ping_status":"closed","template":"elementor_header_footer","meta":{"_monsterinsights_skip_tracking":false,"_monsterinsights_sitenote_active":false,"_monsterinsights_sitenote_note":"","_monsterinsights_sitenote_category":0},"_links":{"self":[{"href":"https:\/\/up.lublin.pl\/foodscience\/en\/wp-json\/wp\/v2\/pages\/140887"}],"collection":[{"href":"https:\/\/up.lublin.pl\/foodscience\/en\/wp-json\/wp\/v2\/pages"}],"about":[{"href":"https:\/\/up.lublin.pl\/foodscience\/en\/wp-json\/wp\/v2\/types\/page"}],"author":[{"embeddable":true,"href":"https:\/\/up.lublin.pl\/foodscience\/en\/wp-json\/wp\/v2\/users\/2"}],"replies":[{"embeddable":true,"href":"https:\/\/up.lublin.pl\/foodscience\/en\/wp-json\/wp\/v2\/comments?post=140887"}],"version-history":[{"count":10,"href":"https:\/\/up.lublin.pl\/foodscience\/en\/wp-json\/wp\/v2\/pages\/140887\/revisions"}],"predecessor-version":[{"id":146928,"href":"https:\/\/up.lublin.pl\/foodscience\/en\/wp-json\/wp\/v2\/pages\/140887\/revisions\/146928"}],"up":[{"embeddable":true,"href":"https:\/\/up.lublin.pl\/foodscience\/en\/wp-json\/wp\/v2\/pages\/140833"}],"wp:attachment":[{"href":"https:\/\/up.lublin.pl\/foodscience\/en\/wp-json\/wp\/v2\/media?parent=140887"}],"curies":[{"name":"wp","href":"https:\/\/api.w.org\/{rel}","templated":true}]}}