{"id":140864,"date":"2021-07-08T11:55:03","date_gmt":"2021-07-08T09:55:03","guid":{"rendered":"https:\/\/up.lublin.pl\/foodscience\/?page_id=140864"},"modified":"2023-02-10T13:14:23","modified_gmt":"2023-02-10T12:14:23","slug":"department-of-biotechnology-microbiology-and-human-nutrition","status":"publish","type":"page","link":"https:\/\/up.lublin.pl\/foodscience\/en\/about-faculty\/didactic-units\/department-of-biotechnology-microbiology-and-human-nutrition\/","title":{"rendered":"Department of Biotechnology, Microbiology and Human Nutrition"},"content":{"rendered":"\t\t<div data-elementor-type=\"wp-page\" data-elementor-id=\"140864\" class=\"elementor elementor-140864\" data-elementor-settings=\"[]\">\n\t\t\t\t\t\t<div class=\"elementor-inner\">\n\t\t\t\t\t\t\t<div class=\"elementor-section-wrap\">\n\t\t\t\t\t\t\t<section class=\"elementor-section elementor-top-section elementor-element elementor-element-9045724 elementor-section-boxed elementor-section-height-default elementor-section-height-default\" data-id=\"9045724\" data-element_type=\"section\">\n\t\t\t\t\t\t<div class=\"elementor-container elementor-column-gap-default\">\n\t\t\t\t\t\t\t<div class=\"elementor-row\">\n\t\t\t\t\t<div class=\"elementor-column elementor-col-100 elementor-top-column elementor-element elementor-element-56a58ed\" data-id=\"56a58ed\" data-element_type=\"column\">\n\t\t\t<div class=\"elementor-column-wrap elementor-element-populated\">\n\t\t\t\t\t\t\t<div class=\"elementor-widget-wrap\">\n\t\t\t\t\t\t<div class=\"elementor-element elementor-element-dedd7ac elementor-widget elementor-widget-m2k\" data-id=\"dedd7ac\" data-element_type=\"widget\" data-widget_type=\"m2k.default\">\n\t\t\t\t<div class=\"elementor-widget-container\">\n\t\t\t<section class=\"mn-m2-d mn-bg-green\">\n    <div class=\"mn-grid\">\n        <div class=\"mn-grid-12 mn-introtext\">\n                            <h3>\n                    Department of Biotechnology, Microbiology and Human Nutrition                <\/h3>\n                        <\/div>\n    <\/div>\n    <\/section>\n\t\t<\/div>\n\t\t\t\t<\/div>\n\t\t\t\t\t\t<\/div>\n\t\t\t\t\t<\/div>\n\t\t<\/div>\n\t\t\t\t\t\t\t\t<\/div>\n\t\t\t\t\t<\/div>\n\t\t<\/section>\n\t\t\t\t<section class=\"elementor-section elementor-top-section elementor-element elementor-element-636769d elementor-section-boxed elementor-section-height-default elementor-section-height-default\" data-id=\"636769d\" data-element_type=\"section\">\n\t\t\t\t\t\t<div class=\"elementor-container elementor-column-gap-default\">\n\t\t\t\t\t\t\t<div class=\"elementor-row\">\n\t\t\t\t\t<div class=\"elementor-column elementor-col-100 elementor-top-column elementor-element elementor-element-ed5435f\" data-id=\"ed5435f\" data-element_type=\"column\">\n\t\t\t<div class=\"elementor-column-wrap elementor-element-populated\">\n\t\t\t\t\t\t\t<div class=\"elementor-widget-wrap\">\n\t\t\t\t\t\t<div class=\"elementor-element elementor-element-7d5b989 elementor-widget elementor-widget-m4a\" data-id=\"7d5b989\" data-element_type=\"widget\" data-widget_type=\"m4a.default\">\n\t\t\t\t<div class=\"elementor-widget-container\">\n\t\t\t\t<section class=\"mn-m4_b mn-bg-green\">\n\t\t\t\t<div class=\"mn-grid\">\n\t\t\t\t\t\t\t<div class=\"mn-grid-4 mn-kat-m4-container\">\n\t\t\t\t\t\t\t\t\t\t\t\t\t\t\t\t<h3>About the Department<\/h3>\n\t\t\t\t\t\t\t\t\t\t\t\t\t\t\t\t\t\t\t\t\t\t<a href=\"https:\/\/up.lublin.pl\/foodscience\/en\/about-faculty\/didactic-units\/biotechnology\/\" class=\"mn-more\">Read more<\/a>\n\t\t\t\t\t\t\t\t\t\t<\/div>\n\t\t\t\t\t\t\t\t<div class=\"mn-grid-4 mn-kat-m4-container\">\n\t\t\t\t\t\t\t\t\t\t\t\t\t\t\t\t<h3>Section of Plant Origin Organic Food <\/h3>\n\t\t\t\t\t\t\t\t\t\t\t\t\t\t\t\t\t\t\t\t<\/div>\n\t\t\t\t\t\t\t\t<div class=\"mn-grid-4 mn-kat-m4-container\">\n\t\t\t\t\t\t\t\t\t\t\t\t\t\t\t\t<h3>Dietitian Service (PL)<\/h3>\n\t\t\t\t\t\t\t\t\t\t\t\t\t\t\t\t\t\t\t\t\t\t<a href=\"https:\/\/up.lublin.pl\/uslugi\/poradnia-dietetyczna\/\" class=\"mn-more\">Read more<\/a>\n\t\t\t\t\t\t\t\t\t\t<\/div>\n\t\t\t\t\t\t<\/div>\n\t<\/section>\n\t\t\t<\/div>\n\t\t\t\t<\/div>\n\t\t\t\t\t\t<\/div>\n\t\t\t\t\t<\/div>\n\t\t<\/div>\n\t\t\t\t\t\t\t\t<\/div>\n\t\t\t\t\t<\/div>\n\t\t<\/section>\n\t\t\t\t\t\t<\/div>\n\t\t\t\t\t\t<\/div>\n\t\t\t\t\t<\/div>\n\t\t","protected":false},"excerpt":{"rendered":"<p>Department of Biotechnology, Microbiology and Human Nutrition UP Wydzia\u0142 Nauk o&nbsp;\u017bywno\u015bci i&nbsp;Biotechnologii About the Department Zobacz wi\u0119cej Section of Plant Origin Organic Food Dietitian Service (PL) Zobacz wi\u0119cej<\/p>\n","protected":false},"author":2,"featured_media":0,"parent":140833,"menu_order":0,"comment_status":"closed","ping_status":"closed","template":"elementor_header_footer","meta":{"_monsterinsights_skip_tracking":false,"_monsterinsights_sitenote_active":false,"_monsterinsights_sitenote_note":"","_monsterinsights_sitenote_category":0},"_links":{"self":[{"href":"https:\/\/up.lublin.pl\/foodscience\/en\/wp-json\/wp\/v2\/pages\/140864"}],"collection":[{"href":"https:\/\/up.lublin.pl\/foodscience\/en\/wp-json\/wp\/v2\/pages"}],"about":[{"href":"https:\/\/up.lublin.pl\/foodscience\/en\/wp-json\/wp\/v2\/types\/page"}],"author":[{"embeddable":true,"href":"https:\/\/up.lublin.pl\/foodscience\/en\/wp-json\/wp\/v2\/users\/2"}],"replies":[{"embeddable":true,"href":"https:\/\/up.lublin.pl\/foodscience\/en\/wp-json\/wp\/v2\/comments?post=140864"}],"version-history":[{"count":13,"href":"https:\/\/up.lublin.pl\/foodscience\/en\/wp-json\/wp\/v2\/pages\/140864\/revisions"}],"predecessor-version":[{"id":145789,"href":"https:\/\/up.lublin.pl\/foodscience\/en\/wp-json\/wp\/v2\/pages\/140864\/revisions\/145789"}],"up":[{"embeddable":true,"href":"https:\/\/up.lublin.pl\/foodscience\/en\/wp-json\/wp\/v2\/pages\/140833"}],"wp:attachment":[{"href":"https:\/\/up.lublin.pl\/foodscience\/en\/wp-json\/wp\/v2\/media?parent=140864"}],"curies":[{"name":"wp","href":"https:\/\/api.w.org\/{rel}","templated":true}]}}