{"id":140757,"date":"2021-07-08T08:19:06","date_gmt":"2021-07-08T06:19:06","guid":{"rendered":"https:\/\/up.lublin.pl\/foodscience\/?page_id=140757"},"modified":"2021-07-08T08:24:18","modified_gmt":"2021-07-08T06:24:18","slug":"history","status":"publish","type":"page","link":"https:\/\/up.lublin.pl\/foodscience\/en\/about-faculty\/history\/","title":{"rendered":"History"},"content":{"rendered":"\t\t<div data-elementor-type=\"wp-page\" data-elementor-id=\"140757\" class=\"elementor elementor-140757 elementor-211\" data-elementor-settings=\"[]\">\n\t\t\t\t\t\t<div class=\"elementor-inner\">\n\t\t\t\t\t\t\t<div class=\"elementor-section-wrap\">\n\t\t\t\t\t\t\t<section class=\"elementor-section elementor-top-section elementor-element elementor-element-231cb87 elementor-section-boxed elementor-section-height-default elementor-section-height-default\" data-id=\"231cb87\" data-element_type=\"section\">\n\t\t\t\t\t\t<div class=\"elementor-container elementor-column-gap-default\">\n\t\t\t\t\t\t\t<div class=\"elementor-row\">\n\t\t\t\t\t<div class=\"elementor-column elementor-col-100 elementor-top-column elementor-element elementor-element-4a9a751\" data-id=\"4a9a751\" data-element_type=\"column\">\n\t\t\t<div class=\"elementor-column-wrap elementor-element-populated\">\n\t\t\t\t\t\t\t<div class=\"elementor-widget-wrap\">\n\t\t\t\t\t\t<div class=\"elementor-element elementor-element-6b83862 elementor-widget elementor-widget-m2e\" data-id=\"6b83862\" data-element_type=\"widget\" data-widget_type=\"m2e.default\">\n\t\t\t\t<div class=\"elementor-widget-container\">\n\t\t\t<section class=\"mn-m2-e mn-bg-green\">\n\t<div class=\"mn-grid\">\n\t\t<div class=\"mn-grid-3 mn-introtext\">\n\t\t\t\t\t\t\t<p class=\"mn-header\">Wydzia\u0142 Nauk o&nbsp;\u017bwyno\u015bci i&nbsp;Biotechnologii<\/p>\n\t\t\t\t\t\t\t\t\t\t\t<h3>\n\t\t\t\t\tHistoria\t\t\t\t<\/h3>\n\t\t\t\t\t\t\t\t\t\t\t\t<\/div>\n\t\t<div class=\"mn-grid-9 mn-image-container\">\n\t\t\t\t\t<\/div>\n\t<\/div>\n\t<\/section>\n\t\t<\/div>\n\t\t\t\t<\/div>\n\t\t\t\t\t\t<\/div>\n\t\t\t\t\t<\/div>\n\t\t<\/div>\n\t\t\t\t\t\t\t\t<\/div>\n\t\t\t\t\t<\/div>\n\t\t<\/section>\n\t\t\t\t<section class=\"elementor-section elementor-top-section elementor-element elementor-element-4a9a8cd elementor-section-boxed elementor-section-height-default elementor-section-height-default\" data-id=\"4a9a8cd\" data-element_type=\"section\">\n\t\t\t\t\t\t<div class=\"elementor-container elementor-column-gap-narrow\">\n\t\t\t\t\t\t\t<div class=\"elementor-row\">\n\t\t\t\t\t<div class=\"elementor-column elementor-col-100 elementor-top-column elementor-element elementor-element-fa0809e\" data-id=\"fa0809e\" data-element_type=\"column\">\n\t\t\t<div class=\"elementor-column-wrap elementor-element-populated\">\n\t\t\t\t\t\t\t<div class=\"elementor-widget-wrap\">\n\t\t\t\t\t\t<div class=\"elementor-element elementor-element-3b34fcd elementor-widget elementor-widget-m5c\" data-id=\"3b34fcd\" data-element_type=\"widget\" data-widget_type=\"m5c.default\">\n\t\t\t\t<div class=\"elementor-widget-container\">\n\t\t\t<section class=\"mn-m5-c mn-m5-d2 mn-bg-white\">\n\t<div class=\"mn-grid\">\n\t\t\t\t<div class=\"mn-content mn-grid-9\">\n\t\t\t                <div class=\"mn-content-block active\">\n\t                                                        <div class=\"block-text\">\n\t                                        <p>On 17 June 2005, the Senate of the University of Life Sciences in Lublin adopted a&nbsp;resolution (no. 21\/2005-2006) &#8220;On the establishment of the Faculty of Food Sciences and Biotechnology&#8221; in force on 1 July 2005. The heard of the faculty was dr hab. Barbara Baraniak who was appointed by Rector prof. dr hab. Zdzislaw Targo\u0144ski.<\/p>\n<table style=\"border-collapse: collapse; width: 100%;\">\n<tbody>\n<tr style=\"border-style: hidden;\">\n<td style=\"width: 50%;\"><img loading=\"lazy\" class=\"size-full wp-image-405 aligncenter\" src=\"http:\/\/nowastrona.up.lublin.pl\/foodscience\/wp-content\/uploads\/sites\/8\/2021\/01\/Historia-zdj\u0119cie-1-1.jpg\" alt=\"\" width=\"274\" height=\"204\" \/><\/td>\n<td style=\"width: 50%;\"><img loading=\"lazy\" class=\"size-full wp-image-401 aligncenter\" src=\"http:\/\/nowastrona.up.lublin.pl\/foodscience\/wp-content\/uploads\/sites\/8\/2021\/01\/Historia-zdj\u0119cie-2.jpg\" alt=\"\" width=\"274\" height=\"204\" \/><\/td>\n<\/tr>\n<\/tbody>\n<\/table>\n<p>\u00a0<\/p>\n<p>The following units, which were previously part of the Faculty of Agriculture, were included in the Faculty of Food Sciences and Biotechnology:<\/p>\n<ul>\n<li>Department of Biochemistry and Food Chemistry,<\/li>\n<li>Department of Chemistry,<\/li>\n<li>Department of Fruit and Vegetable Processing,<\/li>\n<li>Department of Agricultural and Food Industry Technology and Storage,<\/li>\n<li>Sub-department of\u00a0Analysis\u00a0and Food\u00a0Quality Assessment,<\/li>\n<li>Sub-department of Designing Production Processes,<\/li>\n<li>Sub-department of\u00a0Commodity Science and Processing\u00a0of\u00a0Animal Raw Materials,<\/li>\n<li>Postgraduate Study Centre of\u00a0Quality Management in Food Production.<\/li>\n<\/ul>\n<table style=\"border-collapse: collapse; width: 100%;\">\n<tbody>\n<tr style=\"border-style: none;\">\n<td style=\"width: 50%;\"><img loading=\"lazy\" class=\"size-full wp-image-413 aligncenter\" src=\"http:\/\/nowastrona.up.lublin.pl\/foodscience\/wp-content\/uploads\/sites\/8\/2021\/01\/Historia-zdj\u0119cie-3.jpg\" alt=\"\" width=\"274\" height=\"204\" \/><\/td>\n<td style=\"width: 50%;\"><img loading=\"lazy\" class=\"size-full wp-image-417 aligncenter\" src=\"http:\/\/nowastrona.up.lublin.pl\/foodscience\/wp-content\/uploads\/sites\/8\/2021\/01\/Historia-zdj\u0119cie-4.jpg\" alt=\"\" width=\"274\" height=\"204\" \/><\/td>\n<\/tr>\n<\/tbody>\n<\/table>\n<p>\u00a0<\/p>\n<p>Pursuant to the resolution, by 31 December 2005, the units operating within the Faculty of Agriculture (the Department of Food Technology and Human Nutrition which was closed down, the Department of Chemistry, and the Department of Biochemistry and Food Chemistry) were transferred to the Faculty of Food Sciences and Biotechnology.<\/p>\n<p>The period from 1 July 2005 to 31 December 2005 was the period of organisation of the faculty. At that time, an election committee was established to appoint representatives, out of the group of employees who were not independent academic lecturers, and the Council of the Faculty. The student government chose representatives from among the students. In December, the above-mentioned representatives chose the dean and deputy deans of the Faculty of Food Science and Biotechnology. Since October 2006, the units transferred to the structure of the faculty (except for the Department of Chemistry) occupied a&nbsp;new building at ul. Skromna 8.<\/p>\n<p>Since 1 January 2006, the faculty started operating as the sixth faculty of the University of Life Sciences in Lublin. The majority of the independent members of the newly-established faculty belonged to the committee of the Faculty of Agriculture which was responsible for conducting final doctoral examinations in the discipline of food technology\u00a0and\u00a0nutrition as the Faculty of Agriculture was authorised, since 25 February 2002, by the\u00a0Central Commission\u00a0for\u00a0Academic Degrees and Titles, to award an academic title of doctor of agricultural sciences in the discipline of food technology and nutrition. Since receiving the above-mentioned rights, the committee of the Faculty of Agriculture has awarded the degree of doctor of agricultural sciences in the discipline of food technology and nutrition to 19 students. Currently, such rights are also held by the Faculty of Food Sciences and Biotechnology &#8211; based on the application submitted in January 2006, the\u00a0Central Commission\u00a0for\u00a0Academic Degrees and Titles, having consulted the Central Council of Higher Education, authorised on 26 June 2006 the faculty to award the title of doctor of agricultural sciences in the discipline of food technology and nutrition.<\/p>\n<p>On 27 April 2009, the\u00a0Central Commission\u00a0for\u00a0Academic Degrees and Titles, pursuant to Art. 5 sec. 2 of the Act of 14 March 2003 on\u00a0Academic\u00a0Degrees\u00a0and\u00a0Academic Title and Degrees and Title\u00a0in Art (Dz.U.\/ Journal of Laws\/ no. 65, item. 595 as amended Dz.U. ? Journal of Laws\/ of 2005, no. 164, item. 1365), after consulting the Central Council of Higher Education, decided to grant the Faculty of Food Sciences and Biotechnology of the University of Life Sciences in Lublin the right to award the academic title of doctor of agricultural sciences in the discipline of food technology and nutrition.<\/p>\n<p>Since 1 October 2009, four-year full-time doctoral studies in the scientific discipline of food technology and nutrition are conducted at the Faculty of Food Sciences and Biotechnology.<\/p>\n<p>\u00a0<\/p>\n                                        <\/div>\n\t\t\t\t\t\t                                <\/div>\n\t\t\t\t                <div class=\"mn-content-block\">\n\t                                <\/div>\n\t\t\t\t                <div class=\"mn-content-block\">\n\t                                <\/div>\n\t\t\t\t                <div class=\"mn-content-block\">\n\t                                <\/div>\n\t\t\t\t                <div class=\"mn-content-block\">\n\t                                <\/div>\n\t\t\t\t                <div class=\"mn-content-block\">\n\t                                <\/div>\n\t\t\t\t                <div class=\"mn-content-block\">\n\t                                <\/div>\n\t\t\t\t                <div class=\"mn-content-block\">\n\t                                <\/div>\n\t\t\t\t                <div class=\"mn-content-block\">\n\t                                <\/div>\n\t\t\t\t                <div class=\"mn-content-block\">\n\t                                <\/div>\n\t\t\t\t                <div class=\"mn-content-block\">\n\t                                <\/div>\n\t\t\t\t                <div class=\"mn-content-block\">\n\t                                <\/div>\n\t\t\t\t                <div class=\"mn-content-block\">\n\t                                <\/div>\n\t\t\t\t                <div class=\"mn-content-block\">\n\t                                <\/div>\n\t\t\t\t                <div class=\"mn-content-block\">\n\t                                <\/div>\n\t\t\t\t                <div class=\"mn-content-block\">\n\t                                <\/div>\n\t\t\t\t                <div class=\"mn-content-block\">\n\t                                <\/div>\n\t\t\t\t                <div class=\"mn-content-block\">\n\t                                <\/div>\n\t\t\t\t                <div class=\"mn-content-block\">\n\t                                <\/div>\n\t\t\t\t                <div class=\"mn-content-block\">\n\t                                <\/div>\n\t\t\t\t\t\t<\/div>\n\t<\/div>\n<\/section>\n\t\t<\/div>\n\t\t\t\t<\/div>\n\t\t\t\t\t\t<\/div>\n\t\t\t\t\t<\/div>\n\t\t<\/div>\n\t\t\t\t\t\t\t\t<\/div>\n\t\t\t\t\t<\/div>\n\t\t<\/section>\n\t\t\t\t\t\t<\/div>\n\t\t\t\t\t\t<\/div>\n\t\t\t\t\t<\/div>\n\t\t","protected":false},"excerpt":{"rendered":"<p>Wydzia\u0142 Nauk o&nbsp;\u017bwyno\u015bci i&nbsp;Biotechnologii Historia UP Wydzia\u0142 Nauk o&nbsp;\u017bywno\u015bci i&nbsp;Biotechnologii On 17 June 2005, the Senate of the University of Life Sciences in Lublin adopted a&nbsp;resolution (no. 21\/2005-2006) &#8220;On the establishment of the Faculty of Food Sciences and Biotechnology&#8221; in force on 1 July 2005. The heard of the faculty was dr hab. Barbara Baraniak [&hellip;]<\/p>\n","protected":false},"author":2,"featured_media":0,"parent":140736,"menu_order":0,"comment_status":"closed","ping_status":"closed","template":"elementor_header_footer","meta":{"_monsterinsights_skip_tracking":false,"_monsterinsights_sitenote_active":false,"_monsterinsights_sitenote_note":"","_monsterinsights_sitenote_category":0},"_links":{"self":[{"href":"https:\/\/up.lublin.pl\/foodscience\/en\/wp-json\/wp\/v2\/pages\/140757"}],"collection":[{"href":"https:\/\/up.lublin.pl\/foodscience\/en\/wp-json\/wp\/v2\/pages"}],"about":[{"href":"https:\/\/up.lublin.pl\/foodscience\/en\/wp-json\/wp\/v2\/types\/page"}],"author":[{"embeddable":true,"href":"https:\/\/up.lublin.pl\/foodscience\/en\/wp-json\/wp\/v2\/users\/2"}],"replies":[{"embeddable":true,"href":"https:\/\/up.lublin.pl\/foodscience\/en\/wp-json\/wp\/v2\/comments?post=140757"}],"version-history":[{"count":7,"href":"https:\/\/up.lublin.pl\/foodscience\/en\/wp-json\/wp\/v2\/pages\/140757\/revisions"}],"predecessor-version":[{"id":140764,"href":"https:\/\/up.lublin.pl\/foodscience\/en\/wp-json\/wp\/v2\/pages\/140757\/revisions\/140764"}],"up":[{"embeddable":true,"href":"https:\/\/up.lublin.pl\/foodscience\/en\/wp-json\/wp\/v2\/pages\/140736"}],"wp:attachment":[{"href":"https:\/\/up.lublin.pl\/foodscience\/en\/wp-json\/wp\/v2\/media?parent=140757"}],"curies":[{"name":"wp","href":"https:\/\/api.w.org\/{rel}","templated":true}]}}