{"id":140699,"date":"2021-07-07T13:16:16","date_gmt":"2021-07-07T11:16:16","guid":{"rendered":"https:\/\/up.lublin.pl\/foodscience\/?page_id=140699"},"modified":"2024-12-11T13:40:13","modified_gmt":"2024-12-11T12:40:13","slug":"home","status":"publish","type":"page","link":"https:\/\/up.lublin.pl\/foodscience\/en\/","title":{"rendered":"Home"},"content":{"rendered":"\t\t<div data-elementor-type=\"wp-page\" data-elementor-id=\"140699\" class=\"elementor elementor-140699 elementor-4\" data-elementor-settings=\"[]\">\n\t\t\t\t\t\t<div class=\"elementor-inner\">\n\t\t\t\t\t\t\t<div class=\"elementor-section-wrap\">\n\t\t\t\t\t\t\t<section class=\"elementor-section elementor-top-section elementor-element elementor-element-9693644 elementor-section-boxed elementor-section-height-default elementor-section-height-default\" data-id=\"9693644\" data-element_type=\"section\">\n\t\t\t\t\t\t<div class=\"elementor-container elementor-column-gap-default\">\n\t\t\t\t\t\t\t<div class=\"elementor-row\">\n\t\t\t\t\t<div class=\"elementor-column elementor-col-100 elementor-top-column elementor-element elementor-element-aa5dc14\" data-id=\"aa5dc14\" data-element_type=\"column\">\n\t\t\t<div class=\"elementor-column-wrap elementor-element-populated\">\n\t\t\t\t\t\t\t<div class=\"elementor-widget-wrap\">\n\t\t\t\t\t\t<div class=\"elementor-element elementor-element-92a2966 elementor-widget elementor-widget-m2c\" data-id=\"92a2966\" data-element_type=\"widget\" data-widget_type=\"m2c.default\">\n\t\t\t\t<div class=\"elementor-widget-container\">\n\t\t\t\t<section class=\"mn-m2-a mn-m2-c mn-bg-green\">\n\t\t<div class=\"mn-grid\">\n\t\t\t<div class=\"mn-grid-3 mn-introtext\">\n\t\t\t\t\t\t\t\t\t<p>Faculty of<\/p>\n\t\t\t\t\t\t\t\t\t\t\t\t\t\t<h3>Food Science and Biotechnology<\/h3>\n\t\t\t\t\t                                    <div style=\"margin-top: 50px;\">\n                        <img src=\"http:\/\/nowastrona.up.lublin.pl\/foodscience\/wp-content\/uploads\/sites\/8\/2021\/03\/Group-1669.png\" alt=\"\" \/>\n                    <\/div>\n                    \t\t\t<\/div>\n\t\t\t<div class=\"slider slider-for-m2c mn-grid-9\">\n\t\t\t\t\t\t\t\t\t<div class=\"element\">\n\t\t\t\t\t\t\t\t\t\t\t\t\t<img src=\"https:\/\/up.lublin.pl\/foodscience\/wp-content\/uploads\/sites\/8\/2021\/03\/wno\u017cib1.jpg\" alt=\"\">\n\t\t\t\t\t\t\t\t\t\t\t\t<\/div>\n\t\t\t\t\t\t\t\t\t\t<div class=\"element\">\n\t\t\t\t\t\t\t\t\t\t\t\t\t<img src=\"https:\/\/up.lublin.pl\/foodscience\/wp-content\/uploads\/sites\/8\/2021\/03\/wno\u017cib2.jpg\" alt=\"\">\n\t\t\t\t\t\t\t\t\t\t\t\t<\/div>\n\t\t\t\t\t\t\t\t\t\t<div class=\"element\">\n\t\t\t\t\t\t\t\t\t\t\t\t\t<img src=\"https:\/\/up.lublin.pl\/foodscience\/wp-content\/uploads\/sites\/8\/2021\/03\/wno\u017cib3.jpg\" alt=\"\">\n\t\t\t\t\t\t\t\t\t\t\t\t<\/div>\n\t\t\t\t\t\t\t\t\t\t<div class=\"element\">\n\t\t\t\t\t\t\t\t\t\t\t\t\t<img src=\"https:\/\/up.lublin.pl\/foodscience\/wp-content\/uploads\/sites\/8\/2021\/03\/wno\u017cib4.jpg\" alt=\"\">\n\t\t\t\t\t\t\t\t\t\t\t\t<\/div>\n\t\t\t\t\t\t\t\t<\/div>\n\t\t<\/div>\n\t\t\t\t<div class=\"mn-grid\">\n\t\t\t<div class=\"mn-content mn-grid-12\">\n\t\t\t\t<div class=\"slider slider-nav-m2c\">\n\t\t\t\t\t\t\t\t\t\t\t<div class=\"element\">\n\t\t\t\t\t\t\t<p class=\"mn-slide-nmb\">01<\/p>\n\t\t\t\t\t\t\t<div class=\"mn-slide-progress\"><\/div>\n\t\t\t\t\t\t\t\t\t\t\t\t\t<\/div>\n\t\t\t\t\t\t\t\t\t\t\t\t<div class=\"element\">\n\t\t\t\t\t\t\t<p class=\"mn-slide-nmb\">02<\/p>\n\t\t\t\t\t\t\t<div class=\"mn-slide-progress\"><\/div>\n\t\t\t\t\t\t\t\t\t\t\t\t\t<\/div>\n\t\t\t\t\t\t\t\t\t\t\t\t<div class=\"element\">\n\t\t\t\t\t\t\t<p class=\"mn-slide-nmb\">03<\/p>\n\t\t\t\t\t\t\t<div class=\"mn-slide-progress\"><\/div>\n\t\t\t\t\t\t\t\t\t\t\t\t\t<\/div>\n\t\t\t\t\t\t\t\t\t\t\t\t<div class=\"element\">\n\t\t\t\t\t\t\t<p class=\"mn-slide-nmb\">04<\/p>\n\t\t\t\t\t\t\t<div class=\"mn-slide-progress\"><\/div>\n\t\t\t\t\t\t\t\t\t\t\t\t\t<\/div>\n\t\t\t\t\t\t\t\t\t\t<\/div>\n\t\t\t<\/div>\n\t\t<\/div>\n\t<\/section>\n\t\t\t\t<\/div>\n\t\t\t\t<\/div>\n\t\t\t\t\t\t<\/div>\n\t\t\t\t\t<\/div>\n\t\t<\/div>\n\t\t\t\t\t\t\t\t<\/div>\n\t\t\t\t\t<\/div>\n\t\t<\/section>\n\t\t\t\t<section class=\"elementor-section elementor-top-section elementor-element elementor-element-513b311 elementor-section-boxed elementor-section-height-default elementor-section-height-default\" data-id=\"513b311\" data-element_type=\"section\">\n\t\t\t\t\t\t<div class=\"elementor-container elementor-column-gap-default\">\n\t\t\t\t\t\t\t<div class=\"elementor-row\">\n\t\t\t\t\t<div class=\"elementor-column elementor-col-100 elementor-top-column elementor-element elementor-element-db504c6\" data-id=\"db504c6\" data-element_type=\"column\">\n\t\t\t<div class=\"elementor-column-wrap elementor-element-populated\">\n\t\t\t\t\t\t\t<div class=\"elementor-widget-wrap\">\n\t\t\t\t\t\t<div class=\"elementor-element elementor-element-02ea686 elementor-widget elementor-widget-m4a\" data-id=\"02ea686\" data-element_type=\"widget\" data-widget_type=\"m4a.default\">\n\t\t\t\t<div class=\"elementor-widget-container\">\n\t\t\t\t<section class=\"mn-m4_b mn-bg-green\">\n\t\t\t\t<div class=\"mn-grid\">\n\t\t\t\t\t\t\t<div class=\"mn-grid-3 mn-kat-m4-container\">\n\t\t\t\t\t\t\t\t\t\t\t\t\t\t\t\t<h3>About Faculty<\/h3>\n\t\t\t\t\t\t\t\t\t\t\t\t\t\t\t\t\t\t\t\t\t\t<a href=\"https:\/\/up.lublin.pl\/foodscience\/en\/about-faculty\/\" class=\"mn-more\">Read more<\/a>\n\t\t\t\t\t\t\t\t\t\t<\/div>\n\t\t\t\t\t\t\t\t<div class=\"mn-grid-3 mn-kat-m4-container\">\n\t\t\t\t\t\t\t\t\t\t\t\t\t\t\t\t<h3>Didactic units<\/h3>\n\t\t\t\t\t\t\t\t\t\t\t\t\t\t\t\t\t\t\t\t\t\t<a href=\"https:\/\/up.lublin.pl\/foodscience\/en\/about-faculty\/didactic-units\/\" class=\"mn-more\">Read more<\/a>\n\t\t\t\t\t\t\t\t\t\t<\/div>\n\t\t\t\t\t\t\t\t<div class=\"mn-grid-3 mn-kat-m4-container\">\n\t\t\t\t\t\t\t\t\t\t\t\t\t\t\t\t<h3>Didactic activity<\/h3>\n\t\t\t\t\t\t\t\t\t\t\t\t\t\t\t\t\t\t\t\t\t\t<a href=\"https:\/\/up.lublin.pl\/foodscience\/en\/didactic-activity\/\" class=\"mn-more\">Read more<\/a>\n\t\t\t\t\t\t\t\t\t\t<\/div>\n\t\t\t\t\t\t\t\t<div class=\"mn-grid-3 mn-kat-m4-container\">\n\t\t\t\t\t\t\t\t\t\t\t\t\t\t\t\t<h3>Direction of research<\/h3>\n\t\t\t\t\t\t\t\t\t\t\t\t\t\t\t\t\t\t\t\t\t\t<a href=\"https:\/\/up.lublin.pl\/foodscience\/en\/direction-of-research\/\" class=\"mn-more\">Read more<\/a>\n\t\t\t\t\t\t\t\t\t\t<\/div>\n\t\t\t\t\t\t<\/div>\n\t<\/section>\n\t\t\t<\/div>\n\t\t\t\t<\/div>\n\t\t\t\t\t\t<\/div>\n\t\t\t\t\t<\/div>\n\t\t<\/div>\n\t\t\t\t\t\t\t\t<\/div>\n\t\t\t\t\t<\/div>\n\t\t<\/section>\n\t\t\t\t\t\t<\/div>\n\t\t\t\t\t\t<\/div>\n\t\t\t\t\t<\/div>\n\t\t","protected":false},"excerpt":{"rendered":"<p>Faculty of Food Science and Biotechnology UP Wydzia\u0142 Nauk o&nbsp;\u017bywno\u015bci i&nbsp;Biotechnologii 01 02 03 04 About Faculty Zobacz wi\u0119cej Didactic units Zobacz wi\u0119cej Didactic activity Zobacz wi\u0119cej Direction of research Zobacz wi\u0119cej<\/p>\n","protected":false},"author":2,"featured_media":0,"parent":0,"menu_order":0,"comment_status":"closed","ping_status":"closed","template":"","meta":{"_monsterinsights_skip_tracking":false,"_monsterinsights_sitenote_active":false,"_monsterinsights_sitenote_note":"","_monsterinsights_sitenote_category":0},"_links":{"self":[{"href":"https:\/\/up.lublin.pl\/foodscience\/en\/wp-json\/wp\/v2\/pages\/140699"}],"collection":[{"href":"https:\/\/up.lublin.pl\/foodscience\/en\/wp-json\/wp\/v2\/pages"}],"about":[{"href":"https:\/\/up.lublin.pl\/foodscience\/en\/wp-json\/wp\/v2\/types\/page"}],"author":[{"embeddable":true,"href":"https:\/\/up.lublin.pl\/foodscience\/en\/wp-json\/wp\/v2\/users\/2"}],"replies":[{"embeddable":true,"href":"https:\/\/up.lublin.pl\/foodscience\/en\/wp-json\/wp\/v2\/comments?post=140699"}],"version-history":[{"count":25,"href":"https:\/\/up.lublin.pl\/foodscience\/en\/wp-json\/wp\/v2\/pages\/140699\/revisions"}],"predecessor-version":[{"id":152091,"href":"https:\/\/up.lublin.pl\/foodscience\/en\/wp-json\/wp\/v2\/pages\/140699\/revisions\/152091"}],"wp:attachment":[{"href":"https:\/\/up.lublin.pl\/foodscience\/en\/wp-json\/wp\/v2\/media?parent=140699"}],"curies":[{"name":"wp","href":"https:\/\/api.w.org\/{rel}","templated":true}]}}