{"id":97359,"date":"2020-11-02T08:27:43","date_gmt":"2020-11-02T07:27:43","guid":{"rendered":"https:\/\/up.lublin.pl\/?page_id=97359"},"modified":"2022-08-24T12:47:39","modified_gmt":"2022-08-24T10:47:39","slug":"staff-enterprises","status":"publish","type":"page","link":"https:\/\/up.lublin.pl\/en\/student\/erasmus\/erasmus-staff\/staff-enterprises\/","title":{"rendered":"staff enterprises"},"content":{"rendered":"\t\t<div data-elementor-type=\"wp-page\" data-elementor-id=\"97359\" class=\"elementor elementor-97359\" data-elementor-settings=\"[]\">\n\t\t\t\t\t\t<div class=\"elementor-inner\">\n\t\t\t\t\t\t\t<div class=\"elementor-section-wrap\">\n\t\t\t\t\t\t\t<section class=\"elementor-section elementor-top-section elementor-element elementor-element-8233c6b elementor-section-boxed elementor-section-height-default elementor-section-height-default\" data-id=\"8233c6b\" data-element_type=\"section\">\n\t\t\t\t\t\t<div class=\"elementor-container elementor-column-gap-default\">\n\t\t\t\t\t\t\t<div class=\"elementor-row\">\n\t\t\t\t\t<div class=\"elementor-column elementor-col-100 elementor-top-column elementor-element elementor-element-f82bcd1\" data-id=\"f82bcd1\" data-element_type=\"column\">\n\t\t\t<div class=\"elementor-column-wrap elementor-element-populated\">\n\t\t\t\t\t\t\t<div class=\"elementor-widget-wrap\">\n\t\t\t\t\t\t<div class=\"elementor-element elementor-element-3c02408 elementor-widget elementor-widget-m2d\" data-id=\"3c02408\" data-element_type=\"widget\" data-widget_type=\"m2d.default\">\n\t\t\t\t<div class=\"elementor-widget-container\">\n\t\t\t<section class=\"mn-m2-d mn-bg-green\">\r\n\t<div class=\"mn-grid\">\r\n\t\t<div class=\"mn-grid-3 mn-introtext\">\r\n\t\t\t\t\t\t\t<h3>\r\n\t\t\t\t\tERASMUS+\t\t\t\t<\/h3>\r\n\t\t\t\t\t\t<\/div>\r\n\t\t\t            <div class=\"mn-grid-9 mn-image-container\">\r\n\t\t\t\t<img src=\"https:\/\/up.lublin.pl\/wp-content\/uploads\/2020\/10\/erasmus-banner-transo-1.png\" alt=\"\">\r\n            <\/div>\r\n\t\t\t\t        \r\n\r\n\t<\/div>\r\n\t<\/section>\r\n\t\t<\/div>\n\t\t\t\t<\/div>\n\t\t\t\t\t\t<\/div>\n\t\t\t\t\t<\/div>\n\t\t<\/div>\n\t\t\t\t\t\t\t\t<\/div>\n\t\t\t\t\t<\/div>\n\t\t<\/section>\n\t\t\t\t<section class=\"elementor-section elementor-top-section elementor-element elementor-element-ae6590a elementor-section-boxed elementor-section-height-default elementor-section-height-default\" data-id=\"ae6590a\" data-element_type=\"section\">\n\t\t\t\t\t\t<div class=\"elementor-container elementor-column-gap-default\">\n\t\t\t\t\t\t\t<div class=\"elementor-row\">\n\t\t\t\t\t<div class=\"elementor-column elementor-col-100 elementor-top-column elementor-element elementor-element-7477bef\" data-id=\"7477bef\" data-element_type=\"column\">\n\t\t\t<div class=\"elementor-column-wrap elementor-element-populated\">\n\t\t\t\t\t\t\t<div class=\"elementor-widget-wrap\">\n\t\t\t\t\t\t<div class=\"elementor-element elementor-element-6d66389 elementor-widget elementor-widget-m5c\" data-id=\"6d66389\" data-element_type=\"widget\" data-widget_type=\"m5c.default\">\n\t\t\t\t<div class=\"elementor-widget-container\">\n\t\t\t<section class=\"mn-m5-c mn-bg-white\">\n\t<div class=\"mn-grid\">\n\t\t            <div class=\"mn-menu-container mn-grid-3\">\n                <ul class=\"mn-bg-yellow\">\n\t                                        <li>\n                            <a href=\"#\" class=\"active\" data-hash=\"#\">\n                                Staff Mobility for Teaching (STA)                            <\/a>\n                        <\/li>\n                                                <li>\n                            <a href=\"#\" class=\"\" data-hash=\"#\">\n                                Practical information                            <\/a>\n                        <\/li>\n                                                <li>\n                            <a href=\"#\" class=\"\" data-hash=\"#\">\n                                The Office for Students and Staff with Special Needs                            <\/a>\n                        <\/li>\n                                                <li>\n                            <a href=\"#\" class=\"\" data-hash=\"#\">\n                                ULSL guide                            <\/a>\n                        <\/li>\n                                        <\/ul>\n            <\/div>\n\t        \t\t<div class=\"mn-content mn-grid-8\">\n\t\t\t                <div class=\"mn-content-block active\">\n\t                                                        <div class=\"block-text\">\n\t                                        <p><strong>University of Life Sciences in Lublin (ULSL) gives foreign enterprise staff an opportunity to undergo staff mobility within Erasmus+ Programme:<\/strong><\/p>\n<p>Staff Mobility for Teaching (STA) for enterprise staff with the purpose to conduct at least 8 hours of didactic classes for students of ULSL. Before arrival at ULSL and starting a&nbsp;teaching mobility, the Mobility Agreement (a teaching programme) should be agreed by three parties: Partner University, ULSL and an academic teacher.\u00a0<\/p>\n<p>Staff mobility has to be realized in a&nbsp;subject area or an academic discipline in the interest of both universities and previously agreed with the contact person at ULSL.<\/p>\n<p>If you are not sure who your partner teacher or contact person might be, please email Intermational Exchange Office at maria.moroniak@up.lublin.pl.<\/p>\n<p><strong>The documents to be filled in: <\/strong><\/p>\n<ol>\n<li>Mobility agreement<\/li>\n<li>Application form<\/li>\n<li>COVID-19 participant&#8217;s declaration<\/li>\n<li>Erasmus Info Sheet<\/li>\n<li>Language skills statement<\/li>\n<\/ol>\n<p>After consulting the contact teacher\/person at ULSL both forms need to be sent to: maria.moroniak@up.lublin.pl<\/p>\n<p>\u00a0<\/p>\n<p><strong>Clearance documents:<\/strong><\/p>\n<ol>\n<li>Confirmation of stay<\/li>\n<li>Mobility report<\/li>\n<li>EU survery (an individual link to be sent to e-mail after a&nbsp;mobility)<\/li>\n<\/ol>\n                                        <\/div>\n\t\t\t\t\t\t                                                        <div class=\"mn-cards-list\">\n                                            <div class=\"mn-card-container\">\n                                                <div>\n                                                    <img src=\"https:\/\/up.lublin.pl\/wp-content\/themes\/up-lublin\/assets\/images\/doc-ico.svg\" alt=\"\" \/>\n                                                    <h5>Mobility agreement<\/h5>\n                                                <\/div>\n                                                <a href=\"https:\/\/up.lublin.pl\/wp-content\/uploads\/2021\/05\/STAFF-MOBILITY-FOR-TEACHING-ASSIGNMENTS-pracownik-przedsiebiosrtwa.docx\" class=\"mn-more\" target=\"_blank\">Read more<\/a>\n                                            <\/div>\n                                        <\/div>\n\t\t\t\t\t\t                                                        <div class=\"mn-cards-list\">\n                                            <div class=\"mn-card-container\">\n                                                <div>\n                                                    <img src=\"https:\/\/up.lublin.pl\/wp-content\/themes\/up-lublin\/assets\/images\/doc-ico.svg\" alt=\"\" \/>\n                                                    <h5>Application form <\/h5>\n                                                <\/div>\n                                                <a href=\"https:\/\/up.lublin.pl\/wp-content\/uploads\/2021\/05\/APPLICATION-FORM-lepsza-2.docx\" class=\"mn-more\" target=\"_blank\">Read more<\/a>\n                                            <\/div>\n                                        <\/div>\n\t\t\t\t\t\t                                                        <div class=\"mn-cards-list\">\n                                            <div class=\"mn-card-container\">\n                                                <div>\n                                                    <img src=\"https:\/\/up.lublin.pl\/wp-content\/themes\/up-lublin\/assets\/images\/doc-ico.svg\" alt=\"\" \/>\n                                                    <h5>covid-19 participant's declaration<\/h5>\n                                                <\/div>\n                                                <a href=\"https:\/\/up.lublin.pl\/wp-content\/uploads\/2021\/05\/covid-19_participants_declaration-3-1.doc\" class=\"mn-more\" target=\"_blank\">Read more<\/a>\n                                            <\/div>\n                                        <\/div>\n\t\t\t\t\t\t                                                        <div class=\"mn-cards-list\">\n                                            <div class=\"mn-card-container\">\n                                                <div>\n                                                    <img src=\"https:\/\/up.lublin.pl\/wp-content\/themes\/up-lublin\/assets\/images\/doc-ico.svg\" alt=\"\" \/>\n                                                    <h5>info sheet<\/h5>\n                                                <\/div>\n                                                <a href=\"https:\/\/up.lublin.pl\/wp-content\/uploads\/2021\/04\/sta-in-info-sheet-1.doc\" class=\"mn-more\" target=\"_blank\">Read more<\/a>\n                                            <\/div>\n                                        <\/div>\n\t\t\t\t\t\t                                                        <div class=\"mn-cards-list\">\n                                            <div class=\"mn-card-container\">\n                                                <div>\n                                                    <img src=\"https:\/\/up.lublin.pl\/wp-content\/themes\/up-lublin\/assets\/images\/doc-ico.svg\" alt=\"\" \/>\n                                                    <h5>language skills statement<\/h5>\n                                                <\/div>\n                                                <a href=\"https:\/\/up.lublin.pl\/wp-content\/uploads\/2021\/05\/fOREING-LANGUAGE-COMPETENCE-STATEMENT-PRACOWNIK-RZEDSEBIORSTWA.docx\" class=\"mn-more\" target=\"_blank\">Read more<\/a>\n                                            <\/div>\n                                        <\/div>\n\t\t\t\t\t\t                                                        <div class=\"mn-cards-list\">\n                                            <div class=\"mn-card-container\">\n                                                <div>\n                                                    <img src=\"https:\/\/up.lublin.pl\/wp-content\/themes\/up-lublin\/assets\/images\/doc-ico.svg\" alt=\"\" \/>\n                                                    <h5>confirmation of stay<\/h5>\n                                                <\/div>\n                                                <a href=\"https:\/\/up.lublin.pl\/wp-content\/uploads\/2021\/05\/Confirmation-pracownik-przedsiebiorstwa-1.docx\" class=\"mn-more\" target=\"_blank\">Read more<\/a>\n                                            <\/div>\n                                        <\/div>\n\t\t\t\t\t\t                                                        <div class=\"mn-cards-list\">\n                                            <div class=\"mn-card-container\">\n                                                <div>\n                                                    <img src=\"https:\/\/up.lublin.pl\/wp-content\/themes\/up-lublin\/assets\/images\/doc-ico.svg\" alt=\"\" \/>\n                                                    <h5>mobility report<\/h5>\n                                                <\/div>\n                                                <a href=\"https:\/\/up.lublin.pl\/wp-content\/uploads\/2021\/05\/mobility_report_sta_2020-21.doc\" class=\"mn-more\" target=\"_blank\">Read more<\/a>\n                                            <\/div>\n                                        <\/div>\n\t\t\t\t\t\t                                <\/div>\n\t\t\t\t                <div class=\"mn-content-block\">\n\t                                                        <div class=\"block-text\">\n\t                                        <p><strong>TRANSPORTATION <\/strong><\/p>\n<p>Lublin is the largest city in the eastern Poland. You can get there by making one of the nearby airports your plane destination:<\/p>\n<ol>\n<li><a href=\"https:\/\/www.airport.lublin.pl\/en\/\">Lublin Airport (LUZ) <\/a><\/li>\n<li><a href=\"https:\/\/www.lotnisko-chopina.pl\/en\/index.html\">Warsaw Chopin Airport<\/a>: WAW &#8211; also known locally as Ok\u0119cie 170 km to Lublin<\/li>\n<li><a href=\"https:\/\/en.modlinairport.pl\/\">Warsaw\u2013Modlin Mazovia Airport<\/a> &#8211; WMI<\/li>\n<li><a href=\"https:\/\/www.rzeszowairport.pl\/en\">Rzesz\u00f3w Airport (RZE)<\/a><\/li>\n<\/ol>\n<p>\u00a0<\/p>\n<p>The closest one: Lublin Airport is located in eastern part of the Lublin agglomeration, in the suburbs of \u015awidnik, close to the S12 expressway. There is a&nbsp;direct train line running from Lublin&#8217;s main railway station to the airport. One-way ticket from Lublin Airport to Lublin Central Railway Station costs 5.30 PLN and it can be purchased directly from the train conductor. <br \/>You may also choose a&nbsp;direct bus from Lublin Airport to Lublin or call a&nbsp;taxi &#8211; it takes 15 minutes to get to the city center by car.<\/p>\n<p>You can travel from Warsaw (Warszawa Chopin Airport) to Lublin by train http:\/\/rozklad-pkp.pl\/en To look for connections from Warsaw Chopin Airport to Lublin, type in from: Warszawa Lotnisko Chopina, to: Lublin (Lublin G\u0142\u00f3wny). There is a&nbsp;change at Central Railway Station in Warsaw (Warszawa Centralna).<\/p>\n<p>Major domestic and international bus lines, including FlixBus, Contbus, Eurolines, and Ecolines have connections to Lublin. The main bus terminal (Dworzec Autobusowy G\u0142\u00f3wny) is located in the northern part of the old town in Tysi\u0105clecia Ave., next to the Lublin Castle. There are direct buses from Warsaw Chopin Airport (170 km &#8211; 2,5h) and Warsaw-Modlin Airport (210 km &#8211; 3h) to Lublin. The service is delivered by Contbus. Warsaw Chopin Airport \u2013 buses depart from the bus terminal at the airport, bus bay no 6 located 200 m&nbsp;from the terminal (go to the right after leaving the terminal) Warsaw Modlin Airport \u2013 the bus stop is located right next to the airport terminal timetables: http:\/\/www.contbus.pl\/rozklad-jazdy\/<\/p>\n<p><strong>Local transport <\/strong><\/p>\n<p>Lublin has got a&nbsp;good network of buses and trolleybuses, which connects the city centre with all other parts of it. Tickets can be purchased at newsagent&#8217;s (\u201ckiosk\u201d), ticket machines or directly from a&nbsp;bus driver. Tickets must be validated as soon as you get on a&nbsp;bus or a&nbsp;trolleybus. The single ticket costs PLN 3.20 (at newsagent&#8217;s and ticket machines) or PLN 4.00 when you buy it from the driver. You may use this website: http:\/\/lublin.jakdojade.pl\/?locale=en or http:\/\/mpk.lublin.pl\/en\/ to check the timetable and plan your travel.<\/p>\n<p><strong>TAXIS in Lublin <\/strong><\/p>\n<p>You can pick up a&nbsp;taxi either from a&nbsp;taxi rank or by calling a&nbsp;taxi service <br \/>(e.g. (+48)81 444 44 44, 81 511 11 11, 81 524 00 00, 81 744 16 66, 81 744 22 22). <br \/>20-30 PLN within the city<\/p>\n<p>UBER and BOLT are also available in Lublin<\/p>\n<p><strong>Find us on <a href=\"https:\/\/www.google.com\/maps\/place\/Uniwersytet+Przyrodniczy+w+Lublinie\/@51.2437365,22.5380222,17z\/data=!4m13!1m7!3m6!1s0x4722576328b8a5f3:0x7ff368fcd7b6ed74!2sAkademicka+13,+20-400+Lublin!3b1!8m2!3d51.2437332!4d22.5402109!3m4!1s0x4722576328b8a5f3:0x462a27d10db12d2!8m2!3d51.2437332!4d22.5402109\">google maps <\/a><\/strong><\/p>\n                                        <\/div>\n\t\t\t\t\t\t                                <\/div>\n\t\t\t\t                <div class=\"mn-content-block\">\n\t                                                        <div class=\"block-text\">\n\t                                        <p><strong>The Office for Students and Staff with Special Needs<\/strong>\u00a0at University of Life Sciences in Lublin offers counselling and necessary assistance for people with disabilities and chronic diseases. It ensures that infrastructure facilities fully fit their needs and makes an effort to provide them with equal access to education. All students and staff are treated individually and with full discretion.<\/p>\n<p><strong>The Office offers:<\/strong><\/p>\n<ul>\n<li>personal assistant\u2019s help<\/li>\n<li>psychological assistance<\/li>\n<li>equipment rental<\/li>\n<li>infrastructure facilities<\/li>\n<li>foreign language courses<\/li>\n<li>students sports pass<\/li>\n<li>workshops and trainings<\/li>\n<\/ul>\n<p>\u00a0<\/p>\n<p><strong>For more information contact:<\/strong><\/p>\n<p>mgr in\u017c. Magdalena \u0141ukasik<br \/>Tel. (81) 445 65 40, kom. 668 342 221<br \/>e-mail: magdalena.lukasik@up.lublin.pl<br \/>or visit https:\/\/www.up.lublin.pl\/niepelnosprawni\/<\/p>\n                                        <\/div>\n\t\t\t\t\t\t                                <\/div>\n\t\t\t\t                <div class=\"mn-content-block\">\n\t                                                        <div class=\"block-text\">\n\t                                        <p><a href=\"https:\/\/up.lublin.pl\/wp-content\/uploads\/2022\/08\/welcome-guide-ulsl.pdf\">USLS GUIDE<\/a><\/p>\n                                        <\/div>\n\t\t\t\t\t\t                                <\/div>\n\t\t\t\t\t\t<\/div>\n\t<\/div>\n<\/section>\n\t\t<\/div>\n\t\t\t\t<\/div>\n\t\t\t\t\t\t<\/div>\n\t\t\t\t\t<\/div>\n\t\t<\/div>\n\t\t\t\t\t\t\t\t<\/div>\n\t\t\t\t\t<\/div>\n\t\t<\/section>\n\t\t\t\t\t\t<\/div>\n\t\t\t\t\t\t<\/div>\n\t\t\t\t\t<\/div>\n\t\t","protected":false},"excerpt":{"rendered":"<p>ERASMUS+ UP Staff Mobility for Teaching (STA) Practical information The Office for Students and Staff with Special Needs ULSL guide University of Life Sciences in Lublin (ULSL) gives foreign enterprise staff an opportunity to undergo staff mobility within Erasmus+ Programme: Staff Mobility for Teaching (STA) for enterprise staff with the purpose to conduct at least [&hellip;]<\/p>\n","protected":false},"author":57,"featured_media":0,"parent":97287,"menu_order":0,"comment_status":"closed","ping_status":"closed","template":"","meta":{"_monsterinsights_skip_tracking":false,"_monsterinsights_sitenote_active":false,"_monsterinsights_sitenote_note":"","_monsterinsights_sitenote_category":0},"_links":{"self":[{"href":"https:\/\/up.lublin.pl\/en\/wp-json\/wp\/v2\/pages\/97359"}],"collection":[{"href":"https:\/\/up.lublin.pl\/en\/wp-json\/wp\/v2\/pages"}],"about":[{"href":"https:\/\/up.lublin.pl\/en\/wp-json\/wp\/v2\/types\/page"}],"author":[{"embeddable":true,"href":"https:\/\/up.lublin.pl\/en\/wp-json\/wp\/v2\/users\/57"}],"replies":[{"embeddable":true,"href":"https:\/\/up.lublin.pl\/en\/wp-json\/wp\/v2\/comments?post=97359"}],"version-history":[{"count":51,"href":"https:\/\/up.lublin.pl\/en\/wp-json\/wp\/v2\/pages\/97359\/revisions"}],"predecessor-version":[{"id":285329,"href":"https:\/\/up.lublin.pl\/en\/wp-json\/wp\/v2\/pages\/97359\/revisions\/285329"}],"up":[{"embeddable":true,"href":"https:\/\/up.lublin.pl\/en\/wp-json\/wp\/v2\/pages\/97287"}],"wp:attachment":[{"href":"https:\/\/up.lublin.pl\/en\/wp-json\/wp\/v2\/media?parent=97359"}],"curies":[{"name":"wp","href":"https:\/\/api.w.org\/{rel}","templated":true}]}}