{"id":97287,"date":"2020-10-30T11:49:52","date_gmt":"2020-10-30T10:49:52","guid":{"rendered":"https:\/\/up.lublin.pl\/?page_id=97287"},"modified":"2026-02-02T08:50:14","modified_gmt":"2026-02-02T07:50:14","slug":"erasmus-staff","status":"publish","type":"page","link":"https:\/\/up.lublin.pl\/en\/student\/erasmus\/erasmus-staff\/","title":{"rendered":"erasmus staff"},"content":{"rendered":"\t\t<div data-elementor-type=\"wp-page\" data-elementor-id=\"97287\" class=\"elementor elementor-97287\" data-elementor-settings=\"[]\">\n\t\t\t\t\t\t<div class=\"elementor-inner\">\n\t\t\t\t\t\t\t<div class=\"elementor-section-wrap\">\n\t\t\t\t\t\t\t<section class=\"elementor-section elementor-top-section elementor-element elementor-element-3be58cf elementor-section-boxed elementor-section-height-default elementor-section-height-default\" data-id=\"3be58cf\" data-element_type=\"section\">\n\t\t\t\t\t\t<div class=\"elementor-container elementor-column-gap-default\">\n\t\t\t\t\t\t\t<div class=\"elementor-row\">\n\t\t\t\t\t<div class=\"elementor-column elementor-col-100 elementor-top-column elementor-element elementor-element-4a31a5a\" data-id=\"4a31a5a\" data-element_type=\"column\">\n\t\t\t<div class=\"elementor-column-wrap elementor-element-populated\">\n\t\t\t\t\t\t\t<div class=\"elementor-widget-wrap\">\n\t\t\t\t\t\t<div class=\"elementor-element elementor-element-a63b33a elementor-widget elementor-widget-m2d\" data-id=\"a63b33a\" data-element_type=\"widget\" data-widget_type=\"m2d.default\">\n\t\t\t\t<div class=\"elementor-widget-container\">\n\t\t\t<section class=\"mn-m2-d mn-bg-green\">\r\n\t<div class=\"mn-grid\">\r\n\t\t<div class=\"mn-grid-3 mn-introtext\">\r\n\t\t\t\t\t\t\t<h3>\r\n\t\t\t\t\tERASMUS+\t\t\t\t<\/h3>\r\n\t\t\t\t\t\t<\/div>\r\n\t\t\t            <div class=\"mn-grid-9 mn-image-container\">\r\n\t\t\t\t<img src=\"https:\/\/up.lublin.pl\/wp-content\/uploads\/2020\/11\/bannerpracownik.png\" alt=\"\">\r\n            <\/div>\r\n\t\t\t\t        \r\n\r\n\t<\/div>\r\n\t<\/section>\r\n\t\t<\/div>\n\t\t\t\t<\/div>\n\t\t\t\t\t\t<\/div>\n\t\t\t\t\t<\/div>\n\t\t<\/div>\n\t\t\t\t\t\t\t\t<\/div>\n\t\t\t\t\t<\/div>\n\t\t<\/section>\n\t\t\t\t<section class=\"elementor-section elementor-top-section elementor-element elementor-element-f979e2b elementor-section-boxed elementor-section-height-default elementor-section-height-default\" data-id=\"f979e2b\" data-element_type=\"section\">\n\t\t\t\t\t\t<div class=\"elementor-container elementor-column-gap-default\">\n\t\t\t\t\t\t\t<div class=\"elementor-row\">\n\t\t\t\t\t<div class=\"elementor-column elementor-col-100 elementor-top-column elementor-element elementor-element-f536a01\" data-id=\"f536a01\" data-element_type=\"column\">\n\t\t\t<div class=\"elementor-column-wrap elementor-element-populated\">\n\t\t\t\t\t\t\t<div class=\"elementor-widget-wrap\">\n\t\t\t\t\t\t<div class=\"elementor-element elementor-element-0aa3280 elementor-widget elementor-widget-m4a\" data-id=\"0aa3280\" data-element_type=\"widget\" data-widget_type=\"m4a.default\">\n\t\t\t\t<div class=\"elementor-widget-container\">\n\t\t\t\t<section class=\"mn-m4_b mn-bg-green\">\n\t\t\t\t<div class=\"mn-grid\">\n\t\t\t\t\t\t\t<div class=\"mn-grid-4 mn-kat-m4-container\">\n\t\t\t\t\t\t\t\t\t\t\t\t\t\t\t\t<h3>Incoming Staff  from Programme Countries<\/h3>\n\t\t\t\t\t\t\t\t\t\t\t\t\t\t\t\t\t\t\t\t\t\t<a href=\"https:\/\/up.lublin.pl\/en\/student\/erasmus\/erasmus-staff\/erasmus-staff-programme\/\" class=\"mn-more\">Read more<\/a>\n\t\t\t\t\t\t\t\t\t\t<\/div>\n\t\t\t\t\t\t\t\t<div class=\"mn-grid-4 mn-kat-m4-container\">\n\t\t\t\t\t\t\t\t\t\t\t\t\t\t\t\t<h3>Incoming Staff from Partner Countries (nonEU)<\/h3>\n\t\t\t\t\t\t\t\t\t\t\t\t\t\t\t\t\t\t\t\t\t\t<a href=\"https:\/\/up.lublin.pl\/en\/student\/erasmus\/erasmus-staff\/erasmus-staff-partner\/\" class=\"mn-more\">Read more<\/a>\n\t\t\t\t\t\t\t\t\t\t<\/div>\n\t\t\t\t\t\t\t\t<div class=\"mn-grid-4 mn-kat-m4-container\">\n\t\t\t\t\t\t\t\t\t\t\t\t\t\t\t\t<h3> Incoming Staff from enterprises<\/h3>\n\t\t\t\t\t\t\t\t\t\t\t\t\t\t\t\t\t\t\t\t\t\t<a href=\"https:\/\/up.lublin.pl\/en\/student\/erasmus\/erasmus-staff\/staff-enterprises\/\" class=\"mn-more\">Read more<\/a>\n\t\t\t\t\t\t\t\t\t\t<\/div>\n\t\t\t\t\t\t<\/div>\n\t<\/section>\n\t\t\t<\/div>\n\t\t\t\t<\/div>\n\t\t\t\t\t\t<\/div>\n\t\t\t\t\t<\/div>\n\t\t<\/div>\n\t\t\t\t\t\t\t\t<\/div>\n\t\t\t\t\t<\/div>\n\t\t<\/section>\n\t\t\t\t\t\t<\/div>\n\t\t\t\t\t\t<\/div>\n\t\t\t\t\t<\/div>\n\t\t","protected":false},"excerpt":{"rendered":"<p>ERASMUS+ UP Incoming Staff from Programme Countries Zobacz wi\u0119cej Incoming Staff from Partner Countries (nonEU) Zobacz wi\u0119cej Incoming Staff from enterprises Zobacz wi\u0119cej<\/p>\n","protected":false},"author":57,"featured_media":0,"parent":99372,"menu_order":0,"comment_status":"closed","ping_status":"closed","template":"","meta":{"_monsterinsights_skip_tracking":false,"_monsterinsights_sitenote_active":false,"_monsterinsights_sitenote_note":"","_monsterinsights_sitenote_category":0},"_links":{"self":[{"href":"https:\/\/up.lublin.pl\/en\/wp-json\/wp\/v2\/pages\/97287"}],"collection":[{"href":"https:\/\/up.lublin.pl\/en\/wp-json\/wp\/v2\/pages"}],"about":[{"href":"https:\/\/up.lublin.pl\/en\/wp-json\/wp\/v2\/types\/page"}],"author":[{"embeddable":true,"href":"https:\/\/up.lublin.pl\/en\/wp-json\/wp\/v2\/users\/57"}],"replies":[{"embeddable":true,"href":"https:\/\/up.lublin.pl\/en\/wp-json\/wp\/v2\/comments?post=97287"}],"version-history":[{"count":28,"href":"https:\/\/up.lublin.pl\/en\/wp-json\/wp\/v2\/pages\/97287\/revisions"}],"predecessor-version":[{"id":522529,"href":"https:\/\/up.lublin.pl\/en\/wp-json\/wp\/v2\/pages\/97287\/revisions\/522529"}],"up":[{"embeddable":true,"href":"https:\/\/up.lublin.pl\/en\/wp-json\/wp\/v2\/pages\/99372"}],"wp:attachment":[{"href":"https:\/\/up.lublin.pl\/en\/wp-json\/wp\/v2\/media?parent=97287"}],"curies":[{"name":"wp","href":"https:\/\/api.w.org\/{rel}","templated":true}]}}